{"id":19885,"date":"2024-08-30T10:09:47","date_gmt":"2024-08-30T10:09:47","guid":{"rendered":"https:\/\/elevatesurf.ch\/product\/restube-beach-marine-blue\/"},"modified":"2026-01-10T08:41:20","modified_gmt":"2026-01-10T08:41:20","slug":"restube-beach-marine-blue","status":"publish","type":"product","link":"https:\/\/elevatesurf.ch\/fr\/product\/restube-beach-marine-blue\/","title":{"rendered":"Restube beach (marine blue)"},"content":{"rendered":"<p>F\u00fcr Freizeit &amp; Familie. Ob am Strand, beim Schwimmen oder Schnorcheln. Du kannst sie einfach am G\u00fcrtel in der Tasche verstaut tragen und die Zeit am Wasser noch mehr genie\u00dfen. Ein kontrollierter Zug am Ausl\u00f6ser bl\u00e4st die gelbe Restube-Boje in Sekunden souver\u00e4n auf. Restube beach hat genug Auftrieb (50 N) und Kraft f\u00fcr einen Erwachsenen und Kinder ab 10 Jahre in Badebekleidung. Einfach dar\u00fcber lehnen und dein Kopf kann entspannt \u00fcber dem Wasser bleiben. Mache ausdr\u00fccklich auf dich aufmerksam, indem du mit der Boje winkst oder sie hinter dir herziehst. Wiederverwendbar durch Einschrauben einer neuen original 10,9 g CO2-Patrone, sehr einfach zu packen. &#8211; Auch mit dem Mundventil aufblasbar &#8211; Besonsonders einfach zu packen &#8211; Inklusive G\u00fcrtel (120 x 2,5 cm) &#8211; Horizontale Anbringung<br \/>\nF\u00dcR DIESE WASSERAKTIVIT\u00c4TEN EMPFOHLEN: BADEN IM SOMMER | FAMILIE &amp; KINDER | SCHNORCHELN AM UFER | STAND-UP-PADDLING INNERHALB DER UFERZONE! | SCHWIMMEN IN UFERN\u00c4HE<br \/>\nRestube READY: Ja Auftrieb: 50N (~5kg)<br \/>\nL\u00e4nge: 50 cm<br \/>\nDurchmesser: 13 cm<br \/>\nGewicht: 160 g<br \/>\nAusl\u00f6sungen: Bis zu 50 Ausl\u00f6sungen<br \/>\nUrsprungsland: Deutschland<br \/>\nLieferumfang: 1x Restube beach inkl. 10,9g CO2 Ersatzpatronen, 1x Bedienungsanleitung<\/p>\n","protected":false},"excerpt":{"rendered":"<p>F\u00fcr Freizeit &amp; Familie. Ob am Strand, beim Schwimmen oder Schnorcheln. Du kannst sie einfach am G\u00fcrtel in der Tasche verstaut tragen und die Zeit am Wasser noch mehr genie\u00dfen. Ein kontrollierter Zug am Ausl\u00f6ser bl\u00e4st die gelbe Restube-Boje in Sekunden souver\u00e4n auf. Restube beach hat genug Auftrieb (50 N) und Kraft f\u00fcr einen Erwachsenen [&hellip;]<\/p>\n","protected":false},"featured_media":19884,"comment_status":"open","ping_status":"closed","template":"","meta":[],"product_cat":[977,978],"product_tag":[],"class_list":{"0":"post-19885","1":"product","2":"type-product","3":"status-publish","4":"has-post-thumbnail","6":"product_cat-accessoires","7":"product_cat-safety-accessoires","8":"product_brand-indiana-suisse","10":"first","11":"outofstock","12":"shipping-taxable","13":"purchasable","14":"product-type-simple"},"yoast_head":"<!-- This site is optimized with the Yoast SEO plugin v22.8 - https:\/\/yoast.com\/wordpress\/plugins\/seo\/ -->\n<title>Restube beach (marine blue) - Elevatesurf<\/title>\n<meta name=\"description\" content=\"Elevatesurf Restube beach (marine blue)\" \/>\n<meta name=\"robots\" content=\"index, follow, max-snippet:-1, max-image-preview:large, max-video-preview:-1\" \/>\n<link rel=\"canonical\" href=\"https:\/\/elevatesurf.ch\/fr\/product\/restube-beach-marine-blue\/\" \/>\n<meta property=\"og:locale\" content=\"fr_FR\" \/>\n<meta property=\"og:type\" content=\"article\" \/>\n<meta property=\"og:title\" content=\"Restube beach (marine blue) - Elevatesurf\" \/>\n<meta property=\"og:description\" content=\"Elevatesurf Restube beach (marine blue)\" \/>\n<meta property=\"og:url\" content=\"https:\/\/elevatesurf.ch\/fr\/product\/restube-beach-marine-blue\/\" \/>\n<meta property=\"og:site_name\" content=\"Elevatesurf\" \/>\n<meta property=\"article:modified_time\" content=\"2026-01-10T08:41:20+00:00\" \/>\n<meta property=\"og:image\" content=\"https:\/\/elevatesurf.ch\/wp-content\/uploads\/2024\/08\/rt_01101_mb_restube_beach_inflated_1.jpg\" \/>\n\t<meta property=\"og:image:width\" content=\"1065\" \/>\n\t<meta property=\"og:image:height\" content=\"1065\" \/>\n\t<meta property=\"og:image:type\" content=\"image\/jpeg\" \/>\n<meta name=\"twitter:card\" content=\"summary_large_image\" \/>\n<meta name=\"twitter:label1\" content=\"Dur\u00e9e de lecture estim\u00e9e\" \/>\n\t<meta name=\"twitter:data1\" content=\"1 minute\" \/>\n<script type=\"application\/ld+json\" class=\"yoast-schema-graph\">{\"@context\":\"https:\/\/schema.org\",\"@graph\":[{\"@type\":[\"WebPage\",\"ItemPage\"],\"@id\":\"https:\/\/elevatesurf.ch\/product\/restube-beach-marine-blue\/\",\"url\":\"https:\/\/elevatesurf.ch\/product\/restube-beach-marine-blue\/\",\"name\":\"Restube beach (marine blue) - Elevatesurf\",\"isPartOf\":{\"@id\":\"https:\/\/elevatesurf.ch\/#website\"},\"primaryImageOfPage\":{\"@id\":\"https:\/\/elevatesurf.ch\/product\/restube-beach-marine-blue\/#primaryimage\"},\"image\":{\"@id\":\"https:\/\/elevatesurf.ch\/product\/restube-beach-marine-blue\/#primaryimage\"},\"thumbnailUrl\":\"https:\/\/elevatesurf.ch\/wp-content\/uploads\/2024\/08\/rt_01101_mb_restube_beach_inflated_1.jpg\",\"datePublished\":\"2024-08-30T10:09:47+00:00\",\"dateModified\":\"2026-01-10T08:41:20+00:00\",\"description\":\"Elevatesurf Restube beach (marine blue)\",\"breadcrumb\":{\"@id\":\"https:\/\/elevatesurf.ch\/product\/restube-beach-marine-blue\/#breadcrumb\"},\"inLanguage\":\"fr-FR\",\"potentialAction\":[{\"@type\":\"ReadAction\",\"target\":[\"https:\/\/elevatesurf.ch\/product\/restube-beach-marine-blue\/\"]}]},{\"@type\":\"ImageObject\",\"inLanguage\":\"fr-FR\",\"@id\":\"https:\/\/elevatesurf.ch\/product\/restube-beach-marine-blue\/#primaryimage\",\"url\":\"https:\/\/elevatesurf.ch\/wp-content\/uploads\/2024\/08\/rt_01101_mb_restube_beach_inflated_1.jpg\",\"contentUrl\":\"https:\/\/elevatesurf.ch\/wp-content\/uploads\/2024\/08\/rt_01101_mb_restube_beach_inflated_1.jpg\",\"width\":1065,\"height\":1065},{\"@type\":\"BreadcrumbList\",\"@id\":\"https:\/\/elevatesurf.ch\/product\/restube-beach-marine-blue\/#breadcrumb\",\"itemListElement\":[{\"@type\":\"ListItem\",\"position\":1,\"name\":\"Accueil\",\"item\":\"https:\/\/elevatesurf.ch\/\"},{\"@type\":\"ListItem\",\"position\":2,\"name\":\"Shop &#8211; \u00c9levez Votre Exp\u00e9rience de Surf avec Notre Collection\",\"item\":\"https:\/\/elevatesurf.ch\/shop\/\"},{\"@type\":\"ListItem\",\"position\":3,\"name\":\"Restube beach (marine blue)\"}]},{\"@type\":\"WebSite\",\"@id\":\"https:\/\/elevatesurf.ch\/#website\",\"url\":\"https:\/\/elevatesurf.ch\/\",\"name\":\"Elevatesurf\",\"description\":\"Surfez vers de nouveaux sommets avec ElevateSurf ! Kiteshop, Wingshop\",\"publisher\":{\"@id\":\"https:\/\/elevatesurf.ch\/#organization\"},\"potentialAction\":[{\"@type\":\"SearchAction\",\"target\":{\"@type\":\"EntryPoint\",\"urlTemplate\":\"https:\/\/elevatesurf.ch\/?s={search_term_string}\"},\"query-input\":\"required name=search_term_string\"}],\"inLanguage\":\"fr-FR\"},{\"@type\":\"Organization\",\"@id\":\"https:\/\/elevatesurf.ch\/#organization\",\"name\":\"Elevatesurf\",\"url\":\"https:\/\/elevatesurf.ch\/\",\"logo\":{\"@type\":\"ImageObject\",\"inLanguage\":\"fr-FR\",\"@id\":\"https:\/\/elevatesurf.ch\/#\/schema\/logo\/image\/\",\"url\":\"https:\/\/elevatesurf.ch\/wp-content\/uploads\/2024\/06\/67c2ec70-bdf5-4c14-898a-ded5b2051398.jpg\",\"contentUrl\":\"https:\/\/elevatesurf.ch\/wp-content\/uploads\/2024\/06\/67c2ec70-bdf5-4c14-898a-ded5b2051398.jpg\",\"width\":1024,\"height\":1024,\"caption\":\"Elevatesurf\"},\"image\":{\"@id\":\"https:\/\/elevatesurf.ch\/#\/schema\/logo\/image\/\"},\"sameAs\":[\"https:\/\/www.instagram.com\/elevate__surf\/\"]}]}<\/script>\n<!-- \/ Yoast SEO plugin. -->","yoast_head_json":{"title":"Restube beach (marine blue) - Elevatesurf","description":"Elevatesurf Restube beach (marine blue)","robots":{"index":"index","follow":"follow","max-snippet":"max-snippet:-1","max-image-preview":"max-image-preview:large","max-video-preview":"max-video-preview:-1"},"canonical":"https:\/\/elevatesurf.ch\/fr\/product\/restube-beach-marine-blue\/","og_locale":"fr_FR","og_type":"article","og_title":"Restube beach (marine blue) - Elevatesurf","og_description":"Elevatesurf Restube beach (marine blue)","og_url":"https:\/\/elevatesurf.ch\/fr\/product\/restube-beach-marine-blue\/","og_site_name":"Elevatesurf","article_modified_time":"2026-01-10T08:41:20+00:00","og_image":[{"width":1065,"height":1065,"url":"https:\/\/elevatesurf.ch\/wp-content\/uploads\/2024\/08\/rt_01101_mb_restube_beach_inflated_1.jpg","type":"image\/jpeg"}],"twitter_card":"summary_large_image","twitter_misc":{"Dur\u00e9e de lecture estim\u00e9e":"1 minute"},"schema":{"@context":"https:\/\/schema.org","@graph":[{"@type":["WebPage","ItemPage"],"@id":"https:\/\/elevatesurf.ch\/product\/restube-beach-marine-blue\/","url":"https:\/\/elevatesurf.ch\/product\/restube-beach-marine-blue\/","name":"Restube beach (marine blue) - Elevatesurf","isPartOf":{"@id":"https:\/\/elevatesurf.ch\/#website"},"primaryImageOfPage":{"@id":"https:\/\/elevatesurf.ch\/product\/restube-beach-marine-blue\/#primaryimage"},"image":{"@id":"https:\/\/elevatesurf.ch\/product\/restube-beach-marine-blue\/#primaryimage"},"thumbnailUrl":"https:\/\/elevatesurf.ch\/wp-content\/uploads\/2024\/08\/rt_01101_mb_restube_beach_inflated_1.jpg","datePublished":"2024-08-30T10:09:47+00:00","dateModified":"2026-01-10T08:41:20+00:00","description":"Elevatesurf Restube beach (marine blue)","breadcrumb":{"@id":"https:\/\/elevatesurf.ch\/product\/restube-beach-marine-blue\/#breadcrumb"},"inLanguage":"fr-FR","potentialAction":[{"@type":"ReadAction","target":["https:\/\/elevatesurf.ch\/product\/restube-beach-marine-blue\/"]}]},{"@type":"ImageObject","inLanguage":"fr-FR","@id":"https:\/\/elevatesurf.ch\/product\/restube-beach-marine-blue\/#primaryimage","url":"https:\/\/elevatesurf.ch\/wp-content\/uploads\/2024\/08\/rt_01101_mb_restube_beach_inflated_1.jpg","contentUrl":"https:\/\/elevatesurf.ch\/wp-content\/uploads\/2024\/08\/rt_01101_mb_restube_beach_inflated_1.jpg","width":1065,"height":1065},{"@type":"BreadcrumbList","@id":"https:\/\/elevatesurf.ch\/product\/restube-beach-marine-blue\/#breadcrumb","itemListElement":[{"@type":"ListItem","position":1,"name":"Accueil","item":"https:\/\/elevatesurf.ch\/"},{"@type":"ListItem","position":2,"name":"Shop &#8211; \u00c9levez Votre Exp\u00e9rience de Surf avec Notre Collection","item":"https:\/\/elevatesurf.ch\/shop\/"},{"@type":"ListItem","position":3,"name":"Restube beach (marine blue)"}]},{"@type":"WebSite","@id":"https:\/\/elevatesurf.ch\/#website","url":"https:\/\/elevatesurf.ch\/","name":"Elevatesurf","description":"Surfez vers de nouveaux sommets avec ElevateSurf ! Kiteshop, Wingshop","publisher":{"@id":"https:\/\/elevatesurf.ch\/#organization"},"potentialAction":[{"@type":"SearchAction","target":{"@type":"EntryPoint","urlTemplate":"https:\/\/elevatesurf.ch\/?s={search_term_string}"},"query-input":"required name=search_term_string"}],"inLanguage":"fr-FR"},{"@type":"Organization","@id":"https:\/\/elevatesurf.ch\/#organization","name":"Elevatesurf","url":"https:\/\/elevatesurf.ch\/","logo":{"@type":"ImageObject","inLanguage":"fr-FR","@id":"https:\/\/elevatesurf.ch\/#\/schema\/logo\/image\/","url":"https:\/\/elevatesurf.ch\/wp-content\/uploads\/2024\/06\/67c2ec70-bdf5-4c14-898a-ded5b2051398.jpg","contentUrl":"https:\/\/elevatesurf.ch\/wp-content\/uploads\/2024\/06\/67c2ec70-bdf5-4c14-898a-ded5b2051398.jpg","width":1024,"height":1024,"caption":"Elevatesurf"},"image":{"@id":"https:\/\/elevatesurf.ch\/#\/schema\/logo\/image\/"},"sameAs":["https:\/\/www.instagram.com\/elevate__surf\/"]}]}},"_links":{"self":[{"href":"https:\/\/elevatesurf.ch\/fr\/wp-json\/wp\/v2\/product\/19885","targetHints":{"allow":["GET"]}}],"collection":[{"href":"https:\/\/elevatesurf.ch\/fr\/wp-json\/wp\/v2\/product"}],"about":[{"href":"https:\/\/elevatesurf.ch\/fr\/wp-json\/wp\/v2\/types\/product"}],"replies":[{"embeddable":true,"href":"https:\/\/elevatesurf.ch\/fr\/wp-json\/wp\/v2\/comments?post=19885"}],"wp:featuredmedia":[{"embeddable":true,"href":"https:\/\/elevatesurf.ch\/fr\/wp-json\/wp\/v2\/media\/19884"}],"wp:attachment":[{"href":"https:\/\/elevatesurf.ch\/fr\/wp-json\/wp\/v2\/media?parent=19885"}],"wp:term":[{"taxonomy":"product_cat","embeddable":true,"href":"https:\/\/elevatesurf.ch\/fr\/wp-json\/wp\/v2\/product_cat?post=19885"},{"taxonomy":"product_tag","embeddable":true,"href":"https:\/\/elevatesurf.ch\/fr\/wp-json\/wp\/v2\/product_tag?post=19885"}],"curies":[{"name":"wp","href":"https:\/\/api.w.org\/{rel}","templated":true}]}}