{"id":19891,"date":"2024-08-30T10:09:56","date_gmt":"2024-08-30T10:09:56","guid":{"rendered":"https:\/\/elevatesurf.ch\/product\/indiana-wing-foil-pack-128-l-hb-foil-1100p\/"},"modified":"2026-01-10T08:41:20","modified_gmt":"2026-01-10T08:41:20","slug":"indiana-wing-foil-pack-128-l-hb-foil-1100p","status":"publish","type":"product","link":"https:\/\/elevatesurf.ch\/fr\/product\/indiana-wing-foil-pack-128-l-hb-foil-1100p\/","title":{"rendered":"Indiana Wing Foil Pack: 128 L HB + Foil 1100P"},"content":{"rendered":"<p ><strong>Low Wind <\/p>\n<p><\/strong>Bestehend aus Indiana Wing Foil 128 Carbon und Indiana Wing\/SUP Foil 1100P Complete<\/p>\n<p>Board: <br \/>Die 2021 Indiana Wingfoil Boards wurden von Gunnar Biniasch auf Fuerteventura entworfen und wurden speziell entwickelt, um eure Wing-Skills auf das n\u00e4chste Level zu heben. Jeder Aspekt dieser Boards wurde entwickelt, um die Windreichweite im unteren Bereich zu maximieren und gleichzeitig die Form kompakt zu halten. Dies sorgt f\u00fcr maximalen Surf- und Freeridespa\u00df. Die Full Carbon Sandwich-Konstruktion bietet eine perfekte Balance zwischen Haltbarkeit und Leichtigkeit. Die nach vorne vorgespannte Volumenverteilung und die maximierte flache Fl\u00e4che erleichtern das Aufstehen auch unter schwierigsten Bedingungen. Die \u201eRelease Rocker\u201c in Kombination mit dem flachen Heck erm\u00f6glicht es dem Board, sich sauber aus dem Wasser zu l\u00f6sen. Die Boards sind mit V-Straps ausgestattet, die euren Vorderfu\u00df so nah wie m\u00f6glich an der Mittellinie halten, die Montage sehr einfach machen und das Gewicht niedrig halten. Mit dem Tragegriff an der Unterseite des Boards k\u00f6nnt ihr das Board leicht tragen und den Wing vom Foil fernhalten. Die Nose Handle-Option macht das Ziehen des Boards durch den Shore Break einfach und sicher, sodass ihr das Board auch unter schwierigen Bedingungen problemlos an Land schwimmen k\u00f6nnt. Die neuen Polster bieten maximalen seitlichen Halt und erm\u00f6glichen es euch, eure F\u00fc\u00dfe leicht vorw\u00e4rts und r\u00fcckw\u00e4rts zu bewegen.  <\/p>\n<p>Length: 172.7 cm \u2022 Width: 72.4 cm \u2022 Thickness: 14.6 cm \u2022 Volume: 128 L \u2022 Weight: 8.2 kg \u25cf Est. Riders Weight: 70-110 kg <\/p>\n<p>Foil: <br \/>Der Indiana Frontwing 1100 Pump ist f\u00fcr leichten Wind und kleine Wellen konzipiert. Er beginnt schon ab 5 km\/h zu fliegen. Obwohl dieser Wing \u00fcber 4 Liter Volumen hat, ist er schnell. Pumpen mit Dockstart ist damit sehr leicht, sogar f\u00fcr schwere Rider. Die Einstellungsm\u00f6glichkeiten der neuen Fuselage erm\u00f6glichen den Winkel und die Position des Stabilizers anzupassen. Damit k\u00f6nnen Stabilit\u00e4t und Drehfreudigkeit des Foils je nach Geschmack ver\u00e4ndert werden. Wird mit hochwertiger Schutzh\u00fclle geliefert.<\/p>\n<p>Span: 110cm \u2022 Area: 2300cm2 \u2022 Volume: 4267cm3, Weight: 4500g \u2022 Material: 100% Carbon, PET Foam, Epoxy \u2022 Production Technique: Steel Mold \u2022 Produced in China \u2022 Includes Wing Sleeve&nbsp;&nbsp;<\/p>\n","protected":false},"excerpt":{"rendered":"<p>Low Wind Bestehend aus Indiana Wing Foil 128 Carbon und Indiana Wing\/SUP Foil 1100P Complete Board: Die 2021 Indiana Wingfoil Boards wurden von Gunnar Biniasch auf Fuerteventura entworfen und wurden speziell entwickelt, um eure Wing-Skills auf das n\u00e4chste Level zu heben. Jeder Aspekt dieser Boards wurde entwickelt, um die Windreichweite im unteren Bereich zu maximieren [&hellip;]<\/p>\n","protected":false},"featured_media":19890,"comment_status":"open","ping_status":"closed","template":"","meta":[],"product_cat":[636,650,594,138],"product_tag":[],"class_list":{"0":"post-19891","1":"product","2":"type-product","3":"status-publish","4":"has-post-thumbnail","6":"product_cat-pack","7":"product_cat-planches-downwind","8":"product_cat-planches","9":"product_cat-wingfoil-suisse-acheter","10":"product_brand-indiana-suisse","12":"first","13":"outofstock","14":"shipping-taxable","15":"purchasable","16":"product-type-simple"},"yoast_head":"<!-- This site is optimized with the Yoast SEO plugin v22.8 - https:\/\/yoast.com\/wordpress\/plugins\/seo\/ -->\n<title>Indiana Wing Foil Pack: 128 L HB + Foil 1100P - Elevatesurf<\/title>\n<meta name=\"description\" content=\"Elevatesurf Indiana Wing Foil Pack: 128 L HB + Foil 1100P\" \/>\n<meta name=\"robots\" content=\"index, follow, max-snippet:-1, max-image-preview:large, max-video-preview:-1\" \/>\n<link rel=\"canonical\" href=\"https:\/\/elevatesurf.ch\/fr\/product\/indiana-wing-foil-pack-128-l-hb-foil-1100p\/\" \/>\n<meta property=\"og:locale\" content=\"fr_FR\" \/>\n<meta property=\"og:type\" content=\"article\" \/>\n<meta property=\"og:title\" content=\"Indiana Wing Foil Pack: 128 L HB + Foil 1100P - Elevatesurf\" \/>\n<meta property=\"og:description\" content=\"Elevatesurf Indiana Wing Foil Pack: 128 L HB + Foil 1100P\" \/>\n<meta property=\"og:url\" content=\"https:\/\/elevatesurf.ch\/fr\/product\/indiana-wing-foil-pack-128-l-hb-foil-1100p\/\" \/>\n<meta property=\"og:site_name\" content=\"Elevatesurf\" \/>\n<meta property=\"article:modified_time\" content=\"2026-01-10T08:41:20+00:00\" \/>\n<meta property=\"og:image\" content=\"https:\/\/elevatesurf.ch\/wp-content\/uploads\/2024\/08\/3395AL_Indiana_Hardboard_Foil_Paket_1_.png\" \/>\n\t<meta property=\"og:image:width\" content=\"950\" \/>\n\t<meta property=\"og:image:height\" content=\"1300\" \/>\n\t<meta property=\"og:image:type\" content=\"image\/png\" \/>\n<meta name=\"twitter:card\" content=\"summary_large_image\" \/>\n<meta name=\"twitter:label1\" content=\"Dur\u00e9e de lecture estim\u00e9e\" \/>\n\t<meta name=\"twitter:data1\" content=\"2 minutes\" \/>\n<script type=\"application\/ld+json\" class=\"yoast-schema-graph\">{\"@context\":\"https:\/\/schema.org\",\"@graph\":[{\"@type\":[\"WebPage\",\"ItemPage\"],\"@id\":\"https:\/\/elevatesurf.ch\/product\/indiana-wing-foil-pack-128-l-hb-foil-1100p\/\",\"url\":\"https:\/\/elevatesurf.ch\/product\/indiana-wing-foil-pack-128-l-hb-foil-1100p\/\",\"name\":\"Indiana Wing Foil Pack: 128 L HB + Foil 1100P - Elevatesurf\",\"isPartOf\":{\"@id\":\"https:\/\/elevatesurf.ch\/#website\"},\"primaryImageOfPage\":{\"@id\":\"https:\/\/elevatesurf.ch\/product\/indiana-wing-foil-pack-128-l-hb-foil-1100p\/#primaryimage\"},\"image\":{\"@id\":\"https:\/\/elevatesurf.ch\/product\/indiana-wing-foil-pack-128-l-hb-foil-1100p\/#primaryimage\"},\"thumbnailUrl\":\"https:\/\/elevatesurf.ch\/wp-content\/uploads\/2024\/08\/3395AL_Indiana_Hardboard_Foil_Paket_1_.png\",\"datePublished\":\"2024-08-30T10:09:56+00:00\",\"dateModified\":\"2026-01-10T08:41:20+00:00\",\"description\":\"Elevatesurf Indiana Wing Foil Pack: 128 L HB + Foil 1100P\",\"breadcrumb\":{\"@id\":\"https:\/\/elevatesurf.ch\/product\/indiana-wing-foil-pack-128-l-hb-foil-1100p\/#breadcrumb\"},\"inLanguage\":\"fr-FR\",\"potentialAction\":[{\"@type\":\"ReadAction\",\"target\":[\"https:\/\/elevatesurf.ch\/product\/indiana-wing-foil-pack-128-l-hb-foil-1100p\/\"]}]},{\"@type\":\"ImageObject\",\"inLanguage\":\"fr-FR\",\"@id\":\"https:\/\/elevatesurf.ch\/product\/indiana-wing-foil-pack-128-l-hb-foil-1100p\/#primaryimage\",\"url\":\"https:\/\/elevatesurf.ch\/wp-content\/uploads\/2024\/08\/3395AL_Indiana_Hardboard_Foil_Paket_1_.png\",\"contentUrl\":\"https:\/\/elevatesurf.ch\/wp-content\/uploads\/2024\/08\/3395AL_Indiana_Hardboard_Foil_Paket_1_.png\",\"width\":950,\"height\":1300},{\"@type\":\"BreadcrumbList\",\"@id\":\"https:\/\/elevatesurf.ch\/product\/indiana-wing-foil-pack-128-l-hb-foil-1100p\/#breadcrumb\",\"itemListElement\":[{\"@type\":\"ListItem\",\"position\":1,\"name\":\"Accueil\",\"item\":\"https:\/\/elevatesurf.ch\/\"},{\"@type\":\"ListItem\",\"position\":2,\"name\":\"Shop &#8211; \u00c9levez Votre Exp\u00e9rience de Surf avec Notre Collection\",\"item\":\"https:\/\/elevatesurf.ch\/shop\/\"},{\"@type\":\"ListItem\",\"position\":3,\"name\":\"Indiana Wing Foil Pack: 128 L HB + Foil 1100P\"}]},{\"@type\":\"WebSite\",\"@id\":\"https:\/\/elevatesurf.ch\/#website\",\"url\":\"https:\/\/elevatesurf.ch\/\",\"name\":\"Elevatesurf\",\"description\":\"Surfez vers de nouveaux sommets avec ElevateSurf ! Kiteshop, Wingshop\",\"publisher\":{\"@id\":\"https:\/\/elevatesurf.ch\/#organization\"},\"potentialAction\":[{\"@type\":\"SearchAction\",\"target\":{\"@type\":\"EntryPoint\",\"urlTemplate\":\"https:\/\/elevatesurf.ch\/?s={search_term_string}\"},\"query-input\":\"required name=search_term_string\"}],\"inLanguage\":\"fr-FR\"},{\"@type\":\"Organization\",\"@id\":\"https:\/\/elevatesurf.ch\/#organization\",\"name\":\"Elevatesurf\",\"url\":\"https:\/\/elevatesurf.ch\/\",\"logo\":{\"@type\":\"ImageObject\",\"inLanguage\":\"fr-FR\",\"@id\":\"https:\/\/elevatesurf.ch\/#\/schema\/logo\/image\/\",\"url\":\"https:\/\/elevatesurf.ch\/wp-content\/uploads\/2024\/06\/67c2ec70-bdf5-4c14-898a-ded5b2051398.jpg\",\"contentUrl\":\"https:\/\/elevatesurf.ch\/wp-content\/uploads\/2024\/06\/67c2ec70-bdf5-4c14-898a-ded5b2051398.jpg\",\"width\":1024,\"height\":1024,\"caption\":\"Elevatesurf\"},\"image\":{\"@id\":\"https:\/\/elevatesurf.ch\/#\/schema\/logo\/image\/\"},\"sameAs\":[\"https:\/\/www.instagram.com\/elevate__surf\/\"]}]}<\/script>\n<!-- \/ Yoast SEO plugin. -->","yoast_head_json":{"title":"Indiana Wing Foil Pack: 128 L HB + Foil 1100P - Elevatesurf","description":"Elevatesurf Indiana Wing Foil Pack: 128 L HB + Foil 1100P","robots":{"index":"index","follow":"follow","max-snippet":"max-snippet:-1","max-image-preview":"max-image-preview:large","max-video-preview":"max-video-preview:-1"},"canonical":"https:\/\/elevatesurf.ch\/fr\/product\/indiana-wing-foil-pack-128-l-hb-foil-1100p\/","og_locale":"fr_FR","og_type":"article","og_title":"Indiana Wing Foil Pack: 128 L HB + Foil 1100P - Elevatesurf","og_description":"Elevatesurf Indiana Wing Foil Pack: 128 L HB + Foil 1100P","og_url":"https:\/\/elevatesurf.ch\/fr\/product\/indiana-wing-foil-pack-128-l-hb-foil-1100p\/","og_site_name":"Elevatesurf","article_modified_time":"2026-01-10T08:41:20+00:00","og_image":[{"width":950,"height":1300,"url":"https:\/\/elevatesurf.ch\/wp-content\/uploads\/2024\/08\/3395AL_Indiana_Hardboard_Foil_Paket_1_.png","type":"image\/png"}],"twitter_card":"summary_large_image","twitter_misc":{"Dur\u00e9e de lecture estim\u00e9e":"2 minutes"},"schema":{"@context":"https:\/\/schema.org","@graph":[{"@type":["WebPage","ItemPage"],"@id":"https:\/\/elevatesurf.ch\/product\/indiana-wing-foil-pack-128-l-hb-foil-1100p\/","url":"https:\/\/elevatesurf.ch\/product\/indiana-wing-foil-pack-128-l-hb-foil-1100p\/","name":"Indiana Wing Foil Pack: 128 L HB + Foil 1100P - Elevatesurf","isPartOf":{"@id":"https:\/\/elevatesurf.ch\/#website"},"primaryImageOfPage":{"@id":"https:\/\/elevatesurf.ch\/product\/indiana-wing-foil-pack-128-l-hb-foil-1100p\/#primaryimage"},"image":{"@id":"https:\/\/elevatesurf.ch\/product\/indiana-wing-foil-pack-128-l-hb-foil-1100p\/#primaryimage"},"thumbnailUrl":"https:\/\/elevatesurf.ch\/wp-content\/uploads\/2024\/08\/3395AL_Indiana_Hardboard_Foil_Paket_1_.png","datePublished":"2024-08-30T10:09:56+00:00","dateModified":"2026-01-10T08:41:20+00:00","description":"Elevatesurf Indiana Wing Foil Pack: 128 L HB + Foil 1100P","breadcrumb":{"@id":"https:\/\/elevatesurf.ch\/product\/indiana-wing-foil-pack-128-l-hb-foil-1100p\/#breadcrumb"},"inLanguage":"fr-FR","potentialAction":[{"@type":"ReadAction","target":["https:\/\/elevatesurf.ch\/product\/indiana-wing-foil-pack-128-l-hb-foil-1100p\/"]}]},{"@type":"ImageObject","inLanguage":"fr-FR","@id":"https:\/\/elevatesurf.ch\/product\/indiana-wing-foil-pack-128-l-hb-foil-1100p\/#primaryimage","url":"https:\/\/elevatesurf.ch\/wp-content\/uploads\/2024\/08\/3395AL_Indiana_Hardboard_Foil_Paket_1_.png","contentUrl":"https:\/\/elevatesurf.ch\/wp-content\/uploads\/2024\/08\/3395AL_Indiana_Hardboard_Foil_Paket_1_.png","width":950,"height":1300},{"@type":"BreadcrumbList","@id":"https:\/\/elevatesurf.ch\/product\/indiana-wing-foil-pack-128-l-hb-foil-1100p\/#breadcrumb","itemListElement":[{"@type":"ListItem","position":1,"name":"Accueil","item":"https:\/\/elevatesurf.ch\/"},{"@type":"ListItem","position":2,"name":"Shop &#8211; \u00c9levez Votre Exp\u00e9rience de Surf avec Notre Collection","item":"https:\/\/elevatesurf.ch\/shop\/"},{"@type":"ListItem","position":3,"name":"Indiana Wing Foil Pack: 128 L HB + Foil 1100P"}]},{"@type":"WebSite","@id":"https:\/\/elevatesurf.ch\/#website","url":"https:\/\/elevatesurf.ch\/","name":"Elevatesurf","description":"Surfez vers de nouveaux sommets avec ElevateSurf ! Kiteshop, Wingshop","publisher":{"@id":"https:\/\/elevatesurf.ch\/#organization"},"potentialAction":[{"@type":"SearchAction","target":{"@type":"EntryPoint","urlTemplate":"https:\/\/elevatesurf.ch\/?s={search_term_string}"},"query-input":"required name=search_term_string"}],"inLanguage":"fr-FR"},{"@type":"Organization","@id":"https:\/\/elevatesurf.ch\/#organization","name":"Elevatesurf","url":"https:\/\/elevatesurf.ch\/","logo":{"@type":"ImageObject","inLanguage":"fr-FR","@id":"https:\/\/elevatesurf.ch\/#\/schema\/logo\/image\/","url":"https:\/\/elevatesurf.ch\/wp-content\/uploads\/2024\/06\/67c2ec70-bdf5-4c14-898a-ded5b2051398.jpg","contentUrl":"https:\/\/elevatesurf.ch\/wp-content\/uploads\/2024\/06\/67c2ec70-bdf5-4c14-898a-ded5b2051398.jpg","width":1024,"height":1024,"caption":"Elevatesurf"},"image":{"@id":"https:\/\/elevatesurf.ch\/#\/schema\/logo\/image\/"},"sameAs":["https:\/\/www.instagram.com\/elevate__surf\/"]}]}},"_links":{"self":[{"href":"https:\/\/elevatesurf.ch\/fr\/wp-json\/wp\/v2\/product\/19891","targetHints":{"allow":["GET"]}}],"collection":[{"href":"https:\/\/elevatesurf.ch\/fr\/wp-json\/wp\/v2\/product"}],"about":[{"href":"https:\/\/elevatesurf.ch\/fr\/wp-json\/wp\/v2\/types\/product"}],"replies":[{"embeddable":true,"href":"https:\/\/elevatesurf.ch\/fr\/wp-json\/wp\/v2\/comments?post=19891"}],"wp:featuredmedia":[{"embeddable":true,"href":"https:\/\/elevatesurf.ch\/fr\/wp-json\/wp\/v2\/media\/19890"}],"wp:attachment":[{"href":"https:\/\/elevatesurf.ch\/fr\/wp-json\/wp\/v2\/media?parent=19891"}],"wp:term":[{"taxonomy":"product_cat","embeddable":true,"href":"https:\/\/elevatesurf.ch\/fr\/wp-json\/wp\/v2\/product_cat?post=19891"},{"taxonomy":"product_tag","embeddable":true,"href":"https:\/\/elevatesurf.ch\/fr\/wp-json\/wp\/v2\/product_tag?post=19891"}],"curies":[{"name":"wp","href":"https:\/\/api.w.org\/{rel}","templated":true}]}}