{"id":19893,"date":"2024-08-30T10:09:56","date_gmt":"2024-08-30T10:09:56","guid":{"rendered":"https:\/\/elevatesurf.ch\/product\/indiana-wing-foil-pack-88-l-hb-foil-920h-ar\/"},"modified":"2026-01-10T08:41:20","modified_gmt":"2026-01-10T08:41:20","slug":"indiana-wing-foil-pack-88-l-hb-foil-920h-ar","status":"publish","type":"product","link":"https:\/\/elevatesurf.ch\/fr\/product\/indiana-wing-foil-pack-88-l-hb-foil-920h-ar\/","title":{"rendered":"Indiana Wing Foil Pack: 88 L HB + Foil 920H-AR"},"content":{"rendered":"<p ><strong>Strong Wind <\/p>\n<p><\/strong>Bestehend aus Indiana Wing Foil 88 Carbon und Indiana Wing Foil 920 H-AR Complete <\/p>\n<p>Board: <br \/>Die 2021 Indiana Wingfoil Boards wurden von Gunnar Biniasch auf Fuerteventura entworfen und wurden speziell entwickelt, um eure Wing-Skills auf das n\u00e4chste Level zu heben. Jeder Aspekt dieser Boards wurde entwickelt, um die Windreichweite im unteren Bereich zu maximieren und gleichzeitig die Form kompakt zu halten. Dies sorgt f\u00fcr maximalen Surf- und Freeridespa\u00df. Die Full Carbon Sandwich-Konstruktion bietet eine perfekte Balance zwischen Haltbarkeit und Leichtigkeit. Die nach vorne vorgespannte Volumenverteilung und die maximierte flache Fl\u00e4che erleichtern das Aufstehen auch unter schwierigsten Bedingungen. Die \u201eRelease Rocker\u201c in Kombination mit dem flachen Heck erm\u00f6glicht es dem Board, sich sauber aus dem Wasser zu l\u00f6sen. Die Boards sind mit V-Straps ausgestattet, die euren Vorderfu\u00df so nah wie m\u00f6glich an der Mittellinie halten, die Montage sehr einfach machen und das Gewicht niedrig halten. Mit dem Tragegriff an der Unterseite des Boards k\u00f6nnt ihr das Board leicht tragen und den Wing vom Foil fernhalten. Die Nose Handle-Option macht das Ziehen des Boards durch den Shore Break einfach und sicher, sodass ihr das Board auch unter schwierigen Bedingungen problemlos an Land schwimmen k\u00f6nnt. Die neuen Polster bieten maximalen seitlichen Halt und erm\u00f6glichen es euch, eure F\u00fc\u00dfe leicht vorw\u00e4rts und r\u00fcckw\u00e4rts zu bewegen.  <\/p>\n<p>Length: 5.1\u201c\/155 cm \u25cf Width: 26.8\u201c\/ 68 cm \u25cf Thickness: 4.7\u201c \/ 12 cm \u25cf Volume: 88 Liters \u25cf Weight: 6.5 kg \u25cf Est. Riders Weight: 50-90 kg  <\/p>\n<p>Foil: <br \/>Der brandneue 920 H-AR Performance Fl\u00fcgel wurde entwickelt, um die Grenzen zu \u00fcberschreiten. Das einzigartige neue Profil und die neue Kontur pushen den 920H-AR in einen neuen Geschwindigkeitsbereich. Das Spitzenprofil erm\u00f6glicht erstaunliche Recoveries was den Fl\u00fcgel sehr verzeihend macht. Es erm\u00f6glicht aber auch aggressive Kurven mit den Spitzen aus dem Wasser. Der 920 H-AR ist schnell. Das neue Profil verleiht dem Fl\u00fcgel erstaunliche Leistung und Stabilit\u00e4t bei hohen Geschwindigkeiten und bei Man\u00f6vern. Wing und Windfoilers werden das m\u00fchelose Gleiten und die Geschwindigkeit lieben. Obwohl der 920 H-AR ein Seitenverh\u00e4ltnis von 5,9 hat, schlitzt und dreht er sich immer noch wie ein Traum. Surffoilers werden an der neuen Beweglichkeit des Fl\u00fcgels ihre Freude haben.<\/p>\n<p>Span: 92cm, Area: 1835cm2, Volume: 2600cm3, Weight: 890g \u2022 Material: 100% Carbon, PVC Foam, Epoxy \u2022 Production Technique: Steel Mold \u2022 Produced in China \u2022 Includes Wing Sleeve<\/p>\n","protected":false},"excerpt":{"rendered":"<p>Strong Wind Bestehend aus Indiana Wing Foil 88 Carbon und Indiana Wing Foil 920 H-AR Complete Board: Die 2021 Indiana Wingfoil Boards wurden von Gunnar Biniasch auf Fuerteventura entworfen und wurden speziell entwickelt, um eure Wing-Skills auf das n\u00e4chste Level zu heben. Jeder Aspekt dieser Boards wurde entwickelt, um die Windreichweite im unteren Bereich zu [&hellip;]<\/p>\n","protected":false},"featured_media":19892,"comment_status":"open","ping_status":"closed","template":"","meta":[],"product_cat":[636,650,594,138],"product_tag":[],"class_list":{"0":"post-19893","1":"product","2":"type-product","3":"status-publish","4":"has-post-thumbnail","6":"product_cat-pack","7":"product_cat-planches-downwind","8":"product_cat-planches","9":"product_cat-wingfoil-suisse-acheter","10":"product_brand-indiana-suisse","12":"first","13":"instock","14":"shipping-taxable","15":"purchasable","16":"product-type-simple"},"yoast_head":"<!-- This site is optimized with the Yoast SEO plugin v22.8 - https:\/\/yoast.com\/wordpress\/plugins\/seo\/ -->\n<title>Indiana Wing Foil Pack: 88 L HB + Foil 920H-AR - Elevatesurf<\/title>\n<meta name=\"description\" content=\"Elevatesurf Indiana Wing Foil Pack: 88 L HB + Foil 920H-AR\" \/>\n<meta name=\"robots\" content=\"index, follow, max-snippet:-1, max-image-preview:large, max-video-preview:-1\" \/>\n<link rel=\"canonical\" href=\"https:\/\/elevatesurf.ch\/fr\/product\/indiana-wing-foil-pack-88-l-hb-foil-920h-ar\/\" \/>\n<meta property=\"og:locale\" content=\"fr_FR\" \/>\n<meta property=\"og:type\" content=\"article\" \/>\n<meta property=\"og:title\" content=\"Indiana Wing Foil Pack: 88 L HB + Foil 920H-AR - Elevatesurf\" \/>\n<meta property=\"og:description\" content=\"Elevatesurf Indiana Wing Foil Pack: 88 L HB + Foil 920H-AR\" \/>\n<meta property=\"og:url\" content=\"https:\/\/elevatesurf.ch\/fr\/product\/indiana-wing-foil-pack-88-l-hb-foil-920h-ar\/\" \/>\n<meta property=\"og:site_name\" content=\"Elevatesurf\" \/>\n<meta property=\"article:modified_time\" content=\"2026-01-10T08:41:20+00:00\" \/>\n<meta property=\"og:image\" content=\"https:\/\/elevatesurf.ch\/wp-content\/uploads\/2024\/08\/3397AL_Indiana_Foil_PACK_3_88_HB_Foil_920_Complete_.jpg\" \/>\n\t<meta property=\"og:image:width\" content=\"950\" \/>\n\t<meta property=\"og:image:height\" content=\"1300\" \/>\n\t<meta property=\"og:image:type\" content=\"image\/jpeg\" \/>\n<meta name=\"twitter:card\" content=\"summary_large_image\" \/>\n<meta name=\"twitter:label1\" content=\"Dur\u00e9e de lecture estim\u00e9e\" \/>\n\t<meta name=\"twitter:data1\" content=\"2 minutes\" \/>\n<script type=\"application\/ld+json\" class=\"yoast-schema-graph\">{\"@context\":\"https:\/\/schema.org\",\"@graph\":[{\"@type\":[\"WebPage\",\"ItemPage\"],\"@id\":\"https:\/\/elevatesurf.ch\/product\/indiana-wing-foil-pack-88-l-hb-foil-920h-ar\/\",\"url\":\"https:\/\/elevatesurf.ch\/product\/indiana-wing-foil-pack-88-l-hb-foil-920h-ar\/\",\"name\":\"Indiana Wing Foil Pack: 88 L HB + Foil 920H-AR - Elevatesurf\",\"isPartOf\":{\"@id\":\"https:\/\/elevatesurf.ch\/#website\"},\"primaryImageOfPage\":{\"@id\":\"https:\/\/elevatesurf.ch\/product\/indiana-wing-foil-pack-88-l-hb-foil-920h-ar\/#primaryimage\"},\"image\":{\"@id\":\"https:\/\/elevatesurf.ch\/product\/indiana-wing-foil-pack-88-l-hb-foil-920h-ar\/#primaryimage\"},\"thumbnailUrl\":\"https:\/\/elevatesurf.ch\/wp-content\/uploads\/2024\/08\/3397AL_Indiana_Foil_PACK_3_88_HB_Foil_920_Complete_.jpg\",\"datePublished\":\"2024-08-30T10:09:56+00:00\",\"dateModified\":\"2026-01-10T08:41:20+00:00\",\"description\":\"Elevatesurf Indiana Wing Foil Pack: 88 L HB + Foil 920H-AR\",\"breadcrumb\":{\"@id\":\"https:\/\/elevatesurf.ch\/product\/indiana-wing-foil-pack-88-l-hb-foil-920h-ar\/#breadcrumb\"},\"inLanguage\":\"fr-FR\",\"potentialAction\":[{\"@type\":\"ReadAction\",\"target\":[\"https:\/\/elevatesurf.ch\/product\/indiana-wing-foil-pack-88-l-hb-foil-920h-ar\/\"]}]},{\"@type\":\"ImageObject\",\"inLanguage\":\"fr-FR\",\"@id\":\"https:\/\/elevatesurf.ch\/product\/indiana-wing-foil-pack-88-l-hb-foil-920h-ar\/#primaryimage\",\"url\":\"https:\/\/elevatesurf.ch\/wp-content\/uploads\/2024\/08\/3397AL_Indiana_Foil_PACK_3_88_HB_Foil_920_Complete_.jpg\",\"contentUrl\":\"https:\/\/elevatesurf.ch\/wp-content\/uploads\/2024\/08\/3397AL_Indiana_Foil_PACK_3_88_HB_Foil_920_Complete_.jpg\",\"width\":950,\"height\":1300},{\"@type\":\"BreadcrumbList\",\"@id\":\"https:\/\/elevatesurf.ch\/product\/indiana-wing-foil-pack-88-l-hb-foil-920h-ar\/#breadcrumb\",\"itemListElement\":[{\"@type\":\"ListItem\",\"position\":1,\"name\":\"Accueil\",\"item\":\"https:\/\/elevatesurf.ch\/\"},{\"@type\":\"ListItem\",\"position\":2,\"name\":\"Shop &#8211; \u00c9levez Votre Exp\u00e9rience de Surf avec Notre Collection\",\"item\":\"https:\/\/elevatesurf.ch\/shop\/\"},{\"@type\":\"ListItem\",\"position\":3,\"name\":\"Indiana Wing Foil Pack: 88 L HB + Foil 920H-AR\"}]},{\"@type\":\"WebSite\",\"@id\":\"https:\/\/elevatesurf.ch\/#website\",\"url\":\"https:\/\/elevatesurf.ch\/\",\"name\":\"Elevatesurf\",\"description\":\"Surfez vers de nouveaux sommets avec ElevateSurf ! Kiteshop, Wingshop\",\"publisher\":{\"@id\":\"https:\/\/elevatesurf.ch\/#organization\"},\"potentialAction\":[{\"@type\":\"SearchAction\",\"target\":{\"@type\":\"EntryPoint\",\"urlTemplate\":\"https:\/\/elevatesurf.ch\/?s={search_term_string}\"},\"query-input\":\"required name=search_term_string\"}],\"inLanguage\":\"fr-FR\"},{\"@type\":\"Organization\",\"@id\":\"https:\/\/elevatesurf.ch\/#organization\",\"name\":\"Elevatesurf\",\"url\":\"https:\/\/elevatesurf.ch\/\",\"logo\":{\"@type\":\"ImageObject\",\"inLanguage\":\"fr-FR\",\"@id\":\"https:\/\/elevatesurf.ch\/#\/schema\/logo\/image\/\",\"url\":\"https:\/\/elevatesurf.ch\/wp-content\/uploads\/2024\/06\/67c2ec70-bdf5-4c14-898a-ded5b2051398.jpg\",\"contentUrl\":\"https:\/\/elevatesurf.ch\/wp-content\/uploads\/2024\/06\/67c2ec70-bdf5-4c14-898a-ded5b2051398.jpg\",\"width\":1024,\"height\":1024,\"caption\":\"Elevatesurf\"},\"image\":{\"@id\":\"https:\/\/elevatesurf.ch\/#\/schema\/logo\/image\/\"},\"sameAs\":[\"https:\/\/www.instagram.com\/elevate__surf\/\"]}]}<\/script>\n<!-- \/ Yoast SEO plugin. -->","yoast_head_json":{"title":"Indiana Wing Foil Pack: 88 L HB + Foil 920H-AR - Elevatesurf","description":"Elevatesurf Indiana Wing Foil Pack: 88 L HB + Foil 920H-AR","robots":{"index":"index","follow":"follow","max-snippet":"max-snippet:-1","max-image-preview":"max-image-preview:large","max-video-preview":"max-video-preview:-1"},"canonical":"https:\/\/elevatesurf.ch\/fr\/product\/indiana-wing-foil-pack-88-l-hb-foil-920h-ar\/","og_locale":"fr_FR","og_type":"article","og_title":"Indiana Wing Foil Pack: 88 L HB + Foil 920H-AR - Elevatesurf","og_description":"Elevatesurf Indiana Wing Foil Pack: 88 L HB + Foil 920H-AR","og_url":"https:\/\/elevatesurf.ch\/fr\/product\/indiana-wing-foil-pack-88-l-hb-foil-920h-ar\/","og_site_name":"Elevatesurf","article_modified_time":"2026-01-10T08:41:20+00:00","og_image":[{"width":950,"height":1300,"url":"https:\/\/elevatesurf.ch\/wp-content\/uploads\/2024\/08\/3397AL_Indiana_Foil_PACK_3_88_HB_Foil_920_Complete_.jpg","type":"image\/jpeg"}],"twitter_card":"summary_large_image","twitter_misc":{"Dur\u00e9e de lecture estim\u00e9e":"2 minutes"},"schema":{"@context":"https:\/\/schema.org","@graph":[{"@type":["WebPage","ItemPage"],"@id":"https:\/\/elevatesurf.ch\/product\/indiana-wing-foil-pack-88-l-hb-foil-920h-ar\/","url":"https:\/\/elevatesurf.ch\/product\/indiana-wing-foil-pack-88-l-hb-foil-920h-ar\/","name":"Indiana Wing Foil Pack: 88 L HB + Foil 920H-AR - Elevatesurf","isPartOf":{"@id":"https:\/\/elevatesurf.ch\/#website"},"primaryImageOfPage":{"@id":"https:\/\/elevatesurf.ch\/product\/indiana-wing-foil-pack-88-l-hb-foil-920h-ar\/#primaryimage"},"image":{"@id":"https:\/\/elevatesurf.ch\/product\/indiana-wing-foil-pack-88-l-hb-foil-920h-ar\/#primaryimage"},"thumbnailUrl":"https:\/\/elevatesurf.ch\/wp-content\/uploads\/2024\/08\/3397AL_Indiana_Foil_PACK_3_88_HB_Foil_920_Complete_.jpg","datePublished":"2024-08-30T10:09:56+00:00","dateModified":"2026-01-10T08:41:20+00:00","description":"Elevatesurf Indiana Wing Foil Pack: 88 L HB + Foil 920H-AR","breadcrumb":{"@id":"https:\/\/elevatesurf.ch\/product\/indiana-wing-foil-pack-88-l-hb-foil-920h-ar\/#breadcrumb"},"inLanguage":"fr-FR","potentialAction":[{"@type":"ReadAction","target":["https:\/\/elevatesurf.ch\/product\/indiana-wing-foil-pack-88-l-hb-foil-920h-ar\/"]}]},{"@type":"ImageObject","inLanguage":"fr-FR","@id":"https:\/\/elevatesurf.ch\/product\/indiana-wing-foil-pack-88-l-hb-foil-920h-ar\/#primaryimage","url":"https:\/\/elevatesurf.ch\/wp-content\/uploads\/2024\/08\/3397AL_Indiana_Foil_PACK_3_88_HB_Foil_920_Complete_.jpg","contentUrl":"https:\/\/elevatesurf.ch\/wp-content\/uploads\/2024\/08\/3397AL_Indiana_Foil_PACK_3_88_HB_Foil_920_Complete_.jpg","width":950,"height":1300},{"@type":"BreadcrumbList","@id":"https:\/\/elevatesurf.ch\/product\/indiana-wing-foil-pack-88-l-hb-foil-920h-ar\/#breadcrumb","itemListElement":[{"@type":"ListItem","position":1,"name":"Accueil","item":"https:\/\/elevatesurf.ch\/"},{"@type":"ListItem","position":2,"name":"Shop &#8211; \u00c9levez Votre Exp\u00e9rience de Surf avec Notre Collection","item":"https:\/\/elevatesurf.ch\/shop\/"},{"@type":"ListItem","position":3,"name":"Indiana Wing Foil Pack: 88 L HB + Foil 920H-AR"}]},{"@type":"WebSite","@id":"https:\/\/elevatesurf.ch\/#website","url":"https:\/\/elevatesurf.ch\/","name":"Elevatesurf","description":"Surfez vers de nouveaux sommets avec ElevateSurf ! Kiteshop, Wingshop","publisher":{"@id":"https:\/\/elevatesurf.ch\/#organization"},"potentialAction":[{"@type":"SearchAction","target":{"@type":"EntryPoint","urlTemplate":"https:\/\/elevatesurf.ch\/?s={search_term_string}"},"query-input":"required name=search_term_string"}],"inLanguage":"fr-FR"},{"@type":"Organization","@id":"https:\/\/elevatesurf.ch\/#organization","name":"Elevatesurf","url":"https:\/\/elevatesurf.ch\/","logo":{"@type":"ImageObject","inLanguage":"fr-FR","@id":"https:\/\/elevatesurf.ch\/#\/schema\/logo\/image\/","url":"https:\/\/elevatesurf.ch\/wp-content\/uploads\/2024\/06\/67c2ec70-bdf5-4c14-898a-ded5b2051398.jpg","contentUrl":"https:\/\/elevatesurf.ch\/wp-content\/uploads\/2024\/06\/67c2ec70-bdf5-4c14-898a-ded5b2051398.jpg","width":1024,"height":1024,"caption":"Elevatesurf"},"image":{"@id":"https:\/\/elevatesurf.ch\/#\/schema\/logo\/image\/"},"sameAs":["https:\/\/www.instagram.com\/elevate__surf\/"]}]}},"_links":{"self":[{"href":"https:\/\/elevatesurf.ch\/fr\/wp-json\/wp\/v2\/product\/19893","targetHints":{"allow":["GET"]}}],"collection":[{"href":"https:\/\/elevatesurf.ch\/fr\/wp-json\/wp\/v2\/product"}],"about":[{"href":"https:\/\/elevatesurf.ch\/fr\/wp-json\/wp\/v2\/types\/product"}],"replies":[{"embeddable":true,"href":"https:\/\/elevatesurf.ch\/fr\/wp-json\/wp\/v2\/comments?post=19893"}],"wp:featuredmedia":[{"embeddable":true,"href":"https:\/\/elevatesurf.ch\/fr\/wp-json\/wp\/v2\/media\/19892"}],"wp:attachment":[{"href":"https:\/\/elevatesurf.ch\/fr\/wp-json\/wp\/v2\/media?parent=19893"}],"wp:term":[{"taxonomy":"product_cat","embeddable":true,"href":"https:\/\/elevatesurf.ch\/fr\/wp-json\/wp\/v2\/product_cat?post=19893"},{"taxonomy":"product_tag","embeddable":true,"href":"https:\/\/elevatesurf.ch\/fr\/wp-json\/wp\/v2\/product_tag?post=19893"}],"curies":[{"name":"wp","href":"https:\/\/api.w.org\/{rel}","templated":true}]}}