{"id":19952,"date":"2024-08-30T10:11:15","date_gmt":"2024-08-30T10:11:15","guid":{"rendered":"https:\/\/elevatesurf.ch\/product\/indiana-hydro-skate-96\/"},"modified":"2026-01-10T08:41:21","modified_gmt":"2026-01-10T08:41:21","slug":"indiana-hydro-skate-96","status":"publish","type":"product","link":"https:\/\/elevatesurf.ch\/fr\/product\/indiana-hydro-skate-96\/","title":{"rendered":"Indiana Hydro Skate 96"},"content":{"rendered":"<p>Das Hydro Skate 96 ist von Foil-Expert Gunnar \u201cChinatown\u201d Biniasch f\u00fcr ambitionierte und kreative Dockstart-Foilers entwickelt worden. Das Board ist extrem steif und leicht dank dem PVC-Schaum-Kern und dem kompletten Karbonlaminat. Die L\u00e4nge und die Breite wurden auf das Minimum reduziert, die Outline \u00e4hnelt einem Streetskateboard. Das kleine und kompakte Board bietet ein geringes Schwunggewicht und minimalen Luftwiderstand, was sich in schnelleren und l\u00e4ngeren Runs und h\u00f6heren Spr\u00fcngen zeigt. Mit den mitgelieferten, zentrierten Fussschlaufen werden auch Spr\u00fcnge wie 360er und Backflips m\u00f6glich.<\/p>\n<p>Features: <br \/>\nLeichte und robuste Konstruktion: <br \/>\nPVC-Schaum mit reinem Karbongewebe im Vakuum-Bag laminiert sorgt f\u00fcr ein sehr reaktives, direktes Boardfeeling.<\/p>\n<p>Progressive Rocker und Roundbottom Unterwasserschiff: <br \/>\nSofortige Touchdown-Wiederherstellung, verhindert das Eintauchen der Nase und hilft mit, das Foil wieder aus dem Wasser zu heben. Das Roundbottom Unterwasserschiff federt beim eintauchen der Nase ohne zu bremsen<\/p>\n<p>32cm Lio-Tec Tracks: <br \/>\nDank den 32cm langen Foilboxen von Lio-Tec kann das Foil am perfekten Ort platziert werden. Mit dem branchenweiten Standard von 90 mm Abstand passen alle markt\u00fcblichen Foils. <\/p>\n<p>Recessed Double Concave Deck:<br \/>\nDas  Doppel-Concave Deck gibt dem Rider maximalen Grip und eine direktere Verbindung zum Foil.<\/p>\n<p>Footstraps: <br \/>\nDas Pump-Set mit 2 leichten Footstraps, die zentral montiert werden erm\u00f6glicht Tricks, Spr\u00fcnge und sichere Landungen.<br \/>\nCrocodile Skin EVA Deckpad:<br \/>\nBietet sicheren und bequemen Halt.<\/p>\n<p>Backpack:<br \/>\nBeim mitgelieferten Backpack kann hinten das komplette Foil montiert und transportiert werden.<\/p>\n","protected":false},"excerpt":{"rendered":"<p>Das Hydro Skate 96 ist von Foil-Expert Gunnar \u201cChinatown\u201d Biniasch f\u00fcr ambitionierte und kreative Dockstart-Foilers entwickelt worden. Das Board ist extrem steif und leicht dank dem PVC-Schaum-Kern und dem kompletten Karbonlaminat. Die L\u00e4nge und die Breite wurden auf das Minimum reduziert, die Outline \u00e4hnelt einem Streetskateboard. Das kleine und kompakte Board bietet ein geringes Schwunggewicht [&hellip;]<\/p>\n","protected":false},"featured_media":19951,"comment_status":"open","ping_status":"closed","template":"","meta":[],"product_cat":[664],"product_tag":[],"class_list":{"0":"post-19952","1":"product","2":"type-product","3":"status-publish","4":"has-post-thumbnail","6":"product_cat-pump-foil","7":"product_brand-indiana-suisse","9":"first","10":"outofstock","11":"shipping-taxable","12":"purchasable","13":"product-type-simple"},"yoast_head":"<!-- This site is optimized with the Yoast SEO plugin v22.8 - https:\/\/yoast.com\/wordpress\/plugins\/seo\/ -->\n<title>Indiana Hydro Skate 96 - Elevatesurf<\/title>\n<meta name=\"description\" content=\"Elevatesurf Indiana Hydro Skate 96\" \/>\n<meta name=\"robots\" content=\"index, follow, max-snippet:-1, max-image-preview:large, max-video-preview:-1\" \/>\n<link rel=\"canonical\" href=\"https:\/\/elevatesurf.ch\/fr\/product\/indiana-hydro-skate-96\/\" \/>\n<meta property=\"og:locale\" content=\"fr_FR\" \/>\n<meta property=\"og:type\" content=\"article\" \/>\n<meta property=\"og:title\" content=\"Indiana Hydro Skate 96 - Elevatesurf\" \/>\n<meta property=\"og:description\" content=\"Elevatesurf Indiana Hydro Skate 96\" \/>\n<meta property=\"og:url\" content=\"https:\/\/elevatesurf.ch\/fr\/product\/indiana-hydro-skate-96\/\" \/>\n<meta property=\"og:site_name\" content=\"Elevatesurf\" \/>\n<meta property=\"article:modified_time\" content=\"2026-01-10T08:41:21+00:00\" \/>\n<meta property=\"og:image\" content=\"https:\/\/elevatesurf.ch\/wp-content\/uploads\/2024\/08\/3250SM_Indiana_Hydro_Skate__1.png\" \/>\n\t<meta property=\"og:image:width\" content=\"2000\" \/>\n\t<meta property=\"og:image:height\" content=\"2000\" \/>\n\t<meta property=\"og:image:type\" content=\"image\/png\" \/>\n<meta name=\"twitter:card\" content=\"summary_large_image\" \/>\n<meta name=\"twitter:label1\" content=\"Dur\u00e9e de lecture estim\u00e9e\" \/>\n\t<meta name=\"twitter:data1\" content=\"1 minute\" \/>\n<script type=\"application\/ld+json\" class=\"yoast-schema-graph\">{\"@context\":\"https:\/\/schema.org\",\"@graph\":[{\"@type\":[\"WebPage\",\"ItemPage\"],\"@id\":\"https:\/\/elevatesurf.ch\/product\/indiana-hydro-skate-96\/\",\"url\":\"https:\/\/elevatesurf.ch\/product\/indiana-hydro-skate-96\/\",\"name\":\"Indiana Hydro Skate 96 - Elevatesurf\",\"isPartOf\":{\"@id\":\"https:\/\/elevatesurf.ch\/#website\"},\"primaryImageOfPage\":{\"@id\":\"https:\/\/elevatesurf.ch\/product\/indiana-hydro-skate-96\/#primaryimage\"},\"image\":{\"@id\":\"https:\/\/elevatesurf.ch\/product\/indiana-hydro-skate-96\/#primaryimage\"},\"thumbnailUrl\":\"https:\/\/elevatesurf.ch\/wp-content\/uploads\/2024\/08\/3250SM_Indiana_Hydro_Skate__1.png\",\"datePublished\":\"2024-08-30T10:11:15+00:00\",\"dateModified\":\"2026-01-10T08:41:21+00:00\",\"description\":\"Elevatesurf Indiana Hydro Skate 96\",\"breadcrumb\":{\"@id\":\"https:\/\/elevatesurf.ch\/product\/indiana-hydro-skate-96\/#breadcrumb\"},\"inLanguage\":\"fr-FR\",\"potentialAction\":[{\"@type\":\"ReadAction\",\"target\":[\"https:\/\/elevatesurf.ch\/product\/indiana-hydro-skate-96\/\"]}]},{\"@type\":\"ImageObject\",\"inLanguage\":\"fr-FR\",\"@id\":\"https:\/\/elevatesurf.ch\/product\/indiana-hydro-skate-96\/#primaryimage\",\"url\":\"https:\/\/elevatesurf.ch\/wp-content\/uploads\/2024\/08\/3250SM_Indiana_Hydro_Skate__1.png\",\"contentUrl\":\"https:\/\/elevatesurf.ch\/wp-content\/uploads\/2024\/08\/3250SM_Indiana_Hydro_Skate__1.png\",\"width\":2000,\"height\":2000},{\"@type\":\"BreadcrumbList\",\"@id\":\"https:\/\/elevatesurf.ch\/product\/indiana-hydro-skate-96\/#breadcrumb\",\"itemListElement\":[{\"@type\":\"ListItem\",\"position\":1,\"name\":\"Accueil\",\"item\":\"https:\/\/elevatesurf.ch\/\"},{\"@type\":\"ListItem\",\"position\":2,\"name\":\"Shop &#8211; \u00c9levez Votre Exp\u00e9rience de Surf avec Notre Collection\",\"item\":\"https:\/\/elevatesurf.ch\/shop\/\"},{\"@type\":\"ListItem\",\"position\":3,\"name\":\"Indiana Hydro Skate 96\"}]},{\"@type\":\"WebSite\",\"@id\":\"https:\/\/elevatesurf.ch\/#website\",\"url\":\"https:\/\/elevatesurf.ch\/\",\"name\":\"Elevatesurf\",\"description\":\"Surfez vers de nouveaux sommets avec ElevateSurf ! Kiteshop, Wingshop\",\"publisher\":{\"@id\":\"https:\/\/elevatesurf.ch\/#organization\"},\"potentialAction\":[{\"@type\":\"SearchAction\",\"target\":{\"@type\":\"EntryPoint\",\"urlTemplate\":\"https:\/\/elevatesurf.ch\/?s={search_term_string}\"},\"query-input\":\"required name=search_term_string\"}],\"inLanguage\":\"fr-FR\"},{\"@type\":\"Organization\",\"@id\":\"https:\/\/elevatesurf.ch\/#organization\",\"name\":\"Elevatesurf\",\"url\":\"https:\/\/elevatesurf.ch\/\",\"logo\":{\"@type\":\"ImageObject\",\"inLanguage\":\"fr-FR\",\"@id\":\"https:\/\/elevatesurf.ch\/#\/schema\/logo\/image\/\",\"url\":\"https:\/\/elevatesurf.ch\/wp-content\/uploads\/2024\/06\/67c2ec70-bdf5-4c14-898a-ded5b2051398.jpg\",\"contentUrl\":\"https:\/\/elevatesurf.ch\/wp-content\/uploads\/2024\/06\/67c2ec70-bdf5-4c14-898a-ded5b2051398.jpg\",\"width\":1024,\"height\":1024,\"caption\":\"Elevatesurf\"},\"image\":{\"@id\":\"https:\/\/elevatesurf.ch\/#\/schema\/logo\/image\/\"},\"sameAs\":[\"https:\/\/www.instagram.com\/elevate__surf\/\"]}]}<\/script>\n<!-- \/ Yoast SEO plugin. -->","yoast_head_json":{"title":"Indiana Hydro Skate 96 - Elevatesurf","description":"Elevatesurf Indiana Hydro Skate 96","robots":{"index":"index","follow":"follow","max-snippet":"max-snippet:-1","max-image-preview":"max-image-preview:large","max-video-preview":"max-video-preview:-1"},"canonical":"https:\/\/elevatesurf.ch\/fr\/product\/indiana-hydro-skate-96\/","og_locale":"fr_FR","og_type":"article","og_title":"Indiana Hydro Skate 96 - Elevatesurf","og_description":"Elevatesurf Indiana Hydro Skate 96","og_url":"https:\/\/elevatesurf.ch\/fr\/product\/indiana-hydro-skate-96\/","og_site_name":"Elevatesurf","article_modified_time":"2026-01-10T08:41:21+00:00","og_image":[{"width":2000,"height":2000,"url":"https:\/\/elevatesurf.ch\/wp-content\/uploads\/2024\/08\/3250SM_Indiana_Hydro_Skate__1.png","type":"image\/png"}],"twitter_card":"summary_large_image","twitter_misc":{"Dur\u00e9e de lecture estim\u00e9e":"1 minute"},"schema":{"@context":"https:\/\/schema.org","@graph":[{"@type":["WebPage","ItemPage"],"@id":"https:\/\/elevatesurf.ch\/product\/indiana-hydro-skate-96\/","url":"https:\/\/elevatesurf.ch\/product\/indiana-hydro-skate-96\/","name":"Indiana Hydro Skate 96 - Elevatesurf","isPartOf":{"@id":"https:\/\/elevatesurf.ch\/#website"},"primaryImageOfPage":{"@id":"https:\/\/elevatesurf.ch\/product\/indiana-hydro-skate-96\/#primaryimage"},"image":{"@id":"https:\/\/elevatesurf.ch\/product\/indiana-hydro-skate-96\/#primaryimage"},"thumbnailUrl":"https:\/\/elevatesurf.ch\/wp-content\/uploads\/2024\/08\/3250SM_Indiana_Hydro_Skate__1.png","datePublished":"2024-08-30T10:11:15+00:00","dateModified":"2026-01-10T08:41:21+00:00","description":"Elevatesurf Indiana Hydro Skate 96","breadcrumb":{"@id":"https:\/\/elevatesurf.ch\/product\/indiana-hydro-skate-96\/#breadcrumb"},"inLanguage":"fr-FR","potentialAction":[{"@type":"ReadAction","target":["https:\/\/elevatesurf.ch\/product\/indiana-hydro-skate-96\/"]}]},{"@type":"ImageObject","inLanguage":"fr-FR","@id":"https:\/\/elevatesurf.ch\/product\/indiana-hydro-skate-96\/#primaryimage","url":"https:\/\/elevatesurf.ch\/wp-content\/uploads\/2024\/08\/3250SM_Indiana_Hydro_Skate__1.png","contentUrl":"https:\/\/elevatesurf.ch\/wp-content\/uploads\/2024\/08\/3250SM_Indiana_Hydro_Skate__1.png","width":2000,"height":2000},{"@type":"BreadcrumbList","@id":"https:\/\/elevatesurf.ch\/product\/indiana-hydro-skate-96\/#breadcrumb","itemListElement":[{"@type":"ListItem","position":1,"name":"Accueil","item":"https:\/\/elevatesurf.ch\/"},{"@type":"ListItem","position":2,"name":"Shop &#8211; \u00c9levez Votre Exp\u00e9rience de Surf avec Notre Collection","item":"https:\/\/elevatesurf.ch\/shop\/"},{"@type":"ListItem","position":3,"name":"Indiana Hydro Skate 96"}]},{"@type":"WebSite","@id":"https:\/\/elevatesurf.ch\/#website","url":"https:\/\/elevatesurf.ch\/","name":"Elevatesurf","description":"Surfez vers de nouveaux sommets avec ElevateSurf ! Kiteshop, Wingshop","publisher":{"@id":"https:\/\/elevatesurf.ch\/#organization"},"potentialAction":[{"@type":"SearchAction","target":{"@type":"EntryPoint","urlTemplate":"https:\/\/elevatesurf.ch\/?s={search_term_string}"},"query-input":"required name=search_term_string"}],"inLanguage":"fr-FR"},{"@type":"Organization","@id":"https:\/\/elevatesurf.ch\/#organization","name":"Elevatesurf","url":"https:\/\/elevatesurf.ch\/","logo":{"@type":"ImageObject","inLanguage":"fr-FR","@id":"https:\/\/elevatesurf.ch\/#\/schema\/logo\/image\/","url":"https:\/\/elevatesurf.ch\/wp-content\/uploads\/2024\/06\/67c2ec70-bdf5-4c14-898a-ded5b2051398.jpg","contentUrl":"https:\/\/elevatesurf.ch\/wp-content\/uploads\/2024\/06\/67c2ec70-bdf5-4c14-898a-ded5b2051398.jpg","width":1024,"height":1024,"caption":"Elevatesurf"},"image":{"@id":"https:\/\/elevatesurf.ch\/#\/schema\/logo\/image\/"},"sameAs":["https:\/\/www.instagram.com\/elevate__surf\/"]}]}},"_links":{"self":[{"href":"https:\/\/elevatesurf.ch\/fr\/wp-json\/wp\/v2\/product\/19952","targetHints":{"allow":["GET"]}}],"collection":[{"href":"https:\/\/elevatesurf.ch\/fr\/wp-json\/wp\/v2\/product"}],"about":[{"href":"https:\/\/elevatesurf.ch\/fr\/wp-json\/wp\/v2\/types\/product"}],"replies":[{"embeddable":true,"href":"https:\/\/elevatesurf.ch\/fr\/wp-json\/wp\/v2\/comments?post=19952"}],"wp:featuredmedia":[{"embeddable":true,"href":"https:\/\/elevatesurf.ch\/fr\/wp-json\/wp\/v2\/media\/19951"}],"wp:attachment":[{"href":"https:\/\/elevatesurf.ch\/fr\/wp-json\/wp\/v2\/media?parent=19952"}],"wp:term":[{"taxonomy":"product_cat","embeddable":true,"href":"https:\/\/elevatesurf.ch\/fr\/wp-json\/wp\/v2\/product_cat?post=19952"},{"taxonomy":"product_tag","embeddable":true,"href":"https:\/\/elevatesurf.ch\/fr\/wp-json\/wp\/v2\/product_tag?post=19952"}],"curies":[{"name":"wp","href":"https:\/\/api.w.org\/{rel}","templated":true}]}}