{"id":19954,"date":"2024-08-30T10:11:20","date_gmt":"2024-08-30T10:11:20","guid":{"rendered":"https:\/\/elevatesurf.ch\/product\/indiana-105-pump-foil-carbon\/"},"modified":"2026-05-14T17:52:21","modified_gmt":"2026-05-14T17:52:21","slug":"indiana-105-pump-foil-carbon","status":"publish","type":"product","link":"https:\/\/elevatesurf.ch\/fr\/product\/indiana-105-pump-foil-carbon\/","title":{"rendered":"Indiana 105 Pump Foil Carbon"},"content":{"rendered":"<p>Das 105 Pump Foil Carbon ist ein regelrechter Allesk\u00f6nner. Das kompakte Board l\u00e4sst sich sehr gut Pumpen dank der geringen Schwungmasse und kleiner Wind-Angriffsfl\u00e4che. Hinter dem Boot l\u00e4sst es sich dank ausreichend Fl\u00e4che angenehm starten. Wer Tricks wie 360er und Backflips machen m\u00f6chte, kann zwei Footstraps zentriert montieren und diese dank den Lio-Tec Footstrap-Inserts ideal an Gr\u00f6sse und Fahrstil anpassen. Der progressive Rocker l\u00e4sst Touchdowns einfach meistern. <\/p>\n<p>Features: <br \/>\nLeichte und robuste Konstruktion: <br \/>\nPVC-Schaum, der kein Wasser absorbiert. Zusammen mit dem Carbon-Laminat ergibt sich ein steifes, reaktives Board. <\/p>\n<p>Progressive Rocker: <br \/>\nSofortige Touchdown-Wiederherstellung, verhindert das Eintauchen der Nase und hilft mit das Foil wieder aus dem Wasser zu heben. <\/p>\n<p>32 cm Lio-Tec Foilboxen: <br \/>\nErm\u00f6glicht jedes Foil-Setup auf das passende Gewicht und den gew\u00fcnschten Stil abzustimmen. Montagekompatibilit\u00e4t mit jeder Baseplate mit 90 mm Lochabstand. <\/p>\n<p>Zentrale Strap-Positionen: <br \/>\nErm\u00f6glicht bei allen Turns die maximale Kontrolle und bei Spr\u00fcngen besser im Gleichgewicht zu bleiben. <\/p>\n<p>Crocodile EVA-Deckpad:<br \/>\nBietet griffigen und komfortablen Halt und erm\u00f6glicht die F\u00fcsse w\u00e4hrend dem Foilen auf dem Board zu bewegen.<\/p>\n","protected":false},"excerpt":{"rendered":"<p>Das 105 Pump Foil Carbon ist ein regelrechter Allesk\u00f6nner. Das kompakte Board l\u00e4sst sich sehr gut Pumpen dank der geringen Schwungmasse und kleiner Wind-Angriffsfl\u00e4che. Hinter dem Boot l\u00e4sst es sich dank ausreichend Fl\u00e4che angenehm starten. Wer Tricks wie 360er und Backflips machen m\u00f6chte, kann zwei Footstraps zentriert montieren und diese dank den Lio-Tec Footstrap-Inserts ideal [&hellip;]<\/p>\n","protected":false},"featured_media":19953,"comment_status":"open","ping_status":"closed","template":"","meta":[],"product_cat":[977,1087],"product_tag":[],"class_list":{"0":"post-19954","1":"product","2":"type-product","3":"status-publish","4":"has-post-thumbnail","6":"product_cat-accessoires","7":"product_cat-pompes","8":"product_brand-indiana-suisse","10":"first","11":"outofstock","12":"shipping-taxable","13":"purchasable","14":"product-type-simple"},"yoast_head":"<!-- This site is optimized with the Yoast SEO plugin v22.8 - https:\/\/yoast.com\/wordpress\/plugins\/seo\/ -->\n<title>Indiana 105 Pump Foil Carbon | Elevatesurf<\/title>\n<meta name=\"description\" content=\"Das 105 Pump Foil Carbon ist ein regelrechter Allesk\u00f6nner Disponible chez Elevatesurf, shop wingfoil &amp; kitesurf \u00e0 Neuch\u00e2tel.\" \/>\n<meta name=\"robots\" content=\"index, follow, max-snippet:-1, max-image-preview:large, max-video-preview:-1\" \/>\n<link rel=\"canonical\" href=\"https:\/\/elevatesurf.ch\/fr\/product\/indiana-105-pump-foil-carbon\/\" \/>\n<meta property=\"og:locale\" content=\"fr_FR\" \/>\n<meta property=\"og:type\" content=\"article\" \/>\n<meta property=\"og:title\" content=\"Indiana 105 Pump Foil Carbon | Elevatesurf\" \/>\n<meta property=\"og:description\" content=\"Das 105 Pump Foil Carbon ist ein regelrechter Allesk\u00f6nner Disponible chez Elevatesurf, shop wingfoil &amp; kitesurf \u00e0 Neuch\u00e2tel.\" \/>\n<meta property=\"og:url\" content=\"https:\/\/elevatesurf.ch\/fr\/product\/indiana-105-pump-foil-carbon\/\" \/>\n<meta property=\"og:site_name\" content=\"Elevatesurf\" \/>\n<meta property=\"article:modified_time\" content=\"2026-05-14T17:52:21+00:00\" \/>\n<meta property=\"og:image\" content=\"https:\/\/elevatesurf.ch\/wp-content\/uploads\/2024\/08\/3240SM_Indiana_Pump_Foil_105__1.png\" \/>\n\t<meta property=\"og:image:width\" content=\"1100\" \/>\n\t<meta property=\"og:image:height\" content=\"1100\" \/>\n\t<meta property=\"og:image:type\" content=\"image\/png\" \/>\n<meta name=\"twitter:card\" content=\"summary_large_image\" \/>\n<meta name=\"twitter:label1\" content=\"Dur\u00e9e de lecture estim\u00e9e\" \/>\n\t<meta name=\"twitter:data1\" content=\"1 minute\" \/>\n<script type=\"application\/ld+json\" class=\"yoast-schema-graph\">{\"@context\":\"https:\/\/schema.org\",\"@graph\":[{\"@type\":[\"WebPage\",\"ItemPage\"],\"@id\":\"https:\/\/elevatesurf.ch\/product\/indiana-105-pump-foil-carbon\/\",\"url\":\"https:\/\/elevatesurf.ch\/product\/indiana-105-pump-foil-carbon\/\",\"name\":\"Indiana 105 Pump Foil Carbon | Elevatesurf\",\"isPartOf\":{\"@id\":\"https:\/\/elevatesurf.ch\/#website\"},\"primaryImageOfPage\":{\"@id\":\"https:\/\/elevatesurf.ch\/product\/indiana-105-pump-foil-carbon\/#primaryimage\"},\"image\":{\"@id\":\"https:\/\/elevatesurf.ch\/product\/indiana-105-pump-foil-carbon\/#primaryimage\"},\"thumbnailUrl\":\"https:\/\/elevatesurf.ch\/wp-content\/uploads\/2024\/08\/3240SM_Indiana_Pump_Foil_105__1.png\",\"datePublished\":\"2024-08-30T10:11:20+00:00\",\"dateModified\":\"2026-05-14T17:52:21+00:00\",\"description\":\"Das 105 Pump Foil Carbon ist ein regelrechter Allesk\u00f6nner Disponible chez Elevatesurf, shop wingfoil & kitesurf \u00e0 Neuch\u00e2tel.\",\"breadcrumb\":{\"@id\":\"https:\/\/elevatesurf.ch\/product\/indiana-105-pump-foil-carbon\/#breadcrumb\"},\"inLanguage\":\"fr-FR\",\"potentialAction\":[{\"@type\":\"ReadAction\",\"target\":[\"https:\/\/elevatesurf.ch\/product\/indiana-105-pump-foil-carbon\/\"]}]},{\"@type\":\"ImageObject\",\"inLanguage\":\"fr-FR\",\"@id\":\"https:\/\/elevatesurf.ch\/product\/indiana-105-pump-foil-carbon\/#primaryimage\",\"url\":\"https:\/\/elevatesurf.ch\/wp-content\/uploads\/2024\/08\/3240SM_Indiana_Pump_Foil_105__1.png\",\"contentUrl\":\"https:\/\/elevatesurf.ch\/wp-content\/uploads\/2024\/08\/3240SM_Indiana_Pump_Foil_105__1.png\",\"width\":1100,\"height\":1100,\"caption\":\"Indiana Indiana 105 Pump Foil Carbon | Elevatesurf\"},{\"@type\":\"BreadcrumbList\",\"@id\":\"https:\/\/elevatesurf.ch\/product\/indiana-105-pump-foil-carbon\/#breadcrumb\",\"itemListElement\":[{\"@type\":\"ListItem\",\"position\":1,\"name\":\"Accueil\",\"item\":\"https:\/\/elevatesurf.ch\/\"},{\"@type\":\"ListItem\",\"position\":2,\"name\":\"Boutique \u2013 Wingfoil, Kitesurf &#038; Accessoires\",\"item\":\"https:\/\/elevatesurf.ch\/shop\/\"},{\"@type\":\"ListItem\",\"position\":3,\"name\":\"Indiana 105 Pump Foil Carbon\"}]},{\"@type\":\"WebSite\",\"@id\":\"https:\/\/elevatesurf.ch\/#website\",\"url\":\"https:\/\/elevatesurf.ch\/\",\"name\":\"Elevatesurf\",\"description\":\"Surfez vers de nouveaux sommets avec ElevateSurf ! Kiteshop, Wingshop\",\"publisher\":{\"@id\":\"https:\/\/elevatesurf.ch\/#organization\"},\"potentialAction\":[{\"@type\":\"SearchAction\",\"target\":{\"@type\":\"EntryPoint\",\"urlTemplate\":\"https:\/\/elevatesurf.ch\/?s={search_term_string}\"},\"query-input\":\"required name=search_term_string\"}],\"inLanguage\":\"fr-FR\"},{\"@type\":\"Organization\",\"@id\":\"https:\/\/elevatesurf.ch\/#organization\",\"name\":\"Elevatesurf\",\"url\":\"https:\/\/elevatesurf.ch\/\",\"logo\":{\"@type\":\"ImageObject\",\"inLanguage\":\"fr-FR\",\"@id\":\"https:\/\/elevatesurf.ch\/#\/schema\/logo\/image\/\",\"url\":\"https:\/\/elevatesurf.ch\/wp-content\/uploads\/2024\/06\/67c2ec70-bdf5-4c14-898a-ded5b2051398.jpg\",\"contentUrl\":\"https:\/\/elevatesurf.ch\/wp-content\/uploads\/2024\/06\/67c2ec70-bdf5-4c14-898a-ded5b2051398.jpg\",\"width\":1024,\"height\":1024,\"caption\":\"Elevatesurf\"},\"image\":{\"@id\":\"https:\/\/elevatesurf.ch\/#\/schema\/logo\/image\/\"},\"sameAs\":[\"https:\/\/www.instagram.com\/elevate__surf\/\"]}]}<\/script>\n<!-- \/ Yoast SEO plugin. -->","yoast_head_json":{"title":"Indiana 105 Pump Foil Carbon | Elevatesurf","description":"Das 105 Pump Foil Carbon ist ein regelrechter Allesk\u00f6nner Disponible chez Elevatesurf, shop wingfoil & kitesurf \u00e0 Neuch\u00e2tel.","robots":{"index":"index","follow":"follow","max-snippet":"max-snippet:-1","max-image-preview":"max-image-preview:large","max-video-preview":"max-video-preview:-1"},"canonical":"https:\/\/elevatesurf.ch\/fr\/product\/indiana-105-pump-foil-carbon\/","og_locale":"fr_FR","og_type":"article","og_title":"Indiana 105 Pump Foil Carbon | Elevatesurf","og_description":"Das 105 Pump Foil Carbon ist ein regelrechter Allesk\u00f6nner Disponible chez Elevatesurf, shop wingfoil & kitesurf \u00e0 Neuch\u00e2tel.","og_url":"https:\/\/elevatesurf.ch\/fr\/product\/indiana-105-pump-foil-carbon\/","og_site_name":"Elevatesurf","article_modified_time":"2026-05-14T17:52:21+00:00","og_image":[{"width":1100,"height":1100,"url":"https:\/\/elevatesurf.ch\/wp-content\/uploads\/2024\/08\/3240SM_Indiana_Pump_Foil_105__1.png","type":"image\/png"}],"twitter_card":"summary_large_image","twitter_misc":{"Dur\u00e9e de lecture estim\u00e9e":"1 minute"},"schema":{"@context":"https:\/\/schema.org","@graph":[{"@type":["WebPage","ItemPage"],"@id":"https:\/\/elevatesurf.ch\/product\/indiana-105-pump-foil-carbon\/","url":"https:\/\/elevatesurf.ch\/product\/indiana-105-pump-foil-carbon\/","name":"Indiana 105 Pump Foil Carbon | Elevatesurf","isPartOf":{"@id":"https:\/\/elevatesurf.ch\/#website"},"primaryImageOfPage":{"@id":"https:\/\/elevatesurf.ch\/product\/indiana-105-pump-foil-carbon\/#primaryimage"},"image":{"@id":"https:\/\/elevatesurf.ch\/product\/indiana-105-pump-foil-carbon\/#primaryimage"},"thumbnailUrl":"https:\/\/elevatesurf.ch\/wp-content\/uploads\/2024\/08\/3240SM_Indiana_Pump_Foil_105__1.png","datePublished":"2024-08-30T10:11:20+00:00","dateModified":"2026-05-14T17:52:21+00:00","description":"Das 105 Pump Foil Carbon ist ein regelrechter Allesk\u00f6nner Disponible chez Elevatesurf, shop wingfoil & kitesurf \u00e0 Neuch\u00e2tel.","breadcrumb":{"@id":"https:\/\/elevatesurf.ch\/product\/indiana-105-pump-foil-carbon\/#breadcrumb"},"inLanguage":"fr-FR","potentialAction":[{"@type":"ReadAction","target":["https:\/\/elevatesurf.ch\/product\/indiana-105-pump-foil-carbon\/"]}]},{"@type":"ImageObject","inLanguage":"fr-FR","@id":"https:\/\/elevatesurf.ch\/product\/indiana-105-pump-foil-carbon\/#primaryimage","url":"https:\/\/elevatesurf.ch\/wp-content\/uploads\/2024\/08\/3240SM_Indiana_Pump_Foil_105__1.png","contentUrl":"https:\/\/elevatesurf.ch\/wp-content\/uploads\/2024\/08\/3240SM_Indiana_Pump_Foil_105__1.png","width":1100,"height":1100,"caption":"Indiana Indiana 105 Pump Foil Carbon | Elevatesurf"},{"@type":"BreadcrumbList","@id":"https:\/\/elevatesurf.ch\/product\/indiana-105-pump-foil-carbon\/#breadcrumb","itemListElement":[{"@type":"ListItem","position":1,"name":"Accueil","item":"https:\/\/elevatesurf.ch\/"},{"@type":"ListItem","position":2,"name":"Boutique \u2013 Wingfoil, Kitesurf &#038; Accessoires","item":"https:\/\/elevatesurf.ch\/shop\/"},{"@type":"ListItem","position":3,"name":"Indiana 105 Pump Foil Carbon"}]},{"@type":"WebSite","@id":"https:\/\/elevatesurf.ch\/#website","url":"https:\/\/elevatesurf.ch\/","name":"Elevatesurf","description":"Surfez vers de nouveaux sommets avec ElevateSurf ! Kiteshop, Wingshop","publisher":{"@id":"https:\/\/elevatesurf.ch\/#organization"},"potentialAction":[{"@type":"SearchAction","target":{"@type":"EntryPoint","urlTemplate":"https:\/\/elevatesurf.ch\/?s={search_term_string}"},"query-input":"required name=search_term_string"}],"inLanguage":"fr-FR"},{"@type":"Organization","@id":"https:\/\/elevatesurf.ch\/#organization","name":"Elevatesurf","url":"https:\/\/elevatesurf.ch\/","logo":{"@type":"ImageObject","inLanguage":"fr-FR","@id":"https:\/\/elevatesurf.ch\/#\/schema\/logo\/image\/","url":"https:\/\/elevatesurf.ch\/wp-content\/uploads\/2024\/06\/67c2ec70-bdf5-4c14-898a-ded5b2051398.jpg","contentUrl":"https:\/\/elevatesurf.ch\/wp-content\/uploads\/2024\/06\/67c2ec70-bdf5-4c14-898a-ded5b2051398.jpg","width":1024,"height":1024,"caption":"Elevatesurf"},"image":{"@id":"https:\/\/elevatesurf.ch\/#\/schema\/logo\/image\/"},"sameAs":["https:\/\/www.instagram.com\/elevate__surf\/"]}]}},"_links":{"self":[{"href":"https:\/\/elevatesurf.ch\/fr\/wp-json\/wp\/v2\/product\/19954","targetHints":{"allow":["GET"]}}],"collection":[{"href":"https:\/\/elevatesurf.ch\/fr\/wp-json\/wp\/v2\/product"}],"about":[{"href":"https:\/\/elevatesurf.ch\/fr\/wp-json\/wp\/v2\/types\/product"}],"replies":[{"embeddable":true,"href":"https:\/\/elevatesurf.ch\/fr\/wp-json\/wp\/v2\/comments?post=19954"}],"wp:featuredmedia":[{"embeddable":true,"href":"https:\/\/elevatesurf.ch\/fr\/wp-json\/wp\/v2\/media\/19953"}],"wp:attachment":[{"href":"https:\/\/elevatesurf.ch\/fr\/wp-json\/wp\/v2\/media?parent=19954"}],"wp:term":[{"taxonomy":"product_cat","embeddable":true,"href":"https:\/\/elevatesurf.ch\/fr\/wp-json\/wp\/v2\/product_cat?post=19954"},{"taxonomy":"product_tag","embeddable":true,"href":"https:\/\/elevatesurf.ch\/fr\/wp-json\/wp\/v2\/product_tag?post=19954"}],"curies":[{"name":"wp","href":"https:\/\/api.w.org\/{rel}","templated":true}]}}