{"id":19958,"date":"2024-08-30T10:11:34","date_gmt":"2024-08-30T10:11:34","guid":{"rendered":"https:\/\/elevatesurf.ch\/product\/indiana-dockstart-foil-1200-h-ar-complete-carbon\/"},"modified":"2026-01-10T08:41:21","modified_gmt":"2026-01-10T08:41:21","slug":"indiana-dockstart-foil-1200-h-ar-complete-carbon","status":"publish","type":"product","link":"https:\/\/elevatesurf.ch\/fr\/product\/indiana-dockstart-foil-1200-h-ar-complete-carbon\/","title":{"rendered":"Indiana Dockstart Foil 1200 H-AR Complete Carbon"},"content":{"rendered":"<p>Schnell und wendig mit top Leistung im unteren Geschwindigkeitsbereich.Dieses Carbon\/Aluminium Setup mit dem 1200 H-AR-Front Wing und dem HP 420 Stabilizer auf der HP 610 Aluminium Fuselage bietet eine gro\u00dfe Bandbreite an Einstellungsm\u00f6glichkeiten. Der Winkel und die Position des Stabilizers k\u00f6nnen einfach verstellt werden. Dieses Setup ist f\u00fcr den fortgeschrittenen bis professionellen Dockstarter und Downwind Foiler designed. Es erm\u00f6glicht einen sehr tiefen Takeoff-Speed. Dank dem Speedpotential k\u00f6nnen aber grosse Distanzen in kurzer Zeit zur\u00fcckzulegt werden. Dieses Setup l\u00e4sst keine W\u00fcnsche offen betreffend Surffeeling und Carving. Es eignet sich auch hervorragend, um mit dem SUP Foil Board aus dem flachen Wasser starten.<\/p>\n","protected":false},"excerpt":{"rendered":"<p>Schnell und wendig mit top Leistung im unteren Geschwindigkeitsbereich.Dieses Carbon\/Aluminium Setup mit dem 1200 H-AR-Front Wing und dem HP 420 Stabilizer auf der HP 610 Aluminium Fuselage bietet eine gro\u00dfe Bandbreite an Einstellungsm\u00f6glichkeiten. Der Winkel und die Position des Stabilizers k\u00f6nnen einfach verstellt werden. Dieses Setup ist f\u00fcr den fortgeschrittenen bis professionellen Dockstarter und Downwind [&hellip;]<\/p>\n","protected":false},"featured_media":19957,"comment_status":"open","ping_status":"closed","template":"","meta":[],"product_cat":[643,138],"product_tag":[],"class_list":{"0":"post-19958","1":"product","2":"type-product","3":"status-publish","4":"has-post-thumbnail","6":"product_cat-foils","7":"product_cat-wingfoil-suisse-acheter","8":"product_brand-indiana-suisse","10":"first","11":"instock","12":"shipping-taxable","13":"purchasable","14":"product-type-simple"},"yoast_head":"<!-- This site is optimized with the Yoast SEO plugin v22.8 - https:\/\/yoast.com\/wordpress\/plugins\/seo\/ -->\n<title>Indiana Dockstart Foil 1200 H-AR Complete Carbon - Elevatesurf<\/title>\n<meta name=\"description\" content=\"Elevatesurf Indiana Dockstart Foil 1200 H-AR Complete Carbon\" \/>\n<meta name=\"robots\" content=\"index, follow, max-snippet:-1, max-image-preview:large, max-video-preview:-1\" \/>\n<link rel=\"canonical\" href=\"https:\/\/elevatesurf.ch\/fr\/product\/indiana-dockstart-foil-1200-h-ar-complete-carbon\/\" \/>\n<meta property=\"og:locale\" content=\"fr_FR\" \/>\n<meta property=\"og:type\" content=\"article\" \/>\n<meta property=\"og:title\" content=\"Indiana Dockstart Foil 1200 H-AR Complete Carbon - Elevatesurf\" \/>\n<meta property=\"og:description\" content=\"Elevatesurf Indiana Dockstart Foil 1200 H-AR Complete Carbon\" \/>\n<meta property=\"og:url\" content=\"https:\/\/elevatesurf.ch\/fr\/product\/indiana-dockstart-foil-1200-h-ar-complete-carbon\/\" \/>\n<meta property=\"og:site_name\" content=\"Elevatesurf\" \/>\n<meta property=\"article:modified_time\" content=\"2026-01-10T08:41:21+00:00\" \/>\n<meta property=\"og:image\" content=\"https:\/\/elevatesurf.ch\/wp-content\/uploads\/2024\/08\/3602SM_Dockstart_1200_H_AR_Complete_.png\" \/>\n\t<meta property=\"og:image:width\" content=\"2500\" \/>\n\t<meta property=\"og:image:height\" content=\"1932\" \/>\n\t<meta property=\"og:image:type\" content=\"image\/png\" \/>\n<meta name=\"twitter:card\" content=\"summary_large_image\" \/>\n<meta name=\"twitter:label1\" content=\"Dur\u00e9e de lecture estim\u00e9e\" \/>\n\t<meta name=\"twitter:data1\" content=\"1 minute\" \/>\n<script type=\"application\/ld+json\" class=\"yoast-schema-graph\">{\"@context\":\"https:\/\/schema.org\",\"@graph\":[{\"@type\":[\"WebPage\",\"ItemPage\"],\"@id\":\"https:\/\/elevatesurf.ch\/product\/indiana-dockstart-foil-1200-h-ar-complete-carbon\/\",\"url\":\"https:\/\/elevatesurf.ch\/product\/indiana-dockstart-foil-1200-h-ar-complete-carbon\/\",\"name\":\"Indiana Dockstart Foil 1200 H-AR Complete Carbon - Elevatesurf\",\"isPartOf\":{\"@id\":\"https:\/\/elevatesurf.ch\/#website\"},\"primaryImageOfPage\":{\"@id\":\"https:\/\/elevatesurf.ch\/product\/indiana-dockstart-foil-1200-h-ar-complete-carbon\/#primaryimage\"},\"image\":{\"@id\":\"https:\/\/elevatesurf.ch\/product\/indiana-dockstart-foil-1200-h-ar-complete-carbon\/#primaryimage\"},\"thumbnailUrl\":\"https:\/\/elevatesurf.ch\/wp-content\/uploads\/2024\/08\/3602SM_Dockstart_1200_H_AR_Complete_.png\",\"datePublished\":\"2024-08-30T10:11:34+00:00\",\"dateModified\":\"2026-01-10T08:41:21+00:00\",\"description\":\"Elevatesurf Indiana Dockstart Foil 1200 H-AR Complete Carbon\",\"breadcrumb\":{\"@id\":\"https:\/\/elevatesurf.ch\/product\/indiana-dockstart-foil-1200-h-ar-complete-carbon\/#breadcrumb\"},\"inLanguage\":\"fr-FR\",\"potentialAction\":[{\"@type\":\"ReadAction\",\"target\":[\"https:\/\/elevatesurf.ch\/product\/indiana-dockstart-foil-1200-h-ar-complete-carbon\/\"]}]},{\"@type\":\"ImageObject\",\"inLanguage\":\"fr-FR\",\"@id\":\"https:\/\/elevatesurf.ch\/product\/indiana-dockstart-foil-1200-h-ar-complete-carbon\/#primaryimage\",\"url\":\"https:\/\/elevatesurf.ch\/wp-content\/uploads\/2024\/08\/3602SM_Dockstart_1200_H_AR_Complete_.png\",\"contentUrl\":\"https:\/\/elevatesurf.ch\/wp-content\/uploads\/2024\/08\/3602SM_Dockstart_1200_H_AR_Complete_.png\",\"width\":2500,\"height\":1932},{\"@type\":\"BreadcrumbList\",\"@id\":\"https:\/\/elevatesurf.ch\/product\/indiana-dockstart-foil-1200-h-ar-complete-carbon\/#breadcrumb\",\"itemListElement\":[{\"@type\":\"ListItem\",\"position\":1,\"name\":\"Accueil\",\"item\":\"https:\/\/elevatesurf.ch\/\"},{\"@type\":\"ListItem\",\"position\":2,\"name\":\"Shop &#8211; \u00c9levez Votre Exp\u00e9rience de Surf avec Notre Collection\",\"item\":\"https:\/\/elevatesurf.ch\/shop\/\"},{\"@type\":\"ListItem\",\"position\":3,\"name\":\"Indiana Dockstart Foil 1200 H-AR Complete Carbon\"}]},{\"@type\":\"WebSite\",\"@id\":\"https:\/\/elevatesurf.ch\/#website\",\"url\":\"https:\/\/elevatesurf.ch\/\",\"name\":\"Elevatesurf\",\"description\":\"Surfez vers de nouveaux sommets avec ElevateSurf ! Kiteshop, Wingshop\",\"publisher\":{\"@id\":\"https:\/\/elevatesurf.ch\/#organization\"},\"potentialAction\":[{\"@type\":\"SearchAction\",\"target\":{\"@type\":\"EntryPoint\",\"urlTemplate\":\"https:\/\/elevatesurf.ch\/?s={search_term_string}\"},\"query-input\":\"required name=search_term_string\"}],\"inLanguage\":\"fr-FR\"},{\"@type\":\"Organization\",\"@id\":\"https:\/\/elevatesurf.ch\/#organization\",\"name\":\"Elevatesurf\",\"url\":\"https:\/\/elevatesurf.ch\/\",\"logo\":{\"@type\":\"ImageObject\",\"inLanguage\":\"fr-FR\",\"@id\":\"https:\/\/elevatesurf.ch\/#\/schema\/logo\/image\/\",\"url\":\"https:\/\/elevatesurf.ch\/wp-content\/uploads\/2024\/06\/67c2ec70-bdf5-4c14-898a-ded5b2051398.jpg\",\"contentUrl\":\"https:\/\/elevatesurf.ch\/wp-content\/uploads\/2024\/06\/67c2ec70-bdf5-4c14-898a-ded5b2051398.jpg\",\"width\":1024,\"height\":1024,\"caption\":\"Elevatesurf\"},\"image\":{\"@id\":\"https:\/\/elevatesurf.ch\/#\/schema\/logo\/image\/\"},\"sameAs\":[\"https:\/\/www.instagram.com\/elevate__surf\/\"]}]}<\/script>\n<!-- \/ Yoast SEO plugin. -->","yoast_head_json":{"title":"Indiana Dockstart Foil 1200 H-AR Complete Carbon - Elevatesurf","description":"Elevatesurf Indiana Dockstart Foil 1200 H-AR Complete Carbon","robots":{"index":"index","follow":"follow","max-snippet":"max-snippet:-1","max-image-preview":"max-image-preview:large","max-video-preview":"max-video-preview:-1"},"canonical":"https:\/\/elevatesurf.ch\/fr\/product\/indiana-dockstart-foil-1200-h-ar-complete-carbon\/","og_locale":"fr_FR","og_type":"article","og_title":"Indiana Dockstart Foil 1200 H-AR Complete Carbon - Elevatesurf","og_description":"Elevatesurf Indiana Dockstart Foil 1200 H-AR Complete Carbon","og_url":"https:\/\/elevatesurf.ch\/fr\/product\/indiana-dockstart-foil-1200-h-ar-complete-carbon\/","og_site_name":"Elevatesurf","article_modified_time":"2026-01-10T08:41:21+00:00","og_image":[{"width":2500,"height":1932,"url":"https:\/\/elevatesurf.ch\/wp-content\/uploads\/2024\/08\/3602SM_Dockstart_1200_H_AR_Complete_.png","type":"image\/png"}],"twitter_card":"summary_large_image","twitter_misc":{"Dur\u00e9e de lecture estim\u00e9e":"1 minute"},"schema":{"@context":"https:\/\/schema.org","@graph":[{"@type":["WebPage","ItemPage"],"@id":"https:\/\/elevatesurf.ch\/product\/indiana-dockstart-foil-1200-h-ar-complete-carbon\/","url":"https:\/\/elevatesurf.ch\/product\/indiana-dockstart-foil-1200-h-ar-complete-carbon\/","name":"Indiana Dockstart Foil 1200 H-AR Complete Carbon - Elevatesurf","isPartOf":{"@id":"https:\/\/elevatesurf.ch\/#website"},"primaryImageOfPage":{"@id":"https:\/\/elevatesurf.ch\/product\/indiana-dockstart-foil-1200-h-ar-complete-carbon\/#primaryimage"},"image":{"@id":"https:\/\/elevatesurf.ch\/product\/indiana-dockstart-foil-1200-h-ar-complete-carbon\/#primaryimage"},"thumbnailUrl":"https:\/\/elevatesurf.ch\/wp-content\/uploads\/2024\/08\/3602SM_Dockstart_1200_H_AR_Complete_.png","datePublished":"2024-08-30T10:11:34+00:00","dateModified":"2026-01-10T08:41:21+00:00","description":"Elevatesurf Indiana Dockstart Foil 1200 H-AR Complete Carbon","breadcrumb":{"@id":"https:\/\/elevatesurf.ch\/product\/indiana-dockstart-foil-1200-h-ar-complete-carbon\/#breadcrumb"},"inLanguage":"fr-FR","potentialAction":[{"@type":"ReadAction","target":["https:\/\/elevatesurf.ch\/product\/indiana-dockstart-foil-1200-h-ar-complete-carbon\/"]}]},{"@type":"ImageObject","inLanguage":"fr-FR","@id":"https:\/\/elevatesurf.ch\/product\/indiana-dockstart-foil-1200-h-ar-complete-carbon\/#primaryimage","url":"https:\/\/elevatesurf.ch\/wp-content\/uploads\/2024\/08\/3602SM_Dockstart_1200_H_AR_Complete_.png","contentUrl":"https:\/\/elevatesurf.ch\/wp-content\/uploads\/2024\/08\/3602SM_Dockstart_1200_H_AR_Complete_.png","width":2500,"height":1932},{"@type":"BreadcrumbList","@id":"https:\/\/elevatesurf.ch\/product\/indiana-dockstart-foil-1200-h-ar-complete-carbon\/#breadcrumb","itemListElement":[{"@type":"ListItem","position":1,"name":"Accueil","item":"https:\/\/elevatesurf.ch\/"},{"@type":"ListItem","position":2,"name":"Shop &#8211; \u00c9levez Votre Exp\u00e9rience de Surf avec Notre Collection","item":"https:\/\/elevatesurf.ch\/shop\/"},{"@type":"ListItem","position":3,"name":"Indiana Dockstart Foil 1200 H-AR Complete Carbon"}]},{"@type":"WebSite","@id":"https:\/\/elevatesurf.ch\/#website","url":"https:\/\/elevatesurf.ch\/","name":"Elevatesurf","description":"Surfez vers de nouveaux sommets avec ElevateSurf ! Kiteshop, Wingshop","publisher":{"@id":"https:\/\/elevatesurf.ch\/#organization"},"potentialAction":[{"@type":"SearchAction","target":{"@type":"EntryPoint","urlTemplate":"https:\/\/elevatesurf.ch\/?s={search_term_string}"},"query-input":"required name=search_term_string"}],"inLanguage":"fr-FR"},{"@type":"Organization","@id":"https:\/\/elevatesurf.ch\/#organization","name":"Elevatesurf","url":"https:\/\/elevatesurf.ch\/","logo":{"@type":"ImageObject","inLanguage":"fr-FR","@id":"https:\/\/elevatesurf.ch\/#\/schema\/logo\/image\/","url":"https:\/\/elevatesurf.ch\/wp-content\/uploads\/2024\/06\/67c2ec70-bdf5-4c14-898a-ded5b2051398.jpg","contentUrl":"https:\/\/elevatesurf.ch\/wp-content\/uploads\/2024\/06\/67c2ec70-bdf5-4c14-898a-ded5b2051398.jpg","width":1024,"height":1024,"caption":"Elevatesurf"},"image":{"@id":"https:\/\/elevatesurf.ch\/#\/schema\/logo\/image\/"},"sameAs":["https:\/\/www.instagram.com\/elevate__surf\/"]}]}},"_links":{"self":[{"href":"https:\/\/elevatesurf.ch\/fr\/wp-json\/wp\/v2\/product\/19958","targetHints":{"allow":["GET"]}}],"collection":[{"href":"https:\/\/elevatesurf.ch\/fr\/wp-json\/wp\/v2\/product"}],"about":[{"href":"https:\/\/elevatesurf.ch\/fr\/wp-json\/wp\/v2\/types\/product"}],"replies":[{"embeddable":true,"href":"https:\/\/elevatesurf.ch\/fr\/wp-json\/wp\/v2\/comments?post=19958"}],"wp:featuredmedia":[{"embeddable":true,"href":"https:\/\/elevatesurf.ch\/fr\/wp-json\/wp\/v2\/media\/19957"}],"wp:attachment":[{"href":"https:\/\/elevatesurf.ch\/fr\/wp-json\/wp\/v2\/media?parent=19958"}],"wp:term":[{"taxonomy":"product_cat","embeddable":true,"href":"https:\/\/elevatesurf.ch\/fr\/wp-json\/wp\/v2\/product_cat?post=19958"},{"taxonomy":"product_tag","embeddable":true,"href":"https:\/\/elevatesurf.ch\/fr\/wp-json\/wp\/v2\/product_tag?post=19958"}],"curies":[{"name":"wp","href":"https:\/\/api.w.org\/{rel}","templated":true}]}}