{"id":19991,"date":"2024-08-30T10:12:50","date_gmt":"2024-08-30T10:12:50","guid":{"rendered":"https:\/\/elevatesurf.ch\/product\/swim-buoy-by-restube\/"},"modified":"2026-01-10T08:41:21","modified_gmt":"2026-01-10T08:41:21","slug":"swim-buoy-by-restube","status":"publish","type":"product","link":"https:\/\/elevatesurf.ch\/fr\/product\/swim-buoy-by-restube\/","title":{"rendered":"Swim Buoy by Restube"},"content":{"rendered":"<p>F\u00fcr Sichtbarkeit beim Schwimmen, als zus\u00e4tzlicher Auftrieb und Drybag f\u00fcr Wassersportler. F\u00fcr die kleine Runde durch den See, das Training f\u00fcr den n\u00e4chsten Triathlon oder auch die weite Schwimmstrecken im offenen Meer. Die aufblasbare Schwimmboje bietet dir erh\u00f6hte Sicherheit durch Sichtbarkeit und griffbereiten Auftrieb, wenn du ihn brauchst. Einfach den G\u00fcrtel um die H\u00fcfte befestigen, die Luftkammer \u00fcber das Mundventil aufblasen und die Boje beim Schwimmen hinter dir herziehen. Die Boje hat so fast keinen Widerstand im Wasser. Du kannst auch in einem von der Luftkammer getrennten Bereich n\u00fctzliche Sachen wie beispielsweise einen Energieriegel oder deinen Schl\u00fcssel verstauen und hast sie so immer griffbereit bei dir.<\/p>\n<p>Auftrieb: 250N (incl. storage space)<br \/>\nVolumen 12,5L<br \/>\nMasse: 76cm x 35mm<br \/>\nGurtl\u00e4nge: max. 67cm, min. 36cm<br \/>\nGewicht: 210 g<br \/>\nUrsprungsland: Vietnam<br \/>\nLieferumfang: 1x Schwimmboje by RESTUBE<br \/>\nRestube READY: Ja<\/p>\n","protected":false},"excerpt":{"rendered":"<p>F\u00fcr Sichtbarkeit beim Schwimmen, als zus\u00e4tzlicher Auftrieb und Drybag f\u00fcr Wassersportler. F\u00fcr die kleine Runde durch den See, das Training f\u00fcr den n\u00e4chsten Triathlon oder auch die weite Schwimmstrecken im offenen Meer. Die aufblasbare Schwimmboje bietet dir erh\u00f6hte Sicherheit durch Sichtbarkeit und griffbereiten Auftrieb, wenn du ihn brauchst. Einfach den G\u00fcrtel um die H\u00fcfte befestigen, [&hellip;]<\/p>\n","protected":false},"featured_media":19990,"comment_status":"open","ping_status":"closed","template":"","meta":[],"product_cat":[977,978],"product_tag":[],"class_list":{"0":"post-19991","1":"product","2":"type-product","3":"status-publish","4":"has-post-thumbnail","6":"product_cat-accessoires","7":"product_cat-safety-accessoires","8":"product_brand-indiana-suisse","10":"first","11":"outofstock","12":"shipping-taxable","13":"purchasable","14":"product-type-simple"},"yoast_head":"<!-- This site is optimized with the Yoast SEO plugin v22.8 - https:\/\/yoast.com\/wordpress\/plugins\/seo\/ -->\n<title>Swim Buoy by Restube - Elevatesurf<\/title>\n<meta name=\"description\" content=\"Elevatesurf Swim Buoy by Restube\" \/>\n<meta name=\"robots\" content=\"index, follow, max-snippet:-1, max-image-preview:large, max-video-preview:-1\" \/>\n<link rel=\"canonical\" href=\"https:\/\/elevatesurf.ch\/fr\/product\/swim-buoy-by-restube\/\" \/>\n<meta property=\"og:locale\" content=\"fr_FR\" \/>\n<meta property=\"og:type\" content=\"article\" \/>\n<meta property=\"og:title\" content=\"Swim Buoy by Restube - Elevatesurf\" \/>\n<meta property=\"og:description\" content=\"Elevatesurf Swim Buoy by Restube\" \/>\n<meta property=\"og:url\" content=\"https:\/\/elevatesurf.ch\/fr\/product\/swim-buoy-by-restube\/\" \/>\n<meta property=\"og:site_name\" content=\"Elevatesurf\" \/>\n<meta property=\"article:modified_time\" content=\"2026-01-10T08:41:21+00:00\" \/>\n<meta property=\"og:image\" content=\"https:\/\/elevatesurf.ch\/wp-content\/uploads\/2024\/08\/Swim_Buoy_1_.jpg\" \/>\n\t<meta property=\"og:image:width\" content=\"1500\" \/>\n\t<meta property=\"og:image:height\" content=\"1500\" \/>\n\t<meta property=\"og:image:type\" content=\"image\/jpeg\" \/>\n<meta name=\"twitter:card\" content=\"summary_large_image\" \/>\n<meta name=\"twitter:label1\" content=\"Dur\u00e9e de lecture estim\u00e9e\" \/>\n\t<meta name=\"twitter:data1\" content=\"1 minute\" \/>\n<script type=\"application\/ld+json\" class=\"yoast-schema-graph\">{\"@context\":\"https:\/\/schema.org\",\"@graph\":[{\"@type\":[\"WebPage\",\"ItemPage\"],\"@id\":\"https:\/\/elevatesurf.ch\/product\/swim-buoy-by-restube\/\",\"url\":\"https:\/\/elevatesurf.ch\/product\/swim-buoy-by-restube\/\",\"name\":\"Swim Buoy by Restube - Elevatesurf\",\"isPartOf\":{\"@id\":\"https:\/\/elevatesurf.ch\/#website\"},\"primaryImageOfPage\":{\"@id\":\"https:\/\/elevatesurf.ch\/product\/swim-buoy-by-restube\/#primaryimage\"},\"image\":{\"@id\":\"https:\/\/elevatesurf.ch\/product\/swim-buoy-by-restube\/#primaryimage\"},\"thumbnailUrl\":\"https:\/\/elevatesurf.ch\/wp-content\/uploads\/2024\/08\/Swim_Buoy_1_.jpg\",\"datePublished\":\"2024-08-30T10:12:50+00:00\",\"dateModified\":\"2026-01-10T08:41:21+00:00\",\"description\":\"Elevatesurf Swim Buoy by Restube\",\"breadcrumb\":{\"@id\":\"https:\/\/elevatesurf.ch\/product\/swim-buoy-by-restube\/#breadcrumb\"},\"inLanguage\":\"fr-FR\",\"potentialAction\":[{\"@type\":\"ReadAction\",\"target\":[\"https:\/\/elevatesurf.ch\/product\/swim-buoy-by-restube\/\"]}]},{\"@type\":\"ImageObject\",\"inLanguage\":\"fr-FR\",\"@id\":\"https:\/\/elevatesurf.ch\/product\/swim-buoy-by-restube\/#primaryimage\",\"url\":\"https:\/\/elevatesurf.ch\/wp-content\/uploads\/2024\/08\/Swim_Buoy_1_.jpg\",\"contentUrl\":\"https:\/\/elevatesurf.ch\/wp-content\/uploads\/2024\/08\/Swim_Buoy_1_.jpg\",\"width\":1500,\"height\":1500},{\"@type\":\"BreadcrumbList\",\"@id\":\"https:\/\/elevatesurf.ch\/product\/swim-buoy-by-restube\/#breadcrumb\",\"itemListElement\":[{\"@type\":\"ListItem\",\"position\":1,\"name\":\"Accueil\",\"item\":\"https:\/\/elevatesurf.ch\/\"},{\"@type\":\"ListItem\",\"position\":2,\"name\":\"Shop &#8211; \u00c9levez Votre Exp\u00e9rience de Surf avec Notre Collection\",\"item\":\"https:\/\/elevatesurf.ch\/shop\/\"},{\"@type\":\"ListItem\",\"position\":3,\"name\":\"Swim Buoy by Restube\"}]},{\"@type\":\"WebSite\",\"@id\":\"https:\/\/elevatesurf.ch\/#website\",\"url\":\"https:\/\/elevatesurf.ch\/\",\"name\":\"Elevatesurf\",\"description\":\"Surfez vers de nouveaux sommets avec ElevateSurf ! Kiteshop, Wingshop\",\"publisher\":{\"@id\":\"https:\/\/elevatesurf.ch\/#organization\"},\"potentialAction\":[{\"@type\":\"SearchAction\",\"target\":{\"@type\":\"EntryPoint\",\"urlTemplate\":\"https:\/\/elevatesurf.ch\/?s={search_term_string}\"},\"query-input\":\"required name=search_term_string\"}],\"inLanguage\":\"fr-FR\"},{\"@type\":\"Organization\",\"@id\":\"https:\/\/elevatesurf.ch\/#organization\",\"name\":\"Elevatesurf\",\"url\":\"https:\/\/elevatesurf.ch\/\",\"logo\":{\"@type\":\"ImageObject\",\"inLanguage\":\"fr-FR\",\"@id\":\"https:\/\/elevatesurf.ch\/#\/schema\/logo\/image\/\",\"url\":\"https:\/\/elevatesurf.ch\/wp-content\/uploads\/2024\/06\/67c2ec70-bdf5-4c14-898a-ded5b2051398.jpg\",\"contentUrl\":\"https:\/\/elevatesurf.ch\/wp-content\/uploads\/2024\/06\/67c2ec70-bdf5-4c14-898a-ded5b2051398.jpg\",\"width\":1024,\"height\":1024,\"caption\":\"Elevatesurf\"},\"image\":{\"@id\":\"https:\/\/elevatesurf.ch\/#\/schema\/logo\/image\/\"},\"sameAs\":[\"https:\/\/www.instagram.com\/elevate__surf\/\"]}]}<\/script>\n<!-- \/ Yoast SEO plugin. -->","yoast_head_json":{"title":"Swim Buoy by Restube - Elevatesurf","description":"Elevatesurf Swim Buoy by Restube","robots":{"index":"index","follow":"follow","max-snippet":"max-snippet:-1","max-image-preview":"max-image-preview:large","max-video-preview":"max-video-preview:-1"},"canonical":"https:\/\/elevatesurf.ch\/fr\/product\/swim-buoy-by-restube\/","og_locale":"fr_FR","og_type":"article","og_title":"Swim Buoy by Restube - Elevatesurf","og_description":"Elevatesurf Swim Buoy by Restube","og_url":"https:\/\/elevatesurf.ch\/fr\/product\/swim-buoy-by-restube\/","og_site_name":"Elevatesurf","article_modified_time":"2026-01-10T08:41:21+00:00","og_image":[{"width":1500,"height":1500,"url":"https:\/\/elevatesurf.ch\/wp-content\/uploads\/2024\/08\/Swim_Buoy_1_.jpg","type":"image\/jpeg"}],"twitter_card":"summary_large_image","twitter_misc":{"Dur\u00e9e de lecture estim\u00e9e":"1 minute"},"schema":{"@context":"https:\/\/schema.org","@graph":[{"@type":["WebPage","ItemPage"],"@id":"https:\/\/elevatesurf.ch\/product\/swim-buoy-by-restube\/","url":"https:\/\/elevatesurf.ch\/product\/swim-buoy-by-restube\/","name":"Swim Buoy by Restube - Elevatesurf","isPartOf":{"@id":"https:\/\/elevatesurf.ch\/#website"},"primaryImageOfPage":{"@id":"https:\/\/elevatesurf.ch\/product\/swim-buoy-by-restube\/#primaryimage"},"image":{"@id":"https:\/\/elevatesurf.ch\/product\/swim-buoy-by-restube\/#primaryimage"},"thumbnailUrl":"https:\/\/elevatesurf.ch\/wp-content\/uploads\/2024\/08\/Swim_Buoy_1_.jpg","datePublished":"2024-08-30T10:12:50+00:00","dateModified":"2026-01-10T08:41:21+00:00","description":"Elevatesurf Swim Buoy by Restube","breadcrumb":{"@id":"https:\/\/elevatesurf.ch\/product\/swim-buoy-by-restube\/#breadcrumb"},"inLanguage":"fr-FR","potentialAction":[{"@type":"ReadAction","target":["https:\/\/elevatesurf.ch\/product\/swim-buoy-by-restube\/"]}]},{"@type":"ImageObject","inLanguage":"fr-FR","@id":"https:\/\/elevatesurf.ch\/product\/swim-buoy-by-restube\/#primaryimage","url":"https:\/\/elevatesurf.ch\/wp-content\/uploads\/2024\/08\/Swim_Buoy_1_.jpg","contentUrl":"https:\/\/elevatesurf.ch\/wp-content\/uploads\/2024\/08\/Swim_Buoy_1_.jpg","width":1500,"height":1500},{"@type":"BreadcrumbList","@id":"https:\/\/elevatesurf.ch\/product\/swim-buoy-by-restube\/#breadcrumb","itemListElement":[{"@type":"ListItem","position":1,"name":"Accueil","item":"https:\/\/elevatesurf.ch\/"},{"@type":"ListItem","position":2,"name":"Shop &#8211; \u00c9levez Votre Exp\u00e9rience de Surf avec Notre Collection","item":"https:\/\/elevatesurf.ch\/shop\/"},{"@type":"ListItem","position":3,"name":"Swim Buoy by Restube"}]},{"@type":"WebSite","@id":"https:\/\/elevatesurf.ch\/#website","url":"https:\/\/elevatesurf.ch\/","name":"Elevatesurf","description":"Surfez vers de nouveaux sommets avec ElevateSurf ! Kiteshop, Wingshop","publisher":{"@id":"https:\/\/elevatesurf.ch\/#organization"},"potentialAction":[{"@type":"SearchAction","target":{"@type":"EntryPoint","urlTemplate":"https:\/\/elevatesurf.ch\/?s={search_term_string}"},"query-input":"required name=search_term_string"}],"inLanguage":"fr-FR"},{"@type":"Organization","@id":"https:\/\/elevatesurf.ch\/#organization","name":"Elevatesurf","url":"https:\/\/elevatesurf.ch\/","logo":{"@type":"ImageObject","inLanguage":"fr-FR","@id":"https:\/\/elevatesurf.ch\/#\/schema\/logo\/image\/","url":"https:\/\/elevatesurf.ch\/wp-content\/uploads\/2024\/06\/67c2ec70-bdf5-4c14-898a-ded5b2051398.jpg","contentUrl":"https:\/\/elevatesurf.ch\/wp-content\/uploads\/2024\/06\/67c2ec70-bdf5-4c14-898a-ded5b2051398.jpg","width":1024,"height":1024,"caption":"Elevatesurf"},"image":{"@id":"https:\/\/elevatesurf.ch\/#\/schema\/logo\/image\/"},"sameAs":["https:\/\/www.instagram.com\/elevate__surf\/"]}]}},"_links":{"self":[{"href":"https:\/\/elevatesurf.ch\/fr\/wp-json\/wp\/v2\/product\/19991","targetHints":{"allow":["GET"]}}],"collection":[{"href":"https:\/\/elevatesurf.ch\/fr\/wp-json\/wp\/v2\/product"}],"about":[{"href":"https:\/\/elevatesurf.ch\/fr\/wp-json\/wp\/v2\/types\/product"}],"replies":[{"embeddable":true,"href":"https:\/\/elevatesurf.ch\/fr\/wp-json\/wp\/v2\/comments?post=19991"}],"wp:featuredmedia":[{"embeddable":true,"href":"https:\/\/elevatesurf.ch\/fr\/wp-json\/wp\/v2\/media\/19990"}],"wp:attachment":[{"href":"https:\/\/elevatesurf.ch\/fr\/wp-json\/wp\/v2\/media?parent=19991"}],"wp:term":[{"taxonomy":"product_cat","embeddable":true,"href":"https:\/\/elevatesurf.ch\/fr\/wp-json\/wp\/v2\/product_cat?post=19991"},{"taxonomy":"product_tag","embeddable":true,"href":"https:\/\/elevatesurf.ch\/fr\/wp-json\/wp\/v2\/product_tag?post=19991"}],"curies":[{"name":"wp","href":"https:\/\/api.w.org\/{rel}","templated":true}]}}