{"id":19995,"date":"2024-08-30T10:13:00","date_gmt":"2024-08-30T10:13:00","guid":{"rendered":"https:\/\/elevatesurf.ch\/product\/indiana-foil-hp-ld-carbon-mast-72-cm\/"},"modified":"2026-01-10T08:41:21","modified_gmt":"2026-01-10T08:41:21","slug":"indiana-foil-hp-ld-carbon-mast-72-cm","status":"publish","type":"product","link":"https:\/\/elevatesurf.ch\/fr\/product\/indiana-foil-hp-ld-carbon-mast-72-cm\/","title":{"rendered":"Indiana Foil HP LD Carbon Mast 72 cm"},"content":{"rendered":"<p>Das LD steht f\u00fcr low drag bzw. geringer Widerstand. Das 16 mm \u00abbullet nose\u00bb Profil erm\u00f6glicht es dem High Modulus Toray Carbon Masten perfekt durchs Wasser zu gleiten und beh\u00e4lt gleichzeitig die Steifheit in Flex und Torsion. Die abgerundete Nose des Profils hilft dabei die laminare Str\u00f6mung optimal in allen Anstellwinkeln zu halten. Was soviel heisst wie, keine performance Abstriche bei radikalen Turns und bei choppy Konditionen. 8 Montagel\u00f6cher in der Baseplate bieten mehr Optionen f\u00fcr die Foil-Position unterhalb des Boards. <\/p>\n<p>Der 72er Mast eignet sich sehr gut zum Pump-Foilen und ist eine gro\u00dfartige Wahl f\u00fcr seichte Gew\u00e4sser beim Wing-, Kite- und Surf-Foilen. Er hat auch eine gute Gr\u00f6\u00dfe f\u00fcr das Downwind-SUP-Foiling.<\/p>\n","protected":false},"excerpt":{"rendered":"<p>Das LD steht f\u00fcr low drag bzw. geringer Widerstand. Das 16 mm \u00abbullet nose\u00bb Profil erm\u00f6glicht es dem High Modulus Toray Carbon Masten perfekt durchs Wasser zu gleiten und beh\u00e4lt gleichzeitig die Steifheit in Flex und Torsion. Die abgerundete Nose des Profils hilft dabei die laminare Str\u00f6mung optimal in allen Anstellwinkeln zu halten. Was soviel [&hellip;]<\/p>\n","protected":false},"featured_media":19994,"comment_status":"open","ping_status":"closed","template":"","meta":[],"product_cat":[1015,138],"product_tag":[],"class_list":{"0":"post-19995","1":"product","2":"type-product","3":"status-publish","4":"has-post-thumbnail","6":"product_cat-mats","7":"product_cat-wingfoil-suisse-acheter","8":"product_brand-indiana-suisse","10":"first","11":"instock","12":"shipping-taxable","13":"purchasable","14":"product-type-simple"},"yoast_head":"<!-- This site is optimized with the Yoast SEO plugin v22.8 - https:\/\/yoast.com\/wordpress\/plugins\/seo\/ -->\n<title>Indiana Foil HP LD Carbon Mast 72 cm - Elevatesurf<\/title>\n<meta name=\"description\" content=\"Elevatesurf Indiana Foil HP LD Carbon Mast 72 cm\" \/>\n<meta name=\"robots\" content=\"index, follow, max-snippet:-1, max-image-preview:large, max-video-preview:-1\" \/>\n<link rel=\"canonical\" href=\"https:\/\/elevatesurf.ch\/fr\/product\/indiana-foil-hp-ld-carbon-mast-72-cm\/\" \/>\n<meta property=\"og:locale\" content=\"fr_FR\" \/>\n<meta property=\"og:type\" content=\"article\" \/>\n<meta property=\"og:title\" content=\"Indiana Foil HP LD Carbon Mast 72 cm - Elevatesurf\" \/>\n<meta property=\"og:description\" content=\"Elevatesurf Indiana Foil HP LD Carbon Mast 72 cm\" \/>\n<meta property=\"og:url\" content=\"https:\/\/elevatesurf.ch\/fr\/product\/indiana-foil-hp-ld-carbon-mast-72-cm\/\" \/>\n<meta property=\"og:site_name\" content=\"Elevatesurf\" \/>\n<meta property=\"article:modified_time\" content=\"2026-01-10T08:41:21+00:00\" \/>\n<meta property=\"og:image\" content=\"https:\/\/elevatesurf.ch\/wp-content\/uploads\/2024\/08\/3546SM_Indiana_Foil_HP_LD_Carbon_Mast_72cm_1__4.png\" \/>\n\t<meta property=\"og:image:width\" content=\"2500\" \/>\n\t<meta property=\"og:image:height\" content=\"1875\" \/>\n\t<meta property=\"og:image:type\" content=\"image\/png\" \/>\n<meta name=\"twitter:card\" content=\"summary_large_image\" \/>\n<meta name=\"twitter:label1\" content=\"Dur\u00e9e de lecture estim\u00e9e\" \/>\n\t<meta name=\"twitter:data1\" content=\"1 minute\" \/>\n<script type=\"application\/ld+json\" class=\"yoast-schema-graph\">{\"@context\":\"https:\/\/schema.org\",\"@graph\":[{\"@type\":[\"WebPage\",\"ItemPage\"],\"@id\":\"https:\/\/elevatesurf.ch\/product\/indiana-foil-hp-ld-carbon-mast-72-cm\/\",\"url\":\"https:\/\/elevatesurf.ch\/product\/indiana-foil-hp-ld-carbon-mast-72-cm\/\",\"name\":\"Indiana Foil HP LD Carbon Mast 72 cm - Elevatesurf\",\"isPartOf\":{\"@id\":\"https:\/\/elevatesurf.ch\/#website\"},\"primaryImageOfPage\":{\"@id\":\"https:\/\/elevatesurf.ch\/product\/indiana-foil-hp-ld-carbon-mast-72-cm\/#primaryimage\"},\"image\":{\"@id\":\"https:\/\/elevatesurf.ch\/product\/indiana-foil-hp-ld-carbon-mast-72-cm\/#primaryimage\"},\"thumbnailUrl\":\"https:\/\/elevatesurf.ch\/wp-content\/uploads\/2024\/08\/3546SM_Indiana_Foil_HP_LD_Carbon_Mast_72cm_1__4.png\",\"datePublished\":\"2024-08-30T10:13:00+00:00\",\"dateModified\":\"2026-01-10T08:41:21+00:00\",\"description\":\"Elevatesurf Indiana Foil HP LD Carbon Mast 72 cm\",\"breadcrumb\":{\"@id\":\"https:\/\/elevatesurf.ch\/product\/indiana-foil-hp-ld-carbon-mast-72-cm\/#breadcrumb\"},\"inLanguage\":\"fr-FR\",\"potentialAction\":[{\"@type\":\"ReadAction\",\"target\":[\"https:\/\/elevatesurf.ch\/product\/indiana-foil-hp-ld-carbon-mast-72-cm\/\"]}]},{\"@type\":\"ImageObject\",\"inLanguage\":\"fr-FR\",\"@id\":\"https:\/\/elevatesurf.ch\/product\/indiana-foil-hp-ld-carbon-mast-72-cm\/#primaryimage\",\"url\":\"https:\/\/elevatesurf.ch\/wp-content\/uploads\/2024\/08\/3546SM_Indiana_Foil_HP_LD_Carbon_Mast_72cm_1__4.png\",\"contentUrl\":\"https:\/\/elevatesurf.ch\/wp-content\/uploads\/2024\/08\/3546SM_Indiana_Foil_HP_LD_Carbon_Mast_72cm_1__4.png\",\"width\":2500,\"height\":1875},{\"@type\":\"BreadcrumbList\",\"@id\":\"https:\/\/elevatesurf.ch\/product\/indiana-foil-hp-ld-carbon-mast-72-cm\/#breadcrumb\",\"itemListElement\":[{\"@type\":\"ListItem\",\"position\":1,\"name\":\"Accueil\",\"item\":\"https:\/\/elevatesurf.ch\/\"},{\"@type\":\"ListItem\",\"position\":2,\"name\":\"Shop &#8211; \u00c9levez Votre Exp\u00e9rience de Surf avec Notre Collection\",\"item\":\"https:\/\/elevatesurf.ch\/shop\/\"},{\"@type\":\"ListItem\",\"position\":3,\"name\":\"Indiana Foil HP LD Carbon Mast 72 cm\"}]},{\"@type\":\"WebSite\",\"@id\":\"https:\/\/elevatesurf.ch\/#website\",\"url\":\"https:\/\/elevatesurf.ch\/\",\"name\":\"Elevatesurf\",\"description\":\"Surfez vers de nouveaux sommets avec ElevateSurf ! Kiteshop, Wingshop\",\"publisher\":{\"@id\":\"https:\/\/elevatesurf.ch\/#organization\"},\"potentialAction\":[{\"@type\":\"SearchAction\",\"target\":{\"@type\":\"EntryPoint\",\"urlTemplate\":\"https:\/\/elevatesurf.ch\/?s={search_term_string}\"},\"query-input\":\"required name=search_term_string\"}],\"inLanguage\":\"fr-FR\"},{\"@type\":\"Organization\",\"@id\":\"https:\/\/elevatesurf.ch\/#organization\",\"name\":\"Elevatesurf\",\"url\":\"https:\/\/elevatesurf.ch\/\",\"logo\":{\"@type\":\"ImageObject\",\"inLanguage\":\"fr-FR\",\"@id\":\"https:\/\/elevatesurf.ch\/#\/schema\/logo\/image\/\",\"url\":\"https:\/\/elevatesurf.ch\/wp-content\/uploads\/2024\/06\/67c2ec70-bdf5-4c14-898a-ded5b2051398.jpg\",\"contentUrl\":\"https:\/\/elevatesurf.ch\/wp-content\/uploads\/2024\/06\/67c2ec70-bdf5-4c14-898a-ded5b2051398.jpg\",\"width\":1024,\"height\":1024,\"caption\":\"Elevatesurf\"},\"image\":{\"@id\":\"https:\/\/elevatesurf.ch\/#\/schema\/logo\/image\/\"},\"sameAs\":[\"https:\/\/www.instagram.com\/elevate__surf\/\"]}]}<\/script>\n<!-- \/ Yoast SEO plugin. -->","yoast_head_json":{"title":"Indiana Foil HP LD Carbon Mast 72 cm - Elevatesurf","description":"Elevatesurf Indiana Foil HP LD Carbon Mast 72 cm","robots":{"index":"index","follow":"follow","max-snippet":"max-snippet:-1","max-image-preview":"max-image-preview:large","max-video-preview":"max-video-preview:-1"},"canonical":"https:\/\/elevatesurf.ch\/fr\/product\/indiana-foil-hp-ld-carbon-mast-72-cm\/","og_locale":"fr_FR","og_type":"article","og_title":"Indiana Foil HP LD Carbon Mast 72 cm - Elevatesurf","og_description":"Elevatesurf Indiana Foil HP LD Carbon Mast 72 cm","og_url":"https:\/\/elevatesurf.ch\/fr\/product\/indiana-foil-hp-ld-carbon-mast-72-cm\/","og_site_name":"Elevatesurf","article_modified_time":"2026-01-10T08:41:21+00:00","og_image":[{"width":2500,"height":1875,"url":"https:\/\/elevatesurf.ch\/wp-content\/uploads\/2024\/08\/3546SM_Indiana_Foil_HP_LD_Carbon_Mast_72cm_1__4.png","type":"image\/png"}],"twitter_card":"summary_large_image","twitter_misc":{"Dur\u00e9e de lecture estim\u00e9e":"1 minute"},"schema":{"@context":"https:\/\/schema.org","@graph":[{"@type":["WebPage","ItemPage"],"@id":"https:\/\/elevatesurf.ch\/product\/indiana-foil-hp-ld-carbon-mast-72-cm\/","url":"https:\/\/elevatesurf.ch\/product\/indiana-foil-hp-ld-carbon-mast-72-cm\/","name":"Indiana Foil HP LD Carbon Mast 72 cm - Elevatesurf","isPartOf":{"@id":"https:\/\/elevatesurf.ch\/#website"},"primaryImageOfPage":{"@id":"https:\/\/elevatesurf.ch\/product\/indiana-foil-hp-ld-carbon-mast-72-cm\/#primaryimage"},"image":{"@id":"https:\/\/elevatesurf.ch\/product\/indiana-foil-hp-ld-carbon-mast-72-cm\/#primaryimage"},"thumbnailUrl":"https:\/\/elevatesurf.ch\/wp-content\/uploads\/2024\/08\/3546SM_Indiana_Foil_HP_LD_Carbon_Mast_72cm_1__4.png","datePublished":"2024-08-30T10:13:00+00:00","dateModified":"2026-01-10T08:41:21+00:00","description":"Elevatesurf Indiana Foil HP LD Carbon Mast 72 cm","breadcrumb":{"@id":"https:\/\/elevatesurf.ch\/product\/indiana-foil-hp-ld-carbon-mast-72-cm\/#breadcrumb"},"inLanguage":"fr-FR","potentialAction":[{"@type":"ReadAction","target":["https:\/\/elevatesurf.ch\/product\/indiana-foil-hp-ld-carbon-mast-72-cm\/"]}]},{"@type":"ImageObject","inLanguage":"fr-FR","@id":"https:\/\/elevatesurf.ch\/product\/indiana-foil-hp-ld-carbon-mast-72-cm\/#primaryimage","url":"https:\/\/elevatesurf.ch\/wp-content\/uploads\/2024\/08\/3546SM_Indiana_Foil_HP_LD_Carbon_Mast_72cm_1__4.png","contentUrl":"https:\/\/elevatesurf.ch\/wp-content\/uploads\/2024\/08\/3546SM_Indiana_Foil_HP_LD_Carbon_Mast_72cm_1__4.png","width":2500,"height":1875},{"@type":"BreadcrumbList","@id":"https:\/\/elevatesurf.ch\/product\/indiana-foil-hp-ld-carbon-mast-72-cm\/#breadcrumb","itemListElement":[{"@type":"ListItem","position":1,"name":"Accueil","item":"https:\/\/elevatesurf.ch\/"},{"@type":"ListItem","position":2,"name":"Shop &#8211; \u00c9levez Votre Exp\u00e9rience de Surf avec Notre Collection","item":"https:\/\/elevatesurf.ch\/shop\/"},{"@type":"ListItem","position":3,"name":"Indiana Foil HP LD Carbon Mast 72 cm"}]},{"@type":"WebSite","@id":"https:\/\/elevatesurf.ch\/#website","url":"https:\/\/elevatesurf.ch\/","name":"Elevatesurf","description":"Surfez vers de nouveaux sommets avec ElevateSurf ! Kiteshop, Wingshop","publisher":{"@id":"https:\/\/elevatesurf.ch\/#organization"},"potentialAction":[{"@type":"SearchAction","target":{"@type":"EntryPoint","urlTemplate":"https:\/\/elevatesurf.ch\/?s={search_term_string}"},"query-input":"required name=search_term_string"}],"inLanguage":"fr-FR"},{"@type":"Organization","@id":"https:\/\/elevatesurf.ch\/#organization","name":"Elevatesurf","url":"https:\/\/elevatesurf.ch\/","logo":{"@type":"ImageObject","inLanguage":"fr-FR","@id":"https:\/\/elevatesurf.ch\/#\/schema\/logo\/image\/","url":"https:\/\/elevatesurf.ch\/wp-content\/uploads\/2024\/06\/67c2ec70-bdf5-4c14-898a-ded5b2051398.jpg","contentUrl":"https:\/\/elevatesurf.ch\/wp-content\/uploads\/2024\/06\/67c2ec70-bdf5-4c14-898a-ded5b2051398.jpg","width":1024,"height":1024,"caption":"Elevatesurf"},"image":{"@id":"https:\/\/elevatesurf.ch\/#\/schema\/logo\/image\/"},"sameAs":["https:\/\/www.instagram.com\/elevate__surf\/"]}]}},"_links":{"self":[{"href":"https:\/\/elevatesurf.ch\/fr\/wp-json\/wp\/v2\/product\/19995","targetHints":{"allow":["GET"]}}],"collection":[{"href":"https:\/\/elevatesurf.ch\/fr\/wp-json\/wp\/v2\/product"}],"about":[{"href":"https:\/\/elevatesurf.ch\/fr\/wp-json\/wp\/v2\/types\/product"}],"replies":[{"embeddable":true,"href":"https:\/\/elevatesurf.ch\/fr\/wp-json\/wp\/v2\/comments?post=19995"}],"wp:featuredmedia":[{"embeddable":true,"href":"https:\/\/elevatesurf.ch\/fr\/wp-json\/wp\/v2\/media\/19994"}],"wp:attachment":[{"href":"https:\/\/elevatesurf.ch\/fr\/wp-json\/wp\/v2\/media?parent=19995"}],"wp:term":[{"taxonomy":"product_cat","embeddable":true,"href":"https:\/\/elevatesurf.ch\/fr\/wp-json\/wp\/v2\/product_cat?post=19995"},{"taxonomy":"product_tag","embeddable":true,"href":"https:\/\/elevatesurf.ch\/fr\/wp-json\/wp\/v2\/product_tag?post=19995"}],"curies":[{"name":"wp","href":"https:\/\/api.w.org\/{rel}","templated":true}]}}