{"id":20009,"date":"2024-08-30T10:13:11","date_gmt":"2024-08-30T10:13:11","guid":{"rendered":"https:\/\/elevatesurf.ch\/product\/indiana-foil-hp-front-wing-le-doigt\/"},"modified":"2026-01-10T08:41:22","modified_gmt":"2026-01-10T08:41:22","slug":"indiana-foil-hp-front-wing-le-doigt","status":"publish","type":"product","link":"https:\/\/elevatesurf.ch\/fr\/product\/indiana-foil-hp-front-wing-le-doigt\/","title":{"rendered":"Indiana Foil HP Front Wing &lsquo;Le Doigt&rsquo;"},"content":{"rendered":"<p >Steeve \u201eLeDoigt\u201c Fleury ist einer der vielseitigsten und kreativsten Wassersportler der Welt. Deshalb mussten wir einen sehr vielseitigen Frontwing f\u00fcr ihn entwerfen. Steeve wollte einen Frontfl\u00fcgel, der fast alles kann und dennoch sehr verspielt und schnell ist. Deshalb haben wir mit einer mittleren\/hohen Streckung von 7.3 begonnen, um ihm ein gutes Gleichgewicht zwischen Geschwindigkeit und Agilit\u00e4t von Rail zu Rail zu bieten. Wir haben ein Profil verwendet, das einen enormen Geschwindigkeitsbereich bietet, aber ausreichend dick ist, um einfaches Pumpen und langes Gleiten zu erm\u00f6glichen. Der Fl\u00fcgel hat eine Gulwing Form mit einem 8\u00b0-Winkel, der an den Tips wieder in eine leichte Aufw\u00e4rtsbiegung \u00fcbergeht. Dies verleiht ihm Power in Kurven und sorgt f\u00fcr maximale Ventilations-resistenz, sodass bei harten Carves die Tips durchbrechen k\u00f6nnen, ohne bef\u00fcrchten zu m\u00fcssen, dass der Fl\u00fcgel Luft ansaugt.<\/p>\n<p><\/p>\n<p >Hier sind Steeves Gedanken \u00fcber seinen LeDoigt Front Wing:<br \/>\u201eDieser Fl\u00fcgel ist f\u00fcr das gedacht, was ich haupts\u00e4chlich an meiner Location habe, 10 bis 25 Knoten Wind, 50 cm bis 1,50 m Bodenwelle.<br \/>Der Wing hat eine tolle Geschwindigkeit und ist auch langsam genug, um auf unserem Heim-Bump zu bleiben.<br \/>Dieser Fl\u00fcgel hat genug Auftrieb, um einen Start bei niedriger Geschwindigkeit zu erm\u00f6glichen und ist f\u00fcr schwierige Bedingungen geeignet.<br \/>Es ist ein gro\u00dfartiges Foil f\u00fcr Leute, die gerne carven, bei Randbedingungen Surfen und Spa\u00df an extremer Kontrolle haben.<br \/>Ich benutze diesen Fl\u00fcgel zum Wingen, Pronesurfen, Downwind-Pumpen und Downwind SUPfoiling\u201c<br \/>Von Steeves empfohlener Stabilisator: 336 bei 1\u00b0<\/p>\n","protected":false},"excerpt":{"rendered":"<p>Steeve \u201eLeDoigt\u201c Fleury ist einer der vielseitigsten und kreativsten Wassersportler der Welt. Deshalb mussten wir einen sehr vielseitigen Frontwing f\u00fcr ihn entwerfen. Steeve wollte einen Frontfl\u00fcgel, der fast alles kann und dennoch sehr verspielt und schnell ist. Deshalb haben wir mit einer mittleren\/hohen Streckung von 7.3 begonnen, um ihm ein gutes Gleichgewicht zwischen Geschwindigkeit und [&hellip;]<\/p>\n","protected":false},"featured_media":20008,"comment_status":"open","ping_status":"closed","template":"","meta":[],"product_cat":[138],"product_tag":[],"class_list":{"0":"post-20009","1":"product","2":"type-product","3":"status-publish","4":"has-post-thumbnail","6":"product_cat-wingfoil-suisse-acheter","7":"product_brand-indiana-suisse","9":"first","10":"outofstock","11":"shipping-taxable","12":"purchasable","13":"product-type-simple"},"yoast_head":"<!-- This site is optimized with the Yoast SEO plugin v22.8 - https:\/\/yoast.com\/wordpress\/plugins\/seo\/ -->\n<title>Indiana Foil HP Front Wing &#039;Le Doigt&#039; - Elevatesurf<\/title>\n<meta name=\"description\" content=\"Elevatesurf Indiana Foil HP Front Wing &#039;Le Doigt&#039;\" \/>\n<meta name=\"robots\" content=\"index, follow, max-snippet:-1, max-image-preview:large, max-video-preview:-1\" \/>\n<link rel=\"canonical\" href=\"https:\/\/elevatesurf.ch\/fr\/product\/indiana-foil-hp-front-wing-le-doigt\/\" \/>\n<meta property=\"og:locale\" content=\"fr_FR\" \/>\n<meta property=\"og:type\" content=\"article\" \/>\n<meta property=\"og:title\" content=\"Indiana Foil HP Front Wing &#039;Le Doigt&#039; - Elevatesurf\" \/>\n<meta property=\"og:description\" content=\"Elevatesurf Indiana Foil HP Front Wing &#039;Le Doigt&#039;\" \/>\n<meta property=\"og:url\" content=\"https:\/\/elevatesurf.ch\/fr\/product\/indiana-foil-hp-front-wing-le-doigt\/\" \/>\n<meta property=\"og:site_name\" content=\"Elevatesurf\" \/>\n<meta property=\"article:modified_time\" content=\"2026-01-10T08:41:22+00:00\" \/>\n<meta property=\"og:image\" content=\"https:\/\/elevatesurf.ch\/wp-content\/uploads\/2024\/08\/3517SQ_Indiana_Foil_HP_Front_Wing_LeDoigt_M_Buttom_.png\" \/>\n\t<meta property=\"og:image:width\" content=\"1664\" \/>\n\t<meta property=\"og:image:height\" content=\"450\" \/>\n\t<meta property=\"og:image:type\" content=\"image\/png\" \/>\n<meta name=\"twitter:card\" content=\"summary_large_image\" \/>\n<meta name=\"twitter:label1\" content=\"Dur\u00e9e de lecture estim\u00e9e\" \/>\n\t<meta name=\"twitter:data1\" content=\"1 minute\" \/>\n<script type=\"application\/ld+json\" class=\"yoast-schema-graph\">{\"@context\":\"https:\/\/schema.org\",\"@graph\":[{\"@type\":[\"WebPage\",\"ItemPage\"],\"@id\":\"https:\/\/elevatesurf.ch\/product\/indiana-foil-hp-front-wing-le-doigt\/\",\"url\":\"https:\/\/elevatesurf.ch\/product\/indiana-foil-hp-front-wing-le-doigt\/\",\"name\":\"Indiana Foil HP Front Wing 'Le Doigt' - Elevatesurf\",\"isPartOf\":{\"@id\":\"https:\/\/elevatesurf.ch\/#website\"},\"primaryImageOfPage\":{\"@id\":\"https:\/\/elevatesurf.ch\/product\/indiana-foil-hp-front-wing-le-doigt\/#primaryimage\"},\"image\":{\"@id\":\"https:\/\/elevatesurf.ch\/product\/indiana-foil-hp-front-wing-le-doigt\/#primaryimage\"},\"thumbnailUrl\":\"https:\/\/elevatesurf.ch\/wp-content\/uploads\/2024\/08\/3517SQ_Indiana_Foil_HP_Front_Wing_LeDoigt_M_Buttom_.png\",\"datePublished\":\"2024-08-30T10:13:11+00:00\",\"dateModified\":\"2026-01-10T08:41:22+00:00\",\"description\":\"Elevatesurf Indiana Foil HP Front Wing 'Le Doigt'\",\"breadcrumb\":{\"@id\":\"https:\/\/elevatesurf.ch\/product\/indiana-foil-hp-front-wing-le-doigt\/#breadcrumb\"},\"inLanguage\":\"fr-FR\",\"potentialAction\":[{\"@type\":\"ReadAction\",\"target\":[\"https:\/\/elevatesurf.ch\/product\/indiana-foil-hp-front-wing-le-doigt\/\"]}]},{\"@type\":\"ImageObject\",\"inLanguage\":\"fr-FR\",\"@id\":\"https:\/\/elevatesurf.ch\/product\/indiana-foil-hp-front-wing-le-doigt\/#primaryimage\",\"url\":\"https:\/\/elevatesurf.ch\/wp-content\/uploads\/2024\/08\/3517SQ_Indiana_Foil_HP_Front_Wing_LeDoigt_M_Buttom_.png\",\"contentUrl\":\"https:\/\/elevatesurf.ch\/wp-content\/uploads\/2024\/08\/3517SQ_Indiana_Foil_HP_Front_Wing_LeDoigt_M_Buttom_.png\",\"width\":1664,\"height\":450},{\"@type\":\"BreadcrumbList\",\"@id\":\"https:\/\/elevatesurf.ch\/product\/indiana-foil-hp-front-wing-le-doigt\/#breadcrumb\",\"itemListElement\":[{\"@type\":\"ListItem\",\"position\":1,\"name\":\"Accueil\",\"item\":\"https:\/\/elevatesurf.ch\/\"},{\"@type\":\"ListItem\",\"position\":2,\"name\":\"Shop &#8211; \u00c9levez Votre Exp\u00e9rience de Surf avec Notre Collection\",\"item\":\"https:\/\/elevatesurf.ch\/shop\/\"},{\"@type\":\"ListItem\",\"position\":3,\"name\":\"Indiana Foil HP Front Wing &#8216;Le Doigt&#8217;\"}]},{\"@type\":\"WebSite\",\"@id\":\"https:\/\/elevatesurf.ch\/#website\",\"url\":\"https:\/\/elevatesurf.ch\/\",\"name\":\"Elevatesurf\",\"description\":\"Surfez vers de nouveaux sommets avec ElevateSurf ! Kiteshop, Wingshop\",\"publisher\":{\"@id\":\"https:\/\/elevatesurf.ch\/#organization\"},\"potentialAction\":[{\"@type\":\"SearchAction\",\"target\":{\"@type\":\"EntryPoint\",\"urlTemplate\":\"https:\/\/elevatesurf.ch\/?s={search_term_string}\"},\"query-input\":\"required name=search_term_string\"}],\"inLanguage\":\"fr-FR\"},{\"@type\":\"Organization\",\"@id\":\"https:\/\/elevatesurf.ch\/#organization\",\"name\":\"Elevatesurf\",\"url\":\"https:\/\/elevatesurf.ch\/\",\"logo\":{\"@type\":\"ImageObject\",\"inLanguage\":\"fr-FR\",\"@id\":\"https:\/\/elevatesurf.ch\/#\/schema\/logo\/image\/\",\"url\":\"https:\/\/elevatesurf.ch\/wp-content\/uploads\/2024\/06\/67c2ec70-bdf5-4c14-898a-ded5b2051398.jpg\",\"contentUrl\":\"https:\/\/elevatesurf.ch\/wp-content\/uploads\/2024\/06\/67c2ec70-bdf5-4c14-898a-ded5b2051398.jpg\",\"width\":1024,\"height\":1024,\"caption\":\"Elevatesurf\"},\"image\":{\"@id\":\"https:\/\/elevatesurf.ch\/#\/schema\/logo\/image\/\"},\"sameAs\":[\"https:\/\/www.instagram.com\/elevate__surf\/\"]}]}<\/script>\n<!-- \/ Yoast SEO plugin. -->","yoast_head_json":{"title":"Indiana Foil HP Front Wing 'Le Doigt' - Elevatesurf","description":"Elevatesurf Indiana Foil HP Front Wing 'Le Doigt'","robots":{"index":"index","follow":"follow","max-snippet":"max-snippet:-1","max-image-preview":"max-image-preview:large","max-video-preview":"max-video-preview:-1"},"canonical":"https:\/\/elevatesurf.ch\/fr\/product\/indiana-foil-hp-front-wing-le-doigt\/","og_locale":"fr_FR","og_type":"article","og_title":"Indiana Foil HP Front Wing 'Le Doigt' - Elevatesurf","og_description":"Elevatesurf Indiana Foil HP Front Wing 'Le Doigt'","og_url":"https:\/\/elevatesurf.ch\/fr\/product\/indiana-foil-hp-front-wing-le-doigt\/","og_site_name":"Elevatesurf","article_modified_time":"2026-01-10T08:41:22+00:00","og_image":[{"width":1664,"height":450,"url":"https:\/\/elevatesurf.ch\/wp-content\/uploads\/2024\/08\/3517SQ_Indiana_Foil_HP_Front_Wing_LeDoigt_M_Buttom_.png","type":"image\/png"}],"twitter_card":"summary_large_image","twitter_misc":{"Dur\u00e9e de lecture estim\u00e9e":"1 minute"},"schema":{"@context":"https:\/\/schema.org","@graph":[{"@type":["WebPage","ItemPage"],"@id":"https:\/\/elevatesurf.ch\/product\/indiana-foil-hp-front-wing-le-doigt\/","url":"https:\/\/elevatesurf.ch\/product\/indiana-foil-hp-front-wing-le-doigt\/","name":"Indiana Foil HP Front Wing 'Le Doigt' - Elevatesurf","isPartOf":{"@id":"https:\/\/elevatesurf.ch\/#website"},"primaryImageOfPage":{"@id":"https:\/\/elevatesurf.ch\/product\/indiana-foil-hp-front-wing-le-doigt\/#primaryimage"},"image":{"@id":"https:\/\/elevatesurf.ch\/product\/indiana-foil-hp-front-wing-le-doigt\/#primaryimage"},"thumbnailUrl":"https:\/\/elevatesurf.ch\/wp-content\/uploads\/2024\/08\/3517SQ_Indiana_Foil_HP_Front_Wing_LeDoigt_M_Buttom_.png","datePublished":"2024-08-30T10:13:11+00:00","dateModified":"2026-01-10T08:41:22+00:00","description":"Elevatesurf Indiana Foil HP Front Wing 'Le Doigt'","breadcrumb":{"@id":"https:\/\/elevatesurf.ch\/product\/indiana-foil-hp-front-wing-le-doigt\/#breadcrumb"},"inLanguage":"fr-FR","potentialAction":[{"@type":"ReadAction","target":["https:\/\/elevatesurf.ch\/product\/indiana-foil-hp-front-wing-le-doigt\/"]}]},{"@type":"ImageObject","inLanguage":"fr-FR","@id":"https:\/\/elevatesurf.ch\/product\/indiana-foil-hp-front-wing-le-doigt\/#primaryimage","url":"https:\/\/elevatesurf.ch\/wp-content\/uploads\/2024\/08\/3517SQ_Indiana_Foil_HP_Front_Wing_LeDoigt_M_Buttom_.png","contentUrl":"https:\/\/elevatesurf.ch\/wp-content\/uploads\/2024\/08\/3517SQ_Indiana_Foil_HP_Front_Wing_LeDoigt_M_Buttom_.png","width":1664,"height":450},{"@type":"BreadcrumbList","@id":"https:\/\/elevatesurf.ch\/product\/indiana-foil-hp-front-wing-le-doigt\/#breadcrumb","itemListElement":[{"@type":"ListItem","position":1,"name":"Accueil","item":"https:\/\/elevatesurf.ch\/"},{"@type":"ListItem","position":2,"name":"Shop &#8211; \u00c9levez Votre Exp\u00e9rience de Surf avec Notre Collection","item":"https:\/\/elevatesurf.ch\/shop\/"},{"@type":"ListItem","position":3,"name":"Indiana Foil HP Front Wing &#8216;Le Doigt&#8217;"}]},{"@type":"WebSite","@id":"https:\/\/elevatesurf.ch\/#website","url":"https:\/\/elevatesurf.ch\/","name":"Elevatesurf","description":"Surfez vers de nouveaux sommets avec ElevateSurf ! Kiteshop, Wingshop","publisher":{"@id":"https:\/\/elevatesurf.ch\/#organization"},"potentialAction":[{"@type":"SearchAction","target":{"@type":"EntryPoint","urlTemplate":"https:\/\/elevatesurf.ch\/?s={search_term_string}"},"query-input":"required name=search_term_string"}],"inLanguage":"fr-FR"},{"@type":"Organization","@id":"https:\/\/elevatesurf.ch\/#organization","name":"Elevatesurf","url":"https:\/\/elevatesurf.ch\/","logo":{"@type":"ImageObject","inLanguage":"fr-FR","@id":"https:\/\/elevatesurf.ch\/#\/schema\/logo\/image\/","url":"https:\/\/elevatesurf.ch\/wp-content\/uploads\/2024\/06\/67c2ec70-bdf5-4c14-898a-ded5b2051398.jpg","contentUrl":"https:\/\/elevatesurf.ch\/wp-content\/uploads\/2024\/06\/67c2ec70-bdf5-4c14-898a-ded5b2051398.jpg","width":1024,"height":1024,"caption":"Elevatesurf"},"image":{"@id":"https:\/\/elevatesurf.ch\/#\/schema\/logo\/image\/"},"sameAs":["https:\/\/www.instagram.com\/elevate__surf\/"]}]}},"_links":{"self":[{"href":"https:\/\/elevatesurf.ch\/fr\/wp-json\/wp\/v2\/product\/20009","targetHints":{"allow":["GET"]}}],"collection":[{"href":"https:\/\/elevatesurf.ch\/fr\/wp-json\/wp\/v2\/product"}],"about":[{"href":"https:\/\/elevatesurf.ch\/fr\/wp-json\/wp\/v2\/types\/product"}],"replies":[{"embeddable":true,"href":"https:\/\/elevatesurf.ch\/fr\/wp-json\/wp\/v2\/comments?post=20009"}],"wp:featuredmedia":[{"embeddable":true,"href":"https:\/\/elevatesurf.ch\/fr\/wp-json\/wp\/v2\/media\/20008"}],"wp:attachment":[{"href":"https:\/\/elevatesurf.ch\/fr\/wp-json\/wp\/v2\/media?parent=20009"}],"wp:term":[{"taxonomy":"product_cat","embeddable":true,"href":"https:\/\/elevatesurf.ch\/fr\/wp-json\/wp\/v2\/product_cat?post=20009"},{"taxonomy":"product_tag","embeddable":true,"href":"https:\/\/elevatesurf.ch\/fr\/wp-json\/wp\/v2\/product_tag?post=20009"}],"curies":[{"name":"wp","href":"https:\/\/api.w.org\/{rel}","templated":true}]}}