{"id":20017,"date":"2024-08-30T10:13:44","date_gmt":"2024-08-30T10:13:44","guid":{"rendered":"https:\/\/elevatesurf.ch\/product\/indiana-wingfoil-964-m-ar-complete-alu\/"},"modified":"2026-01-10T08:41:22","modified_gmt":"2026-01-10T08:41:22","slug":"indiana-wingfoil-964-m-ar-complete-alu","status":"publish","type":"product","link":"https:\/\/elevatesurf.ch\/fr\/product\/indiana-wingfoil-964-m-ar-complete-alu\/","title":{"rendered":"Indiana Wingfoil 964 M-AR Complete Alu"},"content":{"rendered":"<p>Die tolle Kombination f\u00fcr ambitionierte schwerere Fahrer und leichte Einsteiger. Dieses Komplettset besteht aus dem M-AR 964-Frontfl\u00fcgel in Kombination mit dem S400-Stabilisator auf der langen 710-Alu-Fuselage. Dies sorgt dank der Stabilit\u00e4t des l\u00e4ngeren Masts und des gr\u00f6\u00dferen Stabilisators f\u00fcr einen ruhigen Flug, ist aber etwas schneller und agiler als das 1054 Complete SetM-AR ist unsere Mid-Aspect-Ratio-Serie, die prim\u00e4r f\u00fcrs Wingfoilen designt ist. Die Fl\u00fcgel funktionieren in einem breiten Spektrum von Bedingungen, von Flachwasser zu Wellen und garantieren Spa\u00df f\u00fcr Einsteiger und Experten.Das Design ist sehr benutzerfreundlich mit einem fr\u00fchen Takeoff und einer niedrigen Stallgeschwindigkeit. Das Verhalten ist sehr angenehm und kontrollierbar. Die M-AR Frontwings sind sehr schnell und verf\u00fcgen mit genau der richtigen Prise Agilit\u00e4t und Stabilit\u00e4t ausgezeichnete Allrounder Eigenschaften. Beim Carven haben die Fl\u00fcgel eine herausragende Tip Breach Recovery, was bedeutet, dass die Spitzen die Wasseroberfl\u00e4che durchbrechen k\u00f6nnen, ohne Luft zu ziehen und einen unliebsamen Str\u00f6mungsabriss zu produzieren.<br \/>\n&nbsp;<\/p>\n","protected":false},"excerpt":{"rendered":"<p>Die tolle Kombination f\u00fcr ambitionierte schwerere Fahrer und leichte Einsteiger. Dieses Komplettset besteht aus dem M-AR 964-Frontfl\u00fcgel in Kombination mit dem S400-Stabilisator auf der langen 710-Alu-Fuselage. Dies sorgt dank der Stabilit\u00e4t des l\u00e4ngeren Masts und des gr\u00f6\u00dferen Stabilisators f\u00fcr einen ruhigen Flug, ist aber etwas schneller und agiler als das 1054 Complete SetM-AR ist unsere [&hellip;]<\/p>\n","protected":false},"featured_media":20016,"comment_status":"open","ping_status":"closed","template":"","meta":[],"product_cat":[643,138],"product_tag":[],"class_list":{"0":"post-20017","1":"product","2":"type-product","3":"status-publish","4":"has-post-thumbnail","6":"product_cat-foils","7":"product_cat-wingfoil-suisse-acheter","8":"product_brand-indiana-suisse","10":"first","11":"instock","12":"shipping-taxable","13":"purchasable","14":"product-type-simple"},"yoast_head":"<!-- This site is optimized with the Yoast SEO plugin v22.8 - https:\/\/yoast.com\/wordpress\/plugins\/seo\/ -->\n<title>Indiana Wingfoil 964 M-AR Complete Alu - Elevatesurf<\/title>\n<meta name=\"description\" content=\"Elevatesurf Indiana Wingfoil 964 M-AR Complete Alu\" \/>\n<meta name=\"robots\" content=\"index, follow, max-snippet:-1, max-image-preview:large, max-video-preview:-1\" \/>\n<link rel=\"canonical\" href=\"https:\/\/elevatesurf.ch\/fr\/product\/indiana-wingfoil-964-m-ar-complete-alu\/\" \/>\n<meta property=\"og:locale\" content=\"fr_FR\" \/>\n<meta property=\"og:type\" content=\"article\" \/>\n<meta property=\"og:title\" content=\"Indiana Wingfoil 964 M-AR Complete Alu - Elevatesurf\" \/>\n<meta property=\"og:description\" content=\"Elevatesurf Indiana Wingfoil 964 M-AR Complete Alu\" \/>\n<meta property=\"og:url\" content=\"https:\/\/elevatesurf.ch\/fr\/product\/indiana-wingfoil-964-m-ar-complete-alu\/\" \/>\n<meta property=\"og:site_name\" content=\"Elevatesurf\" \/>\n<meta property=\"article:modified_time\" content=\"2026-01-10T08:41:22+00:00\" \/>\n<meta property=\"og:image\" content=\"https:\/\/elevatesurf.ch\/wp-content\/uploads\/2024\/08\/3613SM_Wingfoil_964_M_AR_Complete_.png\" \/>\n\t<meta property=\"og:image:width\" content=\"2500\" \/>\n\t<meta property=\"og:image:height\" content=\"1932\" \/>\n\t<meta property=\"og:image:type\" content=\"image\/png\" \/>\n<meta name=\"twitter:card\" content=\"summary_large_image\" \/>\n<meta name=\"twitter:label1\" content=\"Dur\u00e9e de lecture estim\u00e9e\" \/>\n\t<meta name=\"twitter:data1\" content=\"1 minute\" \/>\n<script type=\"application\/ld+json\" class=\"yoast-schema-graph\">{\"@context\":\"https:\/\/schema.org\",\"@graph\":[{\"@type\":[\"WebPage\",\"ItemPage\"],\"@id\":\"https:\/\/elevatesurf.ch\/product\/indiana-wingfoil-964-m-ar-complete-alu\/\",\"url\":\"https:\/\/elevatesurf.ch\/product\/indiana-wingfoil-964-m-ar-complete-alu\/\",\"name\":\"Indiana Wingfoil 964 M-AR Complete Alu - Elevatesurf\",\"isPartOf\":{\"@id\":\"https:\/\/elevatesurf.ch\/#website\"},\"primaryImageOfPage\":{\"@id\":\"https:\/\/elevatesurf.ch\/product\/indiana-wingfoil-964-m-ar-complete-alu\/#primaryimage\"},\"image\":{\"@id\":\"https:\/\/elevatesurf.ch\/product\/indiana-wingfoil-964-m-ar-complete-alu\/#primaryimage\"},\"thumbnailUrl\":\"https:\/\/elevatesurf.ch\/wp-content\/uploads\/2024\/08\/3613SM_Wingfoil_964_M_AR_Complete_.png\",\"datePublished\":\"2024-08-30T10:13:44+00:00\",\"dateModified\":\"2026-01-10T08:41:22+00:00\",\"description\":\"Elevatesurf Indiana Wingfoil 964 M-AR Complete Alu\",\"breadcrumb\":{\"@id\":\"https:\/\/elevatesurf.ch\/product\/indiana-wingfoil-964-m-ar-complete-alu\/#breadcrumb\"},\"inLanguage\":\"fr-FR\",\"potentialAction\":[{\"@type\":\"ReadAction\",\"target\":[\"https:\/\/elevatesurf.ch\/product\/indiana-wingfoil-964-m-ar-complete-alu\/\"]}]},{\"@type\":\"ImageObject\",\"inLanguage\":\"fr-FR\",\"@id\":\"https:\/\/elevatesurf.ch\/product\/indiana-wingfoil-964-m-ar-complete-alu\/#primaryimage\",\"url\":\"https:\/\/elevatesurf.ch\/wp-content\/uploads\/2024\/08\/3613SM_Wingfoil_964_M_AR_Complete_.png\",\"contentUrl\":\"https:\/\/elevatesurf.ch\/wp-content\/uploads\/2024\/08\/3613SM_Wingfoil_964_M_AR_Complete_.png\",\"width\":2500,\"height\":1932},{\"@type\":\"BreadcrumbList\",\"@id\":\"https:\/\/elevatesurf.ch\/product\/indiana-wingfoil-964-m-ar-complete-alu\/#breadcrumb\",\"itemListElement\":[{\"@type\":\"ListItem\",\"position\":1,\"name\":\"Accueil\",\"item\":\"https:\/\/elevatesurf.ch\/\"},{\"@type\":\"ListItem\",\"position\":2,\"name\":\"Shop &#8211; \u00c9levez Votre Exp\u00e9rience de Surf avec Notre Collection\",\"item\":\"https:\/\/elevatesurf.ch\/shop\/\"},{\"@type\":\"ListItem\",\"position\":3,\"name\":\"Indiana Wingfoil 964 M-AR Complete Alu\"}]},{\"@type\":\"WebSite\",\"@id\":\"https:\/\/elevatesurf.ch\/#website\",\"url\":\"https:\/\/elevatesurf.ch\/\",\"name\":\"Elevatesurf\",\"description\":\"Surfez vers de nouveaux sommets avec ElevateSurf ! Kiteshop, Wingshop\",\"publisher\":{\"@id\":\"https:\/\/elevatesurf.ch\/#organization\"},\"potentialAction\":[{\"@type\":\"SearchAction\",\"target\":{\"@type\":\"EntryPoint\",\"urlTemplate\":\"https:\/\/elevatesurf.ch\/?s={search_term_string}\"},\"query-input\":\"required name=search_term_string\"}],\"inLanguage\":\"fr-FR\"},{\"@type\":\"Organization\",\"@id\":\"https:\/\/elevatesurf.ch\/#organization\",\"name\":\"Elevatesurf\",\"url\":\"https:\/\/elevatesurf.ch\/\",\"logo\":{\"@type\":\"ImageObject\",\"inLanguage\":\"fr-FR\",\"@id\":\"https:\/\/elevatesurf.ch\/#\/schema\/logo\/image\/\",\"url\":\"https:\/\/elevatesurf.ch\/wp-content\/uploads\/2024\/06\/67c2ec70-bdf5-4c14-898a-ded5b2051398.jpg\",\"contentUrl\":\"https:\/\/elevatesurf.ch\/wp-content\/uploads\/2024\/06\/67c2ec70-bdf5-4c14-898a-ded5b2051398.jpg\",\"width\":1024,\"height\":1024,\"caption\":\"Elevatesurf\"},\"image\":{\"@id\":\"https:\/\/elevatesurf.ch\/#\/schema\/logo\/image\/\"},\"sameAs\":[\"https:\/\/www.instagram.com\/elevate__surf\/\"]}]}<\/script>\n<!-- \/ Yoast SEO plugin. -->","yoast_head_json":{"title":"Indiana Wingfoil 964 M-AR Complete Alu - Elevatesurf","description":"Elevatesurf Indiana Wingfoil 964 M-AR Complete Alu","robots":{"index":"index","follow":"follow","max-snippet":"max-snippet:-1","max-image-preview":"max-image-preview:large","max-video-preview":"max-video-preview:-1"},"canonical":"https:\/\/elevatesurf.ch\/fr\/product\/indiana-wingfoil-964-m-ar-complete-alu\/","og_locale":"fr_FR","og_type":"article","og_title":"Indiana Wingfoil 964 M-AR Complete Alu - Elevatesurf","og_description":"Elevatesurf Indiana Wingfoil 964 M-AR Complete Alu","og_url":"https:\/\/elevatesurf.ch\/fr\/product\/indiana-wingfoil-964-m-ar-complete-alu\/","og_site_name":"Elevatesurf","article_modified_time":"2026-01-10T08:41:22+00:00","og_image":[{"width":2500,"height":1932,"url":"https:\/\/elevatesurf.ch\/wp-content\/uploads\/2024\/08\/3613SM_Wingfoil_964_M_AR_Complete_.png","type":"image\/png"}],"twitter_card":"summary_large_image","twitter_misc":{"Dur\u00e9e de lecture estim\u00e9e":"1 minute"},"schema":{"@context":"https:\/\/schema.org","@graph":[{"@type":["WebPage","ItemPage"],"@id":"https:\/\/elevatesurf.ch\/product\/indiana-wingfoil-964-m-ar-complete-alu\/","url":"https:\/\/elevatesurf.ch\/product\/indiana-wingfoil-964-m-ar-complete-alu\/","name":"Indiana Wingfoil 964 M-AR Complete Alu - Elevatesurf","isPartOf":{"@id":"https:\/\/elevatesurf.ch\/#website"},"primaryImageOfPage":{"@id":"https:\/\/elevatesurf.ch\/product\/indiana-wingfoil-964-m-ar-complete-alu\/#primaryimage"},"image":{"@id":"https:\/\/elevatesurf.ch\/product\/indiana-wingfoil-964-m-ar-complete-alu\/#primaryimage"},"thumbnailUrl":"https:\/\/elevatesurf.ch\/wp-content\/uploads\/2024\/08\/3613SM_Wingfoil_964_M_AR_Complete_.png","datePublished":"2024-08-30T10:13:44+00:00","dateModified":"2026-01-10T08:41:22+00:00","description":"Elevatesurf Indiana Wingfoil 964 M-AR Complete Alu","breadcrumb":{"@id":"https:\/\/elevatesurf.ch\/product\/indiana-wingfoil-964-m-ar-complete-alu\/#breadcrumb"},"inLanguage":"fr-FR","potentialAction":[{"@type":"ReadAction","target":["https:\/\/elevatesurf.ch\/product\/indiana-wingfoil-964-m-ar-complete-alu\/"]}]},{"@type":"ImageObject","inLanguage":"fr-FR","@id":"https:\/\/elevatesurf.ch\/product\/indiana-wingfoil-964-m-ar-complete-alu\/#primaryimage","url":"https:\/\/elevatesurf.ch\/wp-content\/uploads\/2024\/08\/3613SM_Wingfoil_964_M_AR_Complete_.png","contentUrl":"https:\/\/elevatesurf.ch\/wp-content\/uploads\/2024\/08\/3613SM_Wingfoil_964_M_AR_Complete_.png","width":2500,"height":1932},{"@type":"BreadcrumbList","@id":"https:\/\/elevatesurf.ch\/product\/indiana-wingfoil-964-m-ar-complete-alu\/#breadcrumb","itemListElement":[{"@type":"ListItem","position":1,"name":"Accueil","item":"https:\/\/elevatesurf.ch\/"},{"@type":"ListItem","position":2,"name":"Shop &#8211; \u00c9levez Votre Exp\u00e9rience de Surf avec Notre Collection","item":"https:\/\/elevatesurf.ch\/shop\/"},{"@type":"ListItem","position":3,"name":"Indiana Wingfoil 964 M-AR Complete Alu"}]},{"@type":"WebSite","@id":"https:\/\/elevatesurf.ch\/#website","url":"https:\/\/elevatesurf.ch\/","name":"Elevatesurf","description":"Surfez vers de nouveaux sommets avec ElevateSurf ! Kiteshop, Wingshop","publisher":{"@id":"https:\/\/elevatesurf.ch\/#organization"},"potentialAction":[{"@type":"SearchAction","target":{"@type":"EntryPoint","urlTemplate":"https:\/\/elevatesurf.ch\/?s={search_term_string}"},"query-input":"required name=search_term_string"}],"inLanguage":"fr-FR"},{"@type":"Organization","@id":"https:\/\/elevatesurf.ch\/#organization","name":"Elevatesurf","url":"https:\/\/elevatesurf.ch\/","logo":{"@type":"ImageObject","inLanguage":"fr-FR","@id":"https:\/\/elevatesurf.ch\/#\/schema\/logo\/image\/","url":"https:\/\/elevatesurf.ch\/wp-content\/uploads\/2024\/06\/67c2ec70-bdf5-4c14-898a-ded5b2051398.jpg","contentUrl":"https:\/\/elevatesurf.ch\/wp-content\/uploads\/2024\/06\/67c2ec70-bdf5-4c14-898a-ded5b2051398.jpg","width":1024,"height":1024,"caption":"Elevatesurf"},"image":{"@id":"https:\/\/elevatesurf.ch\/#\/schema\/logo\/image\/"},"sameAs":["https:\/\/www.instagram.com\/elevate__surf\/"]}]}},"_links":{"self":[{"href":"https:\/\/elevatesurf.ch\/fr\/wp-json\/wp\/v2\/product\/20017","targetHints":{"allow":["GET"]}}],"collection":[{"href":"https:\/\/elevatesurf.ch\/fr\/wp-json\/wp\/v2\/product"}],"about":[{"href":"https:\/\/elevatesurf.ch\/fr\/wp-json\/wp\/v2\/types\/product"}],"replies":[{"embeddable":true,"href":"https:\/\/elevatesurf.ch\/fr\/wp-json\/wp\/v2\/comments?post=20017"}],"wp:featuredmedia":[{"embeddable":true,"href":"https:\/\/elevatesurf.ch\/fr\/wp-json\/wp\/v2\/media\/20016"}],"wp:attachment":[{"href":"https:\/\/elevatesurf.ch\/fr\/wp-json\/wp\/v2\/media?parent=20017"}],"wp:term":[{"taxonomy":"product_cat","embeddable":true,"href":"https:\/\/elevatesurf.ch\/fr\/wp-json\/wp\/v2\/product_cat?post=20017"},{"taxonomy":"product_tag","embeddable":true,"href":"https:\/\/elevatesurf.ch\/fr\/wp-json\/wp\/v2\/product_tag?post=20017"}],"curies":[{"name":"wp","href":"https:\/\/api.w.org\/{rel}","templated":true}]}}