{"id":20019,"date":"2024-08-30T10:13:53","date_gmt":"2024-08-30T10:13:53","guid":{"rendered":"https:\/\/elevatesurf.ch\/product\/indiana-windfoil-1190p-complete-alu\/"},"modified":"2026-01-10T08:41:22","modified_gmt":"2026-01-10T08:41:22","slug":"indiana-windfoil-1190p-complete-alu","status":"publish","type":"product","link":"https:\/\/elevatesurf.ch\/fr\/product\/indiana-windfoil-1190p-complete-alu\/","title":{"rendered":"Indiana Windfoil 1190P Complete Alu"},"content":{"rendered":"<p>Das ultimative Wind Foil Leichtwind Setup.<\/p>\n<p>Der 1190P Front Wing hat eine extrem niedrige Startgeschwindigkeit und erm\u00f6glicht es Fahrern, bei sehr leichtem Wind ins Fliegen zu kommen. Das Set wird mit dem 90 cm langen Alu Mast, dem HP 520 Stabilizer und der HP Alu Fuselage 900 ausgeliefert. Diese Geometrie erlaubt es, den Mast mit der Baseplate in der Standardposition auf Windsurfbrettern zu positionieren (Deep Tuttle Box Adapter auch separat erh\u00e4ltlich). Die Fuselage kann mittels l\u00e4ngers Stab-Distanz auf maximale Stabilit\u00e4t getrimmt werden, was den Start sehr einfach macht. Fortgeschrittene Foiler verk\u00fcrzen die Stab-Position, was die Effizienz beim Pumpen und die Agilit\u00e4t erh\u00f6ht.<\/p>\n","protected":false},"excerpt":{"rendered":"<p>Das ultimative Wind Foil Leichtwind Setup. Der 1190P Front Wing hat eine extrem niedrige Startgeschwindigkeit und erm\u00f6glicht es Fahrern, bei sehr leichtem Wind ins Fliegen zu kommen. Das Set wird mit dem 90 cm langen Alu Mast, dem HP 520 Stabilizer und der HP Alu Fuselage 900 ausgeliefert. Diese Geometrie erlaubt es, den Mast mit [&hellip;]<\/p>\n","protected":false},"featured_media":20018,"comment_status":"open","ping_status":"closed","template":"","meta":[],"product_cat":[643,138],"product_tag":[],"class_list":{"0":"post-20019","1":"product","2":"type-product","3":"status-publish","4":"has-post-thumbnail","6":"product_cat-foils","7":"product_cat-wingfoil-suisse-acheter","8":"product_brand-indiana-suisse","10":"first","11":"instock","12":"shipping-taxable","13":"purchasable","14":"product-type-simple"},"yoast_head":"<!-- This site is optimized with the Yoast SEO plugin v22.8 - https:\/\/yoast.com\/wordpress\/plugins\/seo\/ -->\n<title>Indiana Windfoil 1190P Complete Alu - Elevatesurf<\/title>\n<meta name=\"description\" content=\"Elevatesurf Indiana Windfoil 1190P Complete Alu\" \/>\n<meta name=\"robots\" content=\"index, follow, max-snippet:-1, max-image-preview:large, max-video-preview:-1\" \/>\n<link rel=\"canonical\" href=\"https:\/\/elevatesurf.ch\/fr\/product\/indiana-windfoil-1190p-complete-alu\/\" \/>\n<meta property=\"og:locale\" content=\"fr_FR\" \/>\n<meta property=\"og:type\" content=\"article\" \/>\n<meta property=\"og:title\" content=\"Indiana Windfoil 1190P Complete Alu - Elevatesurf\" \/>\n<meta property=\"og:description\" content=\"Elevatesurf Indiana Windfoil 1190P Complete Alu\" \/>\n<meta property=\"og:url\" content=\"https:\/\/elevatesurf.ch\/fr\/product\/indiana-windfoil-1190p-complete-alu\/\" \/>\n<meta property=\"og:site_name\" content=\"Elevatesurf\" \/>\n<meta property=\"article:modified_time\" content=\"2026-01-10T08:41:22+00:00\" \/>\n<meta property=\"og:image\" content=\"https:\/\/elevatesurf.ch\/wp-content\/uploads\/2024\/08\/3614SM_Windfoil_1190_P_Complete_.png\" \/>\n\t<meta property=\"og:image:width\" content=\"2500\" \/>\n\t<meta property=\"og:image:height\" content=\"1932\" \/>\n\t<meta property=\"og:image:type\" content=\"image\/png\" \/>\n<meta name=\"twitter:card\" content=\"summary_large_image\" \/>\n<meta name=\"twitter:label1\" content=\"Dur\u00e9e de lecture estim\u00e9e\" \/>\n\t<meta name=\"twitter:data1\" content=\"1 minute\" \/>\n<script type=\"application\/ld+json\" class=\"yoast-schema-graph\">{\"@context\":\"https:\/\/schema.org\",\"@graph\":[{\"@type\":[\"WebPage\",\"ItemPage\"],\"@id\":\"https:\/\/elevatesurf.ch\/product\/indiana-windfoil-1190p-complete-alu\/\",\"url\":\"https:\/\/elevatesurf.ch\/product\/indiana-windfoil-1190p-complete-alu\/\",\"name\":\"Indiana Windfoil 1190P Complete Alu - Elevatesurf\",\"isPartOf\":{\"@id\":\"https:\/\/elevatesurf.ch\/#website\"},\"primaryImageOfPage\":{\"@id\":\"https:\/\/elevatesurf.ch\/product\/indiana-windfoil-1190p-complete-alu\/#primaryimage\"},\"image\":{\"@id\":\"https:\/\/elevatesurf.ch\/product\/indiana-windfoil-1190p-complete-alu\/#primaryimage\"},\"thumbnailUrl\":\"https:\/\/elevatesurf.ch\/wp-content\/uploads\/2024\/08\/3614SM_Windfoil_1190_P_Complete_.png\",\"datePublished\":\"2024-08-30T10:13:53+00:00\",\"dateModified\":\"2026-01-10T08:41:22+00:00\",\"description\":\"Elevatesurf Indiana Windfoil 1190P Complete Alu\",\"breadcrumb\":{\"@id\":\"https:\/\/elevatesurf.ch\/product\/indiana-windfoil-1190p-complete-alu\/#breadcrumb\"},\"inLanguage\":\"fr-FR\",\"potentialAction\":[{\"@type\":\"ReadAction\",\"target\":[\"https:\/\/elevatesurf.ch\/product\/indiana-windfoil-1190p-complete-alu\/\"]}]},{\"@type\":\"ImageObject\",\"inLanguage\":\"fr-FR\",\"@id\":\"https:\/\/elevatesurf.ch\/product\/indiana-windfoil-1190p-complete-alu\/#primaryimage\",\"url\":\"https:\/\/elevatesurf.ch\/wp-content\/uploads\/2024\/08\/3614SM_Windfoil_1190_P_Complete_.png\",\"contentUrl\":\"https:\/\/elevatesurf.ch\/wp-content\/uploads\/2024\/08\/3614SM_Windfoil_1190_P_Complete_.png\",\"width\":2500,\"height\":1932},{\"@type\":\"BreadcrumbList\",\"@id\":\"https:\/\/elevatesurf.ch\/product\/indiana-windfoil-1190p-complete-alu\/#breadcrumb\",\"itemListElement\":[{\"@type\":\"ListItem\",\"position\":1,\"name\":\"Accueil\",\"item\":\"https:\/\/elevatesurf.ch\/\"},{\"@type\":\"ListItem\",\"position\":2,\"name\":\"Shop &#8211; \u00c9levez Votre Exp\u00e9rience de Surf avec Notre Collection\",\"item\":\"https:\/\/elevatesurf.ch\/shop\/\"},{\"@type\":\"ListItem\",\"position\":3,\"name\":\"Indiana Windfoil 1190P Complete Alu\"}]},{\"@type\":\"WebSite\",\"@id\":\"https:\/\/elevatesurf.ch\/#website\",\"url\":\"https:\/\/elevatesurf.ch\/\",\"name\":\"Elevatesurf\",\"description\":\"Surfez vers de nouveaux sommets avec ElevateSurf ! Kiteshop, Wingshop\",\"publisher\":{\"@id\":\"https:\/\/elevatesurf.ch\/#organization\"},\"potentialAction\":[{\"@type\":\"SearchAction\",\"target\":{\"@type\":\"EntryPoint\",\"urlTemplate\":\"https:\/\/elevatesurf.ch\/?s={search_term_string}\"},\"query-input\":\"required name=search_term_string\"}],\"inLanguage\":\"fr-FR\"},{\"@type\":\"Organization\",\"@id\":\"https:\/\/elevatesurf.ch\/#organization\",\"name\":\"Elevatesurf\",\"url\":\"https:\/\/elevatesurf.ch\/\",\"logo\":{\"@type\":\"ImageObject\",\"inLanguage\":\"fr-FR\",\"@id\":\"https:\/\/elevatesurf.ch\/#\/schema\/logo\/image\/\",\"url\":\"https:\/\/elevatesurf.ch\/wp-content\/uploads\/2024\/06\/67c2ec70-bdf5-4c14-898a-ded5b2051398.jpg\",\"contentUrl\":\"https:\/\/elevatesurf.ch\/wp-content\/uploads\/2024\/06\/67c2ec70-bdf5-4c14-898a-ded5b2051398.jpg\",\"width\":1024,\"height\":1024,\"caption\":\"Elevatesurf\"},\"image\":{\"@id\":\"https:\/\/elevatesurf.ch\/#\/schema\/logo\/image\/\"},\"sameAs\":[\"https:\/\/www.instagram.com\/elevate__surf\/\"]}]}<\/script>\n<!-- \/ Yoast SEO plugin. -->","yoast_head_json":{"title":"Indiana Windfoil 1190P Complete Alu - Elevatesurf","description":"Elevatesurf Indiana Windfoil 1190P Complete Alu","robots":{"index":"index","follow":"follow","max-snippet":"max-snippet:-1","max-image-preview":"max-image-preview:large","max-video-preview":"max-video-preview:-1"},"canonical":"https:\/\/elevatesurf.ch\/fr\/product\/indiana-windfoil-1190p-complete-alu\/","og_locale":"fr_FR","og_type":"article","og_title":"Indiana Windfoil 1190P Complete Alu - Elevatesurf","og_description":"Elevatesurf Indiana Windfoil 1190P Complete Alu","og_url":"https:\/\/elevatesurf.ch\/fr\/product\/indiana-windfoil-1190p-complete-alu\/","og_site_name":"Elevatesurf","article_modified_time":"2026-01-10T08:41:22+00:00","og_image":[{"width":2500,"height":1932,"url":"https:\/\/elevatesurf.ch\/wp-content\/uploads\/2024\/08\/3614SM_Windfoil_1190_P_Complete_.png","type":"image\/png"}],"twitter_card":"summary_large_image","twitter_misc":{"Dur\u00e9e de lecture estim\u00e9e":"1 minute"},"schema":{"@context":"https:\/\/schema.org","@graph":[{"@type":["WebPage","ItemPage"],"@id":"https:\/\/elevatesurf.ch\/product\/indiana-windfoil-1190p-complete-alu\/","url":"https:\/\/elevatesurf.ch\/product\/indiana-windfoil-1190p-complete-alu\/","name":"Indiana Windfoil 1190P Complete Alu - Elevatesurf","isPartOf":{"@id":"https:\/\/elevatesurf.ch\/#website"},"primaryImageOfPage":{"@id":"https:\/\/elevatesurf.ch\/product\/indiana-windfoil-1190p-complete-alu\/#primaryimage"},"image":{"@id":"https:\/\/elevatesurf.ch\/product\/indiana-windfoil-1190p-complete-alu\/#primaryimage"},"thumbnailUrl":"https:\/\/elevatesurf.ch\/wp-content\/uploads\/2024\/08\/3614SM_Windfoil_1190_P_Complete_.png","datePublished":"2024-08-30T10:13:53+00:00","dateModified":"2026-01-10T08:41:22+00:00","description":"Elevatesurf Indiana Windfoil 1190P Complete Alu","breadcrumb":{"@id":"https:\/\/elevatesurf.ch\/product\/indiana-windfoil-1190p-complete-alu\/#breadcrumb"},"inLanguage":"fr-FR","potentialAction":[{"@type":"ReadAction","target":["https:\/\/elevatesurf.ch\/product\/indiana-windfoil-1190p-complete-alu\/"]}]},{"@type":"ImageObject","inLanguage":"fr-FR","@id":"https:\/\/elevatesurf.ch\/product\/indiana-windfoil-1190p-complete-alu\/#primaryimage","url":"https:\/\/elevatesurf.ch\/wp-content\/uploads\/2024\/08\/3614SM_Windfoil_1190_P_Complete_.png","contentUrl":"https:\/\/elevatesurf.ch\/wp-content\/uploads\/2024\/08\/3614SM_Windfoil_1190_P_Complete_.png","width":2500,"height":1932},{"@type":"BreadcrumbList","@id":"https:\/\/elevatesurf.ch\/product\/indiana-windfoil-1190p-complete-alu\/#breadcrumb","itemListElement":[{"@type":"ListItem","position":1,"name":"Accueil","item":"https:\/\/elevatesurf.ch\/"},{"@type":"ListItem","position":2,"name":"Shop &#8211; \u00c9levez Votre Exp\u00e9rience de Surf avec Notre Collection","item":"https:\/\/elevatesurf.ch\/shop\/"},{"@type":"ListItem","position":3,"name":"Indiana Windfoil 1190P Complete Alu"}]},{"@type":"WebSite","@id":"https:\/\/elevatesurf.ch\/#website","url":"https:\/\/elevatesurf.ch\/","name":"Elevatesurf","description":"Surfez vers de nouveaux sommets avec ElevateSurf ! Kiteshop, Wingshop","publisher":{"@id":"https:\/\/elevatesurf.ch\/#organization"},"potentialAction":[{"@type":"SearchAction","target":{"@type":"EntryPoint","urlTemplate":"https:\/\/elevatesurf.ch\/?s={search_term_string}"},"query-input":"required name=search_term_string"}],"inLanguage":"fr-FR"},{"@type":"Organization","@id":"https:\/\/elevatesurf.ch\/#organization","name":"Elevatesurf","url":"https:\/\/elevatesurf.ch\/","logo":{"@type":"ImageObject","inLanguage":"fr-FR","@id":"https:\/\/elevatesurf.ch\/#\/schema\/logo\/image\/","url":"https:\/\/elevatesurf.ch\/wp-content\/uploads\/2024\/06\/67c2ec70-bdf5-4c14-898a-ded5b2051398.jpg","contentUrl":"https:\/\/elevatesurf.ch\/wp-content\/uploads\/2024\/06\/67c2ec70-bdf5-4c14-898a-ded5b2051398.jpg","width":1024,"height":1024,"caption":"Elevatesurf"},"image":{"@id":"https:\/\/elevatesurf.ch\/#\/schema\/logo\/image\/"},"sameAs":["https:\/\/www.instagram.com\/elevate__surf\/"]}]}},"_links":{"self":[{"href":"https:\/\/elevatesurf.ch\/fr\/wp-json\/wp\/v2\/product\/20019","targetHints":{"allow":["GET"]}}],"collection":[{"href":"https:\/\/elevatesurf.ch\/fr\/wp-json\/wp\/v2\/product"}],"about":[{"href":"https:\/\/elevatesurf.ch\/fr\/wp-json\/wp\/v2\/types\/product"}],"replies":[{"embeddable":true,"href":"https:\/\/elevatesurf.ch\/fr\/wp-json\/wp\/v2\/comments?post=20019"}],"wp:featuredmedia":[{"embeddable":true,"href":"https:\/\/elevatesurf.ch\/fr\/wp-json\/wp\/v2\/media\/20018"}],"wp:attachment":[{"href":"https:\/\/elevatesurf.ch\/fr\/wp-json\/wp\/v2\/media?parent=20019"}],"wp:term":[{"taxonomy":"product_cat","embeddable":true,"href":"https:\/\/elevatesurf.ch\/fr\/wp-json\/wp\/v2\/product_cat?post=20019"},{"taxonomy":"product_tag","embeddable":true,"href":"https:\/\/elevatesurf.ch\/fr\/wp-json\/wp\/v2\/product_tag?post=20019"}],"curies":[{"name":"wp","href":"https:\/\/api.w.org\/{rel}","templated":true}]}}