{"id":20025,"date":"2024-08-30T10:13:56","date_gmt":"2024-08-30T10:13:56","guid":{"rendered":"https:\/\/elevatesurf.ch\/product\/restube-co2-pack-10x\/"},"modified":"2026-01-10T08:41:22","modified_gmt":"2026-01-10T08:41:22","slug":"restube-co2-pack-10x","status":"publish","type":"product","link":"https:\/\/elevatesurf.ch\/fr\/product\/restube-co2-pack-10x\/","title":{"rendered":"Restube CO2 Pack 10x"},"content":{"rendered":"<p>Original Restube Ersatzpatronen 16 g CO2 mit Gewinde, nur f\u00fcr Restube beach geeignet.<br \/>\n&#8211; Original Ersatzpatronen f\u00fcr Restube beach<br \/>\n&#8211; 10,9g CO2 mit Gewinde<br \/>\n&#8211; Entspricht DIN EN ISO 12402-7 &nbsp;<br \/>\n&#8211; Salzwasserfest<br \/>\n&#8211; 100% F\u00fcllstand gepr\u00fcft<br \/>\n&#8211; Normierte Einstichkappe<br \/>\n&#8211; F\u00fcr Flugtransport IATA<br \/>\n&#8211; bzw. TSA-Bestimmungen beachten: www.restube.com\/fly<\/p>\n","protected":false},"excerpt":{"rendered":"<p>Original Restube Ersatzpatronen 16 g CO2 mit Gewinde, nur f\u00fcr Restube beach geeignet. &#8211; Original Ersatzpatronen f\u00fcr Restube beach &#8211; 10,9g CO2 mit Gewinde &#8211; Entspricht DIN EN ISO 12402-7 &nbsp; &#8211; Salzwasserfest &#8211; 100% F\u00fcllstand gepr\u00fcft &#8211; Normierte Einstichkappe &#8211; F\u00fcr Flugtransport IATA &#8211; bzw. TSA-Bestimmungen beachten: www.restube.com\/fly<\/p>\n","protected":false},"featured_media":20024,"comment_status":"open","ping_status":"closed","template":"","meta":[],"product_cat":[977,978],"product_tag":[],"class_list":{"0":"post-20025","1":"product","2":"type-product","3":"status-publish","4":"has-post-thumbnail","6":"product_cat-accessoires","7":"product_cat-safety-accessoires","8":"product_brand-indiana-suisse","10":"first","11":"instock","12":"shipping-taxable","13":"purchasable","14":"product-type-simple"},"yoast_head":"<!-- This site is optimized with the Yoast SEO plugin v22.8 - https:\/\/yoast.com\/wordpress\/plugins\/seo\/ -->\n<title>Restube CO2 Pack 10x - Elevatesurf<\/title>\n<meta name=\"description\" content=\"Elevatesurf Restube CO2 Pack 10x\" \/>\n<meta name=\"robots\" content=\"index, follow, max-snippet:-1, max-image-preview:large, max-video-preview:-1\" \/>\n<link rel=\"canonical\" href=\"https:\/\/elevatesurf.ch\/fr\/product\/restube-co2-pack-10x\/\" \/>\n<meta property=\"og:locale\" content=\"fr_FR\" \/>\n<meta property=\"og:type\" content=\"article\" \/>\n<meta property=\"og:title\" content=\"Restube CO2 Pack 10x - Elevatesurf\" \/>\n<meta property=\"og:description\" content=\"Elevatesurf Restube CO2 Pack 10x\" \/>\n<meta property=\"og:url\" content=\"https:\/\/elevatesurf.ch\/fr\/product\/restube-co2-pack-10x\/\" \/>\n<meta property=\"og:site_name\" content=\"Elevatesurf\" \/>\n<meta property=\"article:modified_time\" content=\"2026-01-10T08:41:22+00:00\" \/>\n<meta property=\"og:image\" content=\"https:\/\/elevatesurf.ch\/wp-content\/uploads\/2024\/08\/co2_packs_10er_16g_1800x1800_0f2b136e-f426-4fd4-bb79-e3e408cc742f_1800x1800.jpg\" \/>\n\t<meta property=\"og:image:width\" content=\"1065\" \/>\n\t<meta property=\"og:image:height\" content=\"1065\" \/>\n\t<meta property=\"og:image:type\" content=\"image\/jpeg\" \/>\n<meta name=\"twitter:card\" content=\"summary_large_image\" \/>\n<script type=\"application\/ld+json\" class=\"yoast-schema-graph\">{\"@context\":\"https:\/\/schema.org\",\"@graph\":[{\"@type\":[\"WebPage\",\"ItemPage\"],\"@id\":\"https:\/\/elevatesurf.ch\/product\/restube-co2-pack-10x\/\",\"url\":\"https:\/\/elevatesurf.ch\/product\/restube-co2-pack-10x\/\",\"name\":\"Restube CO2 Pack 10x - Elevatesurf\",\"isPartOf\":{\"@id\":\"https:\/\/elevatesurf.ch\/#website\"},\"primaryImageOfPage\":{\"@id\":\"https:\/\/elevatesurf.ch\/product\/restube-co2-pack-10x\/#primaryimage\"},\"image\":{\"@id\":\"https:\/\/elevatesurf.ch\/product\/restube-co2-pack-10x\/#primaryimage\"},\"thumbnailUrl\":\"https:\/\/elevatesurf.ch\/wp-content\/uploads\/2024\/08\/co2_packs_10er_16g_1800x1800_0f2b136e-f426-4fd4-bb79-e3e408cc742f_1800x1800.jpg\",\"datePublished\":\"2024-08-30T10:13:56+00:00\",\"dateModified\":\"2026-01-10T08:41:22+00:00\",\"description\":\"Elevatesurf Restube CO2 Pack 10x\",\"breadcrumb\":{\"@id\":\"https:\/\/elevatesurf.ch\/product\/restube-co2-pack-10x\/#breadcrumb\"},\"inLanguage\":\"fr-FR\",\"potentialAction\":[{\"@type\":\"ReadAction\",\"target\":[\"https:\/\/elevatesurf.ch\/product\/restube-co2-pack-10x\/\"]}]},{\"@type\":\"ImageObject\",\"inLanguage\":\"fr-FR\",\"@id\":\"https:\/\/elevatesurf.ch\/product\/restube-co2-pack-10x\/#primaryimage\",\"url\":\"https:\/\/elevatesurf.ch\/wp-content\/uploads\/2024\/08\/co2_packs_10er_16g_1800x1800_0f2b136e-f426-4fd4-bb79-e3e408cc742f_1800x1800.jpg\",\"contentUrl\":\"https:\/\/elevatesurf.ch\/wp-content\/uploads\/2024\/08\/co2_packs_10er_16g_1800x1800_0f2b136e-f426-4fd4-bb79-e3e408cc742f_1800x1800.jpg\",\"width\":1065,\"height\":1065},{\"@type\":\"BreadcrumbList\",\"@id\":\"https:\/\/elevatesurf.ch\/product\/restube-co2-pack-10x\/#breadcrumb\",\"itemListElement\":[{\"@type\":\"ListItem\",\"position\":1,\"name\":\"Accueil\",\"item\":\"https:\/\/elevatesurf.ch\/\"},{\"@type\":\"ListItem\",\"position\":2,\"name\":\"Shop &#8211; \u00c9levez Votre Exp\u00e9rience de Surf avec Notre Collection\",\"item\":\"https:\/\/elevatesurf.ch\/shop\/\"},{\"@type\":\"ListItem\",\"position\":3,\"name\":\"Restube CO2 Pack 10x\"}]},{\"@type\":\"WebSite\",\"@id\":\"https:\/\/elevatesurf.ch\/#website\",\"url\":\"https:\/\/elevatesurf.ch\/\",\"name\":\"Elevatesurf\",\"description\":\"Surfez vers de nouveaux sommets avec ElevateSurf ! Kiteshop, Wingshop\",\"publisher\":{\"@id\":\"https:\/\/elevatesurf.ch\/#organization\"},\"potentialAction\":[{\"@type\":\"SearchAction\",\"target\":{\"@type\":\"EntryPoint\",\"urlTemplate\":\"https:\/\/elevatesurf.ch\/?s={search_term_string}\"},\"query-input\":\"required name=search_term_string\"}],\"inLanguage\":\"fr-FR\"},{\"@type\":\"Organization\",\"@id\":\"https:\/\/elevatesurf.ch\/#organization\",\"name\":\"Elevatesurf\",\"url\":\"https:\/\/elevatesurf.ch\/\",\"logo\":{\"@type\":\"ImageObject\",\"inLanguage\":\"fr-FR\",\"@id\":\"https:\/\/elevatesurf.ch\/#\/schema\/logo\/image\/\",\"url\":\"https:\/\/elevatesurf.ch\/wp-content\/uploads\/2024\/06\/67c2ec70-bdf5-4c14-898a-ded5b2051398.jpg\",\"contentUrl\":\"https:\/\/elevatesurf.ch\/wp-content\/uploads\/2024\/06\/67c2ec70-bdf5-4c14-898a-ded5b2051398.jpg\",\"width\":1024,\"height\":1024,\"caption\":\"Elevatesurf\"},\"image\":{\"@id\":\"https:\/\/elevatesurf.ch\/#\/schema\/logo\/image\/\"},\"sameAs\":[\"https:\/\/www.instagram.com\/elevate__surf\/\"]}]}<\/script>\n<!-- \/ Yoast SEO plugin. -->","yoast_head_json":{"title":"Restube CO2 Pack 10x - Elevatesurf","description":"Elevatesurf Restube CO2 Pack 10x","robots":{"index":"index","follow":"follow","max-snippet":"max-snippet:-1","max-image-preview":"max-image-preview:large","max-video-preview":"max-video-preview:-1"},"canonical":"https:\/\/elevatesurf.ch\/fr\/product\/restube-co2-pack-10x\/","og_locale":"fr_FR","og_type":"article","og_title":"Restube CO2 Pack 10x - Elevatesurf","og_description":"Elevatesurf Restube CO2 Pack 10x","og_url":"https:\/\/elevatesurf.ch\/fr\/product\/restube-co2-pack-10x\/","og_site_name":"Elevatesurf","article_modified_time":"2026-01-10T08:41:22+00:00","og_image":[{"width":1065,"height":1065,"url":"https:\/\/elevatesurf.ch\/wp-content\/uploads\/2024\/08\/co2_packs_10er_16g_1800x1800_0f2b136e-f426-4fd4-bb79-e3e408cc742f_1800x1800.jpg","type":"image\/jpeg"}],"twitter_card":"summary_large_image","schema":{"@context":"https:\/\/schema.org","@graph":[{"@type":["WebPage","ItemPage"],"@id":"https:\/\/elevatesurf.ch\/product\/restube-co2-pack-10x\/","url":"https:\/\/elevatesurf.ch\/product\/restube-co2-pack-10x\/","name":"Restube CO2 Pack 10x - Elevatesurf","isPartOf":{"@id":"https:\/\/elevatesurf.ch\/#website"},"primaryImageOfPage":{"@id":"https:\/\/elevatesurf.ch\/product\/restube-co2-pack-10x\/#primaryimage"},"image":{"@id":"https:\/\/elevatesurf.ch\/product\/restube-co2-pack-10x\/#primaryimage"},"thumbnailUrl":"https:\/\/elevatesurf.ch\/wp-content\/uploads\/2024\/08\/co2_packs_10er_16g_1800x1800_0f2b136e-f426-4fd4-bb79-e3e408cc742f_1800x1800.jpg","datePublished":"2024-08-30T10:13:56+00:00","dateModified":"2026-01-10T08:41:22+00:00","description":"Elevatesurf Restube CO2 Pack 10x","breadcrumb":{"@id":"https:\/\/elevatesurf.ch\/product\/restube-co2-pack-10x\/#breadcrumb"},"inLanguage":"fr-FR","potentialAction":[{"@type":"ReadAction","target":["https:\/\/elevatesurf.ch\/product\/restube-co2-pack-10x\/"]}]},{"@type":"ImageObject","inLanguage":"fr-FR","@id":"https:\/\/elevatesurf.ch\/product\/restube-co2-pack-10x\/#primaryimage","url":"https:\/\/elevatesurf.ch\/wp-content\/uploads\/2024\/08\/co2_packs_10er_16g_1800x1800_0f2b136e-f426-4fd4-bb79-e3e408cc742f_1800x1800.jpg","contentUrl":"https:\/\/elevatesurf.ch\/wp-content\/uploads\/2024\/08\/co2_packs_10er_16g_1800x1800_0f2b136e-f426-4fd4-bb79-e3e408cc742f_1800x1800.jpg","width":1065,"height":1065},{"@type":"BreadcrumbList","@id":"https:\/\/elevatesurf.ch\/product\/restube-co2-pack-10x\/#breadcrumb","itemListElement":[{"@type":"ListItem","position":1,"name":"Accueil","item":"https:\/\/elevatesurf.ch\/"},{"@type":"ListItem","position":2,"name":"Shop &#8211; \u00c9levez Votre Exp\u00e9rience de Surf avec Notre Collection","item":"https:\/\/elevatesurf.ch\/shop\/"},{"@type":"ListItem","position":3,"name":"Restube CO2 Pack 10x"}]},{"@type":"WebSite","@id":"https:\/\/elevatesurf.ch\/#website","url":"https:\/\/elevatesurf.ch\/","name":"Elevatesurf","description":"Surfez vers de nouveaux sommets avec ElevateSurf ! Kiteshop, Wingshop","publisher":{"@id":"https:\/\/elevatesurf.ch\/#organization"},"potentialAction":[{"@type":"SearchAction","target":{"@type":"EntryPoint","urlTemplate":"https:\/\/elevatesurf.ch\/?s={search_term_string}"},"query-input":"required name=search_term_string"}],"inLanguage":"fr-FR"},{"@type":"Organization","@id":"https:\/\/elevatesurf.ch\/#organization","name":"Elevatesurf","url":"https:\/\/elevatesurf.ch\/","logo":{"@type":"ImageObject","inLanguage":"fr-FR","@id":"https:\/\/elevatesurf.ch\/#\/schema\/logo\/image\/","url":"https:\/\/elevatesurf.ch\/wp-content\/uploads\/2024\/06\/67c2ec70-bdf5-4c14-898a-ded5b2051398.jpg","contentUrl":"https:\/\/elevatesurf.ch\/wp-content\/uploads\/2024\/06\/67c2ec70-bdf5-4c14-898a-ded5b2051398.jpg","width":1024,"height":1024,"caption":"Elevatesurf"},"image":{"@id":"https:\/\/elevatesurf.ch\/#\/schema\/logo\/image\/"},"sameAs":["https:\/\/www.instagram.com\/elevate__surf\/"]}]}},"_links":{"self":[{"href":"https:\/\/elevatesurf.ch\/fr\/wp-json\/wp\/v2\/product\/20025","targetHints":{"allow":["GET"]}}],"collection":[{"href":"https:\/\/elevatesurf.ch\/fr\/wp-json\/wp\/v2\/product"}],"about":[{"href":"https:\/\/elevatesurf.ch\/fr\/wp-json\/wp\/v2\/types\/product"}],"replies":[{"embeddable":true,"href":"https:\/\/elevatesurf.ch\/fr\/wp-json\/wp\/v2\/comments?post=20025"}],"wp:featuredmedia":[{"embeddable":true,"href":"https:\/\/elevatesurf.ch\/fr\/wp-json\/wp\/v2\/media\/20024"}],"wp:attachment":[{"href":"https:\/\/elevatesurf.ch\/fr\/wp-json\/wp\/v2\/media?parent=20025"}],"wp:term":[{"taxonomy":"product_cat","embeddable":true,"href":"https:\/\/elevatesurf.ch\/fr\/wp-json\/wp\/v2\/product_cat?post=20025"},{"taxonomy":"product_tag","embeddable":true,"href":"https:\/\/elevatesurf.ch\/fr\/wp-json\/wp\/v2\/product_tag?post=20025"}],"curies":[{"name":"wp","href":"https:\/\/api.w.org\/{rel}","templated":true}]}}