{"id":20027,"date":"2024-08-30T10:14:03","date_gmt":"2024-08-30T10:14:03","guid":{"rendered":"https:\/\/elevatesurf.ch\/product\/indiana-wing-foil-g-pro-74-l-carbon\/"},"modified":"2026-01-10T08:41:22","modified_gmt":"2026-01-10T08:41:22","slug":"indiana-wing-foil-g-pro-74-l-carbon","status":"publish","type":"product","link":"https:\/\/elevatesurf.ch\/fr\/product\/indiana-wing-foil-g-pro-74-l-carbon\/","title":{"rendered":"Indiana Wing Foil G-Pro 74 L Carbon"},"content":{"rendered":"<p>Unser Shaper Gunnar Biniasch war schon immer f\u00fchrend im Design von Foilboards. Seine G-Pro-Signature-Serie ist also etwas Besonderes. Dies sind die beiden Boards, die er pers\u00f6nlich f\u00e4hrt und die auf der ganzen Welt unter verschiedenen Bedingungen getestet und getuned wurden. Die Boards sind eine Full-Carbon Sandwich-Konstruktion und kommen mit den neuen Croc-Skin Pads. Die Boards werden mit Boardbag, Fussschlaufen und Schrauben geliefert.Das 74 L ist Gunnars Board f\u00fcr leicht-wind Sessions. Es wurde speziell f\u00fcr den Start bei der leichtesten Brise entwickelt, was f\u00fcr ihn beim Racen sehr wichtig ist, da viele Rennen bei sehr leichtem Wind und auf kleinen Foils durchgef\u00fchrt werden. Das Board ist jedoch nicht nur f\u00fcr Racer gedacht. Es ist ein grossartiges Board f\u00fcr gr\u00f6ssere Fahrer (Gunnar wiegt 88 kg), die ein agiles und unterhaltsames Leichtwindboard suchen. Der 74L hat eine sehr kompakte Form mit einer L\u00e4nge von 4\u00b49\u201c und einer Breite von 22.5\u201c. Ein scharfes Release-Tail in Kombination mit einer v\u00f6llig sauberen Bodenform (keine Konkaven, keine Kan\u00e4le) sorgt daf\u00fcr, dass dieses Board schnell beschleunigt und m\u00fchelos aufs Foil aufsteigt.<br \/>\nDas Volumen ist gleichm\u00e4ssig verteilt, mit einer leichten Tendenz nach vorne. Dadurch bleibt das Board in der Verdr\u00e4ngerfahrt sehr stabil, w\u00e4hrend man auf eine B\u00f6e wartet.<br \/>\nGunnar wollte dieses Board sehr simpel und so leicht wie m\u00f6glich halten. Deshalb hat er sich f\u00fcr einen kleineren \u201eLow-Drag\u201c-Griff entschieden und es gibt auch keinen Nose Handle. Da Gunnar auf diesem Board Rennen f\u00e4hrt, sind die 32-cm-Schienen so positioniert, dass das Board mit den g\u00e4ngigsten Race-Foils kompatibel ist, bietet aber dennoch gen\u00fcgend Reichweite, um auch mit den meisten anderen Foilmarken zu funktionieren.<\/p>\n","protected":false},"excerpt":{"rendered":"<p>Unser Shaper Gunnar Biniasch war schon immer f\u00fchrend im Design von Foilboards. Seine G-Pro-Signature-Serie ist also etwas Besonderes. Dies sind die beiden Boards, die er pers\u00f6nlich f\u00e4hrt und die auf der ganzen Welt unter verschiedenen Bedingungen getestet und getuned wurden. Die Boards sind eine Full-Carbon Sandwich-Konstruktion und kommen mit den neuen Croc-Skin Pads. Die Boards [&hellip;]<\/p>\n","protected":false},"featured_media":20026,"comment_status":"open","ping_status":"closed","template":"","meta":[],"product_cat":[594,138],"product_tag":[],"class_list":{"0":"post-20027","1":"product","2":"type-product","3":"status-publish","4":"has-post-thumbnail","6":"product_cat-planches","7":"product_cat-wingfoil-suisse-acheter","8":"product_brand-indiana-suisse","10":"first","11":"instock","12":"shipping-taxable","13":"purchasable","14":"product-type-simple"},"yoast_head":"<!-- This site is optimized with the Yoast SEO plugin v22.8 - https:\/\/yoast.com\/wordpress\/plugins\/seo\/ -->\n<title>Indiana Wing Foil G-Pro 74 L Carbon - Elevatesurf<\/title>\n<meta name=\"description\" content=\"Elevatesurf Indiana Wing Foil G-Pro 74 L Carbon\" \/>\n<meta name=\"robots\" content=\"index, follow, max-snippet:-1, max-image-preview:large, max-video-preview:-1\" \/>\n<link rel=\"canonical\" href=\"https:\/\/elevatesurf.ch\/fr\/product\/indiana-wing-foil-g-pro-74-l-carbon\/\" \/>\n<meta property=\"og:locale\" content=\"fr_FR\" \/>\n<meta property=\"og:type\" content=\"article\" \/>\n<meta property=\"og:title\" content=\"Indiana Wing Foil G-Pro 74 L Carbon - Elevatesurf\" \/>\n<meta property=\"og:description\" content=\"Elevatesurf Indiana Wing Foil G-Pro 74 L Carbon\" \/>\n<meta property=\"og:url\" content=\"https:\/\/elevatesurf.ch\/fr\/product\/indiana-wing-foil-g-pro-74-l-carbon\/\" \/>\n<meta property=\"og:site_name\" content=\"Elevatesurf\" \/>\n<meta property=\"article:modified_time\" content=\"2026-01-10T08:41:22+00:00\" \/>\n<meta property=\"og:image\" content=\"https:\/\/elevatesurf.ch\/wp-content\/uploads\/2024\/08\/3260SQ_Indiana_Wing_Foil_G_Pro_74L_.png\" \/>\n\t<meta property=\"og:image:width\" content=\"2000\" \/>\n\t<meta property=\"og:image:height\" content=\"2000\" \/>\n\t<meta property=\"og:image:type\" content=\"image\/png\" \/>\n<meta name=\"twitter:card\" content=\"summary_large_image\" \/>\n<meta name=\"twitter:label1\" content=\"Dur\u00e9e de lecture estim\u00e9e\" \/>\n\t<meta name=\"twitter:data1\" content=\"1 minute\" \/>\n<script type=\"application\/ld+json\" class=\"yoast-schema-graph\">{\"@context\":\"https:\/\/schema.org\",\"@graph\":[{\"@type\":[\"WebPage\",\"ItemPage\"],\"@id\":\"https:\/\/elevatesurf.ch\/product\/indiana-wing-foil-g-pro-74-l-carbon\/\",\"url\":\"https:\/\/elevatesurf.ch\/product\/indiana-wing-foil-g-pro-74-l-carbon\/\",\"name\":\"Indiana Wing Foil G-Pro 74 L Carbon - Elevatesurf\",\"isPartOf\":{\"@id\":\"https:\/\/elevatesurf.ch\/#website\"},\"primaryImageOfPage\":{\"@id\":\"https:\/\/elevatesurf.ch\/product\/indiana-wing-foil-g-pro-74-l-carbon\/#primaryimage\"},\"image\":{\"@id\":\"https:\/\/elevatesurf.ch\/product\/indiana-wing-foil-g-pro-74-l-carbon\/#primaryimage\"},\"thumbnailUrl\":\"https:\/\/elevatesurf.ch\/wp-content\/uploads\/2024\/08\/3260SQ_Indiana_Wing_Foil_G_Pro_74L_.png\",\"datePublished\":\"2024-08-30T10:14:03+00:00\",\"dateModified\":\"2026-01-10T08:41:22+00:00\",\"description\":\"Elevatesurf Indiana Wing Foil G-Pro 74 L Carbon\",\"breadcrumb\":{\"@id\":\"https:\/\/elevatesurf.ch\/product\/indiana-wing-foil-g-pro-74-l-carbon\/#breadcrumb\"},\"inLanguage\":\"fr-FR\",\"potentialAction\":[{\"@type\":\"ReadAction\",\"target\":[\"https:\/\/elevatesurf.ch\/product\/indiana-wing-foil-g-pro-74-l-carbon\/\"]}]},{\"@type\":\"ImageObject\",\"inLanguage\":\"fr-FR\",\"@id\":\"https:\/\/elevatesurf.ch\/product\/indiana-wing-foil-g-pro-74-l-carbon\/#primaryimage\",\"url\":\"https:\/\/elevatesurf.ch\/wp-content\/uploads\/2024\/08\/3260SQ_Indiana_Wing_Foil_G_Pro_74L_.png\",\"contentUrl\":\"https:\/\/elevatesurf.ch\/wp-content\/uploads\/2024\/08\/3260SQ_Indiana_Wing_Foil_G_Pro_74L_.png\",\"width\":2000,\"height\":2000},{\"@type\":\"BreadcrumbList\",\"@id\":\"https:\/\/elevatesurf.ch\/product\/indiana-wing-foil-g-pro-74-l-carbon\/#breadcrumb\",\"itemListElement\":[{\"@type\":\"ListItem\",\"position\":1,\"name\":\"Accueil\",\"item\":\"https:\/\/elevatesurf.ch\/\"},{\"@type\":\"ListItem\",\"position\":2,\"name\":\"Shop &#8211; \u00c9levez Votre Exp\u00e9rience de Surf avec Notre Collection\",\"item\":\"https:\/\/elevatesurf.ch\/shop\/\"},{\"@type\":\"ListItem\",\"position\":3,\"name\":\"Indiana Wing Foil G-Pro 74 L Carbon\"}]},{\"@type\":\"WebSite\",\"@id\":\"https:\/\/elevatesurf.ch\/#website\",\"url\":\"https:\/\/elevatesurf.ch\/\",\"name\":\"Elevatesurf\",\"description\":\"Surfez vers de nouveaux sommets avec ElevateSurf ! Kiteshop, Wingshop\",\"publisher\":{\"@id\":\"https:\/\/elevatesurf.ch\/#organization\"},\"potentialAction\":[{\"@type\":\"SearchAction\",\"target\":{\"@type\":\"EntryPoint\",\"urlTemplate\":\"https:\/\/elevatesurf.ch\/?s={search_term_string}\"},\"query-input\":\"required name=search_term_string\"}],\"inLanguage\":\"fr-FR\"},{\"@type\":\"Organization\",\"@id\":\"https:\/\/elevatesurf.ch\/#organization\",\"name\":\"Elevatesurf\",\"url\":\"https:\/\/elevatesurf.ch\/\",\"logo\":{\"@type\":\"ImageObject\",\"inLanguage\":\"fr-FR\",\"@id\":\"https:\/\/elevatesurf.ch\/#\/schema\/logo\/image\/\",\"url\":\"https:\/\/elevatesurf.ch\/wp-content\/uploads\/2024\/06\/67c2ec70-bdf5-4c14-898a-ded5b2051398.jpg\",\"contentUrl\":\"https:\/\/elevatesurf.ch\/wp-content\/uploads\/2024\/06\/67c2ec70-bdf5-4c14-898a-ded5b2051398.jpg\",\"width\":1024,\"height\":1024,\"caption\":\"Elevatesurf\"},\"image\":{\"@id\":\"https:\/\/elevatesurf.ch\/#\/schema\/logo\/image\/\"},\"sameAs\":[\"https:\/\/www.instagram.com\/elevate__surf\/\"]}]}<\/script>\n<!-- \/ Yoast SEO plugin. -->","yoast_head_json":{"title":"Indiana Wing Foil G-Pro 74 L Carbon - Elevatesurf","description":"Elevatesurf Indiana Wing Foil G-Pro 74 L Carbon","robots":{"index":"index","follow":"follow","max-snippet":"max-snippet:-1","max-image-preview":"max-image-preview:large","max-video-preview":"max-video-preview:-1"},"canonical":"https:\/\/elevatesurf.ch\/fr\/product\/indiana-wing-foil-g-pro-74-l-carbon\/","og_locale":"fr_FR","og_type":"article","og_title":"Indiana Wing Foil G-Pro 74 L Carbon - Elevatesurf","og_description":"Elevatesurf Indiana Wing Foil G-Pro 74 L Carbon","og_url":"https:\/\/elevatesurf.ch\/fr\/product\/indiana-wing-foil-g-pro-74-l-carbon\/","og_site_name":"Elevatesurf","article_modified_time":"2026-01-10T08:41:22+00:00","og_image":[{"width":2000,"height":2000,"url":"https:\/\/elevatesurf.ch\/wp-content\/uploads\/2024\/08\/3260SQ_Indiana_Wing_Foil_G_Pro_74L_.png","type":"image\/png"}],"twitter_card":"summary_large_image","twitter_misc":{"Dur\u00e9e de lecture estim\u00e9e":"1 minute"},"schema":{"@context":"https:\/\/schema.org","@graph":[{"@type":["WebPage","ItemPage"],"@id":"https:\/\/elevatesurf.ch\/product\/indiana-wing-foil-g-pro-74-l-carbon\/","url":"https:\/\/elevatesurf.ch\/product\/indiana-wing-foil-g-pro-74-l-carbon\/","name":"Indiana Wing Foil G-Pro 74 L Carbon - Elevatesurf","isPartOf":{"@id":"https:\/\/elevatesurf.ch\/#website"},"primaryImageOfPage":{"@id":"https:\/\/elevatesurf.ch\/product\/indiana-wing-foil-g-pro-74-l-carbon\/#primaryimage"},"image":{"@id":"https:\/\/elevatesurf.ch\/product\/indiana-wing-foil-g-pro-74-l-carbon\/#primaryimage"},"thumbnailUrl":"https:\/\/elevatesurf.ch\/wp-content\/uploads\/2024\/08\/3260SQ_Indiana_Wing_Foil_G_Pro_74L_.png","datePublished":"2024-08-30T10:14:03+00:00","dateModified":"2026-01-10T08:41:22+00:00","description":"Elevatesurf Indiana Wing Foil G-Pro 74 L Carbon","breadcrumb":{"@id":"https:\/\/elevatesurf.ch\/product\/indiana-wing-foil-g-pro-74-l-carbon\/#breadcrumb"},"inLanguage":"fr-FR","potentialAction":[{"@type":"ReadAction","target":["https:\/\/elevatesurf.ch\/product\/indiana-wing-foil-g-pro-74-l-carbon\/"]}]},{"@type":"ImageObject","inLanguage":"fr-FR","@id":"https:\/\/elevatesurf.ch\/product\/indiana-wing-foil-g-pro-74-l-carbon\/#primaryimage","url":"https:\/\/elevatesurf.ch\/wp-content\/uploads\/2024\/08\/3260SQ_Indiana_Wing_Foil_G_Pro_74L_.png","contentUrl":"https:\/\/elevatesurf.ch\/wp-content\/uploads\/2024\/08\/3260SQ_Indiana_Wing_Foil_G_Pro_74L_.png","width":2000,"height":2000},{"@type":"BreadcrumbList","@id":"https:\/\/elevatesurf.ch\/product\/indiana-wing-foil-g-pro-74-l-carbon\/#breadcrumb","itemListElement":[{"@type":"ListItem","position":1,"name":"Accueil","item":"https:\/\/elevatesurf.ch\/"},{"@type":"ListItem","position":2,"name":"Shop &#8211; \u00c9levez Votre Exp\u00e9rience de Surf avec Notre Collection","item":"https:\/\/elevatesurf.ch\/shop\/"},{"@type":"ListItem","position":3,"name":"Indiana Wing Foil G-Pro 74 L Carbon"}]},{"@type":"WebSite","@id":"https:\/\/elevatesurf.ch\/#website","url":"https:\/\/elevatesurf.ch\/","name":"Elevatesurf","description":"Surfez vers de nouveaux sommets avec ElevateSurf ! Kiteshop, Wingshop","publisher":{"@id":"https:\/\/elevatesurf.ch\/#organization"},"potentialAction":[{"@type":"SearchAction","target":{"@type":"EntryPoint","urlTemplate":"https:\/\/elevatesurf.ch\/?s={search_term_string}"},"query-input":"required name=search_term_string"}],"inLanguage":"fr-FR"},{"@type":"Organization","@id":"https:\/\/elevatesurf.ch\/#organization","name":"Elevatesurf","url":"https:\/\/elevatesurf.ch\/","logo":{"@type":"ImageObject","inLanguage":"fr-FR","@id":"https:\/\/elevatesurf.ch\/#\/schema\/logo\/image\/","url":"https:\/\/elevatesurf.ch\/wp-content\/uploads\/2024\/06\/67c2ec70-bdf5-4c14-898a-ded5b2051398.jpg","contentUrl":"https:\/\/elevatesurf.ch\/wp-content\/uploads\/2024\/06\/67c2ec70-bdf5-4c14-898a-ded5b2051398.jpg","width":1024,"height":1024,"caption":"Elevatesurf"},"image":{"@id":"https:\/\/elevatesurf.ch\/#\/schema\/logo\/image\/"},"sameAs":["https:\/\/www.instagram.com\/elevate__surf\/"]}]}},"_links":{"self":[{"href":"https:\/\/elevatesurf.ch\/fr\/wp-json\/wp\/v2\/product\/20027","targetHints":{"allow":["GET"]}}],"collection":[{"href":"https:\/\/elevatesurf.ch\/fr\/wp-json\/wp\/v2\/product"}],"about":[{"href":"https:\/\/elevatesurf.ch\/fr\/wp-json\/wp\/v2\/types\/product"}],"replies":[{"embeddable":true,"href":"https:\/\/elevatesurf.ch\/fr\/wp-json\/wp\/v2\/comments?post=20027"}],"wp:featuredmedia":[{"embeddable":true,"href":"https:\/\/elevatesurf.ch\/fr\/wp-json\/wp\/v2\/media\/20026"}],"wp:attachment":[{"href":"https:\/\/elevatesurf.ch\/fr\/wp-json\/wp\/v2\/media?parent=20027"}],"wp:term":[{"taxonomy":"product_cat","embeddable":true,"href":"https:\/\/elevatesurf.ch\/fr\/wp-json\/wp\/v2\/product_cat?post=20027"},{"taxonomy":"product_tag","embeddable":true,"href":"https:\/\/elevatesurf.ch\/fr\/wp-json\/wp\/v2\/product_tag?post=20027"}],"curies":[{"name":"wp","href":"https:\/\/api.w.org\/{rel}","templated":true}]}}