{"id":20041,"date":"2024-08-30T10:14:38","date_gmt":"2024-08-30T10:14:38","guid":{"rendered":"https:\/\/elevatesurf.ch\/product\/indiana-wing-foil-115-l\/"},"modified":"2026-01-10T08:41:22","modified_gmt":"2026-01-10T08:41:22","slug":"indiana-wing-foil-115-l","status":"publish","type":"product","link":"https:\/\/elevatesurf.ch\/fr\/product\/indiana-wing-foil-115-l\/","title":{"rendered":"Indiana Wing Foil 115 L"},"content":{"rendered":"<p>Die neuen Flatwater\/Allround Wingfoil Boards wurden von unserem Shaper Andi Widmann entwickelt, um um euer Wingfoil-Erlebnis auf ein neues Level zu bringen.<br \/>\n&nbsp;<br \/>\nFeatures:<br \/>\n&#8211; Entwickelt f\u00fcr Wingfoiling von Flachwasser bis hin zu kleinen Wellen, abh\u00e4ngig von der Boardgr\u00f6\u00dfe.<br \/>\n&#8211; Geeignet f\u00fcr Anf\u00e4nger bis Profis, je nach Boardgr\u00f6\u00dfe und K\u00f6rpergewicht.<br \/>\n&nbsp;<br \/>\nDesign-Details:<br \/>\n&#8211; Kompakte Outline f\u00fcr minimales Gewicht und maximale Stabilit\u00e4t.<br \/>\n&#8211; Schnelle Rockerlinie f\u00fcr minimalen Widerstand und einfaches Abheben.<br \/>\n&#8211; Scharfe Kanten im Heck f\u00fcr optimalen Wasserabriss.<br \/>\n&#8211; Eingezogene Rails Richtung Nose f\u00fcr gutm\u00fctige Touchdowns.<br \/>\n&#8211; Konkaves V im Bug f\u00fcr Richtungsstabilit\u00e4t beim Start.<br \/>\n&#8211; Vertieftes Deck f\u00fcr eine niedrigere Position und direktes Feedback vom Foil. Der vordere Fu\u00df steht tiefer im Board als der hintere, um eine parallele und neutrale Position zur Fuselage zu gew\u00e4hrleisten.<br \/>\n&#8211; Gr\u00f6\u00dfenspezifische Outline: gr\u00f6\u00dfere Gr\u00f6\u00dfen bieten mehr Stabilit\u00e4t und einfaches Abheben, w\u00e4hrend kleinere Gr\u00f6\u00dfen weniger H\u00e4ngenbleiben bei Man\u00f6vern und Wellenritten erm\u00f6glichen.<br \/>\n&#8211; Alle 6 Indiana Flatwater\/Allround Wing Foil Boards werden komplett mit Bag, Footstraps und Nose Handle mit schrauben ausgeliefert.<br \/>\n&nbsp;<br \/>\nGenie\u00dft die perfekte Kombination aus Leistung und Innovation mit unseren Flatwater\/Allround Wingfoil Boards.<\/p>\n","protected":false},"excerpt":{"rendered":"<p>Die neuen Flatwater\/Allround Wingfoil Boards wurden von unserem Shaper Andi Widmann entwickelt, um um euer Wingfoil-Erlebnis auf ein neues Level zu bringen. &nbsp; Features: &#8211; Entwickelt f\u00fcr Wingfoiling von Flachwasser bis hin zu kleinen Wellen, abh\u00e4ngig von der Boardgr\u00f6\u00dfe. &#8211; Geeignet f\u00fcr Anf\u00e4nger bis Profis, je nach Boardgr\u00f6\u00dfe und K\u00f6rpergewicht. &nbsp; Design-Details: &#8211; Kompakte Outline [&hellip;]<\/p>\n","protected":false},"featured_media":20040,"comment_status":"open","ping_status":"closed","template":"","meta":[],"product_cat":[1002,1000,1001],"product_tag":[],"class_list":{"0":"post-20041","1":"product","2":"type-product","3":"status-publish","4":"has-post-thumbnail","6":"product_cat-flatwater-allround","7":"product_cat-foil-boards","8":"product_cat-wing","9":"product_brand-indiana-suisse","11":"first","12":"instock","13":"shipping-taxable","14":"purchasable","15":"product-type-simple"},"yoast_head":"<!-- This site is optimized with the Yoast SEO plugin v22.8 - https:\/\/yoast.com\/wordpress\/plugins\/seo\/ -->\n<title>Indiana Wing Foil 115 L - Elevatesurf<\/title>\n<meta name=\"description\" content=\"Elevatesurf Indiana Wing Foil 115 L\" \/>\n<meta name=\"robots\" content=\"index, follow, max-snippet:-1, max-image-preview:large, max-video-preview:-1\" \/>\n<link rel=\"canonical\" href=\"https:\/\/elevatesurf.ch\/fr\/product\/indiana-wing-foil-115-l\/\" \/>\n<meta property=\"og:locale\" content=\"fr_FR\" \/>\n<meta property=\"og:type\" content=\"article\" \/>\n<meta property=\"og:title\" content=\"Indiana Wing Foil 115 L - Elevatesurf\" \/>\n<meta property=\"og:description\" content=\"Elevatesurf Indiana Wing Foil 115 L\" \/>\n<meta property=\"og:url\" content=\"https:\/\/elevatesurf.ch\/fr\/product\/indiana-wing-foil-115-l\/\" \/>\n<meta property=\"og:site_name\" content=\"Elevatesurf\" \/>\n<meta property=\"article:modified_time\" content=\"2026-01-10T08:41:22+00:00\" \/>\n<meta property=\"og:image\" content=\"https:\/\/elevatesurf.ch\/wp-content\/uploads\/2024\/08\/3214SQ_Indiana_WINGFOIL_115_.png\" \/>\n\t<meta property=\"og:image:width\" content=\"1100\" \/>\n\t<meta property=\"og:image:height\" content=\"1100\" \/>\n\t<meta property=\"og:image:type\" content=\"image\/png\" \/>\n<meta name=\"twitter:card\" content=\"summary_large_image\" \/>\n<meta name=\"twitter:label1\" content=\"Dur\u00e9e de lecture estim\u00e9e\" \/>\n\t<meta name=\"twitter:data1\" content=\"1 minute\" \/>\n<script type=\"application\/ld+json\" class=\"yoast-schema-graph\">{\"@context\":\"https:\/\/schema.org\",\"@graph\":[{\"@type\":[\"WebPage\",\"ItemPage\"],\"@id\":\"https:\/\/elevatesurf.ch\/product\/indiana-wing-foil-115-l\/\",\"url\":\"https:\/\/elevatesurf.ch\/product\/indiana-wing-foil-115-l\/\",\"name\":\"Indiana Wing Foil 115 L - Elevatesurf\",\"isPartOf\":{\"@id\":\"https:\/\/elevatesurf.ch\/#website\"},\"primaryImageOfPage\":{\"@id\":\"https:\/\/elevatesurf.ch\/product\/indiana-wing-foil-115-l\/#primaryimage\"},\"image\":{\"@id\":\"https:\/\/elevatesurf.ch\/product\/indiana-wing-foil-115-l\/#primaryimage\"},\"thumbnailUrl\":\"https:\/\/elevatesurf.ch\/wp-content\/uploads\/2024\/08\/3214SQ_Indiana_WINGFOIL_115_.png\",\"datePublished\":\"2024-08-30T10:14:38+00:00\",\"dateModified\":\"2026-01-10T08:41:22+00:00\",\"description\":\"Elevatesurf Indiana Wing Foil 115 L\",\"breadcrumb\":{\"@id\":\"https:\/\/elevatesurf.ch\/product\/indiana-wing-foil-115-l\/#breadcrumb\"},\"inLanguage\":\"fr-FR\",\"potentialAction\":[{\"@type\":\"ReadAction\",\"target\":[\"https:\/\/elevatesurf.ch\/product\/indiana-wing-foil-115-l\/\"]}]},{\"@type\":\"ImageObject\",\"inLanguage\":\"fr-FR\",\"@id\":\"https:\/\/elevatesurf.ch\/product\/indiana-wing-foil-115-l\/#primaryimage\",\"url\":\"https:\/\/elevatesurf.ch\/wp-content\/uploads\/2024\/08\/3214SQ_Indiana_WINGFOIL_115_.png\",\"contentUrl\":\"https:\/\/elevatesurf.ch\/wp-content\/uploads\/2024\/08\/3214SQ_Indiana_WINGFOIL_115_.png\",\"width\":1100,\"height\":1100},{\"@type\":\"BreadcrumbList\",\"@id\":\"https:\/\/elevatesurf.ch\/product\/indiana-wing-foil-115-l\/#breadcrumb\",\"itemListElement\":[{\"@type\":\"ListItem\",\"position\":1,\"name\":\"Accueil\",\"item\":\"https:\/\/elevatesurf.ch\/\"},{\"@type\":\"ListItem\",\"position\":2,\"name\":\"Shop &#8211; \u00c9levez Votre Exp\u00e9rience de Surf avec Notre Collection\",\"item\":\"https:\/\/elevatesurf.ch\/shop\/\"},{\"@type\":\"ListItem\",\"position\":3,\"name\":\"Indiana Wing Foil 115 L\"}]},{\"@type\":\"WebSite\",\"@id\":\"https:\/\/elevatesurf.ch\/#website\",\"url\":\"https:\/\/elevatesurf.ch\/\",\"name\":\"Elevatesurf\",\"description\":\"Surfez vers de nouveaux sommets avec ElevateSurf ! Kiteshop, Wingshop\",\"publisher\":{\"@id\":\"https:\/\/elevatesurf.ch\/#organization\"},\"potentialAction\":[{\"@type\":\"SearchAction\",\"target\":{\"@type\":\"EntryPoint\",\"urlTemplate\":\"https:\/\/elevatesurf.ch\/?s={search_term_string}\"},\"query-input\":\"required name=search_term_string\"}],\"inLanguage\":\"fr-FR\"},{\"@type\":\"Organization\",\"@id\":\"https:\/\/elevatesurf.ch\/#organization\",\"name\":\"Elevatesurf\",\"url\":\"https:\/\/elevatesurf.ch\/\",\"logo\":{\"@type\":\"ImageObject\",\"inLanguage\":\"fr-FR\",\"@id\":\"https:\/\/elevatesurf.ch\/#\/schema\/logo\/image\/\",\"url\":\"https:\/\/elevatesurf.ch\/wp-content\/uploads\/2024\/06\/67c2ec70-bdf5-4c14-898a-ded5b2051398.jpg\",\"contentUrl\":\"https:\/\/elevatesurf.ch\/wp-content\/uploads\/2024\/06\/67c2ec70-bdf5-4c14-898a-ded5b2051398.jpg\",\"width\":1024,\"height\":1024,\"caption\":\"Elevatesurf\"},\"image\":{\"@id\":\"https:\/\/elevatesurf.ch\/#\/schema\/logo\/image\/\"},\"sameAs\":[\"https:\/\/www.instagram.com\/elevate__surf\/\"]}]}<\/script>\n<!-- \/ Yoast SEO plugin. -->","yoast_head_json":{"title":"Indiana Wing Foil 115 L - Elevatesurf","description":"Elevatesurf Indiana Wing Foil 115 L","robots":{"index":"index","follow":"follow","max-snippet":"max-snippet:-1","max-image-preview":"max-image-preview:large","max-video-preview":"max-video-preview:-1"},"canonical":"https:\/\/elevatesurf.ch\/fr\/product\/indiana-wing-foil-115-l\/","og_locale":"fr_FR","og_type":"article","og_title":"Indiana Wing Foil 115 L - Elevatesurf","og_description":"Elevatesurf Indiana Wing Foil 115 L","og_url":"https:\/\/elevatesurf.ch\/fr\/product\/indiana-wing-foil-115-l\/","og_site_name":"Elevatesurf","article_modified_time":"2026-01-10T08:41:22+00:00","og_image":[{"width":1100,"height":1100,"url":"https:\/\/elevatesurf.ch\/wp-content\/uploads\/2024\/08\/3214SQ_Indiana_WINGFOIL_115_.png","type":"image\/png"}],"twitter_card":"summary_large_image","twitter_misc":{"Dur\u00e9e de lecture estim\u00e9e":"1 minute"},"schema":{"@context":"https:\/\/schema.org","@graph":[{"@type":["WebPage","ItemPage"],"@id":"https:\/\/elevatesurf.ch\/product\/indiana-wing-foil-115-l\/","url":"https:\/\/elevatesurf.ch\/product\/indiana-wing-foil-115-l\/","name":"Indiana Wing Foil 115 L - Elevatesurf","isPartOf":{"@id":"https:\/\/elevatesurf.ch\/#website"},"primaryImageOfPage":{"@id":"https:\/\/elevatesurf.ch\/product\/indiana-wing-foil-115-l\/#primaryimage"},"image":{"@id":"https:\/\/elevatesurf.ch\/product\/indiana-wing-foil-115-l\/#primaryimage"},"thumbnailUrl":"https:\/\/elevatesurf.ch\/wp-content\/uploads\/2024\/08\/3214SQ_Indiana_WINGFOIL_115_.png","datePublished":"2024-08-30T10:14:38+00:00","dateModified":"2026-01-10T08:41:22+00:00","description":"Elevatesurf Indiana Wing Foil 115 L","breadcrumb":{"@id":"https:\/\/elevatesurf.ch\/product\/indiana-wing-foil-115-l\/#breadcrumb"},"inLanguage":"fr-FR","potentialAction":[{"@type":"ReadAction","target":["https:\/\/elevatesurf.ch\/product\/indiana-wing-foil-115-l\/"]}]},{"@type":"ImageObject","inLanguage":"fr-FR","@id":"https:\/\/elevatesurf.ch\/product\/indiana-wing-foil-115-l\/#primaryimage","url":"https:\/\/elevatesurf.ch\/wp-content\/uploads\/2024\/08\/3214SQ_Indiana_WINGFOIL_115_.png","contentUrl":"https:\/\/elevatesurf.ch\/wp-content\/uploads\/2024\/08\/3214SQ_Indiana_WINGFOIL_115_.png","width":1100,"height":1100},{"@type":"BreadcrumbList","@id":"https:\/\/elevatesurf.ch\/product\/indiana-wing-foil-115-l\/#breadcrumb","itemListElement":[{"@type":"ListItem","position":1,"name":"Accueil","item":"https:\/\/elevatesurf.ch\/"},{"@type":"ListItem","position":2,"name":"Shop &#8211; \u00c9levez Votre Exp\u00e9rience de Surf avec Notre Collection","item":"https:\/\/elevatesurf.ch\/shop\/"},{"@type":"ListItem","position":3,"name":"Indiana Wing Foil 115 L"}]},{"@type":"WebSite","@id":"https:\/\/elevatesurf.ch\/#website","url":"https:\/\/elevatesurf.ch\/","name":"Elevatesurf","description":"Surfez vers de nouveaux sommets avec ElevateSurf ! Kiteshop, Wingshop","publisher":{"@id":"https:\/\/elevatesurf.ch\/#organization"},"potentialAction":[{"@type":"SearchAction","target":{"@type":"EntryPoint","urlTemplate":"https:\/\/elevatesurf.ch\/?s={search_term_string}"},"query-input":"required name=search_term_string"}],"inLanguage":"fr-FR"},{"@type":"Organization","@id":"https:\/\/elevatesurf.ch\/#organization","name":"Elevatesurf","url":"https:\/\/elevatesurf.ch\/","logo":{"@type":"ImageObject","inLanguage":"fr-FR","@id":"https:\/\/elevatesurf.ch\/#\/schema\/logo\/image\/","url":"https:\/\/elevatesurf.ch\/wp-content\/uploads\/2024\/06\/67c2ec70-bdf5-4c14-898a-ded5b2051398.jpg","contentUrl":"https:\/\/elevatesurf.ch\/wp-content\/uploads\/2024\/06\/67c2ec70-bdf5-4c14-898a-ded5b2051398.jpg","width":1024,"height":1024,"caption":"Elevatesurf"},"image":{"@id":"https:\/\/elevatesurf.ch\/#\/schema\/logo\/image\/"},"sameAs":["https:\/\/www.instagram.com\/elevate__surf\/"]}]}},"_links":{"self":[{"href":"https:\/\/elevatesurf.ch\/fr\/wp-json\/wp\/v2\/product\/20041","targetHints":{"allow":["GET"]}}],"collection":[{"href":"https:\/\/elevatesurf.ch\/fr\/wp-json\/wp\/v2\/product"}],"about":[{"href":"https:\/\/elevatesurf.ch\/fr\/wp-json\/wp\/v2\/types\/product"}],"replies":[{"embeddable":true,"href":"https:\/\/elevatesurf.ch\/fr\/wp-json\/wp\/v2\/comments?post=20041"}],"wp:featuredmedia":[{"embeddable":true,"href":"https:\/\/elevatesurf.ch\/fr\/wp-json\/wp\/v2\/media\/20040"}],"wp:attachment":[{"href":"https:\/\/elevatesurf.ch\/fr\/wp-json\/wp\/v2\/media?parent=20041"}],"wp:term":[{"taxonomy":"product_cat","embeddable":true,"href":"https:\/\/elevatesurf.ch\/fr\/wp-json\/wp\/v2\/product_cat?post=20041"},{"taxonomy":"product_tag","embeddable":true,"href":"https:\/\/elevatesurf.ch\/fr\/wp-json\/wp\/v2\/product_tag?post=20041"}],"curies":[{"name":"wp","href":"https:\/\/api.w.org\/{rel}","templated":true}]}}