{"id":20051,"date":"2024-08-30T10:14:56","date_gmt":"2024-08-30T10:14:56","guid":{"rendered":"https:\/\/elevatesurf.ch\/product\/indiana-115-pump-foil-carbon\/"},"modified":"2026-01-10T08:41:22","modified_gmt":"2026-01-10T08:41:22","slug":"indiana-115-pump-foil-carbon","status":"publish","type":"product","link":"https:\/\/elevatesurf.ch\/fr\/product\/indiana-115-pump-foil-carbon\/","title":{"rendered":"Indiana 115 Pump Foil Carbon"},"content":{"rendered":"<p>Die dritte Generation der Indiana Pumpfoil-Boards stellt die n\u00e4chste Weiterentwicklung im Design dar und bringt Ihr Pumpfoiling auf das n\u00e4chste Level. Die schlanke Outline, das konkave Deck, die progressiv Bevelled Rails und das Rounded \u201cV\u201d Bottom Unterwasserschiff sorgen f\u00fcr ein sehr progressives \u201eHeel to Toe\u201c Feeling mit hoher Agilit\u00e4t und un\u00fcbertroffener Touchdown-Recovery.&nbsp;Das Pumpfoil 95 cm richtet sich an Fahrer mit mittlerem bis fortgeschrittenem K\u00f6nnen, die ein m\u00f6glichst kurzes Board w\u00fcnschen.<br \/>\nFeatures:<br \/>\nSchlanke Outline:Dank der schlankeren Outline ist das Board reaktionsfreudiger und agiler, sodass das Board h\u00e4rter und enger gecarved werden kann, ohne bef\u00fcrchten zu m\u00fcssen, dass die Rails h\u00e4ngen bleiben.<br \/>\n32 cm Lio-Tec-SchienenDie 32 cm langen, verstellbaren Tracks bieten einen grossen Spielraum zur Feinabstimmung des Foils, basierend auf Gr\u00f6\u00dfe, K\u00f6nnen und pers\u00f6nlichem Geschmack.<br \/>\nKonkaves DeckDas konkave Deck sorgt f\u00fcr ein verbessertes Drehverhalten sowie eine progressiveres \u201eHeel to Toe\u201c Feeling. Es hilft auch bei der richtigen Fu\u00dfplatzierung, da man ein besseres Gef\u00fchl f\u00fcr die Kontur des Decks und die ideale Position bekommt.<br \/>\nGrab-RailsDie Grab-Rails geben beim Start einen sichereren Halt auf dem Board und dank des zus\u00e4tzlichen Volumens an den Rails ist das Board steifer und st\u00e4rker.<br \/>\nBackpackUm den Transport des Pumpfoil-Setups zum Startplatz zu erleichtern, werden die Magic 95 Boards mit dem passgenauen 95 cm Backpack geliefert in dem nicht nur das Board, sondern auch ein Foil und der Rest der Ausr\u00fcstung Platz finden.<br \/>\nCroc-Skin-PadDas Croc-Skin-Pad bietet hervorragenden Halt, erm\u00f6glichen aber dennoch eine einfache Anpassung der Position.<\/p>\n","protected":false},"excerpt":{"rendered":"<p>Die dritte Generation der Indiana Pumpfoil-Boards stellt die n\u00e4chste Weiterentwicklung im Design dar und bringt Ihr Pumpfoiling auf das n\u00e4chste Level. Die schlanke Outline, das konkave Deck, die progressiv Bevelled Rails und das Rounded \u201cV\u201d Bottom Unterwasserschiff sorgen f\u00fcr ein sehr progressives \u201eHeel to Toe\u201c Feeling mit hoher Agilit\u00e4t und un\u00fcbertroffener Touchdown-Recovery.&nbsp;Das Pumpfoil 95 cm [&hellip;]<\/p>\n","protected":false},"featured_media":20050,"comment_status":"open","ping_status":"closed","template":"","meta":[],"product_cat":[594,138],"product_tag":[],"class_list":{"0":"post-20051","1":"product","2":"type-product","3":"status-publish","4":"has-post-thumbnail","6":"product_cat-planches","7":"product_cat-wingfoil-suisse-acheter","8":"product_brand-indiana-suisse","10":"first","11":"instock","12":"shipping-taxable","13":"purchasable","14":"product-type-simple"},"yoast_head":"<!-- This site is optimized with the Yoast SEO plugin v22.8 - https:\/\/yoast.com\/wordpress\/plugins\/seo\/ -->\n<title>Indiana 115 Pump Foil Carbon - Elevatesurf<\/title>\n<meta name=\"description\" content=\"Elevatesurf Indiana 115 Pump Foil Carbon\" \/>\n<meta name=\"robots\" content=\"index, follow, max-snippet:-1, max-image-preview:large, max-video-preview:-1\" \/>\n<link rel=\"canonical\" href=\"https:\/\/elevatesurf.ch\/fr\/product\/indiana-115-pump-foil-carbon\/\" \/>\n<meta property=\"og:locale\" content=\"fr_FR\" \/>\n<meta property=\"og:type\" content=\"article\" \/>\n<meta property=\"og:title\" content=\"Indiana 115 Pump Foil Carbon - Elevatesurf\" \/>\n<meta property=\"og:description\" content=\"Elevatesurf Indiana 115 Pump Foil Carbon\" \/>\n<meta property=\"og:url\" content=\"https:\/\/elevatesurf.ch\/fr\/product\/indiana-115-pump-foil-carbon\/\" \/>\n<meta property=\"og:site_name\" content=\"Elevatesurf\" \/>\n<meta property=\"article:modified_time\" content=\"2026-01-10T08:41:22+00:00\" \/>\n<meta property=\"og:image\" content=\"https:\/\/elevatesurf.ch\/wp-content\/uploads\/2024\/08\/3248sq_indiana_pump_foil_115_carbon.png\" \/>\n\t<meta property=\"og:image:width\" content=\"1300\" \/>\n\t<meta property=\"og:image:height\" content=\"1300\" \/>\n\t<meta property=\"og:image:type\" content=\"image\/png\" \/>\n<meta name=\"twitter:card\" content=\"summary_large_image\" \/>\n<meta name=\"twitter:label1\" content=\"Dur\u00e9e de lecture estim\u00e9e\" \/>\n\t<meta name=\"twitter:data1\" content=\"1 minute\" \/>\n<script type=\"application\/ld+json\" class=\"yoast-schema-graph\">{\"@context\":\"https:\/\/schema.org\",\"@graph\":[{\"@type\":[\"WebPage\",\"ItemPage\"],\"@id\":\"https:\/\/elevatesurf.ch\/product\/indiana-115-pump-foil-carbon\/\",\"url\":\"https:\/\/elevatesurf.ch\/product\/indiana-115-pump-foil-carbon\/\",\"name\":\"Indiana 115 Pump Foil Carbon - Elevatesurf\",\"isPartOf\":{\"@id\":\"https:\/\/elevatesurf.ch\/#website\"},\"primaryImageOfPage\":{\"@id\":\"https:\/\/elevatesurf.ch\/product\/indiana-115-pump-foil-carbon\/#primaryimage\"},\"image\":{\"@id\":\"https:\/\/elevatesurf.ch\/product\/indiana-115-pump-foil-carbon\/#primaryimage\"},\"thumbnailUrl\":\"https:\/\/elevatesurf.ch\/wp-content\/uploads\/2024\/08\/3248sq_indiana_pump_foil_115_carbon.png\",\"datePublished\":\"2024-08-30T10:14:56+00:00\",\"dateModified\":\"2026-01-10T08:41:22+00:00\",\"description\":\"Elevatesurf Indiana 115 Pump Foil Carbon\",\"breadcrumb\":{\"@id\":\"https:\/\/elevatesurf.ch\/product\/indiana-115-pump-foil-carbon\/#breadcrumb\"},\"inLanguage\":\"fr-FR\",\"potentialAction\":[{\"@type\":\"ReadAction\",\"target\":[\"https:\/\/elevatesurf.ch\/product\/indiana-115-pump-foil-carbon\/\"]}]},{\"@type\":\"ImageObject\",\"inLanguage\":\"fr-FR\",\"@id\":\"https:\/\/elevatesurf.ch\/product\/indiana-115-pump-foil-carbon\/#primaryimage\",\"url\":\"https:\/\/elevatesurf.ch\/wp-content\/uploads\/2024\/08\/3248sq_indiana_pump_foil_115_carbon.png\",\"contentUrl\":\"https:\/\/elevatesurf.ch\/wp-content\/uploads\/2024\/08\/3248sq_indiana_pump_foil_115_carbon.png\",\"width\":1300,\"height\":1300},{\"@type\":\"BreadcrumbList\",\"@id\":\"https:\/\/elevatesurf.ch\/product\/indiana-115-pump-foil-carbon\/#breadcrumb\",\"itemListElement\":[{\"@type\":\"ListItem\",\"position\":1,\"name\":\"Accueil\",\"item\":\"https:\/\/elevatesurf.ch\/\"},{\"@type\":\"ListItem\",\"position\":2,\"name\":\"Shop &#8211; \u00c9levez Votre Exp\u00e9rience de Surf avec Notre Collection\",\"item\":\"https:\/\/elevatesurf.ch\/shop\/\"},{\"@type\":\"ListItem\",\"position\":3,\"name\":\"Indiana 115 Pump Foil Carbon\"}]},{\"@type\":\"WebSite\",\"@id\":\"https:\/\/elevatesurf.ch\/#website\",\"url\":\"https:\/\/elevatesurf.ch\/\",\"name\":\"Elevatesurf\",\"description\":\"Surfez vers de nouveaux sommets avec ElevateSurf ! Kiteshop, Wingshop\",\"publisher\":{\"@id\":\"https:\/\/elevatesurf.ch\/#organization\"},\"potentialAction\":[{\"@type\":\"SearchAction\",\"target\":{\"@type\":\"EntryPoint\",\"urlTemplate\":\"https:\/\/elevatesurf.ch\/?s={search_term_string}\"},\"query-input\":\"required name=search_term_string\"}],\"inLanguage\":\"fr-FR\"},{\"@type\":\"Organization\",\"@id\":\"https:\/\/elevatesurf.ch\/#organization\",\"name\":\"Elevatesurf\",\"url\":\"https:\/\/elevatesurf.ch\/\",\"logo\":{\"@type\":\"ImageObject\",\"inLanguage\":\"fr-FR\",\"@id\":\"https:\/\/elevatesurf.ch\/#\/schema\/logo\/image\/\",\"url\":\"https:\/\/elevatesurf.ch\/wp-content\/uploads\/2024\/06\/67c2ec70-bdf5-4c14-898a-ded5b2051398.jpg\",\"contentUrl\":\"https:\/\/elevatesurf.ch\/wp-content\/uploads\/2024\/06\/67c2ec70-bdf5-4c14-898a-ded5b2051398.jpg\",\"width\":1024,\"height\":1024,\"caption\":\"Elevatesurf\"},\"image\":{\"@id\":\"https:\/\/elevatesurf.ch\/#\/schema\/logo\/image\/\"},\"sameAs\":[\"https:\/\/www.instagram.com\/elevate__surf\/\"]}]}<\/script>\n<!-- \/ Yoast SEO plugin. -->","yoast_head_json":{"title":"Indiana 115 Pump Foil Carbon - Elevatesurf","description":"Elevatesurf Indiana 115 Pump Foil Carbon","robots":{"index":"index","follow":"follow","max-snippet":"max-snippet:-1","max-image-preview":"max-image-preview:large","max-video-preview":"max-video-preview:-1"},"canonical":"https:\/\/elevatesurf.ch\/fr\/product\/indiana-115-pump-foil-carbon\/","og_locale":"fr_FR","og_type":"article","og_title":"Indiana 115 Pump Foil Carbon - Elevatesurf","og_description":"Elevatesurf Indiana 115 Pump Foil Carbon","og_url":"https:\/\/elevatesurf.ch\/fr\/product\/indiana-115-pump-foil-carbon\/","og_site_name":"Elevatesurf","article_modified_time":"2026-01-10T08:41:22+00:00","og_image":[{"width":1300,"height":1300,"url":"https:\/\/elevatesurf.ch\/wp-content\/uploads\/2024\/08\/3248sq_indiana_pump_foil_115_carbon.png","type":"image\/png"}],"twitter_card":"summary_large_image","twitter_misc":{"Dur\u00e9e de lecture estim\u00e9e":"1 minute"},"schema":{"@context":"https:\/\/schema.org","@graph":[{"@type":["WebPage","ItemPage"],"@id":"https:\/\/elevatesurf.ch\/product\/indiana-115-pump-foil-carbon\/","url":"https:\/\/elevatesurf.ch\/product\/indiana-115-pump-foil-carbon\/","name":"Indiana 115 Pump Foil Carbon - Elevatesurf","isPartOf":{"@id":"https:\/\/elevatesurf.ch\/#website"},"primaryImageOfPage":{"@id":"https:\/\/elevatesurf.ch\/product\/indiana-115-pump-foil-carbon\/#primaryimage"},"image":{"@id":"https:\/\/elevatesurf.ch\/product\/indiana-115-pump-foil-carbon\/#primaryimage"},"thumbnailUrl":"https:\/\/elevatesurf.ch\/wp-content\/uploads\/2024\/08\/3248sq_indiana_pump_foil_115_carbon.png","datePublished":"2024-08-30T10:14:56+00:00","dateModified":"2026-01-10T08:41:22+00:00","description":"Elevatesurf Indiana 115 Pump Foil Carbon","breadcrumb":{"@id":"https:\/\/elevatesurf.ch\/product\/indiana-115-pump-foil-carbon\/#breadcrumb"},"inLanguage":"fr-FR","potentialAction":[{"@type":"ReadAction","target":["https:\/\/elevatesurf.ch\/product\/indiana-115-pump-foil-carbon\/"]}]},{"@type":"ImageObject","inLanguage":"fr-FR","@id":"https:\/\/elevatesurf.ch\/product\/indiana-115-pump-foil-carbon\/#primaryimage","url":"https:\/\/elevatesurf.ch\/wp-content\/uploads\/2024\/08\/3248sq_indiana_pump_foil_115_carbon.png","contentUrl":"https:\/\/elevatesurf.ch\/wp-content\/uploads\/2024\/08\/3248sq_indiana_pump_foil_115_carbon.png","width":1300,"height":1300},{"@type":"BreadcrumbList","@id":"https:\/\/elevatesurf.ch\/product\/indiana-115-pump-foil-carbon\/#breadcrumb","itemListElement":[{"@type":"ListItem","position":1,"name":"Accueil","item":"https:\/\/elevatesurf.ch\/"},{"@type":"ListItem","position":2,"name":"Shop &#8211; \u00c9levez Votre Exp\u00e9rience de Surf avec Notre Collection","item":"https:\/\/elevatesurf.ch\/shop\/"},{"@type":"ListItem","position":3,"name":"Indiana 115 Pump Foil Carbon"}]},{"@type":"WebSite","@id":"https:\/\/elevatesurf.ch\/#website","url":"https:\/\/elevatesurf.ch\/","name":"Elevatesurf","description":"Surfez vers de nouveaux sommets avec ElevateSurf ! Kiteshop, Wingshop","publisher":{"@id":"https:\/\/elevatesurf.ch\/#organization"},"potentialAction":[{"@type":"SearchAction","target":{"@type":"EntryPoint","urlTemplate":"https:\/\/elevatesurf.ch\/?s={search_term_string}"},"query-input":"required name=search_term_string"}],"inLanguage":"fr-FR"},{"@type":"Organization","@id":"https:\/\/elevatesurf.ch\/#organization","name":"Elevatesurf","url":"https:\/\/elevatesurf.ch\/","logo":{"@type":"ImageObject","inLanguage":"fr-FR","@id":"https:\/\/elevatesurf.ch\/#\/schema\/logo\/image\/","url":"https:\/\/elevatesurf.ch\/wp-content\/uploads\/2024\/06\/67c2ec70-bdf5-4c14-898a-ded5b2051398.jpg","contentUrl":"https:\/\/elevatesurf.ch\/wp-content\/uploads\/2024\/06\/67c2ec70-bdf5-4c14-898a-ded5b2051398.jpg","width":1024,"height":1024,"caption":"Elevatesurf"},"image":{"@id":"https:\/\/elevatesurf.ch\/#\/schema\/logo\/image\/"},"sameAs":["https:\/\/www.instagram.com\/elevate__surf\/"]}]}},"_links":{"self":[{"href":"https:\/\/elevatesurf.ch\/fr\/wp-json\/wp\/v2\/product\/20051","targetHints":{"allow":["GET"]}}],"collection":[{"href":"https:\/\/elevatesurf.ch\/fr\/wp-json\/wp\/v2\/product"}],"about":[{"href":"https:\/\/elevatesurf.ch\/fr\/wp-json\/wp\/v2\/types\/product"}],"replies":[{"embeddable":true,"href":"https:\/\/elevatesurf.ch\/fr\/wp-json\/wp\/v2\/comments?post=20051"}],"wp:featuredmedia":[{"embeddable":true,"href":"https:\/\/elevatesurf.ch\/fr\/wp-json\/wp\/v2\/media\/20050"}],"wp:attachment":[{"href":"https:\/\/elevatesurf.ch\/fr\/wp-json\/wp\/v2\/media?parent=20051"}],"wp:term":[{"taxonomy":"product_cat","embeddable":true,"href":"https:\/\/elevatesurf.ch\/fr\/wp-json\/wp\/v2\/product_cat?post=20051"},{"taxonomy":"product_tag","embeddable":true,"href":"https:\/\/elevatesurf.ch\/fr\/wp-json\/wp\/v2\/product_tag?post=20051"}],"curies":[{"name":"wp","href":"https:\/\/api.w.org\/{rel}","templated":true}]}}