{"id":20057,"date":"2024-08-30T10:15:11","date_gmt":"2024-08-30T10:15:11","guid":{"rendered":"https:\/\/elevatesurf.ch\/product\/indiana-37-pump-foil-le-doigt-carbon\/"},"modified":"2026-01-10T08:41:22","modified_gmt":"2026-01-10T08:41:22","slug":"indiana-37-pump-foil-le-doigt-carbon","status":"publish","type":"product","link":"https:\/\/elevatesurf.ch\/fr\/product\/indiana-37-pump-foil-le-doigt-carbon\/","title":{"rendered":"Indiana 3&rsquo;7 Pump Foil &lsquo;Le Doigt&rsquo; Carbon"},"content":{"rendered":"<p>Indiana Ambassador Steeve Fleury hat sein eigenes Signature Board designed. Es ist ein reines Pump Foilboard. Diese Pump-Maschine ist klein, kompakt, leicht und  stark. Der Shape dieses Boards erm\u00f6glicht euch lange Fl\u00fcge und enge Kurven. Die Rails sind oben rund und unten scharf, was bedeutet, dass ihr bei zu engen Kurven oder Wasserkontakt keine Geschwindigkeit verliert und sie erm\u00f6glichen euch einen einfachen Re-Start  Mit diesem 24-Liter-Board k\u00f6nnt ihr sogar paddeln und Wellen reiten. Das Tail hat einen Winkel, um Ollies zu machen, ist aber immer noch dick genug, um euch von der Welle schieben zu lassen.<br \/>\nDieses Board liefert die beste Mischung zwischen Gewicht, St\u00e4rke und Volumen, um euch bei euren Pump-Sessions die maximale Leistung zu bieten.<\/p>\n<p>Features:<br \/>\nAdjustable Track System:<br \/>\nErlaubt euch das Foil Setup eurem Gewicht und Komfort anzupassen. Es ist mit allen Foil Systemen mit einem 165&#215;90 mm Schraubenmuster kompatibel. F\u00fcr den st\u00e4rksten Support ist das Track-System strukturell zwischen dem oberen und unteren Laminat integriert.<\/p>\n<p>Grooved EVA Deck Pad:<br \/>\nErm\u00f6glicht euch einzigartigen seitlichen Grip, erm\u00f6glicht euch aber auch eure F\u00fcsse auf dem Deck zu bewegen.<\/p>\n","protected":false},"excerpt":{"rendered":"<p>Indiana Ambassador Steeve Fleury hat sein eigenes Signature Board designed. Es ist ein reines Pump Foilboard. Diese Pump-Maschine ist klein, kompakt, leicht und stark. Der Shape dieses Boards erm\u00f6glicht euch lange Fl\u00fcge und enge Kurven. Die Rails sind oben rund und unten scharf, was bedeutet, dass ihr bei zu engen Kurven oder Wasserkontakt keine Geschwindigkeit [&hellip;]<\/p>\n","protected":false},"featured_media":20056,"comment_status":"open","ping_status":"closed","template":"","meta":[],"product_cat":[594,138],"product_tag":[],"class_list":{"0":"post-20057","1":"product","2":"type-product","3":"status-publish","4":"has-post-thumbnail","6":"product_cat-planches","7":"product_cat-wingfoil-suisse-acheter","8":"product_brand-indiana-suisse","10":"first","11":"outofstock","12":"shipping-taxable","13":"purchasable","14":"product-type-simple"},"yoast_head":"<!-- This site is optimized with the Yoast SEO plugin v22.8 - https:\/\/yoast.com\/wordpress\/plugins\/seo\/ -->\n<title>Indiana 3&#039;7 Pump Foil &#039;Le Doigt&#039; Carbon - Elevatesurf<\/title>\n<meta name=\"description\" content=\"Elevatesurf Indiana 3&#039;7 Pump Foil &#039;Le Doigt&#039; Carbon\" \/>\n<meta name=\"robots\" content=\"index, follow, max-snippet:-1, max-image-preview:large, max-video-preview:-1\" \/>\n<link rel=\"canonical\" href=\"https:\/\/elevatesurf.ch\/fr\/product\/indiana-37-pump-foil-le-doigt-carbon\/\" \/>\n<meta property=\"og:locale\" content=\"fr_FR\" \/>\n<meta property=\"og:type\" content=\"article\" \/>\n<meta property=\"og:title\" content=\"Indiana 3&#039;7 Pump Foil &#039;Le Doigt&#039; Carbon - Elevatesurf\" \/>\n<meta property=\"og:description\" content=\"Elevatesurf Indiana 3&#039;7 Pump Foil &#039;Le Doigt&#039; Carbon\" \/>\n<meta property=\"og:url\" content=\"https:\/\/elevatesurf.ch\/fr\/product\/indiana-37-pump-foil-le-doigt-carbon\/\" \/>\n<meta property=\"og:site_name\" content=\"Elevatesurf\" \/>\n<meta property=\"article:modified_time\" content=\"2026-01-10T08:41:22+00:00\" \/>\n<meta property=\"og:image\" content=\"https:\/\/elevatesurf.ch\/wp-content\/uploads\/2024\/08\/3244sq_indiana_3_7_pump_foil_le_doigt_carbon_1.png\" \/>\n\t<meta property=\"og:image:width\" content=\"1300\" \/>\n\t<meta property=\"og:image:height\" content=\"1300\" \/>\n\t<meta property=\"og:image:type\" content=\"image\/png\" \/>\n<meta name=\"twitter:card\" content=\"summary_large_image\" \/>\n<meta name=\"twitter:label1\" content=\"Dur\u00e9e de lecture estim\u00e9e\" \/>\n\t<meta name=\"twitter:data1\" content=\"1 minute\" \/>\n<script type=\"application\/ld+json\" class=\"yoast-schema-graph\">{\"@context\":\"https:\/\/schema.org\",\"@graph\":[{\"@type\":[\"WebPage\",\"ItemPage\"],\"@id\":\"https:\/\/elevatesurf.ch\/product\/indiana-37-pump-foil-le-doigt-carbon\/\",\"url\":\"https:\/\/elevatesurf.ch\/product\/indiana-37-pump-foil-le-doigt-carbon\/\",\"name\":\"Indiana 3'7 Pump Foil 'Le Doigt' Carbon - Elevatesurf\",\"isPartOf\":{\"@id\":\"https:\/\/elevatesurf.ch\/#website\"},\"primaryImageOfPage\":{\"@id\":\"https:\/\/elevatesurf.ch\/product\/indiana-37-pump-foil-le-doigt-carbon\/#primaryimage\"},\"image\":{\"@id\":\"https:\/\/elevatesurf.ch\/product\/indiana-37-pump-foil-le-doigt-carbon\/#primaryimage\"},\"thumbnailUrl\":\"https:\/\/elevatesurf.ch\/wp-content\/uploads\/2024\/08\/3244sq_indiana_3_7_pump_foil_le_doigt_carbon_1.png\",\"datePublished\":\"2024-08-30T10:15:11+00:00\",\"dateModified\":\"2026-01-10T08:41:22+00:00\",\"description\":\"Elevatesurf Indiana 3'7 Pump Foil 'Le Doigt' Carbon\",\"breadcrumb\":{\"@id\":\"https:\/\/elevatesurf.ch\/product\/indiana-37-pump-foil-le-doigt-carbon\/#breadcrumb\"},\"inLanguage\":\"fr-FR\",\"potentialAction\":[{\"@type\":\"ReadAction\",\"target\":[\"https:\/\/elevatesurf.ch\/product\/indiana-37-pump-foil-le-doigt-carbon\/\"]}]},{\"@type\":\"ImageObject\",\"inLanguage\":\"fr-FR\",\"@id\":\"https:\/\/elevatesurf.ch\/product\/indiana-37-pump-foil-le-doigt-carbon\/#primaryimage\",\"url\":\"https:\/\/elevatesurf.ch\/wp-content\/uploads\/2024\/08\/3244sq_indiana_3_7_pump_foil_le_doigt_carbon_1.png\",\"contentUrl\":\"https:\/\/elevatesurf.ch\/wp-content\/uploads\/2024\/08\/3244sq_indiana_3_7_pump_foil_le_doigt_carbon_1.png\",\"width\":1300,\"height\":1300},{\"@type\":\"BreadcrumbList\",\"@id\":\"https:\/\/elevatesurf.ch\/product\/indiana-37-pump-foil-le-doigt-carbon\/#breadcrumb\",\"itemListElement\":[{\"@type\":\"ListItem\",\"position\":1,\"name\":\"Accueil\",\"item\":\"https:\/\/elevatesurf.ch\/\"},{\"@type\":\"ListItem\",\"position\":2,\"name\":\"Shop &#8211; \u00c9levez Votre Exp\u00e9rience de Surf avec Notre Collection\",\"item\":\"https:\/\/elevatesurf.ch\/shop\/\"},{\"@type\":\"ListItem\",\"position\":3,\"name\":\"Indiana 3&#8217;7 Pump Foil &#8216;Le Doigt&#8217; Carbon\"}]},{\"@type\":\"WebSite\",\"@id\":\"https:\/\/elevatesurf.ch\/#website\",\"url\":\"https:\/\/elevatesurf.ch\/\",\"name\":\"Elevatesurf\",\"description\":\"Surfez vers de nouveaux sommets avec ElevateSurf ! Kiteshop, Wingshop\",\"publisher\":{\"@id\":\"https:\/\/elevatesurf.ch\/#organization\"},\"potentialAction\":[{\"@type\":\"SearchAction\",\"target\":{\"@type\":\"EntryPoint\",\"urlTemplate\":\"https:\/\/elevatesurf.ch\/?s={search_term_string}\"},\"query-input\":\"required name=search_term_string\"}],\"inLanguage\":\"fr-FR\"},{\"@type\":\"Organization\",\"@id\":\"https:\/\/elevatesurf.ch\/#organization\",\"name\":\"Elevatesurf\",\"url\":\"https:\/\/elevatesurf.ch\/\",\"logo\":{\"@type\":\"ImageObject\",\"inLanguage\":\"fr-FR\",\"@id\":\"https:\/\/elevatesurf.ch\/#\/schema\/logo\/image\/\",\"url\":\"https:\/\/elevatesurf.ch\/wp-content\/uploads\/2024\/06\/67c2ec70-bdf5-4c14-898a-ded5b2051398.jpg\",\"contentUrl\":\"https:\/\/elevatesurf.ch\/wp-content\/uploads\/2024\/06\/67c2ec70-bdf5-4c14-898a-ded5b2051398.jpg\",\"width\":1024,\"height\":1024,\"caption\":\"Elevatesurf\"},\"image\":{\"@id\":\"https:\/\/elevatesurf.ch\/#\/schema\/logo\/image\/\"},\"sameAs\":[\"https:\/\/www.instagram.com\/elevate__surf\/\"]}]}<\/script>\n<!-- \/ Yoast SEO plugin. -->","yoast_head_json":{"title":"Indiana 3'7 Pump Foil 'Le Doigt' Carbon - Elevatesurf","description":"Elevatesurf Indiana 3'7 Pump Foil 'Le Doigt' Carbon","robots":{"index":"index","follow":"follow","max-snippet":"max-snippet:-1","max-image-preview":"max-image-preview:large","max-video-preview":"max-video-preview:-1"},"canonical":"https:\/\/elevatesurf.ch\/fr\/product\/indiana-37-pump-foil-le-doigt-carbon\/","og_locale":"fr_FR","og_type":"article","og_title":"Indiana 3'7 Pump Foil 'Le Doigt' Carbon - Elevatesurf","og_description":"Elevatesurf Indiana 3'7 Pump Foil 'Le Doigt' Carbon","og_url":"https:\/\/elevatesurf.ch\/fr\/product\/indiana-37-pump-foil-le-doigt-carbon\/","og_site_name":"Elevatesurf","article_modified_time":"2026-01-10T08:41:22+00:00","og_image":[{"width":1300,"height":1300,"url":"https:\/\/elevatesurf.ch\/wp-content\/uploads\/2024\/08\/3244sq_indiana_3_7_pump_foil_le_doigt_carbon_1.png","type":"image\/png"}],"twitter_card":"summary_large_image","twitter_misc":{"Dur\u00e9e de lecture estim\u00e9e":"1 minute"},"schema":{"@context":"https:\/\/schema.org","@graph":[{"@type":["WebPage","ItemPage"],"@id":"https:\/\/elevatesurf.ch\/product\/indiana-37-pump-foil-le-doigt-carbon\/","url":"https:\/\/elevatesurf.ch\/product\/indiana-37-pump-foil-le-doigt-carbon\/","name":"Indiana 3'7 Pump Foil 'Le Doigt' Carbon - Elevatesurf","isPartOf":{"@id":"https:\/\/elevatesurf.ch\/#website"},"primaryImageOfPage":{"@id":"https:\/\/elevatesurf.ch\/product\/indiana-37-pump-foil-le-doigt-carbon\/#primaryimage"},"image":{"@id":"https:\/\/elevatesurf.ch\/product\/indiana-37-pump-foil-le-doigt-carbon\/#primaryimage"},"thumbnailUrl":"https:\/\/elevatesurf.ch\/wp-content\/uploads\/2024\/08\/3244sq_indiana_3_7_pump_foil_le_doigt_carbon_1.png","datePublished":"2024-08-30T10:15:11+00:00","dateModified":"2026-01-10T08:41:22+00:00","description":"Elevatesurf Indiana 3'7 Pump Foil 'Le Doigt' Carbon","breadcrumb":{"@id":"https:\/\/elevatesurf.ch\/product\/indiana-37-pump-foil-le-doigt-carbon\/#breadcrumb"},"inLanguage":"fr-FR","potentialAction":[{"@type":"ReadAction","target":["https:\/\/elevatesurf.ch\/product\/indiana-37-pump-foil-le-doigt-carbon\/"]}]},{"@type":"ImageObject","inLanguage":"fr-FR","@id":"https:\/\/elevatesurf.ch\/product\/indiana-37-pump-foil-le-doigt-carbon\/#primaryimage","url":"https:\/\/elevatesurf.ch\/wp-content\/uploads\/2024\/08\/3244sq_indiana_3_7_pump_foil_le_doigt_carbon_1.png","contentUrl":"https:\/\/elevatesurf.ch\/wp-content\/uploads\/2024\/08\/3244sq_indiana_3_7_pump_foil_le_doigt_carbon_1.png","width":1300,"height":1300},{"@type":"BreadcrumbList","@id":"https:\/\/elevatesurf.ch\/product\/indiana-37-pump-foil-le-doigt-carbon\/#breadcrumb","itemListElement":[{"@type":"ListItem","position":1,"name":"Accueil","item":"https:\/\/elevatesurf.ch\/"},{"@type":"ListItem","position":2,"name":"Shop &#8211; \u00c9levez Votre Exp\u00e9rience de Surf avec Notre Collection","item":"https:\/\/elevatesurf.ch\/shop\/"},{"@type":"ListItem","position":3,"name":"Indiana 3&#8217;7 Pump Foil &#8216;Le Doigt&#8217; Carbon"}]},{"@type":"WebSite","@id":"https:\/\/elevatesurf.ch\/#website","url":"https:\/\/elevatesurf.ch\/","name":"Elevatesurf","description":"Surfez vers de nouveaux sommets avec ElevateSurf ! Kiteshop, Wingshop","publisher":{"@id":"https:\/\/elevatesurf.ch\/#organization"},"potentialAction":[{"@type":"SearchAction","target":{"@type":"EntryPoint","urlTemplate":"https:\/\/elevatesurf.ch\/?s={search_term_string}"},"query-input":"required name=search_term_string"}],"inLanguage":"fr-FR"},{"@type":"Organization","@id":"https:\/\/elevatesurf.ch\/#organization","name":"Elevatesurf","url":"https:\/\/elevatesurf.ch\/","logo":{"@type":"ImageObject","inLanguage":"fr-FR","@id":"https:\/\/elevatesurf.ch\/#\/schema\/logo\/image\/","url":"https:\/\/elevatesurf.ch\/wp-content\/uploads\/2024\/06\/67c2ec70-bdf5-4c14-898a-ded5b2051398.jpg","contentUrl":"https:\/\/elevatesurf.ch\/wp-content\/uploads\/2024\/06\/67c2ec70-bdf5-4c14-898a-ded5b2051398.jpg","width":1024,"height":1024,"caption":"Elevatesurf"},"image":{"@id":"https:\/\/elevatesurf.ch\/#\/schema\/logo\/image\/"},"sameAs":["https:\/\/www.instagram.com\/elevate__surf\/"]}]}},"_links":{"self":[{"href":"https:\/\/elevatesurf.ch\/fr\/wp-json\/wp\/v2\/product\/20057","targetHints":{"allow":["GET"]}}],"collection":[{"href":"https:\/\/elevatesurf.ch\/fr\/wp-json\/wp\/v2\/product"}],"about":[{"href":"https:\/\/elevatesurf.ch\/fr\/wp-json\/wp\/v2\/types\/product"}],"replies":[{"embeddable":true,"href":"https:\/\/elevatesurf.ch\/fr\/wp-json\/wp\/v2\/comments?post=20057"}],"wp:featuredmedia":[{"embeddable":true,"href":"https:\/\/elevatesurf.ch\/fr\/wp-json\/wp\/v2\/media\/20056"}],"wp:attachment":[{"href":"https:\/\/elevatesurf.ch\/fr\/wp-json\/wp\/v2\/media?parent=20057"}],"wp:term":[{"taxonomy":"product_cat","embeddable":true,"href":"https:\/\/elevatesurf.ch\/fr\/wp-json\/wp\/v2\/product_cat?post=20057"},{"taxonomy":"product_tag","embeddable":true,"href":"https:\/\/elevatesurf.ch\/fr\/wp-json\/wp\/v2\/product_tag?post=20057"}],"curies":[{"name":"wp","href":"https:\/\/api.w.org\/{rel}","templated":true}]}}