{"id":20061,"date":"2024-08-30T10:15:17","date_gmt":"2024-08-30T10:15:17","guid":{"rendered":"https:\/\/elevatesurf.ch\/product\/indiana-wave-foil-47-carbon\/"},"modified":"2026-01-10T08:41:22","modified_gmt":"2026-01-10T08:41:22","slug":"indiana-wave-foil-47-carbon","status":"publish","type":"product","link":"https:\/\/elevatesurf.ch\/fr\/product\/indiana-wave-foil-47-carbon\/","title":{"rendered":"Indiana Wave Foil 4&rsquo;7 Carbon"},"content":{"rendered":"<p>Neu f\u00fcr 2024 ist das neue Wavefoil Board, das modernste Design, das dem Gehirn von Gunnar \u201eChinatown\u201c Biniasch entsprungen ist.<br \/>\nDie WaveFoil-Serie richtet sich an Fahrer, die ein Board suchen, das mit oder ohne Wing in den Wellen gl\u00e4nzt.<br \/>\nEs ist f\u00fcr das Prone-Paddlen und f\u00fcr das Fahren mit einem Wing konzipiert und verf\u00fcgt \u00fcber ein erstaunliches Low-End. Dank der T-Tail-Form bleibt es bei harten Kurven nicht an der Wellenfl\u00e4che h\u00e4ngen.<br \/>\nDas 4&rsquo;7&prime; ist perfekt f\u00fcr Surf Foilen leichte Anf\u00e4nger&nbsp; und Fortgeschrittene Wingfoiler.<br \/>\nAlle Indiana WaveFoil Boards werden komplett mit Tasche, Fuss-Schlaufen und Schrauben ausgeliefert.<br \/>\n&nbsp;<br \/>\nFeatures:<br \/>\nGunnar hat viel Zeit damit verbracht, die neuen Konzepte auf diesem Board zu testen und zu verfeinern, um sicherzustellen, dass alles harmonisch funktioniert<br \/>\nNeue Board-Features 2024:<br \/>\nRelease Rocker 2.0: Der Tail Rocker wurde erh\u00f6ht, um die Beschleunigung zu maximieren und es dem Board zu erm\u00f6glichen sich ohne Widerstand aus dem Wasser zu l\u00f6sen.<br \/>\nDeep Concave Deck: Die tiefe ergonomische Konkave im Deck gibt maximale Kontrolle, da sie dem Vorderfuss guten Grip bietet, ohne dass es unangenehm ist. Die Konkave ist unter dem Vorderfuss am tiefsten und wird zum Tail des Boards hin flacher. Um zu verhindern dass sich das Wasser bei den F\u00fc\u00dfen sammelt erstreckt sich die Konkave bis zur R\u00fcckseite des Boards und bildet so einen Kanal, durch den das Wasser entweichen kann.<br \/>\nConcave Rails: Das neue Konzept der konkaven Rails erm\u00f6glicht es zwei Bretter in einem zu haben. Anstelle einer geraden, abgeschr\u00e4gten Rail erm\u00f6glichen die Concave Rails dass das Board bei Verdr\u00e4ngerfahrt etwas tiefer auf dem Wasser sitzt was f\u00fcr eine erh\u00f6hte Rollstabilit\u00e4t sorgt. Aber wenn das Board gepumpt wird, wird die obere Boardfl\u00e4che effektiv aus dem Wasser entfernt und nur&nbsp; der reduzierte Rumpf gleitet, was den Release des Boards aus dem Wasser erheblich erleichtert.<br \/>\nRound Bottom Hull: Der Rumpf ist vorne gerundet. Dies hilft dem Board, im Verdr\u00e4ngungsmodus zu beschleunigen, sodass es eine h\u00f6here Geschwindigkeit erzeugt bevor man mit dem Anpumpen beginnt. Der runde Rumpf belastet die Knie auch weniger, wenn man Spr\u00fcnge landet oder durch Chop f\u00e4hrt.<br \/>\nHSH (Hard-Soft-Hard ) Rail Progression: Die untere Rail ist in der N\u00e4he des Tails scharf, hat aber einen weicheren Abschnitt unter dem Vorderfuss, der an der Nose wieder scharf wird. Dadurch wird der Wassereintritt an dem Railprofil effizienter und das Wasser wird unter das Brett geleitet.<\/p>\n","protected":false},"excerpt":{"rendered":"<p>Neu f\u00fcr 2024 ist das neue Wavefoil Board, das modernste Design, das dem Gehirn von Gunnar \u201eChinatown\u201c Biniasch entsprungen ist. Die WaveFoil-Serie richtet sich an Fahrer, die ein Board suchen, das mit oder ohne Wing in den Wellen gl\u00e4nzt. Es ist f\u00fcr das Prone-Paddlen und f\u00fcr das Fahren mit einem Wing konzipiert und verf\u00fcgt \u00fcber [&hellip;]<\/p>\n","protected":false},"featured_media":20060,"comment_status":"open","ping_status":"closed","template":"","meta":[],"product_cat":[594,138],"product_tag":[],"class_list":{"0":"post-20061","1":"product","2":"type-product","3":"status-publish","4":"has-post-thumbnail","6":"product_cat-planches","7":"product_cat-wingfoil-suisse-acheter","8":"product_brand-indiana-suisse","10":"first","11":"instock","12":"shipping-taxable","13":"purchasable","14":"product-type-simple"},"yoast_head":"<!-- This site is optimized with the Yoast SEO plugin v22.8 - https:\/\/yoast.com\/wordpress\/plugins\/seo\/ -->\n<title>Indiana Wave Foil 4&#039;7 Carbon - Elevatesurf<\/title>\n<meta name=\"description\" content=\"Elevatesurf Indiana Wave Foil 4&#039;7 Carbon\" \/>\n<meta name=\"robots\" content=\"index, follow, max-snippet:-1, max-image-preview:large, max-video-preview:-1\" \/>\n<link rel=\"canonical\" href=\"https:\/\/elevatesurf.ch\/fr\/product\/indiana-wave-foil-47-carbon\/\" \/>\n<meta property=\"og:locale\" content=\"fr_FR\" \/>\n<meta property=\"og:type\" content=\"article\" \/>\n<meta property=\"og:title\" content=\"Indiana Wave Foil 4&#039;7 Carbon - Elevatesurf\" \/>\n<meta property=\"og:description\" content=\"Elevatesurf Indiana Wave Foil 4&#039;7 Carbon\" \/>\n<meta property=\"og:url\" content=\"https:\/\/elevatesurf.ch\/fr\/product\/indiana-wave-foil-47-carbon\/\" \/>\n<meta property=\"og:site_name\" content=\"Elevatesurf\" \/>\n<meta property=\"article:modified_time\" content=\"2026-01-10T08:41:22+00:00\" \/>\n<meta property=\"og:image\" content=\"https:\/\/elevatesurf.ch\/wp-content\/uploads\/2024\/08\/3283sq_indiana_wave_4_7.png\" \/>\n\t<meta property=\"og:image:width\" content=\"1100\" \/>\n\t<meta property=\"og:image:height\" content=\"1100\" \/>\n\t<meta property=\"og:image:type\" content=\"image\/png\" \/>\n<meta name=\"twitter:card\" content=\"summary_large_image\" \/>\n<meta name=\"twitter:label1\" content=\"Dur\u00e9e de lecture estim\u00e9e\" \/>\n\t<meta name=\"twitter:data1\" content=\"2 minutes\" \/>\n<script type=\"application\/ld+json\" class=\"yoast-schema-graph\">{\"@context\":\"https:\/\/schema.org\",\"@graph\":[{\"@type\":[\"WebPage\",\"ItemPage\"],\"@id\":\"https:\/\/elevatesurf.ch\/product\/indiana-wave-foil-47-carbon\/\",\"url\":\"https:\/\/elevatesurf.ch\/product\/indiana-wave-foil-47-carbon\/\",\"name\":\"Indiana Wave Foil 4'7 Carbon - Elevatesurf\",\"isPartOf\":{\"@id\":\"https:\/\/elevatesurf.ch\/#website\"},\"primaryImageOfPage\":{\"@id\":\"https:\/\/elevatesurf.ch\/product\/indiana-wave-foil-47-carbon\/#primaryimage\"},\"image\":{\"@id\":\"https:\/\/elevatesurf.ch\/product\/indiana-wave-foil-47-carbon\/#primaryimage\"},\"thumbnailUrl\":\"https:\/\/elevatesurf.ch\/wp-content\/uploads\/2024\/08\/3283sq_indiana_wave_4_7.png\",\"datePublished\":\"2024-08-30T10:15:17+00:00\",\"dateModified\":\"2026-01-10T08:41:22+00:00\",\"description\":\"Elevatesurf Indiana Wave Foil 4'7 Carbon\",\"breadcrumb\":{\"@id\":\"https:\/\/elevatesurf.ch\/product\/indiana-wave-foil-47-carbon\/#breadcrumb\"},\"inLanguage\":\"fr-FR\",\"potentialAction\":[{\"@type\":\"ReadAction\",\"target\":[\"https:\/\/elevatesurf.ch\/product\/indiana-wave-foil-47-carbon\/\"]}]},{\"@type\":\"ImageObject\",\"inLanguage\":\"fr-FR\",\"@id\":\"https:\/\/elevatesurf.ch\/product\/indiana-wave-foil-47-carbon\/#primaryimage\",\"url\":\"https:\/\/elevatesurf.ch\/wp-content\/uploads\/2024\/08\/3283sq_indiana_wave_4_7.png\",\"contentUrl\":\"https:\/\/elevatesurf.ch\/wp-content\/uploads\/2024\/08\/3283sq_indiana_wave_4_7.png\",\"width\":1100,\"height\":1100},{\"@type\":\"BreadcrumbList\",\"@id\":\"https:\/\/elevatesurf.ch\/product\/indiana-wave-foil-47-carbon\/#breadcrumb\",\"itemListElement\":[{\"@type\":\"ListItem\",\"position\":1,\"name\":\"Accueil\",\"item\":\"https:\/\/elevatesurf.ch\/\"},{\"@type\":\"ListItem\",\"position\":2,\"name\":\"Shop &#8211; \u00c9levez Votre Exp\u00e9rience de Surf avec Notre Collection\",\"item\":\"https:\/\/elevatesurf.ch\/shop\/\"},{\"@type\":\"ListItem\",\"position\":3,\"name\":\"Indiana Wave Foil 4&#8217;7 Carbon\"}]},{\"@type\":\"WebSite\",\"@id\":\"https:\/\/elevatesurf.ch\/#website\",\"url\":\"https:\/\/elevatesurf.ch\/\",\"name\":\"Elevatesurf\",\"description\":\"Surfez vers de nouveaux sommets avec ElevateSurf ! Kiteshop, Wingshop\",\"publisher\":{\"@id\":\"https:\/\/elevatesurf.ch\/#organization\"},\"potentialAction\":[{\"@type\":\"SearchAction\",\"target\":{\"@type\":\"EntryPoint\",\"urlTemplate\":\"https:\/\/elevatesurf.ch\/?s={search_term_string}\"},\"query-input\":\"required name=search_term_string\"}],\"inLanguage\":\"fr-FR\"},{\"@type\":\"Organization\",\"@id\":\"https:\/\/elevatesurf.ch\/#organization\",\"name\":\"Elevatesurf\",\"url\":\"https:\/\/elevatesurf.ch\/\",\"logo\":{\"@type\":\"ImageObject\",\"inLanguage\":\"fr-FR\",\"@id\":\"https:\/\/elevatesurf.ch\/#\/schema\/logo\/image\/\",\"url\":\"https:\/\/elevatesurf.ch\/wp-content\/uploads\/2024\/06\/67c2ec70-bdf5-4c14-898a-ded5b2051398.jpg\",\"contentUrl\":\"https:\/\/elevatesurf.ch\/wp-content\/uploads\/2024\/06\/67c2ec70-bdf5-4c14-898a-ded5b2051398.jpg\",\"width\":1024,\"height\":1024,\"caption\":\"Elevatesurf\"},\"image\":{\"@id\":\"https:\/\/elevatesurf.ch\/#\/schema\/logo\/image\/\"},\"sameAs\":[\"https:\/\/www.instagram.com\/elevate__surf\/\"]}]}<\/script>\n<!-- \/ Yoast SEO plugin. -->","yoast_head_json":{"title":"Indiana Wave Foil 4'7 Carbon - Elevatesurf","description":"Elevatesurf Indiana Wave Foil 4'7 Carbon","robots":{"index":"index","follow":"follow","max-snippet":"max-snippet:-1","max-image-preview":"max-image-preview:large","max-video-preview":"max-video-preview:-1"},"canonical":"https:\/\/elevatesurf.ch\/fr\/product\/indiana-wave-foil-47-carbon\/","og_locale":"fr_FR","og_type":"article","og_title":"Indiana Wave Foil 4'7 Carbon - Elevatesurf","og_description":"Elevatesurf Indiana Wave Foil 4'7 Carbon","og_url":"https:\/\/elevatesurf.ch\/fr\/product\/indiana-wave-foil-47-carbon\/","og_site_name":"Elevatesurf","article_modified_time":"2026-01-10T08:41:22+00:00","og_image":[{"width":1100,"height":1100,"url":"https:\/\/elevatesurf.ch\/wp-content\/uploads\/2024\/08\/3283sq_indiana_wave_4_7.png","type":"image\/png"}],"twitter_card":"summary_large_image","twitter_misc":{"Dur\u00e9e de lecture estim\u00e9e":"2 minutes"},"schema":{"@context":"https:\/\/schema.org","@graph":[{"@type":["WebPage","ItemPage"],"@id":"https:\/\/elevatesurf.ch\/product\/indiana-wave-foil-47-carbon\/","url":"https:\/\/elevatesurf.ch\/product\/indiana-wave-foil-47-carbon\/","name":"Indiana Wave Foil 4'7 Carbon - Elevatesurf","isPartOf":{"@id":"https:\/\/elevatesurf.ch\/#website"},"primaryImageOfPage":{"@id":"https:\/\/elevatesurf.ch\/product\/indiana-wave-foil-47-carbon\/#primaryimage"},"image":{"@id":"https:\/\/elevatesurf.ch\/product\/indiana-wave-foil-47-carbon\/#primaryimage"},"thumbnailUrl":"https:\/\/elevatesurf.ch\/wp-content\/uploads\/2024\/08\/3283sq_indiana_wave_4_7.png","datePublished":"2024-08-30T10:15:17+00:00","dateModified":"2026-01-10T08:41:22+00:00","description":"Elevatesurf Indiana Wave Foil 4'7 Carbon","breadcrumb":{"@id":"https:\/\/elevatesurf.ch\/product\/indiana-wave-foil-47-carbon\/#breadcrumb"},"inLanguage":"fr-FR","potentialAction":[{"@type":"ReadAction","target":["https:\/\/elevatesurf.ch\/product\/indiana-wave-foil-47-carbon\/"]}]},{"@type":"ImageObject","inLanguage":"fr-FR","@id":"https:\/\/elevatesurf.ch\/product\/indiana-wave-foil-47-carbon\/#primaryimage","url":"https:\/\/elevatesurf.ch\/wp-content\/uploads\/2024\/08\/3283sq_indiana_wave_4_7.png","contentUrl":"https:\/\/elevatesurf.ch\/wp-content\/uploads\/2024\/08\/3283sq_indiana_wave_4_7.png","width":1100,"height":1100},{"@type":"BreadcrumbList","@id":"https:\/\/elevatesurf.ch\/product\/indiana-wave-foil-47-carbon\/#breadcrumb","itemListElement":[{"@type":"ListItem","position":1,"name":"Accueil","item":"https:\/\/elevatesurf.ch\/"},{"@type":"ListItem","position":2,"name":"Shop &#8211; \u00c9levez Votre Exp\u00e9rience de Surf avec Notre Collection","item":"https:\/\/elevatesurf.ch\/shop\/"},{"@type":"ListItem","position":3,"name":"Indiana Wave Foil 4&#8217;7 Carbon"}]},{"@type":"WebSite","@id":"https:\/\/elevatesurf.ch\/#website","url":"https:\/\/elevatesurf.ch\/","name":"Elevatesurf","description":"Surfez vers de nouveaux sommets avec ElevateSurf ! Kiteshop, Wingshop","publisher":{"@id":"https:\/\/elevatesurf.ch\/#organization"},"potentialAction":[{"@type":"SearchAction","target":{"@type":"EntryPoint","urlTemplate":"https:\/\/elevatesurf.ch\/?s={search_term_string}"},"query-input":"required name=search_term_string"}],"inLanguage":"fr-FR"},{"@type":"Organization","@id":"https:\/\/elevatesurf.ch\/#organization","name":"Elevatesurf","url":"https:\/\/elevatesurf.ch\/","logo":{"@type":"ImageObject","inLanguage":"fr-FR","@id":"https:\/\/elevatesurf.ch\/#\/schema\/logo\/image\/","url":"https:\/\/elevatesurf.ch\/wp-content\/uploads\/2024\/06\/67c2ec70-bdf5-4c14-898a-ded5b2051398.jpg","contentUrl":"https:\/\/elevatesurf.ch\/wp-content\/uploads\/2024\/06\/67c2ec70-bdf5-4c14-898a-ded5b2051398.jpg","width":1024,"height":1024,"caption":"Elevatesurf"},"image":{"@id":"https:\/\/elevatesurf.ch\/#\/schema\/logo\/image\/"},"sameAs":["https:\/\/www.instagram.com\/elevate__surf\/"]}]}},"_links":{"self":[{"href":"https:\/\/elevatesurf.ch\/fr\/wp-json\/wp\/v2\/product\/20061","targetHints":{"allow":["GET"]}}],"collection":[{"href":"https:\/\/elevatesurf.ch\/fr\/wp-json\/wp\/v2\/product"}],"about":[{"href":"https:\/\/elevatesurf.ch\/fr\/wp-json\/wp\/v2\/types\/product"}],"replies":[{"embeddable":true,"href":"https:\/\/elevatesurf.ch\/fr\/wp-json\/wp\/v2\/comments?post=20061"}],"wp:featuredmedia":[{"embeddable":true,"href":"https:\/\/elevatesurf.ch\/fr\/wp-json\/wp\/v2\/media\/20060"}],"wp:attachment":[{"href":"https:\/\/elevatesurf.ch\/fr\/wp-json\/wp\/v2\/media?parent=20061"}],"wp:term":[{"taxonomy":"product_cat","embeddable":true,"href":"https:\/\/elevatesurf.ch\/fr\/wp-json\/wp\/v2\/product_cat?post=20061"},{"taxonomy":"product_tag","embeddable":true,"href":"https:\/\/elevatesurf.ch\/fr\/wp-json\/wp\/v2\/product_tag?post=20061"}],"curies":[{"name":"wp","href":"https:\/\/api.w.org\/{rel}","templated":true}]}}