{"id":20069,"date":"2024-08-30T10:15:37","date_gmt":"2024-08-30T10:15:37","guid":{"rendered":"https:\/\/elevatesurf.ch\/product\/indiana-wing-foil-88-l-carbon\/"},"modified":"2026-01-10T08:41:23","modified_gmt":"2026-01-10T08:41:23","slug":"indiana-wing-foil-88-l-carbon","status":"publish","type":"product","link":"https:\/\/elevatesurf.ch\/fr\/product\/indiana-wing-foil-88-l-carbon\/","title":{"rendered":"Indiana Wing Foil 88 L\u00a0Carbon +"},"content":{"rendered":"<p>Die Indiana Wingfoil Boards wurden von Gunnar Biniasch auf Fuerteventura entworfen und wurden speziell entwickelt, um eure Wing-Skills auf das n\u00e4chste Level zu heben. Jeder Aspekt dieser Boards wurde entwickelt, um die Windreichweite im unteren Bereich zu maximieren und gleichzeitig die Form kompakt zu halten. Dies sorgt f\u00fcr maximalen Surf- und Freeridespass. <\/p>\n<p>Die Full Carbon Sandwich-Konstruktion bietet eine perfekte Balance zwischen Haltbarkeit und Leichtigkeit. Die nach vorne vorgespannte Volumenverteilung und die maximierte flache Fl\u00e4che erleichtern das Aufstehen auch unter schwierigsten Bedingungen. Die \u201eRelease Rocker\u201c in Kombination mit dem flachen Heck erm\u00f6glicht es dem Board, sich sauber aus dem Wasser zu l\u00f6sen. Die Boards sind mit V-Straps ausgestattet, die euren Vorderfuss so nah wie m\u00f6glich an der Mittellinie halten, die Montage sehr einfach machen und das Gewicht niedrig halten. Mit dem Tragegriff an der Unterseite des Boards k\u00f6nnt ihr das Board leicht tragen und den Wing vom Foil fernhalten. Die Nose Handle-Option macht das Ziehen des Boards durch den Shore Break einfach und sicher, sodass ihr das Board auch unter schwierigen Bedingungen problemlos an Land schwimmen k\u00f6nnt. Die Pads mit Langsrillen bieten maximalen seitlichen Halt und erm\u00f6glichen es euch, eure F\u00fcsse leicht vorw\u00e4rts und r\u00fcckw\u00e4rts zu bewegen.<br \/>\n10\u201d US Box Tracks (standard 9cm distance) \/ Nose Handle \/ Carry Handle on the bottom \/ Gore-Tex Valve<\/p>\n<p>Incl. Bag and V-Straps<\/p>\n","protected":false},"excerpt":{"rendered":"<p>Die Indiana Wingfoil Boards wurden von Gunnar Biniasch auf Fuerteventura entworfen und wurden speziell entwickelt, um eure Wing-Skills auf das n\u00e4chste Level zu heben. Jeder Aspekt dieser Boards wurde entwickelt, um die Windreichweite im unteren Bereich zu maximieren und gleichzeitig die Form kompakt zu halten. Dies sorgt f\u00fcr maximalen Surf- und Freeridespass. Die Full Carbon [&hellip;]<\/p>\n","protected":false},"featured_media":20068,"comment_status":"open","ping_status":"closed","template":"","meta":[],"product_cat":[594,138],"product_tag":[],"class_list":{"0":"post-20069","1":"product","2":"type-product","3":"status-publish","4":"has-post-thumbnail","6":"product_cat-planches","7":"product_cat-wingfoil-suisse-acheter","8":"product_brand-indiana-suisse","10":"first","11":"instock","12":"shipping-taxable","13":"purchasable","14":"product-type-simple"},"yoast_head":"<!-- This site is optimized with the Yoast SEO plugin v22.8 - https:\/\/yoast.com\/wordpress\/plugins\/seo\/ -->\n<title>Indiana Wing Foil 88 L\u00a0Carbon + - Elevatesurf<\/title>\n<meta name=\"description\" content=\"Elevatesurf Indiana Wing Foil 88 L\u00a0Carbon +\" \/>\n<meta name=\"robots\" content=\"index, follow, max-snippet:-1, max-image-preview:large, max-video-preview:-1\" \/>\n<link rel=\"canonical\" href=\"https:\/\/elevatesurf.ch\/fr\/product\/indiana-wing-foil-88-l-carbon\/\" \/>\n<meta property=\"og:locale\" content=\"fr_FR\" \/>\n<meta property=\"og:type\" content=\"article\" \/>\n<meta property=\"og:title\" content=\"Indiana Wing Foil 88 L\u00a0Carbon + - Elevatesurf\" \/>\n<meta property=\"og:description\" content=\"Elevatesurf Indiana Wing Foil 88 L\u00a0Carbon +\" \/>\n<meta property=\"og:url\" content=\"https:\/\/elevatesurf.ch\/fr\/product\/indiana-wing-foil-88-l-carbon\/\" \/>\n<meta property=\"og:site_name\" content=\"Elevatesurf\" \/>\n<meta property=\"article:modified_time\" content=\"2026-01-10T08:41:23+00:00\" \/>\n<meta property=\"og:image\" content=\"https:\/\/elevatesurf.ch\/wp-content\/uploads\/2024\/08\/3223SM_Indiana_Wing_Foil_88_Carbon_.png\" \/>\n\t<meta property=\"og:image:width\" content=\"1100\" \/>\n\t<meta property=\"og:image:height\" content=\"1100\" \/>\n\t<meta property=\"og:image:type\" content=\"image\/png\" \/>\n<meta name=\"twitter:card\" content=\"summary_large_image\" \/>\n<meta name=\"twitter:label1\" content=\"Dur\u00e9e de lecture estim\u00e9e\" \/>\n\t<meta name=\"twitter:data1\" content=\"1 minute\" \/>\n<script type=\"application\/ld+json\" class=\"yoast-schema-graph\">{\"@context\":\"https:\/\/schema.org\",\"@graph\":[{\"@type\":[\"WebPage\",\"ItemPage\"],\"@id\":\"https:\/\/elevatesurf.ch\/product\/indiana-wing-foil-88-l-carbon\/\",\"url\":\"https:\/\/elevatesurf.ch\/product\/indiana-wing-foil-88-l-carbon\/\",\"name\":\"Indiana Wing Foil 88 L\u00a0Carbon + - Elevatesurf\",\"isPartOf\":{\"@id\":\"https:\/\/elevatesurf.ch\/#website\"},\"primaryImageOfPage\":{\"@id\":\"https:\/\/elevatesurf.ch\/product\/indiana-wing-foil-88-l-carbon\/#primaryimage\"},\"image\":{\"@id\":\"https:\/\/elevatesurf.ch\/product\/indiana-wing-foil-88-l-carbon\/#primaryimage\"},\"thumbnailUrl\":\"https:\/\/elevatesurf.ch\/wp-content\/uploads\/2024\/08\/3223SM_Indiana_Wing_Foil_88_Carbon_.png\",\"datePublished\":\"2024-08-30T10:15:37+00:00\",\"dateModified\":\"2026-01-10T08:41:23+00:00\",\"description\":\"Elevatesurf Indiana Wing Foil 88 L\u00a0Carbon +\",\"breadcrumb\":{\"@id\":\"https:\/\/elevatesurf.ch\/product\/indiana-wing-foil-88-l-carbon\/#breadcrumb\"},\"inLanguage\":\"fr-FR\",\"potentialAction\":[{\"@type\":\"ReadAction\",\"target\":[\"https:\/\/elevatesurf.ch\/product\/indiana-wing-foil-88-l-carbon\/\"]}]},{\"@type\":\"ImageObject\",\"inLanguage\":\"fr-FR\",\"@id\":\"https:\/\/elevatesurf.ch\/product\/indiana-wing-foil-88-l-carbon\/#primaryimage\",\"url\":\"https:\/\/elevatesurf.ch\/wp-content\/uploads\/2024\/08\/3223SM_Indiana_Wing_Foil_88_Carbon_.png\",\"contentUrl\":\"https:\/\/elevatesurf.ch\/wp-content\/uploads\/2024\/08\/3223SM_Indiana_Wing_Foil_88_Carbon_.png\",\"width\":1100,\"height\":1100},{\"@type\":\"BreadcrumbList\",\"@id\":\"https:\/\/elevatesurf.ch\/product\/indiana-wing-foil-88-l-carbon\/#breadcrumb\",\"itemListElement\":[{\"@type\":\"ListItem\",\"position\":1,\"name\":\"Accueil\",\"item\":\"https:\/\/elevatesurf.ch\/\"},{\"@type\":\"ListItem\",\"position\":2,\"name\":\"Shop &#8211; \u00c9levez Votre Exp\u00e9rience de Surf avec Notre Collection\",\"item\":\"https:\/\/elevatesurf.ch\/shop\/\"},{\"@type\":\"ListItem\",\"position\":3,\"name\":\"Indiana Wing Foil 88 L\u00a0Carbon +\"}]},{\"@type\":\"WebSite\",\"@id\":\"https:\/\/elevatesurf.ch\/#website\",\"url\":\"https:\/\/elevatesurf.ch\/\",\"name\":\"Elevatesurf\",\"description\":\"Surfez vers de nouveaux sommets avec ElevateSurf ! Kiteshop, Wingshop\",\"publisher\":{\"@id\":\"https:\/\/elevatesurf.ch\/#organization\"},\"potentialAction\":[{\"@type\":\"SearchAction\",\"target\":{\"@type\":\"EntryPoint\",\"urlTemplate\":\"https:\/\/elevatesurf.ch\/?s={search_term_string}\"},\"query-input\":\"required name=search_term_string\"}],\"inLanguage\":\"fr-FR\"},{\"@type\":\"Organization\",\"@id\":\"https:\/\/elevatesurf.ch\/#organization\",\"name\":\"Elevatesurf\",\"url\":\"https:\/\/elevatesurf.ch\/\",\"logo\":{\"@type\":\"ImageObject\",\"inLanguage\":\"fr-FR\",\"@id\":\"https:\/\/elevatesurf.ch\/#\/schema\/logo\/image\/\",\"url\":\"https:\/\/elevatesurf.ch\/wp-content\/uploads\/2024\/06\/67c2ec70-bdf5-4c14-898a-ded5b2051398.jpg\",\"contentUrl\":\"https:\/\/elevatesurf.ch\/wp-content\/uploads\/2024\/06\/67c2ec70-bdf5-4c14-898a-ded5b2051398.jpg\",\"width\":1024,\"height\":1024,\"caption\":\"Elevatesurf\"},\"image\":{\"@id\":\"https:\/\/elevatesurf.ch\/#\/schema\/logo\/image\/\"},\"sameAs\":[\"https:\/\/www.instagram.com\/elevate__surf\/\"]}]}<\/script>\n<!-- \/ Yoast SEO plugin. -->","yoast_head_json":{"title":"Indiana Wing Foil 88 L\u00a0Carbon + - Elevatesurf","description":"Elevatesurf Indiana Wing Foil 88 L\u00a0Carbon +","robots":{"index":"index","follow":"follow","max-snippet":"max-snippet:-1","max-image-preview":"max-image-preview:large","max-video-preview":"max-video-preview:-1"},"canonical":"https:\/\/elevatesurf.ch\/fr\/product\/indiana-wing-foil-88-l-carbon\/","og_locale":"fr_FR","og_type":"article","og_title":"Indiana Wing Foil 88 L\u00a0Carbon + - Elevatesurf","og_description":"Elevatesurf Indiana Wing Foil 88 L\u00a0Carbon +","og_url":"https:\/\/elevatesurf.ch\/fr\/product\/indiana-wing-foil-88-l-carbon\/","og_site_name":"Elevatesurf","article_modified_time":"2026-01-10T08:41:23+00:00","og_image":[{"width":1100,"height":1100,"url":"https:\/\/elevatesurf.ch\/wp-content\/uploads\/2024\/08\/3223SM_Indiana_Wing_Foil_88_Carbon_.png","type":"image\/png"}],"twitter_card":"summary_large_image","twitter_misc":{"Dur\u00e9e de lecture estim\u00e9e":"1 minute"},"schema":{"@context":"https:\/\/schema.org","@graph":[{"@type":["WebPage","ItemPage"],"@id":"https:\/\/elevatesurf.ch\/product\/indiana-wing-foil-88-l-carbon\/","url":"https:\/\/elevatesurf.ch\/product\/indiana-wing-foil-88-l-carbon\/","name":"Indiana Wing Foil 88 L\u00a0Carbon + - Elevatesurf","isPartOf":{"@id":"https:\/\/elevatesurf.ch\/#website"},"primaryImageOfPage":{"@id":"https:\/\/elevatesurf.ch\/product\/indiana-wing-foil-88-l-carbon\/#primaryimage"},"image":{"@id":"https:\/\/elevatesurf.ch\/product\/indiana-wing-foil-88-l-carbon\/#primaryimage"},"thumbnailUrl":"https:\/\/elevatesurf.ch\/wp-content\/uploads\/2024\/08\/3223SM_Indiana_Wing_Foil_88_Carbon_.png","datePublished":"2024-08-30T10:15:37+00:00","dateModified":"2026-01-10T08:41:23+00:00","description":"Elevatesurf Indiana Wing Foil 88 L\u00a0Carbon +","breadcrumb":{"@id":"https:\/\/elevatesurf.ch\/product\/indiana-wing-foil-88-l-carbon\/#breadcrumb"},"inLanguage":"fr-FR","potentialAction":[{"@type":"ReadAction","target":["https:\/\/elevatesurf.ch\/product\/indiana-wing-foil-88-l-carbon\/"]}]},{"@type":"ImageObject","inLanguage":"fr-FR","@id":"https:\/\/elevatesurf.ch\/product\/indiana-wing-foil-88-l-carbon\/#primaryimage","url":"https:\/\/elevatesurf.ch\/wp-content\/uploads\/2024\/08\/3223SM_Indiana_Wing_Foil_88_Carbon_.png","contentUrl":"https:\/\/elevatesurf.ch\/wp-content\/uploads\/2024\/08\/3223SM_Indiana_Wing_Foil_88_Carbon_.png","width":1100,"height":1100},{"@type":"BreadcrumbList","@id":"https:\/\/elevatesurf.ch\/product\/indiana-wing-foil-88-l-carbon\/#breadcrumb","itemListElement":[{"@type":"ListItem","position":1,"name":"Accueil","item":"https:\/\/elevatesurf.ch\/"},{"@type":"ListItem","position":2,"name":"Shop &#8211; \u00c9levez Votre Exp\u00e9rience de Surf avec Notre Collection","item":"https:\/\/elevatesurf.ch\/shop\/"},{"@type":"ListItem","position":3,"name":"Indiana Wing Foil 88 L\u00a0Carbon +"}]},{"@type":"WebSite","@id":"https:\/\/elevatesurf.ch\/#website","url":"https:\/\/elevatesurf.ch\/","name":"Elevatesurf","description":"Surfez vers de nouveaux sommets avec ElevateSurf ! Kiteshop, Wingshop","publisher":{"@id":"https:\/\/elevatesurf.ch\/#organization"},"potentialAction":[{"@type":"SearchAction","target":{"@type":"EntryPoint","urlTemplate":"https:\/\/elevatesurf.ch\/?s={search_term_string}"},"query-input":"required name=search_term_string"}],"inLanguage":"fr-FR"},{"@type":"Organization","@id":"https:\/\/elevatesurf.ch\/#organization","name":"Elevatesurf","url":"https:\/\/elevatesurf.ch\/","logo":{"@type":"ImageObject","inLanguage":"fr-FR","@id":"https:\/\/elevatesurf.ch\/#\/schema\/logo\/image\/","url":"https:\/\/elevatesurf.ch\/wp-content\/uploads\/2024\/06\/67c2ec70-bdf5-4c14-898a-ded5b2051398.jpg","contentUrl":"https:\/\/elevatesurf.ch\/wp-content\/uploads\/2024\/06\/67c2ec70-bdf5-4c14-898a-ded5b2051398.jpg","width":1024,"height":1024,"caption":"Elevatesurf"},"image":{"@id":"https:\/\/elevatesurf.ch\/#\/schema\/logo\/image\/"},"sameAs":["https:\/\/www.instagram.com\/elevate__surf\/"]}]}},"_links":{"self":[{"href":"https:\/\/elevatesurf.ch\/fr\/wp-json\/wp\/v2\/product\/20069","targetHints":{"allow":["GET"]}}],"collection":[{"href":"https:\/\/elevatesurf.ch\/fr\/wp-json\/wp\/v2\/product"}],"about":[{"href":"https:\/\/elevatesurf.ch\/fr\/wp-json\/wp\/v2\/types\/product"}],"replies":[{"embeddable":true,"href":"https:\/\/elevatesurf.ch\/fr\/wp-json\/wp\/v2\/comments?post=20069"}],"wp:featuredmedia":[{"embeddable":true,"href":"https:\/\/elevatesurf.ch\/fr\/wp-json\/wp\/v2\/media\/20068"}],"wp:attachment":[{"href":"https:\/\/elevatesurf.ch\/fr\/wp-json\/wp\/v2\/media?parent=20069"}],"wp:term":[{"taxonomy":"product_cat","embeddable":true,"href":"https:\/\/elevatesurf.ch\/fr\/wp-json\/wp\/v2\/product_cat?post=20069"},{"taxonomy":"product_tag","embeddable":true,"href":"https:\/\/elevatesurf.ch\/fr\/wp-json\/wp\/v2\/product_tag?post=20069"}],"curies":[{"name":"wp","href":"https:\/\/api.w.org\/{rel}","templated":true}]}}