{"id":20095,"date":"2024-08-30T10:16:43","date_gmt":"2024-08-30T10:16:43","guid":{"rendered":"https:\/\/elevatesurf.ch\/product\/indiana-52-surf-wingfoil-carbon\/"},"modified":"2026-01-10T08:41:23","modified_gmt":"2026-01-10T08:41:23","slug":"indiana-52-surf-wingfoil-carbon","status":"publish","type":"product","link":"https:\/\/elevatesurf.ch\/fr\/product\/indiana-52-surf-wingfoil-carbon\/","title":{"rendered":"Indiana 5&rsquo;2 Surf\/WingFoil Carbon +"},"content":{"rendered":"<p>Das 5\u20182 Surf Foil Board wurde auf Fuerteventura von Foilexperte Gunnar Biniasch entwickelt. Es ist f\u00fcr schwerere Foil Surfer konzipiert. Die flache Scoop-Rockerline, der Tailkick und das grossz\u00fcgige Volumen von 58.5 Liter erm\u00f6glichen ein sehr einfaches angleiten in der Welle und fr\u00fches abheben. Durch das ausgepr\u00e4gte Concave im Brustbereich sind die Rails erh\u00f6ht, was den Foilsurfer einfacher und schneller aufs Board springen l\u00e4sst. Der Griff kurz vor der Foilaufnahme erm\u00f6glicht ein ausbalanciertes Tragen des kompletten Foilsets. Das bequeme EVA-Pad garantiert einen sehr guten Grip f\u00fcr optimale Kontrolle. Das 5\u20182\u201d eignet sich auf hervorragend zum Wingfoilen f\u00fcr erfahrenen Wingfoiler. <\/p>\n<p>Includes: Boardbag<\/p>\n","protected":false},"excerpt":{"rendered":"<p>Das 5\u20182 Surf Foil Board wurde auf Fuerteventura von Foilexperte Gunnar Biniasch entwickelt. Es ist f\u00fcr schwerere Foil Surfer konzipiert. Die flache Scoop-Rockerline, der Tailkick und das grossz\u00fcgige Volumen von 58.5 Liter erm\u00f6glichen ein sehr einfaches angleiten in der Welle und fr\u00fches abheben. Durch das ausgepr\u00e4gte Concave im Brustbereich sind die Rails erh\u00f6ht, was den [&hellip;]<\/p>\n","protected":false},"featured_media":20094,"comment_status":"open","ping_status":"closed","template":"","meta":[],"product_cat":[594,138],"product_tag":[],"class_list":{"0":"post-20095","1":"product","2":"type-product","3":"status-publish","4":"has-post-thumbnail","6":"product_cat-planches","7":"product_cat-wingfoil-suisse-acheter","8":"product_brand-indiana-suisse","10":"first","11":"instock","12":"shipping-taxable","13":"purchasable","14":"product-type-simple"},"yoast_head":"<!-- This site is optimized with the Yoast SEO plugin v22.8 - https:\/\/yoast.com\/wordpress\/plugins\/seo\/ -->\n<title>Indiana 5&#039;2 Surf\/WingFoil Carbon + - Elevatesurf<\/title>\n<meta name=\"description\" content=\"Elevatesurf Indiana 5&#039;2 Surf\/WingFoil Carbon +\" \/>\n<meta name=\"robots\" content=\"index, follow, max-snippet:-1, max-image-preview:large, max-video-preview:-1\" \/>\n<link rel=\"canonical\" href=\"https:\/\/elevatesurf.ch\/fr\/product\/indiana-52-surf-wingfoil-carbon\/\" \/>\n<meta property=\"og:locale\" content=\"fr_FR\" \/>\n<meta property=\"og:type\" content=\"article\" \/>\n<meta property=\"og:title\" content=\"Indiana 5&#039;2 Surf\/WingFoil Carbon + - Elevatesurf\" \/>\n<meta property=\"og:description\" content=\"Elevatesurf Indiana 5&#039;2 Surf\/WingFoil Carbon +\" \/>\n<meta property=\"og:url\" content=\"https:\/\/elevatesurf.ch\/fr\/product\/indiana-52-surf-wingfoil-carbon\/\" \/>\n<meta property=\"og:site_name\" content=\"Elevatesurf\" \/>\n<meta property=\"article:modified_time\" content=\"2026-01-10T08:41:23+00:00\" \/>\n<meta property=\"og:image\" content=\"https:\/\/elevatesurf.ch\/wp-content\/uploads\/2024\/08\/3212SM_Indiana_Surf_Foil_5_2_Carbon_.png\" \/>\n\t<meta property=\"og:image:width\" content=\"1100\" \/>\n\t<meta property=\"og:image:height\" content=\"1100\" \/>\n\t<meta property=\"og:image:type\" content=\"image\/png\" \/>\n<meta name=\"twitter:card\" content=\"summary_large_image\" \/>\n<meta name=\"twitter:label1\" content=\"Dur\u00e9e de lecture estim\u00e9e\" \/>\n\t<meta name=\"twitter:data1\" content=\"1 minute\" \/>\n<script type=\"application\/ld+json\" class=\"yoast-schema-graph\">{\"@context\":\"https:\/\/schema.org\",\"@graph\":[{\"@type\":[\"WebPage\",\"ItemPage\"],\"@id\":\"https:\/\/elevatesurf.ch\/product\/indiana-52-surf-wingfoil-carbon\/\",\"url\":\"https:\/\/elevatesurf.ch\/product\/indiana-52-surf-wingfoil-carbon\/\",\"name\":\"Indiana 5'2 Surf\/WingFoil Carbon + - Elevatesurf\",\"isPartOf\":{\"@id\":\"https:\/\/elevatesurf.ch\/#website\"},\"primaryImageOfPage\":{\"@id\":\"https:\/\/elevatesurf.ch\/product\/indiana-52-surf-wingfoil-carbon\/#primaryimage\"},\"image\":{\"@id\":\"https:\/\/elevatesurf.ch\/product\/indiana-52-surf-wingfoil-carbon\/#primaryimage\"},\"thumbnailUrl\":\"https:\/\/elevatesurf.ch\/wp-content\/uploads\/2024\/08\/3212SM_Indiana_Surf_Foil_5_2_Carbon_.png\",\"datePublished\":\"2024-08-30T10:16:43+00:00\",\"dateModified\":\"2026-01-10T08:41:23+00:00\",\"description\":\"Elevatesurf Indiana 5'2 Surf\/WingFoil Carbon +\",\"breadcrumb\":{\"@id\":\"https:\/\/elevatesurf.ch\/product\/indiana-52-surf-wingfoil-carbon\/#breadcrumb\"},\"inLanguage\":\"fr-FR\",\"potentialAction\":[{\"@type\":\"ReadAction\",\"target\":[\"https:\/\/elevatesurf.ch\/product\/indiana-52-surf-wingfoil-carbon\/\"]}]},{\"@type\":\"ImageObject\",\"inLanguage\":\"fr-FR\",\"@id\":\"https:\/\/elevatesurf.ch\/product\/indiana-52-surf-wingfoil-carbon\/#primaryimage\",\"url\":\"https:\/\/elevatesurf.ch\/wp-content\/uploads\/2024\/08\/3212SM_Indiana_Surf_Foil_5_2_Carbon_.png\",\"contentUrl\":\"https:\/\/elevatesurf.ch\/wp-content\/uploads\/2024\/08\/3212SM_Indiana_Surf_Foil_5_2_Carbon_.png\",\"width\":1100,\"height\":1100},{\"@type\":\"BreadcrumbList\",\"@id\":\"https:\/\/elevatesurf.ch\/product\/indiana-52-surf-wingfoil-carbon\/#breadcrumb\",\"itemListElement\":[{\"@type\":\"ListItem\",\"position\":1,\"name\":\"Accueil\",\"item\":\"https:\/\/elevatesurf.ch\/\"},{\"@type\":\"ListItem\",\"position\":2,\"name\":\"Shop &#8211; \u00c9levez Votre Exp\u00e9rience de Surf avec Notre Collection\",\"item\":\"https:\/\/elevatesurf.ch\/shop\/\"},{\"@type\":\"ListItem\",\"position\":3,\"name\":\"Indiana 5&#8217;2 Surf\/WingFoil Carbon +\"}]},{\"@type\":\"WebSite\",\"@id\":\"https:\/\/elevatesurf.ch\/#website\",\"url\":\"https:\/\/elevatesurf.ch\/\",\"name\":\"Elevatesurf\",\"description\":\"Surfez vers de nouveaux sommets avec ElevateSurf ! Kiteshop, Wingshop\",\"publisher\":{\"@id\":\"https:\/\/elevatesurf.ch\/#organization\"},\"potentialAction\":[{\"@type\":\"SearchAction\",\"target\":{\"@type\":\"EntryPoint\",\"urlTemplate\":\"https:\/\/elevatesurf.ch\/?s={search_term_string}\"},\"query-input\":\"required name=search_term_string\"}],\"inLanguage\":\"fr-FR\"},{\"@type\":\"Organization\",\"@id\":\"https:\/\/elevatesurf.ch\/#organization\",\"name\":\"Elevatesurf\",\"url\":\"https:\/\/elevatesurf.ch\/\",\"logo\":{\"@type\":\"ImageObject\",\"inLanguage\":\"fr-FR\",\"@id\":\"https:\/\/elevatesurf.ch\/#\/schema\/logo\/image\/\",\"url\":\"https:\/\/elevatesurf.ch\/wp-content\/uploads\/2024\/06\/67c2ec70-bdf5-4c14-898a-ded5b2051398.jpg\",\"contentUrl\":\"https:\/\/elevatesurf.ch\/wp-content\/uploads\/2024\/06\/67c2ec70-bdf5-4c14-898a-ded5b2051398.jpg\",\"width\":1024,\"height\":1024,\"caption\":\"Elevatesurf\"},\"image\":{\"@id\":\"https:\/\/elevatesurf.ch\/#\/schema\/logo\/image\/\"},\"sameAs\":[\"https:\/\/www.instagram.com\/elevate__surf\/\"]}]}<\/script>\n<!-- \/ Yoast SEO plugin. -->","yoast_head_json":{"title":"Indiana 5'2 Surf\/WingFoil Carbon + - Elevatesurf","description":"Elevatesurf Indiana 5'2 Surf\/WingFoil Carbon +","robots":{"index":"index","follow":"follow","max-snippet":"max-snippet:-1","max-image-preview":"max-image-preview:large","max-video-preview":"max-video-preview:-1"},"canonical":"https:\/\/elevatesurf.ch\/fr\/product\/indiana-52-surf-wingfoil-carbon\/","og_locale":"fr_FR","og_type":"article","og_title":"Indiana 5'2 Surf\/WingFoil Carbon + - Elevatesurf","og_description":"Elevatesurf Indiana 5'2 Surf\/WingFoil Carbon +","og_url":"https:\/\/elevatesurf.ch\/fr\/product\/indiana-52-surf-wingfoil-carbon\/","og_site_name":"Elevatesurf","article_modified_time":"2026-01-10T08:41:23+00:00","og_image":[{"width":1100,"height":1100,"url":"https:\/\/elevatesurf.ch\/wp-content\/uploads\/2024\/08\/3212SM_Indiana_Surf_Foil_5_2_Carbon_.png","type":"image\/png"}],"twitter_card":"summary_large_image","twitter_misc":{"Dur\u00e9e de lecture estim\u00e9e":"1 minute"},"schema":{"@context":"https:\/\/schema.org","@graph":[{"@type":["WebPage","ItemPage"],"@id":"https:\/\/elevatesurf.ch\/product\/indiana-52-surf-wingfoil-carbon\/","url":"https:\/\/elevatesurf.ch\/product\/indiana-52-surf-wingfoil-carbon\/","name":"Indiana 5'2 Surf\/WingFoil Carbon + - Elevatesurf","isPartOf":{"@id":"https:\/\/elevatesurf.ch\/#website"},"primaryImageOfPage":{"@id":"https:\/\/elevatesurf.ch\/product\/indiana-52-surf-wingfoil-carbon\/#primaryimage"},"image":{"@id":"https:\/\/elevatesurf.ch\/product\/indiana-52-surf-wingfoil-carbon\/#primaryimage"},"thumbnailUrl":"https:\/\/elevatesurf.ch\/wp-content\/uploads\/2024\/08\/3212SM_Indiana_Surf_Foil_5_2_Carbon_.png","datePublished":"2024-08-30T10:16:43+00:00","dateModified":"2026-01-10T08:41:23+00:00","description":"Elevatesurf Indiana 5'2 Surf\/WingFoil Carbon +","breadcrumb":{"@id":"https:\/\/elevatesurf.ch\/product\/indiana-52-surf-wingfoil-carbon\/#breadcrumb"},"inLanguage":"fr-FR","potentialAction":[{"@type":"ReadAction","target":["https:\/\/elevatesurf.ch\/product\/indiana-52-surf-wingfoil-carbon\/"]}]},{"@type":"ImageObject","inLanguage":"fr-FR","@id":"https:\/\/elevatesurf.ch\/product\/indiana-52-surf-wingfoil-carbon\/#primaryimage","url":"https:\/\/elevatesurf.ch\/wp-content\/uploads\/2024\/08\/3212SM_Indiana_Surf_Foil_5_2_Carbon_.png","contentUrl":"https:\/\/elevatesurf.ch\/wp-content\/uploads\/2024\/08\/3212SM_Indiana_Surf_Foil_5_2_Carbon_.png","width":1100,"height":1100},{"@type":"BreadcrumbList","@id":"https:\/\/elevatesurf.ch\/product\/indiana-52-surf-wingfoil-carbon\/#breadcrumb","itemListElement":[{"@type":"ListItem","position":1,"name":"Accueil","item":"https:\/\/elevatesurf.ch\/"},{"@type":"ListItem","position":2,"name":"Shop &#8211; \u00c9levez Votre Exp\u00e9rience de Surf avec Notre Collection","item":"https:\/\/elevatesurf.ch\/shop\/"},{"@type":"ListItem","position":3,"name":"Indiana 5&#8217;2 Surf\/WingFoil Carbon +"}]},{"@type":"WebSite","@id":"https:\/\/elevatesurf.ch\/#website","url":"https:\/\/elevatesurf.ch\/","name":"Elevatesurf","description":"Surfez vers de nouveaux sommets avec ElevateSurf ! Kiteshop, Wingshop","publisher":{"@id":"https:\/\/elevatesurf.ch\/#organization"},"potentialAction":[{"@type":"SearchAction","target":{"@type":"EntryPoint","urlTemplate":"https:\/\/elevatesurf.ch\/?s={search_term_string}"},"query-input":"required name=search_term_string"}],"inLanguage":"fr-FR"},{"@type":"Organization","@id":"https:\/\/elevatesurf.ch\/#organization","name":"Elevatesurf","url":"https:\/\/elevatesurf.ch\/","logo":{"@type":"ImageObject","inLanguage":"fr-FR","@id":"https:\/\/elevatesurf.ch\/#\/schema\/logo\/image\/","url":"https:\/\/elevatesurf.ch\/wp-content\/uploads\/2024\/06\/67c2ec70-bdf5-4c14-898a-ded5b2051398.jpg","contentUrl":"https:\/\/elevatesurf.ch\/wp-content\/uploads\/2024\/06\/67c2ec70-bdf5-4c14-898a-ded5b2051398.jpg","width":1024,"height":1024,"caption":"Elevatesurf"},"image":{"@id":"https:\/\/elevatesurf.ch\/#\/schema\/logo\/image\/"},"sameAs":["https:\/\/www.instagram.com\/elevate__surf\/"]}]}},"_links":{"self":[{"href":"https:\/\/elevatesurf.ch\/fr\/wp-json\/wp\/v2\/product\/20095","targetHints":{"allow":["GET"]}}],"collection":[{"href":"https:\/\/elevatesurf.ch\/fr\/wp-json\/wp\/v2\/product"}],"about":[{"href":"https:\/\/elevatesurf.ch\/fr\/wp-json\/wp\/v2\/types\/product"}],"replies":[{"embeddable":true,"href":"https:\/\/elevatesurf.ch\/fr\/wp-json\/wp\/v2\/comments?post=20095"}],"wp:featuredmedia":[{"embeddable":true,"href":"https:\/\/elevatesurf.ch\/fr\/wp-json\/wp\/v2\/media\/20094"}],"wp:attachment":[{"href":"https:\/\/elevatesurf.ch\/fr\/wp-json\/wp\/v2\/media?parent=20095"}],"wp:term":[{"taxonomy":"product_cat","embeddable":true,"href":"https:\/\/elevatesurf.ch\/fr\/wp-json\/wp\/v2\/product_cat?post=20095"},{"taxonomy":"product_tag","embeddable":true,"href":"https:\/\/elevatesurf.ch\/fr\/wp-json\/wp\/v2\/product_tag?post=20095"}],"curies":[{"name":"wp","href":"https:\/\/api.w.org\/{rel}","templated":true}]}}