{"id":20097,"date":"2024-08-30T10:16:46","date_gmt":"2024-08-30T10:16:46","guid":{"rendered":"https:\/\/elevatesurf.ch\/product\/indiana-40-pump-surf-wing-le-doigt-carbon\/"},"modified":"2026-01-10T08:41:23","modified_gmt":"2026-01-10T08:41:23","slug":"indiana-40-pump-surf-wing-le-doigt-carbon","status":"publish","type":"product","link":"https:\/\/elevatesurf.ch\/fr\/product\/indiana-40-pump-surf-wing-le-doigt-carbon\/","title":{"rendered":"Indiana 4&rsquo;0 Pump, Surf &#038; Wing &lsquo;Le Doigt&rsquo; Carbon +"},"content":{"rendered":"<p>Wenn Indiana Ambassador Steeve Fleury bei einem Trip nur ein Foilboard mitnehmen kann, packt er sein 4&rsquo;0 Pump, Surf &#038; Wing Carbon ein. Ein regelrechtes All In One Board. Mit dem kompakten und leichten Board kann man Dockstarten und Pumpfoilen, Surf Foilen sowie Wing Foilen. <\/p>\n<p>Das 4&rsquo;0er hat dieselben Charaktereigenschaften wie das kleinere 3&rsquo;7er mit Rails die oben rund und unten scharf sind f\u00fcr enge Kurven, wenig Traktion bei Wasserkontakt und optimierte Re-Start F\u00e4higkeiten. Das gr\u00f6ssere Volumen von 30 Litern erleichtert das Wellen anpaddeln und auch das Starten beim Wing Foilen. Strapless Wing Foilen damit ist zugegebenermassen nur f\u00fcr absolute Pros ein Thema, das Board hat keine Strap-Plugs. <\/p>\n<p>Features: <\/p>\n<p>Adjustable Track System: <br \/>Erlaubt das Foil-Setup dem K\u00f6rpergewicht und Fahrstil anzupassen. Es ist mit allen Foil Systemen mit einem 90mm Abstand kompatibel. Das Track-System ist strukturell zwischen dem oberen und unteren Laminat integriert und damit extrem solide. <\/p>\n<p>Grooved EVA Deck Pad: <br \/>Bietet einzigartigen seitlichen Grip, erm\u00f6glicht aber auch die F\u00fcsse auf dem Deck zu bewegen.<\/p>\n","protected":false},"excerpt":{"rendered":"<p>Wenn Indiana Ambassador Steeve Fleury bei einem Trip nur ein Foilboard mitnehmen kann, packt er sein 4&rsquo;0 Pump, Surf &#038; Wing Carbon ein. Ein regelrechtes All In One Board. Mit dem kompakten und leichten Board kann man Dockstarten und Pumpfoilen, Surf Foilen sowie Wing Foilen. Das 4&rsquo;0er hat dieselben Charaktereigenschaften wie das kleinere 3&rsquo;7er mit [&hellip;]<\/p>\n","protected":false},"featured_media":20096,"comment_status":"open","ping_status":"closed","template":"","meta":[],"product_cat":[594,664],"product_tag":[],"class_list":{"0":"post-20097","1":"product","2":"type-product","3":"status-publish","4":"has-post-thumbnail","6":"product_cat-planches","7":"product_cat-pump-foil","8":"product_brand-indiana-suisse","10":"first","11":"instock","12":"shipping-taxable","13":"purchasable","14":"product-type-simple"},"yoast_head":"<!-- This site is optimized with the Yoast SEO plugin v22.8 - https:\/\/yoast.com\/wordpress\/plugins\/seo\/ -->\n<title>Indiana 4&#039;0 Pump, Surf &amp; Wing &#039;Le Doigt&#039; Carbon + - Elevatesurf<\/title>\n<meta name=\"description\" content=\"Elevatesurf Indiana 4&#039;0 Pump, Surf &amp; Wing &#039;Le Doigt&#039; Carbon +\" \/>\n<meta name=\"robots\" content=\"index, follow, max-snippet:-1, max-image-preview:large, max-video-preview:-1\" \/>\n<link rel=\"canonical\" href=\"https:\/\/elevatesurf.ch\/fr\/product\/indiana-40-pump-surf-wing-le-doigt-carbon\/\" \/>\n<meta property=\"og:locale\" content=\"fr_FR\" \/>\n<meta property=\"og:type\" content=\"article\" \/>\n<meta property=\"og:title\" content=\"Indiana 4&#039;0 Pump, Surf &amp; Wing &#039;Le Doigt&#039; Carbon + - Elevatesurf\" \/>\n<meta property=\"og:description\" content=\"Elevatesurf Indiana 4&#039;0 Pump, Surf &amp; Wing &#039;Le Doigt&#039; Carbon +\" \/>\n<meta property=\"og:url\" content=\"https:\/\/elevatesurf.ch\/fr\/product\/indiana-40-pump-surf-wing-le-doigt-carbon\/\" \/>\n<meta property=\"og:site_name\" content=\"Elevatesurf\" \/>\n<meta property=\"article:modified_time\" content=\"2026-01-10T08:41:23+00:00\" \/>\n<meta property=\"og:image\" content=\"https:\/\/elevatesurf.ch\/wp-content\/uploads\/2024\/08\/3245SM_Indiana_4_0_Le_Doigt_.png\" \/>\n\t<meta property=\"og:image:width\" content=\"1100\" \/>\n\t<meta property=\"og:image:height\" content=\"1100\" \/>\n\t<meta property=\"og:image:type\" content=\"image\/png\" \/>\n<meta name=\"twitter:card\" content=\"summary_large_image\" \/>\n<meta name=\"twitter:label1\" content=\"Dur\u00e9e de lecture estim\u00e9e\" \/>\n\t<meta name=\"twitter:data1\" content=\"1 minute\" \/>\n<script type=\"application\/ld+json\" class=\"yoast-schema-graph\">{\"@context\":\"https:\/\/schema.org\",\"@graph\":[{\"@type\":[\"WebPage\",\"ItemPage\"],\"@id\":\"https:\/\/elevatesurf.ch\/product\/indiana-40-pump-surf-wing-le-doigt-carbon\/\",\"url\":\"https:\/\/elevatesurf.ch\/product\/indiana-40-pump-surf-wing-le-doigt-carbon\/\",\"name\":\"Indiana 4'0 Pump, Surf & Wing 'Le Doigt' Carbon + - Elevatesurf\",\"isPartOf\":{\"@id\":\"https:\/\/elevatesurf.ch\/#website\"},\"primaryImageOfPage\":{\"@id\":\"https:\/\/elevatesurf.ch\/product\/indiana-40-pump-surf-wing-le-doigt-carbon\/#primaryimage\"},\"image\":{\"@id\":\"https:\/\/elevatesurf.ch\/product\/indiana-40-pump-surf-wing-le-doigt-carbon\/#primaryimage\"},\"thumbnailUrl\":\"https:\/\/elevatesurf.ch\/wp-content\/uploads\/2024\/08\/3245SM_Indiana_4_0_Le_Doigt_.png\",\"datePublished\":\"2024-08-30T10:16:46+00:00\",\"dateModified\":\"2026-01-10T08:41:23+00:00\",\"description\":\"Elevatesurf Indiana 4'0 Pump, Surf & Wing 'Le Doigt' Carbon +\",\"breadcrumb\":{\"@id\":\"https:\/\/elevatesurf.ch\/product\/indiana-40-pump-surf-wing-le-doigt-carbon\/#breadcrumb\"},\"inLanguage\":\"fr-FR\",\"potentialAction\":[{\"@type\":\"ReadAction\",\"target\":[\"https:\/\/elevatesurf.ch\/product\/indiana-40-pump-surf-wing-le-doigt-carbon\/\"]}]},{\"@type\":\"ImageObject\",\"inLanguage\":\"fr-FR\",\"@id\":\"https:\/\/elevatesurf.ch\/product\/indiana-40-pump-surf-wing-le-doigt-carbon\/#primaryimage\",\"url\":\"https:\/\/elevatesurf.ch\/wp-content\/uploads\/2024\/08\/3245SM_Indiana_4_0_Le_Doigt_.png\",\"contentUrl\":\"https:\/\/elevatesurf.ch\/wp-content\/uploads\/2024\/08\/3245SM_Indiana_4_0_Le_Doigt_.png\",\"width\":1100,\"height\":1100},{\"@type\":\"BreadcrumbList\",\"@id\":\"https:\/\/elevatesurf.ch\/product\/indiana-40-pump-surf-wing-le-doigt-carbon\/#breadcrumb\",\"itemListElement\":[{\"@type\":\"ListItem\",\"position\":1,\"name\":\"Accueil\",\"item\":\"https:\/\/elevatesurf.ch\/\"},{\"@type\":\"ListItem\",\"position\":2,\"name\":\"Shop &#8211; \u00c9levez Votre Exp\u00e9rience de Surf avec Notre Collection\",\"item\":\"https:\/\/elevatesurf.ch\/shop\/\"},{\"@type\":\"ListItem\",\"position\":3,\"name\":\"Indiana 4&#8217;0 Pump, Surf &#038; Wing &#8216;Le Doigt&#8217; Carbon +\"}]},{\"@type\":\"WebSite\",\"@id\":\"https:\/\/elevatesurf.ch\/#website\",\"url\":\"https:\/\/elevatesurf.ch\/\",\"name\":\"Elevatesurf\",\"description\":\"Surfez vers de nouveaux sommets avec ElevateSurf ! Kiteshop, Wingshop\",\"publisher\":{\"@id\":\"https:\/\/elevatesurf.ch\/#organization\"},\"potentialAction\":[{\"@type\":\"SearchAction\",\"target\":{\"@type\":\"EntryPoint\",\"urlTemplate\":\"https:\/\/elevatesurf.ch\/?s={search_term_string}\"},\"query-input\":\"required name=search_term_string\"}],\"inLanguage\":\"fr-FR\"},{\"@type\":\"Organization\",\"@id\":\"https:\/\/elevatesurf.ch\/#organization\",\"name\":\"Elevatesurf\",\"url\":\"https:\/\/elevatesurf.ch\/\",\"logo\":{\"@type\":\"ImageObject\",\"inLanguage\":\"fr-FR\",\"@id\":\"https:\/\/elevatesurf.ch\/#\/schema\/logo\/image\/\",\"url\":\"https:\/\/elevatesurf.ch\/wp-content\/uploads\/2024\/06\/67c2ec70-bdf5-4c14-898a-ded5b2051398.jpg\",\"contentUrl\":\"https:\/\/elevatesurf.ch\/wp-content\/uploads\/2024\/06\/67c2ec70-bdf5-4c14-898a-ded5b2051398.jpg\",\"width\":1024,\"height\":1024,\"caption\":\"Elevatesurf\"},\"image\":{\"@id\":\"https:\/\/elevatesurf.ch\/#\/schema\/logo\/image\/\"},\"sameAs\":[\"https:\/\/www.instagram.com\/elevate__surf\/\"]}]}<\/script>\n<!-- \/ Yoast SEO plugin. -->","yoast_head_json":{"title":"Indiana 4'0 Pump, Surf & Wing 'Le Doigt' Carbon + - Elevatesurf","description":"Elevatesurf Indiana 4'0 Pump, Surf & Wing 'Le Doigt' Carbon +","robots":{"index":"index","follow":"follow","max-snippet":"max-snippet:-1","max-image-preview":"max-image-preview:large","max-video-preview":"max-video-preview:-1"},"canonical":"https:\/\/elevatesurf.ch\/fr\/product\/indiana-40-pump-surf-wing-le-doigt-carbon\/","og_locale":"fr_FR","og_type":"article","og_title":"Indiana 4'0 Pump, Surf & Wing 'Le Doigt' Carbon + - Elevatesurf","og_description":"Elevatesurf Indiana 4'0 Pump, Surf & Wing 'Le Doigt' Carbon +","og_url":"https:\/\/elevatesurf.ch\/fr\/product\/indiana-40-pump-surf-wing-le-doigt-carbon\/","og_site_name":"Elevatesurf","article_modified_time":"2026-01-10T08:41:23+00:00","og_image":[{"width":1100,"height":1100,"url":"https:\/\/elevatesurf.ch\/wp-content\/uploads\/2024\/08\/3245SM_Indiana_4_0_Le_Doigt_.png","type":"image\/png"}],"twitter_card":"summary_large_image","twitter_misc":{"Dur\u00e9e de lecture estim\u00e9e":"1 minute"},"schema":{"@context":"https:\/\/schema.org","@graph":[{"@type":["WebPage","ItemPage"],"@id":"https:\/\/elevatesurf.ch\/product\/indiana-40-pump-surf-wing-le-doigt-carbon\/","url":"https:\/\/elevatesurf.ch\/product\/indiana-40-pump-surf-wing-le-doigt-carbon\/","name":"Indiana 4'0 Pump, Surf & Wing 'Le Doigt' Carbon + - Elevatesurf","isPartOf":{"@id":"https:\/\/elevatesurf.ch\/#website"},"primaryImageOfPage":{"@id":"https:\/\/elevatesurf.ch\/product\/indiana-40-pump-surf-wing-le-doigt-carbon\/#primaryimage"},"image":{"@id":"https:\/\/elevatesurf.ch\/product\/indiana-40-pump-surf-wing-le-doigt-carbon\/#primaryimage"},"thumbnailUrl":"https:\/\/elevatesurf.ch\/wp-content\/uploads\/2024\/08\/3245SM_Indiana_4_0_Le_Doigt_.png","datePublished":"2024-08-30T10:16:46+00:00","dateModified":"2026-01-10T08:41:23+00:00","description":"Elevatesurf Indiana 4'0 Pump, Surf & Wing 'Le Doigt' Carbon +","breadcrumb":{"@id":"https:\/\/elevatesurf.ch\/product\/indiana-40-pump-surf-wing-le-doigt-carbon\/#breadcrumb"},"inLanguage":"fr-FR","potentialAction":[{"@type":"ReadAction","target":["https:\/\/elevatesurf.ch\/product\/indiana-40-pump-surf-wing-le-doigt-carbon\/"]}]},{"@type":"ImageObject","inLanguage":"fr-FR","@id":"https:\/\/elevatesurf.ch\/product\/indiana-40-pump-surf-wing-le-doigt-carbon\/#primaryimage","url":"https:\/\/elevatesurf.ch\/wp-content\/uploads\/2024\/08\/3245SM_Indiana_4_0_Le_Doigt_.png","contentUrl":"https:\/\/elevatesurf.ch\/wp-content\/uploads\/2024\/08\/3245SM_Indiana_4_0_Le_Doigt_.png","width":1100,"height":1100},{"@type":"BreadcrumbList","@id":"https:\/\/elevatesurf.ch\/product\/indiana-40-pump-surf-wing-le-doigt-carbon\/#breadcrumb","itemListElement":[{"@type":"ListItem","position":1,"name":"Accueil","item":"https:\/\/elevatesurf.ch\/"},{"@type":"ListItem","position":2,"name":"Shop &#8211; \u00c9levez Votre Exp\u00e9rience de Surf avec Notre Collection","item":"https:\/\/elevatesurf.ch\/shop\/"},{"@type":"ListItem","position":3,"name":"Indiana 4&#8217;0 Pump, Surf &#038; Wing &#8216;Le Doigt&#8217; Carbon +"}]},{"@type":"WebSite","@id":"https:\/\/elevatesurf.ch\/#website","url":"https:\/\/elevatesurf.ch\/","name":"Elevatesurf","description":"Surfez vers de nouveaux sommets avec ElevateSurf ! Kiteshop, Wingshop","publisher":{"@id":"https:\/\/elevatesurf.ch\/#organization"},"potentialAction":[{"@type":"SearchAction","target":{"@type":"EntryPoint","urlTemplate":"https:\/\/elevatesurf.ch\/?s={search_term_string}"},"query-input":"required name=search_term_string"}],"inLanguage":"fr-FR"},{"@type":"Organization","@id":"https:\/\/elevatesurf.ch\/#organization","name":"Elevatesurf","url":"https:\/\/elevatesurf.ch\/","logo":{"@type":"ImageObject","inLanguage":"fr-FR","@id":"https:\/\/elevatesurf.ch\/#\/schema\/logo\/image\/","url":"https:\/\/elevatesurf.ch\/wp-content\/uploads\/2024\/06\/67c2ec70-bdf5-4c14-898a-ded5b2051398.jpg","contentUrl":"https:\/\/elevatesurf.ch\/wp-content\/uploads\/2024\/06\/67c2ec70-bdf5-4c14-898a-ded5b2051398.jpg","width":1024,"height":1024,"caption":"Elevatesurf"},"image":{"@id":"https:\/\/elevatesurf.ch\/#\/schema\/logo\/image\/"},"sameAs":["https:\/\/www.instagram.com\/elevate__surf\/"]}]}},"_links":{"self":[{"href":"https:\/\/elevatesurf.ch\/fr\/wp-json\/wp\/v2\/product\/20097","targetHints":{"allow":["GET"]}}],"collection":[{"href":"https:\/\/elevatesurf.ch\/fr\/wp-json\/wp\/v2\/product"}],"about":[{"href":"https:\/\/elevatesurf.ch\/fr\/wp-json\/wp\/v2\/types\/product"}],"replies":[{"embeddable":true,"href":"https:\/\/elevatesurf.ch\/fr\/wp-json\/wp\/v2\/comments?post=20097"}],"wp:featuredmedia":[{"embeddable":true,"href":"https:\/\/elevatesurf.ch\/fr\/wp-json\/wp\/v2\/media\/20096"}],"wp:attachment":[{"href":"https:\/\/elevatesurf.ch\/fr\/wp-json\/wp\/v2\/media?parent=20097"}],"wp:term":[{"taxonomy":"product_cat","embeddable":true,"href":"https:\/\/elevatesurf.ch\/fr\/wp-json\/wp\/v2\/product_cat?post=20097"},{"taxonomy":"product_tag","embeddable":true,"href":"https:\/\/elevatesurf.ch\/fr\/wp-json\/wp\/v2\/product_tag?post=20097"}],"curies":[{"name":"wp","href":"https:\/\/api.w.org\/{rel}","templated":true}]}}