{"id":20101,"date":"2024-08-30T10:16:54","date_gmt":"2024-08-30T10:16:54","guid":{"rendered":"https:\/\/elevatesurf.ch\/product\/indiana-120-pump-foil-carbon\/"},"modified":"2026-01-10T08:41:23","modified_gmt":"2026-01-10T08:41:23","slug":"indiana-120-pump-foil-carbon","status":"publish","type":"product","link":"https:\/\/elevatesurf.ch\/fr\/product\/indiana-120-pump-foil-carbon\/","title":{"rendered":"Indiana 120 Pump Foil Carbon +"},"content":{"rendered":"<p>Das 120 Pump Foil Board ist das perfekte Allround-Foilboard f\u00fcr alle Kitefoiler-Levels. Die kompakte Form und der progressive Rocker sowie die saubere Rumpfform verzeihen allf\u00e4llige Touchdowns und erm\u00f6glichen es neue Tricks ohne Angst vor einem Absturz zu lernen. Die leichte und langlebige Konstruktion verleit Vertrauen in Spr\u00fcnge und Reisen.<\/p>\n<p>Features:<br \/>\nNeue robuste Konstruktion:<br \/>\nPVC-Schaum, der kein Wasser absorbiert und ein steiferes, reaktionsf\u00e4higeres Board macht.<\/p>\n<p>Progressive Rocker:<br \/>\nSofortige Touchdown-Wiederherstellung, verhindert das Eintauchen der Nase und hilft mit, das Foil wieder aus dem Wasser zu heben.<\/p>\n<p>Einstellbares Schienensystem:<br \/>\nErm\u00f6glicht das Foil-Setup auf das passenden Gewicht und den gew\u00fcnschten Komfort abzustimmen. Montagekompatibilit\u00e4t mit jedem Foilsystem mit einem Schraubenmuster von 165 x 90 mm. Das Schienensystem ist f\u00fcr die st\u00e4rkste Unterst\u00fctzung strukturell zwischen dem oberen und unteren Laminat integriert.<\/p>\n<p>V-Tr\u00e4ger:<br \/>\nErleichtert den Fusswechsel bei Gybes und Tacks und stellt eine solide Verbindung bei Spr\u00fcngen und harte Landungen her.<\/p>\n<p>Gerilltes EVA Deckpad:<br \/>\nBietet griffigen seitlichen Halt und erm\u00f6glicht es den Fuss auf dem Deck vorw\u00e4rts und r\u00fcckw\u00e4rts zu bewegen.<br \/>\nIncludes: Boardbag, V-Strap-Set incl. Screws<\/p>\n","protected":false},"excerpt":{"rendered":"<p>Das 120 Pump Foil Board ist das perfekte Allround-Foilboard f\u00fcr alle Kitefoiler-Levels. Die kompakte Form und der progressive Rocker sowie die saubere Rumpfform verzeihen allf\u00e4llige Touchdowns und erm\u00f6glichen es neue Tricks ohne Angst vor einem Absturz zu lernen. Die leichte und langlebige Konstruktion verleit Vertrauen in Spr\u00fcnge und Reisen. Features: Neue robuste Konstruktion: PVC-Schaum, der [&hellip;]<\/p>\n","protected":false},"featured_media":20100,"comment_status":"open","ping_status":"closed","template":"","meta":[],"product_cat":[664],"product_tag":[],"class_list":{"0":"post-20101","1":"product","2":"type-product","3":"status-publish","4":"has-post-thumbnail","6":"product_cat-pump-foil","7":"product_brand-indiana-suisse","9":"first","10":"instock","11":"shipping-taxable","12":"purchasable","13":"product-type-simple"},"yoast_head":"<!-- This site is optimized with the Yoast SEO plugin v22.8 - https:\/\/yoast.com\/wordpress\/plugins\/seo\/ -->\n<title>Indiana 120 Pump Foil Carbon + - Elevatesurf<\/title>\n<meta name=\"description\" content=\"Elevatesurf Indiana 120 Pump Foil Carbon +\" \/>\n<meta name=\"robots\" content=\"index, follow, max-snippet:-1, max-image-preview:large, max-video-preview:-1\" \/>\n<link rel=\"canonical\" href=\"https:\/\/elevatesurf.ch\/fr\/product\/indiana-120-pump-foil-carbon\/\" \/>\n<meta property=\"og:locale\" content=\"fr_FR\" \/>\n<meta property=\"og:type\" content=\"article\" \/>\n<meta property=\"og:title\" content=\"Indiana 120 Pump Foil Carbon + - Elevatesurf\" \/>\n<meta property=\"og:description\" content=\"Elevatesurf Indiana 120 Pump Foil Carbon +\" \/>\n<meta property=\"og:url\" content=\"https:\/\/elevatesurf.ch\/fr\/product\/indiana-120-pump-foil-carbon\/\" \/>\n<meta property=\"og:site_name\" content=\"Elevatesurf\" \/>\n<meta property=\"article:modified_time\" content=\"2026-01-10T08:41:23+00:00\" \/>\n<meta property=\"og:image\" content=\"https:\/\/elevatesurf.ch\/wp-content\/uploads\/2024\/08\/3242SM_Indiana_120_Kite_Pump_Foil_Carbon_.png\" \/>\n\t<meta property=\"og:image:width\" content=\"1100\" \/>\n\t<meta property=\"og:image:height\" content=\"1100\" \/>\n\t<meta property=\"og:image:type\" content=\"image\/png\" \/>\n<meta name=\"twitter:card\" content=\"summary_large_image\" \/>\n<meta name=\"twitter:label1\" content=\"Dur\u00e9e de lecture estim\u00e9e\" \/>\n\t<meta name=\"twitter:data1\" content=\"1 minute\" \/>\n<script type=\"application\/ld+json\" class=\"yoast-schema-graph\">{\"@context\":\"https:\/\/schema.org\",\"@graph\":[{\"@type\":[\"WebPage\",\"ItemPage\"],\"@id\":\"https:\/\/elevatesurf.ch\/product\/indiana-120-pump-foil-carbon\/\",\"url\":\"https:\/\/elevatesurf.ch\/product\/indiana-120-pump-foil-carbon\/\",\"name\":\"Indiana 120 Pump Foil Carbon + - Elevatesurf\",\"isPartOf\":{\"@id\":\"https:\/\/elevatesurf.ch\/#website\"},\"primaryImageOfPage\":{\"@id\":\"https:\/\/elevatesurf.ch\/product\/indiana-120-pump-foil-carbon\/#primaryimage\"},\"image\":{\"@id\":\"https:\/\/elevatesurf.ch\/product\/indiana-120-pump-foil-carbon\/#primaryimage\"},\"thumbnailUrl\":\"https:\/\/elevatesurf.ch\/wp-content\/uploads\/2024\/08\/3242SM_Indiana_120_Kite_Pump_Foil_Carbon_.png\",\"datePublished\":\"2024-08-30T10:16:54+00:00\",\"dateModified\":\"2026-01-10T08:41:23+00:00\",\"description\":\"Elevatesurf Indiana 120 Pump Foil Carbon +\",\"breadcrumb\":{\"@id\":\"https:\/\/elevatesurf.ch\/product\/indiana-120-pump-foil-carbon\/#breadcrumb\"},\"inLanguage\":\"fr-FR\",\"potentialAction\":[{\"@type\":\"ReadAction\",\"target\":[\"https:\/\/elevatesurf.ch\/product\/indiana-120-pump-foil-carbon\/\"]}]},{\"@type\":\"ImageObject\",\"inLanguage\":\"fr-FR\",\"@id\":\"https:\/\/elevatesurf.ch\/product\/indiana-120-pump-foil-carbon\/#primaryimage\",\"url\":\"https:\/\/elevatesurf.ch\/wp-content\/uploads\/2024\/08\/3242SM_Indiana_120_Kite_Pump_Foil_Carbon_.png\",\"contentUrl\":\"https:\/\/elevatesurf.ch\/wp-content\/uploads\/2024\/08\/3242SM_Indiana_120_Kite_Pump_Foil_Carbon_.png\",\"width\":1100,\"height\":1100},{\"@type\":\"BreadcrumbList\",\"@id\":\"https:\/\/elevatesurf.ch\/product\/indiana-120-pump-foil-carbon\/#breadcrumb\",\"itemListElement\":[{\"@type\":\"ListItem\",\"position\":1,\"name\":\"Accueil\",\"item\":\"https:\/\/elevatesurf.ch\/\"},{\"@type\":\"ListItem\",\"position\":2,\"name\":\"Shop &#8211; \u00c9levez Votre Exp\u00e9rience de Surf avec Notre Collection\",\"item\":\"https:\/\/elevatesurf.ch\/shop\/\"},{\"@type\":\"ListItem\",\"position\":3,\"name\":\"Indiana 120 Pump Foil Carbon +\"}]},{\"@type\":\"WebSite\",\"@id\":\"https:\/\/elevatesurf.ch\/#website\",\"url\":\"https:\/\/elevatesurf.ch\/\",\"name\":\"Elevatesurf\",\"description\":\"Surfez vers de nouveaux sommets avec ElevateSurf ! Kiteshop, Wingshop\",\"publisher\":{\"@id\":\"https:\/\/elevatesurf.ch\/#organization\"},\"potentialAction\":[{\"@type\":\"SearchAction\",\"target\":{\"@type\":\"EntryPoint\",\"urlTemplate\":\"https:\/\/elevatesurf.ch\/?s={search_term_string}\"},\"query-input\":\"required name=search_term_string\"}],\"inLanguage\":\"fr-FR\"},{\"@type\":\"Organization\",\"@id\":\"https:\/\/elevatesurf.ch\/#organization\",\"name\":\"Elevatesurf\",\"url\":\"https:\/\/elevatesurf.ch\/\",\"logo\":{\"@type\":\"ImageObject\",\"inLanguage\":\"fr-FR\",\"@id\":\"https:\/\/elevatesurf.ch\/#\/schema\/logo\/image\/\",\"url\":\"https:\/\/elevatesurf.ch\/wp-content\/uploads\/2024\/06\/67c2ec70-bdf5-4c14-898a-ded5b2051398.jpg\",\"contentUrl\":\"https:\/\/elevatesurf.ch\/wp-content\/uploads\/2024\/06\/67c2ec70-bdf5-4c14-898a-ded5b2051398.jpg\",\"width\":1024,\"height\":1024,\"caption\":\"Elevatesurf\"},\"image\":{\"@id\":\"https:\/\/elevatesurf.ch\/#\/schema\/logo\/image\/\"},\"sameAs\":[\"https:\/\/www.instagram.com\/elevate__surf\/\"]}]}<\/script>\n<!-- \/ Yoast SEO plugin. -->","yoast_head_json":{"title":"Indiana 120 Pump Foil Carbon + - Elevatesurf","description":"Elevatesurf Indiana 120 Pump Foil Carbon +","robots":{"index":"index","follow":"follow","max-snippet":"max-snippet:-1","max-image-preview":"max-image-preview:large","max-video-preview":"max-video-preview:-1"},"canonical":"https:\/\/elevatesurf.ch\/fr\/product\/indiana-120-pump-foil-carbon\/","og_locale":"fr_FR","og_type":"article","og_title":"Indiana 120 Pump Foil Carbon + - Elevatesurf","og_description":"Elevatesurf Indiana 120 Pump Foil Carbon +","og_url":"https:\/\/elevatesurf.ch\/fr\/product\/indiana-120-pump-foil-carbon\/","og_site_name":"Elevatesurf","article_modified_time":"2026-01-10T08:41:23+00:00","og_image":[{"width":1100,"height":1100,"url":"https:\/\/elevatesurf.ch\/wp-content\/uploads\/2024\/08\/3242SM_Indiana_120_Kite_Pump_Foil_Carbon_.png","type":"image\/png"}],"twitter_card":"summary_large_image","twitter_misc":{"Dur\u00e9e de lecture estim\u00e9e":"1 minute"},"schema":{"@context":"https:\/\/schema.org","@graph":[{"@type":["WebPage","ItemPage"],"@id":"https:\/\/elevatesurf.ch\/product\/indiana-120-pump-foil-carbon\/","url":"https:\/\/elevatesurf.ch\/product\/indiana-120-pump-foil-carbon\/","name":"Indiana 120 Pump Foil Carbon + - Elevatesurf","isPartOf":{"@id":"https:\/\/elevatesurf.ch\/#website"},"primaryImageOfPage":{"@id":"https:\/\/elevatesurf.ch\/product\/indiana-120-pump-foil-carbon\/#primaryimage"},"image":{"@id":"https:\/\/elevatesurf.ch\/product\/indiana-120-pump-foil-carbon\/#primaryimage"},"thumbnailUrl":"https:\/\/elevatesurf.ch\/wp-content\/uploads\/2024\/08\/3242SM_Indiana_120_Kite_Pump_Foil_Carbon_.png","datePublished":"2024-08-30T10:16:54+00:00","dateModified":"2026-01-10T08:41:23+00:00","description":"Elevatesurf Indiana 120 Pump Foil Carbon +","breadcrumb":{"@id":"https:\/\/elevatesurf.ch\/product\/indiana-120-pump-foil-carbon\/#breadcrumb"},"inLanguage":"fr-FR","potentialAction":[{"@type":"ReadAction","target":["https:\/\/elevatesurf.ch\/product\/indiana-120-pump-foil-carbon\/"]}]},{"@type":"ImageObject","inLanguage":"fr-FR","@id":"https:\/\/elevatesurf.ch\/product\/indiana-120-pump-foil-carbon\/#primaryimage","url":"https:\/\/elevatesurf.ch\/wp-content\/uploads\/2024\/08\/3242SM_Indiana_120_Kite_Pump_Foil_Carbon_.png","contentUrl":"https:\/\/elevatesurf.ch\/wp-content\/uploads\/2024\/08\/3242SM_Indiana_120_Kite_Pump_Foil_Carbon_.png","width":1100,"height":1100},{"@type":"BreadcrumbList","@id":"https:\/\/elevatesurf.ch\/product\/indiana-120-pump-foil-carbon\/#breadcrumb","itemListElement":[{"@type":"ListItem","position":1,"name":"Accueil","item":"https:\/\/elevatesurf.ch\/"},{"@type":"ListItem","position":2,"name":"Shop &#8211; \u00c9levez Votre Exp\u00e9rience de Surf avec Notre Collection","item":"https:\/\/elevatesurf.ch\/shop\/"},{"@type":"ListItem","position":3,"name":"Indiana 120 Pump Foil Carbon +"}]},{"@type":"WebSite","@id":"https:\/\/elevatesurf.ch\/#website","url":"https:\/\/elevatesurf.ch\/","name":"Elevatesurf","description":"Surfez vers de nouveaux sommets avec ElevateSurf ! Kiteshop, Wingshop","publisher":{"@id":"https:\/\/elevatesurf.ch\/#organization"},"potentialAction":[{"@type":"SearchAction","target":{"@type":"EntryPoint","urlTemplate":"https:\/\/elevatesurf.ch\/?s={search_term_string}"},"query-input":"required name=search_term_string"}],"inLanguage":"fr-FR"},{"@type":"Organization","@id":"https:\/\/elevatesurf.ch\/#organization","name":"Elevatesurf","url":"https:\/\/elevatesurf.ch\/","logo":{"@type":"ImageObject","inLanguage":"fr-FR","@id":"https:\/\/elevatesurf.ch\/#\/schema\/logo\/image\/","url":"https:\/\/elevatesurf.ch\/wp-content\/uploads\/2024\/06\/67c2ec70-bdf5-4c14-898a-ded5b2051398.jpg","contentUrl":"https:\/\/elevatesurf.ch\/wp-content\/uploads\/2024\/06\/67c2ec70-bdf5-4c14-898a-ded5b2051398.jpg","width":1024,"height":1024,"caption":"Elevatesurf"},"image":{"@id":"https:\/\/elevatesurf.ch\/#\/schema\/logo\/image\/"},"sameAs":["https:\/\/www.instagram.com\/elevate__surf\/"]}]}},"_links":{"self":[{"href":"https:\/\/elevatesurf.ch\/fr\/wp-json\/wp\/v2\/product\/20101","targetHints":{"allow":["GET"]}}],"collection":[{"href":"https:\/\/elevatesurf.ch\/fr\/wp-json\/wp\/v2\/product"}],"about":[{"href":"https:\/\/elevatesurf.ch\/fr\/wp-json\/wp\/v2\/types\/product"}],"replies":[{"embeddable":true,"href":"https:\/\/elevatesurf.ch\/fr\/wp-json\/wp\/v2\/comments?post=20101"}],"wp:featuredmedia":[{"embeddable":true,"href":"https:\/\/elevatesurf.ch\/fr\/wp-json\/wp\/v2\/media\/20100"}],"wp:attachment":[{"href":"https:\/\/elevatesurf.ch\/fr\/wp-json\/wp\/v2\/media?parent=20101"}],"wp:term":[{"taxonomy":"product_cat","embeddable":true,"href":"https:\/\/elevatesurf.ch\/fr\/wp-json\/wp\/v2\/product_cat?post=20101"},{"taxonomy":"product_tag","embeddable":true,"href":"https:\/\/elevatesurf.ch\/fr\/wp-json\/wp\/v2\/product_tag?post=20101"}],"curies":[{"name":"wp","href":"https:\/\/api.w.org\/{rel}","templated":true}]}}