{"id":20103,"date":"2024-08-30T10:16:58","date_gmt":"2024-08-30T10:16:58","guid":{"rendered":"https:\/\/elevatesurf.ch\/product\/indiana-pumpfoil-1396-p-complete-carbon-mast\/"},"modified":"2026-01-10T08:41:23","modified_gmt":"2026-01-10T08:41:23","slug":"indiana-pumpfoil-1396-p-complete-carbon-mast","status":"publish","type":"product","link":"https:\/\/elevatesurf.ch\/fr\/product\/indiana-pumpfoil-1396-p-complete-carbon-mast\/","title":{"rendered":"Indiana Pumpfoil 1396 P Complete (Carbon Mast)"},"content":{"rendered":"<p>Das Indiana 1396P-Komplettset umfasst den 1396P-Frontfl\u00fcgel, den Heavy Duty 610-Fuselage, den HP 420-Stabilizer und den 72LW Carbonmast.<\/p>\n<p>Der 1396P macht lange Strecken sehr einfach. Selbst nicht so erfahrene oder fitte Fahrer schaffen es, damit mehr als eine Minute ununterbrochen zu pumpen.<\/p>\n<p>Unser Ambassador Jerome Baudoux pumpte mit dem 1396P als erster Mensch \u00fcber 1.5 Stunden.<\/p>\n<p>Der LW 72 Carbon Mast ist der leichteste und steifste Mast auf dem Markt und \u00fcbertr\u00e4gt die Kraft mit minimalem Energieverlust und Verz\u00f6gerung direkt auf den Glider. Dadurch reagiert das Foil sehr reaktiv auf Pump Input vom Rider.<\/p>\n<p>Die neue Heavy Duty 610 Alu Fuselage wurde speziell f\u00fcr die gro\u00dfe Spannweite der Pumpfoils entwickelt. Er kann den h\u00f6heren Torsions- und Seitenkr\u00e4ften der Pumpfolien besser standhalten und ist daher langlebiger. Der 1396P sollte nur mit der HD-Fuselage verwendet werden.<\/p>\n","protected":false},"excerpt":{"rendered":"<p>Das Indiana 1396P-Komplettset umfasst den 1396P-Frontfl\u00fcgel, den Heavy Duty 610-Fuselage, den HP 420-Stabilizer und den 72LW Carbonmast. Der 1396P macht lange Strecken sehr einfach. Selbst nicht so erfahrene oder fitte Fahrer schaffen es, damit mehr als eine Minute ununterbrochen zu pumpen. Unser Ambassador Jerome Baudoux pumpte mit dem 1396P als erster Mensch \u00fcber 1.5 Stunden. [&hellip;]<\/p>\n","protected":false},"featured_media":20102,"comment_status":"open","ping_status":"closed","template":"","meta":[],"product_cat":[643,138],"product_tag":[],"class_list":{"0":"post-20103","1":"product","2":"type-product","3":"status-publish","4":"has-post-thumbnail","6":"product_cat-foils","7":"product_cat-wingfoil-suisse-acheter","8":"product_brand-indiana-suisse","10":"first","11":"outofstock","12":"shipping-taxable","13":"purchasable","14":"product-type-simple"},"yoast_head":"<!-- This site is optimized with the Yoast SEO plugin v22.8 - https:\/\/yoast.com\/wordpress\/plugins\/seo\/ -->\n<title>Indiana Pumpfoil 1396 P Complete (Carbon Mast) - Elevatesurf<\/title>\n<meta name=\"description\" content=\"Elevatesurf Indiana Pumpfoil 1396 P Complete (Carbon Mast)\" \/>\n<meta name=\"robots\" content=\"index, follow, max-snippet:-1, max-image-preview:large, max-video-preview:-1\" \/>\n<link rel=\"canonical\" href=\"https:\/\/elevatesurf.ch\/fr\/product\/indiana-pumpfoil-1396-p-complete-carbon-mast\/\" \/>\n<meta property=\"og:locale\" content=\"fr_FR\" \/>\n<meta property=\"og:type\" content=\"article\" \/>\n<meta property=\"og:title\" content=\"Indiana Pumpfoil 1396 P Complete (Carbon Mast) - Elevatesurf\" \/>\n<meta property=\"og:description\" content=\"Elevatesurf Indiana Pumpfoil 1396 P Complete (Carbon Mast)\" \/>\n<meta property=\"og:url\" content=\"https:\/\/elevatesurf.ch\/fr\/product\/indiana-pumpfoil-1396-p-complete-carbon-mast\/\" \/>\n<meta property=\"og:site_name\" content=\"Elevatesurf\" \/>\n<meta property=\"article:modified_time\" content=\"2026-01-10T08:41:23+00:00\" \/>\n<meta property=\"og:image\" content=\"https:\/\/elevatesurf.ch\/wp-content\/uploads\/2024\/08\/3600SM_Indiana_Pumpfoil_1396P_Complete_.jpg\" \/>\n\t<meta property=\"og:image:width\" content=\"2500\" \/>\n\t<meta property=\"og:image:height\" content=\"1932\" \/>\n\t<meta property=\"og:image:type\" content=\"image\/jpeg\" \/>\n<meta name=\"twitter:card\" content=\"summary_large_image\" \/>\n<meta name=\"twitter:label1\" content=\"Dur\u00e9e de lecture estim\u00e9e\" \/>\n\t<meta name=\"twitter:data1\" content=\"1 minute\" \/>\n<script type=\"application\/ld+json\" class=\"yoast-schema-graph\">{\"@context\":\"https:\/\/schema.org\",\"@graph\":[{\"@type\":[\"WebPage\",\"ItemPage\"],\"@id\":\"https:\/\/elevatesurf.ch\/product\/indiana-pumpfoil-1396-p-complete-carbon-mast\/\",\"url\":\"https:\/\/elevatesurf.ch\/product\/indiana-pumpfoil-1396-p-complete-carbon-mast\/\",\"name\":\"Indiana Pumpfoil 1396 P Complete (Carbon Mast) - Elevatesurf\",\"isPartOf\":{\"@id\":\"https:\/\/elevatesurf.ch\/#website\"},\"primaryImageOfPage\":{\"@id\":\"https:\/\/elevatesurf.ch\/product\/indiana-pumpfoil-1396-p-complete-carbon-mast\/#primaryimage\"},\"image\":{\"@id\":\"https:\/\/elevatesurf.ch\/product\/indiana-pumpfoil-1396-p-complete-carbon-mast\/#primaryimage\"},\"thumbnailUrl\":\"https:\/\/elevatesurf.ch\/wp-content\/uploads\/2024\/08\/3600SM_Indiana_Pumpfoil_1396P_Complete_.jpg\",\"datePublished\":\"2024-08-30T10:16:58+00:00\",\"dateModified\":\"2026-01-10T08:41:23+00:00\",\"description\":\"Elevatesurf Indiana Pumpfoil 1396 P Complete (Carbon Mast)\",\"breadcrumb\":{\"@id\":\"https:\/\/elevatesurf.ch\/product\/indiana-pumpfoil-1396-p-complete-carbon-mast\/#breadcrumb\"},\"inLanguage\":\"fr-FR\",\"potentialAction\":[{\"@type\":\"ReadAction\",\"target\":[\"https:\/\/elevatesurf.ch\/product\/indiana-pumpfoil-1396-p-complete-carbon-mast\/\"]}]},{\"@type\":\"ImageObject\",\"inLanguage\":\"fr-FR\",\"@id\":\"https:\/\/elevatesurf.ch\/product\/indiana-pumpfoil-1396-p-complete-carbon-mast\/#primaryimage\",\"url\":\"https:\/\/elevatesurf.ch\/wp-content\/uploads\/2024\/08\/3600SM_Indiana_Pumpfoil_1396P_Complete_.jpg\",\"contentUrl\":\"https:\/\/elevatesurf.ch\/wp-content\/uploads\/2024\/08\/3600SM_Indiana_Pumpfoil_1396P_Complete_.jpg\",\"width\":2500,\"height\":1932},{\"@type\":\"BreadcrumbList\",\"@id\":\"https:\/\/elevatesurf.ch\/product\/indiana-pumpfoil-1396-p-complete-carbon-mast\/#breadcrumb\",\"itemListElement\":[{\"@type\":\"ListItem\",\"position\":1,\"name\":\"Accueil\",\"item\":\"https:\/\/elevatesurf.ch\/\"},{\"@type\":\"ListItem\",\"position\":2,\"name\":\"Shop &#8211; \u00c9levez Votre Exp\u00e9rience de Surf avec Notre Collection\",\"item\":\"https:\/\/elevatesurf.ch\/shop\/\"},{\"@type\":\"ListItem\",\"position\":3,\"name\":\"Indiana Pumpfoil 1396 P Complete (Carbon Mast)\"}]},{\"@type\":\"WebSite\",\"@id\":\"https:\/\/elevatesurf.ch\/#website\",\"url\":\"https:\/\/elevatesurf.ch\/\",\"name\":\"Elevatesurf\",\"description\":\"Surfez vers de nouveaux sommets avec ElevateSurf ! Kiteshop, Wingshop\",\"publisher\":{\"@id\":\"https:\/\/elevatesurf.ch\/#organization\"},\"potentialAction\":[{\"@type\":\"SearchAction\",\"target\":{\"@type\":\"EntryPoint\",\"urlTemplate\":\"https:\/\/elevatesurf.ch\/?s={search_term_string}\"},\"query-input\":\"required name=search_term_string\"}],\"inLanguage\":\"fr-FR\"},{\"@type\":\"Organization\",\"@id\":\"https:\/\/elevatesurf.ch\/#organization\",\"name\":\"Elevatesurf\",\"url\":\"https:\/\/elevatesurf.ch\/\",\"logo\":{\"@type\":\"ImageObject\",\"inLanguage\":\"fr-FR\",\"@id\":\"https:\/\/elevatesurf.ch\/#\/schema\/logo\/image\/\",\"url\":\"https:\/\/elevatesurf.ch\/wp-content\/uploads\/2024\/06\/67c2ec70-bdf5-4c14-898a-ded5b2051398.jpg\",\"contentUrl\":\"https:\/\/elevatesurf.ch\/wp-content\/uploads\/2024\/06\/67c2ec70-bdf5-4c14-898a-ded5b2051398.jpg\",\"width\":1024,\"height\":1024,\"caption\":\"Elevatesurf\"},\"image\":{\"@id\":\"https:\/\/elevatesurf.ch\/#\/schema\/logo\/image\/\"},\"sameAs\":[\"https:\/\/www.instagram.com\/elevate__surf\/\"]}]}<\/script>\n<!-- \/ Yoast SEO plugin. -->","yoast_head_json":{"title":"Indiana Pumpfoil 1396 P Complete (Carbon Mast) - Elevatesurf","description":"Elevatesurf Indiana Pumpfoil 1396 P Complete (Carbon Mast)","robots":{"index":"index","follow":"follow","max-snippet":"max-snippet:-1","max-image-preview":"max-image-preview:large","max-video-preview":"max-video-preview:-1"},"canonical":"https:\/\/elevatesurf.ch\/fr\/product\/indiana-pumpfoil-1396-p-complete-carbon-mast\/","og_locale":"fr_FR","og_type":"article","og_title":"Indiana Pumpfoil 1396 P Complete (Carbon Mast) - Elevatesurf","og_description":"Elevatesurf Indiana Pumpfoil 1396 P Complete (Carbon Mast)","og_url":"https:\/\/elevatesurf.ch\/fr\/product\/indiana-pumpfoil-1396-p-complete-carbon-mast\/","og_site_name":"Elevatesurf","article_modified_time":"2026-01-10T08:41:23+00:00","og_image":[{"width":2500,"height":1932,"url":"https:\/\/elevatesurf.ch\/wp-content\/uploads\/2024\/08\/3600SM_Indiana_Pumpfoil_1396P_Complete_.jpg","type":"image\/jpeg"}],"twitter_card":"summary_large_image","twitter_misc":{"Dur\u00e9e de lecture estim\u00e9e":"1 minute"},"schema":{"@context":"https:\/\/schema.org","@graph":[{"@type":["WebPage","ItemPage"],"@id":"https:\/\/elevatesurf.ch\/product\/indiana-pumpfoil-1396-p-complete-carbon-mast\/","url":"https:\/\/elevatesurf.ch\/product\/indiana-pumpfoil-1396-p-complete-carbon-mast\/","name":"Indiana Pumpfoil 1396 P Complete (Carbon Mast) - Elevatesurf","isPartOf":{"@id":"https:\/\/elevatesurf.ch\/#website"},"primaryImageOfPage":{"@id":"https:\/\/elevatesurf.ch\/product\/indiana-pumpfoil-1396-p-complete-carbon-mast\/#primaryimage"},"image":{"@id":"https:\/\/elevatesurf.ch\/product\/indiana-pumpfoil-1396-p-complete-carbon-mast\/#primaryimage"},"thumbnailUrl":"https:\/\/elevatesurf.ch\/wp-content\/uploads\/2024\/08\/3600SM_Indiana_Pumpfoil_1396P_Complete_.jpg","datePublished":"2024-08-30T10:16:58+00:00","dateModified":"2026-01-10T08:41:23+00:00","description":"Elevatesurf Indiana Pumpfoil 1396 P Complete (Carbon Mast)","breadcrumb":{"@id":"https:\/\/elevatesurf.ch\/product\/indiana-pumpfoil-1396-p-complete-carbon-mast\/#breadcrumb"},"inLanguage":"fr-FR","potentialAction":[{"@type":"ReadAction","target":["https:\/\/elevatesurf.ch\/product\/indiana-pumpfoil-1396-p-complete-carbon-mast\/"]}]},{"@type":"ImageObject","inLanguage":"fr-FR","@id":"https:\/\/elevatesurf.ch\/product\/indiana-pumpfoil-1396-p-complete-carbon-mast\/#primaryimage","url":"https:\/\/elevatesurf.ch\/wp-content\/uploads\/2024\/08\/3600SM_Indiana_Pumpfoil_1396P_Complete_.jpg","contentUrl":"https:\/\/elevatesurf.ch\/wp-content\/uploads\/2024\/08\/3600SM_Indiana_Pumpfoil_1396P_Complete_.jpg","width":2500,"height":1932},{"@type":"BreadcrumbList","@id":"https:\/\/elevatesurf.ch\/product\/indiana-pumpfoil-1396-p-complete-carbon-mast\/#breadcrumb","itemListElement":[{"@type":"ListItem","position":1,"name":"Accueil","item":"https:\/\/elevatesurf.ch\/"},{"@type":"ListItem","position":2,"name":"Shop &#8211; \u00c9levez Votre Exp\u00e9rience de Surf avec Notre Collection","item":"https:\/\/elevatesurf.ch\/shop\/"},{"@type":"ListItem","position":3,"name":"Indiana Pumpfoil 1396 P Complete (Carbon Mast)"}]},{"@type":"WebSite","@id":"https:\/\/elevatesurf.ch\/#website","url":"https:\/\/elevatesurf.ch\/","name":"Elevatesurf","description":"Surfez vers de nouveaux sommets avec ElevateSurf ! Kiteshop, Wingshop","publisher":{"@id":"https:\/\/elevatesurf.ch\/#organization"},"potentialAction":[{"@type":"SearchAction","target":{"@type":"EntryPoint","urlTemplate":"https:\/\/elevatesurf.ch\/?s={search_term_string}"},"query-input":"required name=search_term_string"}],"inLanguage":"fr-FR"},{"@type":"Organization","@id":"https:\/\/elevatesurf.ch\/#organization","name":"Elevatesurf","url":"https:\/\/elevatesurf.ch\/","logo":{"@type":"ImageObject","inLanguage":"fr-FR","@id":"https:\/\/elevatesurf.ch\/#\/schema\/logo\/image\/","url":"https:\/\/elevatesurf.ch\/wp-content\/uploads\/2024\/06\/67c2ec70-bdf5-4c14-898a-ded5b2051398.jpg","contentUrl":"https:\/\/elevatesurf.ch\/wp-content\/uploads\/2024\/06\/67c2ec70-bdf5-4c14-898a-ded5b2051398.jpg","width":1024,"height":1024,"caption":"Elevatesurf"},"image":{"@id":"https:\/\/elevatesurf.ch\/#\/schema\/logo\/image\/"},"sameAs":["https:\/\/www.instagram.com\/elevate__surf\/"]}]}},"_links":{"self":[{"href":"https:\/\/elevatesurf.ch\/fr\/wp-json\/wp\/v2\/product\/20103","targetHints":{"allow":["GET"]}}],"collection":[{"href":"https:\/\/elevatesurf.ch\/fr\/wp-json\/wp\/v2\/product"}],"about":[{"href":"https:\/\/elevatesurf.ch\/fr\/wp-json\/wp\/v2\/types\/product"}],"replies":[{"embeddable":true,"href":"https:\/\/elevatesurf.ch\/fr\/wp-json\/wp\/v2\/comments?post=20103"}],"wp:featuredmedia":[{"embeddable":true,"href":"https:\/\/elevatesurf.ch\/fr\/wp-json\/wp\/v2\/media\/20102"}],"wp:attachment":[{"href":"https:\/\/elevatesurf.ch\/fr\/wp-json\/wp\/v2\/media?parent=20103"}],"wp:term":[{"taxonomy":"product_cat","embeddable":true,"href":"https:\/\/elevatesurf.ch\/fr\/wp-json\/wp\/v2\/product_cat?post=20103"},{"taxonomy":"product_tag","embeddable":true,"href":"https:\/\/elevatesurf.ch\/fr\/wp-json\/wp\/v2\/product_tag?post=20103"}],"curies":[{"name":"wp","href":"https:\/\/api.w.org\/{rel}","templated":true}]}}