{"id":20105,"date":"2024-08-30T10:16:59","date_gmt":"2024-08-30T10:16:59","guid":{"rendered":"https:\/\/elevatesurf.ch\/product\/indiana-foil-hp-set-of-stab-shims-for-carbon-fuselage\/"},"modified":"2026-01-10T08:41:23","modified_gmt":"2026-01-10T08:41:23","slug":"indiana-foil-hp-set-of-stab-shims-for-carbon-fuselage","status":"publish","type":"product","link":"https:\/\/elevatesurf.ch\/fr\/product\/indiana-foil-hp-set-of-stab-shims-for-carbon-fuselage\/","title":{"rendered":"Indiana Foil HP Set of Stab Shims for Carbon Fuselage"},"content":{"rendered":"<p>(0.5, 1 &amp; 2 degree)<br \/>\n&nbsp;<\/p>\n<p>Die Aufgabe des Stabilisators besteht darin, sicherzustellen dass das Foil gerade und stabil fliegt. Betrachten wir es wie die Federung in einem Auto. Bedingungen und Benutzerpr\u00e4ferenzen k\u00f6nnen variieren und ver\u00e4ndern welches Setup sich am besten anf\u00fchlt.<br \/>\nMit Shims \u00e4ndert man den Anstellwinkel und steuert das Ausma\u00df der Nick- und Rollstabilit\u00e4t, die der Stabilisator im gesamten Foliensystem erzeugt.<br \/>\n&nbsp;<br \/>\nDie Indiana Carbon Fuselage verf\u00fcgt standardm\u00e4\u00dfig \u00fcber einen eingebauten 1\u00b0 Winkel.<br \/>\nUm die Stabilit\u00e4t und den vorderen Fussdruck zu erh\u00f6hen, wird das Kit mit 3 Shims geliefert. +,5\u00b0, +1\u00b0 und +2\u00b0. Je h\u00f6her der Anstellwinkel, desto stabiler fliegt das Foil.<br \/>\n&nbsp;<\/p>\n<p>Material: 100% PA<br \/>\nColour: Green<br \/>\nMade in China<\/p>\n","protected":false},"excerpt":{"rendered":"<p>(0.5, 1 &amp; 2 degree) &nbsp; Die Aufgabe des Stabilisators besteht darin, sicherzustellen dass das Foil gerade und stabil fliegt. Betrachten wir es wie die Federung in einem Auto. Bedingungen und Benutzerpr\u00e4ferenzen k\u00f6nnen variieren und ver\u00e4ndern welches Setup sich am besten anf\u00fchlt. Mit Shims \u00e4ndert man den Anstellwinkel und steuert das Ausma\u00df der Nick- und [&hellip;]<\/p>\n","protected":false},"featured_media":20104,"comment_status":"open","ping_status":"closed","template":"","meta":[],"product_cat":[977,993],"product_tag":[],"class_list":{"0":"post-20105","1":"product","2":"type-product","3":"status-publish","4":"has-post-thumbnail","6":"product_cat-accessoires","7":"product_cat-pieces-detachees-accessoires","8":"product_brand-indiana-suisse","10":"first","11":"instock","12":"shipping-taxable","13":"purchasable","14":"product-type-simple"},"yoast_head":"<!-- This site is optimized with the Yoast SEO plugin v22.8 - https:\/\/yoast.com\/wordpress\/plugins\/seo\/ -->\n<title>Indiana Foil HP Set of Stab Shims for Carbon Fuselage - Elevatesurf<\/title>\n<meta name=\"description\" content=\"Elevatesurf Indiana Foil HP Set of Stab Shims for Carbon Fuselage\" \/>\n<meta name=\"robots\" content=\"index, follow, max-snippet:-1, max-image-preview:large, max-video-preview:-1\" \/>\n<link rel=\"canonical\" href=\"https:\/\/elevatesurf.ch\/fr\/product\/indiana-foil-hp-set-of-stab-shims-for-carbon-fuselage\/\" \/>\n<meta property=\"og:locale\" content=\"fr_FR\" \/>\n<meta property=\"og:type\" content=\"article\" \/>\n<meta property=\"og:title\" content=\"Indiana Foil HP Set of Stab Shims for Carbon Fuselage - Elevatesurf\" \/>\n<meta property=\"og:description\" content=\"Elevatesurf Indiana Foil HP Set of Stab Shims for Carbon Fuselage\" \/>\n<meta property=\"og:url\" content=\"https:\/\/elevatesurf.ch\/fr\/product\/indiana-foil-hp-set-of-stab-shims-for-carbon-fuselage\/\" \/>\n<meta property=\"og:site_name\" content=\"Elevatesurf\" \/>\n<meta property=\"article:modified_time\" content=\"2026-01-10T08:41:23+00:00\" \/>\n<meta property=\"og:image\" content=\"https:\/\/elevatesurf.ch\/wp-content\/uploads\/2024\/08\/3553sm_indiana_foil_hp_set_of_stab_shims_for_carbon_fuselages.jpg\" \/>\n\t<meta property=\"og:image:width\" content=\"1552\" \/>\n\t<meta property=\"og:image:height\" content=\"1200\" \/>\n\t<meta property=\"og:image:type\" content=\"image\/jpeg\" \/>\n<meta name=\"twitter:card\" content=\"summary_large_image\" \/>\n<meta name=\"twitter:label1\" content=\"Dur\u00e9e de lecture estim\u00e9e\" \/>\n\t<meta name=\"twitter:data1\" content=\"1 minute\" \/>\n<script type=\"application\/ld+json\" class=\"yoast-schema-graph\">{\"@context\":\"https:\/\/schema.org\",\"@graph\":[{\"@type\":[\"WebPage\",\"ItemPage\"],\"@id\":\"https:\/\/elevatesurf.ch\/product\/indiana-foil-hp-set-of-stab-shims-for-carbon-fuselage\/\",\"url\":\"https:\/\/elevatesurf.ch\/product\/indiana-foil-hp-set-of-stab-shims-for-carbon-fuselage\/\",\"name\":\"Indiana Foil HP Set of Stab Shims for Carbon Fuselage - Elevatesurf\",\"isPartOf\":{\"@id\":\"https:\/\/elevatesurf.ch\/#website\"},\"primaryImageOfPage\":{\"@id\":\"https:\/\/elevatesurf.ch\/product\/indiana-foil-hp-set-of-stab-shims-for-carbon-fuselage\/#primaryimage\"},\"image\":{\"@id\":\"https:\/\/elevatesurf.ch\/product\/indiana-foil-hp-set-of-stab-shims-for-carbon-fuselage\/#primaryimage\"},\"thumbnailUrl\":\"https:\/\/elevatesurf.ch\/wp-content\/uploads\/2024\/08\/3553sm_indiana_foil_hp_set_of_stab_shims_for_carbon_fuselages.jpg\",\"datePublished\":\"2024-08-30T10:16:59+00:00\",\"dateModified\":\"2026-01-10T08:41:23+00:00\",\"description\":\"Elevatesurf Indiana Foil HP Set of Stab Shims for Carbon Fuselage\",\"breadcrumb\":{\"@id\":\"https:\/\/elevatesurf.ch\/product\/indiana-foil-hp-set-of-stab-shims-for-carbon-fuselage\/#breadcrumb\"},\"inLanguage\":\"fr-FR\",\"potentialAction\":[{\"@type\":\"ReadAction\",\"target\":[\"https:\/\/elevatesurf.ch\/product\/indiana-foil-hp-set-of-stab-shims-for-carbon-fuselage\/\"]}]},{\"@type\":\"ImageObject\",\"inLanguage\":\"fr-FR\",\"@id\":\"https:\/\/elevatesurf.ch\/product\/indiana-foil-hp-set-of-stab-shims-for-carbon-fuselage\/#primaryimage\",\"url\":\"https:\/\/elevatesurf.ch\/wp-content\/uploads\/2024\/08\/3553sm_indiana_foil_hp_set_of_stab_shims_for_carbon_fuselages.jpg\",\"contentUrl\":\"https:\/\/elevatesurf.ch\/wp-content\/uploads\/2024\/08\/3553sm_indiana_foil_hp_set_of_stab_shims_for_carbon_fuselages.jpg\",\"width\":1552,\"height\":1200},{\"@type\":\"BreadcrumbList\",\"@id\":\"https:\/\/elevatesurf.ch\/product\/indiana-foil-hp-set-of-stab-shims-for-carbon-fuselage\/#breadcrumb\",\"itemListElement\":[{\"@type\":\"ListItem\",\"position\":1,\"name\":\"Accueil\",\"item\":\"https:\/\/elevatesurf.ch\/\"},{\"@type\":\"ListItem\",\"position\":2,\"name\":\"Shop &#8211; \u00c9levez Votre Exp\u00e9rience de Surf avec Notre Collection\",\"item\":\"https:\/\/elevatesurf.ch\/shop\/\"},{\"@type\":\"ListItem\",\"position\":3,\"name\":\"Indiana Foil HP Set of Stab Shims for Carbon Fuselage\"}]},{\"@type\":\"WebSite\",\"@id\":\"https:\/\/elevatesurf.ch\/#website\",\"url\":\"https:\/\/elevatesurf.ch\/\",\"name\":\"Elevatesurf\",\"description\":\"Surfez vers de nouveaux sommets avec ElevateSurf ! Kiteshop, Wingshop\",\"publisher\":{\"@id\":\"https:\/\/elevatesurf.ch\/#organization\"},\"potentialAction\":[{\"@type\":\"SearchAction\",\"target\":{\"@type\":\"EntryPoint\",\"urlTemplate\":\"https:\/\/elevatesurf.ch\/?s={search_term_string}\"},\"query-input\":\"required name=search_term_string\"}],\"inLanguage\":\"fr-FR\"},{\"@type\":\"Organization\",\"@id\":\"https:\/\/elevatesurf.ch\/#organization\",\"name\":\"Elevatesurf\",\"url\":\"https:\/\/elevatesurf.ch\/\",\"logo\":{\"@type\":\"ImageObject\",\"inLanguage\":\"fr-FR\",\"@id\":\"https:\/\/elevatesurf.ch\/#\/schema\/logo\/image\/\",\"url\":\"https:\/\/elevatesurf.ch\/wp-content\/uploads\/2024\/06\/67c2ec70-bdf5-4c14-898a-ded5b2051398.jpg\",\"contentUrl\":\"https:\/\/elevatesurf.ch\/wp-content\/uploads\/2024\/06\/67c2ec70-bdf5-4c14-898a-ded5b2051398.jpg\",\"width\":1024,\"height\":1024,\"caption\":\"Elevatesurf\"},\"image\":{\"@id\":\"https:\/\/elevatesurf.ch\/#\/schema\/logo\/image\/\"},\"sameAs\":[\"https:\/\/www.instagram.com\/elevate__surf\/\"]}]}<\/script>\n<!-- \/ Yoast SEO plugin. -->","yoast_head_json":{"title":"Indiana Foil HP Set of Stab Shims for Carbon Fuselage - Elevatesurf","description":"Elevatesurf Indiana Foil HP Set of Stab Shims for Carbon Fuselage","robots":{"index":"index","follow":"follow","max-snippet":"max-snippet:-1","max-image-preview":"max-image-preview:large","max-video-preview":"max-video-preview:-1"},"canonical":"https:\/\/elevatesurf.ch\/fr\/product\/indiana-foil-hp-set-of-stab-shims-for-carbon-fuselage\/","og_locale":"fr_FR","og_type":"article","og_title":"Indiana Foil HP Set of Stab Shims for Carbon Fuselage - Elevatesurf","og_description":"Elevatesurf Indiana Foil HP Set of Stab Shims for Carbon Fuselage","og_url":"https:\/\/elevatesurf.ch\/fr\/product\/indiana-foil-hp-set-of-stab-shims-for-carbon-fuselage\/","og_site_name":"Elevatesurf","article_modified_time":"2026-01-10T08:41:23+00:00","og_image":[{"width":1552,"height":1200,"url":"https:\/\/elevatesurf.ch\/wp-content\/uploads\/2024\/08\/3553sm_indiana_foil_hp_set_of_stab_shims_for_carbon_fuselages.jpg","type":"image\/jpeg"}],"twitter_card":"summary_large_image","twitter_misc":{"Dur\u00e9e de lecture estim\u00e9e":"1 minute"},"schema":{"@context":"https:\/\/schema.org","@graph":[{"@type":["WebPage","ItemPage"],"@id":"https:\/\/elevatesurf.ch\/product\/indiana-foil-hp-set-of-stab-shims-for-carbon-fuselage\/","url":"https:\/\/elevatesurf.ch\/product\/indiana-foil-hp-set-of-stab-shims-for-carbon-fuselage\/","name":"Indiana Foil HP Set of Stab Shims for Carbon Fuselage - Elevatesurf","isPartOf":{"@id":"https:\/\/elevatesurf.ch\/#website"},"primaryImageOfPage":{"@id":"https:\/\/elevatesurf.ch\/product\/indiana-foil-hp-set-of-stab-shims-for-carbon-fuselage\/#primaryimage"},"image":{"@id":"https:\/\/elevatesurf.ch\/product\/indiana-foil-hp-set-of-stab-shims-for-carbon-fuselage\/#primaryimage"},"thumbnailUrl":"https:\/\/elevatesurf.ch\/wp-content\/uploads\/2024\/08\/3553sm_indiana_foil_hp_set_of_stab_shims_for_carbon_fuselages.jpg","datePublished":"2024-08-30T10:16:59+00:00","dateModified":"2026-01-10T08:41:23+00:00","description":"Elevatesurf Indiana Foil HP Set of Stab Shims for Carbon Fuselage","breadcrumb":{"@id":"https:\/\/elevatesurf.ch\/product\/indiana-foil-hp-set-of-stab-shims-for-carbon-fuselage\/#breadcrumb"},"inLanguage":"fr-FR","potentialAction":[{"@type":"ReadAction","target":["https:\/\/elevatesurf.ch\/product\/indiana-foil-hp-set-of-stab-shims-for-carbon-fuselage\/"]}]},{"@type":"ImageObject","inLanguage":"fr-FR","@id":"https:\/\/elevatesurf.ch\/product\/indiana-foil-hp-set-of-stab-shims-for-carbon-fuselage\/#primaryimage","url":"https:\/\/elevatesurf.ch\/wp-content\/uploads\/2024\/08\/3553sm_indiana_foil_hp_set_of_stab_shims_for_carbon_fuselages.jpg","contentUrl":"https:\/\/elevatesurf.ch\/wp-content\/uploads\/2024\/08\/3553sm_indiana_foil_hp_set_of_stab_shims_for_carbon_fuselages.jpg","width":1552,"height":1200},{"@type":"BreadcrumbList","@id":"https:\/\/elevatesurf.ch\/product\/indiana-foil-hp-set-of-stab-shims-for-carbon-fuselage\/#breadcrumb","itemListElement":[{"@type":"ListItem","position":1,"name":"Accueil","item":"https:\/\/elevatesurf.ch\/"},{"@type":"ListItem","position":2,"name":"Shop &#8211; \u00c9levez Votre Exp\u00e9rience de Surf avec Notre Collection","item":"https:\/\/elevatesurf.ch\/shop\/"},{"@type":"ListItem","position":3,"name":"Indiana Foil HP Set of Stab Shims for Carbon Fuselage"}]},{"@type":"WebSite","@id":"https:\/\/elevatesurf.ch\/#website","url":"https:\/\/elevatesurf.ch\/","name":"Elevatesurf","description":"Surfez vers de nouveaux sommets avec ElevateSurf ! Kiteshop, Wingshop","publisher":{"@id":"https:\/\/elevatesurf.ch\/#organization"},"potentialAction":[{"@type":"SearchAction","target":{"@type":"EntryPoint","urlTemplate":"https:\/\/elevatesurf.ch\/?s={search_term_string}"},"query-input":"required name=search_term_string"}],"inLanguage":"fr-FR"},{"@type":"Organization","@id":"https:\/\/elevatesurf.ch\/#organization","name":"Elevatesurf","url":"https:\/\/elevatesurf.ch\/","logo":{"@type":"ImageObject","inLanguage":"fr-FR","@id":"https:\/\/elevatesurf.ch\/#\/schema\/logo\/image\/","url":"https:\/\/elevatesurf.ch\/wp-content\/uploads\/2024\/06\/67c2ec70-bdf5-4c14-898a-ded5b2051398.jpg","contentUrl":"https:\/\/elevatesurf.ch\/wp-content\/uploads\/2024\/06\/67c2ec70-bdf5-4c14-898a-ded5b2051398.jpg","width":1024,"height":1024,"caption":"Elevatesurf"},"image":{"@id":"https:\/\/elevatesurf.ch\/#\/schema\/logo\/image\/"},"sameAs":["https:\/\/www.instagram.com\/elevate__surf\/"]}]}},"_links":{"self":[{"href":"https:\/\/elevatesurf.ch\/fr\/wp-json\/wp\/v2\/product\/20105","targetHints":{"allow":["GET"]}}],"collection":[{"href":"https:\/\/elevatesurf.ch\/fr\/wp-json\/wp\/v2\/product"}],"about":[{"href":"https:\/\/elevatesurf.ch\/fr\/wp-json\/wp\/v2\/types\/product"}],"replies":[{"embeddable":true,"href":"https:\/\/elevatesurf.ch\/fr\/wp-json\/wp\/v2\/comments?post=20105"}],"wp:featuredmedia":[{"embeddable":true,"href":"https:\/\/elevatesurf.ch\/fr\/wp-json\/wp\/v2\/media\/20104"}],"wp:attachment":[{"href":"https:\/\/elevatesurf.ch\/fr\/wp-json\/wp\/v2\/media?parent=20105"}],"wp:term":[{"taxonomy":"product_cat","embeddable":true,"href":"https:\/\/elevatesurf.ch\/fr\/wp-json\/wp\/v2\/product_cat?post=20105"},{"taxonomy":"product_tag","embeddable":true,"href":"https:\/\/elevatesurf.ch\/fr\/wp-json\/wp\/v2\/product_tag?post=20105"}],"curies":[{"name":"wp","href":"https:\/\/api.w.org\/{rel}","templated":true}]}}