{"id":20119,"date":"2024-08-30T10:17:10","date_gmt":"2024-08-30T10:17:10","guid":{"rendered":"https:\/\/elevatesurf.ch\/product\/restube-kids-whale\/"},"modified":"2026-01-10T08:41:23","modified_gmt":"2026-01-10T08:41:23","slug":"restube-kids-whale","status":"publish","type":"product","link":"https:\/\/elevatesurf.ch\/fr\/product\/restube-kids-whale\/","title":{"rendered":"Restube Kids Whale"},"content":{"rendered":"<p>Die aufblasbare Sicherheitsboje f\u00fcr Kinder ab 10 Jahren Ob beim Spielen am Strand, beim Schwimmen im See oder bei voller Action beim Wassersport: Restube kids bringt Kindern Spa\u00df und eine extra Portion Sicherheit, ohne sie einzuschr\u00e4nken, und l\u00e4sst Eltern entspannt durchatmen. Die Boje ist verstaut in der Tasche, diese wird bequem um die H\u00fcfte getragen. Ein Zug am Ausl\u00f6ser bl\u00e4st die gelbe Restube-Boje in Sekunden auf. Einfach dar\u00fcberlehnen und der Kopf kann entspannt \u00fcber dem Wasser bleiben oder damit winken, um auf sich aufmerksam zu machen. Die aufgeblasene Boje eignet sich auch f\u00fcr Wasserspiele: gegenseitiges Abschleppen, in die Tiefe tauchen \u00fcben oder die Boje als Wasserschl\u00e4ger verwenden. Dem Spa\u00df im Wasser sind keine Grenzen gesetzt! Restube kids ist wiederverwendbar durch Einschrauben einer neuen original 10,9g CO2-Patrone, sehr einfach zu packen, auch mit dem Mund aufblasbar.<\/p>\n<p>F\u00dcR DIESE WASSERAKTIVIT\u00c4TEN EMPFOHLEN: BADEN IM SOMMER | FAMILIE &amp; KINDER<\/p>\n<p>Restube READY: Ja<\/p>\n<p>Auftrieb: 50N (~5kg)<\/p>\n<p>Length: 50 cm<\/p>\n<p>Diameter: 13 cm<\/p>\n<p>Gewicht: 160 g<\/p>\n<p>Inflations: Bis zu 50 Ausl\u00f6sungen<\/p>\n<p>Ursprungsland: Deutschland<\/p>\n<p>Lieferumfang: 1x Restube kids inkl. 10,9g CO2-Patrone, 1x Anleitung<\/p>\n","protected":false},"excerpt":{"rendered":"<p>Die aufblasbare Sicherheitsboje f\u00fcr Kinder ab 10 Jahren Ob beim Spielen am Strand, beim Schwimmen im See oder bei voller Action beim Wassersport: Restube kids bringt Kindern Spa\u00df und eine extra Portion Sicherheit, ohne sie einzuschr\u00e4nken, und l\u00e4sst Eltern entspannt durchatmen. Die Boje ist verstaut in der Tasche, diese wird bequem um die H\u00fcfte getragen. [&hellip;]<\/p>\n","protected":false},"featured_media":20118,"comment_status":"open","ping_status":"closed","template":"","meta":[],"product_cat":[114,590],"product_tag":[],"class_list":{"0":"post-20119","1":"product","2":"type-product","3":"status-publish","4":"has-post-thumbnail","6":"product_cat-accessoires-kitesurf-wingfoil","7":"product_cat-safety","8":"product_brand-indiana-suisse","10":"first","11":"outofstock","12":"shipping-taxable","13":"purchasable","14":"product-type-simple"},"yoast_head":"<!-- This site is optimized with the Yoast SEO plugin v22.8 - https:\/\/yoast.com\/wordpress\/plugins\/seo\/ -->\n<title>Restube Kids Whale - Elevatesurf<\/title>\n<meta name=\"description\" content=\"Elevatesurf Restube Kids Whale\" \/>\n<meta name=\"robots\" content=\"index, follow, max-snippet:-1, max-image-preview:large, max-video-preview:-1\" \/>\n<link rel=\"canonical\" href=\"https:\/\/elevatesurf.ch\/fr\/product\/restube-kids-whale\/\" \/>\n<meta property=\"og:locale\" content=\"fr_FR\" \/>\n<meta property=\"og:type\" content=\"article\" \/>\n<meta property=\"og:title\" content=\"Restube Kids Whale - Elevatesurf\" \/>\n<meta property=\"og:description\" content=\"Elevatesurf Restube Kids Whale\" \/>\n<meta property=\"og:url\" content=\"https:\/\/elevatesurf.ch\/fr\/product\/restube-kids-whale\/\" \/>\n<meta property=\"og:site_name\" content=\"Elevatesurf\" \/>\n<meta property=\"article:modified_time\" content=\"2026-01-10T08:41:23+00:00\" \/>\n<meta property=\"og:image\" content=\"https:\/\/elevatesurf.ch\/wp-content\/uploads\/2024\/08\/rt_01101_mb_restube_beach_inflated_3.jpg\" \/>\n\t<meta property=\"og:image:width\" content=\"1065\" \/>\n\t<meta property=\"og:image:height\" content=\"1065\" \/>\n\t<meta property=\"og:image:type\" content=\"image\/jpeg\" \/>\n<meta name=\"twitter:card\" content=\"summary_large_image\" \/>\n<meta name=\"twitter:label1\" content=\"Dur\u00e9e de lecture estim\u00e9e\" \/>\n\t<meta name=\"twitter:data1\" content=\"1 minute\" \/>\n<script type=\"application\/ld+json\" class=\"yoast-schema-graph\">{\"@context\":\"https:\/\/schema.org\",\"@graph\":[{\"@type\":[\"WebPage\",\"ItemPage\"],\"@id\":\"https:\/\/elevatesurf.ch\/product\/restube-kids-whale\/\",\"url\":\"https:\/\/elevatesurf.ch\/product\/restube-kids-whale\/\",\"name\":\"Restube Kids Whale - Elevatesurf\",\"isPartOf\":{\"@id\":\"https:\/\/elevatesurf.ch\/#website\"},\"primaryImageOfPage\":{\"@id\":\"https:\/\/elevatesurf.ch\/product\/restube-kids-whale\/#primaryimage\"},\"image\":{\"@id\":\"https:\/\/elevatesurf.ch\/product\/restube-kids-whale\/#primaryimage\"},\"thumbnailUrl\":\"https:\/\/elevatesurf.ch\/wp-content\/uploads\/2024\/08\/rt_01101_mb_restube_beach_inflated_3.jpg\",\"datePublished\":\"2024-08-30T10:17:10+00:00\",\"dateModified\":\"2026-01-10T08:41:23+00:00\",\"description\":\"Elevatesurf Restube Kids Whale\",\"breadcrumb\":{\"@id\":\"https:\/\/elevatesurf.ch\/product\/restube-kids-whale\/#breadcrumb\"},\"inLanguage\":\"fr-FR\",\"potentialAction\":[{\"@type\":\"ReadAction\",\"target\":[\"https:\/\/elevatesurf.ch\/product\/restube-kids-whale\/\"]}]},{\"@type\":\"ImageObject\",\"inLanguage\":\"fr-FR\",\"@id\":\"https:\/\/elevatesurf.ch\/product\/restube-kids-whale\/#primaryimage\",\"url\":\"https:\/\/elevatesurf.ch\/wp-content\/uploads\/2024\/08\/rt_01101_mb_restube_beach_inflated_3.jpg\",\"contentUrl\":\"https:\/\/elevatesurf.ch\/wp-content\/uploads\/2024\/08\/rt_01101_mb_restube_beach_inflated_3.jpg\",\"width\":1065,\"height\":1065},{\"@type\":\"BreadcrumbList\",\"@id\":\"https:\/\/elevatesurf.ch\/product\/restube-kids-whale\/#breadcrumb\",\"itemListElement\":[{\"@type\":\"ListItem\",\"position\":1,\"name\":\"Accueil\",\"item\":\"https:\/\/elevatesurf.ch\/\"},{\"@type\":\"ListItem\",\"position\":2,\"name\":\"Shop &#8211; \u00c9levez Votre Exp\u00e9rience de Surf avec Notre Collection\",\"item\":\"https:\/\/elevatesurf.ch\/shop\/\"},{\"@type\":\"ListItem\",\"position\":3,\"name\":\"Restube Kids Whale\"}]},{\"@type\":\"WebSite\",\"@id\":\"https:\/\/elevatesurf.ch\/#website\",\"url\":\"https:\/\/elevatesurf.ch\/\",\"name\":\"Elevatesurf\",\"description\":\"Surfez vers de nouveaux sommets avec ElevateSurf ! Kiteshop, Wingshop\",\"publisher\":{\"@id\":\"https:\/\/elevatesurf.ch\/#organization\"},\"potentialAction\":[{\"@type\":\"SearchAction\",\"target\":{\"@type\":\"EntryPoint\",\"urlTemplate\":\"https:\/\/elevatesurf.ch\/?s={search_term_string}\"},\"query-input\":\"required name=search_term_string\"}],\"inLanguage\":\"fr-FR\"},{\"@type\":\"Organization\",\"@id\":\"https:\/\/elevatesurf.ch\/#organization\",\"name\":\"Elevatesurf\",\"url\":\"https:\/\/elevatesurf.ch\/\",\"logo\":{\"@type\":\"ImageObject\",\"inLanguage\":\"fr-FR\",\"@id\":\"https:\/\/elevatesurf.ch\/#\/schema\/logo\/image\/\",\"url\":\"https:\/\/elevatesurf.ch\/wp-content\/uploads\/2024\/06\/67c2ec70-bdf5-4c14-898a-ded5b2051398.jpg\",\"contentUrl\":\"https:\/\/elevatesurf.ch\/wp-content\/uploads\/2024\/06\/67c2ec70-bdf5-4c14-898a-ded5b2051398.jpg\",\"width\":1024,\"height\":1024,\"caption\":\"Elevatesurf\"},\"image\":{\"@id\":\"https:\/\/elevatesurf.ch\/#\/schema\/logo\/image\/\"},\"sameAs\":[\"https:\/\/www.instagram.com\/elevate__surf\/\"]}]}<\/script>\n<!-- \/ Yoast SEO plugin. -->","yoast_head_json":{"title":"Restube Kids Whale - Elevatesurf","description":"Elevatesurf Restube Kids Whale","robots":{"index":"index","follow":"follow","max-snippet":"max-snippet:-1","max-image-preview":"max-image-preview:large","max-video-preview":"max-video-preview:-1"},"canonical":"https:\/\/elevatesurf.ch\/fr\/product\/restube-kids-whale\/","og_locale":"fr_FR","og_type":"article","og_title":"Restube Kids Whale - Elevatesurf","og_description":"Elevatesurf Restube Kids Whale","og_url":"https:\/\/elevatesurf.ch\/fr\/product\/restube-kids-whale\/","og_site_name":"Elevatesurf","article_modified_time":"2026-01-10T08:41:23+00:00","og_image":[{"width":1065,"height":1065,"url":"https:\/\/elevatesurf.ch\/wp-content\/uploads\/2024\/08\/rt_01101_mb_restube_beach_inflated_3.jpg","type":"image\/jpeg"}],"twitter_card":"summary_large_image","twitter_misc":{"Dur\u00e9e de lecture estim\u00e9e":"1 minute"},"schema":{"@context":"https:\/\/schema.org","@graph":[{"@type":["WebPage","ItemPage"],"@id":"https:\/\/elevatesurf.ch\/product\/restube-kids-whale\/","url":"https:\/\/elevatesurf.ch\/product\/restube-kids-whale\/","name":"Restube Kids Whale - Elevatesurf","isPartOf":{"@id":"https:\/\/elevatesurf.ch\/#website"},"primaryImageOfPage":{"@id":"https:\/\/elevatesurf.ch\/product\/restube-kids-whale\/#primaryimage"},"image":{"@id":"https:\/\/elevatesurf.ch\/product\/restube-kids-whale\/#primaryimage"},"thumbnailUrl":"https:\/\/elevatesurf.ch\/wp-content\/uploads\/2024\/08\/rt_01101_mb_restube_beach_inflated_3.jpg","datePublished":"2024-08-30T10:17:10+00:00","dateModified":"2026-01-10T08:41:23+00:00","description":"Elevatesurf Restube Kids Whale","breadcrumb":{"@id":"https:\/\/elevatesurf.ch\/product\/restube-kids-whale\/#breadcrumb"},"inLanguage":"fr-FR","potentialAction":[{"@type":"ReadAction","target":["https:\/\/elevatesurf.ch\/product\/restube-kids-whale\/"]}]},{"@type":"ImageObject","inLanguage":"fr-FR","@id":"https:\/\/elevatesurf.ch\/product\/restube-kids-whale\/#primaryimage","url":"https:\/\/elevatesurf.ch\/wp-content\/uploads\/2024\/08\/rt_01101_mb_restube_beach_inflated_3.jpg","contentUrl":"https:\/\/elevatesurf.ch\/wp-content\/uploads\/2024\/08\/rt_01101_mb_restube_beach_inflated_3.jpg","width":1065,"height":1065},{"@type":"BreadcrumbList","@id":"https:\/\/elevatesurf.ch\/product\/restube-kids-whale\/#breadcrumb","itemListElement":[{"@type":"ListItem","position":1,"name":"Accueil","item":"https:\/\/elevatesurf.ch\/"},{"@type":"ListItem","position":2,"name":"Shop &#8211; \u00c9levez Votre Exp\u00e9rience de Surf avec Notre Collection","item":"https:\/\/elevatesurf.ch\/shop\/"},{"@type":"ListItem","position":3,"name":"Restube Kids Whale"}]},{"@type":"WebSite","@id":"https:\/\/elevatesurf.ch\/#website","url":"https:\/\/elevatesurf.ch\/","name":"Elevatesurf","description":"Surfez vers de nouveaux sommets avec ElevateSurf ! Kiteshop, Wingshop","publisher":{"@id":"https:\/\/elevatesurf.ch\/#organization"},"potentialAction":[{"@type":"SearchAction","target":{"@type":"EntryPoint","urlTemplate":"https:\/\/elevatesurf.ch\/?s={search_term_string}"},"query-input":"required name=search_term_string"}],"inLanguage":"fr-FR"},{"@type":"Organization","@id":"https:\/\/elevatesurf.ch\/#organization","name":"Elevatesurf","url":"https:\/\/elevatesurf.ch\/","logo":{"@type":"ImageObject","inLanguage":"fr-FR","@id":"https:\/\/elevatesurf.ch\/#\/schema\/logo\/image\/","url":"https:\/\/elevatesurf.ch\/wp-content\/uploads\/2024\/06\/67c2ec70-bdf5-4c14-898a-ded5b2051398.jpg","contentUrl":"https:\/\/elevatesurf.ch\/wp-content\/uploads\/2024\/06\/67c2ec70-bdf5-4c14-898a-ded5b2051398.jpg","width":1024,"height":1024,"caption":"Elevatesurf"},"image":{"@id":"https:\/\/elevatesurf.ch\/#\/schema\/logo\/image\/"},"sameAs":["https:\/\/www.instagram.com\/elevate__surf\/"]}]}},"_links":{"self":[{"href":"https:\/\/elevatesurf.ch\/fr\/wp-json\/wp\/v2\/product\/20119","targetHints":{"allow":["GET"]}}],"collection":[{"href":"https:\/\/elevatesurf.ch\/fr\/wp-json\/wp\/v2\/product"}],"about":[{"href":"https:\/\/elevatesurf.ch\/fr\/wp-json\/wp\/v2\/types\/product"}],"replies":[{"embeddable":true,"href":"https:\/\/elevatesurf.ch\/fr\/wp-json\/wp\/v2\/comments?post=20119"}],"wp:featuredmedia":[{"embeddable":true,"href":"https:\/\/elevatesurf.ch\/fr\/wp-json\/wp\/v2\/media\/20118"}],"wp:attachment":[{"href":"https:\/\/elevatesurf.ch\/fr\/wp-json\/wp\/v2\/media?parent=20119"}],"wp:term":[{"taxonomy":"product_cat","embeddable":true,"href":"https:\/\/elevatesurf.ch\/fr\/wp-json\/wp\/v2\/product_cat?post=20119"},{"taxonomy":"product_tag","embeddable":true,"href":"https:\/\/elevatesurf.ch\/fr\/wp-json\/wp\/v2\/product_tag?post=20119"}],"curies":[{"name":"wp","href":"https:\/\/api.w.org\/{rel}","templated":true}]}}