{"id":20131,"date":"2024-08-30T10:17:19","date_gmt":"2024-08-30T10:17:19","guid":{"rendered":"https:\/\/elevatesurf.ch\/product\/indiana-wing-foil-pack-118-l-hb-foil-1100p\/"},"modified":"2026-01-10T08:41:24","modified_gmt":"2026-01-10T08:41:24","slug":"indiana-wing-foil-pack-118-l-hb-foil-1100p","status":"publish","type":"product","link":"https:\/\/elevatesurf.ch\/fr\/product\/indiana-wing-foil-pack-118-l-hb-foil-1100p\/","title":{"rendered":"Indiana Wing Foil Pack: 118 L HB + Foil 1100P"},"content":{"rendered":"<p>Eine super Kombi f\u00fcr den Wingfoil Anf\u00e4nger.<\/p>\n<p>&nbsp;<\/p>\n<p>Die Kombination von dem m118L Flatwater Allround Board und dem 1100P Foil ist optimal f\u00fcr den Wingfoil Anf\u00e4nger:<\/p>\n<p>Das Board: Das mittlere der drei Flatwater\/Allround Wing Foil Boards mit einem Volumen von 118 Litern von Shaper Andi Widmann ist f\u00fcr ambitionierte Rider mit etwas mehr Gewicht konzipiert. Das Flatwater\/Allround Wing Foil Board ist ideal ausbalanciert und konzipiert um Fahrspass und schnelle Fortschritte zu garantieren. Im Fokus stehen damit Stabilit\u00e4t, schnelles und angenehmes Angleiten und Abheben sowie gute Touchdown-Recovery Eigenschaften. Um diese Eigenschaften in ein Brett zu packen hat Andi Widmann meisterliche Arbeit geleistet.<br \/>Die kompakte Outline, zentriertes Volumen, eine leichte V-Bug Konkave, abgeneigte Bevels im Bug sowie die senkrechten Rails, bringen in Kombination vereint genau diese Eigenschaften auf Wasser.<\/p>\n<p>Die Boards sind mit V-Straps ausgestattet, um den Vorderfuss so nah wie m\u00f6glich an der Mittellinie zu positionieren. Die Montage ist sehr einfach und das Gewicht der Fussschlaufen sehr niedrig. Mit dem Tragegriff an der Unterseite des Boards l\u00e4sst sich das Board leicht tragen und den Wing vom Foil fernhalten. Die Nose Handle-Option macht das Ziehen des Boards durch den Shore Break einfach und sicher. Der EVA-Pad mit Crocodile Groove bietet sicheren Halt und vermeidet Sch\u00fcrfungen an den Knien. Die Full Carbon Sandwich-Konstruktion bietet eine perfekte Balance zwischen Haltbarkeit und Leichtigkeit.<\/p>\n<p>&nbsp;<\/p>\n<p>Das Foil:<\/p>\n<p>Das Foil, das den Dockstart-Boom ausl\u00f6ste. Der 1100 P war das erste grosse kommerzielle Dockstart\/Pump Foil und unser beliebtester Front-Wing im Sortiment. Das hohe Volumen und die grosse Oberfl\u00e4che, in Kombination mit der mittelhohen Streckung (AR) machen es sehr fehlerverzeihend und einfach zu pumpen und weit zu fliegen, selbst bei sehr niedrigen Geschwindigkeiten (5 km\/h). Dadurch ist es sehr einfach, nicht nur Dockstarten und Pumpen zu lernen, sondern auch Wing und Wind Foilen.<\/p>\n","protected":false},"excerpt":{"rendered":"<p>Eine super Kombi f\u00fcr den Wingfoil Anf\u00e4nger. &nbsp; Die Kombination von dem m118L Flatwater Allround Board und dem 1100P Foil ist optimal f\u00fcr den Wingfoil Anf\u00e4nger: Das Board: Das mittlere der drei Flatwater\/Allround Wing Foil Boards mit einem Volumen von 118 Litern von Shaper Andi Widmann ist f\u00fcr ambitionierte Rider mit etwas mehr Gewicht konzipiert. [&hellip;]<\/p>\n","protected":false},"featured_media":20130,"comment_status":"open","ping_status":"closed","template":"","meta":[],"product_cat":[636,594,650,138],"product_tag":[],"class_list":{"0":"post-20131","1":"product","2":"type-product","3":"status-publish","4":"has-post-thumbnail","6":"product_cat-pack","7":"product_cat-planches","8":"product_cat-planches-downwind","9":"product_cat-wingfoil-suisse-acheter","10":"product_brand-indiana-suisse","12":"first","13":"instock","14":"shipping-taxable","15":"purchasable","16":"product-type-simple"},"yoast_head":"<!-- This site is optimized with the Yoast SEO plugin v22.8 - https:\/\/yoast.com\/wordpress\/plugins\/seo\/ -->\n<title>Indiana Wing Foil Pack: 118 L HB + Foil 1100P - Elevatesurf<\/title>\n<meta name=\"description\" content=\"Elevatesurf Indiana Wing Foil Pack: 118 L HB + Foil 1100P\" \/>\n<meta name=\"robots\" content=\"index, follow, max-snippet:-1, max-image-preview:large, max-video-preview:-1\" \/>\n<link rel=\"canonical\" href=\"https:\/\/elevatesurf.ch\/fr\/product\/indiana-wing-foil-pack-118-l-hb-foil-1100p\/\" \/>\n<meta property=\"og:locale\" content=\"fr_FR\" \/>\n<meta property=\"og:type\" content=\"article\" \/>\n<meta property=\"og:title\" content=\"Indiana Wing Foil Pack: 118 L HB + Foil 1100P - Elevatesurf\" \/>\n<meta property=\"og:description\" content=\"Elevatesurf Indiana Wing Foil Pack: 118 L HB + Foil 1100P\" \/>\n<meta property=\"og:url\" content=\"https:\/\/elevatesurf.ch\/fr\/product\/indiana-wing-foil-pack-118-l-hb-foil-1100p\/\" \/>\n<meta property=\"og:site_name\" content=\"Elevatesurf\" \/>\n<meta property=\"article:modified_time\" content=\"2026-01-10T08:41:24+00:00\" \/>\n<meta property=\"og:image\" content=\"https:\/\/elevatesurf.ch\/wp-content\/uploads\/2024\/08\/3458AM_Indiana_Wing_Foil_Pack_118_Carbon_1100_Foil_.png\" \/>\n\t<meta property=\"og:image:width\" content=\"595\" \/>\n\t<meta property=\"og:image:height\" content=\"624\" \/>\n\t<meta property=\"og:image:type\" content=\"image\/png\" \/>\n<meta name=\"twitter:card\" content=\"summary_large_image\" \/>\n<meta name=\"twitter:label1\" content=\"Dur\u00e9e de lecture estim\u00e9e\" \/>\n\t<meta name=\"twitter:data1\" content=\"2 minutes\" \/>\n<script type=\"application\/ld+json\" class=\"yoast-schema-graph\">{\"@context\":\"https:\/\/schema.org\",\"@graph\":[{\"@type\":[\"WebPage\",\"ItemPage\"],\"@id\":\"https:\/\/elevatesurf.ch\/product\/indiana-wing-foil-pack-118-l-hb-foil-1100p\/\",\"url\":\"https:\/\/elevatesurf.ch\/product\/indiana-wing-foil-pack-118-l-hb-foil-1100p\/\",\"name\":\"Indiana Wing Foil Pack: 118 L HB + Foil 1100P - Elevatesurf\",\"isPartOf\":{\"@id\":\"https:\/\/elevatesurf.ch\/#website\"},\"primaryImageOfPage\":{\"@id\":\"https:\/\/elevatesurf.ch\/product\/indiana-wing-foil-pack-118-l-hb-foil-1100p\/#primaryimage\"},\"image\":{\"@id\":\"https:\/\/elevatesurf.ch\/product\/indiana-wing-foil-pack-118-l-hb-foil-1100p\/#primaryimage\"},\"thumbnailUrl\":\"https:\/\/elevatesurf.ch\/wp-content\/uploads\/2024\/08\/3458AM_Indiana_Wing_Foil_Pack_118_Carbon_1100_Foil_.png\",\"datePublished\":\"2024-08-30T10:17:19+00:00\",\"dateModified\":\"2026-01-10T08:41:24+00:00\",\"description\":\"Elevatesurf Indiana Wing Foil Pack: 118 L HB + Foil 1100P\",\"breadcrumb\":{\"@id\":\"https:\/\/elevatesurf.ch\/product\/indiana-wing-foil-pack-118-l-hb-foil-1100p\/#breadcrumb\"},\"inLanguage\":\"fr-FR\",\"potentialAction\":[{\"@type\":\"ReadAction\",\"target\":[\"https:\/\/elevatesurf.ch\/product\/indiana-wing-foil-pack-118-l-hb-foil-1100p\/\"]}]},{\"@type\":\"ImageObject\",\"inLanguage\":\"fr-FR\",\"@id\":\"https:\/\/elevatesurf.ch\/product\/indiana-wing-foil-pack-118-l-hb-foil-1100p\/#primaryimage\",\"url\":\"https:\/\/elevatesurf.ch\/wp-content\/uploads\/2024\/08\/3458AM_Indiana_Wing_Foil_Pack_118_Carbon_1100_Foil_.png\",\"contentUrl\":\"https:\/\/elevatesurf.ch\/wp-content\/uploads\/2024\/08\/3458AM_Indiana_Wing_Foil_Pack_118_Carbon_1100_Foil_.png\",\"width\":595,\"height\":624},{\"@type\":\"BreadcrumbList\",\"@id\":\"https:\/\/elevatesurf.ch\/product\/indiana-wing-foil-pack-118-l-hb-foil-1100p\/#breadcrumb\",\"itemListElement\":[{\"@type\":\"ListItem\",\"position\":1,\"name\":\"Accueil\",\"item\":\"https:\/\/elevatesurf.ch\/\"},{\"@type\":\"ListItem\",\"position\":2,\"name\":\"Shop &#8211; \u00c9levez Votre Exp\u00e9rience de Surf avec Notre Collection\",\"item\":\"https:\/\/elevatesurf.ch\/shop\/\"},{\"@type\":\"ListItem\",\"position\":3,\"name\":\"Indiana Wing Foil Pack: 118 L HB + Foil 1100P\"}]},{\"@type\":\"WebSite\",\"@id\":\"https:\/\/elevatesurf.ch\/#website\",\"url\":\"https:\/\/elevatesurf.ch\/\",\"name\":\"Elevatesurf\",\"description\":\"Surfez vers de nouveaux sommets avec ElevateSurf ! Kiteshop, Wingshop\",\"publisher\":{\"@id\":\"https:\/\/elevatesurf.ch\/#organization\"},\"potentialAction\":[{\"@type\":\"SearchAction\",\"target\":{\"@type\":\"EntryPoint\",\"urlTemplate\":\"https:\/\/elevatesurf.ch\/?s={search_term_string}\"},\"query-input\":\"required name=search_term_string\"}],\"inLanguage\":\"fr-FR\"},{\"@type\":\"Organization\",\"@id\":\"https:\/\/elevatesurf.ch\/#organization\",\"name\":\"Elevatesurf\",\"url\":\"https:\/\/elevatesurf.ch\/\",\"logo\":{\"@type\":\"ImageObject\",\"inLanguage\":\"fr-FR\",\"@id\":\"https:\/\/elevatesurf.ch\/#\/schema\/logo\/image\/\",\"url\":\"https:\/\/elevatesurf.ch\/wp-content\/uploads\/2024\/06\/67c2ec70-bdf5-4c14-898a-ded5b2051398.jpg\",\"contentUrl\":\"https:\/\/elevatesurf.ch\/wp-content\/uploads\/2024\/06\/67c2ec70-bdf5-4c14-898a-ded5b2051398.jpg\",\"width\":1024,\"height\":1024,\"caption\":\"Elevatesurf\"},\"image\":{\"@id\":\"https:\/\/elevatesurf.ch\/#\/schema\/logo\/image\/\"},\"sameAs\":[\"https:\/\/www.instagram.com\/elevate__surf\/\"]}]}<\/script>\n<!-- \/ Yoast SEO plugin. -->","yoast_head_json":{"title":"Indiana Wing Foil Pack: 118 L HB + Foil 1100P - Elevatesurf","description":"Elevatesurf Indiana Wing Foil Pack: 118 L HB + Foil 1100P","robots":{"index":"index","follow":"follow","max-snippet":"max-snippet:-1","max-image-preview":"max-image-preview:large","max-video-preview":"max-video-preview:-1"},"canonical":"https:\/\/elevatesurf.ch\/fr\/product\/indiana-wing-foil-pack-118-l-hb-foil-1100p\/","og_locale":"fr_FR","og_type":"article","og_title":"Indiana Wing Foil Pack: 118 L HB + Foil 1100P - Elevatesurf","og_description":"Elevatesurf Indiana Wing Foil Pack: 118 L HB + Foil 1100P","og_url":"https:\/\/elevatesurf.ch\/fr\/product\/indiana-wing-foil-pack-118-l-hb-foil-1100p\/","og_site_name":"Elevatesurf","article_modified_time":"2026-01-10T08:41:24+00:00","og_image":[{"width":595,"height":624,"url":"https:\/\/elevatesurf.ch\/wp-content\/uploads\/2024\/08\/3458AM_Indiana_Wing_Foil_Pack_118_Carbon_1100_Foil_.png","type":"image\/png"}],"twitter_card":"summary_large_image","twitter_misc":{"Dur\u00e9e de lecture estim\u00e9e":"2 minutes"},"schema":{"@context":"https:\/\/schema.org","@graph":[{"@type":["WebPage","ItemPage"],"@id":"https:\/\/elevatesurf.ch\/product\/indiana-wing-foil-pack-118-l-hb-foil-1100p\/","url":"https:\/\/elevatesurf.ch\/product\/indiana-wing-foil-pack-118-l-hb-foil-1100p\/","name":"Indiana Wing Foil Pack: 118 L HB + Foil 1100P - Elevatesurf","isPartOf":{"@id":"https:\/\/elevatesurf.ch\/#website"},"primaryImageOfPage":{"@id":"https:\/\/elevatesurf.ch\/product\/indiana-wing-foil-pack-118-l-hb-foil-1100p\/#primaryimage"},"image":{"@id":"https:\/\/elevatesurf.ch\/product\/indiana-wing-foil-pack-118-l-hb-foil-1100p\/#primaryimage"},"thumbnailUrl":"https:\/\/elevatesurf.ch\/wp-content\/uploads\/2024\/08\/3458AM_Indiana_Wing_Foil_Pack_118_Carbon_1100_Foil_.png","datePublished":"2024-08-30T10:17:19+00:00","dateModified":"2026-01-10T08:41:24+00:00","description":"Elevatesurf Indiana Wing Foil Pack: 118 L HB + Foil 1100P","breadcrumb":{"@id":"https:\/\/elevatesurf.ch\/product\/indiana-wing-foil-pack-118-l-hb-foil-1100p\/#breadcrumb"},"inLanguage":"fr-FR","potentialAction":[{"@type":"ReadAction","target":["https:\/\/elevatesurf.ch\/product\/indiana-wing-foil-pack-118-l-hb-foil-1100p\/"]}]},{"@type":"ImageObject","inLanguage":"fr-FR","@id":"https:\/\/elevatesurf.ch\/product\/indiana-wing-foil-pack-118-l-hb-foil-1100p\/#primaryimage","url":"https:\/\/elevatesurf.ch\/wp-content\/uploads\/2024\/08\/3458AM_Indiana_Wing_Foil_Pack_118_Carbon_1100_Foil_.png","contentUrl":"https:\/\/elevatesurf.ch\/wp-content\/uploads\/2024\/08\/3458AM_Indiana_Wing_Foil_Pack_118_Carbon_1100_Foil_.png","width":595,"height":624},{"@type":"BreadcrumbList","@id":"https:\/\/elevatesurf.ch\/product\/indiana-wing-foil-pack-118-l-hb-foil-1100p\/#breadcrumb","itemListElement":[{"@type":"ListItem","position":1,"name":"Accueil","item":"https:\/\/elevatesurf.ch\/"},{"@type":"ListItem","position":2,"name":"Shop &#8211; \u00c9levez Votre Exp\u00e9rience de Surf avec Notre Collection","item":"https:\/\/elevatesurf.ch\/shop\/"},{"@type":"ListItem","position":3,"name":"Indiana Wing Foil Pack: 118 L HB + Foil 1100P"}]},{"@type":"WebSite","@id":"https:\/\/elevatesurf.ch\/#website","url":"https:\/\/elevatesurf.ch\/","name":"Elevatesurf","description":"Surfez vers de nouveaux sommets avec ElevateSurf ! Kiteshop, Wingshop","publisher":{"@id":"https:\/\/elevatesurf.ch\/#organization"},"potentialAction":[{"@type":"SearchAction","target":{"@type":"EntryPoint","urlTemplate":"https:\/\/elevatesurf.ch\/?s={search_term_string}"},"query-input":"required name=search_term_string"}],"inLanguage":"fr-FR"},{"@type":"Organization","@id":"https:\/\/elevatesurf.ch\/#organization","name":"Elevatesurf","url":"https:\/\/elevatesurf.ch\/","logo":{"@type":"ImageObject","inLanguage":"fr-FR","@id":"https:\/\/elevatesurf.ch\/#\/schema\/logo\/image\/","url":"https:\/\/elevatesurf.ch\/wp-content\/uploads\/2024\/06\/67c2ec70-bdf5-4c14-898a-ded5b2051398.jpg","contentUrl":"https:\/\/elevatesurf.ch\/wp-content\/uploads\/2024\/06\/67c2ec70-bdf5-4c14-898a-ded5b2051398.jpg","width":1024,"height":1024,"caption":"Elevatesurf"},"image":{"@id":"https:\/\/elevatesurf.ch\/#\/schema\/logo\/image\/"},"sameAs":["https:\/\/www.instagram.com\/elevate__surf\/"]}]}},"_links":{"self":[{"href":"https:\/\/elevatesurf.ch\/fr\/wp-json\/wp\/v2\/product\/20131","targetHints":{"allow":["GET"]}}],"collection":[{"href":"https:\/\/elevatesurf.ch\/fr\/wp-json\/wp\/v2\/product"}],"about":[{"href":"https:\/\/elevatesurf.ch\/fr\/wp-json\/wp\/v2\/types\/product"}],"replies":[{"embeddable":true,"href":"https:\/\/elevatesurf.ch\/fr\/wp-json\/wp\/v2\/comments?post=20131"}],"wp:featuredmedia":[{"embeddable":true,"href":"https:\/\/elevatesurf.ch\/fr\/wp-json\/wp\/v2\/media\/20130"}],"wp:attachment":[{"href":"https:\/\/elevatesurf.ch\/fr\/wp-json\/wp\/v2\/media?parent=20131"}],"wp:term":[{"taxonomy":"product_cat","embeddable":true,"href":"https:\/\/elevatesurf.ch\/fr\/wp-json\/wp\/v2\/product_cat?post=20131"},{"taxonomy":"product_tag","embeddable":true,"href":"https:\/\/elevatesurf.ch\/fr\/wp-json\/wp\/v2\/product_tag?post=20131"}],"curies":[{"name":"wp","href":"https:\/\/api.w.org\/{rel}","templated":true}]}}