{"id":20145,"date":"2024-08-30T10:17:33","date_gmt":"2024-08-30T10:17:33","guid":{"rendered":"https:\/\/elevatesurf.ch\/product\/indiana-60-wing-foil-le-doigt-carbon\/"},"modified":"2026-01-10T08:41:24","modified_gmt":"2026-01-10T08:41:24","slug":"indiana-60-wing-foil-le-doigt-carbon","status":"publish","type":"product","link":"https:\/\/elevatesurf.ch\/fr\/product\/indiana-60-wing-foil-le-doigt-carbon\/","title":{"rendered":"Indiana 6\u20190 Wing Foil &lsquo;Le Doigt\u201c Carbon"},"content":{"rendered":"<p>Das brandneue Le Doigt Wing\/Downwind Foilboard ist ein neues Konzept, das die Technologien des Downwind Paddle Foiling und Wingfoiling kombiniert.<\/p>\n<p>&nbsp;<\/p>\n<p>Steeve wollte ein Board, mit dem er nicht nur auf flachem Wasser hochpaddeln konnte, sondern auch bei leichtem Wind mit einem Wing auf den See fahren konnte.<\/p>\n<p>&nbsp;<\/p>\n<p>Das Le Doigt hat eine kompaktere Form im Vergleich zu reinen Downwind-Boards. Das macht es verspielter, da das Swingweight reduziert wird, was wiederum h\u00e4rtere Carves erm\u00f6glicht und ein ausgewogeneres Gef\u00fchl vermittelt beim Wingfoilen. Das Recessed Deck verlagert das Volumen zu den Rails und erm\u00f6glicht es dem Rider, tiefer im Board zu stehen, was mehr Stabilit\u00e4t und eine direktere Verbindung zum Foil verleiht. Da es auch ein Wingfoil-Board ist, kann es mit Straps gefahren werden, da es Inserts f\u00fcr die Standard-V-Strap-Konfiguration und auch einen Tragegriff im Unterwasserschiff hat.<\/p>\n<p>&nbsp;<\/p>\n<p>Das Le Doigt Wingfoil-Board wird mit Boardbag, Straps und Hardware geliefert.<\/p>\n","protected":false},"excerpt":{"rendered":"<p>Das brandneue Le Doigt Wing\/Downwind Foilboard ist ein neues Konzept, das die Technologien des Downwind Paddle Foiling und Wingfoiling kombiniert. &nbsp; Steeve wollte ein Board, mit dem er nicht nur auf flachem Wasser hochpaddeln konnte, sondern auch bei leichtem Wind mit einem Wing auf den See fahren konnte. &nbsp; Das Le Doigt hat eine kompaktere [&hellip;]<\/p>\n","protected":false},"featured_media":20144,"comment_status":"open","ping_status":"closed","template":"","meta":[],"product_cat":[650,594],"product_tag":[],"class_list":{"0":"post-20145","1":"product","2":"type-product","3":"status-publish","4":"has-post-thumbnail","6":"product_cat-planches-downwind","7":"product_cat-planches","8":"product_brand-indiana-suisse","10":"first","11":"instock","12":"shipping-taxable","13":"purchasable","14":"product-type-simple"},"yoast_head":"<!-- This site is optimized with the Yoast SEO plugin v22.8 - https:\/\/yoast.com\/wordpress\/plugins\/seo\/ -->\n<title>Indiana 6\u20190 Wing Foil &#039;Le Doigt\u201c Carbon - Elevatesurf<\/title>\n<meta name=\"description\" content=\"Elevatesurf Indiana 6\u20190 Wing Foil &#039;Le Doigt\u201c Carbon\" \/>\n<meta name=\"robots\" content=\"index, follow, max-snippet:-1, max-image-preview:large, max-video-preview:-1\" \/>\n<link rel=\"canonical\" href=\"https:\/\/elevatesurf.ch\/fr\/product\/indiana-60-wing-foil-le-doigt-carbon\/\" \/>\n<meta property=\"og:locale\" content=\"fr_FR\" \/>\n<meta property=\"og:type\" content=\"article\" \/>\n<meta property=\"og:title\" content=\"Indiana 6\u20190 Wing Foil &#039;Le Doigt\u201c Carbon - Elevatesurf\" \/>\n<meta property=\"og:description\" content=\"Elevatesurf Indiana 6\u20190 Wing Foil &#039;Le Doigt\u201c Carbon\" \/>\n<meta property=\"og:url\" content=\"https:\/\/elevatesurf.ch\/fr\/product\/indiana-60-wing-foil-le-doigt-carbon\/\" \/>\n<meta property=\"og:site_name\" content=\"Elevatesurf\" \/>\n<meta property=\"article:modified_time\" content=\"2026-01-10T08:41:24+00:00\" \/>\n<meta property=\"og:image\" content=\"https:\/\/elevatesurf.ch\/wp-content\/uploads\/2024\/08\/3264SQ_Indiana_LeDoigt_6_0_.png\" \/>\n\t<meta property=\"og:image:width\" content=\"1100\" \/>\n\t<meta property=\"og:image:height\" content=\"1100\" \/>\n\t<meta property=\"og:image:type\" content=\"image\/png\" \/>\n<meta name=\"twitter:card\" content=\"summary_large_image\" \/>\n<meta name=\"twitter:label1\" content=\"Dur\u00e9e de lecture estim\u00e9e\" \/>\n\t<meta name=\"twitter:data1\" content=\"1 minute\" \/>\n<script type=\"application\/ld+json\" class=\"yoast-schema-graph\">{\"@context\":\"https:\/\/schema.org\",\"@graph\":[{\"@type\":[\"WebPage\",\"ItemPage\"],\"@id\":\"https:\/\/elevatesurf.ch\/product\/indiana-60-wing-foil-le-doigt-carbon\/\",\"url\":\"https:\/\/elevatesurf.ch\/product\/indiana-60-wing-foil-le-doigt-carbon\/\",\"name\":\"Indiana 6\u20190 Wing Foil 'Le Doigt\u201c Carbon - Elevatesurf\",\"isPartOf\":{\"@id\":\"https:\/\/elevatesurf.ch\/#website\"},\"primaryImageOfPage\":{\"@id\":\"https:\/\/elevatesurf.ch\/product\/indiana-60-wing-foil-le-doigt-carbon\/#primaryimage\"},\"image\":{\"@id\":\"https:\/\/elevatesurf.ch\/product\/indiana-60-wing-foil-le-doigt-carbon\/#primaryimage\"},\"thumbnailUrl\":\"https:\/\/elevatesurf.ch\/wp-content\/uploads\/2024\/08\/3264SQ_Indiana_LeDoigt_6_0_.png\",\"datePublished\":\"2024-08-30T10:17:33+00:00\",\"dateModified\":\"2026-01-10T08:41:24+00:00\",\"description\":\"Elevatesurf Indiana 6\u20190 Wing Foil 'Le Doigt\u201c Carbon\",\"breadcrumb\":{\"@id\":\"https:\/\/elevatesurf.ch\/product\/indiana-60-wing-foil-le-doigt-carbon\/#breadcrumb\"},\"inLanguage\":\"fr-FR\",\"potentialAction\":[{\"@type\":\"ReadAction\",\"target\":[\"https:\/\/elevatesurf.ch\/product\/indiana-60-wing-foil-le-doigt-carbon\/\"]}]},{\"@type\":\"ImageObject\",\"inLanguage\":\"fr-FR\",\"@id\":\"https:\/\/elevatesurf.ch\/product\/indiana-60-wing-foil-le-doigt-carbon\/#primaryimage\",\"url\":\"https:\/\/elevatesurf.ch\/wp-content\/uploads\/2024\/08\/3264SQ_Indiana_LeDoigt_6_0_.png\",\"contentUrl\":\"https:\/\/elevatesurf.ch\/wp-content\/uploads\/2024\/08\/3264SQ_Indiana_LeDoigt_6_0_.png\",\"width\":1100,\"height\":1100},{\"@type\":\"BreadcrumbList\",\"@id\":\"https:\/\/elevatesurf.ch\/product\/indiana-60-wing-foil-le-doigt-carbon\/#breadcrumb\",\"itemListElement\":[{\"@type\":\"ListItem\",\"position\":1,\"name\":\"Accueil\",\"item\":\"https:\/\/elevatesurf.ch\/\"},{\"@type\":\"ListItem\",\"position\":2,\"name\":\"Shop &#8211; \u00c9levez Votre Exp\u00e9rience de Surf avec Notre Collection\",\"item\":\"https:\/\/elevatesurf.ch\/shop\/\"},{\"@type\":\"ListItem\",\"position\":3,\"name\":\"Indiana 6\u20190 Wing Foil &#8216;Le Doigt\u201c Carbon\"}]},{\"@type\":\"WebSite\",\"@id\":\"https:\/\/elevatesurf.ch\/#website\",\"url\":\"https:\/\/elevatesurf.ch\/\",\"name\":\"Elevatesurf\",\"description\":\"Surfez vers de nouveaux sommets avec ElevateSurf ! Kiteshop, Wingshop\",\"publisher\":{\"@id\":\"https:\/\/elevatesurf.ch\/#organization\"},\"potentialAction\":[{\"@type\":\"SearchAction\",\"target\":{\"@type\":\"EntryPoint\",\"urlTemplate\":\"https:\/\/elevatesurf.ch\/?s={search_term_string}\"},\"query-input\":\"required name=search_term_string\"}],\"inLanguage\":\"fr-FR\"},{\"@type\":\"Organization\",\"@id\":\"https:\/\/elevatesurf.ch\/#organization\",\"name\":\"Elevatesurf\",\"url\":\"https:\/\/elevatesurf.ch\/\",\"logo\":{\"@type\":\"ImageObject\",\"inLanguage\":\"fr-FR\",\"@id\":\"https:\/\/elevatesurf.ch\/#\/schema\/logo\/image\/\",\"url\":\"https:\/\/elevatesurf.ch\/wp-content\/uploads\/2024\/06\/67c2ec70-bdf5-4c14-898a-ded5b2051398.jpg\",\"contentUrl\":\"https:\/\/elevatesurf.ch\/wp-content\/uploads\/2024\/06\/67c2ec70-bdf5-4c14-898a-ded5b2051398.jpg\",\"width\":1024,\"height\":1024,\"caption\":\"Elevatesurf\"},\"image\":{\"@id\":\"https:\/\/elevatesurf.ch\/#\/schema\/logo\/image\/\"},\"sameAs\":[\"https:\/\/www.instagram.com\/elevate__surf\/\"]}]}<\/script>\n<!-- \/ Yoast SEO plugin. -->","yoast_head_json":{"title":"Indiana 6\u20190 Wing Foil 'Le Doigt\u201c Carbon - Elevatesurf","description":"Elevatesurf Indiana 6\u20190 Wing Foil 'Le Doigt\u201c Carbon","robots":{"index":"index","follow":"follow","max-snippet":"max-snippet:-1","max-image-preview":"max-image-preview:large","max-video-preview":"max-video-preview:-1"},"canonical":"https:\/\/elevatesurf.ch\/fr\/product\/indiana-60-wing-foil-le-doigt-carbon\/","og_locale":"fr_FR","og_type":"article","og_title":"Indiana 6\u20190 Wing Foil 'Le Doigt\u201c Carbon - Elevatesurf","og_description":"Elevatesurf Indiana 6\u20190 Wing Foil 'Le Doigt\u201c Carbon","og_url":"https:\/\/elevatesurf.ch\/fr\/product\/indiana-60-wing-foil-le-doigt-carbon\/","og_site_name":"Elevatesurf","article_modified_time":"2026-01-10T08:41:24+00:00","og_image":[{"width":1100,"height":1100,"url":"https:\/\/elevatesurf.ch\/wp-content\/uploads\/2024\/08\/3264SQ_Indiana_LeDoigt_6_0_.png","type":"image\/png"}],"twitter_card":"summary_large_image","twitter_misc":{"Dur\u00e9e de lecture estim\u00e9e":"1 minute"},"schema":{"@context":"https:\/\/schema.org","@graph":[{"@type":["WebPage","ItemPage"],"@id":"https:\/\/elevatesurf.ch\/product\/indiana-60-wing-foil-le-doigt-carbon\/","url":"https:\/\/elevatesurf.ch\/product\/indiana-60-wing-foil-le-doigt-carbon\/","name":"Indiana 6\u20190 Wing Foil 'Le Doigt\u201c Carbon - Elevatesurf","isPartOf":{"@id":"https:\/\/elevatesurf.ch\/#website"},"primaryImageOfPage":{"@id":"https:\/\/elevatesurf.ch\/product\/indiana-60-wing-foil-le-doigt-carbon\/#primaryimage"},"image":{"@id":"https:\/\/elevatesurf.ch\/product\/indiana-60-wing-foil-le-doigt-carbon\/#primaryimage"},"thumbnailUrl":"https:\/\/elevatesurf.ch\/wp-content\/uploads\/2024\/08\/3264SQ_Indiana_LeDoigt_6_0_.png","datePublished":"2024-08-30T10:17:33+00:00","dateModified":"2026-01-10T08:41:24+00:00","description":"Elevatesurf Indiana 6\u20190 Wing Foil 'Le Doigt\u201c Carbon","breadcrumb":{"@id":"https:\/\/elevatesurf.ch\/product\/indiana-60-wing-foil-le-doigt-carbon\/#breadcrumb"},"inLanguage":"fr-FR","potentialAction":[{"@type":"ReadAction","target":["https:\/\/elevatesurf.ch\/product\/indiana-60-wing-foil-le-doigt-carbon\/"]}]},{"@type":"ImageObject","inLanguage":"fr-FR","@id":"https:\/\/elevatesurf.ch\/product\/indiana-60-wing-foil-le-doigt-carbon\/#primaryimage","url":"https:\/\/elevatesurf.ch\/wp-content\/uploads\/2024\/08\/3264SQ_Indiana_LeDoigt_6_0_.png","contentUrl":"https:\/\/elevatesurf.ch\/wp-content\/uploads\/2024\/08\/3264SQ_Indiana_LeDoigt_6_0_.png","width":1100,"height":1100},{"@type":"BreadcrumbList","@id":"https:\/\/elevatesurf.ch\/product\/indiana-60-wing-foil-le-doigt-carbon\/#breadcrumb","itemListElement":[{"@type":"ListItem","position":1,"name":"Accueil","item":"https:\/\/elevatesurf.ch\/"},{"@type":"ListItem","position":2,"name":"Shop &#8211; \u00c9levez Votre Exp\u00e9rience de Surf avec Notre Collection","item":"https:\/\/elevatesurf.ch\/shop\/"},{"@type":"ListItem","position":3,"name":"Indiana 6\u20190 Wing Foil &#8216;Le Doigt\u201c Carbon"}]},{"@type":"WebSite","@id":"https:\/\/elevatesurf.ch\/#website","url":"https:\/\/elevatesurf.ch\/","name":"Elevatesurf","description":"Surfez vers de nouveaux sommets avec ElevateSurf ! Kiteshop, Wingshop","publisher":{"@id":"https:\/\/elevatesurf.ch\/#organization"},"potentialAction":[{"@type":"SearchAction","target":{"@type":"EntryPoint","urlTemplate":"https:\/\/elevatesurf.ch\/?s={search_term_string}"},"query-input":"required name=search_term_string"}],"inLanguage":"fr-FR"},{"@type":"Organization","@id":"https:\/\/elevatesurf.ch\/#organization","name":"Elevatesurf","url":"https:\/\/elevatesurf.ch\/","logo":{"@type":"ImageObject","inLanguage":"fr-FR","@id":"https:\/\/elevatesurf.ch\/#\/schema\/logo\/image\/","url":"https:\/\/elevatesurf.ch\/wp-content\/uploads\/2024\/06\/67c2ec70-bdf5-4c14-898a-ded5b2051398.jpg","contentUrl":"https:\/\/elevatesurf.ch\/wp-content\/uploads\/2024\/06\/67c2ec70-bdf5-4c14-898a-ded5b2051398.jpg","width":1024,"height":1024,"caption":"Elevatesurf"},"image":{"@id":"https:\/\/elevatesurf.ch\/#\/schema\/logo\/image\/"},"sameAs":["https:\/\/www.instagram.com\/elevate__surf\/"]}]}},"_links":{"self":[{"href":"https:\/\/elevatesurf.ch\/fr\/wp-json\/wp\/v2\/product\/20145","targetHints":{"allow":["GET"]}}],"collection":[{"href":"https:\/\/elevatesurf.ch\/fr\/wp-json\/wp\/v2\/product"}],"about":[{"href":"https:\/\/elevatesurf.ch\/fr\/wp-json\/wp\/v2\/types\/product"}],"replies":[{"embeddable":true,"href":"https:\/\/elevatesurf.ch\/fr\/wp-json\/wp\/v2\/comments?post=20145"}],"wp:featuredmedia":[{"embeddable":true,"href":"https:\/\/elevatesurf.ch\/fr\/wp-json\/wp\/v2\/media\/20144"}],"wp:attachment":[{"href":"https:\/\/elevatesurf.ch\/fr\/wp-json\/wp\/v2\/media?parent=20145"}],"wp:term":[{"taxonomy":"product_cat","embeddable":true,"href":"https:\/\/elevatesurf.ch\/fr\/wp-json\/wp\/v2\/product_cat?post=20145"},{"taxonomy":"product_tag","embeddable":true,"href":"https:\/\/elevatesurf.ch\/fr\/wp-json\/wp\/v2\/product_tag?post=20145"}],"curies":[{"name":"wp","href":"https:\/\/api.w.org\/{rel}","templated":true}]}}