{"id":20171,"date":"2024-08-30T10:17:57","date_gmt":"2024-08-30T10:17:57","guid":{"rendered":"https:\/\/elevatesurf.ch\/product\/indiana-126-ocean-touring-pack-premium\/"},"modified":"2026-01-10T08:41:24","modified_gmt":"2026-01-10T08:41:24","slug":"indiana-126-ocean-touring-pack-premium","status":"publish","type":"product","link":"https:\/\/elevatesurf.ch\/fr\/product\/indiana-126-ocean-touring-pack-premium\/","title":{"rendered":"Indiana 12&rsquo;6 Ocean Touring Pack Premium"},"content":{"rendered":"<p>Wer bei Wind und Wellen auf den Seen oder draussen im offenen Meer SUPen m\u00f6chte, der hat mit dem Indiana 12&rsquo;6 Ocean Touring das richtige Board unter den F\u00fcssen. Es verf\u00fcgt \u00fcber eine ausgepr\u00e4gte Scoop-Rocker-Line, die es erlaubt bei einem Downwinder ohne Nose-Catch den Wellenschub auszunutzen. Die schnelle Outline mit einer Breite von 30 inch verleiht dem Board gen\u00fcgend Stabilit\u00e4t um auch w\u00e4hrend mehrst\u00fcndigen Sessions im Gleichgewicht zu bleiben. Dank dem gewobenen Pre-Laminated Double Layer Dropstitch ist es sehr leicht und trotzdem robust und steif. Die Fiberglass Foot Bases im Standbereich sorgen f\u00fcr ein Hardboard-Feeling.<\/p>\n<p>Supercool: Split Finbox, 8.5 Hyperflow Polyamid Finne, Fiberglass Foot Bases, \u00bc inch Camera Connector, Speed Tail und Shoulder Strap<\/p>\n<p>Incl. 3-Piece 100%-Carbon Paddle, Wheelie Bag, HP8 Double Action Pump, Repair Kit<\/p>\n","protected":false},"excerpt":{"rendered":"<p>Wer bei Wind und Wellen auf den Seen oder draussen im offenen Meer SUPen m\u00f6chte, der hat mit dem Indiana 12&rsquo;6 Ocean Touring das richtige Board unter den F\u00fcssen. Es verf\u00fcgt \u00fcber eine ausgepr\u00e4gte Scoop-Rocker-Line, die es erlaubt bei einem Downwinder ohne Nose-Catch den Wellenschub auszunutzen. Die schnelle Outline mit einer Breite von 30 inch [&hellip;]<\/p>\n","protected":false},"featured_media":20170,"comment_status":"open","ping_status":"closed","template":"","meta":[],"product_cat":[979],"product_tag":[],"class_list":{"0":"post-20171","1":"product","2":"type-product","3":"status-publish","4":"has-post-thumbnail","6":"product_cat-sup-paddle","7":"product_brand-indiana-suisse","9":"first","10":"instock","11":"shipping-taxable","12":"purchasable","13":"product-type-simple"},"yoast_head":"<!-- This site is optimized with the Yoast SEO plugin v22.8 - https:\/\/yoast.com\/wordpress\/plugins\/seo\/ -->\n<title>Indiana 12&#039;6 Ocean Touring Pack Premium - Elevatesurf<\/title>\n<meta name=\"description\" content=\"Elevatesurf Indiana 12&#039;6 Ocean Touring Pack Premium\" \/>\n<meta name=\"robots\" content=\"index, follow, max-snippet:-1, max-image-preview:large, max-video-preview:-1\" \/>\n<link rel=\"canonical\" href=\"https:\/\/elevatesurf.ch\/fr\/product\/indiana-126-ocean-touring-pack-premium\/\" \/>\n<meta property=\"og:locale\" content=\"fr_FR\" \/>\n<meta property=\"og:type\" content=\"article\" \/>\n<meta property=\"og:title\" content=\"Indiana 12&#039;6 Ocean Touring Pack Premium - Elevatesurf\" \/>\n<meta property=\"og:description\" content=\"Elevatesurf Indiana 12&#039;6 Ocean Touring Pack Premium\" \/>\n<meta property=\"og:url\" content=\"https:\/\/elevatesurf.ch\/fr\/product\/indiana-126-ocean-touring-pack-premium\/\" \/>\n<meta property=\"og:site_name\" content=\"Elevatesurf\" \/>\n<meta property=\"article:modified_time\" content=\"2026-01-10T08:41:24+00:00\" \/>\n<meta property=\"og:image\" content=\"https:\/\/elevatesurf.ch\/wp-content\/uploads\/2024\/08\/1009aq_indiana_12_6_ocean_inflatable_premium_1.png\" \/>\n\t<meta property=\"og:image:width\" content=\"1300\" \/>\n\t<meta property=\"og:image:height\" content=\"1300\" \/>\n\t<meta property=\"og:image:type\" content=\"image\/png\" \/>\n<meta name=\"twitter:card\" content=\"summary_large_image\" \/>\n<meta name=\"twitter:label1\" content=\"Dur\u00e9e de lecture estim\u00e9e\" \/>\n\t<meta name=\"twitter:data1\" content=\"1 minute\" \/>\n<script type=\"application\/ld+json\" class=\"yoast-schema-graph\">{\"@context\":\"https:\/\/schema.org\",\"@graph\":[{\"@type\":[\"WebPage\",\"ItemPage\"],\"@id\":\"https:\/\/elevatesurf.ch\/product\/indiana-126-ocean-touring-pack-premium\/\",\"url\":\"https:\/\/elevatesurf.ch\/product\/indiana-126-ocean-touring-pack-premium\/\",\"name\":\"Indiana 12'6 Ocean Touring Pack Premium - Elevatesurf\",\"isPartOf\":{\"@id\":\"https:\/\/elevatesurf.ch\/#website\"},\"primaryImageOfPage\":{\"@id\":\"https:\/\/elevatesurf.ch\/product\/indiana-126-ocean-touring-pack-premium\/#primaryimage\"},\"image\":{\"@id\":\"https:\/\/elevatesurf.ch\/product\/indiana-126-ocean-touring-pack-premium\/#primaryimage\"},\"thumbnailUrl\":\"https:\/\/elevatesurf.ch\/wp-content\/uploads\/2024\/08\/1009aq_indiana_12_6_ocean_inflatable_premium_1.png\",\"datePublished\":\"2024-08-30T10:17:57+00:00\",\"dateModified\":\"2026-01-10T08:41:24+00:00\",\"description\":\"Elevatesurf Indiana 12'6 Ocean Touring Pack Premium\",\"breadcrumb\":{\"@id\":\"https:\/\/elevatesurf.ch\/product\/indiana-126-ocean-touring-pack-premium\/#breadcrumb\"},\"inLanguage\":\"fr-FR\",\"potentialAction\":[{\"@type\":\"ReadAction\",\"target\":[\"https:\/\/elevatesurf.ch\/product\/indiana-126-ocean-touring-pack-premium\/\"]}]},{\"@type\":\"ImageObject\",\"inLanguage\":\"fr-FR\",\"@id\":\"https:\/\/elevatesurf.ch\/product\/indiana-126-ocean-touring-pack-premium\/#primaryimage\",\"url\":\"https:\/\/elevatesurf.ch\/wp-content\/uploads\/2024\/08\/1009aq_indiana_12_6_ocean_inflatable_premium_1.png\",\"contentUrl\":\"https:\/\/elevatesurf.ch\/wp-content\/uploads\/2024\/08\/1009aq_indiana_12_6_ocean_inflatable_premium_1.png\",\"width\":1300,\"height\":1300},{\"@type\":\"BreadcrumbList\",\"@id\":\"https:\/\/elevatesurf.ch\/product\/indiana-126-ocean-touring-pack-premium\/#breadcrumb\",\"itemListElement\":[{\"@type\":\"ListItem\",\"position\":1,\"name\":\"Accueil\",\"item\":\"https:\/\/elevatesurf.ch\/\"},{\"@type\":\"ListItem\",\"position\":2,\"name\":\"Shop &#8211; \u00c9levez Votre Exp\u00e9rience de Surf avec Notre Collection\",\"item\":\"https:\/\/elevatesurf.ch\/shop\/\"},{\"@type\":\"ListItem\",\"position\":3,\"name\":\"Indiana 12&#8217;6 Ocean Touring Pack Premium\"}]},{\"@type\":\"WebSite\",\"@id\":\"https:\/\/elevatesurf.ch\/#website\",\"url\":\"https:\/\/elevatesurf.ch\/\",\"name\":\"Elevatesurf\",\"description\":\"Surfez vers de nouveaux sommets avec ElevateSurf ! Kiteshop, Wingshop\",\"publisher\":{\"@id\":\"https:\/\/elevatesurf.ch\/#organization\"},\"potentialAction\":[{\"@type\":\"SearchAction\",\"target\":{\"@type\":\"EntryPoint\",\"urlTemplate\":\"https:\/\/elevatesurf.ch\/?s={search_term_string}\"},\"query-input\":\"required name=search_term_string\"}],\"inLanguage\":\"fr-FR\"},{\"@type\":\"Organization\",\"@id\":\"https:\/\/elevatesurf.ch\/#organization\",\"name\":\"Elevatesurf\",\"url\":\"https:\/\/elevatesurf.ch\/\",\"logo\":{\"@type\":\"ImageObject\",\"inLanguage\":\"fr-FR\",\"@id\":\"https:\/\/elevatesurf.ch\/#\/schema\/logo\/image\/\",\"url\":\"https:\/\/elevatesurf.ch\/wp-content\/uploads\/2024\/06\/67c2ec70-bdf5-4c14-898a-ded5b2051398.jpg\",\"contentUrl\":\"https:\/\/elevatesurf.ch\/wp-content\/uploads\/2024\/06\/67c2ec70-bdf5-4c14-898a-ded5b2051398.jpg\",\"width\":1024,\"height\":1024,\"caption\":\"Elevatesurf\"},\"image\":{\"@id\":\"https:\/\/elevatesurf.ch\/#\/schema\/logo\/image\/\"},\"sameAs\":[\"https:\/\/www.instagram.com\/elevate__surf\/\"]}]}<\/script>\n<!-- \/ Yoast SEO plugin. -->","yoast_head_json":{"title":"Indiana 12'6 Ocean Touring Pack Premium - Elevatesurf","description":"Elevatesurf Indiana 12'6 Ocean Touring Pack Premium","robots":{"index":"index","follow":"follow","max-snippet":"max-snippet:-1","max-image-preview":"max-image-preview:large","max-video-preview":"max-video-preview:-1"},"canonical":"https:\/\/elevatesurf.ch\/fr\/product\/indiana-126-ocean-touring-pack-premium\/","og_locale":"fr_FR","og_type":"article","og_title":"Indiana 12'6 Ocean Touring Pack Premium - Elevatesurf","og_description":"Elevatesurf Indiana 12'6 Ocean Touring Pack Premium","og_url":"https:\/\/elevatesurf.ch\/fr\/product\/indiana-126-ocean-touring-pack-premium\/","og_site_name":"Elevatesurf","article_modified_time":"2026-01-10T08:41:24+00:00","og_image":[{"width":1300,"height":1300,"url":"https:\/\/elevatesurf.ch\/wp-content\/uploads\/2024\/08\/1009aq_indiana_12_6_ocean_inflatable_premium_1.png","type":"image\/png"}],"twitter_card":"summary_large_image","twitter_misc":{"Dur\u00e9e de lecture estim\u00e9e":"1 minute"},"schema":{"@context":"https:\/\/schema.org","@graph":[{"@type":["WebPage","ItemPage"],"@id":"https:\/\/elevatesurf.ch\/product\/indiana-126-ocean-touring-pack-premium\/","url":"https:\/\/elevatesurf.ch\/product\/indiana-126-ocean-touring-pack-premium\/","name":"Indiana 12'6 Ocean Touring Pack Premium - Elevatesurf","isPartOf":{"@id":"https:\/\/elevatesurf.ch\/#website"},"primaryImageOfPage":{"@id":"https:\/\/elevatesurf.ch\/product\/indiana-126-ocean-touring-pack-premium\/#primaryimage"},"image":{"@id":"https:\/\/elevatesurf.ch\/product\/indiana-126-ocean-touring-pack-premium\/#primaryimage"},"thumbnailUrl":"https:\/\/elevatesurf.ch\/wp-content\/uploads\/2024\/08\/1009aq_indiana_12_6_ocean_inflatable_premium_1.png","datePublished":"2024-08-30T10:17:57+00:00","dateModified":"2026-01-10T08:41:24+00:00","description":"Elevatesurf Indiana 12'6 Ocean Touring Pack Premium","breadcrumb":{"@id":"https:\/\/elevatesurf.ch\/product\/indiana-126-ocean-touring-pack-premium\/#breadcrumb"},"inLanguage":"fr-FR","potentialAction":[{"@type":"ReadAction","target":["https:\/\/elevatesurf.ch\/product\/indiana-126-ocean-touring-pack-premium\/"]}]},{"@type":"ImageObject","inLanguage":"fr-FR","@id":"https:\/\/elevatesurf.ch\/product\/indiana-126-ocean-touring-pack-premium\/#primaryimage","url":"https:\/\/elevatesurf.ch\/wp-content\/uploads\/2024\/08\/1009aq_indiana_12_6_ocean_inflatable_premium_1.png","contentUrl":"https:\/\/elevatesurf.ch\/wp-content\/uploads\/2024\/08\/1009aq_indiana_12_6_ocean_inflatable_premium_1.png","width":1300,"height":1300},{"@type":"BreadcrumbList","@id":"https:\/\/elevatesurf.ch\/product\/indiana-126-ocean-touring-pack-premium\/#breadcrumb","itemListElement":[{"@type":"ListItem","position":1,"name":"Accueil","item":"https:\/\/elevatesurf.ch\/"},{"@type":"ListItem","position":2,"name":"Shop &#8211; \u00c9levez Votre Exp\u00e9rience de Surf avec Notre Collection","item":"https:\/\/elevatesurf.ch\/shop\/"},{"@type":"ListItem","position":3,"name":"Indiana 12&#8217;6 Ocean Touring Pack Premium"}]},{"@type":"WebSite","@id":"https:\/\/elevatesurf.ch\/#website","url":"https:\/\/elevatesurf.ch\/","name":"Elevatesurf","description":"Surfez vers de nouveaux sommets avec ElevateSurf ! Kiteshop, Wingshop","publisher":{"@id":"https:\/\/elevatesurf.ch\/#organization"},"potentialAction":[{"@type":"SearchAction","target":{"@type":"EntryPoint","urlTemplate":"https:\/\/elevatesurf.ch\/?s={search_term_string}"},"query-input":"required name=search_term_string"}],"inLanguage":"fr-FR"},{"@type":"Organization","@id":"https:\/\/elevatesurf.ch\/#organization","name":"Elevatesurf","url":"https:\/\/elevatesurf.ch\/","logo":{"@type":"ImageObject","inLanguage":"fr-FR","@id":"https:\/\/elevatesurf.ch\/#\/schema\/logo\/image\/","url":"https:\/\/elevatesurf.ch\/wp-content\/uploads\/2024\/06\/67c2ec70-bdf5-4c14-898a-ded5b2051398.jpg","contentUrl":"https:\/\/elevatesurf.ch\/wp-content\/uploads\/2024\/06\/67c2ec70-bdf5-4c14-898a-ded5b2051398.jpg","width":1024,"height":1024,"caption":"Elevatesurf"},"image":{"@id":"https:\/\/elevatesurf.ch\/#\/schema\/logo\/image\/"},"sameAs":["https:\/\/www.instagram.com\/elevate__surf\/"]}]}},"_links":{"self":[{"href":"https:\/\/elevatesurf.ch\/fr\/wp-json\/wp\/v2\/product\/20171","targetHints":{"allow":["GET"]}}],"collection":[{"href":"https:\/\/elevatesurf.ch\/fr\/wp-json\/wp\/v2\/product"}],"about":[{"href":"https:\/\/elevatesurf.ch\/fr\/wp-json\/wp\/v2\/types\/product"}],"replies":[{"embeddable":true,"href":"https:\/\/elevatesurf.ch\/fr\/wp-json\/wp\/v2\/comments?post=20171"}],"wp:featuredmedia":[{"embeddable":true,"href":"https:\/\/elevatesurf.ch\/fr\/wp-json\/wp\/v2\/media\/20170"}],"wp:attachment":[{"href":"https:\/\/elevatesurf.ch\/fr\/wp-json\/wp\/v2\/media?parent=20171"}],"wp:term":[{"taxonomy":"product_cat","embeddable":true,"href":"https:\/\/elevatesurf.ch\/fr\/wp-json\/wp\/v2\/product_cat?post=20171"},{"taxonomy":"product_tag","embeddable":true,"href":"https:\/\/elevatesurf.ch\/fr\/wp-json\/wp\/v2\/product_tag?post=20171"}],"curies":[{"name":"wp","href":"https:\/\/api.w.org\/{rel}","templated":true}]}}