{"id":20230,"date":"2024-08-30T10:19:09","date_gmt":"2024-08-30T10:19:09","guid":{"rendered":"https:\/\/elevatesurf.ch\/product\/indiana-foil-hp-front-wing-condor-xl\/"},"modified":"2026-01-10T08:41:25","modified_gmt":"2026-01-10T08:41:25","slug":"indiana-foil-hp-front-wing-condor-xl","status":"publish","type":"product","link":"https:\/\/elevatesurf.ch\/fr\/product\/indiana-foil-hp-front-wing-condor-xl\/","title":{"rendered":"Indiana Foil HP Front Wing Condor XL"},"content":{"rendered":"<p>DER WELTREKORD FRONT WING!<br \/>\nDer Condor XL ist unser neuester und gr\u00f6\u00dfter Pumpfoil-Frontwing. Dieser Frontwing wurde in Zusammenarbeit mit J\u00e9r\u00f4me Baudoux, dem ersten Mann, der \u00fcber 3 Stunden ununterbrochen pumpte, entwickelt und ist der n\u00e4chste Schritt in der Entwicklung des Long Distance Pumping.<br \/>\nDer Condor XL hat eine Aspekt Ratio von 12,6 und eine Spannweite von 1696 mm. Dies verleiht ihm ein unschlagbares Gleitverh\u00e4ltnis und erm\u00f6glicht noch l\u00e4ngere Pumpzeiten als je zuvor. Unser Ambassador Nicolas Iten stellte mit dem Condor XL den Pumpfoil Weltrecord von 4.02 Stunden auf. &nbsp;<br \/>\nDurch den perfekt berechneten Profilverlauf&nbsp; ist der Condor XL nicht nur hyper-effizient, sondern dreht f\u00fcr seine Spannweite erstaunlich eng.<br \/>\nNotiz: Die neue Heavy Duty 610 V2 und 715 Alu Fuselagen wurde speziell f\u00fcr die grossen Spannweiten der XL-Pumpfoils entwickelt. Sie k\u00f6nnen den h\u00f6heren Torsions- und Vertikalkr\u00e4ften der Pumpfoils besser standhalten und sind sp\u00fcrbar direkter zu fahren und auch langlebiger.<br \/>\nHinweis:&nbsp; Der Condor XL sollte nur mit Alu-Masten verwendet werden. Auf Carbon Masten wird keine Garantie gew\u00e4hrt.&nbsp;<\/p>\n","protected":false},"excerpt":{"rendered":"<p>DER WELTREKORD FRONT WING! Der Condor XL ist unser neuester und gr\u00f6\u00dfter Pumpfoil-Frontwing. Dieser Frontwing wurde in Zusammenarbeit mit J\u00e9r\u00f4me Baudoux, dem ersten Mann, der \u00fcber 3 Stunden ununterbrochen pumpte, entwickelt und ist der n\u00e4chste Schritt in der Entwicklung des Long Distance Pumping. Der Condor XL hat eine Aspekt Ratio von 12,6 und eine Spannweite [&hellip;]<\/p>\n","protected":false},"featured_media":20229,"comment_status":"open","ping_status":"closed","template":"","meta":[],"product_cat":[616,999,998],"product_tag":[],"class_list":{"0":"post-20230","1":"product","2":"type-product","3":"status-publish","4":"has-post-thumbnail","6":"product_cat-foils-wingfoil","7":"product_cat-front-wings","8":"product_cat-high-performance","9":"product_brand-indiana-suisse","11":"first","12":"instock","13":"shipping-taxable","14":"purchasable","15":"product-type-simple"},"yoast_head":"<!-- This site is optimized with the Yoast SEO plugin v22.8 - https:\/\/yoast.com\/wordpress\/plugins\/seo\/ -->\n<title>Indiana Foil HP Front Wing Condor XL - Elevatesurf<\/title>\n<meta name=\"description\" content=\"Elevatesurf Indiana Foil HP Front Wing Condor XL\" \/>\n<meta name=\"robots\" content=\"index, follow, max-snippet:-1, max-image-preview:large, max-video-preview:-1\" \/>\n<link rel=\"canonical\" href=\"https:\/\/elevatesurf.ch\/fr\/product\/indiana-foil-hp-front-wing-condor-xl\/\" \/>\n<meta property=\"og:locale\" content=\"fr_FR\" \/>\n<meta property=\"og:type\" content=\"article\" \/>\n<meta property=\"og:title\" content=\"Indiana Foil HP Front Wing Condor XL - Elevatesurf\" \/>\n<meta property=\"og:description\" content=\"Elevatesurf Indiana Foil HP Front Wing Condor XL\" \/>\n<meta property=\"og:url\" content=\"https:\/\/elevatesurf.ch\/fr\/product\/indiana-foil-hp-front-wing-condor-xl\/\" \/>\n<meta property=\"og:site_name\" content=\"Elevatesurf\" \/>\n<meta property=\"article:modified_time\" content=\"2026-01-10T08:41:25+00:00\" \/>\n<meta property=\"og:image\" content=\"https:\/\/elevatesurf.ch\/wp-content\/uploads\/2024\/08\/3519sq_condor_xl-1696-sml.png\" \/>\n\t<meta property=\"og:image:width\" content=\"1599\" \/>\n\t<meta property=\"og:image:height\" content=\"1200\" \/>\n\t<meta property=\"og:image:type\" content=\"image\/png\" \/>\n<meta name=\"twitter:card\" content=\"summary_large_image\" \/>\n<meta name=\"twitter:label1\" content=\"Dur\u00e9e de lecture estim\u00e9e\" \/>\n\t<meta name=\"twitter:data1\" content=\"1 minute\" \/>\n<script type=\"application\/ld+json\" class=\"yoast-schema-graph\">{\"@context\":\"https:\/\/schema.org\",\"@graph\":[{\"@type\":[\"WebPage\",\"ItemPage\"],\"@id\":\"https:\/\/elevatesurf.ch\/product\/indiana-foil-hp-front-wing-condor-xl\/\",\"url\":\"https:\/\/elevatesurf.ch\/product\/indiana-foil-hp-front-wing-condor-xl\/\",\"name\":\"Indiana Foil HP Front Wing Condor XL - Elevatesurf\",\"isPartOf\":{\"@id\":\"https:\/\/elevatesurf.ch\/#website\"},\"primaryImageOfPage\":{\"@id\":\"https:\/\/elevatesurf.ch\/product\/indiana-foil-hp-front-wing-condor-xl\/#primaryimage\"},\"image\":{\"@id\":\"https:\/\/elevatesurf.ch\/product\/indiana-foil-hp-front-wing-condor-xl\/#primaryimage\"},\"thumbnailUrl\":\"https:\/\/elevatesurf.ch\/wp-content\/uploads\/2024\/08\/3519sq_condor_xl-1696-sml.png\",\"datePublished\":\"2024-08-30T10:19:09+00:00\",\"dateModified\":\"2026-01-10T08:41:25+00:00\",\"description\":\"Elevatesurf Indiana Foil HP Front Wing Condor XL\",\"breadcrumb\":{\"@id\":\"https:\/\/elevatesurf.ch\/product\/indiana-foil-hp-front-wing-condor-xl\/#breadcrumb\"},\"inLanguage\":\"fr-FR\",\"potentialAction\":[{\"@type\":\"ReadAction\",\"target\":[\"https:\/\/elevatesurf.ch\/product\/indiana-foil-hp-front-wing-condor-xl\/\"]}]},{\"@type\":\"ImageObject\",\"inLanguage\":\"fr-FR\",\"@id\":\"https:\/\/elevatesurf.ch\/product\/indiana-foil-hp-front-wing-condor-xl\/#primaryimage\",\"url\":\"https:\/\/elevatesurf.ch\/wp-content\/uploads\/2024\/08\/3519sq_condor_xl-1696-sml.png\",\"contentUrl\":\"https:\/\/elevatesurf.ch\/wp-content\/uploads\/2024\/08\/3519sq_condor_xl-1696-sml.png\",\"width\":1599,\"height\":1200},{\"@type\":\"BreadcrumbList\",\"@id\":\"https:\/\/elevatesurf.ch\/product\/indiana-foil-hp-front-wing-condor-xl\/#breadcrumb\",\"itemListElement\":[{\"@type\":\"ListItem\",\"position\":1,\"name\":\"Accueil\",\"item\":\"https:\/\/elevatesurf.ch\/\"},{\"@type\":\"ListItem\",\"position\":2,\"name\":\"Shop &#8211; \u00c9levez Votre Exp\u00e9rience de Surf avec Notre Collection\",\"item\":\"https:\/\/elevatesurf.ch\/shop\/\"},{\"@type\":\"ListItem\",\"position\":3,\"name\":\"Indiana Foil HP Front Wing Condor XL\"}]},{\"@type\":\"WebSite\",\"@id\":\"https:\/\/elevatesurf.ch\/#website\",\"url\":\"https:\/\/elevatesurf.ch\/\",\"name\":\"Elevatesurf\",\"description\":\"Surfez vers de nouveaux sommets avec ElevateSurf ! Kiteshop, Wingshop\",\"publisher\":{\"@id\":\"https:\/\/elevatesurf.ch\/#organization\"},\"potentialAction\":[{\"@type\":\"SearchAction\",\"target\":{\"@type\":\"EntryPoint\",\"urlTemplate\":\"https:\/\/elevatesurf.ch\/?s={search_term_string}\"},\"query-input\":\"required name=search_term_string\"}],\"inLanguage\":\"fr-FR\"},{\"@type\":\"Organization\",\"@id\":\"https:\/\/elevatesurf.ch\/#organization\",\"name\":\"Elevatesurf\",\"url\":\"https:\/\/elevatesurf.ch\/\",\"logo\":{\"@type\":\"ImageObject\",\"inLanguage\":\"fr-FR\",\"@id\":\"https:\/\/elevatesurf.ch\/#\/schema\/logo\/image\/\",\"url\":\"https:\/\/elevatesurf.ch\/wp-content\/uploads\/2024\/06\/67c2ec70-bdf5-4c14-898a-ded5b2051398.jpg\",\"contentUrl\":\"https:\/\/elevatesurf.ch\/wp-content\/uploads\/2024\/06\/67c2ec70-bdf5-4c14-898a-ded5b2051398.jpg\",\"width\":1024,\"height\":1024,\"caption\":\"Elevatesurf\"},\"image\":{\"@id\":\"https:\/\/elevatesurf.ch\/#\/schema\/logo\/image\/\"},\"sameAs\":[\"https:\/\/www.instagram.com\/elevate__surf\/\"]}]}<\/script>\n<!-- \/ Yoast SEO plugin. -->","yoast_head_json":{"title":"Indiana Foil HP Front Wing Condor XL - Elevatesurf","description":"Elevatesurf Indiana Foil HP Front Wing Condor XL","robots":{"index":"index","follow":"follow","max-snippet":"max-snippet:-1","max-image-preview":"max-image-preview:large","max-video-preview":"max-video-preview:-1"},"canonical":"https:\/\/elevatesurf.ch\/fr\/product\/indiana-foil-hp-front-wing-condor-xl\/","og_locale":"fr_FR","og_type":"article","og_title":"Indiana Foil HP Front Wing Condor XL - Elevatesurf","og_description":"Elevatesurf Indiana Foil HP Front Wing Condor XL","og_url":"https:\/\/elevatesurf.ch\/fr\/product\/indiana-foil-hp-front-wing-condor-xl\/","og_site_name":"Elevatesurf","article_modified_time":"2026-01-10T08:41:25+00:00","og_image":[{"width":1599,"height":1200,"url":"https:\/\/elevatesurf.ch\/wp-content\/uploads\/2024\/08\/3519sq_condor_xl-1696-sml.png","type":"image\/png"}],"twitter_card":"summary_large_image","twitter_misc":{"Dur\u00e9e de lecture estim\u00e9e":"1 minute"},"schema":{"@context":"https:\/\/schema.org","@graph":[{"@type":["WebPage","ItemPage"],"@id":"https:\/\/elevatesurf.ch\/product\/indiana-foil-hp-front-wing-condor-xl\/","url":"https:\/\/elevatesurf.ch\/product\/indiana-foil-hp-front-wing-condor-xl\/","name":"Indiana Foil HP Front Wing Condor XL - Elevatesurf","isPartOf":{"@id":"https:\/\/elevatesurf.ch\/#website"},"primaryImageOfPage":{"@id":"https:\/\/elevatesurf.ch\/product\/indiana-foil-hp-front-wing-condor-xl\/#primaryimage"},"image":{"@id":"https:\/\/elevatesurf.ch\/product\/indiana-foil-hp-front-wing-condor-xl\/#primaryimage"},"thumbnailUrl":"https:\/\/elevatesurf.ch\/wp-content\/uploads\/2024\/08\/3519sq_condor_xl-1696-sml.png","datePublished":"2024-08-30T10:19:09+00:00","dateModified":"2026-01-10T08:41:25+00:00","description":"Elevatesurf Indiana Foil HP Front Wing Condor XL","breadcrumb":{"@id":"https:\/\/elevatesurf.ch\/product\/indiana-foil-hp-front-wing-condor-xl\/#breadcrumb"},"inLanguage":"fr-FR","potentialAction":[{"@type":"ReadAction","target":["https:\/\/elevatesurf.ch\/product\/indiana-foil-hp-front-wing-condor-xl\/"]}]},{"@type":"ImageObject","inLanguage":"fr-FR","@id":"https:\/\/elevatesurf.ch\/product\/indiana-foil-hp-front-wing-condor-xl\/#primaryimage","url":"https:\/\/elevatesurf.ch\/wp-content\/uploads\/2024\/08\/3519sq_condor_xl-1696-sml.png","contentUrl":"https:\/\/elevatesurf.ch\/wp-content\/uploads\/2024\/08\/3519sq_condor_xl-1696-sml.png","width":1599,"height":1200},{"@type":"BreadcrumbList","@id":"https:\/\/elevatesurf.ch\/product\/indiana-foil-hp-front-wing-condor-xl\/#breadcrumb","itemListElement":[{"@type":"ListItem","position":1,"name":"Accueil","item":"https:\/\/elevatesurf.ch\/"},{"@type":"ListItem","position":2,"name":"Shop &#8211; \u00c9levez Votre Exp\u00e9rience de Surf avec Notre Collection","item":"https:\/\/elevatesurf.ch\/shop\/"},{"@type":"ListItem","position":3,"name":"Indiana Foil HP Front Wing Condor XL"}]},{"@type":"WebSite","@id":"https:\/\/elevatesurf.ch\/#website","url":"https:\/\/elevatesurf.ch\/","name":"Elevatesurf","description":"Surfez vers de nouveaux sommets avec ElevateSurf ! Kiteshop, Wingshop","publisher":{"@id":"https:\/\/elevatesurf.ch\/#organization"},"potentialAction":[{"@type":"SearchAction","target":{"@type":"EntryPoint","urlTemplate":"https:\/\/elevatesurf.ch\/?s={search_term_string}"},"query-input":"required name=search_term_string"}],"inLanguage":"fr-FR"},{"@type":"Organization","@id":"https:\/\/elevatesurf.ch\/#organization","name":"Elevatesurf","url":"https:\/\/elevatesurf.ch\/","logo":{"@type":"ImageObject","inLanguage":"fr-FR","@id":"https:\/\/elevatesurf.ch\/#\/schema\/logo\/image\/","url":"https:\/\/elevatesurf.ch\/wp-content\/uploads\/2024\/06\/67c2ec70-bdf5-4c14-898a-ded5b2051398.jpg","contentUrl":"https:\/\/elevatesurf.ch\/wp-content\/uploads\/2024\/06\/67c2ec70-bdf5-4c14-898a-ded5b2051398.jpg","width":1024,"height":1024,"caption":"Elevatesurf"},"image":{"@id":"https:\/\/elevatesurf.ch\/#\/schema\/logo\/image\/"},"sameAs":["https:\/\/www.instagram.com\/elevate__surf\/"]}]}},"_links":{"self":[{"href":"https:\/\/elevatesurf.ch\/fr\/wp-json\/wp\/v2\/product\/20230","targetHints":{"allow":["GET"]}}],"collection":[{"href":"https:\/\/elevatesurf.ch\/fr\/wp-json\/wp\/v2\/product"}],"about":[{"href":"https:\/\/elevatesurf.ch\/fr\/wp-json\/wp\/v2\/types\/product"}],"replies":[{"embeddable":true,"href":"https:\/\/elevatesurf.ch\/fr\/wp-json\/wp\/v2\/comments?post=20230"}],"wp:featuredmedia":[{"embeddable":true,"href":"https:\/\/elevatesurf.ch\/fr\/wp-json\/wp\/v2\/media\/20229"}],"wp:attachment":[{"href":"https:\/\/elevatesurf.ch\/fr\/wp-json\/wp\/v2\/media?parent=20230"}],"wp:term":[{"taxonomy":"product_cat","embeddable":true,"href":"https:\/\/elevatesurf.ch\/fr\/wp-json\/wp\/v2\/product_cat?post=20230"},{"taxonomy":"product_tag","embeddable":true,"href":"https:\/\/elevatesurf.ch\/fr\/wp-json\/wp\/v2\/product_tag?post=20230"}],"curies":[{"name":"wp","href":"https:\/\/api.w.org\/{rel}","templated":true}]}}