{"id":20252,"date":"2024-08-30T10:19:28","date_gmt":"2024-08-30T10:19:28","guid":{"rendered":"https:\/\/elevatesurf.ch\/product\/indiana-foil-hp-front-wing-marlin-xs\/"},"modified":"2026-01-10T08:41:25","modified_gmt":"2026-01-10T08:41:25","slug":"indiana-foil-hp-front-wing-marlin-xs","status":"publish","type":"product","link":"https:\/\/elevatesurf.ch\/fr\/product\/indiana-foil-hp-front-wing-marlin-xs\/","title":{"rendered":"Indiana Foil HP Front Wing Marlin XS"},"content":{"rendered":"<p>Der Marlin Front Wing XS  wurde entwickelt f\u00fcr Riderm, die ein Foil suchen, dass fast alle Bereiche abdeckt. Mit der Streckung (Aspekt Ratio) von 7,5 bietet der Marlin Front Wing ausgezeichnete Top End Geschwindigkeit und Kontrolle, was das Abreiten von Wellen und das Ausf\u00fchren von Freestyle Tricks zum leichten Spiel macht.<br \/>\nDer Marlin ist perfekt f\u00fcr den Fahrer, der ein High Performance Mid-Aspekt-Foil sucht, dass keine Grenzen zu haben scheint. Der Marlin ist schnell und agil und daher der ideale Fl\u00fcgel, um in den Wellen Gas zu geben und auch die anspruchsvollsten Freestyle-Tricks auszuf\u00fchren.<br \/>\nDas neue Monocloc-Verbindungssystem ist Str\u00f6mungsoptimiert und durch das High-Modulua Carbon extrem steif. Dadurch erh\u00e4lt das Foil ein sehr direktes Gef\u00fchl, und gibt dem Rider sehr viel Vertrauen in Man\u00f6vers und bei Geschwindigkeit.<\/p>\n","protected":false},"excerpt":{"rendered":"<p>Der Marlin Front Wing XS wurde entwickelt f\u00fcr Riderm, die ein Foil suchen, dass fast alle Bereiche abdeckt. Mit der Streckung (Aspekt Ratio) von 7,5 bietet der Marlin Front Wing ausgezeichnete Top End Geschwindigkeit und Kontrolle, was das Abreiten von Wellen und das Ausf\u00fchren von Freestyle Tricks zum leichten Spiel macht. Der Marlin ist perfekt [&hellip;]<\/p>\n","protected":false},"featured_media":20251,"comment_status":"open","ping_status":"closed","template":"","meta":[],"product_cat":[1018,138],"product_tag":[],"class_list":{"0":"post-20252","1":"product","2":"type-product","3":"status-publish","4":"has-post-thumbnail","6":"product_cat-aile-avant","7":"product_cat-wingfoil-suisse-acheter","8":"product_brand-indiana-suisse","10":"first","11":"onbackorder","12":"shipping-taxable","13":"purchasable","14":"product-type-simple"},"yoast_head":"<!-- This site is optimized with the Yoast SEO plugin v22.8 - https:\/\/yoast.com\/wordpress\/plugins\/seo\/ -->\n<title>Indiana Foil HP Front Wing Marlin XS - Elevatesurf<\/title>\n<meta name=\"description\" content=\"Elevatesurf Indiana Foil HP Front Wing Marlin XS\" \/>\n<meta name=\"robots\" content=\"index, follow, max-snippet:-1, max-image-preview:large, max-video-preview:-1\" \/>\n<link rel=\"canonical\" href=\"https:\/\/elevatesurf.ch\/fr\/product\/indiana-foil-hp-front-wing-marlin-xs\/\" \/>\n<meta property=\"og:locale\" content=\"fr_FR\" \/>\n<meta property=\"og:type\" content=\"article\" \/>\n<meta property=\"og:title\" content=\"Indiana Foil HP Front Wing Marlin XS - Elevatesurf\" \/>\n<meta property=\"og:description\" content=\"Elevatesurf Indiana Foil HP Front Wing Marlin XS\" \/>\n<meta property=\"og:url\" content=\"https:\/\/elevatesurf.ch\/fr\/product\/indiana-foil-hp-front-wing-marlin-xs\/\" \/>\n<meta property=\"og:site_name\" content=\"Elevatesurf\" \/>\n<meta property=\"article:modified_time\" content=\"2026-01-10T08:41:25+00:00\" \/>\n<meta property=\"og:image\" content=\"https:\/\/elevatesurf.ch\/wp-content\/uploads\/2024\/08\/3564sq_indiana_foil_hp_front_wing_marlin_xs_top.png\" \/>\n\t<meta property=\"og:image:width\" content=\"1300\" \/>\n\t<meta property=\"og:image:height\" content=\"975\" \/>\n\t<meta property=\"og:image:type\" content=\"image\/png\" \/>\n<meta name=\"twitter:card\" content=\"summary_large_image\" \/>\n<meta name=\"twitter:label1\" content=\"Dur\u00e9e de lecture estim\u00e9e\" \/>\n\t<meta name=\"twitter:data1\" content=\"1 minute\" \/>\n<script type=\"application\/ld+json\" class=\"yoast-schema-graph\">{\"@context\":\"https:\/\/schema.org\",\"@graph\":[{\"@type\":[\"WebPage\",\"ItemPage\"],\"@id\":\"https:\/\/elevatesurf.ch\/product\/indiana-foil-hp-front-wing-marlin-xs\/\",\"url\":\"https:\/\/elevatesurf.ch\/product\/indiana-foil-hp-front-wing-marlin-xs\/\",\"name\":\"Indiana Foil HP Front Wing Marlin XS - Elevatesurf\",\"isPartOf\":{\"@id\":\"https:\/\/elevatesurf.ch\/#website\"},\"primaryImageOfPage\":{\"@id\":\"https:\/\/elevatesurf.ch\/product\/indiana-foil-hp-front-wing-marlin-xs\/#primaryimage\"},\"image\":{\"@id\":\"https:\/\/elevatesurf.ch\/product\/indiana-foil-hp-front-wing-marlin-xs\/#primaryimage\"},\"thumbnailUrl\":\"https:\/\/elevatesurf.ch\/wp-content\/uploads\/2024\/08\/3564sq_indiana_foil_hp_front_wing_marlin_xs_top.png\",\"datePublished\":\"2024-08-30T10:19:28+00:00\",\"dateModified\":\"2026-01-10T08:41:25+00:00\",\"description\":\"Elevatesurf Indiana Foil HP Front Wing Marlin XS\",\"breadcrumb\":{\"@id\":\"https:\/\/elevatesurf.ch\/product\/indiana-foil-hp-front-wing-marlin-xs\/#breadcrumb\"},\"inLanguage\":\"fr-FR\",\"potentialAction\":[{\"@type\":\"ReadAction\",\"target\":[\"https:\/\/elevatesurf.ch\/product\/indiana-foil-hp-front-wing-marlin-xs\/\"]}]},{\"@type\":\"ImageObject\",\"inLanguage\":\"fr-FR\",\"@id\":\"https:\/\/elevatesurf.ch\/product\/indiana-foil-hp-front-wing-marlin-xs\/#primaryimage\",\"url\":\"https:\/\/elevatesurf.ch\/wp-content\/uploads\/2024\/08\/3564sq_indiana_foil_hp_front_wing_marlin_xs_top.png\",\"contentUrl\":\"https:\/\/elevatesurf.ch\/wp-content\/uploads\/2024\/08\/3564sq_indiana_foil_hp_front_wing_marlin_xs_top.png\",\"width\":1300,\"height\":975},{\"@type\":\"BreadcrumbList\",\"@id\":\"https:\/\/elevatesurf.ch\/product\/indiana-foil-hp-front-wing-marlin-xs\/#breadcrumb\",\"itemListElement\":[{\"@type\":\"ListItem\",\"position\":1,\"name\":\"Accueil\",\"item\":\"https:\/\/elevatesurf.ch\/\"},{\"@type\":\"ListItem\",\"position\":2,\"name\":\"Shop &#8211; \u00c9levez Votre Exp\u00e9rience de Surf avec Notre Collection\",\"item\":\"https:\/\/elevatesurf.ch\/shop\/\"},{\"@type\":\"ListItem\",\"position\":3,\"name\":\"Indiana Foil HP Front Wing Marlin XS\"}]},{\"@type\":\"WebSite\",\"@id\":\"https:\/\/elevatesurf.ch\/#website\",\"url\":\"https:\/\/elevatesurf.ch\/\",\"name\":\"Elevatesurf\",\"description\":\"Surfez vers de nouveaux sommets avec ElevateSurf ! Kiteshop, Wingshop\",\"publisher\":{\"@id\":\"https:\/\/elevatesurf.ch\/#organization\"},\"potentialAction\":[{\"@type\":\"SearchAction\",\"target\":{\"@type\":\"EntryPoint\",\"urlTemplate\":\"https:\/\/elevatesurf.ch\/?s={search_term_string}\"},\"query-input\":\"required name=search_term_string\"}],\"inLanguage\":\"fr-FR\"},{\"@type\":\"Organization\",\"@id\":\"https:\/\/elevatesurf.ch\/#organization\",\"name\":\"Elevatesurf\",\"url\":\"https:\/\/elevatesurf.ch\/\",\"logo\":{\"@type\":\"ImageObject\",\"inLanguage\":\"fr-FR\",\"@id\":\"https:\/\/elevatesurf.ch\/#\/schema\/logo\/image\/\",\"url\":\"https:\/\/elevatesurf.ch\/wp-content\/uploads\/2024\/06\/67c2ec70-bdf5-4c14-898a-ded5b2051398.jpg\",\"contentUrl\":\"https:\/\/elevatesurf.ch\/wp-content\/uploads\/2024\/06\/67c2ec70-bdf5-4c14-898a-ded5b2051398.jpg\",\"width\":1024,\"height\":1024,\"caption\":\"Elevatesurf\"},\"image\":{\"@id\":\"https:\/\/elevatesurf.ch\/#\/schema\/logo\/image\/\"},\"sameAs\":[\"https:\/\/www.instagram.com\/elevate__surf\/\"]}]}<\/script>\n<!-- \/ Yoast SEO plugin. -->","yoast_head_json":{"title":"Indiana Foil HP Front Wing Marlin XS - Elevatesurf","description":"Elevatesurf Indiana Foil HP Front Wing Marlin XS","robots":{"index":"index","follow":"follow","max-snippet":"max-snippet:-1","max-image-preview":"max-image-preview:large","max-video-preview":"max-video-preview:-1"},"canonical":"https:\/\/elevatesurf.ch\/fr\/product\/indiana-foil-hp-front-wing-marlin-xs\/","og_locale":"fr_FR","og_type":"article","og_title":"Indiana Foil HP Front Wing Marlin XS - Elevatesurf","og_description":"Elevatesurf Indiana Foil HP Front Wing Marlin XS","og_url":"https:\/\/elevatesurf.ch\/fr\/product\/indiana-foil-hp-front-wing-marlin-xs\/","og_site_name":"Elevatesurf","article_modified_time":"2026-01-10T08:41:25+00:00","og_image":[{"width":1300,"height":975,"url":"https:\/\/elevatesurf.ch\/wp-content\/uploads\/2024\/08\/3564sq_indiana_foil_hp_front_wing_marlin_xs_top.png","type":"image\/png"}],"twitter_card":"summary_large_image","twitter_misc":{"Dur\u00e9e de lecture estim\u00e9e":"1 minute"},"schema":{"@context":"https:\/\/schema.org","@graph":[{"@type":["WebPage","ItemPage"],"@id":"https:\/\/elevatesurf.ch\/product\/indiana-foil-hp-front-wing-marlin-xs\/","url":"https:\/\/elevatesurf.ch\/product\/indiana-foil-hp-front-wing-marlin-xs\/","name":"Indiana Foil HP Front Wing Marlin XS - Elevatesurf","isPartOf":{"@id":"https:\/\/elevatesurf.ch\/#website"},"primaryImageOfPage":{"@id":"https:\/\/elevatesurf.ch\/product\/indiana-foil-hp-front-wing-marlin-xs\/#primaryimage"},"image":{"@id":"https:\/\/elevatesurf.ch\/product\/indiana-foil-hp-front-wing-marlin-xs\/#primaryimage"},"thumbnailUrl":"https:\/\/elevatesurf.ch\/wp-content\/uploads\/2024\/08\/3564sq_indiana_foil_hp_front_wing_marlin_xs_top.png","datePublished":"2024-08-30T10:19:28+00:00","dateModified":"2026-01-10T08:41:25+00:00","description":"Elevatesurf Indiana Foil HP Front Wing Marlin XS","breadcrumb":{"@id":"https:\/\/elevatesurf.ch\/product\/indiana-foil-hp-front-wing-marlin-xs\/#breadcrumb"},"inLanguage":"fr-FR","potentialAction":[{"@type":"ReadAction","target":["https:\/\/elevatesurf.ch\/product\/indiana-foil-hp-front-wing-marlin-xs\/"]}]},{"@type":"ImageObject","inLanguage":"fr-FR","@id":"https:\/\/elevatesurf.ch\/product\/indiana-foil-hp-front-wing-marlin-xs\/#primaryimage","url":"https:\/\/elevatesurf.ch\/wp-content\/uploads\/2024\/08\/3564sq_indiana_foil_hp_front_wing_marlin_xs_top.png","contentUrl":"https:\/\/elevatesurf.ch\/wp-content\/uploads\/2024\/08\/3564sq_indiana_foil_hp_front_wing_marlin_xs_top.png","width":1300,"height":975},{"@type":"BreadcrumbList","@id":"https:\/\/elevatesurf.ch\/product\/indiana-foil-hp-front-wing-marlin-xs\/#breadcrumb","itemListElement":[{"@type":"ListItem","position":1,"name":"Accueil","item":"https:\/\/elevatesurf.ch\/"},{"@type":"ListItem","position":2,"name":"Shop &#8211; \u00c9levez Votre Exp\u00e9rience de Surf avec Notre Collection","item":"https:\/\/elevatesurf.ch\/shop\/"},{"@type":"ListItem","position":3,"name":"Indiana Foil HP Front Wing Marlin XS"}]},{"@type":"WebSite","@id":"https:\/\/elevatesurf.ch\/#website","url":"https:\/\/elevatesurf.ch\/","name":"Elevatesurf","description":"Surfez vers de nouveaux sommets avec ElevateSurf ! Kiteshop, Wingshop","publisher":{"@id":"https:\/\/elevatesurf.ch\/#organization"},"potentialAction":[{"@type":"SearchAction","target":{"@type":"EntryPoint","urlTemplate":"https:\/\/elevatesurf.ch\/?s={search_term_string}"},"query-input":"required name=search_term_string"}],"inLanguage":"fr-FR"},{"@type":"Organization","@id":"https:\/\/elevatesurf.ch\/#organization","name":"Elevatesurf","url":"https:\/\/elevatesurf.ch\/","logo":{"@type":"ImageObject","inLanguage":"fr-FR","@id":"https:\/\/elevatesurf.ch\/#\/schema\/logo\/image\/","url":"https:\/\/elevatesurf.ch\/wp-content\/uploads\/2024\/06\/67c2ec70-bdf5-4c14-898a-ded5b2051398.jpg","contentUrl":"https:\/\/elevatesurf.ch\/wp-content\/uploads\/2024\/06\/67c2ec70-bdf5-4c14-898a-ded5b2051398.jpg","width":1024,"height":1024,"caption":"Elevatesurf"},"image":{"@id":"https:\/\/elevatesurf.ch\/#\/schema\/logo\/image\/"},"sameAs":["https:\/\/www.instagram.com\/elevate__surf\/"]}]}},"_links":{"self":[{"href":"https:\/\/elevatesurf.ch\/fr\/wp-json\/wp\/v2\/product\/20252","targetHints":{"allow":["GET"]}}],"collection":[{"href":"https:\/\/elevatesurf.ch\/fr\/wp-json\/wp\/v2\/product"}],"about":[{"href":"https:\/\/elevatesurf.ch\/fr\/wp-json\/wp\/v2\/types\/product"}],"replies":[{"embeddable":true,"href":"https:\/\/elevatesurf.ch\/fr\/wp-json\/wp\/v2\/comments?post=20252"}],"wp:featuredmedia":[{"embeddable":true,"href":"https:\/\/elevatesurf.ch\/fr\/wp-json\/wp\/v2\/media\/20251"}],"wp:attachment":[{"href":"https:\/\/elevatesurf.ch\/fr\/wp-json\/wp\/v2\/media?parent=20252"}],"wp:term":[{"taxonomy":"product_cat","embeddable":true,"href":"https:\/\/elevatesurf.ch\/fr\/wp-json\/wp\/v2\/product_cat?post=20252"},{"taxonomy":"product_tag","embeddable":true,"href":"https:\/\/elevatesurf.ch\/fr\/wp-json\/wp\/v2\/product_tag?post=20252"}],"curies":[{"name":"wp","href":"https:\/\/api.w.org\/{rel}","templated":true}]}}