{"id":20256,"date":"2024-08-30T10:19:31","date_gmt":"2024-08-30T10:19:31","guid":{"rendered":"https:\/\/elevatesurf.ch\/product\/indiana-foil-hp-stabilizer-marlin-m\/"},"modified":"2026-01-10T08:41:25","modified_gmt":"2026-01-10T08:41:25","slug":"indiana-foil-hp-stabilizer-marlin-m","status":"publish","type":"product","link":"https:\/\/elevatesurf.ch\/fr\/product\/indiana-foil-hp-stabilizer-marlin-m\/","title":{"rendered":"Indiana Foil HP Stabilizer Marlin M"},"content":{"rendered":"<p>Erlebe \u00fcberragende Kontrolle und Beschleunigung mit dem Marlin M Stabilizer. Egal, ob man durch die Wellen navigiert oder scharfe Turns macht, dieser Stabilizer steigert die Stabilit\u00e4t und Kontrolle und sorgt f\u00fcr eine reibungslose Fahrt.<br \/>\nDer Marlin M ist speziell f\u00fcr gr\u00f6\u00dfere Frontfl\u00fcgel und schwerere Fahrer entwickelt und hilft dabei, schnell Wellen zu erwischen und m\u00fchelos zu gleiten. Sein hydrodynamisches und geschwindigkeitsorientiertes Profil reduziert den Widerstand und f\u00f6rdert sanftes und effizientes Carven \u2013 perfekt f\u00fcr Foiler, die Pr\u00e4zision in jeder Bewegung suchen.<br \/>\nDie anhedrale Ausrichtung verbessert den Grip und gibt auch in schwierigen Bedingungen Sicherheit. Dieses Design sorgt daf\u00fcr, dass das Foil in schnellen Wellen zuverl\u00e4ssig bleibt und die Kontrolle gibt, wenn es darauf ankommt.<br \/>\nF\u00fcr leichtere Fahrer sorgt der Marlin M Stabilizer f\u00fcr zus\u00e4tzliche Stabilit\u00e4t, was zu einer ausgewogenen und reaktionsfreudigen Fahrt f\u00fchrt, die das wahre Potenzial auf dem Wasser entfaltet. Schwerere Fahrer genie\u00dfen ein fl\u00fcssigeres Gef\u00fchl, was die Man\u00f6vrierbarkeit erh\u00f6ht, damit der Stil nach den eigenen W\u00fcnschen angepasst werden kann.<\/p>\n","protected":false},"excerpt":{"rendered":"<p>Erlebe \u00fcberragende Kontrolle und Beschleunigung mit dem Marlin M Stabilizer. Egal, ob man durch die Wellen navigiert oder scharfe Turns macht, dieser Stabilizer steigert die Stabilit\u00e4t und Kontrolle und sorgt f\u00fcr eine reibungslose Fahrt. Der Marlin M ist speziell f\u00fcr gr\u00f6\u00dfere Frontfl\u00fcgel und schwerere Fahrer entwickelt und hilft dabei, schnell Wellen zu erwischen und m\u00fchelos [&hellip;]<\/p>\n","protected":false},"featured_media":20255,"comment_status":"open","ping_status":"closed","template":"","meta":[],"product_cat":[1014,138],"product_tag":[],"class_list":{"0":"post-20256","1":"product","2":"type-product","3":"status-publish","4":"has-post-thumbnail","6":"product_cat-stab","7":"product_cat-wingfoil-suisse-acheter","8":"product_brand-indiana-suisse","10":"first","11":"onbackorder","12":"shipping-taxable","13":"purchasable","14":"product-type-simple"},"yoast_head":"<!-- This site is optimized with the Yoast SEO plugin v22.8 - https:\/\/yoast.com\/wordpress\/plugins\/seo\/ -->\n<title>Indiana Foil HP Stabilizer Marlin M - Elevatesurf<\/title>\n<meta name=\"description\" content=\"Elevatesurf Indiana Foil HP Stabilizer Marlin M\" \/>\n<meta name=\"robots\" content=\"index, follow, max-snippet:-1, max-image-preview:large, max-video-preview:-1\" \/>\n<link rel=\"canonical\" href=\"https:\/\/elevatesurf.ch\/fr\/product\/indiana-foil-hp-stabilizer-marlin-m\/\" \/>\n<meta property=\"og:locale\" content=\"fr_FR\" \/>\n<meta property=\"og:type\" content=\"article\" \/>\n<meta property=\"og:title\" content=\"Indiana Foil HP Stabilizer Marlin M - Elevatesurf\" \/>\n<meta property=\"og:description\" content=\"Elevatesurf Indiana Foil HP Stabilizer Marlin M\" \/>\n<meta property=\"og:url\" content=\"https:\/\/elevatesurf.ch\/fr\/product\/indiana-foil-hp-stabilizer-marlin-m\/\" \/>\n<meta property=\"og:site_name\" content=\"Elevatesurf\" \/>\n<meta property=\"article:modified_time\" content=\"2026-01-10T08:41:25+00:00\" \/>\n<meta property=\"og:image\" content=\"https:\/\/elevatesurf.ch\/wp-content\/uploads\/2024\/08\/3532sq_indiana_foil_hp_stabilizer_marlin_m_top.png\" \/>\n\t<meta property=\"og:image:width\" content=\"1300\" \/>\n\t<meta property=\"og:image:height\" content=\"975\" \/>\n\t<meta property=\"og:image:type\" content=\"image\/png\" \/>\n<meta name=\"twitter:card\" content=\"summary_large_image\" \/>\n<meta name=\"twitter:label1\" content=\"Dur\u00e9e de lecture estim\u00e9e\" \/>\n\t<meta name=\"twitter:data1\" content=\"2 minutes\" \/>\n<script type=\"application\/ld+json\" class=\"yoast-schema-graph\">{\"@context\":\"https:\/\/schema.org\",\"@graph\":[{\"@type\":[\"WebPage\",\"ItemPage\"],\"@id\":\"https:\/\/elevatesurf.ch\/product\/indiana-foil-hp-stabilizer-marlin-m\/\",\"url\":\"https:\/\/elevatesurf.ch\/product\/indiana-foil-hp-stabilizer-marlin-m\/\",\"name\":\"Indiana Foil HP Stabilizer Marlin M - Elevatesurf\",\"isPartOf\":{\"@id\":\"https:\/\/elevatesurf.ch\/#website\"},\"primaryImageOfPage\":{\"@id\":\"https:\/\/elevatesurf.ch\/product\/indiana-foil-hp-stabilizer-marlin-m\/#primaryimage\"},\"image\":{\"@id\":\"https:\/\/elevatesurf.ch\/product\/indiana-foil-hp-stabilizer-marlin-m\/#primaryimage\"},\"thumbnailUrl\":\"https:\/\/elevatesurf.ch\/wp-content\/uploads\/2024\/08\/3532sq_indiana_foil_hp_stabilizer_marlin_m_top.png\",\"datePublished\":\"2024-08-30T10:19:31+00:00\",\"dateModified\":\"2026-01-10T08:41:25+00:00\",\"description\":\"Elevatesurf Indiana Foil HP Stabilizer Marlin M\",\"breadcrumb\":{\"@id\":\"https:\/\/elevatesurf.ch\/product\/indiana-foil-hp-stabilizer-marlin-m\/#breadcrumb\"},\"inLanguage\":\"fr-FR\",\"potentialAction\":[{\"@type\":\"ReadAction\",\"target\":[\"https:\/\/elevatesurf.ch\/product\/indiana-foil-hp-stabilizer-marlin-m\/\"]}]},{\"@type\":\"ImageObject\",\"inLanguage\":\"fr-FR\",\"@id\":\"https:\/\/elevatesurf.ch\/product\/indiana-foil-hp-stabilizer-marlin-m\/#primaryimage\",\"url\":\"https:\/\/elevatesurf.ch\/wp-content\/uploads\/2024\/08\/3532sq_indiana_foil_hp_stabilizer_marlin_m_top.png\",\"contentUrl\":\"https:\/\/elevatesurf.ch\/wp-content\/uploads\/2024\/08\/3532sq_indiana_foil_hp_stabilizer_marlin_m_top.png\",\"width\":1300,\"height\":975},{\"@type\":\"BreadcrumbList\",\"@id\":\"https:\/\/elevatesurf.ch\/product\/indiana-foil-hp-stabilizer-marlin-m\/#breadcrumb\",\"itemListElement\":[{\"@type\":\"ListItem\",\"position\":1,\"name\":\"Accueil\",\"item\":\"https:\/\/elevatesurf.ch\/\"},{\"@type\":\"ListItem\",\"position\":2,\"name\":\"Shop &#8211; \u00c9levez Votre Exp\u00e9rience de Surf avec Notre Collection\",\"item\":\"https:\/\/elevatesurf.ch\/shop\/\"},{\"@type\":\"ListItem\",\"position\":3,\"name\":\"Indiana Foil HP Stabilizer Marlin M\"}]},{\"@type\":\"WebSite\",\"@id\":\"https:\/\/elevatesurf.ch\/#website\",\"url\":\"https:\/\/elevatesurf.ch\/\",\"name\":\"Elevatesurf\",\"description\":\"Surfez vers de nouveaux sommets avec ElevateSurf ! Kiteshop, Wingshop\",\"publisher\":{\"@id\":\"https:\/\/elevatesurf.ch\/#organization\"},\"potentialAction\":[{\"@type\":\"SearchAction\",\"target\":{\"@type\":\"EntryPoint\",\"urlTemplate\":\"https:\/\/elevatesurf.ch\/?s={search_term_string}\"},\"query-input\":\"required name=search_term_string\"}],\"inLanguage\":\"fr-FR\"},{\"@type\":\"Organization\",\"@id\":\"https:\/\/elevatesurf.ch\/#organization\",\"name\":\"Elevatesurf\",\"url\":\"https:\/\/elevatesurf.ch\/\",\"logo\":{\"@type\":\"ImageObject\",\"inLanguage\":\"fr-FR\",\"@id\":\"https:\/\/elevatesurf.ch\/#\/schema\/logo\/image\/\",\"url\":\"https:\/\/elevatesurf.ch\/wp-content\/uploads\/2024\/06\/67c2ec70-bdf5-4c14-898a-ded5b2051398.jpg\",\"contentUrl\":\"https:\/\/elevatesurf.ch\/wp-content\/uploads\/2024\/06\/67c2ec70-bdf5-4c14-898a-ded5b2051398.jpg\",\"width\":1024,\"height\":1024,\"caption\":\"Elevatesurf\"},\"image\":{\"@id\":\"https:\/\/elevatesurf.ch\/#\/schema\/logo\/image\/\"},\"sameAs\":[\"https:\/\/www.instagram.com\/elevate__surf\/\"]}]}<\/script>\n<!-- \/ Yoast SEO plugin. -->","yoast_head_json":{"title":"Indiana Foil HP Stabilizer Marlin M - Elevatesurf","description":"Elevatesurf Indiana Foil HP Stabilizer Marlin M","robots":{"index":"index","follow":"follow","max-snippet":"max-snippet:-1","max-image-preview":"max-image-preview:large","max-video-preview":"max-video-preview:-1"},"canonical":"https:\/\/elevatesurf.ch\/fr\/product\/indiana-foil-hp-stabilizer-marlin-m\/","og_locale":"fr_FR","og_type":"article","og_title":"Indiana Foil HP Stabilizer Marlin M - Elevatesurf","og_description":"Elevatesurf Indiana Foil HP Stabilizer Marlin M","og_url":"https:\/\/elevatesurf.ch\/fr\/product\/indiana-foil-hp-stabilizer-marlin-m\/","og_site_name":"Elevatesurf","article_modified_time":"2026-01-10T08:41:25+00:00","og_image":[{"width":1300,"height":975,"url":"https:\/\/elevatesurf.ch\/wp-content\/uploads\/2024\/08\/3532sq_indiana_foil_hp_stabilizer_marlin_m_top.png","type":"image\/png"}],"twitter_card":"summary_large_image","twitter_misc":{"Dur\u00e9e de lecture estim\u00e9e":"2 minutes"},"schema":{"@context":"https:\/\/schema.org","@graph":[{"@type":["WebPage","ItemPage"],"@id":"https:\/\/elevatesurf.ch\/product\/indiana-foil-hp-stabilizer-marlin-m\/","url":"https:\/\/elevatesurf.ch\/product\/indiana-foil-hp-stabilizer-marlin-m\/","name":"Indiana Foil HP Stabilizer Marlin M - Elevatesurf","isPartOf":{"@id":"https:\/\/elevatesurf.ch\/#website"},"primaryImageOfPage":{"@id":"https:\/\/elevatesurf.ch\/product\/indiana-foil-hp-stabilizer-marlin-m\/#primaryimage"},"image":{"@id":"https:\/\/elevatesurf.ch\/product\/indiana-foil-hp-stabilizer-marlin-m\/#primaryimage"},"thumbnailUrl":"https:\/\/elevatesurf.ch\/wp-content\/uploads\/2024\/08\/3532sq_indiana_foil_hp_stabilizer_marlin_m_top.png","datePublished":"2024-08-30T10:19:31+00:00","dateModified":"2026-01-10T08:41:25+00:00","description":"Elevatesurf Indiana Foil HP Stabilizer Marlin M","breadcrumb":{"@id":"https:\/\/elevatesurf.ch\/product\/indiana-foil-hp-stabilizer-marlin-m\/#breadcrumb"},"inLanguage":"fr-FR","potentialAction":[{"@type":"ReadAction","target":["https:\/\/elevatesurf.ch\/product\/indiana-foil-hp-stabilizer-marlin-m\/"]}]},{"@type":"ImageObject","inLanguage":"fr-FR","@id":"https:\/\/elevatesurf.ch\/product\/indiana-foil-hp-stabilizer-marlin-m\/#primaryimage","url":"https:\/\/elevatesurf.ch\/wp-content\/uploads\/2024\/08\/3532sq_indiana_foil_hp_stabilizer_marlin_m_top.png","contentUrl":"https:\/\/elevatesurf.ch\/wp-content\/uploads\/2024\/08\/3532sq_indiana_foil_hp_stabilizer_marlin_m_top.png","width":1300,"height":975},{"@type":"BreadcrumbList","@id":"https:\/\/elevatesurf.ch\/product\/indiana-foil-hp-stabilizer-marlin-m\/#breadcrumb","itemListElement":[{"@type":"ListItem","position":1,"name":"Accueil","item":"https:\/\/elevatesurf.ch\/"},{"@type":"ListItem","position":2,"name":"Shop &#8211; \u00c9levez Votre Exp\u00e9rience de Surf avec Notre Collection","item":"https:\/\/elevatesurf.ch\/shop\/"},{"@type":"ListItem","position":3,"name":"Indiana Foil HP Stabilizer Marlin M"}]},{"@type":"WebSite","@id":"https:\/\/elevatesurf.ch\/#website","url":"https:\/\/elevatesurf.ch\/","name":"Elevatesurf","description":"Surfez vers de nouveaux sommets avec ElevateSurf ! Kiteshop, Wingshop","publisher":{"@id":"https:\/\/elevatesurf.ch\/#organization"},"potentialAction":[{"@type":"SearchAction","target":{"@type":"EntryPoint","urlTemplate":"https:\/\/elevatesurf.ch\/?s={search_term_string}"},"query-input":"required name=search_term_string"}],"inLanguage":"fr-FR"},{"@type":"Organization","@id":"https:\/\/elevatesurf.ch\/#organization","name":"Elevatesurf","url":"https:\/\/elevatesurf.ch\/","logo":{"@type":"ImageObject","inLanguage":"fr-FR","@id":"https:\/\/elevatesurf.ch\/#\/schema\/logo\/image\/","url":"https:\/\/elevatesurf.ch\/wp-content\/uploads\/2024\/06\/67c2ec70-bdf5-4c14-898a-ded5b2051398.jpg","contentUrl":"https:\/\/elevatesurf.ch\/wp-content\/uploads\/2024\/06\/67c2ec70-bdf5-4c14-898a-ded5b2051398.jpg","width":1024,"height":1024,"caption":"Elevatesurf"},"image":{"@id":"https:\/\/elevatesurf.ch\/#\/schema\/logo\/image\/"},"sameAs":["https:\/\/www.instagram.com\/elevate__surf\/"]}]}},"_links":{"self":[{"href":"https:\/\/elevatesurf.ch\/fr\/wp-json\/wp\/v2\/product\/20256","targetHints":{"allow":["GET"]}}],"collection":[{"href":"https:\/\/elevatesurf.ch\/fr\/wp-json\/wp\/v2\/product"}],"about":[{"href":"https:\/\/elevatesurf.ch\/fr\/wp-json\/wp\/v2\/types\/product"}],"replies":[{"embeddable":true,"href":"https:\/\/elevatesurf.ch\/fr\/wp-json\/wp\/v2\/comments?post=20256"}],"wp:featuredmedia":[{"embeddable":true,"href":"https:\/\/elevatesurf.ch\/fr\/wp-json\/wp\/v2\/media\/20255"}],"wp:attachment":[{"href":"https:\/\/elevatesurf.ch\/fr\/wp-json\/wp\/v2\/media?parent=20256"}],"wp:term":[{"taxonomy":"product_cat","embeddable":true,"href":"https:\/\/elevatesurf.ch\/fr\/wp-json\/wp\/v2\/product_cat?post=20256"},{"taxonomy":"product_tag","embeddable":true,"href":"https:\/\/elevatesurf.ch\/fr\/wp-json\/wp\/v2\/product_tag?post=20256"}],"curies":[{"name":"wp","href":"https:\/\/api.w.org\/{rel}","templated":true}]}}