{"id":20266,"date":"2024-08-30T10:19:39","date_gmt":"2024-08-30T10:19:39","guid":{"rendered":"https:\/\/elevatesurf.ch\/product\/indiana-foil-hp-stabilizer-condor-xs\/"},"modified":"2026-01-10T08:41:25","modified_gmt":"2026-01-10T08:41:25","slug":"indiana-foil-hp-stabilizer-condor-xs","status":"publish","type":"product","link":"https:\/\/elevatesurf.ch\/fr\/product\/indiana-foil-hp-stabilizer-condor-xs\/","title":{"rendered":"Indiana Foil HP Stabilizer Condor XS"},"content":{"rendered":"<p>Entwickelt f\u00fcr maximale Wendigkeit, pr\u00e4sentieren wir stolz den neuen Condor XS Stabilisator von Indiana. Dieses innovative Produkt wurde konzipiert, um jedes Hydrofoil praktisch auf der Stelle drehen zu lassen, ohne dabei die gute Pitch-Stabilit\u00e4t zu beeintr\u00e4chtigen.<br \/>\nDer Condor XS wurde in erster Linie f\u00fcr Pumpfoiling entwickelt, gl\u00e4nzt jedoch auch in den Wellen f\u00fcr erfahrene Fahrer. Mit seinem speziellen Design bietet er die Wendigkeit, die beim Pumpfoiling entscheidend ist, und sorgt gleichzeitig f\u00fcr eine stabile Pitch-Performance. Perfekt f\u00fcr Fahrer, die nach einem Stabilisator suchen, der sowohl in pumpenden Bedingungen als auch in atemberaubenden Wellen eine exzellente Leistung bietet.<br \/>\nFeatures:<br \/>\nOptimale Effizienz und Man\u00f6vrierf\u00e4higkeit<br \/>\nFlach f\u00fcr maximale Agilit\u00e4t auf der Yaw Achse, bei gleichzeitiger Beibehaltung maximaler Pitch-Stabilit\u00e4t<br \/>\nEinzelgeformte Komponenten f\u00fcr minimalen widerstand<\/p>\n","protected":false},"excerpt":{"rendered":"<p>Entwickelt f\u00fcr maximale Wendigkeit, pr\u00e4sentieren wir stolz den neuen Condor XS Stabilisator von Indiana. Dieses innovative Produkt wurde konzipiert, um jedes Hydrofoil praktisch auf der Stelle drehen zu lassen, ohne dabei die gute Pitch-Stabilit\u00e4t zu beeintr\u00e4chtigen. Der Condor XS wurde in erster Linie f\u00fcr Pumpfoiling entwickelt, gl\u00e4nzt jedoch auch in den Wellen f\u00fcr erfahrene Fahrer. [&hellip;]<\/p>\n","protected":false},"featured_media":20265,"comment_status":"open","ping_status":"closed","template":"","meta":[],"product_cat":[1014,138],"product_tag":[],"class_list":{"0":"post-20266","1":"product","2":"type-product","3":"status-publish","4":"has-post-thumbnail","6":"product_cat-stab","7":"product_cat-wingfoil-suisse-acheter","8":"product_brand-indiana-suisse","10":"first","11":"instock","12":"shipping-taxable","13":"purchasable","14":"product-type-simple"},"yoast_head":"<!-- This site is optimized with the Yoast SEO plugin v22.8 - https:\/\/yoast.com\/wordpress\/plugins\/seo\/ -->\n<title>Indiana Foil HP Stabilizer Condor XS - Elevatesurf<\/title>\n<meta name=\"description\" content=\"Elevatesurf Indiana Foil HP Stabilizer Condor XS\" \/>\n<meta name=\"robots\" content=\"index, follow, max-snippet:-1, max-image-preview:large, max-video-preview:-1\" \/>\n<link rel=\"canonical\" href=\"https:\/\/elevatesurf.ch\/fr\/product\/indiana-foil-hp-stabilizer-condor-xs\/\" \/>\n<meta property=\"og:locale\" content=\"fr_FR\" \/>\n<meta property=\"og:type\" content=\"article\" \/>\n<meta property=\"og:title\" content=\"Indiana Foil HP Stabilizer Condor XS - Elevatesurf\" \/>\n<meta property=\"og:description\" content=\"Elevatesurf Indiana Foil HP Stabilizer Condor XS\" \/>\n<meta property=\"og:url\" content=\"https:\/\/elevatesurf.ch\/fr\/product\/indiana-foil-hp-stabilizer-condor-xs\/\" \/>\n<meta property=\"og:site_name\" content=\"Elevatesurf\" \/>\n<meta property=\"article:modified_time\" content=\"2026-01-10T08:41:25+00:00\" \/>\n<meta property=\"og:image\" content=\"https:\/\/elevatesurf.ch\/wp-content\/uploads\/2024\/08\/3558sq_indiana_foil_hp_stabilizer_condor-xs.png\" \/>\n\t<meta property=\"og:image:width\" content=\"1733\" \/>\n\t<meta property=\"og:image:height\" content=\"1300\" \/>\n\t<meta property=\"og:image:type\" content=\"image\/png\" \/>\n<meta name=\"twitter:card\" content=\"summary_large_image\" \/>\n<meta name=\"twitter:label1\" content=\"Dur\u00e9e de lecture estim\u00e9e\" \/>\n\t<meta name=\"twitter:data1\" content=\"1 minute\" \/>\n<script type=\"application\/ld+json\" class=\"yoast-schema-graph\">{\"@context\":\"https:\/\/schema.org\",\"@graph\":[{\"@type\":[\"WebPage\",\"ItemPage\"],\"@id\":\"https:\/\/elevatesurf.ch\/product\/indiana-foil-hp-stabilizer-condor-xs\/\",\"url\":\"https:\/\/elevatesurf.ch\/product\/indiana-foil-hp-stabilizer-condor-xs\/\",\"name\":\"Indiana Foil HP Stabilizer Condor XS - Elevatesurf\",\"isPartOf\":{\"@id\":\"https:\/\/elevatesurf.ch\/#website\"},\"primaryImageOfPage\":{\"@id\":\"https:\/\/elevatesurf.ch\/product\/indiana-foil-hp-stabilizer-condor-xs\/#primaryimage\"},\"image\":{\"@id\":\"https:\/\/elevatesurf.ch\/product\/indiana-foil-hp-stabilizer-condor-xs\/#primaryimage\"},\"thumbnailUrl\":\"https:\/\/elevatesurf.ch\/wp-content\/uploads\/2024\/08\/3558sq_indiana_foil_hp_stabilizer_condor-xs.png\",\"datePublished\":\"2024-08-30T10:19:39+00:00\",\"dateModified\":\"2026-01-10T08:41:25+00:00\",\"description\":\"Elevatesurf Indiana Foil HP Stabilizer Condor XS\",\"breadcrumb\":{\"@id\":\"https:\/\/elevatesurf.ch\/product\/indiana-foil-hp-stabilizer-condor-xs\/#breadcrumb\"},\"inLanguage\":\"fr-FR\",\"potentialAction\":[{\"@type\":\"ReadAction\",\"target\":[\"https:\/\/elevatesurf.ch\/product\/indiana-foil-hp-stabilizer-condor-xs\/\"]}]},{\"@type\":\"ImageObject\",\"inLanguage\":\"fr-FR\",\"@id\":\"https:\/\/elevatesurf.ch\/product\/indiana-foil-hp-stabilizer-condor-xs\/#primaryimage\",\"url\":\"https:\/\/elevatesurf.ch\/wp-content\/uploads\/2024\/08\/3558sq_indiana_foil_hp_stabilizer_condor-xs.png\",\"contentUrl\":\"https:\/\/elevatesurf.ch\/wp-content\/uploads\/2024\/08\/3558sq_indiana_foil_hp_stabilizer_condor-xs.png\",\"width\":1733,\"height\":1300},{\"@type\":\"BreadcrumbList\",\"@id\":\"https:\/\/elevatesurf.ch\/product\/indiana-foil-hp-stabilizer-condor-xs\/#breadcrumb\",\"itemListElement\":[{\"@type\":\"ListItem\",\"position\":1,\"name\":\"Accueil\",\"item\":\"https:\/\/elevatesurf.ch\/\"},{\"@type\":\"ListItem\",\"position\":2,\"name\":\"Shop &#8211; \u00c9levez Votre Exp\u00e9rience de Surf avec Notre Collection\",\"item\":\"https:\/\/elevatesurf.ch\/shop\/\"},{\"@type\":\"ListItem\",\"position\":3,\"name\":\"Indiana Foil HP Stabilizer Condor XS\"}]},{\"@type\":\"WebSite\",\"@id\":\"https:\/\/elevatesurf.ch\/#website\",\"url\":\"https:\/\/elevatesurf.ch\/\",\"name\":\"Elevatesurf\",\"description\":\"Surfez vers de nouveaux sommets avec ElevateSurf ! Kiteshop, Wingshop\",\"publisher\":{\"@id\":\"https:\/\/elevatesurf.ch\/#organization\"},\"potentialAction\":[{\"@type\":\"SearchAction\",\"target\":{\"@type\":\"EntryPoint\",\"urlTemplate\":\"https:\/\/elevatesurf.ch\/?s={search_term_string}\"},\"query-input\":\"required name=search_term_string\"}],\"inLanguage\":\"fr-FR\"},{\"@type\":\"Organization\",\"@id\":\"https:\/\/elevatesurf.ch\/#organization\",\"name\":\"Elevatesurf\",\"url\":\"https:\/\/elevatesurf.ch\/\",\"logo\":{\"@type\":\"ImageObject\",\"inLanguage\":\"fr-FR\",\"@id\":\"https:\/\/elevatesurf.ch\/#\/schema\/logo\/image\/\",\"url\":\"https:\/\/elevatesurf.ch\/wp-content\/uploads\/2024\/06\/67c2ec70-bdf5-4c14-898a-ded5b2051398.jpg\",\"contentUrl\":\"https:\/\/elevatesurf.ch\/wp-content\/uploads\/2024\/06\/67c2ec70-bdf5-4c14-898a-ded5b2051398.jpg\",\"width\":1024,\"height\":1024,\"caption\":\"Elevatesurf\"},\"image\":{\"@id\":\"https:\/\/elevatesurf.ch\/#\/schema\/logo\/image\/\"},\"sameAs\":[\"https:\/\/www.instagram.com\/elevate__surf\/\"]}]}<\/script>\n<!-- \/ Yoast SEO plugin. -->","yoast_head_json":{"title":"Indiana Foil HP Stabilizer Condor XS - Elevatesurf","description":"Elevatesurf Indiana Foil HP Stabilizer Condor XS","robots":{"index":"index","follow":"follow","max-snippet":"max-snippet:-1","max-image-preview":"max-image-preview:large","max-video-preview":"max-video-preview:-1"},"canonical":"https:\/\/elevatesurf.ch\/fr\/product\/indiana-foil-hp-stabilizer-condor-xs\/","og_locale":"fr_FR","og_type":"article","og_title":"Indiana Foil HP Stabilizer Condor XS - Elevatesurf","og_description":"Elevatesurf Indiana Foil HP Stabilizer Condor XS","og_url":"https:\/\/elevatesurf.ch\/fr\/product\/indiana-foil-hp-stabilizer-condor-xs\/","og_site_name":"Elevatesurf","article_modified_time":"2026-01-10T08:41:25+00:00","og_image":[{"width":1733,"height":1300,"url":"https:\/\/elevatesurf.ch\/wp-content\/uploads\/2024\/08\/3558sq_indiana_foil_hp_stabilizer_condor-xs.png","type":"image\/png"}],"twitter_card":"summary_large_image","twitter_misc":{"Dur\u00e9e de lecture estim\u00e9e":"1 minute"},"schema":{"@context":"https:\/\/schema.org","@graph":[{"@type":["WebPage","ItemPage"],"@id":"https:\/\/elevatesurf.ch\/product\/indiana-foil-hp-stabilizer-condor-xs\/","url":"https:\/\/elevatesurf.ch\/product\/indiana-foil-hp-stabilizer-condor-xs\/","name":"Indiana Foil HP Stabilizer Condor XS - Elevatesurf","isPartOf":{"@id":"https:\/\/elevatesurf.ch\/#website"},"primaryImageOfPage":{"@id":"https:\/\/elevatesurf.ch\/product\/indiana-foil-hp-stabilizer-condor-xs\/#primaryimage"},"image":{"@id":"https:\/\/elevatesurf.ch\/product\/indiana-foil-hp-stabilizer-condor-xs\/#primaryimage"},"thumbnailUrl":"https:\/\/elevatesurf.ch\/wp-content\/uploads\/2024\/08\/3558sq_indiana_foil_hp_stabilizer_condor-xs.png","datePublished":"2024-08-30T10:19:39+00:00","dateModified":"2026-01-10T08:41:25+00:00","description":"Elevatesurf Indiana Foil HP Stabilizer Condor XS","breadcrumb":{"@id":"https:\/\/elevatesurf.ch\/product\/indiana-foil-hp-stabilizer-condor-xs\/#breadcrumb"},"inLanguage":"fr-FR","potentialAction":[{"@type":"ReadAction","target":["https:\/\/elevatesurf.ch\/product\/indiana-foil-hp-stabilizer-condor-xs\/"]}]},{"@type":"ImageObject","inLanguage":"fr-FR","@id":"https:\/\/elevatesurf.ch\/product\/indiana-foil-hp-stabilizer-condor-xs\/#primaryimage","url":"https:\/\/elevatesurf.ch\/wp-content\/uploads\/2024\/08\/3558sq_indiana_foil_hp_stabilizer_condor-xs.png","contentUrl":"https:\/\/elevatesurf.ch\/wp-content\/uploads\/2024\/08\/3558sq_indiana_foil_hp_stabilizer_condor-xs.png","width":1733,"height":1300},{"@type":"BreadcrumbList","@id":"https:\/\/elevatesurf.ch\/product\/indiana-foil-hp-stabilizer-condor-xs\/#breadcrumb","itemListElement":[{"@type":"ListItem","position":1,"name":"Accueil","item":"https:\/\/elevatesurf.ch\/"},{"@type":"ListItem","position":2,"name":"Shop &#8211; \u00c9levez Votre Exp\u00e9rience de Surf avec Notre Collection","item":"https:\/\/elevatesurf.ch\/shop\/"},{"@type":"ListItem","position":3,"name":"Indiana Foil HP Stabilizer Condor XS"}]},{"@type":"WebSite","@id":"https:\/\/elevatesurf.ch\/#website","url":"https:\/\/elevatesurf.ch\/","name":"Elevatesurf","description":"Surfez vers de nouveaux sommets avec ElevateSurf ! Kiteshop, Wingshop","publisher":{"@id":"https:\/\/elevatesurf.ch\/#organization"},"potentialAction":[{"@type":"SearchAction","target":{"@type":"EntryPoint","urlTemplate":"https:\/\/elevatesurf.ch\/?s={search_term_string}"},"query-input":"required name=search_term_string"}],"inLanguage":"fr-FR"},{"@type":"Organization","@id":"https:\/\/elevatesurf.ch\/#organization","name":"Elevatesurf","url":"https:\/\/elevatesurf.ch\/","logo":{"@type":"ImageObject","inLanguage":"fr-FR","@id":"https:\/\/elevatesurf.ch\/#\/schema\/logo\/image\/","url":"https:\/\/elevatesurf.ch\/wp-content\/uploads\/2024\/06\/67c2ec70-bdf5-4c14-898a-ded5b2051398.jpg","contentUrl":"https:\/\/elevatesurf.ch\/wp-content\/uploads\/2024\/06\/67c2ec70-bdf5-4c14-898a-ded5b2051398.jpg","width":1024,"height":1024,"caption":"Elevatesurf"},"image":{"@id":"https:\/\/elevatesurf.ch\/#\/schema\/logo\/image\/"},"sameAs":["https:\/\/www.instagram.com\/elevate__surf\/"]}]}},"_links":{"self":[{"href":"https:\/\/elevatesurf.ch\/fr\/wp-json\/wp\/v2\/product\/20266","targetHints":{"allow":["GET"]}}],"collection":[{"href":"https:\/\/elevatesurf.ch\/fr\/wp-json\/wp\/v2\/product"}],"about":[{"href":"https:\/\/elevatesurf.ch\/fr\/wp-json\/wp\/v2\/types\/product"}],"replies":[{"embeddable":true,"href":"https:\/\/elevatesurf.ch\/fr\/wp-json\/wp\/v2\/comments?post=20266"}],"wp:featuredmedia":[{"embeddable":true,"href":"https:\/\/elevatesurf.ch\/fr\/wp-json\/wp\/v2\/media\/20265"}],"wp:attachment":[{"href":"https:\/\/elevatesurf.ch\/fr\/wp-json\/wp\/v2\/media?parent=20266"}],"wp:term":[{"taxonomy":"product_cat","embeddable":true,"href":"https:\/\/elevatesurf.ch\/fr\/wp-json\/wp\/v2\/product_cat?post=20266"},{"taxonomy":"product_tag","embeddable":true,"href":"https:\/\/elevatesurf.ch\/fr\/wp-json\/wp\/v2\/product_tag?post=20266"}],"curies":[{"name":"wp","href":"https:\/\/api.w.org\/{rel}","templated":true}]}}