{"id":20274,"date":"2024-08-30T10:19:47","date_gmt":"2024-08-30T10:19:47","guid":{"rendered":"https:\/\/elevatesurf.ch\/product\/indiana-foil-hp-carbon-mast-lightning-hm-85\/"},"modified":"2026-01-10T08:41:26","modified_gmt":"2026-01-10T08:41:26","slug":"indiana-foil-hp-carbon-mast-lightning-hm-85","status":"publish","type":"product","link":"https:\/\/elevatesurf.ch\/fr\/product\/indiana-foil-hp-carbon-mast-lightning-hm-85\/","title":{"rendered":"Indiana Foil HP Carbon Mast Lightning HM 85"},"content":{"rendered":"<p>Der Indiana Foil HP Lightning 85 cm Carbon Mast ist der schnellste Masten aus dem Hause Indiana und wurde f\u00fcr Foiler entwickelt, die auf dem Wasser Spitzenleistung und Innovation verlangen. Dieser Hydrofoil-Mast wird im Kosovo vom Schweizer Carbon-Spezialisten Carbolink hergestellt. Er ist aus High Modulus Kohlefaser gefertigt und wird in einem Autoklav hergestellt, was ihn mit 1,3 kg zum leichtesten Serienmast auf dem Markt macht.<br \/>\nHauptmerkmale:<br \/>\nExtrem Leicht: Als leichtester Serienmast auf dem Markt, mit nur 1,3 kg, bietet der Lightning aussergew\u00f6hnliche Man\u00f6vrierf\u00e4higkeit und ein direkteres Fahrgef\u00fchl.<br \/>\n14 mm d\u00fcnnes Profil: Mit seinem 14 mm d\u00fcnnen Profil bietet der Mast das h\u00f6chste Geschwindigkeitspotential und hervorragende Stabilit\u00e4t. Der Lightning 85 bietet eine hohe Kontrolle auch unter schwierigen Bedingungen bei minimalem Widerstand.<br \/>\nVentilations-resistent: Der Mast wurde so designed, dass er hochgradig Ventilations-resistent ist. Er sorgt f\u00fcr smoothe und sorgenfreie Rides und verhindert Ventilation auch unter hoher Belastung.<br \/>\nPremium-Konstruktion: Der aus High Modulus Kohlefaser gefertigte und in einem Autoklav produzierte Mast bietet ein \u00fcberlegenes Verh\u00e4ltnis von Festigkeit zu Gewicht und sorgt f\u00fcr beispiellose Haltbarkeit und Agilit\u00e4t.<br \/>\nKompatibilit\u00e4t: Dieser Mast ist vollst\u00e4ndig kompatibel mit allen Indiana HP und Monobloc-Frontfl\u00fcgeln und Fuselagen.<br \/>\nStandard-Plate Mount Loch-Abstand: Mit dem standardm\u00e4ssigen Lochabstand von 90 x 165 mm auf der Montageplatte ist die Befestigung auf den meisten Boards auf dem Markt kompatibel. Plus 4 zus\u00e4tzliche L\u00f6cher falls mal die L\u00e4nge der Tracks nicht ausreichen die perfekte Position zu finden.<\/p>\n","protected":false},"excerpt":{"rendered":"<p>Der Indiana Foil HP Lightning 85 cm Carbon Mast ist der schnellste Masten aus dem Hause Indiana und wurde f\u00fcr Foiler entwickelt, die auf dem Wasser Spitzenleistung und Innovation verlangen. Dieser Hydrofoil-Mast wird im Kosovo vom Schweizer Carbon-Spezialisten Carbolink hergestellt. Er ist aus High Modulus Kohlefaser gefertigt und wird in einem Autoklav hergestellt, was ihn [&hellip;]<\/p>\n","protected":false},"featured_media":20273,"comment_status":"open","ping_status":"closed","template":"","meta":[],"product_cat":[1015,138],"product_tag":[],"class_list":{"0":"post-20274","1":"product","2":"type-product","3":"status-publish","4":"has-post-thumbnail","6":"product_cat-mats","7":"product_cat-wingfoil-suisse-acheter","8":"product_brand-indiana-suisse","10":"first","11":"instock","12":"shipping-taxable","13":"purchasable","14":"product-type-simple"},"yoast_head":"<!-- This site is optimized with the Yoast SEO plugin v22.8 - https:\/\/yoast.com\/wordpress\/plugins\/seo\/ -->\n<title>Indiana Foil HP Carbon Mast Lightning HM 85 - Elevatesurf<\/title>\n<meta name=\"description\" content=\"Elevatesurf Indiana Foil HP Carbon Mast Lightning HM 85\" \/>\n<meta name=\"robots\" content=\"index, follow, max-snippet:-1, max-image-preview:large, max-video-preview:-1\" \/>\n<link rel=\"canonical\" href=\"https:\/\/elevatesurf.ch\/fr\/product\/indiana-foil-hp-carbon-mast-lightning-hm-85\/\" \/>\n<meta property=\"og:locale\" content=\"fr_FR\" \/>\n<meta property=\"og:type\" content=\"article\" \/>\n<meta property=\"og:title\" content=\"Indiana Foil HP Carbon Mast Lightning HM 85 - Elevatesurf\" \/>\n<meta property=\"og:description\" content=\"Elevatesurf Indiana Foil HP Carbon Mast Lightning HM 85\" \/>\n<meta property=\"og:url\" content=\"https:\/\/elevatesurf.ch\/fr\/product\/indiana-foil-hp-carbon-mast-lightning-hm-85\/\" \/>\n<meta property=\"og:site_name\" content=\"Elevatesurf\" \/>\n<meta property=\"article:modified_time\" content=\"2026-01-10T08:41:26+00:00\" \/>\n<meta property=\"og:image\" content=\"https:\/\/elevatesurf.ch\/wp-content\/uploads\/2024\/08\/3547sq_indiana_foil_hp_carbon_mast_lightning_85.png\" \/>\n\t<meta property=\"og:image:width\" content=\"1734\" \/>\n\t<meta property=\"og:image:height\" content=\"1300\" \/>\n\t<meta property=\"og:image:type\" content=\"image\/png\" \/>\n<meta name=\"twitter:card\" content=\"summary_large_image\" \/>\n<meta name=\"twitter:label1\" content=\"Dur\u00e9e de lecture estim\u00e9e\" \/>\n\t<meta name=\"twitter:data1\" content=\"1 minute\" \/>\n<script type=\"application\/ld+json\" class=\"yoast-schema-graph\">{\"@context\":\"https:\/\/schema.org\",\"@graph\":[{\"@type\":[\"WebPage\",\"ItemPage\"],\"@id\":\"https:\/\/elevatesurf.ch\/product\/indiana-foil-hp-carbon-mast-lightning-hm-85\/\",\"url\":\"https:\/\/elevatesurf.ch\/product\/indiana-foil-hp-carbon-mast-lightning-hm-85\/\",\"name\":\"Indiana Foil HP Carbon Mast Lightning HM 85 - Elevatesurf\",\"isPartOf\":{\"@id\":\"https:\/\/elevatesurf.ch\/#website\"},\"primaryImageOfPage\":{\"@id\":\"https:\/\/elevatesurf.ch\/product\/indiana-foil-hp-carbon-mast-lightning-hm-85\/#primaryimage\"},\"image\":{\"@id\":\"https:\/\/elevatesurf.ch\/product\/indiana-foil-hp-carbon-mast-lightning-hm-85\/#primaryimage\"},\"thumbnailUrl\":\"https:\/\/elevatesurf.ch\/wp-content\/uploads\/2024\/08\/3547sq_indiana_foil_hp_carbon_mast_lightning_85.png\",\"datePublished\":\"2024-08-30T10:19:47+00:00\",\"dateModified\":\"2026-01-10T08:41:26+00:00\",\"description\":\"Elevatesurf Indiana Foil HP Carbon Mast Lightning HM 85\",\"breadcrumb\":{\"@id\":\"https:\/\/elevatesurf.ch\/product\/indiana-foil-hp-carbon-mast-lightning-hm-85\/#breadcrumb\"},\"inLanguage\":\"fr-FR\",\"potentialAction\":[{\"@type\":\"ReadAction\",\"target\":[\"https:\/\/elevatesurf.ch\/product\/indiana-foil-hp-carbon-mast-lightning-hm-85\/\"]}]},{\"@type\":\"ImageObject\",\"inLanguage\":\"fr-FR\",\"@id\":\"https:\/\/elevatesurf.ch\/product\/indiana-foil-hp-carbon-mast-lightning-hm-85\/#primaryimage\",\"url\":\"https:\/\/elevatesurf.ch\/wp-content\/uploads\/2024\/08\/3547sq_indiana_foil_hp_carbon_mast_lightning_85.png\",\"contentUrl\":\"https:\/\/elevatesurf.ch\/wp-content\/uploads\/2024\/08\/3547sq_indiana_foil_hp_carbon_mast_lightning_85.png\",\"width\":1734,\"height\":1300},{\"@type\":\"BreadcrumbList\",\"@id\":\"https:\/\/elevatesurf.ch\/product\/indiana-foil-hp-carbon-mast-lightning-hm-85\/#breadcrumb\",\"itemListElement\":[{\"@type\":\"ListItem\",\"position\":1,\"name\":\"Accueil\",\"item\":\"https:\/\/elevatesurf.ch\/\"},{\"@type\":\"ListItem\",\"position\":2,\"name\":\"Shop &#8211; \u00c9levez Votre Exp\u00e9rience de Surf avec Notre Collection\",\"item\":\"https:\/\/elevatesurf.ch\/shop\/\"},{\"@type\":\"ListItem\",\"position\":3,\"name\":\"Indiana Foil HP Carbon Mast Lightning HM 85\"}]},{\"@type\":\"WebSite\",\"@id\":\"https:\/\/elevatesurf.ch\/#website\",\"url\":\"https:\/\/elevatesurf.ch\/\",\"name\":\"Elevatesurf\",\"description\":\"Surfez vers de nouveaux sommets avec ElevateSurf ! Kiteshop, Wingshop\",\"publisher\":{\"@id\":\"https:\/\/elevatesurf.ch\/#organization\"},\"potentialAction\":[{\"@type\":\"SearchAction\",\"target\":{\"@type\":\"EntryPoint\",\"urlTemplate\":\"https:\/\/elevatesurf.ch\/?s={search_term_string}\"},\"query-input\":\"required name=search_term_string\"}],\"inLanguage\":\"fr-FR\"},{\"@type\":\"Organization\",\"@id\":\"https:\/\/elevatesurf.ch\/#organization\",\"name\":\"Elevatesurf\",\"url\":\"https:\/\/elevatesurf.ch\/\",\"logo\":{\"@type\":\"ImageObject\",\"inLanguage\":\"fr-FR\",\"@id\":\"https:\/\/elevatesurf.ch\/#\/schema\/logo\/image\/\",\"url\":\"https:\/\/elevatesurf.ch\/wp-content\/uploads\/2024\/06\/67c2ec70-bdf5-4c14-898a-ded5b2051398.jpg\",\"contentUrl\":\"https:\/\/elevatesurf.ch\/wp-content\/uploads\/2024\/06\/67c2ec70-bdf5-4c14-898a-ded5b2051398.jpg\",\"width\":1024,\"height\":1024,\"caption\":\"Elevatesurf\"},\"image\":{\"@id\":\"https:\/\/elevatesurf.ch\/#\/schema\/logo\/image\/\"},\"sameAs\":[\"https:\/\/www.instagram.com\/elevate__surf\/\"]}]}<\/script>\n<!-- \/ Yoast SEO plugin. -->","yoast_head_json":{"title":"Indiana Foil HP Carbon Mast Lightning HM 85 - Elevatesurf","description":"Elevatesurf Indiana Foil HP Carbon Mast Lightning HM 85","robots":{"index":"index","follow":"follow","max-snippet":"max-snippet:-1","max-image-preview":"max-image-preview:large","max-video-preview":"max-video-preview:-1"},"canonical":"https:\/\/elevatesurf.ch\/fr\/product\/indiana-foil-hp-carbon-mast-lightning-hm-85\/","og_locale":"fr_FR","og_type":"article","og_title":"Indiana Foil HP Carbon Mast Lightning HM 85 - Elevatesurf","og_description":"Elevatesurf Indiana Foil HP Carbon Mast Lightning HM 85","og_url":"https:\/\/elevatesurf.ch\/fr\/product\/indiana-foil-hp-carbon-mast-lightning-hm-85\/","og_site_name":"Elevatesurf","article_modified_time":"2026-01-10T08:41:26+00:00","og_image":[{"width":1734,"height":1300,"url":"https:\/\/elevatesurf.ch\/wp-content\/uploads\/2024\/08\/3547sq_indiana_foil_hp_carbon_mast_lightning_85.png","type":"image\/png"}],"twitter_card":"summary_large_image","twitter_misc":{"Dur\u00e9e de lecture estim\u00e9e":"1 minute"},"schema":{"@context":"https:\/\/schema.org","@graph":[{"@type":["WebPage","ItemPage"],"@id":"https:\/\/elevatesurf.ch\/product\/indiana-foil-hp-carbon-mast-lightning-hm-85\/","url":"https:\/\/elevatesurf.ch\/product\/indiana-foil-hp-carbon-mast-lightning-hm-85\/","name":"Indiana Foil HP Carbon Mast Lightning HM 85 - Elevatesurf","isPartOf":{"@id":"https:\/\/elevatesurf.ch\/#website"},"primaryImageOfPage":{"@id":"https:\/\/elevatesurf.ch\/product\/indiana-foil-hp-carbon-mast-lightning-hm-85\/#primaryimage"},"image":{"@id":"https:\/\/elevatesurf.ch\/product\/indiana-foil-hp-carbon-mast-lightning-hm-85\/#primaryimage"},"thumbnailUrl":"https:\/\/elevatesurf.ch\/wp-content\/uploads\/2024\/08\/3547sq_indiana_foil_hp_carbon_mast_lightning_85.png","datePublished":"2024-08-30T10:19:47+00:00","dateModified":"2026-01-10T08:41:26+00:00","description":"Elevatesurf Indiana Foil HP Carbon Mast Lightning HM 85","breadcrumb":{"@id":"https:\/\/elevatesurf.ch\/product\/indiana-foil-hp-carbon-mast-lightning-hm-85\/#breadcrumb"},"inLanguage":"fr-FR","potentialAction":[{"@type":"ReadAction","target":["https:\/\/elevatesurf.ch\/product\/indiana-foil-hp-carbon-mast-lightning-hm-85\/"]}]},{"@type":"ImageObject","inLanguage":"fr-FR","@id":"https:\/\/elevatesurf.ch\/product\/indiana-foil-hp-carbon-mast-lightning-hm-85\/#primaryimage","url":"https:\/\/elevatesurf.ch\/wp-content\/uploads\/2024\/08\/3547sq_indiana_foil_hp_carbon_mast_lightning_85.png","contentUrl":"https:\/\/elevatesurf.ch\/wp-content\/uploads\/2024\/08\/3547sq_indiana_foil_hp_carbon_mast_lightning_85.png","width":1734,"height":1300},{"@type":"BreadcrumbList","@id":"https:\/\/elevatesurf.ch\/product\/indiana-foil-hp-carbon-mast-lightning-hm-85\/#breadcrumb","itemListElement":[{"@type":"ListItem","position":1,"name":"Accueil","item":"https:\/\/elevatesurf.ch\/"},{"@type":"ListItem","position":2,"name":"Shop &#8211; \u00c9levez Votre Exp\u00e9rience de Surf avec Notre Collection","item":"https:\/\/elevatesurf.ch\/shop\/"},{"@type":"ListItem","position":3,"name":"Indiana Foil HP Carbon Mast Lightning HM 85"}]},{"@type":"WebSite","@id":"https:\/\/elevatesurf.ch\/#website","url":"https:\/\/elevatesurf.ch\/","name":"Elevatesurf","description":"Surfez vers de nouveaux sommets avec ElevateSurf ! Kiteshop, Wingshop","publisher":{"@id":"https:\/\/elevatesurf.ch\/#organization"},"potentialAction":[{"@type":"SearchAction","target":{"@type":"EntryPoint","urlTemplate":"https:\/\/elevatesurf.ch\/?s={search_term_string}"},"query-input":"required name=search_term_string"}],"inLanguage":"fr-FR"},{"@type":"Organization","@id":"https:\/\/elevatesurf.ch\/#organization","name":"Elevatesurf","url":"https:\/\/elevatesurf.ch\/","logo":{"@type":"ImageObject","inLanguage":"fr-FR","@id":"https:\/\/elevatesurf.ch\/#\/schema\/logo\/image\/","url":"https:\/\/elevatesurf.ch\/wp-content\/uploads\/2024\/06\/67c2ec70-bdf5-4c14-898a-ded5b2051398.jpg","contentUrl":"https:\/\/elevatesurf.ch\/wp-content\/uploads\/2024\/06\/67c2ec70-bdf5-4c14-898a-ded5b2051398.jpg","width":1024,"height":1024,"caption":"Elevatesurf"},"image":{"@id":"https:\/\/elevatesurf.ch\/#\/schema\/logo\/image\/"},"sameAs":["https:\/\/www.instagram.com\/elevate__surf\/"]}]}},"_links":{"self":[{"href":"https:\/\/elevatesurf.ch\/fr\/wp-json\/wp\/v2\/product\/20274","targetHints":{"allow":["GET"]}}],"collection":[{"href":"https:\/\/elevatesurf.ch\/fr\/wp-json\/wp\/v2\/product"}],"about":[{"href":"https:\/\/elevatesurf.ch\/fr\/wp-json\/wp\/v2\/types\/product"}],"replies":[{"embeddable":true,"href":"https:\/\/elevatesurf.ch\/fr\/wp-json\/wp\/v2\/comments?post=20274"}],"wp:featuredmedia":[{"embeddable":true,"href":"https:\/\/elevatesurf.ch\/fr\/wp-json\/wp\/v2\/media\/20273"}],"wp:attachment":[{"href":"https:\/\/elevatesurf.ch\/fr\/wp-json\/wp\/v2\/media?parent=20274"}],"wp:term":[{"taxonomy":"product_cat","embeddable":true,"href":"https:\/\/elevatesurf.ch\/fr\/wp-json\/wp\/v2\/product_cat?post=20274"},{"taxonomy":"product_tag","embeddable":true,"href":"https:\/\/elevatesurf.ch\/fr\/wp-json\/wp\/v2\/product_tag?post=20274"}],"curies":[{"name":"wp","href":"https:\/\/api.w.org\/{rel}","templated":true}]}}