{"id":20276,"date":"2024-08-30T10:19:48","date_gmt":"2024-08-30T10:19:48","guid":{"rendered":"https:\/\/elevatesurf.ch\/product\/indiana-foil-hp-alu-mast-charger-85-cm\/"},"modified":"2026-01-10T08:41:26","modified_gmt":"2026-01-10T08:41:26","slug":"indiana-foil-hp-alu-mast-charger-85-cm","status":"publish","type":"product","link":"https:\/\/elevatesurf.ch\/fr\/product\/indiana-foil-hp-alu-mast-charger-85-cm\/","title":{"rendered":"Indiana Foil HP Alu Mast Charger 85 cm"},"content":{"rendered":"<p>Alle Foiler sind mit dem 85 cm Alu-Mast gut unterwegs. Das neue Indiana Mastprofil sorgt f\u00fcr eine enorme Flex- und Torsions-Steifigkeit. Die Alu-Masten \u00fcbertragen daher die Steuerimpulse sehr schnell und direkt vom Board auf das Foil. Die Charger Masten werden mit einer hochwertiger Schutzh\u00fclle ausgeliefert.<br \/>\nNur kompatibel mit:Indiana Foil HP Fuselage Alu Adapter V2<br \/>\nIndiana Foil HP Baseplate Alu<br \/>\nPflege der Aluteile:<br \/>\nDie Verbindungen und Schrauben nach jedem Gebrauch einfach mit S\u00fc\u00dfwasser absp\u00fclen.<br \/>\nWenn das Foil l\u00e4nger nicht benutzt wird, ist es am besten, sie komplett auseinanderzubauen.Regelm\u00e4\u00dfig die Anoden in der Alu-Grundplatte und im Adapter checken. Die bauen sich nach einer Weile ab, das ist normal. Bei Nutzung des Foils im Salzwasser passiert das schneller. Die Anoden sollten ausgetauscht werden, wenn sie gebrochen oder rissig sind.<br \/>\nVor dem Zusammenbauen unbedingt alle Schrauben mit einer d\u00fcnnen Schicht Tef-Gel bestreichen. Das hilft, dass sie nicht rosten oder festbacken!<br \/>\n&nbsp;<\/p>\n","protected":false},"excerpt":{"rendered":"<p>Alle Foiler sind mit dem 85 cm Alu-Mast gut unterwegs. Das neue Indiana Mastprofil sorgt f\u00fcr eine enorme Flex- und Torsions-Steifigkeit. Die Alu-Masten \u00fcbertragen daher die Steuerimpulse sehr schnell und direkt vom Board auf das Foil. Die Charger Masten werden mit einer hochwertiger Schutzh\u00fclle ausgeliefert. Nur kompatibel mit:Indiana Foil HP Fuselage Alu Adapter V2 Indiana [&hellip;]<\/p>\n","protected":false},"featured_media":20275,"comment_status":"open","ping_status":"closed","template":"","meta":[],"product_cat":[1015,138],"product_tag":[],"class_list":{"0":"post-20276","1":"product","2":"type-product","3":"status-publish","4":"has-post-thumbnail","6":"product_cat-mats","7":"product_cat-wingfoil-suisse-acheter","8":"product_brand-indiana-suisse","10":"first","11":"instock","12":"shipping-taxable","13":"purchasable","14":"product-type-simple"},"yoast_head":"<!-- This site is optimized with the Yoast SEO plugin v22.8 - https:\/\/yoast.com\/wordpress\/plugins\/seo\/ -->\n<title>Indiana Foil HP Alu Mast Charger 85 cm - Elevatesurf<\/title>\n<meta name=\"description\" content=\"Elevatesurf Indiana Foil HP Alu Mast Charger 85 cm\" \/>\n<meta name=\"robots\" content=\"index, follow, max-snippet:-1, max-image-preview:large, max-video-preview:-1\" \/>\n<link rel=\"canonical\" href=\"https:\/\/elevatesurf.ch\/fr\/product\/indiana-foil-hp-alu-mast-charger-85-cm\/\" \/>\n<meta property=\"og:locale\" content=\"fr_FR\" \/>\n<meta property=\"og:type\" content=\"article\" \/>\n<meta property=\"og:title\" content=\"Indiana Foil HP Alu Mast Charger 85 cm - Elevatesurf\" \/>\n<meta property=\"og:description\" content=\"Elevatesurf Indiana Foil HP Alu Mast Charger 85 cm\" \/>\n<meta property=\"og:url\" content=\"https:\/\/elevatesurf.ch\/fr\/product\/indiana-foil-hp-alu-mast-charger-85-cm\/\" \/>\n<meta property=\"og:site_name\" content=\"Elevatesurf\" \/>\n<meta property=\"article:modified_time\" content=\"2026-01-10T08:41:26+00:00\" \/>\n<meta property=\"og:image\" content=\"https:\/\/elevatesurf.ch\/wp-content\/uploads\/2024\/08\/3537sq_indiana_foil_hp_alu_mast_charger_85.png\" \/>\n\t<meta property=\"og:image:width\" content=\"1733\" \/>\n\t<meta property=\"og:image:height\" content=\"1300\" \/>\n\t<meta property=\"og:image:type\" content=\"image\/png\" \/>\n<meta name=\"twitter:card\" content=\"summary_large_image\" \/>\n<meta name=\"twitter:label1\" content=\"Dur\u00e9e de lecture estim\u00e9e\" \/>\n\t<meta name=\"twitter:data1\" content=\"1 minute\" \/>\n<script type=\"application\/ld+json\" class=\"yoast-schema-graph\">{\"@context\":\"https:\/\/schema.org\",\"@graph\":[{\"@type\":[\"WebPage\",\"ItemPage\"],\"@id\":\"https:\/\/elevatesurf.ch\/product\/indiana-foil-hp-alu-mast-charger-85-cm\/\",\"url\":\"https:\/\/elevatesurf.ch\/product\/indiana-foil-hp-alu-mast-charger-85-cm\/\",\"name\":\"Indiana Foil HP Alu Mast Charger 85 cm - Elevatesurf\",\"isPartOf\":{\"@id\":\"https:\/\/elevatesurf.ch\/#website\"},\"primaryImageOfPage\":{\"@id\":\"https:\/\/elevatesurf.ch\/product\/indiana-foil-hp-alu-mast-charger-85-cm\/#primaryimage\"},\"image\":{\"@id\":\"https:\/\/elevatesurf.ch\/product\/indiana-foil-hp-alu-mast-charger-85-cm\/#primaryimage\"},\"thumbnailUrl\":\"https:\/\/elevatesurf.ch\/wp-content\/uploads\/2024\/08\/3537sq_indiana_foil_hp_alu_mast_charger_85.png\",\"datePublished\":\"2024-08-30T10:19:48+00:00\",\"dateModified\":\"2026-01-10T08:41:26+00:00\",\"description\":\"Elevatesurf Indiana Foil HP Alu Mast Charger 85 cm\",\"breadcrumb\":{\"@id\":\"https:\/\/elevatesurf.ch\/product\/indiana-foil-hp-alu-mast-charger-85-cm\/#breadcrumb\"},\"inLanguage\":\"fr-FR\",\"potentialAction\":[{\"@type\":\"ReadAction\",\"target\":[\"https:\/\/elevatesurf.ch\/product\/indiana-foil-hp-alu-mast-charger-85-cm\/\"]}]},{\"@type\":\"ImageObject\",\"inLanguage\":\"fr-FR\",\"@id\":\"https:\/\/elevatesurf.ch\/product\/indiana-foil-hp-alu-mast-charger-85-cm\/#primaryimage\",\"url\":\"https:\/\/elevatesurf.ch\/wp-content\/uploads\/2024\/08\/3537sq_indiana_foil_hp_alu_mast_charger_85.png\",\"contentUrl\":\"https:\/\/elevatesurf.ch\/wp-content\/uploads\/2024\/08\/3537sq_indiana_foil_hp_alu_mast_charger_85.png\",\"width\":1733,\"height\":1300},{\"@type\":\"BreadcrumbList\",\"@id\":\"https:\/\/elevatesurf.ch\/product\/indiana-foil-hp-alu-mast-charger-85-cm\/#breadcrumb\",\"itemListElement\":[{\"@type\":\"ListItem\",\"position\":1,\"name\":\"Accueil\",\"item\":\"https:\/\/elevatesurf.ch\/\"},{\"@type\":\"ListItem\",\"position\":2,\"name\":\"Shop &#8211; \u00c9levez Votre Exp\u00e9rience de Surf avec Notre Collection\",\"item\":\"https:\/\/elevatesurf.ch\/shop\/\"},{\"@type\":\"ListItem\",\"position\":3,\"name\":\"Indiana Foil HP Alu Mast Charger 85 cm\"}]},{\"@type\":\"WebSite\",\"@id\":\"https:\/\/elevatesurf.ch\/#website\",\"url\":\"https:\/\/elevatesurf.ch\/\",\"name\":\"Elevatesurf\",\"description\":\"Surfez vers de nouveaux sommets avec ElevateSurf ! Kiteshop, Wingshop\",\"publisher\":{\"@id\":\"https:\/\/elevatesurf.ch\/#organization\"},\"potentialAction\":[{\"@type\":\"SearchAction\",\"target\":{\"@type\":\"EntryPoint\",\"urlTemplate\":\"https:\/\/elevatesurf.ch\/?s={search_term_string}\"},\"query-input\":\"required name=search_term_string\"}],\"inLanguage\":\"fr-FR\"},{\"@type\":\"Organization\",\"@id\":\"https:\/\/elevatesurf.ch\/#organization\",\"name\":\"Elevatesurf\",\"url\":\"https:\/\/elevatesurf.ch\/\",\"logo\":{\"@type\":\"ImageObject\",\"inLanguage\":\"fr-FR\",\"@id\":\"https:\/\/elevatesurf.ch\/#\/schema\/logo\/image\/\",\"url\":\"https:\/\/elevatesurf.ch\/wp-content\/uploads\/2024\/06\/67c2ec70-bdf5-4c14-898a-ded5b2051398.jpg\",\"contentUrl\":\"https:\/\/elevatesurf.ch\/wp-content\/uploads\/2024\/06\/67c2ec70-bdf5-4c14-898a-ded5b2051398.jpg\",\"width\":1024,\"height\":1024,\"caption\":\"Elevatesurf\"},\"image\":{\"@id\":\"https:\/\/elevatesurf.ch\/#\/schema\/logo\/image\/\"},\"sameAs\":[\"https:\/\/www.instagram.com\/elevate__surf\/\"]}]}<\/script>\n<!-- \/ Yoast SEO plugin. -->","yoast_head_json":{"title":"Indiana Foil HP Alu Mast Charger 85 cm - Elevatesurf","description":"Elevatesurf Indiana Foil HP Alu Mast Charger 85 cm","robots":{"index":"index","follow":"follow","max-snippet":"max-snippet:-1","max-image-preview":"max-image-preview:large","max-video-preview":"max-video-preview:-1"},"canonical":"https:\/\/elevatesurf.ch\/fr\/product\/indiana-foil-hp-alu-mast-charger-85-cm\/","og_locale":"fr_FR","og_type":"article","og_title":"Indiana Foil HP Alu Mast Charger 85 cm - Elevatesurf","og_description":"Elevatesurf Indiana Foil HP Alu Mast Charger 85 cm","og_url":"https:\/\/elevatesurf.ch\/fr\/product\/indiana-foil-hp-alu-mast-charger-85-cm\/","og_site_name":"Elevatesurf","article_modified_time":"2026-01-10T08:41:26+00:00","og_image":[{"width":1733,"height":1300,"url":"https:\/\/elevatesurf.ch\/wp-content\/uploads\/2024\/08\/3537sq_indiana_foil_hp_alu_mast_charger_85.png","type":"image\/png"}],"twitter_card":"summary_large_image","twitter_misc":{"Dur\u00e9e de lecture estim\u00e9e":"1 minute"},"schema":{"@context":"https:\/\/schema.org","@graph":[{"@type":["WebPage","ItemPage"],"@id":"https:\/\/elevatesurf.ch\/product\/indiana-foil-hp-alu-mast-charger-85-cm\/","url":"https:\/\/elevatesurf.ch\/product\/indiana-foil-hp-alu-mast-charger-85-cm\/","name":"Indiana Foil HP Alu Mast Charger 85 cm - Elevatesurf","isPartOf":{"@id":"https:\/\/elevatesurf.ch\/#website"},"primaryImageOfPage":{"@id":"https:\/\/elevatesurf.ch\/product\/indiana-foil-hp-alu-mast-charger-85-cm\/#primaryimage"},"image":{"@id":"https:\/\/elevatesurf.ch\/product\/indiana-foil-hp-alu-mast-charger-85-cm\/#primaryimage"},"thumbnailUrl":"https:\/\/elevatesurf.ch\/wp-content\/uploads\/2024\/08\/3537sq_indiana_foil_hp_alu_mast_charger_85.png","datePublished":"2024-08-30T10:19:48+00:00","dateModified":"2026-01-10T08:41:26+00:00","description":"Elevatesurf Indiana Foil HP Alu Mast Charger 85 cm","breadcrumb":{"@id":"https:\/\/elevatesurf.ch\/product\/indiana-foil-hp-alu-mast-charger-85-cm\/#breadcrumb"},"inLanguage":"fr-FR","potentialAction":[{"@type":"ReadAction","target":["https:\/\/elevatesurf.ch\/product\/indiana-foil-hp-alu-mast-charger-85-cm\/"]}]},{"@type":"ImageObject","inLanguage":"fr-FR","@id":"https:\/\/elevatesurf.ch\/product\/indiana-foil-hp-alu-mast-charger-85-cm\/#primaryimage","url":"https:\/\/elevatesurf.ch\/wp-content\/uploads\/2024\/08\/3537sq_indiana_foil_hp_alu_mast_charger_85.png","contentUrl":"https:\/\/elevatesurf.ch\/wp-content\/uploads\/2024\/08\/3537sq_indiana_foil_hp_alu_mast_charger_85.png","width":1733,"height":1300},{"@type":"BreadcrumbList","@id":"https:\/\/elevatesurf.ch\/product\/indiana-foil-hp-alu-mast-charger-85-cm\/#breadcrumb","itemListElement":[{"@type":"ListItem","position":1,"name":"Accueil","item":"https:\/\/elevatesurf.ch\/"},{"@type":"ListItem","position":2,"name":"Shop &#8211; \u00c9levez Votre Exp\u00e9rience de Surf avec Notre Collection","item":"https:\/\/elevatesurf.ch\/shop\/"},{"@type":"ListItem","position":3,"name":"Indiana Foil HP Alu Mast Charger 85 cm"}]},{"@type":"WebSite","@id":"https:\/\/elevatesurf.ch\/#website","url":"https:\/\/elevatesurf.ch\/","name":"Elevatesurf","description":"Surfez vers de nouveaux sommets avec ElevateSurf ! Kiteshop, Wingshop","publisher":{"@id":"https:\/\/elevatesurf.ch\/#organization"},"potentialAction":[{"@type":"SearchAction","target":{"@type":"EntryPoint","urlTemplate":"https:\/\/elevatesurf.ch\/?s={search_term_string}"},"query-input":"required name=search_term_string"}],"inLanguage":"fr-FR"},{"@type":"Organization","@id":"https:\/\/elevatesurf.ch\/#organization","name":"Elevatesurf","url":"https:\/\/elevatesurf.ch\/","logo":{"@type":"ImageObject","inLanguage":"fr-FR","@id":"https:\/\/elevatesurf.ch\/#\/schema\/logo\/image\/","url":"https:\/\/elevatesurf.ch\/wp-content\/uploads\/2024\/06\/67c2ec70-bdf5-4c14-898a-ded5b2051398.jpg","contentUrl":"https:\/\/elevatesurf.ch\/wp-content\/uploads\/2024\/06\/67c2ec70-bdf5-4c14-898a-ded5b2051398.jpg","width":1024,"height":1024,"caption":"Elevatesurf"},"image":{"@id":"https:\/\/elevatesurf.ch\/#\/schema\/logo\/image\/"},"sameAs":["https:\/\/www.instagram.com\/elevate__surf\/"]}]}},"_links":{"self":[{"href":"https:\/\/elevatesurf.ch\/fr\/wp-json\/wp\/v2\/product\/20276","targetHints":{"allow":["GET"]}}],"collection":[{"href":"https:\/\/elevatesurf.ch\/fr\/wp-json\/wp\/v2\/product"}],"about":[{"href":"https:\/\/elevatesurf.ch\/fr\/wp-json\/wp\/v2\/types\/product"}],"replies":[{"embeddable":true,"href":"https:\/\/elevatesurf.ch\/fr\/wp-json\/wp\/v2\/comments?post=20276"}],"wp:featuredmedia":[{"embeddable":true,"href":"https:\/\/elevatesurf.ch\/fr\/wp-json\/wp\/v2\/media\/20275"}],"wp:attachment":[{"href":"https:\/\/elevatesurf.ch\/fr\/wp-json\/wp\/v2\/media?parent=20276"}],"wp:term":[{"taxonomy":"product_cat","embeddable":true,"href":"https:\/\/elevatesurf.ch\/fr\/wp-json\/wp\/v2\/product_cat?post=20276"},{"taxonomy":"product_tag","embeddable":true,"href":"https:\/\/elevatesurf.ch\/fr\/wp-json\/wp\/v2\/product_tag?post=20276"}],"curies":[{"name":"wp","href":"https:\/\/api.w.org\/{rel}","templated":true}]}}