{"id":20294,"date":"2024-08-30T10:20:16","date_gmt":"2024-08-30T10:20:16","guid":{"rendered":"https:\/\/elevatesurf.ch\/product\/indiana-105-pump-foil\/"},"modified":"2026-01-10T08:41:26","modified_gmt":"2026-01-10T08:41:26","slug":"indiana-105-pump-foil","status":"publish","type":"product","link":"https:\/\/elevatesurf.ch\/fr\/product\/indiana-105-pump-foil\/","title":{"rendered":"Indiana 105 Pump Foil"},"content":{"rendered":"<p>Speziel entwickelt f\u00fcr Anf\u00e4nger und Schulen die ein robustes und preiswertes Board zum lernen haben m\u00f6chten.&nbsp; Das 105 Pump Foil hat den selben Shape wie die Carbon version, ist aber in der robusteren Fiberglass Konstruction gebaut.&nbsp;<br \/>\nDie schlanke Outline, das konkave Deck, die progressiv Bevelled Rails und das Rounded \u201cV\u201d Bottom Unterwasserschiff sorgen f\u00fcr ein sehr progressives \u201eHeel to Toe\u201c Feeling mit hoher Agilit\u00e4t und un\u00fcbertroffener Touchdown-Recovery. Das Pumpfoil 105 cm richtet sich an talentierte Anf\u00e4nger bis hin zu schwereren fortgeschrittenen Fahrern, die ein k\u00fcrzeres Board suchen, mit dem sie problemlos Fortschritte machen k\u00f6nnen.Schlanke OutlineDank der schlankeren Outline sind die Boards reaktionsfreudiger und agiler, sodass das Board h\u00e4rter und enger gecarved werden kann, ohne bef\u00fcrchten zu m\u00fcssen, dass die Rail h\u00e4ngen bleibt.<br \/>\n32 cm Lio Tech-SchienenDie 32 cm langen, verstellbaren Tracks bietet euch einen enormen Spielraum zur Feinabstimmung des Fahrgef\u00fchls und der Leistung Ihres Boards, basierend auf Gr\u00f6\u00dfe, K\u00f6nnen und pers\u00f6nlichen Geschmack<br \/>\nKonkaves DeckDas konkave Deck sorgt f\u00fcr ein verbessertes Drehverhalten sowie eine progressiveres \u201eHeel to Toe\u201c Feeling. Es hilft auch bei der richtigen Fu\u00dfplatzierung, da man ein besseres Gef\u00fchl f\u00fcr die Kontur des Decks und den idealen Position bekommt.<br \/>\nGrab RailsDie Grab Rails geben beim Start einen sichereren Halt auf dem Board und dank des zus\u00e4tzlichen Volumens an den Rails ist das Board steifer und st\u00e4rker.<br \/>\nCroc-Skin-PadDie Croc-Skin-Pads bieten hervorragenden Halt, erm\u00f6glichen&nbsp; aber dennoch eine einfache Anpassung der Position.<\/p>\n","protected":false},"excerpt":{"rendered":"<p>Speziel entwickelt f\u00fcr Anf\u00e4nger und Schulen die ein robustes und preiswertes Board zum lernen haben m\u00f6chten.&nbsp; Das 105 Pump Foil hat den selben Shape wie die Carbon version, ist aber in der robusteren Fiberglass Konstruction gebaut.&nbsp; Die schlanke Outline, das konkave Deck, die progressiv Bevelled Rails und das Rounded \u201cV\u201d Bottom Unterwasserschiff sorgen f\u00fcr ein [&hellip;]<\/p>\n","protected":false},"featured_media":20293,"comment_status":"open","ping_status":"closed","template":"","meta":[],"product_cat":[594,138],"product_tag":[],"class_list":{"0":"post-20294","1":"product","2":"type-product","3":"status-publish","4":"has-post-thumbnail","6":"product_cat-planches","7":"product_cat-wingfoil-suisse-acheter","8":"product_brand-indiana-suisse","10":"first","11":"instock","12":"shipping-taxable","13":"purchasable","14":"product-type-simple"},"yoast_head":"<!-- This site is optimized with the Yoast SEO plugin v22.8 - https:\/\/yoast.com\/wordpress\/plugins\/seo\/ -->\n<title>Indiana 105 Pump Foil - Elevatesurf<\/title>\n<meta name=\"description\" content=\"Elevatesurf Indiana 105 Pump Foil\" \/>\n<meta name=\"robots\" content=\"index, follow, max-snippet:-1, max-image-preview:large, max-video-preview:-1\" \/>\n<link rel=\"canonical\" href=\"https:\/\/elevatesurf.ch\/fr\/product\/indiana-105-pump-foil\/\" \/>\n<meta property=\"og:locale\" content=\"fr_FR\" \/>\n<meta property=\"og:type\" content=\"article\" \/>\n<meta property=\"og:title\" content=\"Indiana 105 Pump Foil - Elevatesurf\" \/>\n<meta property=\"og:description\" content=\"Elevatesurf Indiana 105 Pump Foil\" \/>\n<meta property=\"og:url\" content=\"https:\/\/elevatesurf.ch\/fr\/product\/indiana-105-pump-foil\/\" \/>\n<meta property=\"og:site_name\" content=\"Elevatesurf\" \/>\n<meta property=\"article:modified_time\" content=\"2026-01-10T08:41:26+00:00\" \/>\n<meta property=\"og:image\" content=\"https:\/\/elevatesurf.ch\/wp-content\/uploads\/2024\/08\/3459sq_indiana_105_pump_foil.png\" \/>\n\t<meta property=\"og:image:width\" content=\"1100\" \/>\n\t<meta property=\"og:image:height\" content=\"1100\" \/>\n\t<meta property=\"og:image:type\" content=\"image\/png\" \/>\n<meta name=\"twitter:card\" content=\"summary_large_image\" \/>\n<meta name=\"twitter:label1\" content=\"Dur\u00e9e de lecture estim\u00e9e\" \/>\n\t<meta name=\"twitter:data1\" content=\"1 minute\" \/>\n<script type=\"application\/ld+json\" class=\"yoast-schema-graph\">{\"@context\":\"https:\/\/schema.org\",\"@graph\":[{\"@type\":[\"WebPage\",\"ItemPage\"],\"@id\":\"https:\/\/elevatesurf.ch\/product\/indiana-105-pump-foil\/\",\"url\":\"https:\/\/elevatesurf.ch\/product\/indiana-105-pump-foil\/\",\"name\":\"Indiana 105 Pump Foil - Elevatesurf\",\"isPartOf\":{\"@id\":\"https:\/\/elevatesurf.ch\/#website\"},\"primaryImageOfPage\":{\"@id\":\"https:\/\/elevatesurf.ch\/product\/indiana-105-pump-foil\/#primaryimage\"},\"image\":{\"@id\":\"https:\/\/elevatesurf.ch\/product\/indiana-105-pump-foil\/#primaryimage\"},\"thumbnailUrl\":\"https:\/\/elevatesurf.ch\/wp-content\/uploads\/2024\/08\/3459sq_indiana_105_pump_foil.png\",\"datePublished\":\"2024-08-30T10:20:16+00:00\",\"dateModified\":\"2026-01-10T08:41:26+00:00\",\"description\":\"Elevatesurf Indiana 105 Pump Foil\",\"breadcrumb\":{\"@id\":\"https:\/\/elevatesurf.ch\/product\/indiana-105-pump-foil\/#breadcrumb\"},\"inLanguage\":\"fr-FR\",\"potentialAction\":[{\"@type\":\"ReadAction\",\"target\":[\"https:\/\/elevatesurf.ch\/product\/indiana-105-pump-foil\/\"]}]},{\"@type\":\"ImageObject\",\"inLanguage\":\"fr-FR\",\"@id\":\"https:\/\/elevatesurf.ch\/product\/indiana-105-pump-foil\/#primaryimage\",\"url\":\"https:\/\/elevatesurf.ch\/wp-content\/uploads\/2024\/08\/3459sq_indiana_105_pump_foil.png\",\"contentUrl\":\"https:\/\/elevatesurf.ch\/wp-content\/uploads\/2024\/08\/3459sq_indiana_105_pump_foil.png\",\"width\":1100,\"height\":1100},{\"@type\":\"BreadcrumbList\",\"@id\":\"https:\/\/elevatesurf.ch\/product\/indiana-105-pump-foil\/#breadcrumb\",\"itemListElement\":[{\"@type\":\"ListItem\",\"position\":1,\"name\":\"Accueil\",\"item\":\"https:\/\/elevatesurf.ch\/\"},{\"@type\":\"ListItem\",\"position\":2,\"name\":\"Shop &#8211; \u00c9levez Votre Exp\u00e9rience de Surf avec Notre Collection\",\"item\":\"https:\/\/elevatesurf.ch\/shop\/\"},{\"@type\":\"ListItem\",\"position\":3,\"name\":\"Indiana 105 Pump Foil\"}]},{\"@type\":\"WebSite\",\"@id\":\"https:\/\/elevatesurf.ch\/#website\",\"url\":\"https:\/\/elevatesurf.ch\/\",\"name\":\"Elevatesurf\",\"description\":\"Surfez vers de nouveaux sommets avec ElevateSurf ! Kiteshop, Wingshop\",\"publisher\":{\"@id\":\"https:\/\/elevatesurf.ch\/#organization\"},\"potentialAction\":[{\"@type\":\"SearchAction\",\"target\":{\"@type\":\"EntryPoint\",\"urlTemplate\":\"https:\/\/elevatesurf.ch\/?s={search_term_string}\"},\"query-input\":\"required name=search_term_string\"}],\"inLanguage\":\"fr-FR\"},{\"@type\":\"Organization\",\"@id\":\"https:\/\/elevatesurf.ch\/#organization\",\"name\":\"Elevatesurf\",\"url\":\"https:\/\/elevatesurf.ch\/\",\"logo\":{\"@type\":\"ImageObject\",\"inLanguage\":\"fr-FR\",\"@id\":\"https:\/\/elevatesurf.ch\/#\/schema\/logo\/image\/\",\"url\":\"https:\/\/elevatesurf.ch\/wp-content\/uploads\/2024\/06\/67c2ec70-bdf5-4c14-898a-ded5b2051398.jpg\",\"contentUrl\":\"https:\/\/elevatesurf.ch\/wp-content\/uploads\/2024\/06\/67c2ec70-bdf5-4c14-898a-ded5b2051398.jpg\",\"width\":1024,\"height\":1024,\"caption\":\"Elevatesurf\"},\"image\":{\"@id\":\"https:\/\/elevatesurf.ch\/#\/schema\/logo\/image\/\"},\"sameAs\":[\"https:\/\/www.instagram.com\/elevate__surf\/\"]}]}<\/script>\n<!-- \/ Yoast SEO plugin. -->","yoast_head_json":{"title":"Indiana 105 Pump Foil - Elevatesurf","description":"Elevatesurf Indiana 105 Pump Foil","robots":{"index":"index","follow":"follow","max-snippet":"max-snippet:-1","max-image-preview":"max-image-preview:large","max-video-preview":"max-video-preview:-1"},"canonical":"https:\/\/elevatesurf.ch\/fr\/product\/indiana-105-pump-foil\/","og_locale":"fr_FR","og_type":"article","og_title":"Indiana 105 Pump Foil - Elevatesurf","og_description":"Elevatesurf Indiana 105 Pump Foil","og_url":"https:\/\/elevatesurf.ch\/fr\/product\/indiana-105-pump-foil\/","og_site_name":"Elevatesurf","article_modified_time":"2026-01-10T08:41:26+00:00","og_image":[{"width":1100,"height":1100,"url":"https:\/\/elevatesurf.ch\/wp-content\/uploads\/2024\/08\/3459sq_indiana_105_pump_foil.png","type":"image\/png"}],"twitter_card":"summary_large_image","twitter_misc":{"Dur\u00e9e de lecture estim\u00e9e":"1 minute"},"schema":{"@context":"https:\/\/schema.org","@graph":[{"@type":["WebPage","ItemPage"],"@id":"https:\/\/elevatesurf.ch\/product\/indiana-105-pump-foil\/","url":"https:\/\/elevatesurf.ch\/product\/indiana-105-pump-foil\/","name":"Indiana 105 Pump Foil - Elevatesurf","isPartOf":{"@id":"https:\/\/elevatesurf.ch\/#website"},"primaryImageOfPage":{"@id":"https:\/\/elevatesurf.ch\/product\/indiana-105-pump-foil\/#primaryimage"},"image":{"@id":"https:\/\/elevatesurf.ch\/product\/indiana-105-pump-foil\/#primaryimage"},"thumbnailUrl":"https:\/\/elevatesurf.ch\/wp-content\/uploads\/2024\/08\/3459sq_indiana_105_pump_foil.png","datePublished":"2024-08-30T10:20:16+00:00","dateModified":"2026-01-10T08:41:26+00:00","description":"Elevatesurf Indiana 105 Pump Foil","breadcrumb":{"@id":"https:\/\/elevatesurf.ch\/product\/indiana-105-pump-foil\/#breadcrumb"},"inLanguage":"fr-FR","potentialAction":[{"@type":"ReadAction","target":["https:\/\/elevatesurf.ch\/product\/indiana-105-pump-foil\/"]}]},{"@type":"ImageObject","inLanguage":"fr-FR","@id":"https:\/\/elevatesurf.ch\/product\/indiana-105-pump-foil\/#primaryimage","url":"https:\/\/elevatesurf.ch\/wp-content\/uploads\/2024\/08\/3459sq_indiana_105_pump_foil.png","contentUrl":"https:\/\/elevatesurf.ch\/wp-content\/uploads\/2024\/08\/3459sq_indiana_105_pump_foil.png","width":1100,"height":1100},{"@type":"BreadcrumbList","@id":"https:\/\/elevatesurf.ch\/product\/indiana-105-pump-foil\/#breadcrumb","itemListElement":[{"@type":"ListItem","position":1,"name":"Accueil","item":"https:\/\/elevatesurf.ch\/"},{"@type":"ListItem","position":2,"name":"Shop &#8211; \u00c9levez Votre Exp\u00e9rience de Surf avec Notre Collection","item":"https:\/\/elevatesurf.ch\/shop\/"},{"@type":"ListItem","position":3,"name":"Indiana 105 Pump Foil"}]},{"@type":"WebSite","@id":"https:\/\/elevatesurf.ch\/#website","url":"https:\/\/elevatesurf.ch\/","name":"Elevatesurf","description":"Surfez vers de nouveaux sommets avec ElevateSurf ! Kiteshop, Wingshop","publisher":{"@id":"https:\/\/elevatesurf.ch\/#organization"},"potentialAction":[{"@type":"SearchAction","target":{"@type":"EntryPoint","urlTemplate":"https:\/\/elevatesurf.ch\/?s={search_term_string}"},"query-input":"required name=search_term_string"}],"inLanguage":"fr-FR"},{"@type":"Organization","@id":"https:\/\/elevatesurf.ch\/#organization","name":"Elevatesurf","url":"https:\/\/elevatesurf.ch\/","logo":{"@type":"ImageObject","inLanguage":"fr-FR","@id":"https:\/\/elevatesurf.ch\/#\/schema\/logo\/image\/","url":"https:\/\/elevatesurf.ch\/wp-content\/uploads\/2024\/06\/67c2ec70-bdf5-4c14-898a-ded5b2051398.jpg","contentUrl":"https:\/\/elevatesurf.ch\/wp-content\/uploads\/2024\/06\/67c2ec70-bdf5-4c14-898a-ded5b2051398.jpg","width":1024,"height":1024,"caption":"Elevatesurf"},"image":{"@id":"https:\/\/elevatesurf.ch\/#\/schema\/logo\/image\/"},"sameAs":["https:\/\/www.instagram.com\/elevate__surf\/"]}]}},"_links":{"self":[{"href":"https:\/\/elevatesurf.ch\/fr\/wp-json\/wp\/v2\/product\/20294","targetHints":{"allow":["GET"]}}],"collection":[{"href":"https:\/\/elevatesurf.ch\/fr\/wp-json\/wp\/v2\/product"}],"about":[{"href":"https:\/\/elevatesurf.ch\/fr\/wp-json\/wp\/v2\/types\/product"}],"replies":[{"embeddable":true,"href":"https:\/\/elevatesurf.ch\/fr\/wp-json\/wp\/v2\/comments?post=20294"}],"wp:featuredmedia":[{"embeddable":true,"href":"https:\/\/elevatesurf.ch\/fr\/wp-json\/wp\/v2\/media\/20293"}],"wp:attachment":[{"href":"https:\/\/elevatesurf.ch\/fr\/wp-json\/wp\/v2\/media?parent=20294"}],"wp:term":[{"taxonomy":"product_cat","embeddable":true,"href":"https:\/\/elevatesurf.ch\/fr\/wp-json\/wp\/v2\/product_cat?post=20294"},{"taxonomy":"product_tag","embeddable":true,"href":"https:\/\/elevatesurf.ch\/fr\/wp-json\/wp\/v2\/product_tag?post=20294"}],"curies":[{"name":"wp","href":"https:\/\/api.w.org\/{rel}","templated":true}]}}