{"id":20296,"date":"2024-08-30T10:20:17","date_gmt":"2024-08-30T10:20:17","guid":{"rendered":"https:\/\/elevatesurf.ch\/product\/indiana-foil-hp-alu-fuselage-715-heavy-duty\/"},"modified":"2026-01-10T08:41:26","modified_gmt":"2026-01-10T08:41:26","slug":"indiana-foil-hp-alu-fuselage-715-heavy-duty","status":"publish","type":"product","link":"https:\/\/elevatesurf.ch\/fr\/product\/indiana-foil-hp-alu-fuselage-715-heavy-duty\/","title":{"rendered":"Indiana Foil HP Alu Fuselage 715 Heavy Duty"},"content":{"rendered":"<p>Da Foils immer gr\u00f6\u00dfer werden und Wingfoil-Freestyler und Dockstart Pumper radikale neue Tricks ausf\u00fchren die den Rumpf enorm belasten haben wir eine neue \u201eHeavy Duty\u201c Fuselage entwickelt.<br \/>\nDie neue Heavy Duty (HD) Aluminium 715-Fuselage ist stromlinienf\u00f6rmig, um den Widerstand zu minimieren und gleichzeitig maximale Haltbarkeit und eine starke, steife Verbindungen zum Frontfl\u00fcgel, Mast und Stabilisator zu bieten. Der HD-Rumpf verf\u00fcgt \u00fcber mehrere Stabilisatorpositionen, sodass die L\u00e4nge der Fuselage&nbsp; angepasst werden kann .&nbsp;Alle Indiana Alu-Fuselages sind f\u00fcr maximale Steifigkeit aus T6 6061-Aluminium CNC-geschnitten und f\u00fcr maximale Oxidationsbest\u00e4ndigkeit eloxiert.<br \/>\nDie HD Aluminium Fuselage&nbsp; ist mit den neuen Carbon LW- und LD-Masten sowie mit den Aluminium-Masten (mit Adapter) kompatibel.NOTIZ:&nbsp; Die 715 HD Fuselage ist nur mit dem neuen Flat-Stab Stabilisatoren kompatibel<\/p>\n<p>Pflege der Aluteile:<br \/>\nDie Verbindungen und Schrauben nach jedem Gebrauch einfach mit S\u00fc\u00dfwasser absp\u00fclen.<br \/>\nWenn das Foil l\u00e4nger nicht benutzt wird, ist es am besten, sie komplett auseinanderzubauen.Regelm\u00e4\u00dfig die Anoden in der Alu-Grundplatte und im Adapter checken. Die bauen sich nach einer Weile ab, das ist normal. Bei Nutzung des Foils im Salzwasser passiert das schneller. Die Anoden sollten ausgetauscht werden, wenn sie gebrochen oder rissig sind.<br \/>\nVor dem Zusammenbauen unbedingt alle Schrauben mit einer d\u00fcnnen Schicht Tef-Gel bestreichen. Das hilft, dass sie nicht rosten oder festbacken!<br \/>\n&nbsp;<\/p>\n","protected":false},"excerpt":{"rendered":"<p>Da Foils immer gr\u00f6\u00dfer werden und Wingfoil-Freestyler und Dockstart Pumper radikale neue Tricks ausf\u00fchren die den Rumpf enorm belasten haben wir eine neue \u201eHeavy Duty\u201c Fuselage entwickelt. Die neue Heavy Duty (HD) Aluminium 715-Fuselage ist stromlinienf\u00f6rmig, um den Widerstand zu minimieren und gleichzeitig maximale Haltbarkeit und eine starke, steife Verbindungen zum Frontfl\u00fcgel, Mast und Stabilisator [&hellip;]<\/p>\n","protected":false},"featured_media":20295,"comment_status":"open","ping_status":"closed","template":"","meta":[],"product_cat":[1017,138],"product_tag":[],"class_list":{"0":"post-20296","1":"product","2":"type-product","3":"status-publish","4":"has-post-thumbnail","6":"product_cat-fuselage","7":"product_cat-wingfoil-suisse-acheter","8":"product_brand-indiana-suisse","10":"first","11":"instock","12":"shipping-taxable","13":"purchasable","14":"product-type-simple"},"yoast_head":"<!-- This site is optimized with the Yoast SEO plugin v22.8 - https:\/\/yoast.com\/wordpress\/plugins\/seo\/ -->\n<title>Indiana Foil HP Alu Fuselage 715 Heavy Duty - Elevatesurf<\/title>\n<meta name=\"description\" content=\"Elevatesurf Indiana Foil HP Alu Fuselage 715 Heavy Duty\" \/>\n<meta name=\"robots\" content=\"index, follow, max-snippet:-1, max-image-preview:large, max-video-preview:-1\" \/>\n<link rel=\"canonical\" href=\"https:\/\/elevatesurf.ch\/fr\/product\/indiana-foil-hp-alu-fuselage-715-heavy-duty\/\" \/>\n<meta property=\"og:locale\" content=\"fr_FR\" \/>\n<meta property=\"og:type\" content=\"article\" \/>\n<meta property=\"og:title\" content=\"Indiana Foil HP Alu Fuselage 715 Heavy Duty - Elevatesurf\" \/>\n<meta property=\"og:description\" content=\"Elevatesurf Indiana Foil HP Alu Fuselage 715 Heavy Duty\" \/>\n<meta property=\"og:url\" content=\"https:\/\/elevatesurf.ch\/fr\/product\/indiana-foil-hp-alu-fuselage-715-heavy-duty\/\" \/>\n<meta property=\"og:site_name\" content=\"Elevatesurf\" \/>\n<meta property=\"article:modified_time\" content=\"2026-01-10T08:41:26+00:00\" \/>\n<meta property=\"og:image\" content=\"https:\/\/elevatesurf.ch\/wp-content\/uploads\/2024\/08\/3548sq_indiana_foil_hp_fuse_715-hd_top.png\" \/>\n\t<meta property=\"og:image:width\" content=\"1733\" \/>\n\t<meta property=\"og:image:height\" content=\"1300\" \/>\n\t<meta property=\"og:image:type\" content=\"image\/png\" \/>\n<meta name=\"twitter:card\" content=\"summary_large_image\" \/>\n<meta name=\"twitter:label1\" content=\"Dur\u00e9e de lecture estim\u00e9e\" \/>\n\t<meta name=\"twitter:data1\" content=\"1 minute\" \/>\n<script type=\"application\/ld+json\" class=\"yoast-schema-graph\">{\"@context\":\"https:\/\/schema.org\",\"@graph\":[{\"@type\":[\"WebPage\",\"ItemPage\"],\"@id\":\"https:\/\/elevatesurf.ch\/product\/indiana-foil-hp-alu-fuselage-715-heavy-duty\/\",\"url\":\"https:\/\/elevatesurf.ch\/product\/indiana-foil-hp-alu-fuselage-715-heavy-duty\/\",\"name\":\"Indiana Foil HP Alu Fuselage 715 Heavy Duty - Elevatesurf\",\"isPartOf\":{\"@id\":\"https:\/\/elevatesurf.ch\/#website\"},\"primaryImageOfPage\":{\"@id\":\"https:\/\/elevatesurf.ch\/product\/indiana-foil-hp-alu-fuselage-715-heavy-duty\/#primaryimage\"},\"image\":{\"@id\":\"https:\/\/elevatesurf.ch\/product\/indiana-foil-hp-alu-fuselage-715-heavy-duty\/#primaryimage\"},\"thumbnailUrl\":\"https:\/\/elevatesurf.ch\/wp-content\/uploads\/2024\/08\/3548sq_indiana_foil_hp_fuse_715-hd_top.png\",\"datePublished\":\"2024-08-30T10:20:17+00:00\",\"dateModified\":\"2026-01-10T08:41:26+00:00\",\"description\":\"Elevatesurf Indiana Foil HP Alu Fuselage 715 Heavy Duty\",\"breadcrumb\":{\"@id\":\"https:\/\/elevatesurf.ch\/product\/indiana-foil-hp-alu-fuselage-715-heavy-duty\/#breadcrumb\"},\"inLanguage\":\"fr-FR\",\"potentialAction\":[{\"@type\":\"ReadAction\",\"target\":[\"https:\/\/elevatesurf.ch\/product\/indiana-foil-hp-alu-fuselage-715-heavy-duty\/\"]}]},{\"@type\":\"ImageObject\",\"inLanguage\":\"fr-FR\",\"@id\":\"https:\/\/elevatesurf.ch\/product\/indiana-foil-hp-alu-fuselage-715-heavy-duty\/#primaryimage\",\"url\":\"https:\/\/elevatesurf.ch\/wp-content\/uploads\/2024\/08\/3548sq_indiana_foil_hp_fuse_715-hd_top.png\",\"contentUrl\":\"https:\/\/elevatesurf.ch\/wp-content\/uploads\/2024\/08\/3548sq_indiana_foil_hp_fuse_715-hd_top.png\",\"width\":1733,\"height\":1300},{\"@type\":\"BreadcrumbList\",\"@id\":\"https:\/\/elevatesurf.ch\/product\/indiana-foil-hp-alu-fuselage-715-heavy-duty\/#breadcrumb\",\"itemListElement\":[{\"@type\":\"ListItem\",\"position\":1,\"name\":\"Accueil\",\"item\":\"https:\/\/elevatesurf.ch\/\"},{\"@type\":\"ListItem\",\"position\":2,\"name\":\"Shop &#8211; \u00c9levez Votre Exp\u00e9rience de Surf avec Notre Collection\",\"item\":\"https:\/\/elevatesurf.ch\/shop\/\"},{\"@type\":\"ListItem\",\"position\":3,\"name\":\"Indiana Foil HP Alu Fuselage 715 Heavy Duty\"}]},{\"@type\":\"WebSite\",\"@id\":\"https:\/\/elevatesurf.ch\/#website\",\"url\":\"https:\/\/elevatesurf.ch\/\",\"name\":\"Elevatesurf\",\"description\":\"Surfez vers de nouveaux sommets avec ElevateSurf ! Kiteshop, Wingshop\",\"publisher\":{\"@id\":\"https:\/\/elevatesurf.ch\/#organization\"},\"potentialAction\":[{\"@type\":\"SearchAction\",\"target\":{\"@type\":\"EntryPoint\",\"urlTemplate\":\"https:\/\/elevatesurf.ch\/?s={search_term_string}\"},\"query-input\":\"required name=search_term_string\"}],\"inLanguage\":\"fr-FR\"},{\"@type\":\"Organization\",\"@id\":\"https:\/\/elevatesurf.ch\/#organization\",\"name\":\"Elevatesurf\",\"url\":\"https:\/\/elevatesurf.ch\/\",\"logo\":{\"@type\":\"ImageObject\",\"inLanguage\":\"fr-FR\",\"@id\":\"https:\/\/elevatesurf.ch\/#\/schema\/logo\/image\/\",\"url\":\"https:\/\/elevatesurf.ch\/wp-content\/uploads\/2024\/06\/67c2ec70-bdf5-4c14-898a-ded5b2051398.jpg\",\"contentUrl\":\"https:\/\/elevatesurf.ch\/wp-content\/uploads\/2024\/06\/67c2ec70-bdf5-4c14-898a-ded5b2051398.jpg\",\"width\":1024,\"height\":1024,\"caption\":\"Elevatesurf\"},\"image\":{\"@id\":\"https:\/\/elevatesurf.ch\/#\/schema\/logo\/image\/\"},\"sameAs\":[\"https:\/\/www.instagram.com\/elevate__surf\/\"]}]}<\/script>\n<!-- \/ Yoast SEO plugin. -->","yoast_head_json":{"title":"Indiana Foil HP Alu Fuselage 715 Heavy Duty - Elevatesurf","description":"Elevatesurf Indiana Foil HP Alu Fuselage 715 Heavy Duty","robots":{"index":"index","follow":"follow","max-snippet":"max-snippet:-1","max-image-preview":"max-image-preview:large","max-video-preview":"max-video-preview:-1"},"canonical":"https:\/\/elevatesurf.ch\/fr\/product\/indiana-foil-hp-alu-fuselage-715-heavy-duty\/","og_locale":"fr_FR","og_type":"article","og_title":"Indiana Foil HP Alu Fuselage 715 Heavy Duty - Elevatesurf","og_description":"Elevatesurf Indiana Foil HP Alu Fuselage 715 Heavy Duty","og_url":"https:\/\/elevatesurf.ch\/fr\/product\/indiana-foil-hp-alu-fuselage-715-heavy-duty\/","og_site_name":"Elevatesurf","article_modified_time":"2026-01-10T08:41:26+00:00","og_image":[{"width":1733,"height":1300,"url":"https:\/\/elevatesurf.ch\/wp-content\/uploads\/2024\/08\/3548sq_indiana_foil_hp_fuse_715-hd_top.png","type":"image\/png"}],"twitter_card":"summary_large_image","twitter_misc":{"Dur\u00e9e de lecture estim\u00e9e":"1 minute"},"schema":{"@context":"https:\/\/schema.org","@graph":[{"@type":["WebPage","ItemPage"],"@id":"https:\/\/elevatesurf.ch\/product\/indiana-foil-hp-alu-fuselage-715-heavy-duty\/","url":"https:\/\/elevatesurf.ch\/product\/indiana-foil-hp-alu-fuselage-715-heavy-duty\/","name":"Indiana Foil HP Alu Fuselage 715 Heavy Duty - Elevatesurf","isPartOf":{"@id":"https:\/\/elevatesurf.ch\/#website"},"primaryImageOfPage":{"@id":"https:\/\/elevatesurf.ch\/product\/indiana-foil-hp-alu-fuselage-715-heavy-duty\/#primaryimage"},"image":{"@id":"https:\/\/elevatesurf.ch\/product\/indiana-foil-hp-alu-fuselage-715-heavy-duty\/#primaryimage"},"thumbnailUrl":"https:\/\/elevatesurf.ch\/wp-content\/uploads\/2024\/08\/3548sq_indiana_foil_hp_fuse_715-hd_top.png","datePublished":"2024-08-30T10:20:17+00:00","dateModified":"2026-01-10T08:41:26+00:00","description":"Elevatesurf Indiana Foil HP Alu Fuselage 715 Heavy Duty","breadcrumb":{"@id":"https:\/\/elevatesurf.ch\/product\/indiana-foil-hp-alu-fuselage-715-heavy-duty\/#breadcrumb"},"inLanguage":"fr-FR","potentialAction":[{"@type":"ReadAction","target":["https:\/\/elevatesurf.ch\/product\/indiana-foil-hp-alu-fuselage-715-heavy-duty\/"]}]},{"@type":"ImageObject","inLanguage":"fr-FR","@id":"https:\/\/elevatesurf.ch\/product\/indiana-foil-hp-alu-fuselage-715-heavy-duty\/#primaryimage","url":"https:\/\/elevatesurf.ch\/wp-content\/uploads\/2024\/08\/3548sq_indiana_foil_hp_fuse_715-hd_top.png","contentUrl":"https:\/\/elevatesurf.ch\/wp-content\/uploads\/2024\/08\/3548sq_indiana_foil_hp_fuse_715-hd_top.png","width":1733,"height":1300},{"@type":"BreadcrumbList","@id":"https:\/\/elevatesurf.ch\/product\/indiana-foil-hp-alu-fuselage-715-heavy-duty\/#breadcrumb","itemListElement":[{"@type":"ListItem","position":1,"name":"Accueil","item":"https:\/\/elevatesurf.ch\/"},{"@type":"ListItem","position":2,"name":"Shop &#8211; \u00c9levez Votre Exp\u00e9rience de Surf avec Notre Collection","item":"https:\/\/elevatesurf.ch\/shop\/"},{"@type":"ListItem","position":3,"name":"Indiana Foil HP Alu Fuselage 715 Heavy Duty"}]},{"@type":"WebSite","@id":"https:\/\/elevatesurf.ch\/#website","url":"https:\/\/elevatesurf.ch\/","name":"Elevatesurf","description":"Surfez vers de nouveaux sommets avec ElevateSurf ! Kiteshop, Wingshop","publisher":{"@id":"https:\/\/elevatesurf.ch\/#organization"},"potentialAction":[{"@type":"SearchAction","target":{"@type":"EntryPoint","urlTemplate":"https:\/\/elevatesurf.ch\/?s={search_term_string}"},"query-input":"required name=search_term_string"}],"inLanguage":"fr-FR"},{"@type":"Organization","@id":"https:\/\/elevatesurf.ch\/#organization","name":"Elevatesurf","url":"https:\/\/elevatesurf.ch\/","logo":{"@type":"ImageObject","inLanguage":"fr-FR","@id":"https:\/\/elevatesurf.ch\/#\/schema\/logo\/image\/","url":"https:\/\/elevatesurf.ch\/wp-content\/uploads\/2024\/06\/67c2ec70-bdf5-4c14-898a-ded5b2051398.jpg","contentUrl":"https:\/\/elevatesurf.ch\/wp-content\/uploads\/2024\/06\/67c2ec70-bdf5-4c14-898a-ded5b2051398.jpg","width":1024,"height":1024,"caption":"Elevatesurf"},"image":{"@id":"https:\/\/elevatesurf.ch\/#\/schema\/logo\/image\/"},"sameAs":["https:\/\/www.instagram.com\/elevate__surf\/"]}]}},"_links":{"self":[{"href":"https:\/\/elevatesurf.ch\/fr\/wp-json\/wp\/v2\/product\/20296","targetHints":{"allow":["GET"]}}],"collection":[{"href":"https:\/\/elevatesurf.ch\/fr\/wp-json\/wp\/v2\/product"}],"about":[{"href":"https:\/\/elevatesurf.ch\/fr\/wp-json\/wp\/v2\/types\/product"}],"replies":[{"embeddable":true,"href":"https:\/\/elevatesurf.ch\/fr\/wp-json\/wp\/v2\/comments?post=20296"}],"wp:featuredmedia":[{"embeddable":true,"href":"https:\/\/elevatesurf.ch\/fr\/wp-json\/wp\/v2\/media\/20295"}],"wp:attachment":[{"href":"https:\/\/elevatesurf.ch\/fr\/wp-json\/wp\/v2\/media?parent=20296"}],"wp:term":[{"taxonomy":"product_cat","embeddable":true,"href":"https:\/\/elevatesurf.ch\/fr\/wp-json\/wp\/v2\/product_cat?post=20296"},{"taxonomy":"product_tag","embeddable":true,"href":"https:\/\/elevatesurf.ch\/fr\/wp-json\/wp\/v2\/product_tag?post=20296"}],"curies":[{"name":"wp","href":"https:\/\/api.w.org\/{rel}","templated":true}]}}