{"id":20304,"date":"2024-08-30T10:20:29","date_gmt":"2024-08-30T10:20:29","guid":{"rendered":"https:\/\/elevatesurf.ch\/product\/indiana-94-pump-foil-carbon-von-roll\/"},"modified":"2026-05-14T17:54:00","modified_gmt":"2026-05-14T17:54:00","slug":"indiana-94-pump-foil-carbon-von-roll","status":"publish","type":"product","link":"https:\/\/elevatesurf.ch\/fr\/product\/indiana-94-pump-foil-carbon-von-roll\/","title":{"rendered":"Indiana 94 Pump Foil Carbon &lsquo;Von Roll&rsquo;"},"content":{"rendered":"<p>Das Rob von Roll Signature Pumpfoil Board ist ideal f\u00fcr alle, die im Freestyle Pumpfoiling durchstarten wollen. Mit seiner einzigartigen Form, bei der das Heck breiter ist als die Nase, sorgt dieses Board f\u00fcr einen optimalen Hebel beim Carven. Das macht das Pumpen mit gr\u00f6sseren Foils einfacher und spassiger.<\/p>\n<p><strong>Einzigartiger Shape:<\/strong> Entwickelt von Pumpfoil-Wunderkind Rob von Roll und Shaper Andi Widmann, mit einer L\u00e4nge von 94 cm und einer Breite (im Hinteren Fuss Bereich) von 46 cm bietet das Board den perfekten Kompromiss aus Stabilit\u00e4t und Wendigkeit. Unabh\u00e4ngig von den F\u00e4higkeiten der Rider reagiert das Board direkt und vermittelt ein sicheres Fahrgef\u00fchl.<\/p>\n<p><strong>Geringes Swingweight:<\/strong> Die schmale Nase reduziert das Swing-Weight des Boards enorm, was l\u00e4ngere Rides erm\u00f6glicht.<\/p>\n<p><strong>Freestyle Pumpfoil: <\/strong>Besonders geeignet f\u00fcr Freestyle Pumpfoiling, erm\u00f6glicht das Board kreative Tricks durch seine Einzigartige Heckform. Es ist gen\u00fcgend Platz um mit dem hinteren Fuss f\u00fcr jeden Trick eine bequeme Position zu finden. Die Geometry ist so konzipiert, dass maximale Effizienz beim Pumpen m\u00f6glich ist. Das macht das Starten und das Anpumpen nach Tricks wesentlich einfacher. Dank dem breiten Heck l\u00e4sst es sich sehr gut zur\u00fcck ans Dock paddeln.<\/p>\n<p><strong>Croc-Skin-Pad<\/strong><br \/>Der Croc-Skin-Pad bieten hervorragenden Halt, erm\u00f6glicht&nbsp; aber dennoch eine einfache Anpassung der Fussposition.<\/p>\n<p><strong>Grab-Rails<\/strong><br \/>Die Grab Rails geben beim Start einen sichereren Halt auf dem Board und dank des zus\u00e4tzlichen Volumens an den Rails ist das Board steifer und st\u00e4rker.<\/p>\n<p><strong>Konstruktion:<\/strong> Das Von Roll 94 hat einen Closed Cell PVC Schaumkern mit einer Carbon-H\u00fclle, die im Vacuum laminiert wird. Dies macht das Board sehr leicht und robust.<\/p>\n<p><strong>32 cm Lio-Tec Foilboxen<\/strong><br \/>Die 32 cm langen Tracks bieten einen enormen Spielraum zur Feinabstimmung des Fahrgef\u00fchls basierend auf Foil, K\u00f6rpergr\u00f6sse, K\u00f6nnen und pers\u00f6nlichem Geschmack.<\/p>\n","protected":false},"excerpt":{"rendered":"<p>Das Rob von Roll Signature Pumpfoil Board ist ideal f\u00fcr alle, die im Freestyle Pumpfoiling durchstarten wollen. Mit seiner einzigartigen Form, bei der das Heck breiter ist als die Nase, sorgt dieses Board f\u00fcr einen optimalen Hebel beim Carven. Das macht das Pumpen mit gr\u00f6sseren Foils einfacher und spassiger. Einzigartiger Shape: Entwickelt von Pumpfoil-Wunderkind Rob [&hellip;]<\/p>\n","protected":false},"featured_media":20303,"comment_status":"open","ping_status":"closed","template":"","meta":[],"product_cat":[977,1087],"product_tag":[],"class_list":{"0":"post-20304","1":"product","2":"type-product","3":"status-publish","4":"has-post-thumbnail","6":"product_cat-accessoires","7":"product_cat-pompes","8":"product_brand-indiana-suisse","10":"first","11":"instock","12":"shipping-taxable","13":"purchasable","14":"product-type-simple"},"yoast_head":"<!-- This site is optimized with the Yoast SEO plugin v22.8 - https:\/\/yoast.com\/wordpress\/plugins\/seo\/ -->\n<title>Indiana 94 Pump Foil Carbon &#039;Von Roll&#039; | Elevatesurf<\/title>\n<meta name=\"description\" content=\"Das Rob von Roll Signature Pumpfoil Board ist ideal f\u00fcr alle, die im Freestyle Pumpfoil\u2026 Disponible chez Elevatesurf, shop wingfoil &amp; kitesurf \u00e0 Neuch\u00e2tel.\" \/>\n<meta name=\"robots\" content=\"index, follow, max-snippet:-1, max-image-preview:large, max-video-preview:-1\" \/>\n<link rel=\"canonical\" href=\"https:\/\/elevatesurf.ch\/fr\/product\/indiana-94-pump-foil-carbon-von-roll\/\" \/>\n<meta property=\"og:locale\" content=\"fr_FR\" \/>\n<meta property=\"og:type\" content=\"article\" \/>\n<meta property=\"og:title\" content=\"Indiana 94 Pump Foil Carbon &#039;Von Roll&#039; | Elevatesurf\" \/>\n<meta property=\"og:description\" content=\"Das Rob von Roll Signature Pumpfoil Board ist ideal f\u00fcr alle, die im Freestyle Pumpfoil\u2026 Disponible chez Elevatesurf, shop wingfoil &amp; kitesurf \u00e0 Neuch\u00e2tel.\" \/>\n<meta property=\"og:url\" content=\"https:\/\/elevatesurf.ch\/fr\/product\/indiana-94-pump-foil-carbon-von-roll\/\" \/>\n<meta property=\"og:site_name\" content=\"Elevatesurf\" \/>\n<meta property=\"article:modified_time\" content=\"2026-05-14T17:54:00+00:00\" \/>\n<meta property=\"og:image\" content=\"https:\/\/elevatesurf.ch\/wp-content\/uploads\/2024\/08\/3266sq_indiana_94_pump_foil_carbon_von_roll.png\" \/>\n\t<meta property=\"og:image:width\" content=\"1300\" \/>\n\t<meta property=\"og:image:height\" content=\"1300\" \/>\n\t<meta property=\"og:image:type\" content=\"image\/png\" \/>\n<meta name=\"twitter:card\" content=\"summary_large_image\" \/>\n<meta name=\"twitter:label1\" content=\"Dur\u00e9e de lecture estim\u00e9e\" \/>\n\t<meta name=\"twitter:data1\" content=\"1 minute\" \/>\n<script type=\"application\/ld+json\" class=\"yoast-schema-graph\">{\"@context\":\"https:\/\/schema.org\",\"@graph\":[{\"@type\":[\"WebPage\",\"ItemPage\"],\"@id\":\"https:\/\/elevatesurf.ch\/product\/indiana-94-pump-foil-carbon-von-roll\/\",\"url\":\"https:\/\/elevatesurf.ch\/product\/indiana-94-pump-foil-carbon-von-roll\/\",\"name\":\"Indiana 94 Pump Foil Carbon 'Von Roll' | Elevatesurf\",\"isPartOf\":{\"@id\":\"https:\/\/elevatesurf.ch\/#website\"},\"primaryImageOfPage\":{\"@id\":\"https:\/\/elevatesurf.ch\/product\/indiana-94-pump-foil-carbon-von-roll\/#primaryimage\"},\"image\":{\"@id\":\"https:\/\/elevatesurf.ch\/product\/indiana-94-pump-foil-carbon-von-roll\/#primaryimage\"},\"thumbnailUrl\":\"https:\/\/elevatesurf.ch\/wp-content\/uploads\/2024\/08\/3266sq_indiana_94_pump_foil_carbon_von_roll.png\",\"datePublished\":\"2024-08-30T10:20:29+00:00\",\"dateModified\":\"2026-05-14T17:54:00+00:00\",\"description\":\"Das Rob von Roll Signature Pumpfoil Board ist ideal f\u00fcr alle, die im Freestyle Pumpfoil\u2026 Disponible chez Elevatesurf, shop wingfoil & kitesurf \u00e0 Neuch\u00e2tel.\",\"breadcrumb\":{\"@id\":\"https:\/\/elevatesurf.ch\/product\/indiana-94-pump-foil-carbon-von-roll\/#breadcrumb\"},\"inLanguage\":\"fr-FR\",\"potentialAction\":[{\"@type\":\"ReadAction\",\"target\":[\"https:\/\/elevatesurf.ch\/product\/indiana-94-pump-foil-carbon-von-roll\/\"]}]},{\"@type\":\"ImageObject\",\"inLanguage\":\"fr-FR\",\"@id\":\"https:\/\/elevatesurf.ch\/product\/indiana-94-pump-foil-carbon-von-roll\/#primaryimage\",\"url\":\"https:\/\/elevatesurf.ch\/wp-content\/uploads\/2024\/08\/3266sq_indiana_94_pump_foil_carbon_von_roll.png\",\"contentUrl\":\"https:\/\/elevatesurf.ch\/wp-content\/uploads\/2024\/08\/3266sq_indiana_94_pump_foil_carbon_von_roll.png\",\"width\":1300,\"height\":1300},{\"@type\":\"BreadcrumbList\",\"@id\":\"https:\/\/elevatesurf.ch\/product\/indiana-94-pump-foil-carbon-von-roll\/#breadcrumb\",\"itemListElement\":[{\"@type\":\"ListItem\",\"position\":1,\"name\":\"Accueil\",\"item\":\"https:\/\/elevatesurf.ch\/\"},{\"@type\":\"ListItem\",\"position\":2,\"name\":\"Boutique \u2013 Wingfoil, Kitesurf &#038; Accessoires\",\"item\":\"https:\/\/elevatesurf.ch\/shop\/\"},{\"@type\":\"ListItem\",\"position\":3,\"name\":\"Indiana 94 Pump Foil Carbon &#8216;Von Roll&#8217;\"}]},{\"@type\":\"WebSite\",\"@id\":\"https:\/\/elevatesurf.ch\/#website\",\"url\":\"https:\/\/elevatesurf.ch\/\",\"name\":\"Elevatesurf\",\"description\":\"Surfez vers de nouveaux sommets avec ElevateSurf ! Kiteshop, Wingshop\",\"publisher\":{\"@id\":\"https:\/\/elevatesurf.ch\/#organization\"},\"potentialAction\":[{\"@type\":\"SearchAction\",\"target\":{\"@type\":\"EntryPoint\",\"urlTemplate\":\"https:\/\/elevatesurf.ch\/?s={search_term_string}\"},\"query-input\":\"required name=search_term_string\"}],\"inLanguage\":\"fr-FR\"},{\"@type\":\"Organization\",\"@id\":\"https:\/\/elevatesurf.ch\/#organization\",\"name\":\"Elevatesurf\",\"url\":\"https:\/\/elevatesurf.ch\/\",\"logo\":{\"@type\":\"ImageObject\",\"inLanguage\":\"fr-FR\",\"@id\":\"https:\/\/elevatesurf.ch\/#\/schema\/logo\/image\/\",\"url\":\"https:\/\/elevatesurf.ch\/wp-content\/uploads\/2024\/06\/67c2ec70-bdf5-4c14-898a-ded5b2051398.jpg\",\"contentUrl\":\"https:\/\/elevatesurf.ch\/wp-content\/uploads\/2024\/06\/67c2ec70-bdf5-4c14-898a-ded5b2051398.jpg\",\"width\":1024,\"height\":1024,\"caption\":\"Elevatesurf\"},\"image\":{\"@id\":\"https:\/\/elevatesurf.ch\/#\/schema\/logo\/image\/\"},\"sameAs\":[\"https:\/\/www.instagram.com\/elevate__surf\/\"]}]}<\/script>\n<!-- \/ Yoast SEO plugin. -->","yoast_head_json":{"title":"Indiana 94 Pump Foil Carbon 'Von Roll' | Elevatesurf","description":"Das Rob von Roll Signature Pumpfoil Board ist ideal f\u00fcr alle, die im Freestyle Pumpfoil\u2026 Disponible chez Elevatesurf, shop wingfoil & kitesurf \u00e0 Neuch\u00e2tel.","robots":{"index":"index","follow":"follow","max-snippet":"max-snippet:-1","max-image-preview":"max-image-preview:large","max-video-preview":"max-video-preview:-1"},"canonical":"https:\/\/elevatesurf.ch\/fr\/product\/indiana-94-pump-foil-carbon-von-roll\/","og_locale":"fr_FR","og_type":"article","og_title":"Indiana 94 Pump Foil Carbon 'Von Roll' | Elevatesurf","og_description":"Das Rob von Roll Signature Pumpfoil Board ist ideal f\u00fcr alle, die im Freestyle Pumpfoil\u2026 Disponible chez Elevatesurf, shop wingfoil & kitesurf \u00e0 Neuch\u00e2tel.","og_url":"https:\/\/elevatesurf.ch\/fr\/product\/indiana-94-pump-foil-carbon-von-roll\/","og_site_name":"Elevatesurf","article_modified_time":"2026-05-14T17:54:00+00:00","og_image":[{"width":1300,"height":1300,"url":"https:\/\/elevatesurf.ch\/wp-content\/uploads\/2024\/08\/3266sq_indiana_94_pump_foil_carbon_von_roll.png","type":"image\/png"}],"twitter_card":"summary_large_image","twitter_misc":{"Dur\u00e9e de lecture estim\u00e9e":"1 minute"},"schema":{"@context":"https:\/\/schema.org","@graph":[{"@type":["WebPage","ItemPage"],"@id":"https:\/\/elevatesurf.ch\/product\/indiana-94-pump-foil-carbon-von-roll\/","url":"https:\/\/elevatesurf.ch\/product\/indiana-94-pump-foil-carbon-von-roll\/","name":"Indiana 94 Pump Foil Carbon 'Von Roll' | Elevatesurf","isPartOf":{"@id":"https:\/\/elevatesurf.ch\/#website"},"primaryImageOfPage":{"@id":"https:\/\/elevatesurf.ch\/product\/indiana-94-pump-foil-carbon-von-roll\/#primaryimage"},"image":{"@id":"https:\/\/elevatesurf.ch\/product\/indiana-94-pump-foil-carbon-von-roll\/#primaryimage"},"thumbnailUrl":"https:\/\/elevatesurf.ch\/wp-content\/uploads\/2024\/08\/3266sq_indiana_94_pump_foil_carbon_von_roll.png","datePublished":"2024-08-30T10:20:29+00:00","dateModified":"2026-05-14T17:54:00+00:00","description":"Das Rob von Roll Signature Pumpfoil Board ist ideal f\u00fcr alle, die im Freestyle Pumpfoil\u2026 Disponible chez Elevatesurf, shop wingfoil & kitesurf \u00e0 Neuch\u00e2tel.","breadcrumb":{"@id":"https:\/\/elevatesurf.ch\/product\/indiana-94-pump-foil-carbon-von-roll\/#breadcrumb"},"inLanguage":"fr-FR","potentialAction":[{"@type":"ReadAction","target":["https:\/\/elevatesurf.ch\/product\/indiana-94-pump-foil-carbon-von-roll\/"]}]},{"@type":"ImageObject","inLanguage":"fr-FR","@id":"https:\/\/elevatesurf.ch\/product\/indiana-94-pump-foil-carbon-von-roll\/#primaryimage","url":"https:\/\/elevatesurf.ch\/wp-content\/uploads\/2024\/08\/3266sq_indiana_94_pump_foil_carbon_von_roll.png","contentUrl":"https:\/\/elevatesurf.ch\/wp-content\/uploads\/2024\/08\/3266sq_indiana_94_pump_foil_carbon_von_roll.png","width":1300,"height":1300},{"@type":"BreadcrumbList","@id":"https:\/\/elevatesurf.ch\/product\/indiana-94-pump-foil-carbon-von-roll\/#breadcrumb","itemListElement":[{"@type":"ListItem","position":1,"name":"Accueil","item":"https:\/\/elevatesurf.ch\/"},{"@type":"ListItem","position":2,"name":"Boutique \u2013 Wingfoil, Kitesurf &#038; Accessoires","item":"https:\/\/elevatesurf.ch\/shop\/"},{"@type":"ListItem","position":3,"name":"Indiana 94 Pump Foil Carbon &#8216;Von Roll&#8217;"}]},{"@type":"WebSite","@id":"https:\/\/elevatesurf.ch\/#website","url":"https:\/\/elevatesurf.ch\/","name":"Elevatesurf","description":"Surfez vers de nouveaux sommets avec ElevateSurf ! Kiteshop, Wingshop","publisher":{"@id":"https:\/\/elevatesurf.ch\/#organization"},"potentialAction":[{"@type":"SearchAction","target":{"@type":"EntryPoint","urlTemplate":"https:\/\/elevatesurf.ch\/?s={search_term_string}"},"query-input":"required name=search_term_string"}],"inLanguage":"fr-FR"},{"@type":"Organization","@id":"https:\/\/elevatesurf.ch\/#organization","name":"Elevatesurf","url":"https:\/\/elevatesurf.ch\/","logo":{"@type":"ImageObject","inLanguage":"fr-FR","@id":"https:\/\/elevatesurf.ch\/#\/schema\/logo\/image\/","url":"https:\/\/elevatesurf.ch\/wp-content\/uploads\/2024\/06\/67c2ec70-bdf5-4c14-898a-ded5b2051398.jpg","contentUrl":"https:\/\/elevatesurf.ch\/wp-content\/uploads\/2024\/06\/67c2ec70-bdf5-4c14-898a-ded5b2051398.jpg","width":1024,"height":1024,"caption":"Elevatesurf"},"image":{"@id":"https:\/\/elevatesurf.ch\/#\/schema\/logo\/image\/"},"sameAs":["https:\/\/www.instagram.com\/elevate__surf\/"]}]}},"_links":{"self":[{"href":"https:\/\/elevatesurf.ch\/fr\/wp-json\/wp\/v2\/product\/20304","targetHints":{"allow":["GET"]}}],"collection":[{"href":"https:\/\/elevatesurf.ch\/fr\/wp-json\/wp\/v2\/product"}],"about":[{"href":"https:\/\/elevatesurf.ch\/fr\/wp-json\/wp\/v2\/types\/product"}],"replies":[{"embeddable":true,"href":"https:\/\/elevatesurf.ch\/fr\/wp-json\/wp\/v2\/comments?post=20304"}],"wp:featuredmedia":[{"embeddable":true,"href":"https:\/\/elevatesurf.ch\/fr\/wp-json\/wp\/v2\/media\/20303"}],"wp:attachment":[{"href":"https:\/\/elevatesurf.ch\/fr\/wp-json\/wp\/v2\/media?parent=20304"}],"wp:term":[{"taxonomy":"product_cat","embeddable":true,"href":"https:\/\/elevatesurf.ch\/fr\/wp-json\/wp\/v2\/product_cat?post=20304"},{"taxonomy":"product_tag","embeddable":true,"href":"https:\/\/elevatesurf.ch\/fr\/wp-json\/wp\/v2\/product_tag?post=20304"}],"curies":[{"name":"wp","href":"https:\/\/api.w.org\/{rel}","templated":true}]}}