{"id":20312,"date":"2024-08-30T10:20:39","date_gmt":"2024-08-30T10:20:39","guid":{"rendered":"https:\/\/elevatesurf.ch\/product\/indiana-wing-foil-pack-101-l-infl-foil-920h-ar\/"},"modified":"2026-01-10T08:41:26","modified_gmt":"2026-01-10T08:41:26","slug":"indiana-wing-foil-pack-101-l-infl-foil-920h-ar","status":"publish","type":"product","link":"https:\/\/elevatesurf.ch\/fr\/product\/indiana-wing-foil-pack-101-l-infl-foil-920h-ar\/","title":{"rendered":"Indiana Wing Foil Pack: 101 L Infl. + Foil 920H-AR"},"content":{"rendered":"<p>Mid Wind<br \/>\nBestehend aus Indiana Wing Foil 101 L Inflatable und Indiana Wing Foil 920 H-AR Complete<br \/>\nBoard: Das vom Foilexperten Gunnar Biniasch entwickelte aufblasbare Foilbrett 101 L SUP \/ Wingfoil ist f\u00fcr Fahrer mit durchschnittlichem Gewicht und K\u00f6nnen mit Paddel oder Fl\u00fcgel konzipiert. Es ist fast unzerst\u00f6rbar und ideal f\u00fcr unterwegs. Seine Konstruktion mit Woven Real Double Layer, die Fibrglass Compression und die Dicke von 6 \u00a0\u00bb machen es extrem steif und direkt. Die Verst\u00e4rkung der K\u00e4sten verhindert, dass die Platte vor dem Foil durchh\u00e4ngt. Die V-Fu\u00dfschlaufen k\u00f6nnen optional angebracht werden. Der Griff an der Nase hilft, das Board erfolgreich durch die Bank Break zu bringen.<br \/>\nLength: 5&rsquo;4 \/ 162.2 cm \u25cf Width: 26\u00a0\u00bb \/ 66 cm \u25cf Thickness: 6\u00a0\u00bb \/ 15 cm \u25cf Volume: 101 Liters \u25cf Weight: 8.0 kg \u25cf Recommended Riders Weight: 50-100 kg<br \/>\nFoil:<br \/>\nDer brandneue 920 H-AR Performance Fl\u00fcgel wurde entwickelt, um die Grenzen zu \u00fcberschreiten. Das einzigartige neue Profil und die neue Kontur pushen den 920H-AR in einen neuen Geschwindigkeitsbereich. Das Spitzenprofil erm\u00f6glicht erstaunliche Recoveries was den Fl\u00fcgel sehr verzeihend macht. Es erm\u00f6glicht aber auch aggressive Kurven mit den Spitzen aus dem Wasser. Der 920 H-AR ist schnell. Das neue Profil verleiht dem Fl\u00fcgel erstaunliche Leistung und Stabilit\u00e4t bei hohen Geschwindigkeiten und bei Man\u00f6vern. Wing und Windfoilers werden das m\u00fchelose Gleiten und die Geschwindigkeit lieben. Obwohl der 920 H-AR ein Seitenverh\u00e4ltnis von 5,9 hat, schlitzt und dreht er sich immer noch wie ein Traum. Surffoilers werden an der neuen Beweglichkeit des Fl\u00fcgels ihre Freude haben.<br \/>\nSpan: 920 mm, Area: &nbsp;1270 cm2, Volume: 1875 cm3, Weight: 963 g \u2022 Material: 100% Carbon, PVC Foam, Epoxy \u2022 Production Technique: Steel Mold \u2022 Produced in China \u2022 Includes Wing Sleeve<\/p>\n","protected":false},"excerpt":{"rendered":"<p>Mid Wind Bestehend aus Indiana Wing Foil 101 L Inflatable und Indiana Wing Foil 920 H-AR Complete Board: Das vom Foilexperten Gunnar Biniasch entwickelte aufblasbare Foilbrett 101 L SUP \/ Wingfoil ist f\u00fcr Fahrer mit durchschnittlichem Gewicht und K\u00f6nnen mit Paddel oder Fl\u00fcgel konzipiert. Es ist fast unzerst\u00f6rbar und ideal f\u00fcr unterwegs. Seine Konstruktion mit [&hellip;]<\/p>\n","protected":false},"featured_media":20311,"comment_status":"open","ping_status":"closed","template":"","meta":[],"product_cat":[594,138],"product_tag":[],"class_list":{"0":"post-20312","1":"product","2":"type-product","3":"status-publish","4":"has-post-thumbnail","6":"product_cat-planches","7":"product_cat-wingfoil-suisse-acheter","8":"product_brand-indiana-suisse","10":"first","11":"instock","12":"shipping-taxable","13":"purchasable","14":"product-type-simple"},"yoast_head":"<!-- This site is optimized with the Yoast SEO plugin v22.8 - https:\/\/yoast.com\/wordpress\/plugins\/seo\/ -->\n<title>Indiana Wing Foil Pack: 101 L Infl. + Foil 920H-AR - Elevatesurf<\/title>\n<meta name=\"description\" content=\"Elevatesurf Indiana Wing Foil Pack: 101 L Infl. + Foil 920H-AR\" \/>\n<meta name=\"robots\" content=\"index, follow, max-snippet:-1, max-image-preview:large, max-video-preview:-1\" \/>\n<link rel=\"canonical\" href=\"https:\/\/elevatesurf.ch\/fr\/product\/indiana-wing-foil-pack-101-l-infl-foil-920h-ar\/\" \/>\n<meta property=\"og:locale\" content=\"fr_FR\" \/>\n<meta property=\"og:type\" content=\"article\" \/>\n<meta property=\"og:title\" content=\"Indiana Wing Foil Pack: 101 L Infl. + Foil 920H-AR - Elevatesurf\" \/>\n<meta property=\"og:description\" content=\"Elevatesurf Indiana Wing Foil Pack: 101 L Infl. + Foil 920H-AR\" \/>\n<meta property=\"og:url\" content=\"https:\/\/elevatesurf.ch\/fr\/product\/indiana-wing-foil-pack-101-l-infl-foil-920h-ar\/\" \/>\n<meta property=\"og:site_name\" content=\"Elevatesurf\" \/>\n<meta property=\"article:modified_time\" content=\"2026-01-10T08:41:26+00:00\" \/>\n<meta property=\"og:image\" content=\"https:\/\/elevatesurf.ch\/wp-content\/uploads\/2024\/08\/3228am_indiana_wing_foil_pack_101_920h.png\" \/>\n\t<meta property=\"og:image:width\" content=\"1300\" \/>\n\t<meta property=\"og:image:height\" content=\"1300\" \/>\n\t<meta property=\"og:image:type\" content=\"image\/png\" \/>\n<meta name=\"twitter:card\" content=\"summary_large_image\" \/>\n<meta name=\"twitter:label1\" content=\"Dur\u00e9e de lecture estim\u00e9e\" \/>\n\t<meta name=\"twitter:data1\" content=\"1 minute\" \/>\n<script type=\"application\/ld+json\" class=\"yoast-schema-graph\">{\"@context\":\"https:\/\/schema.org\",\"@graph\":[{\"@type\":[\"WebPage\",\"ItemPage\"],\"@id\":\"https:\/\/elevatesurf.ch\/product\/indiana-wing-foil-pack-101-l-infl-foil-920h-ar\/\",\"url\":\"https:\/\/elevatesurf.ch\/product\/indiana-wing-foil-pack-101-l-infl-foil-920h-ar\/\",\"name\":\"Indiana Wing Foil Pack: 101 L Infl. + Foil 920H-AR - Elevatesurf\",\"isPartOf\":{\"@id\":\"https:\/\/elevatesurf.ch\/#website\"},\"primaryImageOfPage\":{\"@id\":\"https:\/\/elevatesurf.ch\/product\/indiana-wing-foil-pack-101-l-infl-foil-920h-ar\/#primaryimage\"},\"image\":{\"@id\":\"https:\/\/elevatesurf.ch\/product\/indiana-wing-foil-pack-101-l-infl-foil-920h-ar\/#primaryimage\"},\"thumbnailUrl\":\"https:\/\/elevatesurf.ch\/wp-content\/uploads\/2024\/08\/3228am_indiana_wing_foil_pack_101_920h.png\",\"datePublished\":\"2024-08-30T10:20:39+00:00\",\"dateModified\":\"2026-01-10T08:41:26+00:00\",\"description\":\"Elevatesurf Indiana Wing Foil Pack: 101 L Infl. + Foil 920H-AR\",\"breadcrumb\":{\"@id\":\"https:\/\/elevatesurf.ch\/product\/indiana-wing-foil-pack-101-l-infl-foil-920h-ar\/#breadcrumb\"},\"inLanguage\":\"fr-FR\",\"potentialAction\":[{\"@type\":\"ReadAction\",\"target\":[\"https:\/\/elevatesurf.ch\/product\/indiana-wing-foil-pack-101-l-infl-foil-920h-ar\/\"]}]},{\"@type\":\"ImageObject\",\"inLanguage\":\"fr-FR\",\"@id\":\"https:\/\/elevatesurf.ch\/product\/indiana-wing-foil-pack-101-l-infl-foil-920h-ar\/#primaryimage\",\"url\":\"https:\/\/elevatesurf.ch\/wp-content\/uploads\/2024\/08\/3228am_indiana_wing_foil_pack_101_920h.png\",\"contentUrl\":\"https:\/\/elevatesurf.ch\/wp-content\/uploads\/2024\/08\/3228am_indiana_wing_foil_pack_101_920h.png\",\"width\":1300,\"height\":1300},{\"@type\":\"BreadcrumbList\",\"@id\":\"https:\/\/elevatesurf.ch\/product\/indiana-wing-foil-pack-101-l-infl-foil-920h-ar\/#breadcrumb\",\"itemListElement\":[{\"@type\":\"ListItem\",\"position\":1,\"name\":\"Accueil\",\"item\":\"https:\/\/elevatesurf.ch\/\"},{\"@type\":\"ListItem\",\"position\":2,\"name\":\"Shop &#8211; \u00c9levez Votre Exp\u00e9rience de Surf avec Notre Collection\",\"item\":\"https:\/\/elevatesurf.ch\/shop\/\"},{\"@type\":\"ListItem\",\"position\":3,\"name\":\"Indiana Wing Foil Pack: 101 L Infl. + Foil 920H-AR\"}]},{\"@type\":\"WebSite\",\"@id\":\"https:\/\/elevatesurf.ch\/#website\",\"url\":\"https:\/\/elevatesurf.ch\/\",\"name\":\"Elevatesurf\",\"description\":\"Surfez vers de nouveaux sommets avec ElevateSurf ! Kiteshop, Wingshop\",\"publisher\":{\"@id\":\"https:\/\/elevatesurf.ch\/#organization\"},\"potentialAction\":[{\"@type\":\"SearchAction\",\"target\":{\"@type\":\"EntryPoint\",\"urlTemplate\":\"https:\/\/elevatesurf.ch\/?s={search_term_string}\"},\"query-input\":\"required name=search_term_string\"}],\"inLanguage\":\"fr-FR\"},{\"@type\":\"Organization\",\"@id\":\"https:\/\/elevatesurf.ch\/#organization\",\"name\":\"Elevatesurf\",\"url\":\"https:\/\/elevatesurf.ch\/\",\"logo\":{\"@type\":\"ImageObject\",\"inLanguage\":\"fr-FR\",\"@id\":\"https:\/\/elevatesurf.ch\/#\/schema\/logo\/image\/\",\"url\":\"https:\/\/elevatesurf.ch\/wp-content\/uploads\/2024\/06\/67c2ec70-bdf5-4c14-898a-ded5b2051398.jpg\",\"contentUrl\":\"https:\/\/elevatesurf.ch\/wp-content\/uploads\/2024\/06\/67c2ec70-bdf5-4c14-898a-ded5b2051398.jpg\",\"width\":1024,\"height\":1024,\"caption\":\"Elevatesurf\"},\"image\":{\"@id\":\"https:\/\/elevatesurf.ch\/#\/schema\/logo\/image\/\"},\"sameAs\":[\"https:\/\/www.instagram.com\/elevate__surf\/\"]}]}<\/script>\n<!-- \/ Yoast SEO plugin. -->","yoast_head_json":{"title":"Indiana Wing Foil Pack: 101 L Infl. + Foil 920H-AR - Elevatesurf","description":"Elevatesurf Indiana Wing Foil Pack: 101 L Infl. + Foil 920H-AR","robots":{"index":"index","follow":"follow","max-snippet":"max-snippet:-1","max-image-preview":"max-image-preview:large","max-video-preview":"max-video-preview:-1"},"canonical":"https:\/\/elevatesurf.ch\/fr\/product\/indiana-wing-foil-pack-101-l-infl-foil-920h-ar\/","og_locale":"fr_FR","og_type":"article","og_title":"Indiana Wing Foil Pack: 101 L Infl. + Foil 920H-AR - Elevatesurf","og_description":"Elevatesurf Indiana Wing Foil Pack: 101 L Infl. + Foil 920H-AR","og_url":"https:\/\/elevatesurf.ch\/fr\/product\/indiana-wing-foil-pack-101-l-infl-foil-920h-ar\/","og_site_name":"Elevatesurf","article_modified_time":"2026-01-10T08:41:26+00:00","og_image":[{"width":1300,"height":1300,"url":"https:\/\/elevatesurf.ch\/wp-content\/uploads\/2024\/08\/3228am_indiana_wing_foil_pack_101_920h.png","type":"image\/png"}],"twitter_card":"summary_large_image","twitter_misc":{"Dur\u00e9e de lecture estim\u00e9e":"1 minute"},"schema":{"@context":"https:\/\/schema.org","@graph":[{"@type":["WebPage","ItemPage"],"@id":"https:\/\/elevatesurf.ch\/product\/indiana-wing-foil-pack-101-l-infl-foil-920h-ar\/","url":"https:\/\/elevatesurf.ch\/product\/indiana-wing-foil-pack-101-l-infl-foil-920h-ar\/","name":"Indiana Wing Foil Pack: 101 L Infl. + Foil 920H-AR - Elevatesurf","isPartOf":{"@id":"https:\/\/elevatesurf.ch\/#website"},"primaryImageOfPage":{"@id":"https:\/\/elevatesurf.ch\/product\/indiana-wing-foil-pack-101-l-infl-foil-920h-ar\/#primaryimage"},"image":{"@id":"https:\/\/elevatesurf.ch\/product\/indiana-wing-foil-pack-101-l-infl-foil-920h-ar\/#primaryimage"},"thumbnailUrl":"https:\/\/elevatesurf.ch\/wp-content\/uploads\/2024\/08\/3228am_indiana_wing_foil_pack_101_920h.png","datePublished":"2024-08-30T10:20:39+00:00","dateModified":"2026-01-10T08:41:26+00:00","description":"Elevatesurf Indiana Wing Foil Pack: 101 L Infl. + Foil 920H-AR","breadcrumb":{"@id":"https:\/\/elevatesurf.ch\/product\/indiana-wing-foil-pack-101-l-infl-foil-920h-ar\/#breadcrumb"},"inLanguage":"fr-FR","potentialAction":[{"@type":"ReadAction","target":["https:\/\/elevatesurf.ch\/product\/indiana-wing-foil-pack-101-l-infl-foil-920h-ar\/"]}]},{"@type":"ImageObject","inLanguage":"fr-FR","@id":"https:\/\/elevatesurf.ch\/product\/indiana-wing-foil-pack-101-l-infl-foil-920h-ar\/#primaryimage","url":"https:\/\/elevatesurf.ch\/wp-content\/uploads\/2024\/08\/3228am_indiana_wing_foil_pack_101_920h.png","contentUrl":"https:\/\/elevatesurf.ch\/wp-content\/uploads\/2024\/08\/3228am_indiana_wing_foil_pack_101_920h.png","width":1300,"height":1300},{"@type":"BreadcrumbList","@id":"https:\/\/elevatesurf.ch\/product\/indiana-wing-foil-pack-101-l-infl-foil-920h-ar\/#breadcrumb","itemListElement":[{"@type":"ListItem","position":1,"name":"Accueil","item":"https:\/\/elevatesurf.ch\/"},{"@type":"ListItem","position":2,"name":"Shop &#8211; \u00c9levez Votre Exp\u00e9rience de Surf avec Notre Collection","item":"https:\/\/elevatesurf.ch\/shop\/"},{"@type":"ListItem","position":3,"name":"Indiana Wing Foil Pack: 101 L Infl. + Foil 920H-AR"}]},{"@type":"WebSite","@id":"https:\/\/elevatesurf.ch\/#website","url":"https:\/\/elevatesurf.ch\/","name":"Elevatesurf","description":"Surfez vers de nouveaux sommets avec ElevateSurf ! Kiteshop, Wingshop","publisher":{"@id":"https:\/\/elevatesurf.ch\/#organization"},"potentialAction":[{"@type":"SearchAction","target":{"@type":"EntryPoint","urlTemplate":"https:\/\/elevatesurf.ch\/?s={search_term_string}"},"query-input":"required name=search_term_string"}],"inLanguage":"fr-FR"},{"@type":"Organization","@id":"https:\/\/elevatesurf.ch\/#organization","name":"Elevatesurf","url":"https:\/\/elevatesurf.ch\/","logo":{"@type":"ImageObject","inLanguage":"fr-FR","@id":"https:\/\/elevatesurf.ch\/#\/schema\/logo\/image\/","url":"https:\/\/elevatesurf.ch\/wp-content\/uploads\/2024\/06\/67c2ec70-bdf5-4c14-898a-ded5b2051398.jpg","contentUrl":"https:\/\/elevatesurf.ch\/wp-content\/uploads\/2024\/06\/67c2ec70-bdf5-4c14-898a-ded5b2051398.jpg","width":1024,"height":1024,"caption":"Elevatesurf"},"image":{"@id":"https:\/\/elevatesurf.ch\/#\/schema\/logo\/image\/"},"sameAs":["https:\/\/www.instagram.com\/elevate__surf\/"]}]}},"_links":{"self":[{"href":"https:\/\/elevatesurf.ch\/fr\/wp-json\/wp\/v2\/product\/20312","targetHints":{"allow":["GET"]}}],"collection":[{"href":"https:\/\/elevatesurf.ch\/fr\/wp-json\/wp\/v2\/product"}],"about":[{"href":"https:\/\/elevatesurf.ch\/fr\/wp-json\/wp\/v2\/types\/product"}],"replies":[{"embeddable":true,"href":"https:\/\/elevatesurf.ch\/fr\/wp-json\/wp\/v2\/comments?post=20312"}],"wp:featuredmedia":[{"embeddable":true,"href":"https:\/\/elevatesurf.ch\/fr\/wp-json\/wp\/v2\/media\/20311"}],"wp:attachment":[{"href":"https:\/\/elevatesurf.ch\/fr\/wp-json\/wp\/v2\/media?parent=20312"}],"wp:term":[{"taxonomy":"product_cat","embeddable":true,"href":"https:\/\/elevatesurf.ch\/fr\/wp-json\/wp\/v2\/product_cat?post=20312"},{"taxonomy":"product_tag","embeddable":true,"href":"https:\/\/elevatesurf.ch\/fr\/wp-json\/wp\/v2\/product_tag?post=20312"}],"curies":[{"name":"wp","href":"https:\/\/api.w.org\/{rel}","templated":true}]}}