{"id":20318,"date":"2024-08-30T10:20:49","date_gmt":"2024-08-30T10:20:49","guid":{"rendered":"https:\/\/elevatesurf.ch\/product\/indiana-kite-foil-pack-125-infl-foil-620k\/"},"modified":"2026-01-10T08:41:26","modified_gmt":"2026-01-10T08:41:26","slug":"indiana-kite-foil-pack-125-infl-foil-620k","status":"publish","type":"product","link":"https:\/\/elevatesurf.ch\/fr\/product\/indiana-kite-foil-pack-125-infl-foil-620k\/","title":{"rendered":"Indiana Kite Foil Pack: 125 Infl. + Foil 620K"},"content":{"rendered":"<p>Board:<br \/>\nDas kurze und kompakte Kite Foil 125 Inflatable ist nicht nur einfach zu transportieren, dank des raffinierten Shapes und der steifen Konstruktion macht es auch richtig Spass beim Foilen. Die beiden 10\u00a0\u00bb-Tracks f\u00fcr die Foilaufnahme sind elegant integriert und mit Fiberglass-Stringern oben und unten gut verankert. Das Design unserer Boxen verhindert, dass das Board vor dem Foil sich biegt. Foil-Connection: 2 x internal 10\u00a0\u00bb-TracksIncl. Footstraps, Bag, Mini Double Action Pump, Repair Kit<br \/>\nLength: 4&rsquo;1\u00a0\u00bb &#8211; 125 cm,&nbsp;Width: 19\u00a0\u00bb &#8211; 48,3 cm,&nbsp;Thickness: 2\u00a0\u00bb &#8211; 5,1 cm,&nbsp;Volume: 25 L,&nbsp;Weight: 4,8 kg,&nbsp;Recommended Rider Weight: 50-110 kg<br \/>\nFoil:<br \/>\nDas 620 K Kitefoil Complete Set wurde zusammengestellt, um dem Fahrer oder der Fahrerin einen perfekten Kompromiss aus Haltbarkeit, Aufr\u00fcstbarkeit und Leistung zu bieten. Der 620 K Frontfl\u00fcgel wurde speziell f\u00fcrs Freeride-Kitefoilen entwickelt. Es fliegt sofort los und ist in Kombination mit dem 420-Stabilisator erstaunlich neigungsstabil. Der 90cm Mast ist die perfekte L\u00e4nge f\u00fcrs Kitefoilen. Die Surf Fuselage hat 3 Stabilisator-Positionen, mit denen du w\u00e4hlen kannst, wie stabil oder wendig das Setup sein soll.<br \/>\nDas T16-Aluminium ist langlebig und steif und in Kombination mit den Zinkanoden vor Oxidation gesch\u00fctzt.Das Indiana Regular Foil System ist modular und kann problemlos auf jeden anderen Frontfl\u00fcgel, Rumpf, Stabilisator oder Mast in der Regular Range aufger\u00fcstet werden. Der Frontfl\u00fcgel, der Stabilisator und der Mast werden alle mit Schutzh\u00fcllen geliefert, um das Foil zu sch\u00fctzen. Gesamtgewicht: 4,6 kg<br \/>\n&nbsp;<\/p>\n","protected":false},"excerpt":{"rendered":"<p>Board: Das kurze und kompakte Kite Foil 125 Inflatable ist nicht nur einfach zu transportieren, dank des raffinierten Shapes und der steifen Konstruktion macht es auch richtig Spass beim Foilen. Die beiden 10\u00a0\u00bb-Tracks f\u00fcr die Foilaufnahme sind elegant integriert und mit Fiberglass-Stringern oben und unten gut verankert. Das Design unserer Boxen verhindert, dass das Board [&hellip;]<\/p>\n","protected":false},"featured_media":20317,"comment_status":"open","ping_status":"closed","template":"","meta":[],"product_cat":[594,138],"product_tag":[],"class_list":{"0":"post-20318","1":"product","2":"type-product","3":"status-publish","4":"has-post-thumbnail","6":"product_cat-planches","7":"product_cat-wingfoil-suisse-acheter","8":"product_brand-indiana-suisse","10":"first","11":"instock","12":"shipping-taxable","13":"purchasable","14":"product-type-simple"},"yoast_head":"<!-- This site is optimized with the Yoast SEO plugin v22.8 - https:\/\/yoast.com\/wordpress\/plugins\/seo\/ -->\n<title>Indiana Kite Foil Pack: 125 Infl. + Foil 620K - Elevatesurf<\/title>\n<meta name=\"description\" content=\"Elevatesurf Indiana Kite Foil Pack: 125 Infl. + Foil 620K\" \/>\n<meta name=\"robots\" content=\"index, follow, max-snippet:-1, max-image-preview:large, max-video-preview:-1\" \/>\n<link rel=\"canonical\" href=\"https:\/\/elevatesurf.ch\/fr\/product\/indiana-kite-foil-pack-125-infl-foil-620k\/\" \/>\n<meta property=\"og:locale\" content=\"fr_FR\" \/>\n<meta property=\"og:type\" content=\"article\" \/>\n<meta property=\"og:title\" content=\"Indiana Kite Foil Pack: 125 Infl. + Foil 620K - Elevatesurf\" \/>\n<meta property=\"og:description\" content=\"Elevatesurf Indiana Kite Foil Pack: 125 Infl. + Foil 620K\" \/>\n<meta property=\"og:url\" content=\"https:\/\/elevatesurf.ch\/fr\/product\/indiana-kite-foil-pack-125-infl-foil-620k\/\" \/>\n<meta property=\"og:site_name\" content=\"Elevatesurf\" \/>\n<meta property=\"article:modified_time\" content=\"2026-01-10T08:41:26+00:00\" \/>\n<meta property=\"og:image\" content=\"https:\/\/elevatesurf.ch\/wp-content\/uploads\/2024\/08\/3208am_indiana_kite_foil_pack_125_620k_1.png\" \/>\n\t<meta property=\"og:image:width\" content=\"1300\" \/>\n\t<meta property=\"og:image:height\" content=\"1300\" \/>\n\t<meta property=\"og:image:type\" content=\"image\/png\" \/>\n<meta name=\"twitter:card\" content=\"summary_large_image\" \/>\n<meta name=\"twitter:label1\" content=\"Dur\u00e9e de lecture estim\u00e9e\" \/>\n\t<meta name=\"twitter:data1\" content=\"1 minute\" \/>\n<script type=\"application\/ld+json\" class=\"yoast-schema-graph\">{\"@context\":\"https:\/\/schema.org\",\"@graph\":[{\"@type\":[\"WebPage\",\"ItemPage\"],\"@id\":\"https:\/\/elevatesurf.ch\/product\/indiana-kite-foil-pack-125-infl-foil-620k\/\",\"url\":\"https:\/\/elevatesurf.ch\/product\/indiana-kite-foil-pack-125-infl-foil-620k\/\",\"name\":\"Indiana Kite Foil Pack: 125 Infl. + Foil 620K - Elevatesurf\",\"isPartOf\":{\"@id\":\"https:\/\/elevatesurf.ch\/#website\"},\"primaryImageOfPage\":{\"@id\":\"https:\/\/elevatesurf.ch\/product\/indiana-kite-foil-pack-125-infl-foil-620k\/#primaryimage\"},\"image\":{\"@id\":\"https:\/\/elevatesurf.ch\/product\/indiana-kite-foil-pack-125-infl-foil-620k\/#primaryimage\"},\"thumbnailUrl\":\"https:\/\/elevatesurf.ch\/wp-content\/uploads\/2024\/08\/3208am_indiana_kite_foil_pack_125_620k_1.png\",\"datePublished\":\"2024-08-30T10:20:49+00:00\",\"dateModified\":\"2026-01-10T08:41:26+00:00\",\"description\":\"Elevatesurf Indiana Kite Foil Pack: 125 Infl. + Foil 620K\",\"breadcrumb\":{\"@id\":\"https:\/\/elevatesurf.ch\/product\/indiana-kite-foil-pack-125-infl-foil-620k\/#breadcrumb\"},\"inLanguage\":\"fr-FR\",\"potentialAction\":[{\"@type\":\"ReadAction\",\"target\":[\"https:\/\/elevatesurf.ch\/product\/indiana-kite-foil-pack-125-infl-foil-620k\/\"]}]},{\"@type\":\"ImageObject\",\"inLanguage\":\"fr-FR\",\"@id\":\"https:\/\/elevatesurf.ch\/product\/indiana-kite-foil-pack-125-infl-foil-620k\/#primaryimage\",\"url\":\"https:\/\/elevatesurf.ch\/wp-content\/uploads\/2024\/08\/3208am_indiana_kite_foil_pack_125_620k_1.png\",\"contentUrl\":\"https:\/\/elevatesurf.ch\/wp-content\/uploads\/2024\/08\/3208am_indiana_kite_foil_pack_125_620k_1.png\",\"width\":1300,\"height\":1300},{\"@type\":\"BreadcrumbList\",\"@id\":\"https:\/\/elevatesurf.ch\/product\/indiana-kite-foil-pack-125-infl-foil-620k\/#breadcrumb\",\"itemListElement\":[{\"@type\":\"ListItem\",\"position\":1,\"name\":\"Accueil\",\"item\":\"https:\/\/elevatesurf.ch\/\"},{\"@type\":\"ListItem\",\"position\":2,\"name\":\"Shop &#8211; \u00c9levez Votre Exp\u00e9rience de Surf avec Notre Collection\",\"item\":\"https:\/\/elevatesurf.ch\/shop\/\"},{\"@type\":\"ListItem\",\"position\":3,\"name\":\"Indiana Kite Foil Pack: 125 Infl. + Foil 620K\"}]},{\"@type\":\"WebSite\",\"@id\":\"https:\/\/elevatesurf.ch\/#website\",\"url\":\"https:\/\/elevatesurf.ch\/\",\"name\":\"Elevatesurf\",\"description\":\"Surfez vers de nouveaux sommets avec ElevateSurf ! Kiteshop, Wingshop\",\"publisher\":{\"@id\":\"https:\/\/elevatesurf.ch\/#organization\"},\"potentialAction\":[{\"@type\":\"SearchAction\",\"target\":{\"@type\":\"EntryPoint\",\"urlTemplate\":\"https:\/\/elevatesurf.ch\/?s={search_term_string}\"},\"query-input\":\"required name=search_term_string\"}],\"inLanguage\":\"fr-FR\"},{\"@type\":\"Organization\",\"@id\":\"https:\/\/elevatesurf.ch\/#organization\",\"name\":\"Elevatesurf\",\"url\":\"https:\/\/elevatesurf.ch\/\",\"logo\":{\"@type\":\"ImageObject\",\"inLanguage\":\"fr-FR\",\"@id\":\"https:\/\/elevatesurf.ch\/#\/schema\/logo\/image\/\",\"url\":\"https:\/\/elevatesurf.ch\/wp-content\/uploads\/2024\/06\/67c2ec70-bdf5-4c14-898a-ded5b2051398.jpg\",\"contentUrl\":\"https:\/\/elevatesurf.ch\/wp-content\/uploads\/2024\/06\/67c2ec70-bdf5-4c14-898a-ded5b2051398.jpg\",\"width\":1024,\"height\":1024,\"caption\":\"Elevatesurf\"},\"image\":{\"@id\":\"https:\/\/elevatesurf.ch\/#\/schema\/logo\/image\/\"},\"sameAs\":[\"https:\/\/www.instagram.com\/elevate__surf\/\"]}]}<\/script>\n<!-- \/ Yoast SEO plugin. -->","yoast_head_json":{"title":"Indiana Kite Foil Pack: 125 Infl. + Foil 620K - Elevatesurf","description":"Elevatesurf Indiana Kite Foil Pack: 125 Infl. + Foil 620K","robots":{"index":"index","follow":"follow","max-snippet":"max-snippet:-1","max-image-preview":"max-image-preview:large","max-video-preview":"max-video-preview:-1"},"canonical":"https:\/\/elevatesurf.ch\/fr\/product\/indiana-kite-foil-pack-125-infl-foil-620k\/","og_locale":"fr_FR","og_type":"article","og_title":"Indiana Kite Foil Pack: 125 Infl. + Foil 620K - Elevatesurf","og_description":"Elevatesurf Indiana Kite Foil Pack: 125 Infl. + Foil 620K","og_url":"https:\/\/elevatesurf.ch\/fr\/product\/indiana-kite-foil-pack-125-infl-foil-620k\/","og_site_name":"Elevatesurf","article_modified_time":"2026-01-10T08:41:26+00:00","og_image":[{"width":1300,"height":1300,"url":"https:\/\/elevatesurf.ch\/wp-content\/uploads\/2024\/08\/3208am_indiana_kite_foil_pack_125_620k_1.png","type":"image\/png"}],"twitter_card":"summary_large_image","twitter_misc":{"Dur\u00e9e de lecture estim\u00e9e":"1 minute"},"schema":{"@context":"https:\/\/schema.org","@graph":[{"@type":["WebPage","ItemPage"],"@id":"https:\/\/elevatesurf.ch\/product\/indiana-kite-foil-pack-125-infl-foil-620k\/","url":"https:\/\/elevatesurf.ch\/product\/indiana-kite-foil-pack-125-infl-foil-620k\/","name":"Indiana Kite Foil Pack: 125 Infl. + Foil 620K - Elevatesurf","isPartOf":{"@id":"https:\/\/elevatesurf.ch\/#website"},"primaryImageOfPage":{"@id":"https:\/\/elevatesurf.ch\/product\/indiana-kite-foil-pack-125-infl-foil-620k\/#primaryimage"},"image":{"@id":"https:\/\/elevatesurf.ch\/product\/indiana-kite-foil-pack-125-infl-foil-620k\/#primaryimage"},"thumbnailUrl":"https:\/\/elevatesurf.ch\/wp-content\/uploads\/2024\/08\/3208am_indiana_kite_foil_pack_125_620k_1.png","datePublished":"2024-08-30T10:20:49+00:00","dateModified":"2026-01-10T08:41:26+00:00","description":"Elevatesurf Indiana Kite Foil Pack: 125 Infl. + Foil 620K","breadcrumb":{"@id":"https:\/\/elevatesurf.ch\/product\/indiana-kite-foil-pack-125-infl-foil-620k\/#breadcrumb"},"inLanguage":"fr-FR","potentialAction":[{"@type":"ReadAction","target":["https:\/\/elevatesurf.ch\/product\/indiana-kite-foil-pack-125-infl-foil-620k\/"]}]},{"@type":"ImageObject","inLanguage":"fr-FR","@id":"https:\/\/elevatesurf.ch\/product\/indiana-kite-foil-pack-125-infl-foil-620k\/#primaryimage","url":"https:\/\/elevatesurf.ch\/wp-content\/uploads\/2024\/08\/3208am_indiana_kite_foil_pack_125_620k_1.png","contentUrl":"https:\/\/elevatesurf.ch\/wp-content\/uploads\/2024\/08\/3208am_indiana_kite_foil_pack_125_620k_1.png","width":1300,"height":1300},{"@type":"BreadcrumbList","@id":"https:\/\/elevatesurf.ch\/product\/indiana-kite-foil-pack-125-infl-foil-620k\/#breadcrumb","itemListElement":[{"@type":"ListItem","position":1,"name":"Accueil","item":"https:\/\/elevatesurf.ch\/"},{"@type":"ListItem","position":2,"name":"Shop &#8211; \u00c9levez Votre Exp\u00e9rience de Surf avec Notre Collection","item":"https:\/\/elevatesurf.ch\/shop\/"},{"@type":"ListItem","position":3,"name":"Indiana Kite Foil Pack: 125 Infl. + Foil 620K"}]},{"@type":"WebSite","@id":"https:\/\/elevatesurf.ch\/#website","url":"https:\/\/elevatesurf.ch\/","name":"Elevatesurf","description":"Surfez vers de nouveaux sommets avec ElevateSurf ! Kiteshop, Wingshop","publisher":{"@id":"https:\/\/elevatesurf.ch\/#organization"},"potentialAction":[{"@type":"SearchAction","target":{"@type":"EntryPoint","urlTemplate":"https:\/\/elevatesurf.ch\/?s={search_term_string}"},"query-input":"required name=search_term_string"}],"inLanguage":"fr-FR"},{"@type":"Organization","@id":"https:\/\/elevatesurf.ch\/#organization","name":"Elevatesurf","url":"https:\/\/elevatesurf.ch\/","logo":{"@type":"ImageObject","inLanguage":"fr-FR","@id":"https:\/\/elevatesurf.ch\/#\/schema\/logo\/image\/","url":"https:\/\/elevatesurf.ch\/wp-content\/uploads\/2024\/06\/67c2ec70-bdf5-4c14-898a-ded5b2051398.jpg","contentUrl":"https:\/\/elevatesurf.ch\/wp-content\/uploads\/2024\/06\/67c2ec70-bdf5-4c14-898a-ded5b2051398.jpg","width":1024,"height":1024,"caption":"Elevatesurf"},"image":{"@id":"https:\/\/elevatesurf.ch\/#\/schema\/logo\/image\/"},"sameAs":["https:\/\/www.instagram.com\/elevate__surf\/"]}]}},"_links":{"self":[{"href":"https:\/\/elevatesurf.ch\/fr\/wp-json\/wp\/v2\/product\/20318","targetHints":{"allow":["GET"]}}],"collection":[{"href":"https:\/\/elevatesurf.ch\/fr\/wp-json\/wp\/v2\/product"}],"about":[{"href":"https:\/\/elevatesurf.ch\/fr\/wp-json\/wp\/v2\/types\/product"}],"replies":[{"embeddable":true,"href":"https:\/\/elevatesurf.ch\/fr\/wp-json\/wp\/v2\/comments?post=20318"}],"wp:featuredmedia":[{"embeddable":true,"href":"https:\/\/elevatesurf.ch\/fr\/wp-json\/wp\/v2\/media\/20317"}],"wp:attachment":[{"href":"https:\/\/elevatesurf.ch\/fr\/wp-json\/wp\/v2\/media?parent=20318"}],"wp:term":[{"taxonomy":"product_cat","embeddable":true,"href":"https:\/\/elevatesurf.ch\/fr\/wp-json\/wp\/v2\/product_cat?post=20318"},{"taxonomy":"product_tag","embeddable":true,"href":"https:\/\/elevatesurf.ch\/fr\/wp-json\/wp\/v2\/product_tag?post=20318"}],"curies":[{"name":"wp","href":"https:\/\/api.w.org\/{rel}","templated":true}]}}