{"id":20322,"date":"2024-08-30T10:20:56","date_gmt":"2024-08-30T10:20:56","guid":{"rendered":"https:\/\/elevatesurf.ch\/product\/indiana-pump-foil-pack-hydroskate-condor-xl\/"},"modified":"2026-01-10T08:41:26","modified_gmt":"2026-01-10T08:41:26","slug":"indiana-pump-foil-pack-hydroskate-condor-xl","status":"publish","type":"product","link":"https:\/\/elevatesurf.ch\/fr\/product\/indiana-pump-foil-pack-hydroskate-condor-xl\/","title":{"rendered":"Indiana Pump Foil Pack: Hydroskate + Condor XL"},"content":{"rendered":"<p>Das Weltrekord Pumpfoil, jetzt als komplettes Set zusammen mit dem einzigartigen Hydroskate 96 Board.<\/p>\n<p>Das Indiana Condor XL Alu Komplettset erm\u00f6glicht es l\u00e4nger und weiter zu pumpen als je zuvor.<\/p>\n<p>Unser Ambassador Nicolas Iten brach den Weltrekord, indem er mit dem Condor XL \u00fcber 4 Stunden lang pumpte.<\/p>\n<p>Das Condor XL Alu Komplettset wird mit dem neuen Charger Alu Mast und dem 610 HD Fuselage geliefert, und wir empfehlen ausdr\u00fccklich, dass der Condor XL Frontfl\u00fcgel nur mit dem Alu Mast und HD Fuselages verwendet wird. (Die Verwendung mit Carbonmasts f\u00fchrt zum Verlust der Garantie f\u00fcr diese Masten)<\/p>\n","protected":false},"excerpt":{"rendered":"<p>Das Weltrekord Pumpfoil, jetzt als komplettes Set zusammen mit dem einzigartigen Hydroskate 96 Board. Das Indiana Condor XL Alu Komplettset erm\u00f6glicht es l\u00e4nger und weiter zu pumpen als je zuvor. Unser Ambassador Nicolas Iten brach den Weltrekord, indem er mit dem Condor XL \u00fcber 4 Stunden lang pumpte. Das Condor XL Alu Komplettset wird mit [&hellip;]<\/p>\n","protected":false},"featured_media":20321,"comment_status":"open","ping_status":"closed","template":"","meta":[],"product_cat":[636,594,650,138],"product_tag":[],"class_list":{"0":"post-20322","1":"product","2":"type-product","3":"status-publish","4":"has-post-thumbnail","6":"product_cat-pack","7":"product_cat-planches","8":"product_cat-planches-downwind","9":"product_cat-wingfoil-suisse-acheter","10":"product_brand-indiana-suisse","12":"first","13":"onbackorder","14":"shipping-taxable","15":"purchasable","16":"product-type-simple"},"yoast_head":"<!-- This site is optimized with the Yoast SEO plugin v22.8 - https:\/\/yoast.com\/wordpress\/plugins\/seo\/ -->\n<title>Indiana Pump Foil Pack: Hydroskate + Condor XL - Elevatesurf<\/title>\n<meta name=\"description\" content=\"Elevatesurf Indiana Pump Foil Pack: Hydroskate + Condor XL\" \/>\n<meta name=\"robots\" content=\"index, follow, max-snippet:-1, max-image-preview:large, max-video-preview:-1\" \/>\n<link rel=\"canonical\" href=\"https:\/\/elevatesurf.ch\/fr\/product\/indiana-pump-foil-pack-hydroskate-condor-xl\/\" \/>\n<meta property=\"og:locale\" content=\"fr_FR\" \/>\n<meta property=\"og:type\" content=\"article\" \/>\n<meta property=\"og:title\" content=\"Indiana Pump Foil Pack: Hydroskate + Condor XL - Elevatesurf\" \/>\n<meta property=\"og:description\" content=\"Elevatesurf Indiana Pump Foil Pack: Hydroskate + Condor XL\" \/>\n<meta property=\"og:url\" content=\"https:\/\/elevatesurf.ch\/fr\/product\/indiana-pump-foil-pack-hydroskate-condor-xl\/\" \/>\n<meta property=\"og:site_name\" content=\"Elevatesurf\" \/>\n<meta property=\"article:modified_time\" content=\"2026-01-10T08:41:26+00:00\" \/>\n<meta property=\"og:image\" content=\"https:\/\/elevatesurf.ch\/wp-content\/uploads\/2024\/08\/3470sq_indiana_pump_foil_pack_hydroskate_condorxl8.png\" \/>\n\t<meta property=\"og:image:width\" content=\"1300\" \/>\n\t<meta property=\"og:image:height\" content=\"1300\" \/>\n\t<meta property=\"og:image:type\" content=\"image\/png\" \/>\n<meta name=\"twitter:card\" content=\"summary_large_image\" \/>\n<meta name=\"twitter:label1\" content=\"Dur\u00e9e de lecture estim\u00e9e\" \/>\n\t<meta name=\"twitter:data1\" content=\"1 minute\" \/>\n<script type=\"application\/ld+json\" class=\"yoast-schema-graph\">{\"@context\":\"https:\/\/schema.org\",\"@graph\":[{\"@type\":[\"WebPage\",\"ItemPage\"],\"@id\":\"https:\/\/elevatesurf.ch\/product\/indiana-pump-foil-pack-hydroskate-condor-xl\/\",\"url\":\"https:\/\/elevatesurf.ch\/product\/indiana-pump-foil-pack-hydroskate-condor-xl\/\",\"name\":\"Indiana Pump Foil Pack: Hydroskate + Condor XL - Elevatesurf\",\"isPartOf\":{\"@id\":\"https:\/\/elevatesurf.ch\/#website\"},\"primaryImageOfPage\":{\"@id\":\"https:\/\/elevatesurf.ch\/product\/indiana-pump-foil-pack-hydroskate-condor-xl\/#primaryimage\"},\"image\":{\"@id\":\"https:\/\/elevatesurf.ch\/product\/indiana-pump-foil-pack-hydroskate-condor-xl\/#primaryimage\"},\"thumbnailUrl\":\"https:\/\/elevatesurf.ch\/wp-content\/uploads\/2024\/08\/3470sq_indiana_pump_foil_pack_hydroskate_condorxl8.png\",\"datePublished\":\"2024-08-30T10:20:56+00:00\",\"dateModified\":\"2026-01-10T08:41:26+00:00\",\"description\":\"Elevatesurf Indiana Pump Foil Pack: Hydroskate + Condor XL\",\"breadcrumb\":{\"@id\":\"https:\/\/elevatesurf.ch\/product\/indiana-pump-foil-pack-hydroskate-condor-xl\/#breadcrumb\"},\"inLanguage\":\"fr-FR\",\"potentialAction\":[{\"@type\":\"ReadAction\",\"target\":[\"https:\/\/elevatesurf.ch\/product\/indiana-pump-foil-pack-hydroskate-condor-xl\/\"]}]},{\"@type\":\"ImageObject\",\"inLanguage\":\"fr-FR\",\"@id\":\"https:\/\/elevatesurf.ch\/product\/indiana-pump-foil-pack-hydroskate-condor-xl\/#primaryimage\",\"url\":\"https:\/\/elevatesurf.ch\/wp-content\/uploads\/2024\/08\/3470sq_indiana_pump_foil_pack_hydroskate_condorxl8.png\",\"contentUrl\":\"https:\/\/elevatesurf.ch\/wp-content\/uploads\/2024\/08\/3470sq_indiana_pump_foil_pack_hydroskate_condorxl8.png\",\"width\":1300,\"height\":1300},{\"@type\":\"BreadcrumbList\",\"@id\":\"https:\/\/elevatesurf.ch\/product\/indiana-pump-foil-pack-hydroskate-condor-xl\/#breadcrumb\",\"itemListElement\":[{\"@type\":\"ListItem\",\"position\":1,\"name\":\"Accueil\",\"item\":\"https:\/\/elevatesurf.ch\/\"},{\"@type\":\"ListItem\",\"position\":2,\"name\":\"Shop &#8211; \u00c9levez Votre Exp\u00e9rience de Surf avec Notre Collection\",\"item\":\"https:\/\/elevatesurf.ch\/shop\/\"},{\"@type\":\"ListItem\",\"position\":3,\"name\":\"Indiana Pump Foil Pack: Hydroskate + Condor XL\"}]},{\"@type\":\"WebSite\",\"@id\":\"https:\/\/elevatesurf.ch\/#website\",\"url\":\"https:\/\/elevatesurf.ch\/\",\"name\":\"Elevatesurf\",\"description\":\"Surfez vers de nouveaux sommets avec ElevateSurf ! Kiteshop, Wingshop\",\"publisher\":{\"@id\":\"https:\/\/elevatesurf.ch\/#organization\"},\"potentialAction\":[{\"@type\":\"SearchAction\",\"target\":{\"@type\":\"EntryPoint\",\"urlTemplate\":\"https:\/\/elevatesurf.ch\/?s={search_term_string}\"},\"query-input\":\"required name=search_term_string\"}],\"inLanguage\":\"fr-FR\"},{\"@type\":\"Organization\",\"@id\":\"https:\/\/elevatesurf.ch\/#organization\",\"name\":\"Elevatesurf\",\"url\":\"https:\/\/elevatesurf.ch\/\",\"logo\":{\"@type\":\"ImageObject\",\"inLanguage\":\"fr-FR\",\"@id\":\"https:\/\/elevatesurf.ch\/#\/schema\/logo\/image\/\",\"url\":\"https:\/\/elevatesurf.ch\/wp-content\/uploads\/2024\/06\/67c2ec70-bdf5-4c14-898a-ded5b2051398.jpg\",\"contentUrl\":\"https:\/\/elevatesurf.ch\/wp-content\/uploads\/2024\/06\/67c2ec70-bdf5-4c14-898a-ded5b2051398.jpg\",\"width\":1024,\"height\":1024,\"caption\":\"Elevatesurf\"},\"image\":{\"@id\":\"https:\/\/elevatesurf.ch\/#\/schema\/logo\/image\/\"},\"sameAs\":[\"https:\/\/www.instagram.com\/elevate__surf\/\"]}]}<\/script>\n<!-- \/ Yoast SEO plugin. -->","yoast_head_json":{"title":"Indiana Pump Foil Pack: Hydroskate + Condor XL - Elevatesurf","description":"Elevatesurf Indiana Pump Foil Pack: Hydroskate + Condor XL","robots":{"index":"index","follow":"follow","max-snippet":"max-snippet:-1","max-image-preview":"max-image-preview:large","max-video-preview":"max-video-preview:-1"},"canonical":"https:\/\/elevatesurf.ch\/fr\/product\/indiana-pump-foil-pack-hydroskate-condor-xl\/","og_locale":"fr_FR","og_type":"article","og_title":"Indiana Pump Foil Pack: Hydroskate + Condor XL - Elevatesurf","og_description":"Elevatesurf Indiana Pump Foil Pack: Hydroskate + Condor XL","og_url":"https:\/\/elevatesurf.ch\/fr\/product\/indiana-pump-foil-pack-hydroskate-condor-xl\/","og_site_name":"Elevatesurf","article_modified_time":"2026-01-10T08:41:26+00:00","og_image":[{"width":1300,"height":1300,"url":"https:\/\/elevatesurf.ch\/wp-content\/uploads\/2024\/08\/3470sq_indiana_pump_foil_pack_hydroskate_condorxl8.png","type":"image\/png"}],"twitter_card":"summary_large_image","twitter_misc":{"Dur\u00e9e de lecture estim\u00e9e":"1 minute"},"schema":{"@context":"https:\/\/schema.org","@graph":[{"@type":["WebPage","ItemPage"],"@id":"https:\/\/elevatesurf.ch\/product\/indiana-pump-foil-pack-hydroskate-condor-xl\/","url":"https:\/\/elevatesurf.ch\/product\/indiana-pump-foil-pack-hydroskate-condor-xl\/","name":"Indiana Pump Foil Pack: Hydroskate + Condor XL - Elevatesurf","isPartOf":{"@id":"https:\/\/elevatesurf.ch\/#website"},"primaryImageOfPage":{"@id":"https:\/\/elevatesurf.ch\/product\/indiana-pump-foil-pack-hydroskate-condor-xl\/#primaryimage"},"image":{"@id":"https:\/\/elevatesurf.ch\/product\/indiana-pump-foil-pack-hydroskate-condor-xl\/#primaryimage"},"thumbnailUrl":"https:\/\/elevatesurf.ch\/wp-content\/uploads\/2024\/08\/3470sq_indiana_pump_foil_pack_hydroskate_condorxl8.png","datePublished":"2024-08-30T10:20:56+00:00","dateModified":"2026-01-10T08:41:26+00:00","description":"Elevatesurf Indiana Pump Foil Pack: Hydroskate + Condor XL","breadcrumb":{"@id":"https:\/\/elevatesurf.ch\/product\/indiana-pump-foil-pack-hydroskate-condor-xl\/#breadcrumb"},"inLanguage":"fr-FR","potentialAction":[{"@type":"ReadAction","target":["https:\/\/elevatesurf.ch\/product\/indiana-pump-foil-pack-hydroskate-condor-xl\/"]}]},{"@type":"ImageObject","inLanguage":"fr-FR","@id":"https:\/\/elevatesurf.ch\/product\/indiana-pump-foil-pack-hydroskate-condor-xl\/#primaryimage","url":"https:\/\/elevatesurf.ch\/wp-content\/uploads\/2024\/08\/3470sq_indiana_pump_foil_pack_hydroskate_condorxl8.png","contentUrl":"https:\/\/elevatesurf.ch\/wp-content\/uploads\/2024\/08\/3470sq_indiana_pump_foil_pack_hydroskate_condorxl8.png","width":1300,"height":1300},{"@type":"BreadcrumbList","@id":"https:\/\/elevatesurf.ch\/product\/indiana-pump-foil-pack-hydroskate-condor-xl\/#breadcrumb","itemListElement":[{"@type":"ListItem","position":1,"name":"Accueil","item":"https:\/\/elevatesurf.ch\/"},{"@type":"ListItem","position":2,"name":"Shop &#8211; \u00c9levez Votre Exp\u00e9rience de Surf avec Notre Collection","item":"https:\/\/elevatesurf.ch\/shop\/"},{"@type":"ListItem","position":3,"name":"Indiana Pump Foil Pack: Hydroskate + Condor XL"}]},{"@type":"WebSite","@id":"https:\/\/elevatesurf.ch\/#website","url":"https:\/\/elevatesurf.ch\/","name":"Elevatesurf","description":"Surfez vers de nouveaux sommets avec ElevateSurf ! Kiteshop, Wingshop","publisher":{"@id":"https:\/\/elevatesurf.ch\/#organization"},"potentialAction":[{"@type":"SearchAction","target":{"@type":"EntryPoint","urlTemplate":"https:\/\/elevatesurf.ch\/?s={search_term_string}"},"query-input":"required name=search_term_string"}],"inLanguage":"fr-FR"},{"@type":"Organization","@id":"https:\/\/elevatesurf.ch\/#organization","name":"Elevatesurf","url":"https:\/\/elevatesurf.ch\/","logo":{"@type":"ImageObject","inLanguage":"fr-FR","@id":"https:\/\/elevatesurf.ch\/#\/schema\/logo\/image\/","url":"https:\/\/elevatesurf.ch\/wp-content\/uploads\/2024\/06\/67c2ec70-bdf5-4c14-898a-ded5b2051398.jpg","contentUrl":"https:\/\/elevatesurf.ch\/wp-content\/uploads\/2024\/06\/67c2ec70-bdf5-4c14-898a-ded5b2051398.jpg","width":1024,"height":1024,"caption":"Elevatesurf"},"image":{"@id":"https:\/\/elevatesurf.ch\/#\/schema\/logo\/image\/"},"sameAs":["https:\/\/www.instagram.com\/elevate__surf\/"]}]}},"_links":{"self":[{"href":"https:\/\/elevatesurf.ch\/fr\/wp-json\/wp\/v2\/product\/20322","targetHints":{"allow":["GET"]}}],"collection":[{"href":"https:\/\/elevatesurf.ch\/fr\/wp-json\/wp\/v2\/product"}],"about":[{"href":"https:\/\/elevatesurf.ch\/fr\/wp-json\/wp\/v2\/types\/product"}],"replies":[{"embeddable":true,"href":"https:\/\/elevatesurf.ch\/fr\/wp-json\/wp\/v2\/comments?post=20322"}],"wp:featuredmedia":[{"embeddable":true,"href":"https:\/\/elevatesurf.ch\/fr\/wp-json\/wp\/v2\/media\/20321"}],"wp:attachment":[{"href":"https:\/\/elevatesurf.ch\/fr\/wp-json\/wp\/v2\/media?parent=20322"}],"wp:term":[{"taxonomy":"product_cat","embeddable":true,"href":"https:\/\/elevatesurf.ch\/fr\/wp-json\/wp\/v2\/product_cat?post=20322"},{"taxonomy":"product_tag","embeddable":true,"href":"https:\/\/elevatesurf.ch\/fr\/wp-json\/wp\/v2\/product_tag?post=20322"}],"curies":[{"name":"wp","href":"https:\/\/api.w.org\/{rel}","templated":true}]}}