{"id":20326,"date":"2024-08-30T10:20:58","date_gmt":"2024-08-30T10:20:58","guid":{"rendered":"https:\/\/elevatesurf.ch\/product\/lio-tec-fuselage-610-heavy-duty-in-ax\/"},"modified":"2026-01-10T08:41:26","modified_gmt":"2026-01-10T08:41:26","slug":"lio-tec-fuselage-610-heavy-duty-in-ax","status":"publish","type":"product","link":"https:\/\/elevatesurf.ch\/fr\/product\/lio-tec-fuselage-610-heavy-duty-in-ax\/","title":{"rendered":"LIO-TEC Fuselage 610 Heavy Duty IN-AX"},"content":{"rendered":"<p>Um es zu erm\u00f6glichen, die Indiana HP Frontwings und Stabilizers mit einem Axis-Mast zu verwenden, haben wir eine 610mm Adapter-Fuselage auf Grundlage der HD610 Fuselage geschaffen.<br \/>\nDiese Fuselage ist aus dem gleichen T6-Aluminium gefertigt und daher genauso robust wie unsere HD Alu Fuselagen.<br \/>\nThe Adapter Fuselagen haben multiple Positionsm\u00f6glichkeiten f\u00fcr die Stabilizer und sind kompatibel mit allen Indiana Flat Mount Stabilizer.<\/p>\n<p>Pflege der Aluteile:<br \/>\nDie Verbindungen und Schrauben nach jedem Gebrauch einfach mit S\u00fc\u00dfwasser absp\u00fclen.<br \/>\nWenn das Foil l\u00e4nger nicht benutzt wird, ist es am besten, sie komplett auseinanderzubauen.Regelm\u00e4\u00dfig die Anoden in der Alu-Grundplatte und im Adapter checken. Die bauen sich nach einer Weile ab, das ist normal. Bei Nutzung des Foils im Salzwasser passiert das schneller. Die Anoden sollten ausgetauscht werden, wenn sie gebrochen oder rissig sind.<br \/>\nVor dem Zusammenbauen unbedingt alle Schrauben mit einer d\u00fcnnen Schicht Tef-Gel bestreichen. Das hilft, dass sie nicht rosten oder festbacken!<br \/>\n&nbsp;<\/p>\n","protected":false},"excerpt":{"rendered":"<p>Um es zu erm\u00f6glichen, die Indiana HP Frontwings und Stabilizers mit einem Axis-Mast zu verwenden, haben wir eine 610mm Adapter-Fuselage auf Grundlage der HD610 Fuselage geschaffen. Diese Fuselage ist aus dem gleichen T6-Aluminium gefertigt und daher genauso robust wie unsere HD Alu Fuselagen. The Adapter Fuselagen haben multiple Positionsm\u00f6glichkeiten f\u00fcr die Stabilizer und sind kompatibel [&hellip;]<\/p>\n","protected":false},"featured_media":20325,"comment_status":"open","ping_status":"closed","template":"","meta":[],"product_cat":[977,993],"product_tag":[],"class_list":{"0":"post-20326","1":"product","2":"type-product","3":"status-publish","4":"has-post-thumbnail","6":"product_cat-accessoires","7":"product_cat-pieces-detachees-accessoires","8":"product_brand-indiana-suisse","10":"first","11":"onbackorder","12":"shipping-taxable","13":"purchasable","14":"product-type-simple"},"yoast_head":"<!-- This site is optimized with the Yoast SEO plugin v22.8 - https:\/\/yoast.com\/wordpress\/plugins\/seo\/ -->\n<title>LIO-TEC Fuselage 610 Heavy Duty IN-AX - Elevatesurf<\/title>\n<meta name=\"description\" content=\"Elevatesurf LIO-TEC Fuselage 610 Heavy Duty IN-AX\" \/>\n<meta name=\"robots\" content=\"index, follow, max-snippet:-1, max-image-preview:large, max-video-preview:-1\" \/>\n<link rel=\"canonical\" href=\"https:\/\/elevatesurf.ch\/fr\/product\/lio-tec-fuselage-610-heavy-duty-in-ax\/\" \/>\n<meta property=\"og:locale\" content=\"fr_FR\" \/>\n<meta property=\"og:type\" content=\"article\" \/>\n<meta property=\"og:title\" content=\"LIO-TEC Fuselage 610 Heavy Duty IN-AX - Elevatesurf\" \/>\n<meta property=\"og:description\" content=\"Elevatesurf LIO-TEC Fuselage 610 Heavy Duty IN-AX\" \/>\n<meta property=\"og:url\" content=\"https:\/\/elevatesurf.ch\/fr\/product\/lio-tec-fuselage-610-heavy-duty-in-ax\/\" \/>\n<meta property=\"og:site_name\" content=\"Elevatesurf\" \/>\n<meta property=\"article:modified_time\" content=\"2026-01-10T08:41:26+00:00\" \/>\n<meta property=\"og:image\" content=\"https:\/\/elevatesurf.ch\/wp-content\/uploads\/2024\/08\/8072sq_lio-tec_fuselage_610_heavy_duty_in-ax_top.png\" \/>\n\t<meta property=\"og:image:width\" content=\"1300\" \/>\n\t<meta property=\"og:image:height\" content=\"975\" \/>\n\t<meta property=\"og:image:type\" content=\"image\/png\" \/>\n<meta name=\"twitter:card\" content=\"summary_large_image\" \/>\n<meta name=\"twitter:label1\" content=\"Dur\u00e9e de lecture estim\u00e9e\" \/>\n\t<meta name=\"twitter:data1\" content=\"1 minute\" \/>\n<script type=\"application\/ld+json\" class=\"yoast-schema-graph\">{\"@context\":\"https:\/\/schema.org\",\"@graph\":[{\"@type\":[\"WebPage\",\"ItemPage\"],\"@id\":\"https:\/\/elevatesurf.ch\/product\/lio-tec-fuselage-610-heavy-duty-in-ax\/\",\"url\":\"https:\/\/elevatesurf.ch\/product\/lio-tec-fuselage-610-heavy-duty-in-ax\/\",\"name\":\"LIO-TEC Fuselage 610 Heavy Duty IN-AX - Elevatesurf\",\"isPartOf\":{\"@id\":\"https:\/\/elevatesurf.ch\/#website\"},\"primaryImageOfPage\":{\"@id\":\"https:\/\/elevatesurf.ch\/product\/lio-tec-fuselage-610-heavy-duty-in-ax\/#primaryimage\"},\"image\":{\"@id\":\"https:\/\/elevatesurf.ch\/product\/lio-tec-fuselage-610-heavy-duty-in-ax\/#primaryimage\"},\"thumbnailUrl\":\"https:\/\/elevatesurf.ch\/wp-content\/uploads\/2024\/08\/8072sq_lio-tec_fuselage_610_heavy_duty_in-ax_top.png\",\"datePublished\":\"2024-08-30T10:20:58+00:00\",\"dateModified\":\"2026-01-10T08:41:26+00:00\",\"description\":\"Elevatesurf LIO-TEC Fuselage 610 Heavy Duty IN-AX\",\"breadcrumb\":{\"@id\":\"https:\/\/elevatesurf.ch\/product\/lio-tec-fuselage-610-heavy-duty-in-ax\/#breadcrumb\"},\"inLanguage\":\"fr-FR\",\"potentialAction\":[{\"@type\":\"ReadAction\",\"target\":[\"https:\/\/elevatesurf.ch\/product\/lio-tec-fuselage-610-heavy-duty-in-ax\/\"]}]},{\"@type\":\"ImageObject\",\"inLanguage\":\"fr-FR\",\"@id\":\"https:\/\/elevatesurf.ch\/product\/lio-tec-fuselage-610-heavy-duty-in-ax\/#primaryimage\",\"url\":\"https:\/\/elevatesurf.ch\/wp-content\/uploads\/2024\/08\/8072sq_lio-tec_fuselage_610_heavy_duty_in-ax_top.png\",\"contentUrl\":\"https:\/\/elevatesurf.ch\/wp-content\/uploads\/2024\/08\/8072sq_lio-tec_fuselage_610_heavy_duty_in-ax_top.png\",\"width\":1300,\"height\":975},{\"@type\":\"BreadcrumbList\",\"@id\":\"https:\/\/elevatesurf.ch\/product\/lio-tec-fuselage-610-heavy-duty-in-ax\/#breadcrumb\",\"itemListElement\":[{\"@type\":\"ListItem\",\"position\":1,\"name\":\"Accueil\",\"item\":\"https:\/\/elevatesurf.ch\/\"},{\"@type\":\"ListItem\",\"position\":2,\"name\":\"Shop &#8211; \u00c9levez Votre Exp\u00e9rience de Surf avec Notre Collection\",\"item\":\"https:\/\/elevatesurf.ch\/shop\/\"},{\"@type\":\"ListItem\",\"position\":3,\"name\":\"LIO-TEC Fuselage 610 Heavy Duty IN-AX\"}]},{\"@type\":\"WebSite\",\"@id\":\"https:\/\/elevatesurf.ch\/#website\",\"url\":\"https:\/\/elevatesurf.ch\/\",\"name\":\"Elevatesurf\",\"description\":\"Surfez vers de nouveaux sommets avec ElevateSurf ! Kiteshop, Wingshop\",\"publisher\":{\"@id\":\"https:\/\/elevatesurf.ch\/#organization\"},\"potentialAction\":[{\"@type\":\"SearchAction\",\"target\":{\"@type\":\"EntryPoint\",\"urlTemplate\":\"https:\/\/elevatesurf.ch\/?s={search_term_string}\"},\"query-input\":\"required name=search_term_string\"}],\"inLanguage\":\"fr-FR\"},{\"@type\":\"Organization\",\"@id\":\"https:\/\/elevatesurf.ch\/#organization\",\"name\":\"Elevatesurf\",\"url\":\"https:\/\/elevatesurf.ch\/\",\"logo\":{\"@type\":\"ImageObject\",\"inLanguage\":\"fr-FR\",\"@id\":\"https:\/\/elevatesurf.ch\/#\/schema\/logo\/image\/\",\"url\":\"https:\/\/elevatesurf.ch\/wp-content\/uploads\/2024\/06\/67c2ec70-bdf5-4c14-898a-ded5b2051398.jpg\",\"contentUrl\":\"https:\/\/elevatesurf.ch\/wp-content\/uploads\/2024\/06\/67c2ec70-bdf5-4c14-898a-ded5b2051398.jpg\",\"width\":1024,\"height\":1024,\"caption\":\"Elevatesurf\"},\"image\":{\"@id\":\"https:\/\/elevatesurf.ch\/#\/schema\/logo\/image\/\"},\"sameAs\":[\"https:\/\/www.instagram.com\/elevate__surf\/\"]}]}<\/script>\n<!-- \/ Yoast SEO plugin. -->","yoast_head_json":{"title":"LIO-TEC Fuselage 610 Heavy Duty IN-AX - Elevatesurf","description":"Elevatesurf LIO-TEC Fuselage 610 Heavy Duty IN-AX","robots":{"index":"index","follow":"follow","max-snippet":"max-snippet:-1","max-image-preview":"max-image-preview:large","max-video-preview":"max-video-preview:-1"},"canonical":"https:\/\/elevatesurf.ch\/fr\/product\/lio-tec-fuselage-610-heavy-duty-in-ax\/","og_locale":"fr_FR","og_type":"article","og_title":"LIO-TEC Fuselage 610 Heavy Duty IN-AX - Elevatesurf","og_description":"Elevatesurf LIO-TEC Fuselage 610 Heavy Duty IN-AX","og_url":"https:\/\/elevatesurf.ch\/fr\/product\/lio-tec-fuselage-610-heavy-duty-in-ax\/","og_site_name":"Elevatesurf","article_modified_time":"2026-01-10T08:41:26+00:00","og_image":[{"width":1300,"height":975,"url":"https:\/\/elevatesurf.ch\/wp-content\/uploads\/2024\/08\/8072sq_lio-tec_fuselage_610_heavy_duty_in-ax_top.png","type":"image\/png"}],"twitter_card":"summary_large_image","twitter_misc":{"Dur\u00e9e de lecture estim\u00e9e":"1 minute"},"schema":{"@context":"https:\/\/schema.org","@graph":[{"@type":["WebPage","ItemPage"],"@id":"https:\/\/elevatesurf.ch\/product\/lio-tec-fuselage-610-heavy-duty-in-ax\/","url":"https:\/\/elevatesurf.ch\/product\/lio-tec-fuselage-610-heavy-duty-in-ax\/","name":"LIO-TEC Fuselage 610 Heavy Duty IN-AX - Elevatesurf","isPartOf":{"@id":"https:\/\/elevatesurf.ch\/#website"},"primaryImageOfPage":{"@id":"https:\/\/elevatesurf.ch\/product\/lio-tec-fuselage-610-heavy-duty-in-ax\/#primaryimage"},"image":{"@id":"https:\/\/elevatesurf.ch\/product\/lio-tec-fuselage-610-heavy-duty-in-ax\/#primaryimage"},"thumbnailUrl":"https:\/\/elevatesurf.ch\/wp-content\/uploads\/2024\/08\/8072sq_lio-tec_fuselage_610_heavy_duty_in-ax_top.png","datePublished":"2024-08-30T10:20:58+00:00","dateModified":"2026-01-10T08:41:26+00:00","description":"Elevatesurf LIO-TEC Fuselage 610 Heavy Duty IN-AX","breadcrumb":{"@id":"https:\/\/elevatesurf.ch\/product\/lio-tec-fuselage-610-heavy-duty-in-ax\/#breadcrumb"},"inLanguage":"fr-FR","potentialAction":[{"@type":"ReadAction","target":["https:\/\/elevatesurf.ch\/product\/lio-tec-fuselage-610-heavy-duty-in-ax\/"]}]},{"@type":"ImageObject","inLanguage":"fr-FR","@id":"https:\/\/elevatesurf.ch\/product\/lio-tec-fuselage-610-heavy-duty-in-ax\/#primaryimage","url":"https:\/\/elevatesurf.ch\/wp-content\/uploads\/2024\/08\/8072sq_lio-tec_fuselage_610_heavy_duty_in-ax_top.png","contentUrl":"https:\/\/elevatesurf.ch\/wp-content\/uploads\/2024\/08\/8072sq_lio-tec_fuselage_610_heavy_duty_in-ax_top.png","width":1300,"height":975},{"@type":"BreadcrumbList","@id":"https:\/\/elevatesurf.ch\/product\/lio-tec-fuselage-610-heavy-duty-in-ax\/#breadcrumb","itemListElement":[{"@type":"ListItem","position":1,"name":"Accueil","item":"https:\/\/elevatesurf.ch\/"},{"@type":"ListItem","position":2,"name":"Shop &#8211; \u00c9levez Votre Exp\u00e9rience de Surf avec Notre Collection","item":"https:\/\/elevatesurf.ch\/shop\/"},{"@type":"ListItem","position":3,"name":"LIO-TEC Fuselage 610 Heavy Duty IN-AX"}]},{"@type":"WebSite","@id":"https:\/\/elevatesurf.ch\/#website","url":"https:\/\/elevatesurf.ch\/","name":"Elevatesurf","description":"Surfez vers de nouveaux sommets avec ElevateSurf ! Kiteshop, Wingshop","publisher":{"@id":"https:\/\/elevatesurf.ch\/#organization"},"potentialAction":[{"@type":"SearchAction","target":{"@type":"EntryPoint","urlTemplate":"https:\/\/elevatesurf.ch\/?s={search_term_string}"},"query-input":"required name=search_term_string"}],"inLanguage":"fr-FR"},{"@type":"Organization","@id":"https:\/\/elevatesurf.ch\/#organization","name":"Elevatesurf","url":"https:\/\/elevatesurf.ch\/","logo":{"@type":"ImageObject","inLanguage":"fr-FR","@id":"https:\/\/elevatesurf.ch\/#\/schema\/logo\/image\/","url":"https:\/\/elevatesurf.ch\/wp-content\/uploads\/2024\/06\/67c2ec70-bdf5-4c14-898a-ded5b2051398.jpg","contentUrl":"https:\/\/elevatesurf.ch\/wp-content\/uploads\/2024\/06\/67c2ec70-bdf5-4c14-898a-ded5b2051398.jpg","width":1024,"height":1024,"caption":"Elevatesurf"},"image":{"@id":"https:\/\/elevatesurf.ch\/#\/schema\/logo\/image\/"},"sameAs":["https:\/\/www.instagram.com\/elevate__surf\/"]}]}},"_links":{"self":[{"href":"https:\/\/elevatesurf.ch\/fr\/wp-json\/wp\/v2\/product\/20326","targetHints":{"allow":["GET"]}}],"collection":[{"href":"https:\/\/elevatesurf.ch\/fr\/wp-json\/wp\/v2\/product"}],"about":[{"href":"https:\/\/elevatesurf.ch\/fr\/wp-json\/wp\/v2\/types\/product"}],"replies":[{"embeddable":true,"href":"https:\/\/elevatesurf.ch\/fr\/wp-json\/wp\/v2\/comments?post=20326"}],"wp:featuredmedia":[{"embeddable":true,"href":"https:\/\/elevatesurf.ch\/fr\/wp-json\/wp\/v2\/media\/20325"}],"wp:attachment":[{"href":"https:\/\/elevatesurf.ch\/fr\/wp-json\/wp\/v2\/media?parent=20326"}],"wp:term":[{"taxonomy":"product_cat","embeddable":true,"href":"https:\/\/elevatesurf.ch\/fr\/wp-json\/wp\/v2\/product_cat?post=20326"},{"taxonomy":"product_tag","embeddable":true,"href":"https:\/\/elevatesurf.ch\/fr\/wp-json\/wp\/v2\/product_tag?post=20326"}],"curies":[{"name":"wp","href":"https:\/\/api.w.org\/{rel}","templated":true}]}}