{"id":20330,"date":"2024-08-30T10:21:01","date_gmt":"2024-08-30T10:21:01","guid":{"rendered":"https:\/\/elevatesurf.ch\/product\/indiana-foil-hp-carbon-mast-drive-hm-75\/"},"modified":"2026-01-10T08:41:26","modified_gmt":"2026-01-10T08:41:26","slug":"indiana-foil-hp-carbon-mast-drive-hm-75","status":"publish","type":"product","link":"https:\/\/elevatesurf.ch\/fr\/product\/indiana-foil-hp-carbon-mast-drive-hm-75\/","title":{"rendered":"Indiana Foil HP Carbon Mast Drive HM 75"},"content":{"rendered":"<p>The Indiana Drive Mast bietet eine revolution\u00e4re Innovation in der Welt des Foilens und setzt neue Ma\u00dfst\u00e4be in Bezug auf Leistung und Kontrolle. Entwickelt, um das Foiling-Erlebnis auf ein h\u00f6heres Niveau zu heben, verspricht der Drive Mast eine einmalige Verbindung zwischen dem Board und Foil, ganz gleich, ob mit hoher Geschwindigkeit gefoilt wird, enge Carves auf einer Welle gezogen werden oder aufregende Downwinder gemacht werden.<br \/>\nW\u00e4hrend umfangreichen Tests wurde unser Team auf die erh\u00f6hten Biege- und Drehkr\u00e4fte aufmerksam, die Masten mit h\u00f6heren Aspektverh\u00e4ltnissen erfahren. Dies war der Ausgangspunkt f\u00fcr die Entwicklung des Indiana Drive Masts. Der Mast besticht durch sein neues Kraftprofil und eine fortschrittliche Materialauswahl, die eine unvergleichliche Steifigkeit und St\u00e4rke f\u00fcr ein au\u00dfergew\u00f6hnliches Foil-Erlebnis bieten.<br \/>\nDas einzigartige einteilige Design des Drive Masts beseitigt potenzielle Probleme mit Str\u00f6mungsst\u00f6rungen und Verbindungsproblemen, wie sie bei mehrteiligen Mastkonstruktionen auftreten k\u00f6nnen. Durch einen speziellen dickeren Konus in der N\u00e4he der Basisplatte wird eine effiziente Bew\u00e4ltigung hoher Belastungen gew\u00e4hrleistet, wodurch Integrit\u00e4t und Leistung in belastungsintensiven Bereichen sichergestellt sind.<br \/>\nDank der Verwendung von High-Modulus-Carbonfaser in der Mastkonstruktion setzt der Indiana Drive Mast neue Ma\u00dfst\u00e4be in Bezug auf Steifigkeit und St\u00e4rke im Vergleich zu herk\u00f6mmlichen Carbonfaser-Konstruktionen. Eine innovative, ausgewogene Platzierung von Materialien in unserem Produktionsprozess gepaart mit rigorosen Tests hat zu einem atemberaubenden Leistungssprung gef\u00fchrt. Die Fahreigenschaften sind derart beeindruckend, dass es eine Herausforderung war, unsere Teamfahrer dazu zu bewegen, die Prototypen nach den Tests zur\u00fcckzugeben!<br \/>\nDie Drive Masten sind mit den HP und Monoblock Foils und Fuselagen kompatibel.<br \/>\n&nbsp;<\/p>\n","protected":false},"excerpt":{"rendered":"<p>The Indiana Drive Mast bietet eine revolution\u00e4re Innovation in der Welt des Foilens und setzt neue Ma\u00dfst\u00e4be in Bezug auf Leistung und Kontrolle. Entwickelt, um das Foiling-Erlebnis auf ein h\u00f6heres Niveau zu heben, verspricht der Drive Mast eine einmalige Verbindung zwischen dem Board und Foil, ganz gleich, ob mit hoher Geschwindigkeit gefoilt wird, enge Carves [&hellip;]<\/p>\n","protected":false},"featured_media":20329,"comment_status":"open","ping_status":"closed","template":"","meta":[],"product_cat":[1015,138],"product_tag":[],"class_list":{"0":"post-20330","1":"product","2":"type-product","3":"status-publish","4":"has-post-thumbnail","6":"product_cat-mats","7":"product_cat-wingfoil-suisse-acheter","8":"product_brand-indiana-suisse","10":"first","11":"onbackorder","12":"shipping-taxable","13":"purchasable","14":"product-type-simple"},"yoast_head":"<!-- This site is optimized with the Yoast SEO plugin v22.8 - https:\/\/yoast.com\/wordpress\/plugins\/seo\/ -->\n<title>Indiana Foil HP Carbon Mast Drive HM 75 - Elevatesurf<\/title>\n<meta name=\"description\" content=\"Elevatesurf Indiana Foil HP Carbon Mast Drive HM 75\" \/>\n<meta name=\"robots\" content=\"index, follow, max-snippet:-1, max-image-preview:large, max-video-preview:-1\" \/>\n<link rel=\"canonical\" href=\"https:\/\/elevatesurf.ch\/fr\/product\/indiana-foil-hp-carbon-mast-drive-hm-75\/\" \/>\n<meta property=\"og:locale\" content=\"fr_FR\" \/>\n<meta property=\"og:type\" content=\"article\" \/>\n<meta property=\"og:title\" content=\"Indiana Foil HP Carbon Mast Drive HM 75 - Elevatesurf\" \/>\n<meta property=\"og:description\" content=\"Elevatesurf Indiana Foil HP Carbon Mast Drive HM 75\" \/>\n<meta property=\"og:url\" content=\"https:\/\/elevatesurf.ch\/fr\/product\/indiana-foil-hp-carbon-mast-drive-hm-75\/\" \/>\n<meta property=\"og:site_name\" content=\"Elevatesurf\" \/>\n<meta property=\"article:modified_time\" content=\"2026-01-10T08:41:26+00:00\" \/>\n<meta property=\"og:image\" content=\"https:\/\/elevatesurf.ch\/wp-content\/uploads\/2024\/08\/3546sq_indiana_foil_hp_carbonmast_drive_75.png\" \/>\n\t<meta property=\"og:image:width\" content=\"1300\" \/>\n\t<meta property=\"og:image:height\" content=\"975\" \/>\n\t<meta property=\"og:image:type\" content=\"image\/png\" \/>\n<meta name=\"twitter:card\" content=\"summary_large_image\" \/>\n<meta name=\"twitter:label1\" content=\"Dur\u00e9e de lecture estim\u00e9e\" \/>\n\t<meta name=\"twitter:data1\" content=\"1 minute\" \/>\n<script type=\"application\/ld+json\" class=\"yoast-schema-graph\">{\"@context\":\"https:\/\/schema.org\",\"@graph\":[{\"@type\":[\"WebPage\",\"ItemPage\"],\"@id\":\"https:\/\/elevatesurf.ch\/product\/indiana-foil-hp-carbon-mast-drive-hm-75\/\",\"url\":\"https:\/\/elevatesurf.ch\/product\/indiana-foil-hp-carbon-mast-drive-hm-75\/\",\"name\":\"Indiana Foil HP Carbon Mast Drive HM 75 - Elevatesurf\",\"isPartOf\":{\"@id\":\"https:\/\/elevatesurf.ch\/#website\"},\"primaryImageOfPage\":{\"@id\":\"https:\/\/elevatesurf.ch\/product\/indiana-foil-hp-carbon-mast-drive-hm-75\/#primaryimage\"},\"image\":{\"@id\":\"https:\/\/elevatesurf.ch\/product\/indiana-foil-hp-carbon-mast-drive-hm-75\/#primaryimage\"},\"thumbnailUrl\":\"https:\/\/elevatesurf.ch\/wp-content\/uploads\/2024\/08\/3546sq_indiana_foil_hp_carbonmast_drive_75.png\",\"datePublished\":\"2024-08-30T10:21:01+00:00\",\"dateModified\":\"2026-01-10T08:41:26+00:00\",\"description\":\"Elevatesurf Indiana Foil HP Carbon Mast Drive HM 75\",\"breadcrumb\":{\"@id\":\"https:\/\/elevatesurf.ch\/product\/indiana-foil-hp-carbon-mast-drive-hm-75\/#breadcrumb\"},\"inLanguage\":\"fr-FR\",\"potentialAction\":[{\"@type\":\"ReadAction\",\"target\":[\"https:\/\/elevatesurf.ch\/product\/indiana-foil-hp-carbon-mast-drive-hm-75\/\"]}]},{\"@type\":\"ImageObject\",\"inLanguage\":\"fr-FR\",\"@id\":\"https:\/\/elevatesurf.ch\/product\/indiana-foil-hp-carbon-mast-drive-hm-75\/#primaryimage\",\"url\":\"https:\/\/elevatesurf.ch\/wp-content\/uploads\/2024\/08\/3546sq_indiana_foil_hp_carbonmast_drive_75.png\",\"contentUrl\":\"https:\/\/elevatesurf.ch\/wp-content\/uploads\/2024\/08\/3546sq_indiana_foil_hp_carbonmast_drive_75.png\",\"width\":1300,\"height\":975},{\"@type\":\"BreadcrumbList\",\"@id\":\"https:\/\/elevatesurf.ch\/product\/indiana-foil-hp-carbon-mast-drive-hm-75\/#breadcrumb\",\"itemListElement\":[{\"@type\":\"ListItem\",\"position\":1,\"name\":\"Accueil\",\"item\":\"https:\/\/elevatesurf.ch\/\"},{\"@type\":\"ListItem\",\"position\":2,\"name\":\"Shop &#8211; \u00c9levez Votre Exp\u00e9rience de Surf avec Notre Collection\",\"item\":\"https:\/\/elevatesurf.ch\/shop\/\"},{\"@type\":\"ListItem\",\"position\":3,\"name\":\"Indiana Foil HP Carbon Mast Drive HM 75\"}]},{\"@type\":\"WebSite\",\"@id\":\"https:\/\/elevatesurf.ch\/#website\",\"url\":\"https:\/\/elevatesurf.ch\/\",\"name\":\"Elevatesurf\",\"description\":\"Surfez vers de nouveaux sommets avec ElevateSurf ! Kiteshop, Wingshop\",\"publisher\":{\"@id\":\"https:\/\/elevatesurf.ch\/#organization\"},\"potentialAction\":[{\"@type\":\"SearchAction\",\"target\":{\"@type\":\"EntryPoint\",\"urlTemplate\":\"https:\/\/elevatesurf.ch\/?s={search_term_string}\"},\"query-input\":\"required name=search_term_string\"}],\"inLanguage\":\"fr-FR\"},{\"@type\":\"Organization\",\"@id\":\"https:\/\/elevatesurf.ch\/#organization\",\"name\":\"Elevatesurf\",\"url\":\"https:\/\/elevatesurf.ch\/\",\"logo\":{\"@type\":\"ImageObject\",\"inLanguage\":\"fr-FR\",\"@id\":\"https:\/\/elevatesurf.ch\/#\/schema\/logo\/image\/\",\"url\":\"https:\/\/elevatesurf.ch\/wp-content\/uploads\/2024\/06\/67c2ec70-bdf5-4c14-898a-ded5b2051398.jpg\",\"contentUrl\":\"https:\/\/elevatesurf.ch\/wp-content\/uploads\/2024\/06\/67c2ec70-bdf5-4c14-898a-ded5b2051398.jpg\",\"width\":1024,\"height\":1024,\"caption\":\"Elevatesurf\"},\"image\":{\"@id\":\"https:\/\/elevatesurf.ch\/#\/schema\/logo\/image\/\"},\"sameAs\":[\"https:\/\/www.instagram.com\/elevate__surf\/\"]}]}<\/script>\n<!-- \/ Yoast SEO plugin. -->","yoast_head_json":{"title":"Indiana Foil HP Carbon Mast Drive HM 75 - Elevatesurf","description":"Elevatesurf Indiana Foil HP Carbon Mast Drive HM 75","robots":{"index":"index","follow":"follow","max-snippet":"max-snippet:-1","max-image-preview":"max-image-preview:large","max-video-preview":"max-video-preview:-1"},"canonical":"https:\/\/elevatesurf.ch\/fr\/product\/indiana-foil-hp-carbon-mast-drive-hm-75\/","og_locale":"fr_FR","og_type":"article","og_title":"Indiana Foil HP Carbon Mast Drive HM 75 - Elevatesurf","og_description":"Elevatesurf Indiana Foil HP Carbon Mast Drive HM 75","og_url":"https:\/\/elevatesurf.ch\/fr\/product\/indiana-foil-hp-carbon-mast-drive-hm-75\/","og_site_name":"Elevatesurf","article_modified_time":"2026-01-10T08:41:26+00:00","og_image":[{"width":1300,"height":975,"url":"https:\/\/elevatesurf.ch\/wp-content\/uploads\/2024\/08\/3546sq_indiana_foil_hp_carbonmast_drive_75.png","type":"image\/png"}],"twitter_card":"summary_large_image","twitter_misc":{"Dur\u00e9e de lecture estim\u00e9e":"1 minute"},"schema":{"@context":"https:\/\/schema.org","@graph":[{"@type":["WebPage","ItemPage"],"@id":"https:\/\/elevatesurf.ch\/product\/indiana-foil-hp-carbon-mast-drive-hm-75\/","url":"https:\/\/elevatesurf.ch\/product\/indiana-foil-hp-carbon-mast-drive-hm-75\/","name":"Indiana Foil HP Carbon Mast Drive HM 75 - Elevatesurf","isPartOf":{"@id":"https:\/\/elevatesurf.ch\/#website"},"primaryImageOfPage":{"@id":"https:\/\/elevatesurf.ch\/product\/indiana-foil-hp-carbon-mast-drive-hm-75\/#primaryimage"},"image":{"@id":"https:\/\/elevatesurf.ch\/product\/indiana-foil-hp-carbon-mast-drive-hm-75\/#primaryimage"},"thumbnailUrl":"https:\/\/elevatesurf.ch\/wp-content\/uploads\/2024\/08\/3546sq_indiana_foil_hp_carbonmast_drive_75.png","datePublished":"2024-08-30T10:21:01+00:00","dateModified":"2026-01-10T08:41:26+00:00","description":"Elevatesurf Indiana Foil HP Carbon Mast Drive HM 75","breadcrumb":{"@id":"https:\/\/elevatesurf.ch\/product\/indiana-foil-hp-carbon-mast-drive-hm-75\/#breadcrumb"},"inLanguage":"fr-FR","potentialAction":[{"@type":"ReadAction","target":["https:\/\/elevatesurf.ch\/product\/indiana-foil-hp-carbon-mast-drive-hm-75\/"]}]},{"@type":"ImageObject","inLanguage":"fr-FR","@id":"https:\/\/elevatesurf.ch\/product\/indiana-foil-hp-carbon-mast-drive-hm-75\/#primaryimage","url":"https:\/\/elevatesurf.ch\/wp-content\/uploads\/2024\/08\/3546sq_indiana_foil_hp_carbonmast_drive_75.png","contentUrl":"https:\/\/elevatesurf.ch\/wp-content\/uploads\/2024\/08\/3546sq_indiana_foil_hp_carbonmast_drive_75.png","width":1300,"height":975},{"@type":"BreadcrumbList","@id":"https:\/\/elevatesurf.ch\/product\/indiana-foil-hp-carbon-mast-drive-hm-75\/#breadcrumb","itemListElement":[{"@type":"ListItem","position":1,"name":"Accueil","item":"https:\/\/elevatesurf.ch\/"},{"@type":"ListItem","position":2,"name":"Shop &#8211; \u00c9levez Votre Exp\u00e9rience de Surf avec Notre Collection","item":"https:\/\/elevatesurf.ch\/shop\/"},{"@type":"ListItem","position":3,"name":"Indiana Foil HP Carbon Mast Drive HM 75"}]},{"@type":"WebSite","@id":"https:\/\/elevatesurf.ch\/#website","url":"https:\/\/elevatesurf.ch\/","name":"Elevatesurf","description":"Surfez vers de nouveaux sommets avec ElevateSurf ! Kiteshop, Wingshop","publisher":{"@id":"https:\/\/elevatesurf.ch\/#organization"},"potentialAction":[{"@type":"SearchAction","target":{"@type":"EntryPoint","urlTemplate":"https:\/\/elevatesurf.ch\/?s={search_term_string}"},"query-input":"required name=search_term_string"}],"inLanguage":"fr-FR"},{"@type":"Organization","@id":"https:\/\/elevatesurf.ch\/#organization","name":"Elevatesurf","url":"https:\/\/elevatesurf.ch\/","logo":{"@type":"ImageObject","inLanguage":"fr-FR","@id":"https:\/\/elevatesurf.ch\/#\/schema\/logo\/image\/","url":"https:\/\/elevatesurf.ch\/wp-content\/uploads\/2024\/06\/67c2ec70-bdf5-4c14-898a-ded5b2051398.jpg","contentUrl":"https:\/\/elevatesurf.ch\/wp-content\/uploads\/2024\/06\/67c2ec70-bdf5-4c14-898a-ded5b2051398.jpg","width":1024,"height":1024,"caption":"Elevatesurf"},"image":{"@id":"https:\/\/elevatesurf.ch\/#\/schema\/logo\/image\/"},"sameAs":["https:\/\/www.instagram.com\/elevate__surf\/"]}]}},"_links":{"self":[{"href":"https:\/\/elevatesurf.ch\/fr\/wp-json\/wp\/v2\/product\/20330","targetHints":{"allow":["GET"]}}],"collection":[{"href":"https:\/\/elevatesurf.ch\/fr\/wp-json\/wp\/v2\/product"}],"about":[{"href":"https:\/\/elevatesurf.ch\/fr\/wp-json\/wp\/v2\/types\/product"}],"replies":[{"embeddable":true,"href":"https:\/\/elevatesurf.ch\/fr\/wp-json\/wp\/v2\/comments?post=20330"}],"wp:featuredmedia":[{"embeddable":true,"href":"https:\/\/elevatesurf.ch\/fr\/wp-json\/wp\/v2\/media\/20329"}],"wp:attachment":[{"href":"https:\/\/elevatesurf.ch\/fr\/wp-json\/wp\/v2\/media?parent=20330"}],"wp:term":[{"taxonomy":"product_cat","embeddable":true,"href":"https:\/\/elevatesurf.ch\/fr\/wp-json\/wp\/v2\/product_cat?post=20330"},{"taxonomy":"product_tag","embeddable":true,"href":"https:\/\/elevatesurf.ch\/fr\/wp-json\/wp\/v2\/product_tag?post=20330"}],"curies":[{"name":"wp","href":"https:\/\/api.w.org\/{rel}","templated":true}]}}