{"id":24159,"date":"2025-01-08T07:05:41","date_gmt":"2025-01-08T07:05:41","guid":{"rendered":"https:\/\/elevatesurf.ch\/product\/fw-eagle-x-uhm-carbon-1000\/"},"modified":"2025-06-08T17:07:00","modified_gmt":"2025-06-08T17:07:00","slug":"fw-eagle-x-uhm-carbon-1000","status":"publish","type":"product","link":"https:\/\/elevatesurf.ch\/fr\/product\/fw-eagle-x-uhm-carbon-1000\/","title":{"rendered":"FW EAGLE X UHM CARBON &#8211; 1000"},"content":{"rendered":"<h2>EAGLE X<\/h2>\n<h3>Geschwindigkeit und Leistung<\/h3>\n<p>Die atemberaubende Geschwindigkeit unseres ber\u00fchmten EAGLE wurde multipliziert.<br \/>\nDieses neue Foil gewinnt sowohl an Durchschnitts- als auch an H\u00f6chstgeschwindigkeit.<br \/>\nMit dem EAGLE X wirst du die Energie des Ozeans wie nie zuvor nutzen und von seiner unglaublichen Leistung beeindruckt sein.<\/p>\n<h3>Optimiert f\u00fcr maximale Geschwindigkeit<\/h3>\n<p>Der EAGLE X ist darauf optimiert, die h\u00f6chstm\u00f6glichen Geschwindigkeiten zu erreichen, w\u00e4hrend er eine sehr hohe Durchschnittsgeschwindigkeit beibeh\u00e4lt.<br \/>\nDas untere Ende wurde speziell f\u00fcr einfache Starts und Komfort in der Luft entwickelt.<br \/>\nSein Gleitverhalten erm\u00f6glicht es dir, ohne Abzubremsen zu fliegen, selbst wenn dir ein kleiner Fehler unterl\u00e4uft.<\/p>\n<h3>Erweitertes Geschwindigkeitsprofil<\/h3>\n<p>Anstatt sich auf das untere oder obere Ende zu konzentrieren, haben wir daran gearbeitet, den gesamten Geschwindigkeitsbereich dieses Foils zu erh\u00f6hen.<br \/>\nAls Ergebnis kann der EAGLE X sowohl sehr schnell als auch sehr langsam fahren, was komfortable und einfache Downwinder mit einer hohen Durchschnittsgeschwindigkeit erm\u00f6glicht.<\/p>\n<h3>Verfeinerter Umriss<\/h3>\n<p>Der hoch erkennbare Umriss des EAGLE X wurde besonders verfeinert.<\/p>\n<h3>Exzellente Man\u00f6vrierf\u00e4higkeit<\/h3>\n<p>Der Gro\u00dfteil der Foil-Oberfl\u00e4che ist in der Mitte verteilt, wodurch ziemlich schmale Fl\u00fcgelspitzen entstehen.<br \/>\nDiese Fl\u00e4chenverteilung sorgt f\u00fcr eine hervorragende Man\u00f6vrierf\u00e4higkeit, besonders f\u00fcr ein so hohes Seitenverh\u00e4ltnis.<br \/>\nDaher ist der EAGLE X nicht nur ein schnelles Foil, sondern auch ein spa\u00dfiges Foil zum Carven!<br \/>\nDar\u00fcber hinaus machen es die schmalen Fl\u00fcgelspitzen einfach, die Spitzen ohne Turbulenzen oder Kavitation herauszuziehen.<br \/>\nSchlie\u00dflich sind die Fl\u00fcgelspitzen immer noch mit Winglets ausgestattet, um den induzierten Luftwiderstand auf ein Minimum zu reduzieren.<\/p>\n<h3>Fantastisches Gleiten<\/h3>\n<p>Der EAGLE X bietet ein fantastisches Gleiten, f\u00e4ngt die kleinste Energie des Ozeans ein und nutzt sie, um sich vorw\u00e4rts zu bewegen.<br \/>\nEr ist in der Lage, durch kleine Wellen zu weben sowie \u00fcber lange D\u00fcnungen zu rasen, sodass du w\u00e4hrend deiner Fahrten wie nie zuvor wandern und erkunden kannst.<br \/>\nJede Pumpbewegung wird in Vorw\u00e4rtsenergie umgewandelt, was dieses Foil selbst \u00fcber mehrere Stunden hinweg schmerzfrei zu fahren macht.<\/p>\n<h3>Leicht und stark<\/h3>\n<p>Dank der Monobloc-Struktur mit Pre-Preg-Carbon ist das Foil sowohl sehr leicht als auch stark.<br \/>\nDiese Konfiguration verbessert die Last\u00fcbertragung und bietet eine bessere Steifigkeit in den verschiedenen Teilen f\u00fcr maximale Kontrolle.<br \/>\nDas Ultra High Modulus (UHM) Carbon sorgt f\u00fcr maximale Steifigkeit f\u00fcr eine bessere Leistung und unglaubliche Kontrolle durch sofortiges Feedback.<br \/>\nDie TITAN-Verbindung erm\u00f6glicht das Anschlie\u00dfen entweder eines Aluminium- oder Carbonmasts.<\/p>\n<h3>Ideal f\u00fcr fortgeschrittene Nutzer<\/h3>\n<p>Der EAGLE X eignet sich am besten f\u00fcr fortgeschrittene Nutzer, die auf der Suche nach Leistung oder neuen Gleitempfindungen sind.<br \/>\nOb Wing-Foiling oder SUP-Foiling, dieses Foil verspricht eine ganze neue Reihe von Empfindungen, die nur es bieten kann.<\/p>\n<p><em>* Downwinding erfordert k\u00f6rperliche Vorbereitung, geeignete Sicherheitsvorrichtungen (z.B. Leash, Taschenlampe, Sicherheitsweste) und Unterst\u00fctzung auf See.<br \/>\nBitte versuche keine Downwinder alleine oder ohne entsprechende Schulung.<\/em><\/p>\n","protected":false},"excerpt":{"rendered":"<p>Gleiten ohne Grenzen!<br \/>\nDer EAGLE X begeistert Downwinder mit extremem Gleitverhalten und Geschwindigkeit.Ideal f\u00fcr fortgeschrittene Fahrer, ob beim SUP- oder Wing-Foilen.High-Aspect-Ratio von 12 f\u00fcr maximale Performance.<\/p>\n","protected":false},"featured_media":24160,"comment_status":"closed","ping_status":"closed","template":"","meta":[],"product_cat":[572,668,587,138],"product_tag":[],"class_list":{"0":"post-24159","1":"product","2":"type-product","3":"status-publish","4":"has-post-thumbnail","6":"product_cat-downwind","7":"product_cat-kite-foil","8":"product_cat-surf-foil","9":"product_cat-wingfoil-suisse-acheter","10":"pa_saison-543","11":"product_brand-indiana-suisse","13":"first","14":"onbackorder","15":"purchasable","16":"product-type-simple"},"yoast_head":"<!-- This site is optimized with the Yoast SEO plugin v22.8 - https:\/\/yoast.com\/wordpress\/plugins\/seo\/ -->\n<title>FW EAGLE X UHM CARBON - 1000 - Elevatesurf<\/title>\n<meta name=\"description\" content=\"Elevatesurf FW EAGLE X UHM CARBON - 1000\" \/>\n<meta name=\"robots\" content=\"index, follow, max-snippet:-1, max-image-preview:large, max-video-preview:-1\" \/>\n<link rel=\"canonical\" href=\"https:\/\/elevatesurf.ch\/fr\/product\/fw-eagle-x-uhm-carbon-1000\/\" \/>\n<meta property=\"og:locale\" content=\"fr_FR\" \/>\n<meta property=\"og:type\" content=\"article\" \/>\n<meta property=\"og:title\" content=\"FW EAGLE X UHM CARBON - 1000 - Elevatesurf\" \/>\n<meta property=\"og:description\" content=\"Elevatesurf FW EAGLE X UHM CARBON - 1000\" \/>\n<meta property=\"og:url\" content=\"https:\/\/elevatesurf.ch\/fr\/product\/fw-eagle-x-uhm-carbon-1000\/\" \/>\n<meta property=\"og:site_name\" content=\"Elevatesurf\" \/>\n<meta property=\"article:modified_time\" content=\"2025-06-08T17:07:00+00:00\" \/>\n<meta property=\"og:image\" content=\"https:\/\/elevatesurf.ch\/wp-content\/uploads\/2025\/01\/EAGLE-X-1000-FW.png\" \/>\n\t<meta property=\"og:image:width\" content=\"1080\" \/>\n\t<meta property=\"og:image:height\" content=\"1080\" \/>\n\t<meta property=\"og:image:type\" content=\"image\/png\" \/>\n<meta name=\"twitter:card\" content=\"summary_large_image\" \/>\n<meta name=\"twitter:label1\" content=\"Dur\u00e9e de lecture estim\u00e9e\" \/>\n\t<meta name=\"twitter:data1\" content=\"2 minutes\" \/>\n<script type=\"application\/ld+json\" class=\"yoast-schema-graph\">{\"@context\":\"https:\/\/schema.org\",\"@graph\":[{\"@type\":[\"WebPage\",\"ItemPage\"],\"@id\":\"https:\/\/elevatesurf.ch\/product\/fw-eagle-x-uhm-carbon-1000\/\",\"url\":\"https:\/\/elevatesurf.ch\/product\/fw-eagle-x-uhm-carbon-1000\/\",\"name\":\"FW EAGLE X UHM CARBON - 1000 - Elevatesurf\",\"isPartOf\":{\"@id\":\"https:\/\/elevatesurf.ch\/#website\"},\"primaryImageOfPage\":{\"@id\":\"https:\/\/elevatesurf.ch\/product\/fw-eagle-x-uhm-carbon-1000\/#primaryimage\"},\"image\":{\"@id\":\"https:\/\/elevatesurf.ch\/product\/fw-eagle-x-uhm-carbon-1000\/#primaryimage\"},\"thumbnailUrl\":\"https:\/\/elevatesurf.ch\/wp-content\/uploads\/2025\/01\/EAGLE-X-1000-FW.png\",\"datePublished\":\"2025-01-08T07:05:41+00:00\",\"dateModified\":\"2025-06-08T17:07:00+00:00\",\"description\":\"Elevatesurf FW EAGLE X UHM CARBON - 1000\",\"breadcrumb\":{\"@id\":\"https:\/\/elevatesurf.ch\/product\/fw-eagle-x-uhm-carbon-1000\/#breadcrumb\"},\"inLanguage\":\"fr-FR\",\"potentialAction\":[{\"@type\":\"ReadAction\",\"target\":[\"https:\/\/elevatesurf.ch\/product\/fw-eagle-x-uhm-carbon-1000\/\"]}]},{\"@type\":\"ImageObject\",\"inLanguage\":\"fr-FR\",\"@id\":\"https:\/\/elevatesurf.ch\/product\/fw-eagle-x-uhm-carbon-1000\/#primaryimage\",\"url\":\"https:\/\/elevatesurf.ch\/wp-content\/uploads\/2025\/01\/EAGLE-X-1000-FW.png\",\"contentUrl\":\"https:\/\/elevatesurf.ch\/wp-content\/uploads\/2025\/01\/EAGLE-X-1000-FW.png\",\"width\":1080,\"height\":1080},{\"@type\":\"BreadcrumbList\",\"@id\":\"https:\/\/elevatesurf.ch\/product\/fw-eagle-x-uhm-carbon-1000\/#breadcrumb\",\"itemListElement\":[{\"@type\":\"ListItem\",\"position\":1,\"name\":\"Accueil\",\"item\":\"https:\/\/elevatesurf.ch\/\"},{\"@type\":\"ListItem\",\"position\":2,\"name\":\"Shop &#8211; \u00c9levez Votre Exp\u00e9rience de Surf avec Notre Collection\",\"item\":\"https:\/\/elevatesurf.ch\/shop\/\"},{\"@type\":\"ListItem\",\"position\":3,\"name\":\"FW EAGLE X UHM CARBON &#8211; 1000\"}]},{\"@type\":\"WebSite\",\"@id\":\"https:\/\/elevatesurf.ch\/#website\",\"url\":\"https:\/\/elevatesurf.ch\/\",\"name\":\"Elevatesurf\",\"description\":\"Surfez vers de nouveaux sommets avec ElevateSurf ! Kiteshop, Wingshop\",\"publisher\":{\"@id\":\"https:\/\/elevatesurf.ch\/#organization\"},\"potentialAction\":[{\"@type\":\"SearchAction\",\"target\":{\"@type\":\"EntryPoint\",\"urlTemplate\":\"https:\/\/elevatesurf.ch\/?s={search_term_string}\"},\"query-input\":\"required name=search_term_string\"}],\"inLanguage\":\"fr-FR\"},{\"@type\":\"Organization\",\"@id\":\"https:\/\/elevatesurf.ch\/#organization\",\"name\":\"Elevatesurf\",\"url\":\"https:\/\/elevatesurf.ch\/\",\"logo\":{\"@type\":\"ImageObject\",\"inLanguage\":\"fr-FR\",\"@id\":\"https:\/\/elevatesurf.ch\/#\/schema\/logo\/image\/\",\"url\":\"https:\/\/elevatesurf.ch\/wp-content\/uploads\/2024\/06\/67c2ec70-bdf5-4c14-898a-ded5b2051398.jpg\",\"contentUrl\":\"https:\/\/elevatesurf.ch\/wp-content\/uploads\/2024\/06\/67c2ec70-bdf5-4c14-898a-ded5b2051398.jpg\",\"width\":1024,\"height\":1024,\"caption\":\"Elevatesurf\"},\"image\":{\"@id\":\"https:\/\/elevatesurf.ch\/#\/schema\/logo\/image\/\"},\"sameAs\":[\"https:\/\/www.instagram.com\/elevate__surf\/\"]}]}<\/script>\n<!-- \/ Yoast SEO plugin. -->","yoast_head_json":{"title":"FW EAGLE X UHM CARBON - 1000 - Elevatesurf","description":"Elevatesurf FW EAGLE X UHM CARBON - 1000","robots":{"index":"index","follow":"follow","max-snippet":"max-snippet:-1","max-image-preview":"max-image-preview:large","max-video-preview":"max-video-preview:-1"},"canonical":"https:\/\/elevatesurf.ch\/fr\/product\/fw-eagle-x-uhm-carbon-1000\/","og_locale":"fr_FR","og_type":"article","og_title":"FW EAGLE X UHM CARBON - 1000 - Elevatesurf","og_description":"Elevatesurf FW EAGLE X UHM CARBON - 1000","og_url":"https:\/\/elevatesurf.ch\/fr\/product\/fw-eagle-x-uhm-carbon-1000\/","og_site_name":"Elevatesurf","article_modified_time":"2025-06-08T17:07:00+00:00","og_image":[{"width":1080,"height":1080,"url":"https:\/\/elevatesurf.ch\/wp-content\/uploads\/2025\/01\/EAGLE-X-1000-FW.png","type":"image\/png"}],"twitter_card":"summary_large_image","twitter_misc":{"Dur\u00e9e de lecture estim\u00e9e":"2 minutes"},"schema":{"@context":"https:\/\/schema.org","@graph":[{"@type":["WebPage","ItemPage"],"@id":"https:\/\/elevatesurf.ch\/product\/fw-eagle-x-uhm-carbon-1000\/","url":"https:\/\/elevatesurf.ch\/product\/fw-eagle-x-uhm-carbon-1000\/","name":"FW EAGLE X UHM CARBON - 1000 - Elevatesurf","isPartOf":{"@id":"https:\/\/elevatesurf.ch\/#website"},"primaryImageOfPage":{"@id":"https:\/\/elevatesurf.ch\/product\/fw-eagle-x-uhm-carbon-1000\/#primaryimage"},"image":{"@id":"https:\/\/elevatesurf.ch\/product\/fw-eagle-x-uhm-carbon-1000\/#primaryimage"},"thumbnailUrl":"https:\/\/elevatesurf.ch\/wp-content\/uploads\/2025\/01\/EAGLE-X-1000-FW.png","datePublished":"2025-01-08T07:05:41+00:00","dateModified":"2025-06-08T17:07:00+00:00","description":"Elevatesurf FW EAGLE X UHM CARBON - 1000","breadcrumb":{"@id":"https:\/\/elevatesurf.ch\/product\/fw-eagle-x-uhm-carbon-1000\/#breadcrumb"},"inLanguage":"fr-FR","potentialAction":[{"@type":"ReadAction","target":["https:\/\/elevatesurf.ch\/product\/fw-eagle-x-uhm-carbon-1000\/"]}]},{"@type":"ImageObject","inLanguage":"fr-FR","@id":"https:\/\/elevatesurf.ch\/product\/fw-eagle-x-uhm-carbon-1000\/#primaryimage","url":"https:\/\/elevatesurf.ch\/wp-content\/uploads\/2025\/01\/EAGLE-X-1000-FW.png","contentUrl":"https:\/\/elevatesurf.ch\/wp-content\/uploads\/2025\/01\/EAGLE-X-1000-FW.png","width":1080,"height":1080},{"@type":"BreadcrumbList","@id":"https:\/\/elevatesurf.ch\/product\/fw-eagle-x-uhm-carbon-1000\/#breadcrumb","itemListElement":[{"@type":"ListItem","position":1,"name":"Accueil","item":"https:\/\/elevatesurf.ch\/"},{"@type":"ListItem","position":2,"name":"Shop &#8211; \u00c9levez Votre Exp\u00e9rience de Surf avec Notre Collection","item":"https:\/\/elevatesurf.ch\/shop\/"},{"@type":"ListItem","position":3,"name":"FW EAGLE X UHM CARBON &#8211; 1000"}]},{"@type":"WebSite","@id":"https:\/\/elevatesurf.ch\/#website","url":"https:\/\/elevatesurf.ch\/","name":"Elevatesurf","description":"Surfez vers de nouveaux sommets avec ElevateSurf ! Kiteshop, Wingshop","publisher":{"@id":"https:\/\/elevatesurf.ch\/#organization"},"potentialAction":[{"@type":"SearchAction","target":{"@type":"EntryPoint","urlTemplate":"https:\/\/elevatesurf.ch\/?s={search_term_string}"},"query-input":"required name=search_term_string"}],"inLanguage":"fr-FR"},{"@type":"Organization","@id":"https:\/\/elevatesurf.ch\/#organization","name":"Elevatesurf","url":"https:\/\/elevatesurf.ch\/","logo":{"@type":"ImageObject","inLanguage":"fr-FR","@id":"https:\/\/elevatesurf.ch\/#\/schema\/logo\/image\/","url":"https:\/\/elevatesurf.ch\/wp-content\/uploads\/2024\/06\/67c2ec70-bdf5-4c14-898a-ded5b2051398.jpg","contentUrl":"https:\/\/elevatesurf.ch\/wp-content\/uploads\/2024\/06\/67c2ec70-bdf5-4c14-898a-ded5b2051398.jpg","width":1024,"height":1024,"caption":"Elevatesurf"},"image":{"@id":"https:\/\/elevatesurf.ch\/#\/schema\/logo\/image\/"},"sameAs":["https:\/\/www.instagram.com\/elevate__surf\/"]}]}},"_links":{"self":[{"href":"https:\/\/elevatesurf.ch\/fr\/wp-json\/wp\/v2\/product\/24159","targetHints":{"allow":["GET"]}}],"collection":[{"href":"https:\/\/elevatesurf.ch\/fr\/wp-json\/wp\/v2\/product"}],"about":[{"href":"https:\/\/elevatesurf.ch\/fr\/wp-json\/wp\/v2\/types\/product"}],"replies":[{"embeddable":true,"href":"https:\/\/elevatesurf.ch\/fr\/wp-json\/wp\/v2\/comments?post=24159"}],"wp:featuredmedia":[{"embeddable":true,"href":"https:\/\/elevatesurf.ch\/fr\/wp-json\/wp\/v2\/media\/24160"}],"wp:attachment":[{"href":"https:\/\/elevatesurf.ch\/fr\/wp-json\/wp\/v2\/media?parent=24159"}],"wp:term":[{"taxonomy":"product_cat","embeddable":true,"href":"https:\/\/elevatesurf.ch\/fr\/wp-json\/wp\/v2\/product_cat?post=24159"},{"taxonomy":"product_tag","embeddable":true,"href":"https:\/\/elevatesurf.ch\/fr\/wp-json\/wp\/v2\/product_tag?post=24159"}],"curies":[{"name":"wp","href":"https:\/\/api.w.org\/{rel}","templated":true}]}}