{"id":24169,"date":"2025-01-08T07:20:14","date_gmt":"2025-01-08T07:20:14","guid":{"rendered":"https:\/\/elevatesurf.ch\/product\/rocket-wing-asc\/"},"modified":"2026-05-16T10:23:36","modified_gmt":"2026-05-16T10:23:36","slug":"rocket-wing-asc","status":"publish","type":"product","link":"https:\/\/elevatesurf.ch\/fr\/product\/rocket-wing-asc\/","title":{"rendered":"ROCKET WING ASC"},"content":{"rendered":"<div>\n<h3>Rocket Wing ASC<\/h3>\n<p>Unsere gesamte ROCKET WING-Serie erm\u00f6glicht es jedem Fahrer, die aufregende Freiheit und die Erlebnisse des Wing-Foiling zu genie\u00dfen.<br \/>\nDie Abmessungen und Formen unserer Boards sind einzigartig und speziell auf diesen Sport abgestimmt, um sicherzustellen, dass Sie das Beste aus Ihrem Wing und Foil herausholen.<\/p>\n<p>Das ROCKET WING ASC ist ideal f\u00fcr alle Phasen der Wing-Foil-Entwicklung und bietet seitliche Stabilit\u00e4t, beeindruckende Reaktionsf\u00e4higkeit und einen sanften \u00dcbergang in den Flug.<\/p>\n<p>Dieses Board verf\u00fcgt \u00fcber eine gerade, optimierte Rocker-Linie f\u00fcr einen einfachen Start und eine intuitive Fahrt.<br \/>\nDas scharf abgeschr\u00e4gte Schienenprofil und die doppelt konkave Rumpfform helfen Ihnen, schnell in den Flug zu kommen, und Sie werden nicht verunsichert, wenn Sie gelegentlich das Wasser ber\u00fchren oder bei Touchdowns.<\/p>\n<p>Dank modernster ASC-Technologie profitieren die Boards von einem der fortschrittlichsten Formverfahren der Welt, das auch Abfall reduziert und die Formgenauigkeit erh\u00f6ht.<br \/>\nDie ROCKET WING ASC-Boards sind stark und langlebig.<br \/>\nEgal wie viele Dellen, St\u00f6\u00dfe oder St\u00fcrze das Board erleidet, es wird standhalten.<\/p>\n<p>Die Gr\u00f6\u00dfenauswahl wurde nun auf f\u00fcnf Optionen erweitert, von 5&rsquo;0 bis 6&rsquo;2, f\u00fcr noch mehr Spa\u00df auf dem Wasser.<br \/>\nDie hohen Volumina und gro\u00dfz\u00fcgigen Breiten erm\u00f6glichen es den meisten Fahrern, leicht aufzustehen und sicherzustellen, dass eine R\u00fcckfahrt zum Ufer auch bei abnehmendem Wind m\u00f6glich ist.<br \/>\nDas ROCKET WING ASC wird in allen Phasen des Wing-Foilings Leistung bringen.<\/p>\n<ul>\n<li>Rezessierter unterer Griff f\u00fcr einfaches Tragen<\/li>\n<li>Komplettes Pad<\/li>\n<li>Schutzleisten<\/li>\n<li>Twin-Tracks-System f\u00fcr die Verbindung mit den meisten Foils auf dem Markt<\/li>\n<\/ul>\n<p>&nbsp;<\/p>\n<p>Die Gr\u00f6\u00dfen 5&rsquo;0, 5&rsquo;3 und 5&rsquo;5 sind zus\u00e4tzlich mit Eins\u00e4tzen f\u00fcr drei Fu\u00dfschlaufen ausgestattet.<\/p>\n<\/div>\n","protected":false},"excerpt":{"rendered":"<p>Mit seiner kompakten L\u00e4nge und der extra robusten Konstruktion ist das ROCKET WING ASC ein intuitives, verzeihendes und leicht zug\u00e4ngliches Board, das in allen Phasen der Wing-Foil-Entwicklung Leistung bringen wird.<\/p>\n<ul>\n<li>Zug\u00e4nglich und stabil<\/li>\n<li>Reaktionsschnell und \u00e4u\u00dferst langlebig dank seiner ASC-Konstruktion<\/li>\n<li>Optimierte Rocker-Linie f\u00fcr das intuitivste Fahrerlebnis<\/li>\n<\/ul>\n","protected":false},"featured_media":24170,"comment_status":"closed","ping_status":"open","template":"","meta":[],"product_cat":[1068,138],"product_tag":[],"class_list":{"0":"post-24169","1":"product","2":"type-product","3":"status-publish","4":"has-post-thumbnail","6":"product_cat-planches-wing","7":"product_cat-wingfoil-suisse-acheter","8":"product_brand-f-one","10":"first","11":"onbackorder","12":"sale","13":"purchasable","14":"product-type-variable"},"yoast_head":"<!-- This site is optimized with the Yoast SEO plugin v22.8 - https:\/\/yoast.com\/wordpress\/plugins\/seo\/ -->\n<title>ROCKET WING ASC | Elevatesurf<\/title>\n<meta name=\"description\" content=\"Mit seiner kompakten L\u00e4nge und der extra robusten Konstruktion ist das ROCKET WING ASC \u2026 Disponible chez Elevatesurf, shop wingfoil &amp; kitesurf \u00e0 Neuch\u00e2tel.\" \/>\n<meta name=\"robots\" content=\"index, follow, max-snippet:-1, max-image-preview:large, max-video-preview:-1\" \/>\n<link rel=\"canonical\" href=\"https:\/\/elevatesurf.ch\/fr\/product\/rocket-wing-asc\/\" \/>\n<meta property=\"og:locale\" content=\"fr_FR\" \/>\n<meta property=\"og:type\" content=\"article\" \/>\n<meta property=\"og:title\" content=\"ROCKET WING ASC | Elevatesurf\" \/>\n<meta property=\"og:description\" content=\"Mit seiner kompakten L\u00e4nge und der extra robusten Konstruktion ist das ROCKET WING ASC \u2026 Disponible chez Elevatesurf, shop wingfoil &amp; kitesurf \u00e0 Neuch\u00e2tel.\" \/>\n<meta property=\"og:url\" content=\"https:\/\/elevatesurf.ch\/fr\/product\/rocket-wing-asc\/\" \/>\n<meta property=\"og:site_name\" content=\"Elevatesurf\" \/>\n<meta property=\"article:modified_time\" content=\"2026-05-16T10:23:36+00:00\" \/>\n<meta property=\"og:image\" content=\"https:\/\/elevatesurf.ch\/wp-content\/uploads\/2025\/01\/ROCKET-ASC-5-10-1024x986.png\" \/>\n\t<meta property=\"og:image:width\" content=\"1024\" \/>\n\t<meta property=\"og:image:height\" content=\"986\" \/>\n\t<meta property=\"og:image:type\" content=\"image\/png\" \/>\n<meta name=\"twitter:card\" content=\"summary_large_image\" \/>\n<meta name=\"twitter:label1\" content=\"Dur\u00e9e de lecture estim\u00e9e\" \/>\n\t<meta name=\"twitter:data1\" content=\"1 minute\" \/>\n<script type=\"application\/ld+json\" class=\"yoast-schema-graph\">{\"@context\":\"https:\/\/schema.org\",\"@graph\":[{\"@type\":[\"WebPage\",\"ItemPage\"],\"@id\":\"https:\/\/elevatesurf.ch\/product\/rocket-wing-asc\/\",\"url\":\"https:\/\/elevatesurf.ch\/product\/rocket-wing-asc\/\",\"name\":\"ROCKET WING ASC | Elevatesurf\",\"isPartOf\":{\"@id\":\"https:\/\/elevatesurf.ch\/#website\"},\"primaryImageOfPage\":{\"@id\":\"https:\/\/elevatesurf.ch\/product\/rocket-wing-asc\/#primaryimage\"},\"image\":{\"@id\":\"https:\/\/elevatesurf.ch\/product\/rocket-wing-asc\/#primaryimage\"},\"thumbnailUrl\":\"https:\/\/elevatesurf.ch\/wp-content\/uploads\/2025\/01\/ROCKET-ASC-5-10.png\",\"datePublished\":\"2025-01-08T07:20:14+00:00\",\"dateModified\":\"2026-05-16T10:23:36+00:00\",\"description\":\"Mit seiner kompakten L\u00e4nge und der extra robusten Konstruktion ist das ROCKET WING ASC \u2026 Disponible chez Elevatesurf, shop wingfoil & kitesurf \u00e0 Neuch\u00e2tel.\",\"breadcrumb\":{\"@id\":\"https:\/\/elevatesurf.ch\/product\/rocket-wing-asc\/#breadcrumb\"},\"inLanguage\":\"fr-FR\",\"potentialAction\":[{\"@type\":\"ReadAction\",\"target\":[\"https:\/\/elevatesurf.ch\/product\/rocket-wing-asc\/\"]}]},{\"@type\":\"ImageObject\",\"inLanguage\":\"fr-FR\",\"@id\":\"https:\/\/elevatesurf.ch\/product\/rocket-wing-asc\/#primaryimage\",\"url\":\"https:\/\/elevatesurf.ch\/wp-content\/uploads\/2025\/01\/ROCKET-ASC-5-10.png\",\"contentUrl\":\"https:\/\/elevatesurf.ch\/wp-content\/uploads\/2025\/01\/ROCKET-ASC-5-10.png\",\"width\":3659,\"height\":3522,\"caption\":\"F-One ROCKET WING ASC | Elevatesurf\"},{\"@type\":\"BreadcrumbList\",\"@id\":\"https:\/\/elevatesurf.ch\/product\/rocket-wing-asc\/#breadcrumb\",\"itemListElement\":[{\"@type\":\"ListItem\",\"position\":1,\"name\":\"Accueil\",\"item\":\"https:\/\/elevatesurf.ch\/\"},{\"@type\":\"ListItem\",\"position\":2,\"name\":\"Boutique \u2013 Wingfoil, Kitesurf &#038; Accessoires\",\"item\":\"https:\/\/elevatesurf.ch\/shop\/\"},{\"@type\":\"ListItem\",\"position\":3,\"name\":\"ROCKET WING ASC\"}]},{\"@type\":\"WebSite\",\"@id\":\"https:\/\/elevatesurf.ch\/#website\",\"url\":\"https:\/\/elevatesurf.ch\/\",\"name\":\"Elevatesurf\",\"description\":\"Surfez vers de nouveaux sommets avec ElevateSurf ! Kiteshop, Wingshop\",\"publisher\":{\"@id\":\"https:\/\/elevatesurf.ch\/#organization\"},\"potentialAction\":[{\"@type\":\"SearchAction\",\"target\":{\"@type\":\"EntryPoint\",\"urlTemplate\":\"https:\/\/elevatesurf.ch\/?s={search_term_string}\"},\"query-input\":\"required name=search_term_string\"}],\"inLanguage\":\"fr-FR\"},{\"@type\":\"Organization\",\"@id\":\"https:\/\/elevatesurf.ch\/#organization\",\"name\":\"Elevatesurf\",\"url\":\"https:\/\/elevatesurf.ch\/\",\"logo\":{\"@type\":\"ImageObject\",\"inLanguage\":\"fr-FR\",\"@id\":\"https:\/\/elevatesurf.ch\/#\/schema\/logo\/image\/\",\"url\":\"https:\/\/elevatesurf.ch\/wp-content\/uploads\/2024\/06\/67c2ec70-bdf5-4c14-898a-ded5b2051398.jpg\",\"contentUrl\":\"https:\/\/elevatesurf.ch\/wp-content\/uploads\/2024\/06\/67c2ec70-bdf5-4c14-898a-ded5b2051398.jpg\",\"width\":1024,\"height\":1024,\"caption\":\"Elevatesurf\"},\"image\":{\"@id\":\"https:\/\/elevatesurf.ch\/#\/schema\/logo\/image\/\"},\"sameAs\":[\"https:\/\/www.instagram.com\/elevate__surf\/\"]}]}<\/script>\n<!-- \/ Yoast SEO plugin. -->","yoast_head_json":{"title":"ROCKET WING ASC | Elevatesurf","description":"Mit seiner kompakten L\u00e4nge und der extra robusten Konstruktion ist das ROCKET WING ASC \u2026 Disponible chez Elevatesurf, shop wingfoil & kitesurf \u00e0 Neuch\u00e2tel.","robots":{"index":"index","follow":"follow","max-snippet":"max-snippet:-1","max-image-preview":"max-image-preview:large","max-video-preview":"max-video-preview:-1"},"canonical":"https:\/\/elevatesurf.ch\/fr\/product\/rocket-wing-asc\/","og_locale":"fr_FR","og_type":"article","og_title":"ROCKET WING ASC | Elevatesurf","og_description":"Mit seiner kompakten L\u00e4nge und der extra robusten Konstruktion ist das ROCKET WING ASC \u2026 Disponible chez Elevatesurf, shop wingfoil & kitesurf \u00e0 Neuch\u00e2tel.","og_url":"https:\/\/elevatesurf.ch\/fr\/product\/rocket-wing-asc\/","og_site_name":"Elevatesurf","article_modified_time":"2026-05-16T10:23:36+00:00","og_image":[{"width":1024,"height":986,"url":"https:\/\/elevatesurf.ch\/wp-content\/uploads\/2025\/01\/ROCKET-ASC-5-10-1024x986.png","type":"image\/png"}],"twitter_card":"summary_large_image","twitter_misc":{"Dur\u00e9e de lecture estim\u00e9e":"1 minute"},"schema":{"@context":"https:\/\/schema.org","@graph":[{"@type":["WebPage","ItemPage"],"@id":"https:\/\/elevatesurf.ch\/product\/rocket-wing-asc\/","url":"https:\/\/elevatesurf.ch\/product\/rocket-wing-asc\/","name":"ROCKET WING ASC | Elevatesurf","isPartOf":{"@id":"https:\/\/elevatesurf.ch\/#website"},"primaryImageOfPage":{"@id":"https:\/\/elevatesurf.ch\/product\/rocket-wing-asc\/#primaryimage"},"image":{"@id":"https:\/\/elevatesurf.ch\/product\/rocket-wing-asc\/#primaryimage"},"thumbnailUrl":"https:\/\/elevatesurf.ch\/wp-content\/uploads\/2025\/01\/ROCKET-ASC-5-10.png","datePublished":"2025-01-08T07:20:14+00:00","dateModified":"2026-05-16T10:23:36+00:00","description":"Mit seiner kompakten L\u00e4nge und der extra robusten Konstruktion ist das ROCKET WING ASC \u2026 Disponible chez Elevatesurf, shop wingfoil & kitesurf \u00e0 Neuch\u00e2tel.","breadcrumb":{"@id":"https:\/\/elevatesurf.ch\/product\/rocket-wing-asc\/#breadcrumb"},"inLanguage":"fr-FR","potentialAction":[{"@type":"ReadAction","target":["https:\/\/elevatesurf.ch\/product\/rocket-wing-asc\/"]}]},{"@type":"ImageObject","inLanguage":"fr-FR","@id":"https:\/\/elevatesurf.ch\/product\/rocket-wing-asc\/#primaryimage","url":"https:\/\/elevatesurf.ch\/wp-content\/uploads\/2025\/01\/ROCKET-ASC-5-10.png","contentUrl":"https:\/\/elevatesurf.ch\/wp-content\/uploads\/2025\/01\/ROCKET-ASC-5-10.png","width":3659,"height":3522,"caption":"F-One ROCKET WING ASC | Elevatesurf"},{"@type":"BreadcrumbList","@id":"https:\/\/elevatesurf.ch\/product\/rocket-wing-asc\/#breadcrumb","itemListElement":[{"@type":"ListItem","position":1,"name":"Accueil","item":"https:\/\/elevatesurf.ch\/"},{"@type":"ListItem","position":2,"name":"Boutique \u2013 Wingfoil, Kitesurf &#038; Accessoires","item":"https:\/\/elevatesurf.ch\/shop\/"},{"@type":"ListItem","position":3,"name":"ROCKET WING ASC"}]},{"@type":"WebSite","@id":"https:\/\/elevatesurf.ch\/#website","url":"https:\/\/elevatesurf.ch\/","name":"Elevatesurf","description":"Surfez vers de nouveaux sommets avec ElevateSurf ! Kiteshop, Wingshop","publisher":{"@id":"https:\/\/elevatesurf.ch\/#organization"},"potentialAction":[{"@type":"SearchAction","target":{"@type":"EntryPoint","urlTemplate":"https:\/\/elevatesurf.ch\/?s={search_term_string}"},"query-input":"required name=search_term_string"}],"inLanguage":"fr-FR"},{"@type":"Organization","@id":"https:\/\/elevatesurf.ch\/#organization","name":"Elevatesurf","url":"https:\/\/elevatesurf.ch\/","logo":{"@type":"ImageObject","inLanguage":"fr-FR","@id":"https:\/\/elevatesurf.ch\/#\/schema\/logo\/image\/","url":"https:\/\/elevatesurf.ch\/wp-content\/uploads\/2024\/06\/67c2ec70-bdf5-4c14-898a-ded5b2051398.jpg","contentUrl":"https:\/\/elevatesurf.ch\/wp-content\/uploads\/2024\/06\/67c2ec70-bdf5-4c14-898a-ded5b2051398.jpg","width":1024,"height":1024,"caption":"Elevatesurf"},"image":{"@id":"https:\/\/elevatesurf.ch\/#\/schema\/logo\/image\/"},"sameAs":["https:\/\/www.instagram.com\/elevate__surf\/"]}]}},"_links":{"self":[{"href":"https:\/\/elevatesurf.ch\/fr\/wp-json\/wp\/v2\/product\/24169","targetHints":{"allow":["GET"]}}],"collection":[{"href":"https:\/\/elevatesurf.ch\/fr\/wp-json\/wp\/v2\/product"}],"about":[{"href":"https:\/\/elevatesurf.ch\/fr\/wp-json\/wp\/v2\/types\/product"}],"replies":[{"embeddable":true,"href":"https:\/\/elevatesurf.ch\/fr\/wp-json\/wp\/v2\/comments?post=24169"}],"wp:featuredmedia":[{"embeddable":true,"href":"https:\/\/elevatesurf.ch\/fr\/wp-json\/wp\/v2\/media\/24170"}],"wp:attachment":[{"href":"https:\/\/elevatesurf.ch\/fr\/wp-json\/wp\/v2\/media?parent=24169"}],"wp:term":[{"taxonomy":"product_cat","embeddable":true,"href":"https:\/\/elevatesurf.ch\/fr\/wp-json\/wp\/v2\/product_cat?post=24169"},{"taxonomy":"product_tag","embeddable":true,"href":"https:\/\/elevatesurf.ch\/fr\/wp-json\/wp\/v2\/product_tag?post=24169"}],"curies":[{"name":"wp","href":"https:\/\/api.w.org\/{rel}","templated":true}]}}