{"id":24182,"date":"2025-01-08T07:24:13","date_gmt":"2025-01-08T07:24:13","guid":{"rendered":"https:\/\/elevatesurf.ch\/product\/rocket-wing\/"},"modified":"2026-05-16T10:23:24","modified_gmt":"2026-05-16T10:23:24","slug":"rocket-wing","status":"publish","type":"product","link":"https:\/\/elevatesurf.ch\/fr\/product\/rocket-wing\/","title":{"rendered":"ROCKET WING"},"content":{"rendered":"<div>\n<h3>Rocket Wing Board<\/h3>\n<p>Unsere gesamte ROCKET WING-Serie erm\u00f6glicht es jedem Fahrer, die aufregende Freiheit und die Erlebnisse des Wing-Foiling zu genie\u00dfen.<br \/>\nIhre Abmessungen und Formen sind einzigartig und speziell auf diesen Sport ausgelegt.<br \/>\nUnsere ROCKET WING-Boards sorgen daf\u00fcr, dass Sie das Beste aus Ihrem Wing und Foil herausholen und besser auf der Welle carven sowie Bumps verbinden k\u00f6nnen.<br \/>\nDie gro\u00dfe Vielfalt an Volumen und Gr\u00f6\u00dfen im gesamten Sortiment wird zweifellos alle Fahrer zufriedenstellen.<\/p>\n<p>Diese ROCKET WING-Boards sind perfekt, um sich weiterzuentwickeln.<br \/>\nDank der Full-Bamboo-Konstruktion geh\u00f6rten sie zu den ersten auf dem Markt, die speziell f\u00fcr das Wing-Foiling entwickelt wurden.<br \/>\nKompakt und leicht bieten sie seitliche Stabilit\u00e4t, verbesserte Reaktionsf\u00e4higkeit, einen einfachen und sanften \u00dcbergang in den Flug sowie effiziente Pumpf\u00e4higkeiten.<\/p>\n<p>Die Boards wurden im Laufe der Zeit kontinuierlich verbessert.<br \/>\nSie verf\u00fcgen jetzt \u00fcber ein st\u00e4rker konkaves Deck, das zus\u00e4tzlichen Komfort und Kontrolle bietet.<br \/>\nDie progressive Rocker-Linie ist etwas gerader f\u00fcr eine bessere Stabilit\u00e4t im Flug.<br \/>\nDas scharf abgeschr\u00e4gte Schienenprofil und die doppelt konkave Rumpfform helfen Ihnen, schnell in den Flug zu kommen, und Sie werden nicht verunsichert, wenn Sie gelegentlich das Wasser ber\u00fchren oder w\u00e4hrend eines Touchdowns.<br \/>\nDie Volumenverteilung wurde f\u00fcr mehr Auftrieb \u00fcberarbeitet, und das Outline sowie die k\u00fcrzere L\u00e4nge machen das Board wendig und einfach zu drehen.<\/p>\n<p>Die Gr\u00f6\u00dfenauswahl wurde optimiert und erweitert, um fast jedem Fahrer gerecht zu werden.<br \/>\nDie 4&rsquo;4 und 4&rsquo;8 sind \u00e4u\u00dferst wendig und leicht, was sie ideal f\u00fcr fortgeschrittene Fahrer macht, die nach Leistung und Erlebnissen bei starkem Wind suchen.<br \/>\nSie sind auch perfekt f\u00fcr Freestyle sowie f\u00fcr kleinere oder leichtere Fahrer geeignet.<br \/>\nSie sind mit einem kompletten Pad, Eins\u00e4tzen f\u00fcr drei Fu\u00dfschlaufen und dem Twin-Tracks-System f\u00fcr Foil-Kompatibilit\u00e4t ausgestattet.<\/p>\n<p>Die 5&rsquo;0, 5&rsquo;3 und 5&rsquo;5 sind wirklich die Allzweckgr\u00f6\u00dfen.<br \/>\nSie eignen sich hervorragend f\u00fcr Fahrer mit mittlerem Niveau oder f\u00fcr Wing-Foil-Anf\u00e4nger, die bereits \u00fcber einige Kenntnisse und Training in anderen Foil-Disziplinen verf\u00fcgen.<br \/>\nIhre Wendigkeit und Carving-Potenzial sind fantastisch.<br \/>\nPumpen ist auch bei leichten Bedingungen einfach, und sie bieten den Fahrern viel Raum f\u00fcr Verbesserungen.<\/p>\n<p>Die 5&rsquo;10, 6&rsquo;0 und 6&rsquo;4 vermitteln Vertrauen und sind ideal f\u00fcr Anf\u00e4nger.<br \/>\nIhr h\u00f6heres Volumen erm\u00f6glicht einfachere Starts, unglaubliche Stabilit\u00e4t und beeindruckende Erlebnisse von Anfang an.<br \/>\nSie sind auch perfekt f\u00fcr schwerere Fahrer oder f\u00fcr alle, die bei schwachem Wind navigieren m\u00f6chten.<br \/>\nDiese Boards sind mit einem kompletten Pad, einem unteren Griff zum einfachen Tragen Ihres Boards zum und vom Wasser sowie dem Twin-Tracks-System f\u00fcr Foil-Kompatibilit\u00e4t ausgestattet.<\/p>\n<p>Diese langlebigen und leichten ROCKET WING-Boards bieten viele M\u00f6glichkeiten auf dem Wasser.<br \/>\nSie sind die perfekten Boards, um im Sport Fortschritte zu machen und werden Ihr idealer Begleiter auf all Ihren Wing-Abenteuern sein.<\/p>\n<\/div>\n","protected":false},"excerpt":{"rendered":"<p>Die ROCKET WING-Boards sind die perfekte Wahl f\u00fcr Wing-Foiling.<br \/>\nSpeziell entwickelt, um den Anforderungen dieses Sports gerecht zu werden, sind sie langlebig, zuverl\u00e4ssig, benutzerfreundlich und extrem stabil.<\/p>\n<ul>\n<li>Intuitiv und leistungsstark<\/li>\n<li>Optimierte Volumenverteilung mit einem neuen leicht konkaven Deck<\/li>\n<li>Abgeschr\u00e4gte Kanten und doppelte Konkave f\u00fcr m\u00fchelose Starts und Touchdown-Erholungen<\/li>\n<li>Reaktionsschnell und wendig<\/li>\n<\/ul>\n","protected":false},"featured_media":24183,"comment_status":"closed","ping_status":"open","template":"","meta":[],"product_cat":[1068,138],"product_tag":[],"class_list":{"0":"post-24182","1":"product","2":"type-product","3":"status-publish","4":"has-post-thumbnail","6":"product_cat-planches-wing","7":"product_cat-wingfoil-suisse-acheter","8":"product_brand-f-one","10":"first","11":"instock","12":"sale","13":"purchasable","14":"product-type-variable"},"yoast_head":"<!-- This site is optimized with the Yoast SEO plugin v22.8 - https:\/\/yoast.com\/wordpress\/plugins\/seo\/ -->\n<title>ROCKET WING | Elevatesurf<\/title>\n<meta name=\"description\" content=\"Die ROCKET WING-Boards sind die perfekte Wahl f\u00fcr Wing-Foiling Disponible chez Elevatesurf, shop wingfoil &amp; kitesurf \u00e0 Neuch\u00e2tel.\" \/>\n<meta name=\"robots\" content=\"index, follow, max-snippet:-1, max-image-preview:large, max-video-preview:-1\" \/>\n<link rel=\"canonical\" href=\"https:\/\/elevatesurf.ch\/fr\/product\/rocket-wing\/\" \/>\n<meta property=\"og:locale\" content=\"fr_FR\" \/>\n<meta property=\"og:type\" content=\"article\" \/>\n<meta property=\"og:title\" content=\"ROCKET WING | Elevatesurf\" \/>\n<meta property=\"og:description\" content=\"Die ROCKET WING-Boards sind die perfekte Wahl f\u00fcr Wing-Foiling Disponible chez Elevatesurf, shop wingfoil &amp; kitesurf \u00e0 Neuch\u00e2tel.\" \/>\n<meta property=\"og:url\" content=\"https:\/\/elevatesurf.ch\/fr\/product\/rocket-wing\/\" \/>\n<meta property=\"og:site_name\" content=\"Elevatesurf\" \/>\n<meta property=\"article:modified_time\" content=\"2026-05-16T10:23:24+00:00\" \/>\n<meta property=\"og:image\" content=\"https:\/\/elevatesurf.ch\/wp-content\/uploads\/2025\/01\/ROCKET-WING-60-2022.png\" \/>\n\t<meta property=\"og:image:width\" content=\"2000\" \/>\n\t<meta property=\"og:image:height\" content=\"2000\" \/>\n\t<meta property=\"og:image:type\" content=\"image\/png\" \/>\n<meta name=\"twitter:card\" content=\"summary_large_image\" \/>\n<meta name=\"twitter:label1\" content=\"Dur\u00e9e de lecture estim\u00e9e\" \/>\n\t<meta name=\"twitter:data1\" content=\"2 minutes\" \/>\n<script type=\"application\/ld+json\" class=\"yoast-schema-graph\">{\"@context\":\"https:\/\/schema.org\",\"@graph\":[{\"@type\":[\"WebPage\",\"ItemPage\"],\"@id\":\"https:\/\/elevatesurf.ch\/product\/rocket-wing\/\",\"url\":\"https:\/\/elevatesurf.ch\/product\/rocket-wing\/\",\"name\":\"ROCKET WING | Elevatesurf\",\"isPartOf\":{\"@id\":\"https:\/\/elevatesurf.ch\/#website\"},\"primaryImageOfPage\":{\"@id\":\"https:\/\/elevatesurf.ch\/product\/rocket-wing\/#primaryimage\"},\"image\":{\"@id\":\"https:\/\/elevatesurf.ch\/product\/rocket-wing\/#primaryimage\"},\"thumbnailUrl\":\"https:\/\/elevatesurf.ch\/wp-content\/uploads\/2025\/01\/ROCKET-WING-60-2022.png\",\"datePublished\":\"2025-01-08T07:24:13+00:00\",\"dateModified\":\"2026-05-16T10:23:24+00:00\",\"description\":\"Die ROCKET WING-Boards sind die perfekte Wahl f\u00fcr Wing-Foiling Disponible chez Elevatesurf, shop wingfoil & kitesurf \u00e0 Neuch\u00e2tel.\",\"breadcrumb\":{\"@id\":\"https:\/\/elevatesurf.ch\/product\/rocket-wing\/#breadcrumb\"},\"inLanguage\":\"fr-FR\",\"potentialAction\":[{\"@type\":\"ReadAction\",\"target\":[\"https:\/\/elevatesurf.ch\/product\/rocket-wing\/\"]}]},{\"@type\":\"ImageObject\",\"inLanguage\":\"fr-FR\",\"@id\":\"https:\/\/elevatesurf.ch\/product\/rocket-wing\/#primaryimage\",\"url\":\"https:\/\/elevatesurf.ch\/wp-content\/uploads\/2025\/01\/ROCKET-WING-60-2022.png\",\"contentUrl\":\"https:\/\/elevatesurf.ch\/wp-content\/uploads\/2025\/01\/ROCKET-WING-60-2022.png\",\"width\":2000,\"height\":2000},{\"@type\":\"BreadcrumbList\",\"@id\":\"https:\/\/elevatesurf.ch\/product\/rocket-wing\/#breadcrumb\",\"itemListElement\":[{\"@type\":\"ListItem\",\"position\":1,\"name\":\"Accueil\",\"item\":\"https:\/\/elevatesurf.ch\/\"},{\"@type\":\"ListItem\",\"position\":2,\"name\":\"Boutique \u2013 Wingfoil, Kitesurf &#038; Accessoires\",\"item\":\"https:\/\/elevatesurf.ch\/shop\/\"},{\"@type\":\"ListItem\",\"position\":3,\"name\":\"ROCKET WING\"}]},{\"@type\":\"WebSite\",\"@id\":\"https:\/\/elevatesurf.ch\/#website\",\"url\":\"https:\/\/elevatesurf.ch\/\",\"name\":\"Elevatesurf\",\"description\":\"Surfez vers de nouveaux sommets avec ElevateSurf ! Kiteshop, Wingshop\",\"publisher\":{\"@id\":\"https:\/\/elevatesurf.ch\/#organization\"},\"potentialAction\":[{\"@type\":\"SearchAction\",\"target\":{\"@type\":\"EntryPoint\",\"urlTemplate\":\"https:\/\/elevatesurf.ch\/?s={search_term_string}\"},\"query-input\":\"required name=search_term_string\"}],\"inLanguage\":\"fr-FR\"},{\"@type\":\"Organization\",\"@id\":\"https:\/\/elevatesurf.ch\/#organization\",\"name\":\"Elevatesurf\",\"url\":\"https:\/\/elevatesurf.ch\/\",\"logo\":{\"@type\":\"ImageObject\",\"inLanguage\":\"fr-FR\",\"@id\":\"https:\/\/elevatesurf.ch\/#\/schema\/logo\/image\/\",\"url\":\"https:\/\/elevatesurf.ch\/wp-content\/uploads\/2024\/06\/67c2ec70-bdf5-4c14-898a-ded5b2051398.jpg\",\"contentUrl\":\"https:\/\/elevatesurf.ch\/wp-content\/uploads\/2024\/06\/67c2ec70-bdf5-4c14-898a-ded5b2051398.jpg\",\"width\":1024,\"height\":1024,\"caption\":\"Elevatesurf\"},\"image\":{\"@id\":\"https:\/\/elevatesurf.ch\/#\/schema\/logo\/image\/\"},\"sameAs\":[\"https:\/\/www.instagram.com\/elevate__surf\/\"]}]}<\/script>\n<!-- \/ Yoast SEO plugin. -->","yoast_head_json":{"title":"ROCKET WING | Elevatesurf","description":"Die ROCKET WING-Boards sind die perfekte Wahl f\u00fcr Wing-Foiling Disponible chez Elevatesurf, shop wingfoil & kitesurf \u00e0 Neuch\u00e2tel.","robots":{"index":"index","follow":"follow","max-snippet":"max-snippet:-1","max-image-preview":"max-image-preview:large","max-video-preview":"max-video-preview:-1"},"canonical":"https:\/\/elevatesurf.ch\/fr\/product\/rocket-wing\/","og_locale":"fr_FR","og_type":"article","og_title":"ROCKET WING | Elevatesurf","og_description":"Die ROCKET WING-Boards sind die perfekte Wahl f\u00fcr Wing-Foiling Disponible chez Elevatesurf, shop wingfoil & kitesurf \u00e0 Neuch\u00e2tel.","og_url":"https:\/\/elevatesurf.ch\/fr\/product\/rocket-wing\/","og_site_name":"Elevatesurf","article_modified_time":"2026-05-16T10:23:24+00:00","og_image":[{"width":2000,"height":2000,"url":"https:\/\/elevatesurf.ch\/wp-content\/uploads\/2025\/01\/ROCKET-WING-60-2022.png","type":"image\/png"}],"twitter_card":"summary_large_image","twitter_misc":{"Dur\u00e9e de lecture estim\u00e9e":"2 minutes"},"schema":{"@context":"https:\/\/schema.org","@graph":[{"@type":["WebPage","ItemPage"],"@id":"https:\/\/elevatesurf.ch\/product\/rocket-wing\/","url":"https:\/\/elevatesurf.ch\/product\/rocket-wing\/","name":"ROCKET WING | Elevatesurf","isPartOf":{"@id":"https:\/\/elevatesurf.ch\/#website"},"primaryImageOfPage":{"@id":"https:\/\/elevatesurf.ch\/product\/rocket-wing\/#primaryimage"},"image":{"@id":"https:\/\/elevatesurf.ch\/product\/rocket-wing\/#primaryimage"},"thumbnailUrl":"https:\/\/elevatesurf.ch\/wp-content\/uploads\/2025\/01\/ROCKET-WING-60-2022.png","datePublished":"2025-01-08T07:24:13+00:00","dateModified":"2026-05-16T10:23:24+00:00","description":"Die ROCKET WING-Boards sind die perfekte Wahl f\u00fcr Wing-Foiling Disponible chez Elevatesurf, shop wingfoil & kitesurf \u00e0 Neuch\u00e2tel.","breadcrumb":{"@id":"https:\/\/elevatesurf.ch\/product\/rocket-wing\/#breadcrumb"},"inLanguage":"fr-FR","potentialAction":[{"@type":"ReadAction","target":["https:\/\/elevatesurf.ch\/product\/rocket-wing\/"]}]},{"@type":"ImageObject","inLanguage":"fr-FR","@id":"https:\/\/elevatesurf.ch\/product\/rocket-wing\/#primaryimage","url":"https:\/\/elevatesurf.ch\/wp-content\/uploads\/2025\/01\/ROCKET-WING-60-2022.png","contentUrl":"https:\/\/elevatesurf.ch\/wp-content\/uploads\/2025\/01\/ROCKET-WING-60-2022.png","width":2000,"height":2000},{"@type":"BreadcrumbList","@id":"https:\/\/elevatesurf.ch\/product\/rocket-wing\/#breadcrumb","itemListElement":[{"@type":"ListItem","position":1,"name":"Accueil","item":"https:\/\/elevatesurf.ch\/"},{"@type":"ListItem","position":2,"name":"Boutique \u2013 Wingfoil, Kitesurf &#038; Accessoires","item":"https:\/\/elevatesurf.ch\/shop\/"},{"@type":"ListItem","position":3,"name":"ROCKET WING"}]},{"@type":"WebSite","@id":"https:\/\/elevatesurf.ch\/#website","url":"https:\/\/elevatesurf.ch\/","name":"Elevatesurf","description":"Surfez vers de nouveaux sommets avec ElevateSurf ! Kiteshop, Wingshop","publisher":{"@id":"https:\/\/elevatesurf.ch\/#organization"},"potentialAction":[{"@type":"SearchAction","target":{"@type":"EntryPoint","urlTemplate":"https:\/\/elevatesurf.ch\/?s={search_term_string}"},"query-input":"required name=search_term_string"}],"inLanguage":"fr-FR"},{"@type":"Organization","@id":"https:\/\/elevatesurf.ch\/#organization","name":"Elevatesurf","url":"https:\/\/elevatesurf.ch\/","logo":{"@type":"ImageObject","inLanguage":"fr-FR","@id":"https:\/\/elevatesurf.ch\/#\/schema\/logo\/image\/","url":"https:\/\/elevatesurf.ch\/wp-content\/uploads\/2024\/06\/67c2ec70-bdf5-4c14-898a-ded5b2051398.jpg","contentUrl":"https:\/\/elevatesurf.ch\/wp-content\/uploads\/2024\/06\/67c2ec70-bdf5-4c14-898a-ded5b2051398.jpg","width":1024,"height":1024,"caption":"Elevatesurf"},"image":{"@id":"https:\/\/elevatesurf.ch\/#\/schema\/logo\/image\/"},"sameAs":["https:\/\/www.instagram.com\/elevate__surf\/"]}]}},"_links":{"self":[{"href":"https:\/\/elevatesurf.ch\/fr\/wp-json\/wp\/v2\/product\/24182","targetHints":{"allow":["GET"]}}],"collection":[{"href":"https:\/\/elevatesurf.ch\/fr\/wp-json\/wp\/v2\/product"}],"about":[{"href":"https:\/\/elevatesurf.ch\/fr\/wp-json\/wp\/v2\/types\/product"}],"replies":[{"embeddable":true,"href":"https:\/\/elevatesurf.ch\/fr\/wp-json\/wp\/v2\/comments?post=24182"}],"wp:featuredmedia":[{"embeddable":true,"href":"https:\/\/elevatesurf.ch\/fr\/wp-json\/wp\/v2\/media\/24183"}],"wp:attachment":[{"href":"https:\/\/elevatesurf.ch\/fr\/wp-json\/wp\/v2\/media?parent=24182"}],"wp:term":[{"taxonomy":"product_cat","embeddable":true,"href":"https:\/\/elevatesurf.ch\/fr\/wp-json\/wp\/v2\/product_cat?post=24182"},{"taxonomy":"product_tag","embeddable":true,"href":"https:\/\/elevatesurf.ch\/fr\/wp-json\/wp\/v2\/product_tag?post=24182"}],"curies":[{"name":"wp","href":"https:\/\/api.w.org\/{rel}","templated":true}]}}