{"id":24321,"date":"2025-01-08T07:27:04","date_gmt":"2025-01-08T07:27:04","guid":{"rendered":"https:\/\/elevatesurf.ch\/product\/rocket-mid-length\/"},"modified":"2025-02-27T12:49:16","modified_gmt":"2025-02-27T12:49:16","slug":"rocket-mid-length","status":"publish","type":"product","link":"https:\/\/elevatesurf.ch\/fr\/product\/rocket-mid-length\/","title":{"rendered":"Rocket Mid Length"},"content":{"rendered":"<h1>ROCKET MIDLENGTH Wingfoil Board<\/h1>\n<p>Wo die Mitte genau der richtige Ort ist.<br \/>\nDie neue ROCKET MIDLENGTH Boards repr\u00e4sentieren eine pragmatische Evolution in unserer Foilboard-Reihe.<br \/>\nSie kombinieren die Effizienz und das Gleiten unserer SUP DW Boards mit der Stabilit\u00e4t und Einfachheit unserer Wing Foil Boards.<br \/>\nEntwickelt, um ein einfaches Abheben, verbesserte Man\u00f6vrierf\u00e4higkeit und optimale Stabilit\u00e4t zu bieten.<br \/>\nDiese Boards bieten ein unvergleichliches Wing Foiling Erlebnis und erf\u00fcllen die Anforderungen aller Fahrer unter allen Bedingungen.<\/p>\n<ul>\n<li>Bestes Allround-Board in unserer Reihe<\/li>\n<li>Innovative Form f\u00fcr verbesserte Leistung, optimiertes Gleiten und maximale Stabilit\u00e4t<\/li>\n<li>Leichte Bambuskonstruktion f\u00fcr ein sehr direktes Gef\u00fchl<\/li>\n<li>Gr\u00f6\u00dfenbereich angepasst an alle Niveaus und Bedingungen<\/li>\n<\/ul>\n<p>&nbsp;<\/p>\n<h3>Was ist neu?<\/h3>\n<p>Bei der Entwicklung unserer SUP DOWNWIND PRO Reihe suchten wir nach maximalem Gleiten f\u00fcr einfaches Abheben.<br \/>\nAlso entschieden wir uns f\u00fcr lange, schmale Boards.<br \/>\nNeben der hervorragenden Leistung beim SUP Foiling stellten wir fest, dass sie auch f\u00fcr das Wing Foiling echte Vorteile bieten.<br \/>\nIhr Gleiten erleichtert das Abheben und erm\u00f6glicht es uns, reduzierte Fl\u00fcgeloberfl\u00e4chen zu verwenden, selbst bei leichtem Wind.<br \/>\nIhre schmale Breite und stromlinienf\u00f6rmige Form bieten fantastische Man\u00f6vrierf\u00e4higkeit, Gleiten und Komfort f\u00fcr solch lange, volumin\u00f6se Boards.<\/p>\n<p>Nach und nach haben wir die SUP DW Boards unter verschiedenen Wing Foiling Bedingungen eingesetzt, sowohl bei leichtem als auch bei starkem Wind.<br \/>\nDies inspirierte uns dazu, eine Reihe von Wing Foil Boards zu entwickeln, die die Eigenschaften unserer SUP DWs teilen, ohne die Zugest\u00e4ndnisse f\u00fcr eine SUP-Praxis.<br \/>\nDaher entwarfen wir Boards mit \u00e4hnlichen Formen, aber viel weniger Volumen und reduzierter L\u00e4nge: die ROCKET MIDLENGTH.<\/p>\n<p>Das ROCKET MIDLENGTH Board vereint das Beste aus unseren SUP DW PRO und kompakten Wing Foil Boards:<br \/>\nEinfaches Abheben, verbesserte Man\u00f6vrierf\u00e4higkeit, optimale Stabilit\u00e4t.<br \/>\nSie werden jeden begeistern, von Anf\u00e4ngern bis zu Experten, mit einer Verspieltheit, die f\u00fcr Boards, die \u00fcber 78L hinausgehen, unerwartet ist.<\/p>\n<p>Die Hauptinnovation in der Form des ROCKET MIDLENGTH ist die Hinzuf\u00fcgung eines zweiten kleinen Schrittes am Rumpf n\u00e4her am Heck, zus\u00e4tzlich zu dem bereits vor den Doppelspuren vorhandenen Schritt wie bei unserem SUP DW PRO.<br \/>\nDiese beiden Schritte reduzieren effektiv den Widerstand w\u00e4hrend der Startbeschleunigung und Ber\u00fchrungen.<br \/>\nDer zweite Schritt, zusammen mit einem h\u00f6heren Kicktail, um den Kontakt mit dem Heckwasser w\u00e4hrend des Pumpens zu minimieren, schafft einen sauberen Bruch, um den Wasserfluss hinten zu kanalisieren, ohne \u00fcberm\u00e4\u00dfigen Widerstand zu erzeugen.<br \/>\nDank eines leicht breiteren Hecks bleibt die Stabilit\u00e4t trotz der reduzierten L\u00e4nge erhalten, w\u00e4hrend die schlanke Umrissform und die parallelen Schienen das Gleiten und die Geschwindigkeit w\u00e4hrend des Starts f\u00f6rdern.<\/p>\n<p>Das ROCKET MIDLENGTH profitiert von einer ultra-leichten Bambusdeckkonstruktion.<br \/>\nDurch die Verwendung einer Bambusschicht nur auf dem Deck wurde diese Konstruktion optimiert, um sicherzustellen, dass das Board so leicht wie m\u00f6glich ist, wobei gleichzeitig St\u00e4rke und Haltbarkeit gew\u00e4hrleistet sind.<br \/>\nDas Gef\u00fchl des Foils ist super direkt und die Kontrolle ist w\u00e4hrend des gesamten Downwinds absolut, selbst bei hohen Geschwindigkeiten.<\/p>\n<p>Erh\u00e4ltlich in vier Gr\u00f6\u00dfen (5&rsquo;8, 5&rsquo;10, 6&rsquo;0, 6&rsquo;2) sind die ROCKET MIDLENGTH Boards sowohl f\u00fcr Anf\u00e4nger als auch f\u00fcr fortgeschrittene Fahrer geeignet und bieten au\u00dfergew\u00f6hnliche Vielseitigkeit in einer Vielzahl von Bedingungen.<br \/>\nDie 5&rsquo;8 und 5&rsquo;10 sind perfekt f\u00fcr Fahrer, die ein einziges Board in ihrem K\u00f6cher haben m\u00f6chten.<br \/>\nSie erm\u00f6glichen es Ihnen, auch bei sehr leichtem Wind abzuheben und zu fahren und sind selbst bei sehr starkem Wind v\u00f6llig m\u00fchelos.<br \/>\nSie sind auch n\u00fctzlich f\u00fcr einen erfahrenen Fahrer, der ein Board mit etwas mehr Volumen f\u00fcr Tage mit leichtem Wind sucht.<br \/>\nZum Beispiel sind sie ein gro\u00dfartiger Schritt f\u00fcr jemanden, der bereits ein ROCKET WING oder ROCKET WING-S unter 50L verwendet.<\/p>\n<p>Die 6&rsquo;0 und 6&rsquo;2 haben dasselbe Programm, jedoch f\u00fcr schwerere Fahrer (85kg+), die wiederum in der Lage sein werden, mit einem einzigen Board einen K\u00f6cher aufzubauen, oder f\u00fcr diejenigen, die ein Leichtwindboard suchen, aber kein SUP \u00fcber 7&rsquo;0 verwenden m\u00f6chten.<br \/>\nSie sind auch ideal f\u00fcr Anf\u00e4nger, da ihr Gleiten es ihnen erm\u00f6glicht, leichter abzuheben, auch ohne Erfahrung.<\/p>\n<p>&nbsp;<\/p>\n","protected":false},"excerpt":{"rendered":"<p>Das ROCKET MIDLENGTH Wingfoil Board bietet eine Kombination aus Effizienz, Stabilit\u00e4t und verbesserter Man\u00f6vrierf\u00e4higkeit.<br \/>\nErh\u00e4ltlich in vier Gr\u00f6\u00dfen und ideal f\u00fcr alle Niveaus.<\/p>\n<p>&nbsp;<\/p>\n","protected":false},"featured_media":24325,"comment_status":"closed","ping_status":"closed","template":"","meta":[],"product_cat":[715,138],"product_tag":[],"class_list":{"0":"post-24321","1":"product","2":"type-product","3":"status-publish","4":"has-post-thumbnail","6":"product_cat-boards-wing-foil","7":"product_cat-wingfoil-suisse-acheter","8":"product_brand-f-one-neuchatel","10":"first","11":"onbackorder","12":"purchasable","13":"product-type-variable"},"yoast_head":"<!-- This site is optimized with the Yoast SEO plugin v22.8 - https:\/\/yoast.com\/wordpress\/plugins\/seo\/ -->\n<title>Rocket Mid Length - Elevatesurf<\/title>\n<meta name=\"description\" content=\"Elevatesurf Rocket Mid Length\" \/>\n<meta name=\"robots\" content=\"index, follow, max-snippet:-1, max-image-preview:large, max-video-preview:-1\" \/>\n<link rel=\"canonical\" href=\"https:\/\/elevatesurf.ch\/fr\/product\/rocket-mid-length\/\" \/>\n<meta property=\"og:locale\" content=\"fr_FR\" \/>\n<meta property=\"og:type\" content=\"article\" \/>\n<meta property=\"og:title\" content=\"Rocket Mid Length - Elevatesurf\" \/>\n<meta property=\"og:description\" content=\"Elevatesurf Rocket Mid Length\" \/>\n<meta property=\"og:url\" content=\"https:\/\/elevatesurf.ch\/fr\/product\/rocket-mid-length\/\" \/>\n<meta property=\"og:site_name\" content=\"Elevatesurf\" \/>\n<meta property=\"article:modified_time\" content=\"2025-02-27T12:49:16+00:00\" \/>\n<meta property=\"og:image\" content=\"https:\/\/elevatesurf.ch\/wp-content\/uploads\/2025\/01\/77248-0701.png\" \/>\n\t<meta property=\"og:image:width\" content=\"1080\" \/>\n\t<meta property=\"og:image:height\" content=\"1080\" \/>\n\t<meta property=\"og:image:type\" content=\"image\/png\" \/>\n<meta name=\"twitter:card\" content=\"summary_large_image\" \/>\n<meta name=\"twitter:label1\" content=\"Dur\u00e9e de lecture estim\u00e9e\" \/>\n\t<meta name=\"twitter:data1\" content=\"4 minutes\" \/>\n<script type=\"application\/ld+json\" class=\"yoast-schema-graph\">{\"@context\":\"https:\/\/schema.org\",\"@graph\":[{\"@type\":[\"WebPage\",\"ItemPage\"],\"@id\":\"https:\/\/elevatesurf.ch\/product\/rocket-mid-length\/\",\"url\":\"https:\/\/elevatesurf.ch\/product\/rocket-mid-length\/\",\"name\":\"Rocket Mid Length - Elevatesurf\",\"isPartOf\":{\"@id\":\"https:\/\/elevatesurf.ch\/#website\"},\"primaryImageOfPage\":{\"@id\":\"https:\/\/elevatesurf.ch\/product\/rocket-mid-length\/#primaryimage\"},\"image\":{\"@id\":\"https:\/\/elevatesurf.ch\/product\/rocket-mid-length\/#primaryimage\"},\"thumbnailUrl\":\"https:\/\/elevatesurf.ch\/wp-content\/uploads\/2025\/01\/77248-0701.png\",\"datePublished\":\"2025-01-08T07:27:04+00:00\",\"dateModified\":\"2025-02-27T12:49:16+00:00\",\"description\":\"Elevatesurf Rocket Mid Length\",\"breadcrumb\":{\"@id\":\"https:\/\/elevatesurf.ch\/product\/rocket-mid-length\/#breadcrumb\"},\"inLanguage\":\"fr-FR\",\"potentialAction\":[{\"@type\":\"ReadAction\",\"target\":[\"https:\/\/elevatesurf.ch\/product\/rocket-mid-length\/\"]}]},{\"@type\":\"ImageObject\",\"inLanguage\":\"fr-FR\",\"@id\":\"https:\/\/elevatesurf.ch\/product\/rocket-mid-length\/#primaryimage\",\"url\":\"https:\/\/elevatesurf.ch\/wp-content\/uploads\/2025\/01\/77248-0701.png\",\"contentUrl\":\"https:\/\/elevatesurf.ch\/wp-content\/uploads\/2025\/01\/77248-0701.png\",\"width\":1080,\"height\":1080},{\"@type\":\"BreadcrumbList\",\"@id\":\"https:\/\/elevatesurf.ch\/product\/rocket-mid-length\/#breadcrumb\",\"itemListElement\":[{\"@type\":\"ListItem\",\"position\":1,\"name\":\"Accueil\",\"item\":\"https:\/\/elevatesurf.ch\/\"},{\"@type\":\"ListItem\",\"position\":2,\"name\":\"Shop &#8211; \u00c9levez Votre Exp\u00e9rience de Surf avec Notre Collection\",\"item\":\"https:\/\/elevatesurf.ch\/shop\/\"},{\"@type\":\"ListItem\",\"position\":3,\"name\":\"Rocket Mid Length\"}]},{\"@type\":\"WebSite\",\"@id\":\"https:\/\/elevatesurf.ch\/#website\",\"url\":\"https:\/\/elevatesurf.ch\/\",\"name\":\"Elevatesurf\",\"description\":\"Surfez vers de nouveaux sommets avec ElevateSurf ! Kiteshop, Wingshop\",\"publisher\":{\"@id\":\"https:\/\/elevatesurf.ch\/#organization\"},\"potentialAction\":[{\"@type\":\"SearchAction\",\"target\":{\"@type\":\"EntryPoint\",\"urlTemplate\":\"https:\/\/elevatesurf.ch\/?s={search_term_string}\"},\"query-input\":\"required name=search_term_string\"}],\"inLanguage\":\"fr-FR\"},{\"@type\":\"Organization\",\"@id\":\"https:\/\/elevatesurf.ch\/#organization\",\"name\":\"Elevatesurf\",\"url\":\"https:\/\/elevatesurf.ch\/\",\"logo\":{\"@type\":\"ImageObject\",\"inLanguage\":\"fr-FR\",\"@id\":\"https:\/\/elevatesurf.ch\/#\/schema\/logo\/image\/\",\"url\":\"https:\/\/elevatesurf.ch\/wp-content\/uploads\/2024\/06\/67c2ec70-bdf5-4c14-898a-ded5b2051398.jpg\",\"contentUrl\":\"https:\/\/elevatesurf.ch\/wp-content\/uploads\/2024\/06\/67c2ec70-bdf5-4c14-898a-ded5b2051398.jpg\",\"width\":1024,\"height\":1024,\"caption\":\"Elevatesurf\"},\"image\":{\"@id\":\"https:\/\/elevatesurf.ch\/#\/schema\/logo\/image\/\"},\"sameAs\":[\"https:\/\/www.instagram.com\/elevate__surf\/\"]}]}<\/script>\n<!-- \/ Yoast SEO plugin. -->","yoast_head_json":{"title":"Rocket Mid Length - Elevatesurf","description":"Elevatesurf Rocket Mid Length","robots":{"index":"index","follow":"follow","max-snippet":"max-snippet:-1","max-image-preview":"max-image-preview:large","max-video-preview":"max-video-preview:-1"},"canonical":"https:\/\/elevatesurf.ch\/fr\/product\/rocket-mid-length\/","og_locale":"fr_FR","og_type":"article","og_title":"Rocket Mid Length - Elevatesurf","og_description":"Elevatesurf Rocket Mid Length","og_url":"https:\/\/elevatesurf.ch\/fr\/product\/rocket-mid-length\/","og_site_name":"Elevatesurf","article_modified_time":"2025-02-27T12:49:16+00:00","og_image":[{"width":1080,"height":1080,"url":"https:\/\/elevatesurf.ch\/wp-content\/uploads\/2025\/01\/77248-0701.png","type":"image\/png"}],"twitter_card":"summary_large_image","twitter_misc":{"Dur\u00e9e de lecture estim\u00e9e":"4 minutes"},"schema":{"@context":"https:\/\/schema.org","@graph":[{"@type":["WebPage","ItemPage"],"@id":"https:\/\/elevatesurf.ch\/product\/rocket-mid-length\/","url":"https:\/\/elevatesurf.ch\/product\/rocket-mid-length\/","name":"Rocket Mid Length - Elevatesurf","isPartOf":{"@id":"https:\/\/elevatesurf.ch\/#website"},"primaryImageOfPage":{"@id":"https:\/\/elevatesurf.ch\/product\/rocket-mid-length\/#primaryimage"},"image":{"@id":"https:\/\/elevatesurf.ch\/product\/rocket-mid-length\/#primaryimage"},"thumbnailUrl":"https:\/\/elevatesurf.ch\/wp-content\/uploads\/2025\/01\/77248-0701.png","datePublished":"2025-01-08T07:27:04+00:00","dateModified":"2025-02-27T12:49:16+00:00","description":"Elevatesurf Rocket Mid Length","breadcrumb":{"@id":"https:\/\/elevatesurf.ch\/product\/rocket-mid-length\/#breadcrumb"},"inLanguage":"fr-FR","potentialAction":[{"@type":"ReadAction","target":["https:\/\/elevatesurf.ch\/product\/rocket-mid-length\/"]}]},{"@type":"ImageObject","inLanguage":"fr-FR","@id":"https:\/\/elevatesurf.ch\/product\/rocket-mid-length\/#primaryimage","url":"https:\/\/elevatesurf.ch\/wp-content\/uploads\/2025\/01\/77248-0701.png","contentUrl":"https:\/\/elevatesurf.ch\/wp-content\/uploads\/2025\/01\/77248-0701.png","width":1080,"height":1080},{"@type":"BreadcrumbList","@id":"https:\/\/elevatesurf.ch\/product\/rocket-mid-length\/#breadcrumb","itemListElement":[{"@type":"ListItem","position":1,"name":"Accueil","item":"https:\/\/elevatesurf.ch\/"},{"@type":"ListItem","position":2,"name":"Shop &#8211; \u00c9levez Votre Exp\u00e9rience de Surf avec Notre Collection","item":"https:\/\/elevatesurf.ch\/shop\/"},{"@type":"ListItem","position":3,"name":"Rocket Mid Length"}]},{"@type":"WebSite","@id":"https:\/\/elevatesurf.ch\/#website","url":"https:\/\/elevatesurf.ch\/","name":"Elevatesurf","description":"Surfez vers de nouveaux sommets avec ElevateSurf ! Kiteshop, Wingshop","publisher":{"@id":"https:\/\/elevatesurf.ch\/#organization"},"potentialAction":[{"@type":"SearchAction","target":{"@type":"EntryPoint","urlTemplate":"https:\/\/elevatesurf.ch\/?s={search_term_string}"},"query-input":"required name=search_term_string"}],"inLanguage":"fr-FR"},{"@type":"Organization","@id":"https:\/\/elevatesurf.ch\/#organization","name":"Elevatesurf","url":"https:\/\/elevatesurf.ch\/","logo":{"@type":"ImageObject","inLanguage":"fr-FR","@id":"https:\/\/elevatesurf.ch\/#\/schema\/logo\/image\/","url":"https:\/\/elevatesurf.ch\/wp-content\/uploads\/2024\/06\/67c2ec70-bdf5-4c14-898a-ded5b2051398.jpg","contentUrl":"https:\/\/elevatesurf.ch\/wp-content\/uploads\/2024\/06\/67c2ec70-bdf5-4c14-898a-ded5b2051398.jpg","width":1024,"height":1024,"caption":"Elevatesurf"},"image":{"@id":"https:\/\/elevatesurf.ch\/#\/schema\/logo\/image\/"},"sameAs":["https:\/\/www.instagram.com\/elevate__surf\/"]}]}},"_links":{"self":[{"href":"https:\/\/elevatesurf.ch\/fr\/wp-json\/wp\/v2\/product\/24321","targetHints":{"allow":["GET"]}}],"collection":[{"href":"https:\/\/elevatesurf.ch\/fr\/wp-json\/wp\/v2\/product"}],"about":[{"href":"https:\/\/elevatesurf.ch\/fr\/wp-json\/wp\/v2\/types\/product"}],"replies":[{"embeddable":true,"href":"https:\/\/elevatesurf.ch\/fr\/wp-json\/wp\/v2\/comments?post=24321"}],"wp:featuredmedia":[{"embeddable":true,"href":"https:\/\/elevatesurf.ch\/fr\/wp-json\/wp\/v2\/media\/24325"}],"wp:attachment":[{"href":"https:\/\/elevatesurf.ch\/fr\/wp-json\/wp\/v2\/media?parent=24321"}],"wp:term":[{"taxonomy":"product_cat","embeddable":true,"href":"https:\/\/elevatesurf.ch\/fr\/wp-json\/wp\/v2\/product_cat?post=24321"},{"taxonomy":"product_tag","embeddable":true,"href":"https:\/\/elevatesurf.ch\/fr\/wp-json\/wp\/v2\/product_tag?post=24321"}],"curies":[{"name":"wp","href":"https:\/\/api.w.org\/{rel}","templated":true}]}}