{"id":24356,"date":"2025-01-08T07:27:29","date_gmt":"2025-01-08T07:27:29","guid":{"rendered":"https:\/\/elevatesurf.ch\/product\/monobloc-tail-xs-140-carving\/"},"modified":"2025-01-30T00:32:52","modified_gmt":"2025-01-30T00:32:52","slug":"monobloc-tail-xs-140-carving","status":"publish","type":"product","link":"https:\/\/elevatesurf.ch\/fr\/product\/monobloc-tail-xs-140-carving\/","title":{"rendered":"Monobloc Tail XS 140 Carving"},"content":{"rendered":"<h3>Monobloc Tail Carving XS 160 + Monobloc Tail Carving XS 140<\/h3>\n<p>Die Monobloc Tail Carving XS160 und Monobloc Tail Carving XS 140 repr&auml;sentieren eine neue Generation von Stabilisatoren, die Surfer begeistern werden.<br \/> Dank ihrer reduzierten Oberfl&auml;che und l&auml;ngeren R&uuml;mpfe erm&ouml;glichen sie ein Gef&uuml;hl, das dem reinen Surfen sehr nahe kommt.<\/p>\n<ul>\n<li>Entworfen f&uuml;r Surf Foil und Wing Fahrer von mittlerem bis fortgeschrittenem Niveau.<\/li>\n<li>Reduzierte Oberfl&auml;che = Mehr Geschwindigkeit<\/li>\n<li>Verl&auml;ngerter Rumpf = Bessere Stabilit&auml;t<\/li>\n<li>Ein kraftvolles Profil, das eine sehr gute niedrige Endgeschwindigkeit und einfaches Pumpen erm&ouml;glicht<\/li>\n<\/ul>\n<p>&nbsp;<\/p>\n<p>Im Gegensatz zu den gr&ouml;&szlig;eren Gr&ouml;&szlig;en der Carving-Reihe weisen diese neuen Monobloc Tails l&auml;ngere R&uuml;mpfe auf.<br \/> Dies sorgt f&uuml;r mehr Stabilit&auml;t im Pitch und erm&ouml;glicht es, in Kurven mit Vertrauen stark zu dr&uuml;cken.<br \/> Ihre reduzierte Oberfl&auml;che tr&auml;gt auch zu mehr Geschwindigkeit, Reaktionsf&auml;higkeit und Man&ouml;vrierf&auml;higkeit bei.<br \/> Dies erm&ouml;glicht besseres Carven und das Spielen in der N&auml;he der Brechungszone.<br \/> Mit einer etwas weiter hinten zentrierten Unterst&uuml;tzung kommen diese Stabilisatoren dem reinen Surferlebnis n&auml;her und erm&ouml;glichen auch eine bessere Kontrolle des Foils in der Welle.<\/p>\n<p>Die Kombination aus kraftvollem Profil, reduzierter Oberfl&auml;che und verl&auml;ngertem Rumpf erm&ouml;glicht effizientes Pumpen mit guter Projektion nach vorne.<br \/> Es wird daher nicht schwierig sein, zum Peak zu pumpen, um die n&auml;chste Welle zu erreichen.<br \/> Der Unterschied zur Carving W-Reihe liegt in ihrem neuen Profil.<br \/> Das Profil der Carving-Reihe ist ziemlich kraftvoll und erm&ouml;glicht somit eine komfortable niedrige Endgeschwindigkeit und ein sehr gutes Pumpen.<\/p>\n<p>Es ist die ideale Wahl f&uuml;r Surf Foiler, die zum Peak pumpen\/verbinden wollen, und f&uuml;r Winger, die eine gute niedrige Endgeschwindigkeit w&uuml;nschen.<br \/> Die Verwendung von High Modulus Carbon erm&ouml;glicht es den Monobloc Tails, noch steifer zu werden, was sie noch zuverl&auml;ssiger macht und Ihnen erm&ouml;glicht, bei jeder Session Ihre Grenzen zu &uuml;berschreiten.<\/p>\n<p>Diese Monobloc Tails werden Surfer begeistern, da sie dem reinen Surferlebnis so nahe wie m&ouml;glich kommen.<\/p>\n<p>&nbsp;<\/p>\n","protected":false},"excerpt":{"rendered":"<p>Die Monobloc Tail Carving XS160 und XS140 bieten erh\u00f6hte Geschwindigkeit, Reaktionsf\u00e4higkeit und Man\u00f6vrierf\u00e4higkeit.<br \/> Perfekt f\u00fcr Surf Foil und Wing Fahrer von mittlerem bis fortgeschrittenem Niveau.<\/p>\n<p><\/p>\n","protected":false},"featured_media":24357,"comment_status":"closed","ping_status":"open","template":"","meta":[],"product_cat":[668,806,807,808,587,138],"product_tag":[],"class_list":{"0":"post-24356","1":"product","2":"type-product","3":"status-publish","4":"has-post-thumbnail","6":"product_cat-kite-foil","7":"product_cat-rearwings","8":"product_cat-rearwings-wing-foil","9":"product_cat-rearwings-surf-foil","10":"product_cat-surf-foil","11":"product_cat-wingfoil-suisse-acheter","12":"pa_saison-543","13":"product_brand-f-one-neuchatel","15":"first","16":"onbackorder","17":"purchasable","18":"product-type-simple"},"yoast_head":"<!-- This site is optimized with the Yoast SEO plugin v22.8 - https:\/\/yoast.com\/wordpress\/plugins\/seo\/ -->\n<title>Monobloc Tail XS 140 Carving - Elevatesurf<\/title>\n<meta name=\"description\" content=\"Elevatesurf Monobloc Tail XS 140 Carving\" \/>\n<meta name=\"robots\" content=\"index, follow, max-snippet:-1, max-image-preview:large, max-video-preview:-1\" \/>\n<link rel=\"canonical\" href=\"https:\/\/elevatesurf.ch\/fr\/product\/monobloc-tail-xs-140-carving\/\" \/>\n<meta property=\"og:locale\" content=\"fr_FR\" \/>\n<meta property=\"og:type\" content=\"article\" \/>\n<meta property=\"og:title\" content=\"Monobloc Tail XS 140 Carving - Elevatesurf\" \/>\n<meta property=\"og:description\" content=\"Elevatesurf Monobloc Tail XS 140 Carving\" \/>\n<meta property=\"og:url\" content=\"https:\/\/elevatesurf.ch\/fr\/product\/monobloc-tail-xs-140-carving\/\" \/>\n<meta property=\"og:site_name\" content=\"Elevatesurf\" \/>\n<meta property=\"article:modified_time\" content=\"2025-01-30T00:32:52+00:00\" \/>\n<meta property=\"og:image\" content=\"https:\/\/elevatesurf.ch\/wp-content\/uploads\/2025\/01\/77247-0305.png\" \/>\n\t<meta property=\"og:image:width\" content=\"2000\" \/>\n\t<meta property=\"og:image:height\" content=\"2000\" \/>\n\t<meta property=\"og:image:type\" content=\"image\/png\" \/>\n<meta name=\"twitter:card\" content=\"summary_large_image\" \/>\n<meta name=\"twitter:label1\" content=\"Dur\u00e9e de lecture estim\u00e9e\" \/>\n\t<meta name=\"twitter:data1\" content=\"2 minutes\" \/>\n<script type=\"application\/ld+json\" class=\"yoast-schema-graph\">{\"@context\":\"https:\/\/schema.org\",\"@graph\":[{\"@type\":[\"WebPage\",\"ItemPage\"],\"@id\":\"https:\/\/elevatesurf.ch\/product\/monobloc-tail-xs-140-carving\/\",\"url\":\"https:\/\/elevatesurf.ch\/product\/monobloc-tail-xs-140-carving\/\",\"name\":\"Monobloc Tail XS 140 Carving - Elevatesurf\",\"isPartOf\":{\"@id\":\"https:\/\/elevatesurf.ch\/#website\"},\"primaryImageOfPage\":{\"@id\":\"https:\/\/elevatesurf.ch\/product\/monobloc-tail-xs-140-carving\/#primaryimage\"},\"image\":{\"@id\":\"https:\/\/elevatesurf.ch\/product\/monobloc-tail-xs-140-carving\/#primaryimage\"},\"thumbnailUrl\":\"https:\/\/elevatesurf.ch\/wp-content\/uploads\/2025\/01\/77247-0305.png\",\"datePublished\":\"2025-01-08T07:27:29+00:00\",\"dateModified\":\"2025-01-30T00:32:52+00:00\",\"description\":\"Elevatesurf Monobloc Tail XS 140 Carving\",\"breadcrumb\":{\"@id\":\"https:\/\/elevatesurf.ch\/product\/monobloc-tail-xs-140-carving\/#breadcrumb\"},\"inLanguage\":\"fr-FR\",\"potentialAction\":[{\"@type\":\"ReadAction\",\"target\":[\"https:\/\/elevatesurf.ch\/product\/monobloc-tail-xs-140-carving\/\"]}]},{\"@type\":\"ImageObject\",\"inLanguage\":\"fr-FR\",\"@id\":\"https:\/\/elevatesurf.ch\/product\/monobloc-tail-xs-140-carving\/#primaryimage\",\"url\":\"https:\/\/elevatesurf.ch\/wp-content\/uploads\/2025\/01\/77247-0305.png\",\"contentUrl\":\"https:\/\/elevatesurf.ch\/wp-content\/uploads\/2025\/01\/77247-0305.png\",\"width\":2000,\"height\":2000},{\"@type\":\"BreadcrumbList\",\"@id\":\"https:\/\/elevatesurf.ch\/product\/monobloc-tail-xs-140-carving\/#breadcrumb\",\"itemListElement\":[{\"@type\":\"ListItem\",\"position\":1,\"name\":\"Accueil\",\"item\":\"https:\/\/elevatesurf.ch\/\"},{\"@type\":\"ListItem\",\"position\":2,\"name\":\"Shop &#8211; \u00c9levez Votre Exp\u00e9rience de Surf avec Notre Collection\",\"item\":\"https:\/\/elevatesurf.ch\/shop\/\"},{\"@type\":\"ListItem\",\"position\":3,\"name\":\"Monobloc Tail XS 140 Carving\"}]},{\"@type\":\"WebSite\",\"@id\":\"https:\/\/elevatesurf.ch\/#website\",\"url\":\"https:\/\/elevatesurf.ch\/\",\"name\":\"Elevatesurf\",\"description\":\"Surfez vers de nouveaux sommets avec ElevateSurf ! Kiteshop, Wingshop\",\"publisher\":{\"@id\":\"https:\/\/elevatesurf.ch\/#organization\"},\"potentialAction\":[{\"@type\":\"SearchAction\",\"target\":{\"@type\":\"EntryPoint\",\"urlTemplate\":\"https:\/\/elevatesurf.ch\/?s={search_term_string}\"},\"query-input\":\"required name=search_term_string\"}],\"inLanguage\":\"fr-FR\"},{\"@type\":\"Organization\",\"@id\":\"https:\/\/elevatesurf.ch\/#organization\",\"name\":\"Elevatesurf\",\"url\":\"https:\/\/elevatesurf.ch\/\",\"logo\":{\"@type\":\"ImageObject\",\"inLanguage\":\"fr-FR\",\"@id\":\"https:\/\/elevatesurf.ch\/#\/schema\/logo\/image\/\",\"url\":\"https:\/\/elevatesurf.ch\/wp-content\/uploads\/2024\/06\/67c2ec70-bdf5-4c14-898a-ded5b2051398.jpg\",\"contentUrl\":\"https:\/\/elevatesurf.ch\/wp-content\/uploads\/2024\/06\/67c2ec70-bdf5-4c14-898a-ded5b2051398.jpg\",\"width\":1024,\"height\":1024,\"caption\":\"Elevatesurf\"},\"image\":{\"@id\":\"https:\/\/elevatesurf.ch\/#\/schema\/logo\/image\/\"},\"sameAs\":[\"https:\/\/www.instagram.com\/elevate__surf\/\"]}]}<\/script>\n<!-- \/ Yoast SEO plugin. -->","yoast_head_json":{"title":"Monobloc Tail XS 140 Carving - Elevatesurf","description":"Elevatesurf Monobloc Tail XS 140 Carving","robots":{"index":"index","follow":"follow","max-snippet":"max-snippet:-1","max-image-preview":"max-image-preview:large","max-video-preview":"max-video-preview:-1"},"canonical":"https:\/\/elevatesurf.ch\/fr\/product\/monobloc-tail-xs-140-carving\/","og_locale":"fr_FR","og_type":"article","og_title":"Monobloc Tail XS 140 Carving - Elevatesurf","og_description":"Elevatesurf Monobloc Tail XS 140 Carving","og_url":"https:\/\/elevatesurf.ch\/fr\/product\/monobloc-tail-xs-140-carving\/","og_site_name":"Elevatesurf","article_modified_time":"2025-01-30T00:32:52+00:00","og_image":[{"width":2000,"height":2000,"url":"https:\/\/elevatesurf.ch\/wp-content\/uploads\/2025\/01\/77247-0305.png","type":"image\/png"}],"twitter_card":"summary_large_image","twitter_misc":{"Dur\u00e9e de lecture estim\u00e9e":"2 minutes"},"schema":{"@context":"https:\/\/schema.org","@graph":[{"@type":["WebPage","ItemPage"],"@id":"https:\/\/elevatesurf.ch\/product\/monobloc-tail-xs-140-carving\/","url":"https:\/\/elevatesurf.ch\/product\/monobloc-tail-xs-140-carving\/","name":"Monobloc Tail XS 140 Carving - Elevatesurf","isPartOf":{"@id":"https:\/\/elevatesurf.ch\/#website"},"primaryImageOfPage":{"@id":"https:\/\/elevatesurf.ch\/product\/monobloc-tail-xs-140-carving\/#primaryimage"},"image":{"@id":"https:\/\/elevatesurf.ch\/product\/monobloc-tail-xs-140-carving\/#primaryimage"},"thumbnailUrl":"https:\/\/elevatesurf.ch\/wp-content\/uploads\/2025\/01\/77247-0305.png","datePublished":"2025-01-08T07:27:29+00:00","dateModified":"2025-01-30T00:32:52+00:00","description":"Elevatesurf Monobloc Tail XS 140 Carving","breadcrumb":{"@id":"https:\/\/elevatesurf.ch\/product\/monobloc-tail-xs-140-carving\/#breadcrumb"},"inLanguage":"fr-FR","potentialAction":[{"@type":"ReadAction","target":["https:\/\/elevatesurf.ch\/product\/monobloc-tail-xs-140-carving\/"]}]},{"@type":"ImageObject","inLanguage":"fr-FR","@id":"https:\/\/elevatesurf.ch\/product\/monobloc-tail-xs-140-carving\/#primaryimage","url":"https:\/\/elevatesurf.ch\/wp-content\/uploads\/2025\/01\/77247-0305.png","contentUrl":"https:\/\/elevatesurf.ch\/wp-content\/uploads\/2025\/01\/77247-0305.png","width":2000,"height":2000},{"@type":"BreadcrumbList","@id":"https:\/\/elevatesurf.ch\/product\/monobloc-tail-xs-140-carving\/#breadcrumb","itemListElement":[{"@type":"ListItem","position":1,"name":"Accueil","item":"https:\/\/elevatesurf.ch\/"},{"@type":"ListItem","position":2,"name":"Shop &#8211; \u00c9levez Votre Exp\u00e9rience de Surf avec Notre Collection","item":"https:\/\/elevatesurf.ch\/shop\/"},{"@type":"ListItem","position":3,"name":"Monobloc Tail XS 140 Carving"}]},{"@type":"WebSite","@id":"https:\/\/elevatesurf.ch\/#website","url":"https:\/\/elevatesurf.ch\/","name":"Elevatesurf","description":"Surfez vers de nouveaux sommets avec ElevateSurf ! Kiteshop, Wingshop","publisher":{"@id":"https:\/\/elevatesurf.ch\/#organization"},"potentialAction":[{"@type":"SearchAction","target":{"@type":"EntryPoint","urlTemplate":"https:\/\/elevatesurf.ch\/?s={search_term_string}"},"query-input":"required name=search_term_string"}],"inLanguage":"fr-FR"},{"@type":"Organization","@id":"https:\/\/elevatesurf.ch\/#organization","name":"Elevatesurf","url":"https:\/\/elevatesurf.ch\/","logo":{"@type":"ImageObject","inLanguage":"fr-FR","@id":"https:\/\/elevatesurf.ch\/#\/schema\/logo\/image\/","url":"https:\/\/elevatesurf.ch\/wp-content\/uploads\/2024\/06\/67c2ec70-bdf5-4c14-898a-ded5b2051398.jpg","contentUrl":"https:\/\/elevatesurf.ch\/wp-content\/uploads\/2024\/06\/67c2ec70-bdf5-4c14-898a-ded5b2051398.jpg","width":1024,"height":1024,"caption":"Elevatesurf"},"image":{"@id":"https:\/\/elevatesurf.ch\/#\/schema\/logo\/image\/"},"sameAs":["https:\/\/www.instagram.com\/elevate__surf\/"]}]}},"_links":{"self":[{"href":"https:\/\/elevatesurf.ch\/fr\/wp-json\/wp\/v2\/product\/24356","targetHints":{"allow":["GET"]}}],"collection":[{"href":"https:\/\/elevatesurf.ch\/fr\/wp-json\/wp\/v2\/product"}],"about":[{"href":"https:\/\/elevatesurf.ch\/fr\/wp-json\/wp\/v2\/types\/product"}],"replies":[{"embeddable":true,"href":"https:\/\/elevatesurf.ch\/fr\/wp-json\/wp\/v2\/comments?post=24356"}],"wp:featuredmedia":[{"embeddable":true,"href":"https:\/\/elevatesurf.ch\/fr\/wp-json\/wp\/v2\/media\/24357"}],"wp:attachment":[{"href":"https:\/\/elevatesurf.ch\/fr\/wp-json\/wp\/v2\/media?parent=24356"}],"wp:term":[{"taxonomy":"product_cat","embeddable":true,"href":"https:\/\/elevatesurf.ch\/fr\/wp-json\/wp\/v2\/product_cat?post=24356"},{"taxonomy":"product_tag","embeddable":true,"href":"https:\/\/elevatesurf.ch\/fr\/wp-json\/wp\/v2\/product_tag?post=24356"}],"curies":[{"name":"wp","href":"https:\/\/api.w.org\/{rel}","templated":true}]}}