{"id":24420,"date":"2025-01-08T07:28:37","date_gmt":"2025-01-08T07:28:37","guid":{"rendered":"https:\/\/elevatesurf.ch\/product\/hybrid-wing-handle\/"},"modified":"2025-04-06T17:00:33","modified_gmt":"2025-04-06T17:00:33","slug":"hybrid-wing-handle","status":"publish","type":"product","link":"https:\/\/elevatesurf.ch\/fr\/product\/hybrid-wing-handle\/","title":{"rendered":"Hybrid Wing Handle"},"content":{"rendered":"<h1>AUSTAUSCHBARE WING HANDLES<\/h1>\n<p>Wingfoil<\/p>\n<p>Im Jahr 2024 sind alle unsere Wings mit unserem neuen austauschbaren Handgriffsystem ausgestattet. Egal, ob Sie ein leichtes und bequemes Setup mit weichen Handles, eine direktere und aggressivere Fahrt mit harten Handles oder etwas dazwischen mit unseren innovativen Hybrid-Handles suchen, wir haben das Richtige f\u00fcr Sie.<\/p>\n<p>Die Wings werden mit vorinstallierten weichen Handles geliefert, aber der Austausch eines Handgriffsets zwischen den Wings ist dank unseres schraubenlosen Setups schnell und einfach.<\/p>\n<h1>HARTE HANDLES<\/h1>\n<p>Diese Handles bieten Power, effizientes Pumpen und direkteres Feedback und sind durch eine harte Basis mit dem Gurtband des Wings verbunden. Mit Ergonomie im Hinterkopf entworfen, sind diese Handles ideal f\u00fcr Fahrer, die Kontrolle und Pr\u00e4zision suchen. Der vordere Handle ist so gebaut, dass Ihr Handgelenk immer in einem nat\u00fcrlichen Winkel bleibt und ist auf einer Seite leicht erh\u00f6ht, um alle Man\u00f6ver zu erleichtern. Der hintere Handle ist n\u00e4her am Strut f\u00fcr Pr\u00e4zision und Kontrolle. Beide Handles haben abgerundete Winkel, sodass Sie jeden Teil von ihnen bequem und einfach greifen k\u00f6nnen. Diese harten Handles sind aus einem leichten Glasfaser-Ovalrohr und EVA-Griff gebaut und verf\u00fcgen auch \u00fcber EVA-Sto\u00dff\u00e4nger an allen Ecken, um sowohl den Fahrer als auch die Ausr\u00fcstung vor St\u00f6\u00dfen zu sch\u00fctzen.<\/p>\n","protected":false},"excerpt":{"rendered":"<p>Eine F-ONE Innovation, diese sind weiche Handles, die durch eine harte Basis mit dem Gurtband des Wings verbunden sind.<\/p>\n","protected":false},"featured_media":24413,"comment_status":"closed","ping_status":"open","template":"","meta":[],"product_cat":[977,138],"product_tag":[],"class_list":{"0":"post-24420","1":"product","2":"type-product","3":"status-publish","4":"has-post-thumbnail","6":"product_cat-accessoires","7":"product_cat-wingfoil-suisse-acheter","8":"pa_couleur-black","9":"product_brand-f-one-neuchatel","11":"first","12":"onbackorder","13":"purchasable","14":"product-type-variable"},"yoast_head":"<!-- This site is optimized with the Yoast SEO plugin v22.8 - https:\/\/yoast.com\/wordpress\/plugins\/seo\/ -->\n<title>Hybrid Wing Handle - Elevatesurf<\/title>\n<meta name=\"description\" content=\"Elevatesurf Hybrid Wing Handle\" \/>\n<meta name=\"robots\" content=\"index, follow, max-snippet:-1, max-image-preview:large, max-video-preview:-1\" \/>\n<link rel=\"canonical\" href=\"https:\/\/elevatesurf.ch\/fr\/product\/hybrid-wing-handle\/\" \/>\n<meta property=\"og:locale\" content=\"fr_FR\" \/>\n<meta property=\"og:type\" content=\"article\" \/>\n<meta property=\"og:title\" content=\"Hybrid Wing Handle - Elevatesurf\" \/>\n<meta property=\"og:description\" content=\"Elevatesurf Hybrid Wing Handle\" \/>\n<meta property=\"og:url\" content=\"https:\/\/elevatesurf.ch\/fr\/product\/hybrid-wing-handle\/\" \/>\n<meta property=\"og:site_name\" content=\"Elevatesurf\" \/>\n<meta property=\"article:modified_time\" content=\"2025-04-06T17:00:33+00:00\" \/>\n<meta property=\"og:image\" content=\"https:\/\/elevatesurf.ch\/wp-content\/uploads\/2025\/01\/77241-2010-2.png\" \/>\n\t<meta property=\"og:image:width\" content=\"2000\" \/>\n\t<meta property=\"og:image:height\" content=\"2000\" \/>\n\t<meta property=\"og:image:type\" content=\"image\/png\" \/>\n<meta name=\"twitter:card\" content=\"summary_large_image\" \/>\n<meta name=\"twitter:label1\" content=\"Dur\u00e9e de lecture estim\u00e9e\" \/>\n\t<meta name=\"twitter:data1\" content=\"1 minute\" \/>\n<script type=\"application\/ld+json\" class=\"yoast-schema-graph\">{\"@context\":\"https:\/\/schema.org\",\"@graph\":[{\"@type\":[\"WebPage\",\"ItemPage\"],\"@id\":\"https:\/\/elevatesurf.ch\/product\/hybrid-wing-handle\/\",\"url\":\"https:\/\/elevatesurf.ch\/product\/hybrid-wing-handle\/\",\"name\":\"Hybrid Wing Handle - Elevatesurf\",\"isPartOf\":{\"@id\":\"https:\/\/elevatesurf.ch\/#website\"},\"primaryImageOfPage\":{\"@id\":\"https:\/\/elevatesurf.ch\/product\/hybrid-wing-handle\/#primaryimage\"},\"image\":{\"@id\":\"https:\/\/elevatesurf.ch\/product\/hybrid-wing-handle\/#primaryimage\"},\"thumbnailUrl\":\"https:\/\/elevatesurf.ch\/wp-content\/uploads\/2025\/01\/77241-2010-2.png\",\"datePublished\":\"2025-01-08T07:28:37+00:00\",\"dateModified\":\"2025-04-06T17:00:33+00:00\",\"description\":\"Elevatesurf Hybrid Wing Handle\",\"breadcrumb\":{\"@id\":\"https:\/\/elevatesurf.ch\/product\/hybrid-wing-handle\/#breadcrumb\"},\"inLanguage\":\"fr-FR\",\"potentialAction\":[{\"@type\":\"ReadAction\",\"target\":[\"https:\/\/elevatesurf.ch\/product\/hybrid-wing-handle\/\"]}]},{\"@type\":\"ImageObject\",\"inLanguage\":\"fr-FR\",\"@id\":\"https:\/\/elevatesurf.ch\/product\/hybrid-wing-handle\/#primaryimage\",\"url\":\"https:\/\/elevatesurf.ch\/wp-content\/uploads\/2025\/01\/77241-2010-2.png\",\"contentUrl\":\"https:\/\/elevatesurf.ch\/wp-content\/uploads\/2025\/01\/77241-2010-2.png\",\"width\":2000,\"height\":2000},{\"@type\":\"BreadcrumbList\",\"@id\":\"https:\/\/elevatesurf.ch\/product\/hybrid-wing-handle\/#breadcrumb\",\"itemListElement\":[{\"@type\":\"ListItem\",\"position\":1,\"name\":\"Accueil\",\"item\":\"https:\/\/elevatesurf.ch\/\"},{\"@type\":\"ListItem\",\"position\":2,\"name\":\"Shop &#8211; \u00c9levez Votre Exp\u00e9rience de Surf avec Notre Collection\",\"item\":\"https:\/\/elevatesurf.ch\/shop\/\"},{\"@type\":\"ListItem\",\"position\":3,\"name\":\"Hybrid Wing Handle\"}]},{\"@type\":\"WebSite\",\"@id\":\"https:\/\/elevatesurf.ch\/#website\",\"url\":\"https:\/\/elevatesurf.ch\/\",\"name\":\"Elevatesurf\",\"description\":\"Surfez vers de nouveaux sommets avec ElevateSurf ! Kiteshop, Wingshop\",\"publisher\":{\"@id\":\"https:\/\/elevatesurf.ch\/#organization\"},\"potentialAction\":[{\"@type\":\"SearchAction\",\"target\":{\"@type\":\"EntryPoint\",\"urlTemplate\":\"https:\/\/elevatesurf.ch\/?s={search_term_string}\"},\"query-input\":\"required name=search_term_string\"}],\"inLanguage\":\"fr-FR\"},{\"@type\":\"Organization\",\"@id\":\"https:\/\/elevatesurf.ch\/#organization\",\"name\":\"Elevatesurf\",\"url\":\"https:\/\/elevatesurf.ch\/\",\"logo\":{\"@type\":\"ImageObject\",\"inLanguage\":\"fr-FR\",\"@id\":\"https:\/\/elevatesurf.ch\/#\/schema\/logo\/image\/\",\"url\":\"https:\/\/elevatesurf.ch\/wp-content\/uploads\/2024\/06\/67c2ec70-bdf5-4c14-898a-ded5b2051398.jpg\",\"contentUrl\":\"https:\/\/elevatesurf.ch\/wp-content\/uploads\/2024\/06\/67c2ec70-bdf5-4c14-898a-ded5b2051398.jpg\",\"width\":1024,\"height\":1024,\"caption\":\"Elevatesurf\"},\"image\":{\"@id\":\"https:\/\/elevatesurf.ch\/#\/schema\/logo\/image\/\"},\"sameAs\":[\"https:\/\/www.instagram.com\/elevate__surf\/\"]}]}<\/script>\n<!-- \/ Yoast SEO plugin. -->","yoast_head_json":{"title":"Hybrid Wing Handle - Elevatesurf","description":"Elevatesurf Hybrid Wing Handle","robots":{"index":"index","follow":"follow","max-snippet":"max-snippet:-1","max-image-preview":"max-image-preview:large","max-video-preview":"max-video-preview:-1"},"canonical":"https:\/\/elevatesurf.ch\/fr\/product\/hybrid-wing-handle\/","og_locale":"fr_FR","og_type":"article","og_title":"Hybrid Wing Handle - Elevatesurf","og_description":"Elevatesurf Hybrid Wing Handle","og_url":"https:\/\/elevatesurf.ch\/fr\/product\/hybrid-wing-handle\/","og_site_name":"Elevatesurf","article_modified_time":"2025-04-06T17:00:33+00:00","og_image":[{"width":2000,"height":2000,"url":"https:\/\/elevatesurf.ch\/wp-content\/uploads\/2025\/01\/77241-2010-2.png","type":"image\/png"}],"twitter_card":"summary_large_image","twitter_misc":{"Dur\u00e9e de lecture estim\u00e9e":"1 minute"},"schema":{"@context":"https:\/\/schema.org","@graph":[{"@type":["WebPage","ItemPage"],"@id":"https:\/\/elevatesurf.ch\/product\/hybrid-wing-handle\/","url":"https:\/\/elevatesurf.ch\/product\/hybrid-wing-handle\/","name":"Hybrid Wing Handle - Elevatesurf","isPartOf":{"@id":"https:\/\/elevatesurf.ch\/#website"},"primaryImageOfPage":{"@id":"https:\/\/elevatesurf.ch\/product\/hybrid-wing-handle\/#primaryimage"},"image":{"@id":"https:\/\/elevatesurf.ch\/product\/hybrid-wing-handle\/#primaryimage"},"thumbnailUrl":"https:\/\/elevatesurf.ch\/wp-content\/uploads\/2025\/01\/77241-2010-2.png","datePublished":"2025-01-08T07:28:37+00:00","dateModified":"2025-04-06T17:00:33+00:00","description":"Elevatesurf Hybrid Wing Handle","breadcrumb":{"@id":"https:\/\/elevatesurf.ch\/product\/hybrid-wing-handle\/#breadcrumb"},"inLanguage":"fr-FR","potentialAction":[{"@type":"ReadAction","target":["https:\/\/elevatesurf.ch\/product\/hybrid-wing-handle\/"]}]},{"@type":"ImageObject","inLanguage":"fr-FR","@id":"https:\/\/elevatesurf.ch\/product\/hybrid-wing-handle\/#primaryimage","url":"https:\/\/elevatesurf.ch\/wp-content\/uploads\/2025\/01\/77241-2010-2.png","contentUrl":"https:\/\/elevatesurf.ch\/wp-content\/uploads\/2025\/01\/77241-2010-2.png","width":2000,"height":2000},{"@type":"BreadcrumbList","@id":"https:\/\/elevatesurf.ch\/product\/hybrid-wing-handle\/#breadcrumb","itemListElement":[{"@type":"ListItem","position":1,"name":"Accueil","item":"https:\/\/elevatesurf.ch\/"},{"@type":"ListItem","position":2,"name":"Shop &#8211; \u00c9levez Votre Exp\u00e9rience de Surf avec Notre Collection","item":"https:\/\/elevatesurf.ch\/shop\/"},{"@type":"ListItem","position":3,"name":"Hybrid Wing Handle"}]},{"@type":"WebSite","@id":"https:\/\/elevatesurf.ch\/#website","url":"https:\/\/elevatesurf.ch\/","name":"Elevatesurf","description":"Surfez vers de nouveaux sommets avec ElevateSurf ! Kiteshop, Wingshop","publisher":{"@id":"https:\/\/elevatesurf.ch\/#organization"},"potentialAction":[{"@type":"SearchAction","target":{"@type":"EntryPoint","urlTemplate":"https:\/\/elevatesurf.ch\/?s={search_term_string}"},"query-input":"required name=search_term_string"}],"inLanguage":"fr-FR"},{"@type":"Organization","@id":"https:\/\/elevatesurf.ch\/#organization","name":"Elevatesurf","url":"https:\/\/elevatesurf.ch\/","logo":{"@type":"ImageObject","inLanguage":"fr-FR","@id":"https:\/\/elevatesurf.ch\/#\/schema\/logo\/image\/","url":"https:\/\/elevatesurf.ch\/wp-content\/uploads\/2024\/06\/67c2ec70-bdf5-4c14-898a-ded5b2051398.jpg","contentUrl":"https:\/\/elevatesurf.ch\/wp-content\/uploads\/2024\/06\/67c2ec70-bdf5-4c14-898a-ded5b2051398.jpg","width":1024,"height":1024,"caption":"Elevatesurf"},"image":{"@id":"https:\/\/elevatesurf.ch\/#\/schema\/logo\/image\/"},"sameAs":["https:\/\/www.instagram.com\/elevate__surf\/"]}]}},"_links":{"self":[{"href":"https:\/\/elevatesurf.ch\/fr\/wp-json\/wp\/v2\/product\/24420","targetHints":{"allow":["GET"]}}],"collection":[{"href":"https:\/\/elevatesurf.ch\/fr\/wp-json\/wp\/v2\/product"}],"about":[{"href":"https:\/\/elevatesurf.ch\/fr\/wp-json\/wp\/v2\/types\/product"}],"replies":[{"embeddable":true,"href":"https:\/\/elevatesurf.ch\/fr\/wp-json\/wp\/v2\/comments?post=24420"}],"wp:featuredmedia":[{"embeddable":true,"href":"https:\/\/elevatesurf.ch\/fr\/wp-json\/wp\/v2\/media\/24413"}],"wp:attachment":[{"href":"https:\/\/elevatesurf.ch\/fr\/wp-json\/wp\/v2\/media?parent=24420"}],"wp:term":[{"taxonomy":"product_cat","embeddable":true,"href":"https:\/\/elevatesurf.ch\/fr\/wp-json\/wp\/v2\/product_cat?post=24420"},{"taxonomy":"product_tag","embeddable":true,"href":"https:\/\/elevatesurf.ch\/fr\/wp-json\/wp\/v2\/product_tag?post=24420"}],"curies":[{"name":"wp","href":"https:\/\/api.w.org\/{rel}","templated":true}]}}