{"id":24428,"date":"2025-01-08T07:28:56","date_gmt":"2025-01-08T07:28:56","guid":{"rendered":"https:\/\/elevatesurf.ch\/product\/v-straps-foilboard-self-taping\/"},"modified":"2025-06-08T17:00:08","modified_gmt":"2025-06-08T17:00:08","slug":"v-straps-foilboard-self-taping","status":"publish","type":"product","link":"https:\/\/elevatesurf.ch\/fr\/product\/v-straps-foilboard-self-taping\/","title":{"rendered":"V-Straps Foilboard Self Taping"},"content":{"rendered":"<p>\u00ab\u00a0<\/p>\n<h1>V-Straps Foilboard Self Tapping<\/h1>\n<h2>Self-tapping Screw Set (Ref. 77228-8002)<\/h2>\n<p>Unsere neuen V-STRAPS wurden speziell f\u00fcr Foilboards entwickelt.<br \/>\n    Die Form und das Material wurden ausgew\u00e4hlt, um maximalen Komfort und Halt beim Fahren zu bieten.<br \/>\n    Beide Gurte haben eine d\u00fcnne Schicht aus Neo-Fleece-Material auf der Innenseite, die zus\u00e4tzlichen Komfort und Weichheit bietet.<br \/>\n    Das Hauptst\u00fcck in V-Form f\u00fcr Ihren vorderen Fu\u00df ist kompatibel mit Boards, die eine oder zwei Reihen von Inserts haben.<\/p>\n<p><strong>Lieferumfang:<\/strong><\/p>\n<ul>\n<li>1x Front V-Strap<\/li>\n<li>1x Back strap<\/li>\n<li>1x V-Block, um in der Mitte des V-Straps f\u00fcr die Schrauben zu platzieren<\/li>\n<li>6x Selbstschneidende Schrauben 5x25mm (SUS 316)<\/li>\n<li>6x Metallunterlegscheiben (SST 316), 14mm Au\u00dfendurchmesser<\/li>\n<li>4x Plastikunterlegscheiben (Dicke = 2mm), 17mm Au\u00dfendurchmesser<\/li>\n<\/ul>\n<p><\/p>\n<p><strong>Empfohlen f\u00fcr:<\/strong> ROCKET WING, ROCKET WING CARBON, ROCKET WING \u2013 S, ROCKET WING -S CARBON, POCKET CARBON CUSTOM<\/p>\n<p>\u00ab\u00a0<\/p>\n","protected":false},"excerpt":{"rendered":"<p>Unsere neuen V-STRAPS wurden speziell f\u00fcr Foilboards entwickelt.<br \/>\n    Die Form und das Material wurden ausgew\u00e4hlt, um maximalen Komfort und Halt beim Fahren zu bieten.<br \/>\n    Beide Gurte haben eine d\u00fcnne Schicht aus Neo-Fleece-Material auf der Innenseite, die zus\u00e4tzlichen Komfort und Weichheit bietet.<br \/>\n    Das Hauptst\u00fcck in V-Form f\u00fcr Ihren vorderen Fu\u00df ist kompatibel mit Boards, die eine oder zwei Reihen von Inserts haben.<\/p>\n","protected":false},"featured_media":24429,"comment_status":"closed","ping_status":"closed","template":"","meta":[],"product_cat":[114,668,138],"product_tag":[],"class_list":{"0":"post-24428","1":"product","2":"type-product","3":"status-publish","4":"has-post-thumbnail","6":"product_cat-accessoires-kitesurf-wingfoil","7":"product_cat-kite-foil","8":"product_cat-wingfoil-suisse-acheter","9":"pa_saison-443","10":"product_brand-indiana-suisse","12":"first","13":"onbackorder","14":"purchasable","15":"product-type-simple"},"yoast_head":"<!-- This site is optimized with the Yoast SEO plugin v22.8 - https:\/\/yoast.com\/wordpress\/plugins\/seo\/ -->\n<title>V-Straps Foilboard Self Taping - Elevatesurf<\/title>\n<meta name=\"description\" content=\"Elevatesurf V-Straps Foilboard Self Taping\" \/>\n<meta name=\"robots\" content=\"index, follow, max-snippet:-1, max-image-preview:large, max-video-preview:-1\" \/>\n<link rel=\"canonical\" href=\"https:\/\/elevatesurf.ch\/fr\/product\/v-straps-foilboard-self-taping\/\" \/>\n<meta property=\"og:locale\" content=\"fr_FR\" \/>\n<meta property=\"og:type\" content=\"article\" \/>\n<meta property=\"og:title\" content=\"V-Straps Foilboard Self Taping - Elevatesurf\" \/>\n<meta property=\"og:description\" content=\"Elevatesurf V-Straps Foilboard Self Taping\" \/>\n<meta property=\"og:url\" content=\"https:\/\/elevatesurf.ch\/fr\/product\/v-straps-foilboard-self-taping\/\" \/>\n<meta property=\"og:site_name\" content=\"Elevatesurf\" \/>\n<meta property=\"article:modified_time\" content=\"2025-06-08T17:00:08+00:00\" \/>\n<meta property=\"og:image\" content=\"https:\/\/elevatesurf.ch\/wp-content\/uploads\/2025\/01\/2022-V-STRAP.png\" \/>\n\t<meta property=\"og:image:width\" content=\"1080\" \/>\n\t<meta property=\"og:image:height\" content=\"1080\" \/>\n\t<meta property=\"og:image:type\" content=\"image\/png\" \/>\n<meta name=\"twitter:card\" content=\"summary_large_image\" \/>\n<meta name=\"twitter:label1\" content=\"Dur\u00e9e de lecture estim\u00e9e\" \/>\n\t<meta name=\"twitter:data1\" content=\"1 minute\" \/>\n<script type=\"application\/ld+json\" class=\"yoast-schema-graph\">{\"@context\":\"https:\/\/schema.org\",\"@graph\":[{\"@type\":[\"WebPage\",\"ItemPage\"],\"@id\":\"https:\/\/elevatesurf.ch\/product\/v-straps-foilboard-self-taping\/\",\"url\":\"https:\/\/elevatesurf.ch\/product\/v-straps-foilboard-self-taping\/\",\"name\":\"V-Straps Foilboard Self Taping - Elevatesurf\",\"isPartOf\":{\"@id\":\"https:\/\/elevatesurf.ch\/#website\"},\"primaryImageOfPage\":{\"@id\":\"https:\/\/elevatesurf.ch\/product\/v-straps-foilboard-self-taping\/#primaryimage\"},\"image\":{\"@id\":\"https:\/\/elevatesurf.ch\/product\/v-straps-foilboard-self-taping\/#primaryimage\"},\"thumbnailUrl\":\"https:\/\/elevatesurf.ch\/wp-content\/uploads\/2025\/01\/2022-V-STRAP.png\",\"datePublished\":\"2025-01-08T07:28:56+00:00\",\"dateModified\":\"2025-06-08T17:00:08+00:00\",\"description\":\"Elevatesurf V-Straps Foilboard Self Taping\",\"breadcrumb\":{\"@id\":\"https:\/\/elevatesurf.ch\/product\/v-straps-foilboard-self-taping\/#breadcrumb\"},\"inLanguage\":\"fr-FR\",\"potentialAction\":[{\"@type\":\"ReadAction\",\"target\":[\"https:\/\/elevatesurf.ch\/product\/v-straps-foilboard-self-taping\/\"]}]},{\"@type\":\"ImageObject\",\"inLanguage\":\"fr-FR\",\"@id\":\"https:\/\/elevatesurf.ch\/product\/v-straps-foilboard-self-taping\/#primaryimage\",\"url\":\"https:\/\/elevatesurf.ch\/wp-content\/uploads\/2025\/01\/2022-V-STRAP.png\",\"contentUrl\":\"https:\/\/elevatesurf.ch\/wp-content\/uploads\/2025\/01\/2022-V-STRAP.png\",\"width\":1080,\"height\":1080},{\"@type\":\"BreadcrumbList\",\"@id\":\"https:\/\/elevatesurf.ch\/product\/v-straps-foilboard-self-taping\/#breadcrumb\",\"itemListElement\":[{\"@type\":\"ListItem\",\"position\":1,\"name\":\"Accueil\",\"item\":\"https:\/\/elevatesurf.ch\/\"},{\"@type\":\"ListItem\",\"position\":2,\"name\":\"Shop &#8211; \u00c9levez Votre Exp\u00e9rience de Surf avec Notre Collection\",\"item\":\"https:\/\/elevatesurf.ch\/shop\/\"},{\"@type\":\"ListItem\",\"position\":3,\"name\":\"V-Straps Foilboard Self Taping\"}]},{\"@type\":\"WebSite\",\"@id\":\"https:\/\/elevatesurf.ch\/#website\",\"url\":\"https:\/\/elevatesurf.ch\/\",\"name\":\"Elevatesurf\",\"description\":\"Surfez vers de nouveaux sommets avec ElevateSurf ! Kiteshop, Wingshop\",\"publisher\":{\"@id\":\"https:\/\/elevatesurf.ch\/#organization\"},\"potentialAction\":[{\"@type\":\"SearchAction\",\"target\":{\"@type\":\"EntryPoint\",\"urlTemplate\":\"https:\/\/elevatesurf.ch\/?s={search_term_string}\"},\"query-input\":\"required name=search_term_string\"}],\"inLanguage\":\"fr-FR\"},{\"@type\":\"Organization\",\"@id\":\"https:\/\/elevatesurf.ch\/#organization\",\"name\":\"Elevatesurf\",\"url\":\"https:\/\/elevatesurf.ch\/\",\"logo\":{\"@type\":\"ImageObject\",\"inLanguage\":\"fr-FR\",\"@id\":\"https:\/\/elevatesurf.ch\/#\/schema\/logo\/image\/\",\"url\":\"https:\/\/elevatesurf.ch\/wp-content\/uploads\/2024\/06\/67c2ec70-bdf5-4c14-898a-ded5b2051398.jpg\",\"contentUrl\":\"https:\/\/elevatesurf.ch\/wp-content\/uploads\/2024\/06\/67c2ec70-bdf5-4c14-898a-ded5b2051398.jpg\",\"width\":1024,\"height\":1024,\"caption\":\"Elevatesurf\"},\"image\":{\"@id\":\"https:\/\/elevatesurf.ch\/#\/schema\/logo\/image\/\"},\"sameAs\":[\"https:\/\/www.instagram.com\/elevate__surf\/\"]}]}<\/script>\n<!-- \/ Yoast SEO plugin. -->","yoast_head_json":{"title":"V-Straps Foilboard Self Taping - Elevatesurf","description":"Elevatesurf V-Straps Foilboard Self Taping","robots":{"index":"index","follow":"follow","max-snippet":"max-snippet:-1","max-image-preview":"max-image-preview:large","max-video-preview":"max-video-preview:-1"},"canonical":"https:\/\/elevatesurf.ch\/fr\/product\/v-straps-foilboard-self-taping\/","og_locale":"fr_FR","og_type":"article","og_title":"V-Straps Foilboard Self Taping - Elevatesurf","og_description":"Elevatesurf V-Straps Foilboard Self Taping","og_url":"https:\/\/elevatesurf.ch\/fr\/product\/v-straps-foilboard-self-taping\/","og_site_name":"Elevatesurf","article_modified_time":"2025-06-08T17:00:08+00:00","og_image":[{"width":1080,"height":1080,"url":"https:\/\/elevatesurf.ch\/wp-content\/uploads\/2025\/01\/2022-V-STRAP.png","type":"image\/png"}],"twitter_card":"summary_large_image","twitter_misc":{"Dur\u00e9e de lecture estim\u00e9e":"1 minute"},"schema":{"@context":"https:\/\/schema.org","@graph":[{"@type":["WebPage","ItemPage"],"@id":"https:\/\/elevatesurf.ch\/product\/v-straps-foilboard-self-taping\/","url":"https:\/\/elevatesurf.ch\/product\/v-straps-foilboard-self-taping\/","name":"V-Straps Foilboard Self Taping - Elevatesurf","isPartOf":{"@id":"https:\/\/elevatesurf.ch\/#website"},"primaryImageOfPage":{"@id":"https:\/\/elevatesurf.ch\/product\/v-straps-foilboard-self-taping\/#primaryimage"},"image":{"@id":"https:\/\/elevatesurf.ch\/product\/v-straps-foilboard-self-taping\/#primaryimage"},"thumbnailUrl":"https:\/\/elevatesurf.ch\/wp-content\/uploads\/2025\/01\/2022-V-STRAP.png","datePublished":"2025-01-08T07:28:56+00:00","dateModified":"2025-06-08T17:00:08+00:00","description":"Elevatesurf V-Straps Foilboard Self Taping","breadcrumb":{"@id":"https:\/\/elevatesurf.ch\/product\/v-straps-foilboard-self-taping\/#breadcrumb"},"inLanguage":"fr-FR","potentialAction":[{"@type":"ReadAction","target":["https:\/\/elevatesurf.ch\/product\/v-straps-foilboard-self-taping\/"]}]},{"@type":"ImageObject","inLanguage":"fr-FR","@id":"https:\/\/elevatesurf.ch\/product\/v-straps-foilboard-self-taping\/#primaryimage","url":"https:\/\/elevatesurf.ch\/wp-content\/uploads\/2025\/01\/2022-V-STRAP.png","contentUrl":"https:\/\/elevatesurf.ch\/wp-content\/uploads\/2025\/01\/2022-V-STRAP.png","width":1080,"height":1080},{"@type":"BreadcrumbList","@id":"https:\/\/elevatesurf.ch\/product\/v-straps-foilboard-self-taping\/#breadcrumb","itemListElement":[{"@type":"ListItem","position":1,"name":"Accueil","item":"https:\/\/elevatesurf.ch\/"},{"@type":"ListItem","position":2,"name":"Shop &#8211; \u00c9levez Votre Exp\u00e9rience de Surf avec Notre Collection","item":"https:\/\/elevatesurf.ch\/shop\/"},{"@type":"ListItem","position":3,"name":"V-Straps Foilboard Self Taping"}]},{"@type":"WebSite","@id":"https:\/\/elevatesurf.ch\/#website","url":"https:\/\/elevatesurf.ch\/","name":"Elevatesurf","description":"Surfez vers de nouveaux sommets avec ElevateSurf ! Kiteshop, Wingshop","publisher":{"@id":"https:\/\/elevatesurf.ch\/#organization"},"potentialAction":[{"@type":"SearchAction","target":{"@type":"EntryPoint","urlTemplate":"https:\/\/elevatesurf.ch\/?s={search_term_string}"},"query-input":"required name=search_term_string"}],"inLanguage":"fr-FR"},{"@type":"Organization","@id":"https:\/\/elevatesurf.ch\/#organization","name":"Elevatesurf","url":"https:\/\/elevatesurf.ch\/","logo":{"@type":"ImageObject","inLanguage":"fr-FR","@id":"https:\/\/elevatesurf.ch\/#\/schema\/logo\/image\/","url":"https:\/\/elevatesurf.ch\/wp-content\/uploads\/2024\/06\/67c2ec70-bdf5-4c14-898a-ded5b2051398.jpg","contentUrl":"https:\/\/elevatesurf.ch\/wp-content\/uploads\/2024\/06\/67c2ec70-bdf5-4c14-898a-ded5b2051398.jpg","width":1024,"height":1024,"caption":"Elevatesurf"},"image":{"@id":"https:\/\/elevatesurf.ch\/#\/schema\/logo\/image\/"},"sameAs":["https:\/\/www.instagram.com\/elevate__surf\/"]}]}},"_links":{"self":[{"href":"https:\/\/elevatesurf.ch\/fr\/wp-json\/wp\/v2\/product\/24428","targetHints":{"allow":["GET"]}}],"collection":[{"href":"https:\/\/elevatesurf.ch\/fr\/wp-json\/wp\/v2\/product"}],"about":[{"href":"https:\/\/elevatesurf.ch\/fr\/wp-json\/wp\/v2\/types\/product"}],"replies":[{"embeddable":true,"href":"https:\/\/elevatesurf.ch\/fr\/wp-json\/wp\/v2\/comments?post=24428"}],"wp:featuredmedia":[{"embeddable":true,"href":"https:\/\/elevatesurf.ch\/fr\/wp-json\/wp\/v2\/media\/24429"}],"wp:attachment":[{"href":"https:\/\/elevatesurf.ch\/fr\/wp-json\/wp\/v2\/media?parent=24428"}],"wp:term":[{"taxonomy":"product_cat","embeddable":true,"href":"https:\/\/elevatesurf.ch\/fr\/wp-json\/wp\/v2\/product_cat?post=24428"},{"taxonomy":"product_tag","embeddable":true,"href":"https:\/\/elevatesurf.ch\/fr\/wp-json\/wp\/v2\/product_tag?post=24428"}],"curies":[{"name":"wp","href":"https:\/\/api.w.org\/{rel}","templated":true}]}}