{"id":25009,"date":"2025-01-08T07:35:37","date_gmt":"2025-01-08T07:35:37","guid":{"rendered":"https:\/\/elevatesurf.ch\/product\/bandit-tec\/"},"modified":"2026-05-10T16:40:04","modified_gmt":"2026-05-10T16:40:04","slug":"bandit-tec","status":"publish","type":"product","link":"https:\/\/elevatesurf.ch\/fr\/product\/bandit-tec\/","title":{"rendered":"BANDIT TEC"},"content":{"rendered":"<h2>BANDIT TEC<\/h2>\n<p>Jederzeit, \u00fcberall, bei allen Bedingungen.<br \/>\nNach zwei Jahren Forschung und Entwicklung ist F-ONE stolz, die brandneue Ausgabe des BANDIT, unseres legend\u00e4ren Kites, zu pr\u00e4sentieren, gef\u00fcllt mit Innovationen und noch mehr Sensationen und Leistung.<\/p>\n<p>Dank unseres neuen CODE-TEC-Materials ist dieser BANDIT TEC jetzt leichter und reaktionsfreudiger als je zuvor und profitiert von neuen Design-Fortschritten.<\/p>\n<ul>\n<li>Brandneues CODE-TEC-Material an Vorderkante und Streben f\u00fcr Leichtigkeit, Reaktionsf\u00e4higkeit und Stabilit\u00e4t<\/li>\n<li>Au\u00dfergew\u00f6hnliche und pr\u00e4zise Handhabung<\/li>\n<li>Leistung \u00fcber den gesamten Windbereich garantiert<\/li>\n<li>Konstante Vorw\u00e4rtskraft f\u00fcr mehr Komfort<\/li>\n<li>M\u00fcheloses H\u00f6hefahren<\/li>\n<li>Optimierte Spr\u00fcnge und Kite-Loops<\/li>\n<li>Neues One-Pump-System f\u00fcr schnelleres Aufpumpen und einfacheres Ablassen der Luft<\/li>\n<\/ul>\n<p>&nbsp;<\/p>\n<p>Unser CODE-TEC-Material bietet eine au\u00dfergew\u00f6hnliche Kombination aus Leichtigkeit und St\u00e4rke.<br \/>\nMit weniger Dehnung und h\u00f6herer Rei\u00dffestigkeit sorgt CODE-TEC f\u00fcr eine gr\u00f6\u00dfere strukturelle Steifigkeit und minimiert die Verformung unter Belastung.<br \/>\nDies f\u00fchrt zu einem pr\u00e4ziseren und sch\u00e4rferen Gef\u00fchl sowie einer reaktionsfreudigeren Handhabung und gew\u00e4hrleistet, dass Ihr Kite seine Form bei allen Bedingungen beibeh\u00e4lt.<\/p>\n<p>Dieses Material steht im Mittelpunkt des Designs des neuen BANDIT TEC und markiert den Beginn einer neuen \u00c4ra dieses emblematischen F-ONE Kites.<br \/>\nMit einem neuen Grafikdesign ist der BANDIT TEC erneut vielseitiger denn je und passt sich perfekt an alle Disziplinen an: strapless, foil, Big Air, freeride, wave, usw.<\/p>\n<p>Reaktionsschnell und pr\u00e4zise bietet dieser BANDIT TEC eine au\u00dfergew\u00f6hnliche Handhabung, mit gen\u00fcgend Unterst\u00fctzung \u00fcber die Bar, um jede Bewegung des Kites zu sp\u00fcren, ohne Kraftaufwand.<br \/>\nBei starkem Wind positioniert sich der Kite am Rand des Windfensters und beh\u00e4lt eine konstante Vorw\u00e4rtskraft ohne seitliche Zugkr\u00e4fte bei.<\/p>\n<p>Das Ergebnis ist eine bemerkenswerte Upwind-Performance, ohne dass zu viel Kantenbelastung erforderlich ist, was Energie spart und das Board freier macht.<\/p>\n<p>Am unteren Ende bietet der BANDIT TEC maximale Unterst\u00fctzung, die gleichm\u00e4\u00dfig \u00fcber das Trapez und den R\u00fccken verteilt wird, sodass die Belastung der Arme verringert wird.<br \/>\nSie k\u00f6nnen m\u00fchelos und stabil fahren und ein leichtes Gef\u00fchl an der Bar genie\u00dfen, was jede Session unglaublich befriedigend macht.<\/p>\n<p>Spr\u00fcnge sind mit diesem BANDIT TEC ein wahres Vergn\u00fcgen.<br \/>\nDie stabile Unterst\u00fctzung \u00fcber das Trapez, kombiniert mit seiner Man\u00f6vrierf\u00e4higkeit und Reaktionsfreudigkeit, macht es einfach, den perfekten Absprung zu meistern.<br \/>\nDer Boost ist kraftvoll und vertikal, was beeindruckende Amplitude und H\u00f6he verleiht.<br \/>\nKite-Loops werden ebenfalls durch die Reaktionsfreudigkeit des Kites erleichtert.<br \/>\nDie Traktion ist perfekt ausbalanciert, sodass Sie bei jeder Windst\u00e4rke sanft landen k\u00f6nnen.<\/p>\n<p>Der BANDIT TEC kombiniert Leistung, Leichtigkeit, Man\u00f6vrierf\u00e4higkeit und Reaktionsfreudigkeit und gl\u00e4nzt in allen Disziplinen, jederzeit, bei allen Bedingungen und unabh\u00e4ngig von Ihrem K\u00f6nnen.<br \/>\nEin echtes Vergn\u00fcgen, mit diesem neuen Kite zu fahren, das einmal mehr unser kontinuierliches Engagement f\u00fcr Innovation, Qualit\u00e4t und Zug\u00e4nglichkeit unterstreicht.<\/p>\n","protected":false},"excerpt":{"rendered":"<p>Der neue BANDIT TEC ist leichter, reaktionsfreudiger und bietet au\u00dfergew\u00f6hnliche Leistung in allen Bedingungen.<br \/>\nMit dem neuen CODE-TEC-Material bietet er pr\u00e4zises Handling, starke Aufwindf\u00e4higkeiten und beeindruckende Spr\u00fcnge.<br \/>\nGeeignet f\u00fcr alle Disziplinen wie Freeride, Big Air und Wave.<\/p>\n","protected":false},"featured_media":25010,"comment_status":"closed","ping_status":"open","template":"","meta":[],"product_cat":[134,122],"product_tag":[],"class_list":{"0":"post-25009","1":"product","2":"type-product","3":"status-publish","4":"has-post-thumbnail","6":"product_cat-kites","7":"product_cat-kitesurf-ailes-planches-harnai","8":"pa_couleur-a-white-onyx","9":"pa_couleur-b-black-mint","10":"product_brand-f-one","12":"first","13":"onbackorder","14":"purchasable","15":"product-type-variable"},"yoast_head":"<!-- This site is optimized with the Yoast SEO plugin v22.8 - https:\/\/yoast.com\/wordpress\/plugins\/seo\/ -->\n<title>BANDIT TEC - Elevatesurf<\/title>\n<meta name=\"description\" content=\"Elevatesurf BANDIT TEC\" \/>\n<meta name=\"robots\" content=\"index, follow, max-snippet:-1, max-image-preview:large, max-video-preview:-1\" \/>\n<link rel=\"canonical\" href=\"https:\/\/elevatesurf.ch\/fr\/product\/bandit-tec\/\" \/>\n<meta property=\"og:locale\" content=\"fr_FR\" \/>\n<meta property=\"og:type\" content=\"article\" \/>\n<meta property=\"og:title\" content=\"BANDIT TEC - Elevatesurf\" \/>\n<meta property=\"og:description\" content=\"Elevatesurf BANDIT TEC\" \/>\n<meta property=\"og:url\" content=\"https:\/\/elevatesurf.ch\/fr\/product\/bandit-tec\/\" \/>\n<meta property=\"og:site_name\" content=\"Elevatesurf\" \/>\n<meta property=\"article:modified_time\" content=\"2026-05-10T16:40:04+00:00\" \/>\n<meta property=\"og:image\" content=\"https:\/\/elevatesurf.ch\/wp-content\/uploads\/2025\/01\/BANDIT-17-CODE-TEC-CCB.png\" \/>\n\t<meta property=\"og:image:width\" content=\"1200\" \/>\n\t<meta property=\"og:image:height\" content=\"1200\" \/>\n\t<meta property=\"og:image:type\" content=\"image\/png\" \/>\n<meta name=\"twitter:card\" content=\"summary_large_image\" \/>\n<meta name=\"twitter:label1\" content=\"Dur\u00e9e de lecture estim\u00e9e\" \/>\n\t<meta name=\"twitter:data1\" content=\"2 minutes\" \/>\n<script type=\"application\/ld+json\" class=\"yoast-schema-graph\">{\"@context\":\"https:\/\/schema.org\",\"@graph\":[{\"@type\":[\"WebPage\",\"ItemPage\"],\"@id\":\"https:\/\/elevatesurf.ch\/product\/bandit-tec\/\",\"url\":\"https:\/\/elevatesurf.ch\/product\/bandit-tec\/\",\"name\":\"BANDIT TEC - Elevatesurf\",\"isPartOf\":{\"@id\":\"https:\/\/elevatesurf.ch\/#website\"},\"primaryImageOfPage\":{\"@id\":\"https:\/\/elevatesurf.ch\/product\/bandit-tec\/#primaryimage\"},\"image\":{\"@id\":\"https:\/\/elevatesurf.ch\/product\/bandit-tec\/#primaryimage\"},\"thumbnailUrl\":\"https:\/\/elevatesurf.ch\/wp-content\/uploads\/2025\/01\/BANDIT-17-CODE-TEC-CCB.png\",\"datePublished\":\"2025-01-08T07:35:37+00:00\",\"dateModified\":\"2026-05-10T16:40:04+00:00\",\"description\":\"Elevatesurf BANDIT TEC\",\"breadcrumb\":{\"@id\":\"https:\/\/elevatesurf.ch\/product\/bandit-tec\/#breadcrumb\"},\"inLanguage\":\"fr-FR\",\"potentialAction\":[{\"@type\":\"ReadAction\",\"target\":[\"https:\/\/elevatesurf.ch\/product\/bandit-tec\/\"]}]},{\"@type\":\"ImageObject\",\"inLanguage\":\"fr-FR\",\"@id\":\"https:\/\/elevatesurf.ch\/product\/bandit-tec\/#primaryimage\",\"url\":\"https:\/\/elevatesurf.ch\/wp-content\/uploads\/2025\/01\/BANDIT-17-CODE-TEC-CCB.png\",\"contentUrl\":\"https:\/\/elevatesurf.ch\/wp-content\/uploads\/2025\/01\/BANDIT-17-CODE-TEC-CCB.png\",\"width\":1200,\"height\":1200},{\"@type\":\"BreadcrumbList\",\"@id\":\"https:\/\/elevatesurf.ch\/product\/bandit-tec\/#breadcrumb\",\"itemListElement\":[{\"@type\":\"ListItem\",\"position\":1,\"name\":\"Accueil\",\"item\":\"https:\/\/elevatesurf.ch\/\"},{\"@type\":\"ListItem\",\"position\":2,\"name\":\"Shop &#8211; \u00c9levez Votre Exp\u00e9rience de Surf avec Notre Collection\",\"item\":\"https:\/\/elevatesurf.ch\/shop\/\"},{\"@type\":\"ListItem\",\"position\":3,\"name\":\"BANDIT TEC\"}]},{\"@type\":\"WebSite\",\"@id\":\"https:\/\/elevatesurf.ch\/#website\",\"url\":\"https:\/\/elevatesurf.ch\/\",\"name\":\"Elevatesurf\",\"description\":\"Surfez vers de nouveaux sommets avec ElevateSurf ! Kiteshop, Wingshop\",\"publisher\":{\"@id\":\"https:\/\/elevatesurf.ch\/#organization\"},\"potentialAction\":[{\"@type\":\"SearchAction\",\"target\":{\"@type\":\"EntryPoint\",\"urlTemplate\":\"https:\/\/elevatesurf.ch\/?s={search_term_string}\"},\"query-input\":\"required name=search_term_string\"}],\"inLanguage\":\"fr-FR\"},{\"@type\":\"Organization\",\"@id\":\"https:\/\/elevatesurf.ch\/#organization\",\"name\":\"Elevatesurf\",\"url\":\"https:\/\/elevatesurf.ch\/\",\"logo\":{\"@type\":\"ImageObject\",\"inLanguage\":\"fr-FR\",\"@id\":\"https:\/\/elevatesurf.ch\/#\/schema\/logo\/image\/\",\"url\":\"https:\/\/elevatesurf.ch\/wp-content\/uploads\/2024\/06\/67c2ec70-bdf5-4c14-898a-ded5b2051398.jpg\",\"contentUrl\":\"https:\/\/elevatesurf.ch\/wp-content\/uploads\/2024\/06\/67c2ec70-bdf5-4c14-898a-ded5b2051398.jpg\",\"width\":1024,\"height\":1024,\"caption\":\"Elevatesurf\"},\"image\":{\"@id\":\"https:\/\/elevatesurf.ch\/#\/schema\/logo\/image\/\"},\"sameAs\":[\"https:\/\/www.instagram.com\/elevate__surf\/\"]}]}<\/script>\n<!-- \/ Yoast SEO plugin. -->","yoast_head_json":{"title":"BANDIT TEC - Elevatesurf","description":"Elevatesurf BANDIT TEC","robots":{"index":"index","follow":"follow","max-snippet":"max-snippet:-1","max-image-preview":"max-image-preview:large","max-video-preview":"max-video-preview:-1"},"canonical":"https:\/\/elevatesurf.ch\/fr\/product\/bandit-tec\/","og_locale":"fr_FR","og_type":"article","og_title":"BANDIT TEC - Elevatesurf","og_description":"Elevatesurf BANDIT TEC","og_url":"https:\/\/elevatesurf.ch\/fr\/product\/bandit-tec\/","og_site_name":"Elevatesurf","article_modified_time":"2026-05-10T16:40:04+00:00","og_image":[{"width":1200,"height":1200,"url":"https:\/\/elevatesurf.ch\/wp-content\/uploads\/2025\/01\/BANDIT-17-CODE-TEC-CCB.png","type":"image\/png"}],"twitter_card":"summary_large_image","twitter_misc":{"Dur\u00e9e de lecture estim\u00e9e":"2 minutes"},"schema":{"@context":"https:\/\/schema.org","@graph":[{"@type":["WebPage","ItemPage"],"@id":"https:\/\/elevatesurf.ch\/product\/bandit-tec\/","url":"https:\/\/elevatesurf.ch\/product\/bandit-tec\/","name":"BANDIT TEC - Elevatesurf","isPartOf":{"@id":"https:\/\/elevatesurf.ch\/#website"},"primaryImageOfPage":{"@id":"https:\/\/elevatesurf.ch\/product\/bandit-tec\/#primaryimage"},"image":{"@id":"https:\/\/elevatesurf.ch\/product\/bandit-tec\/#primaryimage"},"thumbnailUrl":"https:\/\/elevatesurf.ch\/wp-content\/uploads\/2025\/01\/BANDIT-17-CODE-TEC-CCB.png","datePublished":"2025-01-08T07:35:37+00:00","dateModified":"2026-05-10T16:40:04+00:00","description":"Elevatesurf BANDIT TEC","breadcrumb":{"@id":"https:\/\/elevatesurf.ch\/product\/bandit-tec\/#breadcrumb"},"inLanguage":"fr-FR","potentialAction":[{"@type":"ReadAction","target":["https:\/\/elevatesurf.ch\/product\/bandit-tec\/"]}]},{"@type":"ImageObject","inLanguage":"fr-FR","@id":"https:\/\/elevatesurf.ch\/product\/bandit-tec\/#primaryimage","url":"https:\/\/elevatesurf.ch\/wp-content\/uploads\/2025\/01\/BANDIT-17-CODE-TEC-CCB.png","contentUrl":"https:\/\/elevatesurf.ch\/wp-content\/uploads\/2025\/01\/BANDIT-17-CODE-TEC-CCB.png","width":1200,"height":1200},{"@type":"BreadcrumbList","@id":"https:\/\/elevatesurf.ch\/product\/bandit-tec\/#breadcrumb","itemListElement":[{"@type":"ListItem","position":1,"name":"Accueil","item":"https:\/\/elevatesurf.ch\/"},{"@type":"ListItem","position":2,"name":"Shop &#8211; \u00c9levez Votre Exp\u00e9rience de Surf avec Notre Collection","item":"https:\/\/elevatesurf.ch\/shop\/"},{"@type":"ListItem","position":3,"name":"BANDIT TEC"}]},{"@type":"WebSite","@id":"https:\/\/elevatesurf.ch\/#website","url":"https:\/\/elevatesurf.ch\/","name":"Elevatesurf","description":"Surfez vers de nouveaux sommets avec ElevateSurf ! Kiteshop, Wingshop","publisher":{"@id":"https:\/\/elevatesurf.ch\/#organization"},"potentialAction":[{"@type":"SearchAction","target":{"@type":"EntryPoint","urlTemplate":"https:\/\/elevatesurf.ch\/?s={search_term_string}"},"query-input":"required name=search_term_string"}],"inLanguage":"fr-FR"},{"@type":"Organization","@id":"https:\/\/elevatesurf.ch\/#organization","name":"Elevatesurf","url":"https:\/\/elevatesurf.ch\/","logo":{"@type":"ImageObject","inLanguage":"fr-FR","@id":"https:\/\/elevatesurf.ch\/#\/schema\/logo\/image\/","url":"https:\/\/elevatesurf.ch\/wp-content\/uploads\/2024\/06\/67c2ec70-bdf5-4c14-898a-ded5b2051398.jpg","contentUrl":"https:\/\/elevatesurf.ch\/wp-content\/uploads\/2024\/06\/67c2ec70-bdf5-4c14-898a-ded5b2051398.jpg","width":1024,"height":1024,"caption":"Elevatesurf"},"image":{"@id":"https:\/\/elevatesurf.ch\/#\/schema\/logo\/image\/"},"sameAs":["https:\/\/www.instagram.com\/elevate__surf\/"]}]}},"_links":{"self":[{"href":"https:\/\/elevatesurf.ch\/fr\/wp-json\/wp\/v2\/product\/25009","targetHints":{"allow":["GET"]}}],"collection":[{"href":"https:\/\/elevatesurf.ch\/fr\/wp-json\/wp\/v2\/product"}],"about":[{"href":"https:\/\/elevatesurf.ch\/fr\/wp-json\/wp\/v2\/types\/product"}],"replies":[{"embeddable":true,"href":"https:\/\/elevatesurf.ch\/fr\/wp-json\/wp\/v2\/comments?post=25009"}],"wp:featuredmedia":[{"embeddable":true,"href":"https:\/\/elevatesurf.ch\/fr\/wp-json\/wp\/v2\/media\/25010"}],"wp:attachment":[{"href":"https:\/\/elevatesurf.ch\/fr\/wp-json\/wp\/v2\/media?parent=25009"}],"wp:term":[{"taxonomy":"product_cat","embeddable":true,"href":"https:\/\/elevatesurf.ch\/fr\/wp-json\/wp\/v2\/product_cat?post=25009"},{"taxonomy":"product_tag","embeddable":true,"href":"https:\/\/elevatesurf.ch\/fr\/wp-json\/wp\/v2\/product_tag?post=25009"}],"curies":[{"name":"wp","href":"https:\/\/api.w.org\/{rel}","templated":true}]}}