{"id":25159,"date":"2025-01-08T07:37:42","date_gmt":"2025-01-08T07:37:42","guid":{"rendered":"https:\/\/elevatesurf.ch\/product\/platinium-3-bindings-handle-slate-flame\/"},"modified":"2026-05-14T17:52:43","modified_gmt":"2026-05-14T17:52:43","slug":"platinium-3-bindings-handle-slate-flame","status":"publish","type":"product","link":"https:\/\/elevatesurf.ch\/fr\/product\/platinium-3-bindings-handle-slate-flame\/","title":{"rendered":"PLATINIUM 3 BINDINGS + HANDLE (SLATE\/FLAME)"},"content":{"rendered":"<h3>Beschreibung<\/h3>\n<p>Die PLATINIUM3 BINDINGS sind darauf ausgelegt, den besten Kontakt mit dem Board zu gew\u00e4hrleisten und dabei alle Fu\u00dftypen zu unterst\u00fctzen.<br \/> Das Pad absorbiert St\u00f6\u00dfe, w\u00e4hrend die verstellbaren Riemen Ihre F\u00fc\u00dfe in der idealen Position halten.<br \/> Drei Gr\u00f6\u00dfen verf\u00fcgbar: S, M und L\/XL.<\/p>\n<h3>Details<\/h3>\n<ul>\n<li>Drei Achsen zur Anpassung: Winkel, Fu\u00dfposition, Standweite.<\/li>\n<li>Duale Dichte-Pads f\u00fcr optimalen Komfort: h\u00e4rtere R\u00e4nder f\u00fcr besseren Halt, weichere Mittelfl\u00e4che f\u00fcr mehr Komfort.<\/li>\n<li>Ergonomisches Design: spezifische Unterst\u00fctzung unter dem Fu\u00dfgew\u00f6lbe, breiter Fersenbereich, laterale Komfortflansche.<\/li>\n<\/ul>\n<p\/>\n","protected":false},"excerpt":{"rendered":"<p>Die PLATINIUM3 BINDINGS bieten eine herausragende Verbindung mit dem Board durch eine duale Dichte-Padkonstruktion. Ideal f\u00fcr Komfort und Kontrolle bei allen Bedingungen.<\/p>\n","protected":false},"featured_media":25160,"comment_status":"closed","ping_status":"open","template":"","meta":[],"product_cat":[122,1063],"product_tag":[],"class_list":{"0":"post-25159","1":"product","2":"type-product","3":"status-publish","4":"has-post-thumbnail","6":"product_cat-kitesurf-ailes-planches-harnai","7":"product_cat-planches-kitesurf","8":"product_brand-f-one","10":"first","11":"onbackorder","12":"sale","13":"purchasable","14":"product-type-variable"},"yoast_head":"<!-- This site is optimized with the Yoast SEO plugin v22.8 - https:\/\/yoast.com\/wordpress\/plugins\/seo\/ -->\n<title>PLATINIUM 3 BINDINGS + HANDLE | Elevatesurf<\/title>\n<meta name=\"description\" content=\"Die PLATINIUM3 BINDINGS bieten eine herausragende Verbindung mit dem Board durch eine d\u2026 Disponible chez Elevatesurf, shop wingfoil &amp; kitesurf \u00e0 Neuch\u00e2tel.\" \/>\n<meta name=\"robots\" content=\"index, follow, max-snippet:-1, max-image-preview:large, max-video-preview:-1\" \/>\n<link rel=\"canonical\" href=\"https:\/\/elevatesurf.ch\/fr\/product\/platinium-3-bindings-handle-slate-flame\/\" \/>\n<meta property=\"og:locale\" content=\"fr_FR\" \/>\n<meta property=\"og:type\" content=\"article\" \/>\n<meta property=\"og:title\" content=\"PLATINIUM 3 BINDINGS + HANDLE | Elevatesurf\" \/>\n<meta property=\"og:description\" content=\"Die PLATINIUM3 BINDINGS bieten eine herausragende Verbindung mit dem Board durch eine d\u2026 Disponible chez Elevatesurf, shop wingfoil &amp; kitesurf \u00e0 Neuch\u00e2tel.\" \/>\n<meta property=\"og:url\" content=\"https:\/\/elevatesurf.ch\/fr\/product\/platinium-3-bindings-handle-slate-flame\/\" \/>\n<meta property=\"og:site_name\" content=\"Elevatesurf\" \/>\n<meta property=\"article:modified_time\" content=\"2026-05-14T17:52:43+00:00\" \/>\n<meta property=\"og:image\" content=\"https:\/\/elevatesurf.ch\/wp-content\/uploads\/2025\/01\/platinium3-bindings-2022-650x650-1.png\" \/>\n\t<meta property=\"og:image:width\" content=\"650\" \/>\n\t<meta property=\"og:image:height\" content=\"650\" \/>\n\t<meta property=\"og:image:type\" content=\"image\/png\" \/>\n<meta name=\"twitter:card\" content=\"summary_large_image\" \/>\n<script type=\"application\/ld+json\" class=\"yoast-schema-graph\">{\"@context\":\"https:\/\/schema.org\",\"@graph\":[{\"@type\":[\"WebPage\",\"ItemPage\"],\"@id\":\"https:\/\/elevatesurf.ch\/product\/platinium-3-bindings-handle-slate-flame\/\",\"url\":\"https:\/\/elevatesurf.ch\/product\/platinium-3-bindings-handle-slate-flame\/\",\"name\":\"PLATINIUM 3 BINDINGS + HANDLE | Elevatesurf\",\"isPartOf\":{\"@id\":\"https:\/\/elevatesurf.ch\/#website\"},\"primaryImageOfPage\":{\"@id\":\"https:\/\/elevatesurf.ch\/product\/platinium-3-bindings-handle-slate-flame\/#primaryimage\"},\"image\":{\"@id\":\"https:\/\/elevatesurf.ch\/product\/platinium-3-bindings-handle-slate-flame\/#primaryimage\"},\"thumbnailUrl\":\"https:\/\/elevatesurf.ch\/wp-content\/uploads\/2025\/01\/platinium3-bindings-2022-650x650-1.png\",\"datePublished\":\"2025-01-08T07:37:42+00:00\",\"dateModified\":\"2026-05-14T17:52:43+00:00\",\"description\":\"Die PLATINIUM3 BINDINGS bieten eine herausragende Verbindung mit dem Board durch eine d\u2026 Disponible chez Elevatesurf, shop wingfoil & kitesurf \u00e0 Neuch\u00e2tel.\",\"breadcrumb\":{\"@id\":\"https:\/\/elevatesurf.ch\/product\/platinium-3-bindings-handle-slate-flame\/#breadcrumb\"},\"inLanguage\":\"fr-FR\",\"potentialAction\":[{\"@type\":\"ReadAction\",\"target\":[\"https:\/\/elevatesurf.ch\/product\/platinium-3-bindings-handle-slate-flame\/\"]}]},{\"@type\":\"ImageObject\",\"inLanguage\":\"fr-FR\",\"@id\":\"https:\/\/elevatesurf.ch\/product\/platinium-3-bindings-handle-slate-flame\/#primaryimage\",\"url\":\"https:\/\/elevatesurf.ch\/wp-content\/uploads\/2025\/01\/platinium3-bindings-2022-650x650-1.png\",\"contentUrl\":\"https:\/\/elevatesurf.ch\/wp-content\/uploads\/2025\/01\/platinium3-bindings-2022-650x650-1.png\",\"width\":650,\"height\":650,\"caption\":\"F-One PLATINIUM 3 BINDINGS + HANDLE (SLATE\/FLAME) | Elevatesurf\"},{\"@type\":\"BreadcrumbList\",\"@id\":\"https:\/\/elevatesurf.ch\/product\/platinium-3-bindings-handle-slate-flame\/#breadcrumb\",\"itemListElement\":[{\"@type\":\"ListItem\",\"position\":1,\"name\":\"Accueil\",\"item\":\"https:\/\/elevatesurf.ch\/\"},{\"@type\":\"ListItem\",\"position\":2,\"name\":\"Boutique \u2013 Wingfoil, Kitesurf &#038; Accessoires\",\"item\":\"https:\/\/elevatesurf.ch\/shop\/\"},{\"@type\":\"ListItem\",\"position\":3,\"name\":\"PLATINIUM 3 BINDINGS + HANDLE (SLATE\/FLAME)\"}]},{\"@type\":\"WebSite\",\"@id\":\"https:\/\/elevatesurf.ch\/#website\",\"url\":\"https:\/\/elevatesurf.ch\/\",\"name\":\"Elevatesurf\",\"description\":\"Surfez vers de nouveaux sommets avec ElevateSurf ! Kiteshop, Wingshop\",\"publisher\":{\"@id\":\"https:\/\/elevatesurf.ch\/#organization\"},\"potentialAction\":[{\"@type\":\"SearchAction\",\"target\":{\"@type\":\"EntryPoint\",\"urlTemplate\":\"https:\/\/elevatesurf.ch\/?s={search_term_string}\"},\"query-input\":\"required name=search_term_string\"}],\"inLanguage\":\"fr-FR\"},{\"@type\":\"Organization\",\"@id\":\"https:\/\/elevatesurf.ch\/#organization\",\"name\":\"Elevatesurf\",\"url\":\"https:\/\/elevatesurf.ch\/\",\"logo\":{\"@type\":\"ImageObject\",\"inLanguage\":\"fr-FR\",\"@id\":\"https:\/\/elevatesurf.ch\/#\/schema\/logo\/image\/\",\"url\":\"https:\/\/elevatesurf.ch\/wp-content\/uploads\/2024\/06\/67c2ec70-bdf5-4c14-898a-ded5b2051398.jpg\",\"contentUrl\":\"https:\/\/elevatesurf.ch\/wp-content\/uploads\/2024\/06\/67c2ec70-bdf5-4c14-898a-ded5b2051398.jpg\",\"width\":1024,\"height\":1024,\"caption\":\"Elevatesurf\"},\"image\":{\"@id\":\"https:\/\/elevatesurf.ch\/#\/schema\/logo\/image\/\"},\"sameAs\":[\"https:\/\/www.instagram.com\/elevate__surf\/\"]}]}<\/script>\n<!-- \/ Yoast SEO plugin. -->","yoast_head_json":{"title":"PLATINIUM 3 BINDINGS + HANDLE | Elevatesurf","description":"Die PLATINIUM3 BINDINGS bieten eine herausragende Verbindung mit dem Board durch eine d\u2026 Disponible chez Elevatesurf, shop wingfoil & kitesurf \u00e0 Neuch\u00e2tel.","robots":{"index":"index","follow":"follow","max-snippet":"max-snippet:-1","max-image-preview":"max-image-preview:large","max-video-preview":"max-video-preview:-1"},"canonical":"https:\/\/elevatesurf.ch\/fr\/product\/platinium-3-bindings-handle-slate-flame\/","og_locale":"fr_FR","og_type":"article","og_title":"PLATINIUM 3 BINDINGS + HANDLE | Elevatesurf","og_description":"Die PLATINIUM3 BINDINGS bieten eine herausragende Verbindung mit dem Board durch eine d\u2026 Disponible chez Elevatesurf, shop wingfoil & kitesurf \u00e0 Neuch\u00e2tel.","og_url":"https:\/\/elevatesurf.ch\/fr\/product\/platinium-3-bindings-handle-slate-flame\/","og_site_name":"Elevatesurf","article_modified_time":"2026-05-14T17:52:43+00:00","og_image":[{"width":650,"height":650,"url":"https:\/\/elevatesurf.ch\/wp-content\/uploads\/2025\/01\/platinium3-bindings-2022-650x650-1.png","type":"image\/png"}],"twitter_card":"summary_large_image","schema":{"@context":"https:\/\/schema.org","@graph":[{"@type":["WebPage","ItemPage"],"@id":"https:\/\/elevatesurf.ch\/product\/platinium-3-bindings-handle-slate-flame\/","url":"https:\/\/elevatesurf.ch\/product\/platinium-3-bindings-handle-slate-flame\/","name":"PLATINIUM 3 BINDINGS + HANDLE | Elevatesurf","isPartOf":{"@id":"https:\/\/elevatesurf.ch\/#website"},"primaryImageOfPage":{"@id":"https:\/\/elevatesurf.ch\/product\/platinium-3-bindings-handle-slate-flame\/#primaryimage"},"image":{"@id":"https:\/\/elevatesurf.ch\/product\/platinium-3-bindings-handle-slate-flame\/#primaryimage"},"thumbnailUrl":"https:\/\/elevatesurf.ch\/wp-content\/uploads\/2025\/01\/platinium3-bindings-2022-650x650-1.png","datePublished":"2025-01-08T07:37:42+00:00","dateModified":"2026-05-14T17:52:43+00:00","description":"Die PLATINIUM3 BINDINGS bieten eine herausragende Verbindung mit dem Board durch eine d\u2026 Disponible chez Elevatesurf, shop wingfoil & kitesurf \u00e0 Neuch\u00e2tel.","breadcrumb":{"@id":"https:\/\/elevatesurf.ch\/product\/platinium-3-bindings-handle-slate-flame\/#breadcrumb"},"inLanguage":"fr-FR","potentialAction":[{"@type":"ReadAction","target":["https:\/\/elevatesurf.ch\/product\/platinium-3-bindings-handle-slate-flame\/"]}]},{"@type":"ImageObject","inLanguage":"fr-FR","@id":"https:\/\/elevatesurf.ch\/product\/platinium-3-bindings-handle-slate-flame\/#primaryimage","url":"https:\/\/elevatesurf.ch\/wp-content\/uploads\/2025\/01\/platinium3-bindings-2022-650x650-1.png","contentUrl":"https:\/\/elevatesurf.ch\/wp-content\/uploads\/2025\/01\/platinium3-bindings-2022-650x650-1.png","width":650,"height":650,"caption":"F-One PLATINIUM 3 BINDINGS + HANDLE (SLATE\/FLAME) | Elevatesurf"},{"@type":"BreadcrumbList","@id":"https:\/\/elevatesurf.ch\/product\/platinium-3-bindings-handle-slate-flame\/#breadcrumb","itemListElement":[{"@type":"ListItem","position":1,"name":"Accueil","item":"https:\/\/elevatesurf.ch\/"},{"@type":"ListItem","position":2,"name":"Boutique \u2013 Wingfoil, Kitesurf &#038; Accessoires","item":"https:\/\/elevatesurf.ch\/shop\/"},{"@type":"ListItem","position":3,"name":"PLATINIUM 3 BINDINGS + HANDLE (SLATE\/FLAME)"}]},{"@type":"WebSite","@id":"https:\/\/elevatesurf.ch\/#website","url":"https:\/\/elevatesurf.ch\/","name":"Elevatesurf","description":"Surfez vers de nouveaux sommets avec ElevateSurf ! Kiteshop, Wingshop","publisher":{"@id":"https:\/\/elevatesurf.ch\/#organization"},"potentialAction":[{"@type":"SearchAction","target":{"@type":"EntryPoint","urlTemplate":"https:\/\/elevatesurf.ch\/?s={search_term_string}"},"query-input":"required name=search_term_string"}],"inLanguage":"fr-FR"},{"@type":"Organization","@id":"https:\/\/elevatesurf.ch\/#organization","name":"Elevatesurf","url":"https:\/\/elevatesurf.ch\/","logo":{"@type":"ImageObject","inLanguage":"fr-FR","@id":"https:\/\/elevatesurf.ch\/#\/schema\/logo\/image\/","url":"https:\/\/elevatesurf.ch\/wp-content\/uploads\/2024\/06\/67c2ec70-bdf5-4c14-898a-ded5b2051398.jpg","contentUrl":"https:\/\/elevatesurf.ch\/wp-content\/uploads\/2024\/06\/67c2ec70-bdf5-4c14-898a-ded5b2051398.jpg","width":1024,"height":1024,"caption":"Elevatesurf"},"image":{"@id":"https:\/\/elevatesurf.ch\/#\/schema\/logo\/image\/"},"sameAs":["https:\/\/www.instagram.com\/elevate__surf\/"]}]}},"_links":{"self":[{"href":"https:\/\/elevatesurf.ch\/fr\/wp-json\/wp\/v2\/product\/25159","targetHints":{"allow":["GET"]}}],"collection":[{"href":"https:\/\/elevatesurf.ch\/fr\/wp-json\/wp\/v2\/product"}],"about":[{"href":"https:\/\/elevatesurf.ch\/fr\/wp-json\/wp\/v2\/types\/product"}],"replies":[{"embeddable":true,"href":"https:\/\/elevatesurf.ch\/fr\/wp-json\/wp\/v2\/comments?post=25159"}],"wp:featuredmedia":[{"embeddable":true,"href":"https:\/\/elevatesurf.ch\/fr\/wp-json\/wp\/v2\/media\/25160"}],"wp:attachment":[{"href":"https:\/\/elevatesurf.ch\/fr\/wp-json\/wp\/v2\/media?parent=25159"}],"wp:term":[{"taxonomy":"product_cat","embeddable":true,"href":"https:\/\/elevatesurf.ch\/fr\/wp-json\/wp\/v2\/product_cat?post=25159"},{"taxonomy":"product_tag","embeddable":true,"href":"https:\/\/elevatesurf.ch\/fr\/wp-json\/wp\/v2\/product_tag?post=25159"}],"curies":[{"name":"wp","href":"https:\/\/api.w.org\/{rel}","templated":true}]}}